{"id":10662,"date":"2023-03-26T16:50:21","date_gmt":"2023-03-26T14:50:21","guid":{"rendered":"https:\/\/www.albergominerva.it\/?page_id=10662"},"modified":"2023-03-26T16:50:23","modified_gmt":"2023-03-26T14:50:23","slug":"hotel-en-siena-para-ver-monteriggioni","status":"publish","type":"page","link":"https:\/\/www.albergominerva.it\/es\/hotel-en-siena-para-ver-monteriggioni\/","title":{"rendered":"Hotel en Siena Para ver Monteriggioni"},"content":{"rendered":"\n<p><strong>Monteriggioni es el pueblo medieval fortificado m\u00e1s hermoso de Italia e incluso te permite dar un paseo directamente sobre sus antiguas murallas.<\/strong><\/p>\n\n\n\n<figure class=\"wp-block-image size-full\"><img loading=\"lazy\" decoding=\"async\" width=\"640\" height=\"343\" src=\"https:\/\/www.albergominerva.it\/wp-content\/uploads\/2022\/06\/monteriggioni.jpg\" alt=\"\" class=\"wp-image-9630\" srcset=\"https:\/\/www.albergominerva.it\/wp-content\/uploads\/2022\/06\/monteriggioni.jpg 640w, https:\/\/www.albergominerva.it\/wp-content\/uploads\/2022\/06\/monteriggioni-300x161.jpg 300w\" sizes=\"auto, (max-width: 640px) 100vw, 640px\" \/><\/figure>\n\n\n\n<p>Sus 14 torres, tambi\u00e9n visibles desde la carretera adyacente, se mantienen pr\u00e1cticamente intactas con restauraciones peri\u00f3dicas para mantener su belleza para siempre.<\/p>\n\n\n\n<p><strong>La plaza principal del pueblo se llama Piazza Roma y en su interior permite visitar la peque\u00f1a iglesia de Santa Maria della Pieve, una peque\u00f1a joya donde rezar y percibir la m\u00e1xima serenidad interior.<\/strong><\/p>\n\n\n\n<p>Desde este punto de vista, si desea salir de Siena para descubrir Monteriggioni, le recomendamos reservar el Hotel Minerva, nuestro hotel de 3 estrellas en el centro de Siena, a pocos minutos de la Piazza del Campo y justo fuera del \u00e1rea de tr\u00e1fico limitado para para salir a la autopista y llegar a Monteriggioni en menos de 15 minutos.<\/p>\n\n\n\n<p>Dotado de bar, ascensor y parking privado cerrado de pago, con entrada directa al hotel y con 20 plazas disponibles, el Hotel Minerva dispone de 56 habitaciones climatizadas, todas diferentes, con conexi\u00f3n wifi y que se dividen en easy-econ\u00f3mica, elegante- est\u00e1ndar, superior y junior-suite, cada una con sus particularidades.<\/p>\n\n\n\n<p><a href=\"https:\/\/www.albergominerva.it\/es\/habitaciones\/habitacion-baratas-siena-centro\/\">Las habitaciones Easy<\/a>, con cama de matrimonio o dos camas individuales bajo petici\u00f3n, est\u00e1n situadas en el interior, no dan al centro hist\u00f3rico y son amplias a partir de 16 m\u00b2.<\/p>\n\n\n\n<p><a href=\"https:\/\/www.albergominerva.it\/es\/habitaciones\/habitacion-standard-siena-centro\/\">Las habitaciones Elegant Standard<\/a>, con muebles modernos y tonos pastel en las paredes, todas tienen vista al centro hist\u00f3rico de Siena y son amplias a partir de 19 m\u00b2. Se dividen en individuales y dobles, y pueden alojar hasta un m\u00e1ximo de 4 personas.<\/p>\n\n\n\n<p><a href=\"https:\/\/www.albergominerva.it\/es\/habitaciones\/habitacion-superior-siena-centro\/\">Las Habitaciones Superiores<\/a> todas tienen vista a la Bas\u00edlica de San Francesco, la Bas\u00edlica de Provenzano y la Porta Ovile y tienen un \u00e1rea a partir del tama\u00f1o de 19 m\u00b2.<\/p>\n\n\n\n<p><a href=\"https:\/\/www.albergominerva.it\/es\/habitaciones\/junior-suite-siena-centro\/\">Las Junior Suites Dobles<\/a> tienen vista al centro hist\u00f3rico de Siena, tienen una superficie a partir de 19 m\u00b2 y est\u00e1n equipadas con una peque\u00f1a terraza. Adem\u00e1s, estas habitaciones est\u00e1n todas equipadas con cama de matrimonio y, bajo petici\u00f3n, con dos camas separadas.<\/p>\n\n\n\n<p>Por lo tanto, podr\u00e1 elegir entre muchas opciones, todas equipadas con wifi para su estad\u00eda por diversi\u00f3n o por trabajo.<\/p>\n\n\n\n<p>Adem\u00e1s, el Hotel Minerva, en sus salas internas, exhibe peri\u00f3dicamente una verdadera galer\u00eda de arte contempor\u00e1neo que exhibe obras de artistas sieneses.<\/p>\n\n\n\n<p>Nuestro hotel es silencioso, y es ideal para familias con ni\u00f1os; de hecho, tambi\u00e9n disponemos de cunas, adem\u00e1s de calienta biberones, esterilizador y ludoteca en su interior.<\/p>\n\n\n\n<p>El hotel Minerva tambi\u00e9n cuenta con un marco ideal para reuniones de negocios ya que est\u00e1 equipado con conexi\u00f3n wifi y una sala de reuniones con vista al centro hist\u00f3rico de la ciudad, con capacidad para 40 personas y equipada con TV LED, videoproyector, retroproyector y todo el equipo principal.<\/p>\n\n\n\n<p><strong>En cuanto al desayuno, nuestro hotel ofrece un sabroso desayuno, italiano, internacional y con aut\u00e9nticas mermeladas de calidad.<\/strong><\/p>\n\n\n\n<p>El Hotel Minerva reserva un amplio garaje vigilado para sus hu\u00e9spedes para coches, motos y bicicletas. El garaje est\u00e1 ubicado justo fuera del \u00e1rea de tr\u00e1fico restringido y es un servicio pago.<\/p>\n\n\n\n<p>Puede encontrar el Hotel en Siena en Via Garibaldi, 72, a 2 minutos en coche desde la estaci\u00f3n y 7 minutos a pie.<\/p>\n\n\n\n<p><strong>Para reservar nuestro hotel en el centro de Siena para descubrir Monteriggioni<\/strong>, haga clic en Reservar en la parte superior derecha o llame al n\u00famero de tel\u00e9fono 0577.284474 o env\u00ede un correo electr\u00f3nico a info@albergominerva.it.<\/p>\n","protected":false},"excerpt":{"rendered":"<p>Monteriggioni es el pueblo medieval fortificado m\u00e1s hermoso de Italia e incluso te permite dar un paseo directamente sobre sus<\/p>\n","protected":false},"author":3,"featured_media":0,"parent":0,"menu_order":0,"comment_status":"closed","ping_status":"closed","template":"","meta":{"_acf_changed":false,"footnotes":""},"class_list":["post-10662","page","type-page","status-publish","hentry"],"acf":[],"yoast_head":"<!-- This site is optimized with the Yoast SEO plugin v27.4 - https:\/\/yoast.com\/product\/yoast-seo-wordpress\/ -->\n<title>Hotel en Siena Para ver Monteriggioni - Hotel Minerva Siena<\/title>\n<meta name=\"robots\" content=\"index, follow, max-snippet:-1, max-image-preview:large, max-video-preview:-1\" \/>\n<link rel=\"canonical\" href=\"https:\/\/www.albergominerva.it\/es\/hotel-en-siena-para-ver-monteriggioni\/\" \/>\n<meta property=\"og:locale\" content=\"es_ES\" \/>\n<meta property=\"og:type\" content=\"article\" \/>\n<meta property=\"og:title\" content=\"Hotel en Siena Para ver Monteriggioni - Hotel Minerva Siena\" \/>\n<meta property=\"og:description\" content=\"Monteriggioni es el pueblo medieval fortificado m\u00e1s hermoso de Italia e incluso te permite dar un paseo directamente sobre sus\" \/>\n<meta property=\"og:url\" content=\"https:\/\/www.albergominerva.it\/es\/hotel-en-siena-para-ver-monteriggioni\/\" \/>\n<meta property=\"og:site_name\" content=\"Hotel Minerva Siena\" \/>\n<meta property=\"article:modified_time\" content=\"2023-03-26T14:50:23+00:00\" \/>\n<meta property=\"og:image\" content=\"https:\/\/www.albergominerva.it\/wp-content\/uploads\/2022\/06\/monteriggioni.jpg\" \/>\n<meta name=\"twitter:card\" content=\"summary_large_image\" \/>\n<meta name=\"twitter:label1\" content=\"Tiempo de lectura\" \/>\n\t<meta name=\"twitter:data1\" content=\"4 minutos\" \/>\n<script type=\"application\/ld+json\" class=\"yoast-schema-graph\">{\"@context\":\"https:\\\/\\\/schema.org\",\"@graph\":[{\"@type\":\"WebPage\",\"@id\":\"https:\\\/\\\/www.albergominerva.it\\\/es\\\/hotel-en-siena-para-ver-monteriggioni\\\/\",\"url\":\"https:\\\/\\\/www.albergominerva.it\\\/es\\\/hotel-en-siena-para-ver-monteriggioni\\\/\",\"name\":\"Hotel en Siena Para ver Monteriggioni - Hotel Minerva Siena\",\"isPartOf\":{\"@id\":\"https:\\\/\\\/www.albergominerva.it\\\/es\\\/#website\"},\"primaryImageOfPage\":{\"@id\":\"https:\\\/\\\/www.albergominerva.it\\\/es\\\/hotel-en-siena-para-ver-monteriggioni\\\/#primaryimage\"},\"image\":{\"@id\":\"https:\\\/\\\/www.albergominerva.it\\\/es\\\/hotel-en-siena-para-ver-monteriggioni\\\/#primaryimage\"},\"thumbnailUrl\":\"https:\\\/\\\/www.albergominerva.it\\\/wp-content\\\/uploads\\\/2022\\\/06\\\/monteriggioni.jpg\",\"datePublished\":\"2023-03-26T14:50:21+00:00\",\"dateModified\":\"2023-03-26T14:50:23+00:00\",\"breadcrumb\":{\"@id\":\"https:\\\/\\\/www.albergominerva.it\\\/es\\\/hotel-en-siena-para-ver-monteriggioni\\\/#breadcrumb\"},\"inLanguage\":\"es\",\"potentialAction\":[{\"@type\":\"ReadAction\",\"target\":[\"https:\\\/\\\/www.albergominerva.it\\\/es\\\/hotel-en-siena-para-ver-monteriggioni\\\/\"]}]},{\"@type\":\"ImageObject\",\"inLanguage\":\"es\",\"@id\":\"https:\\\/\\\/www.albergominerva.it\\\/es\\\/hotel-en-siena-para-ver-monteriggioni\\\/#primaryimage\",\"url\":\"https:\\\/\\\/www.albergominerva.it\\\/wp-content\\\/uploads\\\/2022\\\/06\\\/monteriggioni.jpg\",\"contentUrl\":\"https:\\\/\\\/www.albergominerva.it\\\/wp-content\\\/uploads\\\/2022\\\/06\\\/monteriggioni.jpg\"},{\"@type\":\"BreadcrumbList\",\"@id\":\"https:\\\/\\\/www.albergominerva.it\\\/es\\\/hotel-en-siena-para-ver-monteriggioni\\\/#breadcrumb\",\"itemListElement\":[{\"@type\":\"ListItem\",\"position\":1,\"name\":\"Home\",\"item\":\"https:\\\/\\\/www.albergominerva.it\\\/es\\\/\"},{\"@type\":\"ListItem\",\"position\":2,\"name\":\"Hotel en Siena Para ver Monteriggioni\"}]},{\"@type\":\"WebSite\",\"@id\":\"https:\\\/\\\/www.albergominerva.it\\\/es\\\/#website\",\"url\":\"https:\\\/\\\/www.albergominerva.it\\\/es\\\/\",\"name\":\"Hotel Minerva Siena\",\"description\":\"Hotel in Centro Storico a Siena - Toscana - Italy\",\"potentialAction\":[{\"@type\":\"SearchAction\",\"target\":{\"@type\":\"EntryPoint\",\"urlTemplate\":\"https:\\\/\\\/www.albergominerva.it\\\/es\\\/?s={search_term_string}\"},\"query-input\":{\"@type\":\"PropertyValueSpecification\",\"valueRequired\":true,\"valueName\":\"search_term_string\"}}],\"inLanguage\":\"es\"}]}<\/script>\n<!-- \/ Yoast SEO plugin. -->","yoast_head_json":{"title":"Hotel en Siena Para ver Monteriggioni - Hotel Minerva Siena","robots":{"index":"index","follow":"follow","max-snippet":"max-snippet:-1","max-image-preview":"max-image-preview:large","max-video-preview":"max-video-preview:-1"},"canonical":"https:\/\/www.albergominerva.it\/es\/hotel-en-siena-para-ver-monteriggioni\/","og_locale":"es_ES","og_type":"article","og_title":"Hotel en Siena Para ver Monteriggioni - Hotel Minerva Siena","og_description":"Monteriggioni es el pueblo medieval fortificado m\u00e1s hermoso de Italia e incluso te permite dar un paseo directamente sobre sus","og_url":"https:\/\/www.albergominerva.it\/es\/hotel-en-siena-para-ver-monteriggioni\/","og_site_name":"Hotel Minerva Siena","article_modified_time":"2023-03-26T14:50:23+00:00","og_image":[{"url":"https:\/\/www.albergominerva.it\/wp-content\/uploads\/2022\/06\/monteriggioni.jpg","type":"","width":"","height":""}],"twitter_card":"summary_large_image","twitter_misc":{"Tiempo de lectura":"4 minutos"},"schema":{"@context":"https:\/\/schema.org","@graph":[{"@type":"WebPage","@id":"https:\/\/www.albergominerva.it\/es\/hotel-en-siena-para-ver-monteriggioni\/","url":"https:\/\/www.albergominerva.it\/es\/hotel-en-siena-para-ver-monteriggioni\/","name":"Hotel en Siena Para ver Monteriggioni - Hotel Minerva Siena","isPartOf":{"@id":"https:\/\/www.albergominerva.it\/es\/#website"},"primaryImageOfPage":{"@id":"https:\/\/www.albergominerva.it\/es\/hotel-en-siena-para-ver-monteriggioni\/#primaryimage"},"image":{"@id":"https:\/\/www.albergominerva.it\/es\/hotel-en-siena-para-ver-monteriggioni\/#primaryimage"},"thumbnailUrl":"https:\/\/www.albergominerva.it\/wp-content\/uploads\/2022\/06\/monteriggioni.jpg","datePublished":"2023-03-26T14:50:21+00:00","dateModified":"2023-03-26T14:50:23+00:00","breadcrumb":{"@id":"https:\/\/www.albergominerva.it\/es\/hotel-en-siena-para-ver-monteriggioni\/#breadcrumb"},"inLanguage":"es","potentialAction":[{"@type":"ReadAction","target":["https:\/\/www.albergominerva.it\/es\/hotel-en-siena-para-ver-monteriggioni\/"]}]},{"@type":"ImageObject","inLanguage":"es","@id":"https:\/\/www.albergominerva.it\/es\/hotel-en-siena-para-ver-monteriggioni\/#primaryimage","url":"https:\/\/www.albergominerva.it\/wp-content\/uploads\/2022\/06\/monteriggioni.jpg","contentUrl":"https:\/\/www.albergominerva.it\/wp-content\/uploads\/2022\/06\/monteriggioni.jpg"},{"@type":"BreadcrumbList","@id":"https:\/\/www.albergominerva.it\/es\/hotel-en-siena-para-ver-monteriggioni\/#breadcrumb","itemListElement":[{"@type":"ListItem","position":1,"name":"Home","item":"https:\/\/www.albergominerva.it\/es\/"},{"@type":"ListItem","position":2,"name":"Hotel en Siena Para ver Monteriggioni"}]},{"@type":"WebSite","@id":"https:\/\/www.albergominerva.it\/es\/#website","url":"https:\/\/www.albergominerva.it\/es\/","name":"Hotel Minerva Siena","description":"Hotel in Centro Storico a Siena - Toscana - Italy","potentialAction":[{"@type":"SearchAction","target":{"@type":"EntryPoint","urlTemplate":"https:\/\/www.albergominerva.it\/es\/?s={search_term_string}"},"query-input":{"@type":"PropertyValueSpecification","valueRequired":true,"valueName":"search_term_string"}}],"inLanguage":"es"}]}},"_links":{"self":[{"href":"https:\/\/www.albergominerva.it\/es\/wp-json\/wp\/v2\/pages\/10662","targetHints":{"allow":["GET"]}}],"collection":[{"href":"https:\/\/www.albergominerva.it\/es\/wp-json\/wp\/v2\/pages"}],"about":[{"href":"https:\/\/www.albergominerva.it\/es\/wp-json\/wp\/v2\/types\/page"}],"author":[{"embeddable":true,"href":"https:\/\/www.albergominerva.it\/es\/wp-json\/wp\/v2\/users\/3"}],"replies":[{"embeddable":true,"href":"https:\/\/www.albergominerva.it\/es\/wp-json\/wp\/v2\/comments?post=10662"}],"version-history":[{"count":1,"href":"https:\/\/www.albergominerva.it\/es\/wp-json\/wp\/v2\/pages\/10662\/revisions"}],"predecessor-version":[{"id":10677,"href":"https:\/\/www.albergominerva.it\/es\/wp-json\/wp\/v2\/pages\/10662\/revisions\/10677"}],"wp:attachment":[{"href":"https:\/\/www.albergominerva.it\/es\/wp-json\/wp\/v2\/media?parent=10662"}],"curies":[{"name":"wp","href":"https:\/\/api.w.org\/{rel}","templated":true}]}}