{"id":10678,"date":"2023-03-26T16:54:44","date_gmt":"2023-03-26T14:54:44","guid":{"rendered":"https:\/\/www.albergominerva.it\/?page_id=10678"},"modified":"2023-03-26T16:54:46","modified_gmt":"2023-03-26T14:54:46","slug":"hotel-en-siena-para-visitar-pienza","status":"publish","type":"page","link":"https:\/\/www.albergominerva.it\/es\/hotel-en-siena-para-visitar-pienza\/","title":{"rendered":"Hotel en Siena Para Visitar Pienza"},"content":{"rendered":"\n<p><strong>Pienza es uno de los pueblos medievales m\u00e1s bellos e intensos de la provincia de Siena para visitar.<\/strong><\/p>\n\n\n\n<figure class=\"wp-block-image size-full\"><img loading=\"lazy\" decoding=\"async\" width=\"640\" height=\"428\" src=\"https:\/\/www.albergominerva.it\/wp-content\/uploads\/2022\/06\/Pienza.jpg\" alt=\"\" class=\"wp-image-9621\" srcset=\"https:\/\/www.albergominerva.it\/wp-content\/uploads\/2022\/06\/Pienza.jpg 640w, https:\/\/www.albergominerva.it\/wp-content\/uploads\/2022\/06\/Pienza-300x201.jpg 300w\" sizes=\"auto, (max-width: 640px) 100vw, 640px\" \/><\/figure>\n\n\n\n<p>Fue el Papa P\u00edo II quien encarg\u00f3 al arquitecto Leon Battista Alberti que la construyera en tres a\u00f1os sobre los cimientos de un pueblo llamado Corsignano.<\/p>\n\n\n\n<p>Entrar en Pienza es literalmente sumergirse en un s\u00edmbolo de antigua armon\u00eda y belleza, con una maravillosa calle principal, el Corso Rossellino que atraviesa toda la ciudad y luego desemboca en la plaza principal, la Pizza Pio II de forma trapezoidal y equipada con espina de pescado.<\/p>\n\n\n\n<p><strong>Para visitar absolutamente son la Catedral, el Ayuntamiento y la Piazza Piccolomini.<\/strong><\/p>\n\n\n\n<p>Desde este punto de vista, si desea salir de Siena y luego hacer un recorrido por este maravilloso pueblo medieval, le recomendamos reservar el Hotel Minerva, nuestro espl\u00e9ndido hotel de 3 estrellas en el centro de Siena, a pocos minutos de Piazza del Campo y a las afueras de la zona ZTL para salir r\u00e1pidamente a la autopista.<\/p>\n\n\n\n<p>Dotado de bar, ascensor y parking privado cubierto de pago, con entrada directa al hotel y 20 plazas disponibles, el Hotel Minerva incluye dentro de sus instalaciones 56 habitaciones climatizadas, todas diferentes, con conexi\u00f3n wifi y se dividen en easy-economic , elegante est\u00e1ndar, habitaci\u00f3n superior y junior-suite, cada una con sus propias comodidades.<\/p>\n\n\n\n<p><a href=\"https:\/\/www.albergominerva.it\/es\/habitaciones\/habitacion-baratas-siena-centro\/\">Las habitaciones Easy<\/a>, con cama de matrimonio o dos camas individuales bajo petici\u00f3n, est\u00e1n situadas en el interior, no dan al centro hist\u00f3rico y son amplias a partir de los 16 m\u00b2.<\/p>\n\n\n\n<p><a href=\"https:\/\/www.albergominerva.it\/es\/habitaciones\/habitacion-standard-siena-centro\/\">Las habitaciones Elegant Standard<\/a>, con muebles modernos y tonos pastel en las paredes, todas tienen vista al centro hist\u00f3rico de Siena y tienen una superficie a partir de 19 m\u00b2. Se dividen en individuales y dobles, y pueden alojar hasta un m\u00e1ximo de 4 personas.<\/p>\n\n\n\n<p><a href=\"https:\/\/www.albergominerva.it\/es\/habitaciones\/habitacion-superior-siena-centro\/\">Las Habitaciones Superiores<\/a> todas tienen vista a la Bas\u00edlica de San Francesco, la Bas\u00edlica de Provenzano y la Porta Ovile y tienen una superficie a partir de 19 m\u00b2.<\/p>\n\n\n\n<p><a href=\"https:\/\/www.albergominerva.it\/es\/habitaciones\/junior-suite-siena-centro\/\">Las Junior Suites Dobles<\/a> tienen vista al centro hist\u00f3rico de Siena, tienen una superficie a partir de 19 m\u00b2 y est\u00e1n equipadas con una peque\u00f1a terraza. Estas habitaciones, pues, est\u00e1n todas equipadas con cama de matrimonio y bajo petici\u00f3n con dos camas separadas.<\/p>\n\n\n\n<p><strong>A continuaci\u00f3n, podr\u00e1 elegir entre numerosas soluciones, todas equipadas con wifi para su estancia por diversi\u00f3n o por trabajo.<\/strong><\/p>\n\n\n\n<p>Nuestro hotel es tranquilo y es perfecto para padres con ni\u00f1os; de hecho, tambi\u00e9n disponemos de cunas, adem\u00e1s de calienta biberones, esterilizador y ludoteca interna.<\/p>\n\n\n\n<p>En cuanto al desayuno, nuestro hotel ofrece un apetitoso desayuno, italiano, internacional y aderezado con mermeladas naturales y de calidad.<\/p>\n\n\n\n<p>El Hotel Minerva reserva un amplio garaje vigilado para sus hu\u00e9spedes para coches, motos y bicicletas. El garaje est\u00e1 justo fuera de la zona de tr\u00e1fico restringido y es un servicio de pago.<\/p>\n\n\n\n<p><strong>Puede encontrar el Hotel en Siena en Via Garibaldi, 72, a 2 minutos en coche de la estaci\u00f3n de tren y a 7 minutos a pie.<\/strong><\/p>\n\n\n\n<p>Para reservar nuestro hotel en el centro de Siena con estacionamiento para salir a descubrir Pienza, haga clic en Reservar en la parte superior derecha o llame al 0577.284474 o env\u00ede un correo electr\u00f3nico a info@albergominerva.it.<\/p>\n\n\n\n<p><\/p>\n","protected":false},"excerpt":{"rendered":"<p>Pienza es uno de los pueblos medievales m\u00e1s bellos e intensos de la provincia de Siena para visitar. Fue el<\/p>\n","protected":false},"author":3,"featured_media":0,"parent":0,"menu_order":0,"comment_status":"closed","ping_status":"closed","template":"","meta":{"_acf_changed":false,"footnotes":""},"class_list":["post-10678","page","type-page","status-publish","hentry"],"acf":[],"yoast_head":"<!-- This site is optimized with the Yoast SEO plugin v27.4 - https:\/\/yoast.com\/product\/yoast-seo-wordpress\/ -->\n<title>Hotel en Siena Para Visitar Pienza - Hotel Minerva Siena<\/title>\n<meta name=\"robots\" content=\"index, follow, max-snippet:-1, max-image-preview:large, max-video-preview:-1\" \/>\n<link rel=\"canonical\" href=\"https:\/\/www.albergominerva.it\/es\/hotel-en-siena-para-visitar-pienza\/\" \/>\n<meta property=\"og:locale\" content=\"es_ES\" \/>\n<meta property=\"og:type\" content=\"article\" \/>\n<meta property=\"og:title\" content=\"Hotel en Siena Para Visitar Pienza - Hotel Minerva Siena\" \/>\n<meta property=\"og:description\" content=\"Pienza es uno de los pueblos medievales m\u00e1s bellos e intensos de la provincia de Siena para visitar. Fue el\" \/>\n<meta property=\"og:url\" content=\"https:\/\/www.albergominerva.it\/es\/hotel-en-siena-para-visitar-pienza\/\" \/>\n<meta property=\"og:site_name\" content=\"Hotel Minerva Siena\" \/>\n<meta property=\"article:modified_time\" content=\"2023-03-26T14:54:46+00:00\" \/>\n<meta property=\"og:image\" content=\"https:\/\/www.albergominerva.it\/wp-content\/uploads\/2022\/06\/Pienza.jpg\" \/>\n<meta name=\"twitter:card\" content=\"summary_large_image\" \/>\n<meta name=\"twitter:label1\" content=\"Tiempo de lectura\" \/>\n\t<meta name=\"twitter:data1\" content=\"3 minutos\" \/>\n<script type=\"application\/ld+json\" class=\"yoast-schema-graph\">{\"@context\":\"https:\\\/\\\/schema.org\",\"@graph\":[{\"@type\":\"WebPage\",\"@id\":\"https:\\\/\\\/www.albergominerva.it\\\/es\\\/hotel-en-siena-para-visitar-pienza\\\/\",\"url\":\"https:\\\/\\\/www.albergominerva.it\\\/es\\\/hotel-en-siena-para-visitar-pienza\\\/\",\"name\":\"Hotel en Siena Para Visitar Pienza - Hotel Minerva Siena\",\"isPartOf\":{\"@id\":\"https:\\\/\\\/www.albergominerva.it\\\/es\\\/#website\"},\"primaryImageOfPage\":{\"@id\":\"https:\\\/\\\/www.albergominerva.it\\\/es\\\/hotel-en-siena-para-visitar-pienza\\\/#primaryimage\"},\"image\":{\"@id\":\"https:\\\/\\\/www.albergominerva.it\\\/es\\\/hotel-en-siena-para-visitar-pienza\\\/#primaryimage\"},\"thumbnailUrl\":\"https:\\\/\\\/www.albergominerva.it\\\/wp-content\\\/uploads\\\/2022\\\/06\\\/Pienza.jpg\",\"datePublished\":\"2023-03-26T14:54:44+00:00\",\"dateModified\":\"2023-03-26T14:54:46+00:00\",\"breadcrumb\":{\"@id\":\"https:\\\/\\\/www.albergominerva.it\\\/es\\\/hotel-en-siena-para-visitar-pienza\\\/#breadcrumb\"},\"inLanguage\":\"es\",\"potentialAction\":[{\"@type\":\"ReadAction\",\"target\":[\"https:\\\/\\\/www.albergominerva.it\\\/es\\\/hotel-en-siena-para-visitar-pienza\\\/\"]}]},{\"@type\":\"ImageObject\",\"inLanguage\":\"es\",\"@id\":\"https:\\\/\\\/www.albergominerva.it\\\/es\\\/hotel-en-siena-para-visitar-pienza\\\/#primaryimage\",\"url\":\"https:\\\/\\\/www.albergominerva.it\\\/wp-content\\\/uploads\\\/2022\\\/06\\\/Pienza.jpg\",\"contentUrl\":\"https:\\\/\\\/www.albergominerva.it\\\/wp-content\\\/uploads\\\/2022\\\/06\\\/Pienza.jpg\"},{\"@type\":\"BreadcrumbList\",\"@id\":\"https:\\\/\\\/www.albergominerva.it\\\/es\\\/hotel-en-siena-para-visitar-pienza\\\/#breadcrumb\",\"itemListElement\":[{\"@type\":\"ListItem\",\"position\":1,\"name\":\"Home\",\"item\":\"https:\\\/\\\/www.albergominerva.it\\\/es\\\/\"},{\"@type\":\"ListItem\",\"position\":2,\"name\":\"Hotel en Siena Para Visitar Pienza\"}]},{\"@type\":\"WebSite\",\"@id\":\"https:\\\/\\\/www.albergominerva.it\\\/es\\\/#website\",\"url\":\"https:\\\/\\\/www.albergominerva.it\\\/es\\\/\",\"name\":\"Hotel Minerva Siena\",\"description\":\"Hotel in Centro Storico a Siena - Toscana - Italy\",\"potentialAction\":[{\"@type\":\"SearchAction\",\"target\":{\"@type\":\"EntryPoint\",\"urlTemplate\":\"https:\\\/\\\/www.albergominerva.it\\\/es\\\/?s={search_term_string}\"},\"query-input\":{\"@type\":\"PropertyValueSpecification\",\"valueRequired\":true,\"valueName\":\"search_term_string\"}}],\"inLanguage\":\"es\"}]}<\/script>\n<!-- \/ Yoast SEO plugin. -->","yoast_head_json":{"title":"Hotel en Siena Para Visitar Pienza - Hotel Minerva Siena","robots":{"index":"index","follow":"follow","max-snippet":"max-snippet:-1","max-image-preview":"max-image-preview:large","max-video-preview":"max-video-preview:-1"},"canonical":"https:\/\/www.albergominerva.it\/es\/hotel-en-siena-para-visitar-pienza\/","og_locale":"es_ES","og_type":"article","og_title":"Hotel en Siena Para Visitar Pienza - Hotel Minerva Siena","og_description":"Pienza es uno de los pueblos medievales m\u00e1s bellos e intensos de la provincia de Siena para visitar. Fue el","og_url":"https:\/\/www.albergominerva.it\/es\/hotel-en-siena-para-visitar-pienza\/","og_site_name":"Hotel Minerva Siena","article_modified_time":"2023-03-26T14:54:46+00:00","og_image":[{"url":"https:\/\/www.albergominerva.it\/wp-content\/uploads\/2022\/06\/Pienza.jpg","type":"","width":"","height":""}],"twitter_card":"summary_large_image","twitter_misc":{"Tiempo de lectura":"3 minutos"},"schema":{"@context":"https:\/\/schema.org","@graph":[{"@type":"WebPage","@id":"https:\/\/www.albergominerva.it\/es\/hotel-en-siena-para-visitar-pienza\/","url":"https:\/\/www.albergominerva.it\/es\/hotel-en-siena-para-visitar-pienza\/","name":"Hotel en Siena Para Visitar Pienza - Hotel Minerva Siena","isPartOf":{"@id":"https:\/\/www.albergominerva.it\/es\/#website"},"primaryImageOfPage":{"@id":"https:\/\/www.albergominerva.it\/es\/hotel-en-siena-para-visitar-pienza\/#primaryimage"},"image":{"@id":"https:\/\/www.albergominerva.it\/es\/hotel-en-siena-para-visitar-pienza\/#primaryimage"},"thumbnailUrl":"https:\/\/www.albergominerva.it\/wp-content\/uploads\/2022\/06\/Pienza.jpg","datePublished":"2023-03-26T14:54:44+00:00","dateModified":"2023-03-26T14:54:46+00:00","breadcrumb":{"@id":"https:\/\/www.albergominerva.it\/es\/hotel-en-siena-para-visitar-pienza\/#breadcrumb"},"inLanguage":"es","potentialAction":[{"@type":"ReadAction","target":["https:\/\/www.albergominerva.it\/es\/hotel-en-siena-para-visitar-pienza\/"]}]},{"@type":"ImageObject","inLanguage":"es","@id":"https:\/\/www.albergominerva.it\/es\/hotel-en-siena-para-visitar-pienza\/#primaryimage","url":"https:\/\/www.albergominerva.it\/wp-content\/uploads\/2022\/06\/Pienza.jpg","contentUrl":"https:\/\/www.albergominerva.it\/wp-content\/uploads\/2022\/06\/Pienza.jpg"},{"@type":"BreadcrumbList","@id":"https:\/\/www.albergominerva.it\/es\/hotel-en-siena-para-visitar-pienza\/#breadcrumb","itemListElement":[{"@type":"ListItem","position":1,"name":"Home","item":"https:\/\/www.albergominerva.it\/es\/"},{"@type":"ListItem","position":2,"name":"Hotel en Siena Para Visitar Pienza"}]},{"@type":"WebSite","@id":"https:\/\/www.albergominerva.it\/es\/#website","url":"https:\/\/www.albergominerva.it\/es\/","name":"Hotel Minerva Siena","description":"Hotel in Centro Storico a Siena - Toscana - Italy","potentialAction":[{"@type":"SearchAction","target":{"@type":"EntryPoint","urlTemplate":"https:\/\/www.albergominerva.it\/es\/?s={search_term_string}"},"query-input":{"@type":"PropertyValueSpecification","valueRequired":true,"valueName":"search_term_string"}}],"inLanguage":"es"}]}},"_links":{"self":[{"href":"https:\/\/www.albergominerva.it\/es\/wp-json\/wp\/v2\/pages\/10678","targetHints":{"allow":["GET"]}}],"collection":[{"href":"https:\/\/www.albergominerva.it\/es\/wp-json\/wp\/v2\/pages"}],"about":[{"href":"https:\/\/www.albergominerva.it\/es\/wp-json\/wp\/v2\/types\/page"}],"author":[{"embeddable":true,"href":"https:\/\/www.albergominerva.it\/es\/wp-json\/wp\/v2\/users\/3"}],"replies":[{"embeddable":true,"href":"https:\/\/www.albergominerva.it\/es\/wp-json\/wp\/v2\/comments?post=10678"}],"version-history":[{"count":1,"href":"https:\/\/www.albergominerva.it\/es\/wp-json\/wp\/v2\/pages\/10678\/revisions"}],"predecessor-version":[{"id":10679,"href":"https:\/\/www.albergominerva.it\/es\/wp-json\/wp\/v2\/pages\/10678\/revisions\/10679"}],"wp:attachment":[{"href":"https:\/\/www.albergominerva.it\/es\/wp-json\/wp\/v2\/media?parent=10678"}],"curies":[{"name":"wp","href":"https:\/\/api.w.org\/{rel}","templated":true}]}}