{"id":10680,"date":"2023-03-26T16:58:05","date_gmt":"2023-03-26T14:58:05","guid":{"rendered":"https:\/\/www.albergominerva.it\/?page_id=10680"},"modified":"2023-03-26T16:58:08","modified_gmt":"2023-03-26T14:58:08","slug":"hotel-en-siena-para-visitar-san-gimignano","status":"publish","type":"page","link":"https:\/\/www.albergominerva.it\/es\/hotel-en-siena-para-visitar-san-gimignano\/","title":{"rendered":"Hotel en Siena Para Visitar San Gimignano"},"content":{"rendered":"\n<p><strong>San Gimignano es uno de los pueblos medievales m\u00e1s bellos de la provincia de Siena.<\/strong><\/p>\n\n\n\n<figure class=\"wp-block-image size-full\"><img loading=\"lazy\" decoding=\"async\" width=\"640\" height=\"426\" src=\"https:\/\/www.albergominerva.it\/wp-content\/uploads\/2022\/06\/San-Gimignano.jpg\" alt=\"\" class=\"wp-image-9612\" srcset=\"https:\/\/www.albergominerva.it\/wp-content\/uploads\/2022\/06\/San-Gimignano.jpg 640w, https:\/\/www.albergominerva.it\/wp-content\/uploads\/2022\/06\/San-Gimignano-300x200.jpg 300w\" sizes=\"auto, (max-width: 640px) 100vw, 640px\" \/><\/figure>\n\n\n\n<p>Sus 15 torres (en la Edad Media hab\u00eda incluso 72) son un espect\u00e1culo para la vista y marcan un m\u00e1gico regreso a una \u00e9poca que fue.<\/p>\n\n\n\n<p>Se puede entrar al pueblo por dos puertas y recorrerlo \u00edntegramente a pie entre modernos talleres y tiendas.<\/p>\n\n\n\n<p>Absolutamente dignos de ver son los frescos de la Iglesia de Sant&#8217;Agostino, de la Catedral y el caracter\u00edstico museo c\u00edvico.<\/p>\n\n\n\n<p>Si quieres visitar San Gimignano partiendo de Siena, te recomendamos reservar el Hotel Minerva, nuestro hotel de 3 estrellas en el centro de Siena, a las afueras de la zona ZTL y a pocos minutos de la autopista para visitar San Gimignano.<\/p>\n\n\n\n<p>Dotado de bar, ascensor y garaje privado de pago y vigilado, con entrada directa al hotel y 20 plazas disponibles, el Hotel Minerva contiene en sus instalaciones 56 habitaciones climatizadas, todas diferentes, con wifi y que se dividen en f\u00e1cil -econ\u00f3mica, elegante-est\u00e1ndar, habitaci\u00f3n superior y junior-suite, cada una con sus propias caracter\u00edsticas.<\/p>\n\n\n\n<p><a href=\"https:\/\/www.albergominerva.it\/es\/habitaciones\/habitacion-baratas-siena-centro\/\">Las habitaciones Easy<\/a>, con cama de matrimonio o dos camas individuales bajo petici\u00f3n, est\u00e1n situadas en el interior, no dan al centro hist\u00f3rico y tienen un gran tama\u00f1o a partir de 16 m\u00b2.<\/p>\n\n\n\n<p><a href=\"https:\/\/www.albergominerva.it\/es\/habitaciones\/habitacion-standard-siena-centro\/\">Las habitaciones Elegant Standard<\/a>, con muebles modernos y tonos pastel en las paredes, todas tienen vista al centro hist\u00f3rico de Siena y son amplias a partir de 19 m\u00b2. Se dividen en individuales y dobles, y tienen capacidad para alojar hasta un total de cuatro personas.<\/p>\n\n\n\n<p><a href=\"https:\/\/www.albergominerva.it\/es\/habitaciones\/habitacion-superior-siena-centro\/\">Las Habitaciones Superiores<\/a> todas tienen vista a la Bas\u00edlica de San Francesco, la Bas\u00edlica de Provenzano y la Porta Ovile y tienen un \u00e1rea a partir del tama\u00f1o de 19 m\u00b2.<\/p>\n\n\n\n<p><a href=\"https:\/\/www.albergominerva.it\/es\/habitaciones\/junior-suite-siena-centro\/\">Las Junior Suites Dobles<\/a> tienen vista al centro hist\u00f3rico de Siena, tienen una superficie a partir de 19 m\u00b2 y est\u00e1n equipadas con una peque\u00f1a terraza. Estas habitaciones, pues, est\u00e1n todas equipadas con cama de matrimonio y, si se desea, con dos camas separadas.<\/p>\n\n\n\n<p>En consecuencia, tendr\u00e1 la posibilidad de elegir entre muchas opciones, todas equipadas con conexi\u00f3n wifi para su estancia de ocio o de negocios.<\/p>\n\n\n\n<p>Nuestro hotel es silencioso y es excelente para padres con ni\u00f1os; de hecho, incluso tenemos cunas disponibles, as\u00ed como un calienta biberones, un esterilizador y una ludoteca en su interior.<\/p>\n\n\n\n<p>En cuanto al desayuno, nuestro hotel ofrece un delicioso desayuno italiano e internacional con mermeladas naturales de calidad.<\/p>\n\n\n\n<p><strong>Puedes encontrar el Hotel en Siena en Via Garibaldi, 72 a menos de 2 minutos en coche de la estaci\u00f3n de tren y a 7 minutos a pie.<\/strong><\/p>\n\n\n\n<p><strong>Para reservar nuestro hotel en el centro de Siena con estacionamiento para visitar r\u00e1pidamente San Gimignano<\/strong>, haga clic en Reservar en la parte superior derecha o llame al n\u00famero de tel\u00e9fono 0577.284474 o env\u00ede un correo electr\u00f3nico a info@albergominerva.it.<\/p>\n","protected":false},"excerpt":{"rendered":"<p>San Gimignano es uno de los pueblos medievales m\u00e1s bellos de la provincia de Siena. Sus 15 torres (en la<\/p>\n","protected":false},"author":3,"featured_media":0,"parent":0,"menu_order":0,"comment_status":"closed","ping_status":"closed","template":"","meta":{"_acf_changed":false,"footnotes":""},"class_list":["post-10680","page","type-page","status-publish","hentry"],"acf":[],"yoast_head":"<!-- This site is optimized with the Yoast SEO plugin v26.4 - https:\/\/yoast.com\/wordpress\/plugins\/seo\/ -->\n<title>Hotel en Siena Para Visitar San Gimignano - Hotel Minerva Siena<\/title>\n<meta name=\"robots\" content=\"index, follow, max-snippet:-1, max-image-preview:large, max-video-preview:-1\" \/>\n<link rel=\"canonical\" href=\"https:\/\/www.albergominerva.it\/es\/hotel-en-siena-para-visitar-san-gimignano\/\" \/>\n<meta property=\"og:locale\" content=\"es_ES\" \/>\n<meta property=\"og:type\" content=\"article\" \/>\n<meta property=\"og:title\" content=\"Hotel en Siena Para Visitar San Gimignano - Hotel Minerva Siena\" \/>\n<meta property=\"og:description\" content=\"San Gimignano es uno de los pueblos medievales m\u00e1s bellos de la provincia de Siena. Sus 15 torres (en la\" \/>\n<meta property=\"og:url\" content=\"https:\/\/www.albergominerva.it\/es\/hotel-en-siena-para-visitar-san-gimignano\/\" \/>\n<meta property=\"og:site_name\" content=\"Hotel Minerva Siena\" \/>\n<meta property=\"article:modified_time\" content=\"2023-03-26T14:58:08+00:00\" \/>\n<meta property=\"og:image\" content=\"https:\/\/www.albergominerva.it\/wp-content\/uploads\/2022\/06\/San-Gimignano.jpg\" \/>\n<meta name=\"twitter:card\" content=\"summary_large_image\" \/>\n<meta name=\"twitter:label1\" content=\"Tiempo de lectura\" \/>\n\t<meta name=\"twitter:data1\" content=\"3 minutos\" \/>\n<script type=\"application\/ld+json\" class=\"yoast-schema-graph\">{\"@context\":\"https:\/\/schema.org\",\"@graph\":[{\"@type\":\"WebPage\",\"@id\":\"https:\/\/www.albergominerva.it\/es\/hotel-en-siena-para-visitar-san-gimignano\/\",\"url\":\"https:\/\/www.albergominerva.it\/es\/hotel-en-siena-para-visitar-san-gimignano\/\",\"name\":\"Hotel en Siena Para Visitar San Gimignano - Hotel Minerva Siena\",\"isPartOf\":{\"@id\":\"https:\/\/www.albergominerva.it\/es\/#website\"},\"primaryImageOfPage\":{\"@id\":\"https:\/\/www.albergominerva.it\/es\/hotel-en-siena-para-visitar-san-gimignano\/#primaryimage\"},\"image\":{\"@id\":\"https:\/\/www.albergominerva.it\/es\/hotel-en-siena-para-visitar-san-gimignano\/#primaryimage\"},\"thumbnailUrl\":\"https:\/\/www.albergominerva.it\/wp-content\/uploads\/2022\/06\/San-Gimignano.jpg\",\"datePublished\":\"2023-03-26T14:58:05+00:00\",\"dateModified\":\"2023-03-26T14:58:08+00:00\",\"breadcrumb\":{\"@id\":\"https:\/\/www.albergominerva.it\/es\/hotel-en-siena-para-visitar-san-gimignano\/#breadcrumb\"},\"inLanguage\":\"es\",\"potentialAction\":[{\"@type\":\"ReadAction\",\"target\":[\"https:\/\/www.albergominerva.it\/es\/hotel-en-siena-para-visitar-san-gimignano\/\"]}]},{\"@type\":\"ImageObject\",\"inLanguage\":\"es\",\"@id\":\"https:\/\/www.albergominerva.it\/es\/hotel-en-siena-para-visitar-san-gimignano\/#primaryimage\",\"url\":\"https:\/\/www.albergominerva.it\/wp-content\/uploads\/2022\/06\/San-Gimignano.jpg\",\"contentUrl\":\"https:\/\/www.albergominerva.it\/wp-content\/uploads\/2022\/06\/San-Gimignano.jpg\"},{\"@type\":\"BreadcrumbList\",\"@id\":\"https:\/\/www.albergominerva.it\/es\/hotel-en-siena-para-visitar-san-gimignano\/#breadcrumb\",\"itemListElement\":[{\"@type\":\"ListItem\",\"position\":1,\"name\":\"Home\",\"item\":\"https:\/\/www.albergominerva.it\/es\/\"},{\"@type\":\"ListItem\",\"position\":2,\"name\":\"Hotel en Siena Para Visitar San Gimignano\"}]},{\"@type\":\"WebSite\",\"@id\":\"https:\/\/www.albergominerva.it\/es\/#website\",\"url\":\"https:\/\/www.albergominerva.it\/es\/\",\"name\":\"Hotel Minerva Siena\",\"description\":\"Hotel in Centro Storico a Siena - Toscana - Italy\",\"potentialAction\":[{\"@type\":\"SearchAction\",\"target\":{\"@type\":\"EntryPoint\",\"urlTemplate\":\"https:\/\/www.albergominerva.it\/es\/?s={search_term_string}\"},\"query-input\":{\"@type\":\"PropertyValueSpecification\",\"valueRequired\":true,\"valueName\":\"search_term_string\"}}],\"inLanguage\":\"es\"}]}<\/script>\n<!-- \/ Yoast SEO plugin. -->","yoast_head_json":{"title":"Hotel en Siena Para Visitar San Gimignano - Hotel Minerva Siena","robots":{"index":"index","follow":"follow","max-snippet":"max-snippet:-1","max-image-preview":"max-image-preview:large","max-video-preview":"max-video-preview:-1"},"canonical":"https:\/\/www.albergominerva.it\/es\/hotel-en-siena-para-visitar-san-gimignano\/","og_locale":"es_ES","og_type":"article","og_title":"Hotel en Siena Para Visitar San Gimignano - Hotel Minerva Siena","og_description":"San Gimignano es uno de los pueblos medievales m\u00e1s bellos de la provincia de Siena. Sus 15 torres (en la","og_url":"https:\/\/www.albergominerva.it\/es\/hotel-en-siena-para-visitar-san-gimignano\/","og_site_name":"Hotel Minerva Siena","article_modified_time":"2023-03-26T14:58:08+00:00","og_image":[{"url":"https:\/\/www.albergominerva.it\/wp-content\/uploads\/2022\/06\/San-Gimignano.jpg","type":"","width":"","height":""}],"twitter_card":"summary_large_image","twitter_misc":{"Tiempo de lectura":"3 minutos"},"schema":{"@context":"https:\/\/schema.org","@graph":[{"@type":"WebPage","@id":"https:\/\/www.albergominerva.it\/es\/hotel-en-siena-para-visitar-san-gimignano\/","url":"https:\/\/www.albergominerva.it\/es\/hotel-en-siena-para-visitar-san-gimignano\/","name":"Hotel en Siena Para Visitar San Gimignano - Hotel Minerva Siena","isPartOf":{"@id":"https:\/\/www.albergominerva.it\/es\/#website"},"primaryImageOfPage":{"@id":"https:\/\/www.albergominerva.it\/es\/hotel-en-siena-para-visitar-san-gimignano\/#primaryimage"},"image":{"@id":"https:\/\/www.albergominerva.it\/es\/hotel-en-siena-para-visitar-san-gimignano\/#primaryimage"},"thumbnailUrl":"https:\/\/www.albergominerva.it\/wp-content\/uploads\/2022\/06\/San-Gimignano.jpg","datePublished":"2023-03-26T14:58:05+00:00","dateModified":"2023-03-26T14:58:08+00:00","breadcrumb":{"@id":"https:\/\/www.albergominerva.it\/es\/hotel-en-siena-para-visitar-san-gimignano\/#breadcrumb"},"inLanguage":"es","potentialAction":[{"@type":"ReadAction","target":["https:\/\/www.albergominerva.it\/es\/hotel-en-siena-para-visitar-san-gimignano\/"]}]},{"@type":"ImageObject","inLanguage":"es","@id":"https:\/\/www.albergominerva.it\/es\/hotel-en-siena-para-visitar-san-gimignano\/#primaryimage","url":"https:\/\/www.albergominerva.it\/wp-content\/uploads\/2022\/06\/San-Gimignano.jpg","contentUrl":"https:\/\/www.albergominerva.it\/wp-content\/uploads\/2022\/06\/San-Gimignano.jpg"},{"@type":"BreadcrumbList","@id":"https:\/\/www.albergominerva.it\/es\/hotel-en-siena-para-visitar-san-gimignano\/#breadcrumb","itemListElement":[{"@type":"ListItem","position":1,"name":"Home","item":"https:\/\/www.albergominerva.it\/es\/"},{"@type":"ListItem","position":2,"name":"Hotel en Siena Para Visitar San Gimignano"}]},{"@type":"WebSite","@id":"https:\/\/www.albergominerva.it\/es\/#website","url":"https:\/\/www.albergominerva.it\/es\/","name":"Hotel Minerva Siena","description":"Hotel in Centro Storico a Siena - Toscana - Italy","potentialAction":[{"@type":"SearchAction","target":{"@type":"EntryPoint","urlTemplate":"https:\/\/www.albergominerva.it\/es\/?s={search_term_string}"},"query-input":{"@type":"PropertyValueSpecification","valueRequired":true,"valueName":"search_term_string"}}],"inLanguage":"es"}]}},"_links":{"self":[{"href":"https:\/\/www.albergominerva.it\/es\/wp-json\/wp\/v2\/pages\/10680","targetHints":{"allow":["GET"]}}],"collection":[{"href":"https:\/\/www.albergominerva.it\/es\/wp-json\/wp\/v2\/pages"}],"about":[{"href":"https:\/\/www.albergominerva.it\/es\/wp-json\/wp\/v2\/types\/page"}],"author":[{"embeddable":true,"href":"https:\/\/www.albergominerva.it\/es\/wp-json\/wp\/v2\/users\/3"}],"replies":[{"embeddable":true,"href":"https:\/\/www.albergominerva.it\/es\/wp-json\/wp\/v2\/comments?post=10680"}],"version-history":[{"count":1,"href":"https:\/\/www.albergominerva.it\/es\/wp-json\/wp\/v2\/pages\/10680\/revisions"}],"predecessor-version":[{"id":10681,"href":"https:\/\/www.albergominerva.it\/es\/wp-json\/wp\/v2\/pages\/10680\/revisions\/10681"}],"wp:attachment":[{"href":"https:\/\/www.albergominerva.it\/es\/wp-json\/wp\/v2\/media?parent=10680"}],"curies":[{"name":"wp","href":"https:\/\/api.w.org\/{rel}","templated":true}]}}