{"id":10686,"date":"2023-03-26T17:09:58","date_gmt":"2023-03-26T15:09:58","guid":{"rendered":"https:\/\/www.albergominerva.it\/?page_id=10686"},"modified":"2023-03-26T17:37:58","modified_gmt":"2023-03-26T15:37:58","slug":"hotel-en-siena-por-una-noche","status":"publish","type":"page","link":"https:\/\/www.albergominerva.it\/es\/hotel-en-siena-por-una-noche\/","title":{"rendered":"Hotel en Siena por una noche"},"content":{"rendered":"\n<p><strong>\u00bfTe gustar\u00eda pasar unos d\u00edas de vacaciones en Siena, en la Toscana, y buscas hotel para una noche?<\/strong><\/p>\n\n\n\n<figure class=\"wp-block-image size-large\"><img loading=\"lazy\" decoding=\"async\" width=\"1024\" height=\"683\" src=\"https:\/\/www.albergominerva.it\/wp-content\/uploads\/2016\/02\/Junior-Suite-Matrimoniale-Hotel-Siena-Centro-001-1024x683.jpg\" alt=\"\" class=\"wp-image-4940\" srcset=\"https:\/\/www.albergominerva.it\/wp-content\/uploads\/2016\/02\/Junior-Suite-Matrimoniale-Hotel-Siena-Centro-001.jpg 1024w, https:\/\/www.albergominerva.it\/wp-content\/uploads\/2016\/02\/Junior-Suite-Matrimoniale-Hotel-Siena-Centro-001-300x200.jpg 300w\" sizes=\"auto, (max-width: 1024px) 100vw, 1024px\" \/><\/figure>\n\n\n\n<p>En este caso, te recomendamos reservar el Hotel Minerva, nuestro encantador hotel de 3 estrellas en el centro hist\u00f3rico de Siena, a pocos minutos de la Piazza del Campo y justo fuera de la zona de tr\u00e1fico restringido.<\/p>\n\n\n\n<p>Dotado de bar, ascensor y parking interior de pago, cerrado, con entrada directa al hotel y con 20 plazas disponibles, el Hotel Minerva contiene en sus instalaciones 56 habitaciones climatizadas, todas diferentes, con conexi\u00f3n inal\u00e1mbrica y que se dividen en c\u00f3modas -econ\u00f3mica, elegante-est\u00e1ndar, habitaci\u00f3n superior y junior-suite, cada una con sus propias caracter\u00edsticas.<\/p>\n\n\n\n<p><a href=\"https:\/\/www.albergominerva.it\/es\/habitaciones\/habitacion-baratas-siena-centro\/\">Las habitaciones Easy<\/a>, con cama de matrimonio o dos camas individuales bajo petici\u00f3n, est\u00e1n situadas en el interior, no dan al centro hist\u00f3rico y tienen una superficie a partir de 16 m\u00b2.<\/p>\n\n\n\n<p><a href=\"https:\/\/www.albergominerva.it\/es\/habitaciones\/habitacion-standard-siena-centro\/\">Las habitaciones Elegant Standard<\/a>, con muebles modernos y tonos pastel en las paredes, todas tienen vista al centro hist\u00f3rico de Siena y tienen una superficie a partir de 19 m\u00b2. Se dividen en individuales y dobles, y tienen capacidad para alojar hasta un m\u00e1ximo de 4 personas.<\/p>\n\n\n\n<p><a href=\"https:\/\/www.albergominerva.it\/es\/habitaciones\/habitacion-superior-siena-centro\/\">Todas las habitaciones superiores<\/a> tienen vistas a la bas\u00edlica de San Francesco, la bas\u00edlica de Provenzano y la Porta Ovile y son amplias a partir de 19 m\u00b2.<\/p>\n\n\n\n<p><a href=\"https:\/\/www.albergominerva.it\/es\/habitaciones\/junior-suite-siena-centro\/\">Las Junior Suites Dobles<\/a> tienen vista al centro hist\u00f3rico de Siena, tienen una superficie a partir de 19 m\u00b2 y est\u00e1n equipadas con una peque\u00f1a terraza. Adem\u00e1s, estas habitaciones est\u00e1n todas equipadas con cama de matrimonio y, bajo petici\u00f3n, con dos camas separadas.<\/p>\n\n\n\n<p><strong>Por tanto, podr\u00e1s elegir entre muchas alternativas, todas ellas equipadas con conexi\u00f3n wifi para tu escala de ocio o de negocios.<\/strong><\/p>\n\n\n\n<p>El Hotel Minerva luego, en el interior, muestra peri\u00f3dicamente una verdadera galer\u00eda de arte contempor\u00e1neo que exhibe obras de artistas sieneses.<\/p>\n\n\n\n<p>Nuestro hotel es tranquilo, y es ideal para familias con ni\u00f1os; de hecho, incluso tenemos cunas disponibles, as\u00ed como calienta biberones, esterilizadores y una ludoteca en su interior.<\/p>\n\n\n\n<p>El hotel Minerva tambi\u00e9n tiene un marco \u00fanico para reuniones de negocios porque est\u00e1 equipado con conexi\u00f3n wifi y una sala de reuniones con vistas al centro hist\u00f3rico de Siena, que tiene derecho a alojar hasta 40 personas y que ofrece TV LED, videoproyector, retroproyector. y todo el equipo m\u00e1s importante.<\/p>\n\n\n\n<p>En cuanto al desayuno, nuestro hotel ofrece un apetitoso desayuno, italiano, internacional y con aut\u00e9nticas mermeladas de calidad.<\/p>\n\n\n\n<p><strong>El Hotel Minerva reserva un amplio garaje vigilado para sus hu\u00e9spedes para coches, motos y bicicletas. El garaje est\u00e1 ubicado justo fuera del \u00e1rea de tr\u00e1fico restringido y es un servicio pago.<\/strong><\/p>\n\n\n\n<p>El Hotel est\u00e1 ubicado en Siena en Via Garibaldi, 72 a menos de 2 minutos en coche desde la estaci\u00f3n y 7 minutos a pie.<\/p>\n\n\n\n<p><strong>Para hacer una reserva en nuestro hotel en el centro de Siena con estacionamiento para una noche<\/strong>, haga clic en Reservar en la parte superior derecha o llame al 0577.284474 o env\u00ede un correo electr\u00f3nico a info@albergominerva.it.<\/p>\n\n\n\n<p>El Albergo Minerva es la soluci\u00f3n adecuada para cualquiera que necesite un hotel de 3 estrellas en el centro de Siena\u00a0<a href=\"https:\/\/www.albergominerva.it\/es\/hotel-en-siena-por-una-noche\/\">con estacionamiento para una noche<\/a>\u00a0o m\u00e1s. Es el hotel ideal con\u00a0<a href=\"https:\/\/www.albergominerva.it\/es\/hotel-en-siena-con-vista-panoramica\/\">vista panor\u00e1mica<\/a>\u00a0y\u00a0<a href=\"https:\/\/www.albergominerva.it\/es\/hotel-en-siena-con-jardin-privado\/\">jard\u00edn privado<\/a>\u00a0para aquellos que quieren\u00a0<a href=\"https:\/\/www.albergominerva.it\/vacaciones-en-moto-en-la-toscana-el-hotel-minerva-para-moteros-en-siena\/\">recorrer la Toscana en moto<\/a>,\u00a0<a href=\"https:\/\/www.albergominerva.it\/es\/hotel-en-siena-en-toscana-donde-dormir-sobre-la-via-francigena\/\">visitar Francigena<\/a>, visitar\u00a0<a href=\"https:\/\/www.albergominerva.it\/es\/hotel-en-siena-para-visitar-san-gimignano\/\">San Gimignano<\/a>,\u00a0<a href=\"https:\/\/www.albergominerva.it\/es\/hotel-en-siena-para-visitar-pienza\/\">Pienza<\/a>,\u00a0<a href=\"https:\/\/www.albergominerva.it\/es\/hotel-en-siena-para-ver-monteriggioni\/\">Monteriggioni<\/a>,\u00a0<a href=\"https:\/\/www.albergominerva.it\/es\/hotel-en-siena-para-ver-montepulciano\/\">Montepulciano<\/a>,\u00a0<a href=\"https:\/\/www.albergominerva.it\/es\/hotel-en-siena-para-visitar-san-galgano\/\">San Galgano<\/a>,\u00a0<a href=\"https:\/\/www.albergominerva.it\/es\/hotel-en-siena-para-visitar-bagno-vignoni\/\">Bagno Vignoni<\/a>,\u00a0<a href=\"https:\/\/www.albergominerva.it\/es\/hotel-en-siena-para-visitar-chiusi\/\">Chiusi<\/a>,\u00a0<a href=\"https:\/\/www.albergominerva.it\/es\/hotel-en-siena-para-visitar-el-val-dorcia\/\">Val d&#8217;Orcia<\/a>. Adem\u00e1s, el Hotel Minerva presenta ofertas peri\u00f3dicas para celebrar\u00a0<a href=\"https:\/\/www.albergominerva.it\/es\/ofertas-de-hotel-en-siena-para-ano-nuevo-2024\/\">Nochevieja<\/a>,\u00a0<a href=\"https:\/\/www.albergominerva.it\/es\/ofertas-de-hoteles-en-siena-para-las-fiestas-navidenas-de-2023\/\">Navidad<\/a>,\u00a0<a href=\"https:\/\/www.albergominerva.it\/es\/hotel-siena-para-el-palio-de-siena-del-16-de-agosto-de-2023\/\">el Palio di Siena el 16 de agosto<\/a>\u00a0y el\u00a0<a href=\"https:\/\/www.albergominerva.it\/es\/hotel-siena-para-el-palio-de-siena-del-2-de-julio-de-2023\/\">2 de julio<\/a>,\u00a0<a href=\"https:\/\/www.albergominerva.it\/es\/hotel-siena-para-pascua-2023\/\">Semana Santa<\/a>\u00a0o simplemente mensualmente en\u00a0<a href=\"https:\/\/www.albergominerva.it\/es\/hotel-siena-para-diciembre-de-2023\/\">diciembre<\/a>,\u00a0<a href=\"https:\/\/www.albergominerva.it\/es\/hotel-siena-para-noviembre-de-2023\/\">noviembre<\/a>,\u00a0<a href=\"https:\/\/www.albergominerva.it\/es\/hotel-siena-para-octubre-de-2023\/\">octubre<\/a>,\u00a0<a href=\"https:\/\/www.albergominerva.it\/es\/hotel-siena-para-septiembre-de-2023\/\">septiembre<\/a>,\u00a0<a href=\"https:\/\/www.albergominerva.it\/es\/hotel-siena-para-agosto-de-2023\/\">agosto<\/a>,\u00a0<a href=\"https:\/\/www.albergominerva.it\/es\/hotel-siena-para-julio-de-2023\/\">julio<\/a>,\u00a0<a href=\"https:\/\/www.albergominerva.it\/es\/hotel-en-siena-para-junio-de-2023\/\">junio<\/a>,\u00a0<a href=\"https:\/\/www.albergominerva.it\/es\/hotel-siena-para-mayo-de-2023\/\">mayo<\/a>\u00a0y\u00a0<a href=\"https:\/\/www.albergominerva.it\/es\/hotel-siena-para-abril-de-2023\/\">abril<\/a>.<\/p>\n","protected":false},"excerpt":{"rendered":"<p>\u00bfTe gustar\u00eda pasar unos d\u00edas de vacaciones en Siena, en la Toscana, y buscas hotel para una noche? En este<\/p>\n","protected":false},"author":3,"featured_media":0,"parent":0,"menu_order":0,"comment_status":"closed","ping_status":"closed","template":"","meta":{"_acf_changed":false,"footnotes":""},"class_list":["post-10686","page","type-page","status-publish","hentry"],"acf":[],"yoast_head":"<!-- This site is optimized with the Yoast SEO plugin v26.4 - https:\/\/yoast.com\/wordpress\/plugins\/seo\/ -->\n<title>Hotel en Siena por una noche - Hotel Minerva Siena<\/title>\n<meta name=\"robots\" content=\"index, follow, max-snippet:-1, max-image-preview:large, max-video-preview:-1\" \/>\n<link rel=\"canonical\" href=\"https:\/\/www.albergominerva.it\/es\/hotel-en-siena-por-una-noche\/\" \/>\n<meta property=\"og:locale\" content=\"es_ES\" \/>\n<meta property=\"og:type\" content=\"article\" \/>\n<meta property=\"og:title\" content=\"Hotel en Siena por una noche - Hotel Minerva Siena\" \/>\n<meta property=\"og:description\" content=\"\u00bfTe gustar\u00eda pasar unos d\u00edas de vacaciones en Siena, en la Toscana, y buscas hotel para una noche? En este\" \/>\n<meta property=\"og:url\" content=\"https:\/\/www.albergominerva.it\/es\/hotel-en-siena-por-una-noche\/\" \/>\n<meta property=\"og:site_name\" content=\"Hotel Minerva Siena\" \/>\n<meta property=\"article:modified_time\" content=\"2023-03-26T15:37:58+00:00\" \/>\n<meta property=\"og:image\" content=\"https:\/\/www.albergominerva.it\/wp-content\/uploads\/2016\/02\/Junior-Suite-Matrimoniale-Hotel-Siena-Centro-001-1024x683.jpg\" \/>\n<meta name=\"twitter:card\" content=\"summary_large_image\" \/>\n<meta name=\"twitter:label1\" content=\"Tiempo de lectura\" \/>\n\t<meta name=\"twitter:data1\" content=\"4 minutos\" \/>\n<script type=\"application\/ld+json\" class=\"yoast-schema-graph\">{\"@context\":\"https:\/\/schema.org\",\"@graph\":[{\"@type\":\"WebPage\",\"@id\":\"https:\/\/www.albergominerva.it\/es\/hotel-en-siena-por-una-noche\/\",\"url\":\"https:\/\/www.albergominerva.it\/es\/hotel-en-siena-por-una-noche\/\",\"name\":\"Hotel en Siena por una noche - Hotel Minerva Siena\",\"isPartOf\":{\"@id\":\"https:\/\/www.albergominerva.it\/es\/#website\"},\"primaryImageOfPage\":{\"@id\":\"https:\/\/www.albergominerva.it\/es\/hotel-en-siena-por-una-noche\/#primaryimage\"},\"image\":{\"@id\":\"https:\/\/www.albergominerva.it\/es\/hotel-en-siena-por-una-noche\/#primaryimage\"},\"thumbnailUrl\":\"https:\/\/www.albergominerva.it\/wp-content\/uploads\/2016\/02\/Junior-Suite-Matrimoniale-Hotel-Siena-Centro-001-1024x683.jpg\",\"datePublished\":\"2023-03-26T15:09:58+00:00\",\"dateModified\":\"2023-03-26T15:37:58+00:00\",\"breadcrumb\":{\"@id\":\"https:\/\/www.albergominerva.it\/es\/hotel-en-siena-por-una-noche\/#breadcrumb\"},\"inLanguage\":\"es\",\"potentialAction\":[{\"@type\":\"ReadAction\",\"target\":[\"https:\/\/www.albergominerva.it\/es\/hotel-en-siena-por-una-noche\/\"]}]},{\"@type\":\"ImageObject\",\"inLanguage\":\"es\",\"@id\":\"https:\/\/www.albergominerva.it\/es\/hotel-en-siena-por-una-noche\/#primaryimage\",\"url\":\"https:\/\/www.albergominerva.it\/wp-content\/uploads\/2016\/02\/Junior-Suite-Matrimoniale-Hotel-Siena-Centro-001-1024x683.jpg\",\"contentUrl\":\"https:\/\/www.albergominerva.it\/wp-content\/uploads\/2016\/02\/Junior-Suite-Matrimoniale-Hotel-Siena-Centro-001-1024x683.jpg\"},{\"@type\":\"BreadcrumbList\",\"@id\":\"https:\/\/www.albergominerva.it\/es\/hotel-en-siena-por-una-noche\/#breadcrumb\",\"itemListElement\":[{\"@type\":\"ListItem\",\"position\":1,\"name\":\"Home\",\"item\":\"https:\/\/www.albergominerva.it\/es\/\"},{\"@type\":\"ListItem\",\"position\":2,\"name\":\"Hotel en Siena por una noche\"}]},{\"@type\":\"WebSite\",\"@id\":\"https:\/\/www.albergominerva.it\/es\/#website\",\"url\":\"https:\/\/www.albergominerva.it\/es\/\",\"name\":\"Hotel Minerva Siena\",\"description\":\"Hotel in Centro Storico a Siena - Toscana - Italy\",\"potentialAction\":[{\"@type\":\"SearchAction\",\"target\":{\"@type\":\"EntryPoint\",\"urlTemplate\":\"https:\/\/www.albergominerva.it\/es\/?s={search_term_string}\"},\"query-input\":{\"@type\":\"PropertyValueSpecification\",\"valueRequired\":true,\"valueName\":\"search_term_string\"}}],\"inLanguage\":\"es\"}]}<\/script>\n<!-- \/ Yoast SEO plugin. -->","yoast_head_json":{"title":"Hotel en Siena por una noche - Hotel Minerva Siena","robots":{"index":"index","follow":"follow","max-snippet":"max-snippet:-1","max-image-preview":"max-image-preview:large","max-video-preview":"max-video-preview:-1"},"canonical":"https:\/\/www.albergominerva.it\/es\/hotel-en-siena-por-una-noche\/","og_locale":"es_ES","og_type":"article","og_title":"Hotel en Siena por una noche - Hotel Minerva Siena","og_description":"\u00bfTe gustar\u00eda pasar unos d\u00edas de vacaciones en Siena, en la Toscana, y buscas hotel para una noche? En este","og_url":"https:\/\/www.albergominerva.it\/es\/hotel-en-siena-por-una-noche\/","og_site_name":"Hotel Minerva Siena","article_modified_time":"2023-03-26T15:37:58+00:00","og_image":[{"url":"https:\/\/www.albergominerva.it\/wp-content\/uploads\/2016\/02\/Junior-Suite-Matrimoniale-Hotel-Siena-Centro-001-1024x683.jpg","type":"","width":"","height":""}],"twitter_card":"summary_large_image","twitter_misc":{"Tiempo de lectura":"4 minutos"},"schema":{"@context":"https:\/\/schema.org","@graph":[{"@type":"WebPage","@id":"https:\/\/www.albergominerva.it\/es\/hotel-en-siena-por-una-noche\/","url":"https:\/\/www.albergominerva.it\/es\/hotel-en-siena-por-una-noche\/","name":"Hotel en Siena por una noche - Hotel Minerva Siena","isPartOf":{"@id":"https:\/\/www.albergominerva.it\/es\/#website"},"primaryImageOfPage":{"@id":"https:\/\/www.albergominerva.it\/es\/hotel-en-siena-por-una-noche\/#primaryimage"},"image":{"@id":"https:\/\/www.albergominerva.it\/es\/hotel-en-siena-por-una-noche\/#primaryimage"},"thumbnailUrl":"https:\/\/www.albergominerva.it\/wp-content\/uploads\/2016\/02\/Junior-Suite-Matrimoniale-Hotel-Siena-Centro-001-1024x683.jpg","datePublished":"2023-03-26T15:09:58+00:00","dateModified":"2023-03-26T15:37:58+00:00","breadcrumb":{"@id":"https:\/\/www.albergominerva.it\/es\/hotel-en-siena-por-una-noche\/#breadcrumb"},"inLanguage":"es","potentialAction":[{"@type":"ReadAction","target":["https:\/\/www.albergominerva.it\/es\/hotel-en-siena-por-una-noche\/"]}]},{"@type":"ImageObject","inLanguage":"es","@id":"https:\/\/www.albergominerva.it\/es\/hotel-en-siena-por-una-noche\/#primaryimage","url":"https:\/\/www.albergominerva.it\/wp-content\/uploads\/2016\/02\/Junior-Suite-Matrimoniale-Hotel-Siena-Centro-001-1024x683.jpg","contentUrl":"https:\/\/www.albergominerva.it\/wp-content\/uploads\/2016\/02\/Junior-Suite-Matrimoniale-Hotel-Siena-Centro-001-1024x683.jpg"},{"@type":"BreadcrumbList","@id":"https:\/\/www.albergominerva.it\/es\/hotel-en-siena-por-una-noche\/#breadcrumb","itemListElement":[{"@type":"ListItem","position":1,"name":"Home","item":"https:\/\/www.albergominerva.it\/es\/"},{"@type":"ListItem","position":2,"name":"Hotel en Siena por una noche"}]},{"@type":"WebSite","@id":"https:\/\/www.albergominerva.it\/es\/#website","url":"https:\/\/www.albergominerva.it\/es\/","name":"Hotel Minerva Siena","description":"Hotel in Centro Storico a Siena - Toscana - Italy","potentialAction":[{"@type":"SearchAction","target":{"@type":"EntryPoint","urlTemplate":"https:\/\/www.albergominerva.it\/es\/?s={search_term_string}"},"query-input":{"@type":"PropertyValueSpecification","valueRequired":true,"valueName":"search_term_string"}}],"inLanguage":"es"}]}},"_links":{"self":[{"href":"https:\/\/www.albergominerva.it\/es\/wp-json\/wp\/v2\/pages\/10686","targetHints":{"allow":["GET"]}}],"collection":[{"href":"https:\/\/www.albergominerva.it\/es\/wp-json\/wp\/v2\/pages"}],"about":[{"href":"https:\/\/www.albergominerva.it\/es\/wp-json\/wp\/v2\/types\/page"}],"author":[{"embeddable":true,"href":"https:\/\/www.albergominerva.it\/es\/wp-json\/wp\/v2\/users\/3"}],"replies":[{"embeddable":true,"href":"https:\/\/www.albergominerva.it\/es\/wp-json\/wp\/v2\/comments?post=10686"}],"version-history":[{"count":2,"href":"https:\/\/www.albergominerva.it\/es\/wp-json\/wp\/v2\/pages\/10686\/revisions"}],"predecessor-version":[{"id":10695,"href":"https:\/\/www.albergominerva.it\/es\/wp-json\/wp\/v2\/pages\/10686\/revisions\/10695"}],"wp:attachment":[{"href":"https:\/\/www.albergominerva.it\/es\/wp-json\/wp\/v2\/media?parent=10686"}],"curies":[{"name":"wp","href":"https:\/\/api.w.org\/{rel}","templated":true}]}}