{"id":11242,"date":"2023-08-20T09:46:33","date_gmt":"2023-08-20T07:46:33","guid":{"rendered":"https:\/\/www.albergominerva.it\/?page_id=11242"},"modified":"2023-08-20T09:46:34","modified_gmt":"2023-08-20T07:46:34","slug":"la-nobile-contrada-del-bruco-es-una-de-las-diecisiete-contradas-de-siena","status":"publish","type":"page","link":"https:\/\/www.albergominerva.it\/es\/la-nobile-contrada-del-bruco-es-una-de-las-diecisiete-contradas-de-siena\/","title":{"rendered":"La Nobile Contrada del Bruco es una de las diecisiete contradas de Siena"},"content":{"rendered":"\n<p>La Nobile Contrada del Bruco es una de las diecisiete contradas de Siena, y se encuentra en el Terzo di Camollia. Su escudo de armas es un gusano de seda coronado con una rama de rosa; la cabeza del escudo est\u00e1 formada por una cruz de Saboya cuadrangular de plata y rojo. Sus colores son amarillo y verde con un borde azul. Su lema es \u00abEn la lucha, s\u00e9 orgulloso, noble contrada del pueblo orgulloso\u00bb.<\/p>\n\n\n\n<figure class=\"wp-block-image size-full\"><img loading=\"lazy\" decoding=\"async\" width=\"592\" height=\"601\" src=\"https:\/\/www.albergominerva.it\/wp-content\/uploads\/2023\/08\/bruco.jpg\" alt=\"\" class=\"wp-image-10994\" srcset=\"https:\/\/www.albergominerva.it\/wp-content\/uploads\/2023\/08\/bruco.jpg 592w, https:\/\/www.albergominerva.it\/wp-content\/uploads\/2023\/08\/bruco-296x300.jpg 296w\" sizes=\"auto, (max-width: 592px) 100vw, 592px\" \/><\/figure>\n\n\n\n<p>La contrada tiene el t\u00edtulo de Nobile por haber puesto al Monte del Popolo en el poder en 1371 y por el valor de sus milicias en el enfrentamiento en la Croce del Travaglio contra Carlos IV de Bohemia (1369).<\/p>\n\n\n\n<p>La contrada del Bruco est\u00e1 aliada con la contrada della Torre. Su patr\u00f3n es la Visitaci\u00f3n de la Virgen Mar\u00eda, cuya fiesta se celebra el 2 de julio. La contrada del Bruco es la corporaci\u00f3n de los comerciantes de seda.<\/p>\n\n\n\n<p>La contrada del Bruco es una de las contradas m\u00e1s antiguas de Siena y tiene una larga y rica historia. La contrada es muy querida por sus contradaioli, que siempre est\u00e1n dispuestos a apoyarla en sus carreras en el Palio.<\/p>\n","protected":false},"excerpt":{"rendered":"<p>La Nobile Contrada del Bruco es una de las diecisiete contradas de Siena, y se encuentra en el Terzo di<\/p>\n","protected":false},"author":3,"featured_media":0,"parent":0,"menu_order":0,"comment_status":"closed","ping_status":"closed","template":"","meta":{"_acf_changed":false,"footnotes":""},"class_list":["post-11242","page","type-page","status-publish","hentry"],"acf":[],"yoast_head":"<!-- This site is optimized with the Yoast SEO plugin v26.4 - https:\/\/yoast.com\/wordpress\/plugins\/seo\/ -->\n<title>La Nobile Contrada del Bruco es una de las diecisiete contradas de Siena - Hotel Minerva Siena<\/title>\n<meta name=\"robots\" content=\"index, follow, max-snippet:-1, max-image-preview:large, max-video-preview:-1\" \/>\n<link rel=\"canonical\" href=\"https:\/\/www.albergominerva.it\/es\/la-nobile-contrada-del-bruco-es-una-de-las-diecisiete-contradas-de-siena\/\" \/>\n<meta property=\"og:locale\" content=\"es_ES\" \/>\n<meta property=\"og:type\" content=\"article\" \/>\n<meta property=\"og:title\" content=\"La Nobile Contrada del Bruco es una de las diecisiete contradas de Siena - Hotel Minerva Siena\" \/>\n<meta property=\"og:description\" content=\"La Nobile Contrada del Bruco es una de las diecisiete contradas de Siena, y se encuentra en el Terzo di\" \/>\n<meta property=\"og:url\" content=\"https:\/\/www.albergominerva.it\/es\/la-nobile-contrada-del-bruco-es-una-de-las-diecisiete-contradas-de-siena\/\" \/>\n<meta property=\"og:site_name\" content=\"Hotel Minerva Siena\" \/>\n<meta property=\"article:modified_time\" content=\"2023-08-20T07:46:34+00:00\" \/>\n<meta property=\"og:image\" content=\"https:\/\/www.albergominerva.it\/wp-content\/uploads\/2023\/08\/bruco.jpg\" \/>\n<meta name=\"twitter:card\" content=\"summary_large_image\" \/>\n<meta name=\"twitter:label1\" content=\"Tiempo de lectura\" \/>\n\t<meta name=\"twitter:data1\" content=\"2 minutos\" \/>\n<script type=\"application\/ld+json\" class=\"yoast-schema-graph\">{\"@context\":\"https:\/\/schema.org\",\"@graph\":[{\"@type\":\"WebPage\",\"@id\":\"https:\/\/www.albergominerva.it\/es\/la-nobile-contrada-del-bruco-es-una-de-las-diecisiete-contradas-de-siena\/\",\"url\":\"https:\/\/www.albergominerva.it\/es\/la-nobile-contrada-del-bruco-es-una-de-las-diecisiete-contradas-de-siena\/\",\"name\":\"La Nobile Contrada del Bruco es una de las diecisiete contradas de Siena - Hotel Minerva Siena\",\"isPartOf\":{\"@id\":\"https:\/\/www.albergominerva.it\/es\/#website\"},\"primaryImageOfPage\":{\"@id\":\"https:\/\/www.albergominerva.it\/es\/la-nobile-contrada-del-bruco-es-una-de-las-diecisiete-contradas-de-siena\/#primaryimage\"},\"image\":{\"@id\":\"https:\/\/www.albergominerva.it\/es\/la-nobile-contrada-del-bruco-es-una-de-las-diecisiete-contradas-de-siena\/#primaryimage\"},\"thumbnailUrl\":\"https:\/\/www.albergominerva.it\/wp-content\/uploads\/2023\/08\/bruco.jpg\",\"datePublished\":\"2023-08-20T07:46:33+00:00\",\"dateModified\":\"2023-08-20T07:46:34+00:00\",\"breadcrumb\":{\"@id\":\"https:\/\/www.albergominerva.it\/es\/la-nobile-contrada-del-bruco-es-una-de-las-diecisiete-contradas-de-siena\/#breadcrumb\"},\"inLanguage\":\"es\",\"potentialAction\":[{\"@type\":\"ReadAction\",\"target\":[\"https:\/\/www.albergominerva.it\/es\/la-nobile-contrada-del-bruco-es-una-de-las-diecisiete-contradas-de-siena\/\"]}]},{\"@type\":\"ImageObject\",\"inLanguage\":\"es\",\"@id\":\"https:\/\/www.albergominerva.it\/es\/la-nobile-contrada-del-bruco-es-una-de-las-diecisiete-contradas-de-siena\/#primaryimage\",\"url\":\"https:\/\/www.albergominerva.it\/wp-content\/uploads\/2023\/08\/bruco.jpg\",\"contentUrl\":\"https:\/\/www.albergominerva.it\/wp-content\/uploads\/2023\/08\/bruco.jpg\"},{\"@type\":\"BreadcrumbList\",\"@id\":\"https:\/\/www.albergominerva.it\/es\/la-nobile-contrada-del-bruco-es-una-de-las-diecisiete-contradas-de-siena\/#breadcrumb\",\"itemListElement\":[{\"@type\":\"ListItem\",\"position\":1,\"name\":\"Home\",\"item\":\"https:\/\/www.albergominerva.it\/es\/\"},{\"@type\":\"ListItem\",\"position\":2,\"name\":\"La Nobile Contrada del Bruco es una de las diecisiete contradas de Siena\"}]},{\"@type\":\"WebSite\",\"@id\":\"https:\/\/www.albergominerva.it\/es\/#website\",\"url\":\"https:\/\/www.albergominerva.it\/es\/\",\"name\":\"Hotel Minerva Siena\",\"description\":\"Hotel in Centro Storico a Siena - Toscana - Italy\",\"potentialAction\":[{\"@type\":\"SearchAction\",\"target\":{\"@type\":\"EntryPoint\",\"urlTemplate\":\"https:\/\/www.albergominerva.it\/es\/?s={search_term_string}\"},\"query-input\":{\"@type\":\"PropertyValueSpecification\",\"valueRequired\":true,\"valueName\":\"search_term_string\"}}],\"inLanguage\":\"es\"}]}<\/script>\n<!-- \/ Yoast SEO plugin. -->","yoast_head_json":{"title":"La Nobile Contrada del Bruco es una de las diecisiete contradas de Siena - Hotel Minerva Siena","robots":{"index":"index","follow":"follow","max-snippet":"max-snippet:-1","max-image-preview":"max-image-preview:large","max-video-preview":"max-video-preview:-1"},"canonical":"https:\/\/www.albergominerva.it\/es\/la-nobile-contrada-del-bruco-es-una-de-las-diecisiete-contradas-de-siena\/","og_locale":"es_ES","og_type":"article","og_title":"La Nobile Contrada del Bruco es una de las diecisiete contradas de Siena - Hotel Minerva Siena","og_description":"La Nobile Contrada del Bruco es una de las diecisiete contradas de Siena, y se encuentra en el Terzo di","og_url":"https:\/\/www.albergominerva.it\/es\/la-nobile-contrada-del-bruco-es-una-de-las-diecisiete-contradas-de-siena\/","og_site_name":"Hotel Minerva Siena","article_modified_time":"2023-08-20T07:46:34+00:00","og_image":[{"url":"https:\/\/www.albergominerva.it\/wp-content\/uploads\/2023\/08\/bruco.jpg","type":"","width":"","height":""}],"twitter_card":"summary_large_image","twitter_misc":{"Tiempo de lectura":"2 minutos"},"schema":{"@context":"https:\/\/schema.org","@graph":[{"@type":"WebPage","@id":"https:\/\/www.albergominerva.it\/es\/la-nobile-contrada-del-bruco-es-una-de-las-diecisiete-contradas-de-siena\/","url":"https:\/\/www.albergominerva.it\/es\/la-nobile-contrada-del-bruco-es-una-de-las-diecisiete-contradas-de-siena\/","name":"La Nobile Contrada del Bruco es una de las diecisiete contradas de Siena - Hotel Minerva Siena","isPartOf":{"@id":"https:\/\/www.albergominerva.it\/es\/#website"},"primaryImageOfPage":{"@id":"https:\/\/www.albergominerva.it\/es\/la-nobile-contrada-del-bruco-es-una-de-las-diecisiete-contradas-de-siena\/#primaryimage"},"image":{"@id":"https:\/\/www.albergominerva.it\/es\/la-nobile-contrada-del-bruco-es-una-de-las-diecisiete-contradas-de-siena\/#primaryimage"},"thumbnailUrl":"https:\/\/www.albergominerva.it\/wp-content\/uploads\/2023\/08\/bruco.jpg","datePublished":"2023-08-20T07:46:33+00:00","dateModified":"2023-08-20T07:46:34+00:00","breadcrumb":{"@id":"https:\/\/www.albergominerva.it\/es\/la-nobile-contrada-del-bruco-es-una-de-las-diecisiete-contradas-de-siena\/#breadcrumb"},"inLanguage":"es","potentialAction":[{"@type":"ReadAction","target":["https:\/\/www.albergominerva.it\/es\/la-nobile-contrada-del-bruco-es-una-de-las-diecisiete-contradas-de-siena\/"]}]},{"@type":"ImageObject","inLanguage":"es","@id":"https:\/\/www.albergominerva.it\/es\/la-nobile-contrada-del-bruco-es-una-de-las-diecisiete-contradas-de-siena\/#primaryimage","url":"https:\/\/www.albergominerva.it\/wp-content\/uploads\/2023\/08\/bruco.jpg","contentUrl":"https:\/\/www.albergominerva.it\/wp-content\/uploads\/2023\/08\/bruco.jpg"},{"@type":"BreadcrumbList","@id":"https:\/\/www.albergominerva.it\/es\/la-nobile-contrada-del-bruco-es-una-de-las-diecisiete-contradas-de-siena\/#breadcrumb","itemListElement":[{"@type":"ListItem","position":1,"name":"Home","item":"https:\/\/www.albergominerva.it\/es\/"},{"@type":"ListItem","position":2,"name":"La Nobile Contrada del Bruco es una de las diecisiete contradas de Siena"}]},{"@type":"WebSite","@id":"https:\/\/www.albergominerva.it\/es\/#website","url":"https:\/\/www.albergominerva.it\/es\/","name":"Hotel Minerva Siena","description":"Hotel in Centro Storico a Siena - Toscana - Italy","potentialAction":[{"@type":"SearchAction","target":{"@type":"EntryPoint","urlTemplate":"https:\/\/www.albergominerva.it\/es\/?s={search_term_string}"},"query-input":{"@type":"PropertyValueSpecification","valueRequired":true,"valueName":"search_term_string"}}],"inLanguage":"es"}]}},"_links":{"self":[{"href":"https:\/\/www.albergominerva.it\/es\/wp-json\/wp\/v2\/pages\/11242","targetHints":{"allow":["GET"]}}],"collection":[{"href":"https:\/\/www.albergominerva.it\/es\/wp-json\/wp\/v2\/pages"}],"about":[{"href":"https:\/\/www.albergominerva.it\/es\/wp-json\/wp\/v2\/types\/page"}],"author":[{"embeddable":true,"href":"https:\/\/www.albergominerva.it\/es\/wp-json\/wp\/v2\/users\/3"}],"replies":[{"embeddable":true,"href":"https:\/\/www.albergominerva.it\/es\/wp-json\/wp\/v2\/comments?post=11242"}],"version-history":[{"count":1,"href":"https:\/\/www.albergominerva.it\/es\/wp-json\/wp\/v2\/pages\/11242\/revisions"}],"predecessor-version":[{"id":11243,"href":"https:\/\/www.albergominerva.it\/es\/wp-json\/wp\/v2\/pages\/11242\/revisions\/11243"}],"wp:attachment":[{"href":"https:\/\/www.albergominerva.it\/es\/wp-json\/wp\/v2\/media?parent=11242"}],"curies":[{"name":"wp","href":"https:\/\/api.w.org\/{rel}","templated":true}]}}