{"id":11255,"date":"2023-08-20T09:56:33","date_gmt":"2023-08-20T07:56:33","guid":{"rendered":"https:\/\/www.albergominerva.it\/?page_id=11255"},"modified":"2023-08-20T09:56:35","modified_gmt":"2023-08-20T07:56:35","slug":"contrada-de-la-chiocciola","status":"publish","type":"page","link":"https:\/\/www.albergominerva.it\/es\/contrada-de-la-chiocciola\/","title":{"rendered":"Contrada de la Chiocciola"},"content":{"rendered":"\n<p>La Contrada della Chiocciola es una de las diecisiete contradas de Siena, ubicada en el Terzo di Citt\u00e0. Su escudo es un caracol caminando sobre un campo blanco con rosas de Chipre blancas y rojas, alternadas por las letras romanas U (Umberto I) y M (Margherita di Savoia) en azul. Sus colores son amarillo y rojo con una franja azul. El lema de la contrada es \u00abCon paso lento y serio en el campo a triunfar, Chiocciola desciende\u00bb.<\/p>\n\n\n\n<figure class=\"wp-block-image size-full\"><img loading=\"lazy\" decoding=\"async\" width=\"696\" height=\"686\" src=\"https:\/\/www.albergominerva.it\/wp-content\/uploads\/2023\/08\/chiocciola.jpg\" alt=\"\" class=\"wp-image-11013\" srcset=\"https:\/\/www.albergominerva.it\/wp-content\/uploads\/2023\/08\/chiocciola.jpg 696w, https:\/\/www.albergominerva.it\/wp-content\/uploads\/2023\/08\/chiocciola-300x296.jpg 300w\" sizes=\"auto, (max-width: 696px) 100vw, 696px\" \/><\/figure>\n\n\n\n<p>La contrada della Chiocciola est\u00e1 aliada con las contradas del Istrice, de la Pantera y de la Selva. Su contrada adversaria es la Tartuca. El santo patr\u00f3n de la contrada es San Pedro y San Pablo. Su fiesta titular se celebra el 29 de junio, aunque no caiga en domingo. La contrada della Chiocciola est\u00e1 asociada a la corporaci\u00f3n de los curtidores.<\/p>\n\n\n\n<p>La contrada della Chiocciola es una de las contradas m\u00e1s antiguas de Siena, con una historia larga y rica. La contrada es muy querida por sus contradaioli (miembros de la contrada), que siempre est\u00e1n dispuestos a apoyarla en sus carreras en el Palio.<\/p>\n\n\n\n<p>El caracol<\/p>\n\n\n\n<p>El caracol es un animal s\u00edmbolo de lentitud y paciencia. Sin embargo, el caracol tambi\u00e9n es un animal muy fuerte y resistente. Puede recorrer largas distancias y superar obst\u00e1culos. El caracol tambi\u00e9n es un animal muy protector y cuida mucho de su concha.<\/p>\n\n\n\n<p>El s\u00edmbolo del caracol es muy significativo para la contrada della Chiocciola. La contrada desea ser un ejemplo de lentitud y paciencia, pero tambi\u00e9n de fuerza y resistencia. Quiere ser una contrada protectora, que cuida de sus contradaioli.<\/p>\n\n\n\n<p>La contrada della Chiocciola es muy querida por sus contradaioli. Los miembros de la contrada siempre est\u00e1n dispuestos a apoyarla en sus carreras en el Palio. La contrada della Chiocciola tiene mucho orgullo de su historia y tradiciones.<\/p>\n","protected":false},"excerpt":{"rendered":"<p>La Contrada della Chiocciola es una de las diecisiete contradas de Siena, ubicada en el Terzo di Citt\u00e0. Su escudo<\/p>\n","protected":false},"author":3,"featured_media":0,"parent":0,"menu_order":0,"comment_status":"closed","ping_status":"closed","template":"","meta":{"_acf_changed":false,"footnotes":""},"class_list":["post-11255","page","type-page","status-publish","hentry"],"acf":[],"yoast_head":"<!-- This site is optimized with the Yoast SEO plugin v27.4 - https:\/\/yoast.com\/product\/yoast-seo-wordpress\/ -->\n<title>Contrada de la Chiocciola - Hotel Minerva Siena<\/title>\n<meta name=\"robots\" content=\"index, follow, max-snippet:-1, max-image-preview:large, max-video-preview:-1\" \/>\n<link rel=\"canonical\" href=\"https:\/\/www.albergominerva.it\/es\/contrada-de-la-chiocciola\/\" \/>\n<meta property=\"og:locale\" content=\"es_ES\" \/>\n<meta property=\"og:type\" content=\"article\" \/>\n<meta property=\"og:title\" content=\"Contrada de la Chiocciola - Hotel Minerva Siena\" \/>\n<meta property=\"og:description\" content=\"La Contrada della Chiocciola es una de las diecisiete contradas de Siena, ubicada en el Terzo di Citt\u00e0. Su escudo\" \/>\n<meta property=\"og:url\" content=\"https:\/\/www.albergominerva.it\/es\/contrada-de-la-chiocciola\/\" \/>\n<meta property=\"og:site_name\" content=\"Hotel Minerva Siena\" \/>\n<meta property=\"article:modified_time\" content=\"2023-08-20T07:56:35+00:00\" \/>\n<meta property=\"og:image\" content=\"https:\/\/www.albergominerva.it\/wp-content\/uploads\/2023\/08\/chiocciola.jpg\" \/>\n<meta name=\"twitter:card\" content=\"summary_large_image\" \/>\n<meta name=\"twitter:label1\" content=\"Tiempo de lectura\" \/>\n\t<meta name=\"twitter:data1\" content=\"2 minutos\" \/>\n<script type=\"application\/ld+json\" class=\"yoast-schema-graph\">{\"@context\":\"https:\\\/\\\/schema.org\",\"@graph\":[{\"@type\":\"WebPage\",\"@id\":\"https:\\\/\\\/www.albergominerva.it\\\/es\\\/contrada-de-la-chiocciola\\\/\",\"url\":\"https:\\\/\\\/www.albergominerva.it\\\/es\\\/contrada-de-la-chiocciola\\\/\",\"name\":\"Contrada de la Chiocciola - Hotel Minerva Siena\",\"isPartOf\":{\"@id\":\"https:\\\/\\\/www.albergominerva.it\\\/es\\\/#website\"},\"primaryImageOfPage\":{\"@id\":\"https:\\\/\\\/www.albergominerva.it\\\/es\\\/contrada-de-la-chiocciola\\\/#primaryimage\"},\"image\":{\"@id\":\"https:\\\/\\\/www.albergominerva.it\\\/es\\\/contrada-de-la-chiocciola\\\/#primaryimage\"},\"thumbnailUrl\":\"https:\\\/\\\/www.albergominerva.it\\\/wp-content\\\/uploads\\\/2023\\\/08\\\/chiocciola.jpg\",\"datePublished\":\"2023-08-20T07:56:33+00:00\",\"dateModified\":\"2023-08-20T07:56:35+00:00\",\"breadcrumb\":{\"@id\":\"https:\\\/\\\/www.albergominerva.it\\\/es\\\/contrada-de-la-chiocciola\\\/#breadcrumb\"},\"inLanguage\":\"es\",\"potentialAction\":[{\"@type\":\"ReadAction\",\"target\":[\"https:\\\/\\\/www.albergominerva.it\\\/es\\\/contrada-de-la-chiocciola\\\/\"]}]},{\"@type\":\"ImageObject\",\"inLanguage\":\"es\",\"@id\":\"https:\\\/\\\/www.albergominerva.it\\\/es\\\/contrada-de-la-chiocciola\\\/#primaryimage\",\"url\":\"https:\\\/\\\/www.albergominerva.it\\\/wp-content\\\/uploads\\\/2023\\\/08\\\/chiocciola.jpg\",\"contentUrl\":\"https:\\\/\\\/www.albergominerva.it\\\/wp-content\\\/uploads\\\/2023\\\/08\\\/chiocciola.jpg\"},{\"@type\":\"BreadcrumbList\",\"@id\":\"https:\\\/\\\/www.albergominerva.it\\\/es\\\/contrada-de-la-chiocciola\\\/#breadcrumb\",\"itemListElement\":[{\"@type\":\"ListItem\",\"position\":1,\"name\":\"Home\",\"item\":\"https:\\\/\\\/www.albergominerva.it\\\/es\\\/\"},{\"@type\":\"ListItem\",\"position\":2,\"name\":\"Contrada de la Chiocciola\"}]},{\"@type\":\"WebSite\",\"@id\":\"https:\\\/\\\/www.albergominerva.it\\\/es\\\/#website\",\"url\":\"https:\\\/\\\/www.albergominerva.it\\\/es\\\/\",\"name\":\"Hotel Minerva Siena\",\"description\":\"Hotel in Centro Storico a Siena - Toscana - Italy\",\"potentialAction\":[{\"@type\":\"SearchAction\",\"target\":{\"@type\":\"EntryPoint\",\"urlTemplate\":\"https:\\\/\\\/www.albergominerva.it\\\/es\\\/?s={search_term_string}\"},\"query-input\":{\"@type\":\"PropertyValueSpecification\",\"valueRequired\":true,\"valueName\":\"search_term_string\"}}],\"inLanguage\":\"es\"}]}<\/script>\n<!-- \/ Yoast SEO plugin. -->","yoast_head_json":{"title":"Contrada de la Chiocciola - Hotel Minerva Siena","robots":{"index":"index","follow":"follow","max-snippet":"max-snippet:-1","max-image-preview":"max-image-preview:large","max-video-preview":"max-video-preview:-1"},"canonical":"https:\/\/www.albergominerva.it\/es\/contrada-de-la-chiocciola\/","og_locale":"es_ES","og_type":"article","og_title":"Contrada de la Chiocciola - Hotel Minerva Siena","og_description":"La Contrada della Chiocciola es una de las diecisiete contradas de Siena, ubicada en el Terzo di Citt\u00e0. Su escudo","og_url":"https:\/\/www.albergominerva.it\/es\/contrada-de-la-chiocciola\/","og_site_name":"Hotel Minerva Siena","article_modified_time":"2023-08-20T07:56:35+00:00","og_image":[{"url":"https:\/\/www.albergominerva.it\/wp-content\/uploads\/2023\/08\/chiocciola.jpg","type":"","width":"","height":""}],"twitter_card":"summary_large_image","twitter_misc":{"Tiempo de lectura":"2 minutos"},"schema":{"@context":"https:\/\/schema.org","@graph":[{"@type":"WebPage","@id":"https:\/\/www.albergominerva.it\/es\/contrada-de-la-chiocciola\/","url":"https:\/\/www.albergominerva.it\/es\/contrada-de-la-chiocciola\/","name":"Contrada de la Chiocciola - Hotel Minerva Siena","isPartOf":{"@id":"https:\/\/www.albergominerva.it\/es\/#website"},"primaryImageOfPage":{"@id":"https:\/\/www.albergominerva.it\/es\/contrada-de-la-chiocciola\/#primaryimage"},"image":{"@id":"https:\/\/www.albergominerva.it\/es\/contrada-de-la-chiocciola\/#primaryimage"},"thumbnailUrl":"https:\/\/www.albergominerva.it\/wp-content\/uploads\/2023\/08\/chiocciola.jpg","datePublished":"2023-08-20T07:56:33+00:00","dateModified":"2023-08-20T07:56:35+00:00","breadcrumb":{"@id":"https:\/\/www.albergominerva.it\/es\/contrada-de-la-chiocciola\/#breadcrumb"},"inLanguage":"es","potentialAction":[{"@type":"ReadAction","target":["https:\/\/www.albergominerva.it\/es\/contrada-de-la-chiocciola\/"]}]},{"@type":"ImageObject","inLanguage":"es","@id":"https:\/\/www.albergominerva.it\/es\/contrada-de-la-chiocciola\/#primaryimage","url":"https:\/\/www.albergominerva.it\/wp-content\/uploads\/2023\/08\/chiocciola.jpg","contentUrl":"https:\/\/www.albergominerva.it\/wp-content\/uploads\/2023\/08\/chiocciola.jpg"},{"@type":"BreadcrumbList","@id":"https:\/\/www.albergominerva.it\/es\/contrada-de-la-chiocciola\/#breadcrumb","itemListElement":[{"@type":"ListItem","position":1,"name":"Home","item":"https:\/\/www.albergominerva.it\/es\/"},{"@type":"ListItem","position":2,"name":"Contrada de la Chiocciola"}]},{"@type":"WebSite","@id":"https:\/\/www.albergominerva.it\/es\/#website","url":"https:\/\/www.albergominerva.it\/es\/","name":"Hotel Minerva Siena","description":"Hotel in Centro Storico a Siena - Toscana - Italy","potentialAction":[{"@type":"SearchAction","target":{"@type":"EntryPoint","urlTemplate":"https:\/\/www.albergominerva.it\/es\/?s={search_term_string}"},"query-input":{"@type":"PropertyValueSpecification","valueRequired":true,"valueName":"search_term_string"}}],"inLanguage":"es"}]}},"_links":{"self":[{"href":"https:\/\/www.albergominerva.it\/es\/wp-json\/wp\/v2\/pages\/11255","targetHints":{"allow":["GET"]}}],"collection":[{"href":"https:\/\/www.albergominerva.it\/es\/wp-json\/wp\/v2\/pages"}],"about":[{"href":"https:\/\/www.albergominerva.it\/es\/wp-json\/wp\/v2\/types\/page"}],"author":[{"embeddable":true,"href":"https:\/\/www.albergominerva.it\/es\/wp-json\/wp\/v2\/users\/3"}],"replies":[{"embeddable":true,"href":"https:\/\/www.albergominerva.it\/es\/wp-json\/wp\/v2\/comments?post=11255"}],"version-history":[{"count":1,"href":"https:\/\/www.albergominerva.it\/es\/wp-json\/wp\/v2\/pages\/11255\/revisions"}],"predecessor-version":[{"id":11256,"href":"https:\/\/www.albergominerva.it\/es\/wp-json\/wp\/v2\/pages\/11255\/revisions\/11256"}],"wp:attachment":[{"href":"https:\/\/www.albergominerva.it\/es\/wp-json\/wp\/v2\/media?parent=11255"}],"curies":[{"name":"wp","href":"https:\/\/api.w.org\/{rel}","templated":true}]}}