{"id":11267,"date":"2023-08-20T10:10:15","date_gmt":"2023-08-20T08:10:15","guid":{"rendered":"https:\/\/www.albergominerva.it\/?page_id=11267"},"modified":"2023-08-20T10:10:16","modified_gmt":"2023-08-20T08:10:16","slug":"contrada-priora-della-civetta","status":"publish","type":"page","link":"https:\/\/www.albergominerva.it\/es\/contrada-priora-della-civetta\/","title":{"rendered":"Contrada Priora della Civetta"},"content":{"rendered":"\n<p>La Contrada Priora della Civetta es una de las diecisiete contradas de Siena, ubicada en el Terzo di San Martino. Su emblema es un escudo dividido en negro y rojo, con una lechuza coronada posada en una rama, y dos escudetes azules con las letras U y M, iniciales de Umberto I de Saboya y Margherita di Savoia. Sus colores son negro y rojo, rayados de blanco. El lema de la contrada es \u00abVeo en la noche\u00bb.<\/p>\n\n\n\n<figure class=\"wp-block-image size-full\"><img loading=\"lazy\" decoding=\"async\" width=\"701\" height=\"710\" src=\"https:\/\/www.albergominerva.it\/wp-content\/uploads\/2023\/08\/civetta.jpg\" alt=\"\" class=\"wp-image-11033\" srcset=\"https:\/\/www.albergominerva.it\/wp-content\/uploads\/2023\/08\/civetta.jpg 701w, https:\/\/www.albergominerva.it\/wp-content\/uploads\/2023\/08\/civetta-296x300.jpg 296w\" sizes=\"auto, (max-width: 701px) 100vw, 701px\" \/><\/figure>\n\n\n\n<p>La contrada ostenta el t\u00edtulo de \u00abPriora\u00bb por haber sido sede de la primera reuni\u00f3n del Magistrato delle Contrade. Su Terzo de pertenencia es San Martino. Las compa\u00f1\u00edas militares asociadas a la contrada son San Cristoforo, San Pietro in Banchi y San Vigilio. Las contradas aliadas de la Civetta son Aquila, Giraffa, Istrice y Pantera. La contrada rival de la Civetta es Leocorno. El patr\u00f3n de la contrada es San Antonio de Padua, y la celebraci\u00f3n titular se lleva a cabo el domingo cercano al 13 de junio. La corporaci\u00f3n de la contrada es la de los zapateros.<\/p>\n\n\n\n<p>La Contrada Priora della Civetta es una de las contradas m\u00e1s antiguas de Siena, con una historia larga y rica. La contrada es profundamente apreciada por sus contradaioli (miembros de la contrada), que siempre est\u00e1n listos para apoyarla en sus carreras en el Palio.<\/p>\n","protected":false},"excerpt":{"rendered":"<p>La Contrada Priora della Civetta es una de las diecisiete contradas de Siena, ubicada en el Terzo di San Martino.<\/p>\n","protected":false},"author":3,"featured_media":0,"parent":0,"menu_order":0,"comment_status":"closed","ping_status":"closed","template":"","meta":{"_acf_changed":false,"footnotes":""},"class_list":["post-11267","page","type-page","status-publish","hentry"],"acf":[],"yoast_head":"<!-- This site is optimized with the Yoast SEO plugin v26.4 - https:\/\/yoast.com\/wordpress\/plugins\/seo\/ -->\n<title>Contrada Priora della Civetta - Hotel Minerva Siena<\/title>\n<meta name=\"robots\" content=\"index, follow, max-snippet:-1, max-image-preview:large, max-video-preview:-1\" \/>\n<link rel=\"canonical\" href=\"https:\/\/www.albergominerva.it\/es\/contrada-priora-della-civetta\/\" \/>\n<meta property=\"og:locale\" content=\"es_ES\" \/>\n<meta property=\"og:type\" content=\"article\" \/>\n<meta property=\"og:title\" content=\"Contrada Priora della Civetta - Hotel Minerva Siena\" \/>\n<meta property=\"og:description\" content=\"La Contrada Priora della Civetta es una de las diecisiete contradas de Siena, ubicada en el Terzo di San Martino.\" \/>\n<meta property=\"og:url\" content=\"https:\/\/www.albergominerva.it\/es\/contrada-priora-della-civetta\/\" \/>\n<meta property=\"og:site_name\" content=\"Hotel Minerva Siena\" \/>\n<meta property=\"article:modified_time\" content=\"2023-08-20T08:10:16+00:00\" \/>\n<meta property=\"og:image\" content=\"https:\/\/www.albergominerva.it\/wp-content\/uploads\/2023\/08\/civetta.jpg\" \/>\n<meta name=\"twitter:card\" content=\"summary_large_image\" \/>\n<meta name=\"twitter:label1\" content=\"Tiempo de lectura\" \/>\n\t<meta name=\"twitter:data1\" content=\"2 minutos\" \/>\n<script type=\"application\/ld+json\" class=\"yoast-schema-graph\">{\"@context\":\"https:\/\/schema.org\",\"@graph\":[{\"@type\":\"WebPage\",\"@id\":\"https:\/\/www.albergominerva.it\/es\/contrada-priora-della-civetta\/\",\"url\":\"https:\/\/www.albergominerva.it\/es\/contrada-priora-della-civetta\/\",\"name\":\"Contrada Priora della Civetta - Hotel Minerva Siena\",\"isPartOf\":{\"@id\":\"https:\/\/www.albergominerva.it\/es\/#website\"},\"primaryImageOfPage\":{\"@id\":\"https:\/\/www.albergominerva.it\/es\/contrada-priora-della-civetta\/#primaryimage\"},\"image\":{\"@id\":\"https:\/\/www.albergominerva.it\/es\/contrada-priora-della-civetta\/#primaryimage\"},\"thumbnailUrl\":\"https:\/\/www.albergominerva.it\/wp-content\/uploads\/2023\/08\/civetta.jpg\",\"datePublished\":\"2023-08-20T08:10:15+00:00\",\"dateModified\":\"2023-08-20T08:10:16+00:00\",\"breadcrumb\":{\"@id\":\"https:\/\/www.albergominerva.it\/es\/contrada-priora-della-civetta\/#breadcrumb\"},\"inLanguage\":\"es\",\"potentialAction\":[{\"@type\":\"ReadAction\",\"target\":[\"https:\/\/www.albergominerva.it\/es\/contrada-priora-della-civetta\/\"]}]},{\"@type\":\"ImageObject\",\"inLanguage\":\"es\",\"@id\":\"https:\/\/www.albergominerva.it\/es\/contrada-priora-della-civetta\/#primaryimage\",\"url\":\"https:\/\/www.albergominerva.it\/wp-content\/uploads\/2023\/08\/civetta.jpg\",\"contentUrl\":\"https:\/\/www.albergominerva.it\/wp-content\/uploads\/2023\/08\/civetta.jpg\"},{\"@type\":\"BreadcrumbList\",\"@id\":\"https:\/\/www.albergominerva.it\/es\/contrada-priora-della-civetta\/#breadcrumb\",\"itemListElement\":[{\"@type\":\"ListItem\",\"position\":1,\"name\":\"Home\",\"item\":\"https:\/\/www.albergominerva.it\/es\/\"},{\"@type\":\"ListItem\",\"position\":2,\"name\":\"Contrada Priora della Civetta\"}]},{\"@type\":\"WebSite\",\"@id\":\"https:\/\/www.albergominerva.it\/es\/#website\",\"url\":\"https:\/\/www.albergominerva.it\/es\/\",\"name\":\"Hotel Minerva Siena\",\"description\":\"Hotel in Centro Storico a Siena - Toscana - Italy\",\"potentialAction\":[{\"@type\":\"SearchAction\",\"target\":{\"@type\":\"EntryPoint\",\"urlTemplate\":\"https:\/\/www.albergominerva.it\/es\/?s={search_term_string}\"},\"query-input\":{\"@type\":\"PropertyValueSpecification\",\"valueRequired\":true,\"valueName\":\"search_term_string\"}}],\"inLanguage\":\"es\"}]}<\/script>\n<!-- \/ Yoast SEO plugin. -->","yoast_head_json":{"title":"Contrada Priora della Civetta - Hotel Minerva Siena","robots":{"index":"index","follow":"follow","max-snippet":"max-snippet:-1","max-image-preview":"max-image-preview:large","max-video-preview":"max-video-preview:-1"},"canonical":"https:\/\/www.albergominerva.it\/es\/contrada-priora-della-civetta\/","og_locale":"es_ES","og_type":"article","og_title":"Contrada Priora della Civetta - Hotel Minerva Siena","og_description":"La Contrada Priora della Civetta es una de las diecisiete contradas de Siena, ubicada en el Terzo di San Martino.","og_url":"https:\/\/www.albergominerva.it\/es\/contrada-priora-della-civetta\/","og_site_name":"Hotel Minerva Siena","article_modified_time":"2023-08-20T08:10:16+00:00","og_image":[{"url":"https:\/\/www.albergominerva.it\/wp-content\/uploads\/2023\/08\/civetta.jpg","type":"","width":"","height":""}],"twitter_card":"summary_large_image","twitter_misc":{"Tiempo de lectura":"2 minutos"},"schema":{"@context":"https:\/\/schema.org","@graph":[{"@type":"WebPage","@id":"https:\/\/www.albergominerva.it\/es\/contrada-priora-della-civetta\/","url":"https:\/\/www.albergominerva.it\/es\/contrada-priora-della-civetta\/","name":"Contrada Priora della Civetta - Hotel Minerva Siena","isPartOf":{"@id":"https:\/\/www.albergominerva.it\/es\/#website"},"primaryImageOfPage":{"@id":"https:\/\/www.albergominerva.it\/es\/contrada-priora-della-civetta\/#primaryimage"},"image":{"@id":"https:\/\/www.albergominerva.it\/es\/contrada-priora-della-civetta\/#primaryimage"},"thumbnailUrl":"https:\/\/www.albergominerva.it\/wp-content\/uploads\/2023\/08\/civetta.jpg","datePublished":"2023-08-20T08:10:15+00:00","dateModified":"2023-08-20T08:10:16+00:00","breadcrumb":{"@id":"https:\/\/www.albergominerva.it\/es\/contrada-priora-della-civetta\/#breadcrumb"},"inLanguage":"es","potentialAction":[{"@type":"ReadAction","target":["https:\/\/www.albergominerva.it\/es\/contrada-priora-della-civetta\/"]}]},{"@type":"ImageObject","inLanguage":"es","@id":"https:\/\/www.albergominerva.it\/es\/contrada-priora-della-civetta\/#primaryimage","url":"https:\/\/www.albergominerva.it\/wp-content\/uploads\/2023\/08\/civetta.jpg","contentUrl":"https:\/\/www.albergominerva.it\/wp-content\/uploads\/2023\/08\/civetta.jpg"},{"@type":"BreadcrumbList","@id":"https:\/\/www.albergominerva.it\/es\/contrada-priora-della-civetta\/#breadcrumb","itemListElement":[{"@type":"ListItem","position":1,"name":"Home","item":"https:\/\/www.albergominerva.it\/es\/"},{"@type":"ListItem","position":2,"name":"Contrada Priora della Civetta"}]},{"@type":"WebSite","@id":"https:\/\/www.albergominerva.it\/es\/#website","url":"https:\/\/www.albergominerva.it\/es\/","name":"Hotel Minerva Siena","description":"Hotel in Centro Storico a Siena - Toscana - Italy","potentialAction":[{"@type":"SearchAction","target":{"@type":"EntryPoint","urlTemplate":"https:\/\/www.albergominerva.it\/es\/?s={search_term_string}"},"query-input":{"@type":"PropertyValueSpecification","valueRequired":true,"valueName":"search_term_string"}}],"inLanguage":"es"}]}},"_links":{"self":[{"href":"https:\/\/www.albergominerva.it\/es\/wp-json\/wp\/v2\/pages\/11267","targetHints":{"allow":["GET"]}}],"collection":[{"href":"https:\/\/www.albergominerva.it\/es\/wp-json\/wp\/v2\/pages"}],"about":[{"href":"https:\/\/www.albergominerva.it\/es\/wp-json\/wp\/v2\/types\/page"}],"author":[{"embeddable":true,"href":"https:\/\/www.albergominerva.it\/es\/wp-json\/wp\/v2\/users\/3"}],"replies":[{"embeddable":true,"href":"https:\/\/www.albergominerva.it\/es\/wp-json\/wp\/v2\/comments?post=11267"}],"version-history":[{"count":1,"href":"https:\/\/www.albergominerva.it\/es\/wp-json\/wp\/v2\/pages\/11267\/revisions"}],"predecessor-version":[{"id":11268,"href":"https:\/\/www.albergominerva.it\/es\/wp-json\/wp\/v2\/pages\/11267\/revisions\/11268"}],"wp:attachment":[{"href":"https:\/\/www.albergominerva.it\/es\/wp-json\/wp\/v2\/media?parent=11267"}],"curies":[{"name":"wp","href":"https:\/\/api.w.org\/{rel}","templated":true}]}}