{"id":11306,"date":"2023-08-20T10:33:27","date_gmt":"2023-08-20T08:33:27","guid":{"rendered":"https:\/\/www.albergominerva.it\/?page_id=11306"},"modified":"2023-08-20T10:33:28","modified_gmt":"2023-08-20T08:33:28","slug":"contrada-soberana-del-erizo","status":"publish","type":"page","link":"https:\/\/www.albergominerva.it\/es\/contrada-soberana-del-erizo\/","title":{"rendered":"Contrada Soberana del Erizo"},"content":{"rendered":"\n<p>La Contrada Soberana del Erizo es una de las diecisiete contradas de Siena, ubicada en el Terzo di Camollia. Su emblema es un erizo coronado. En los lados de la corona: dos rosas de Chipre; sobre la corona: una cruz blanca sobre fondo rojo de la Orden Soberana Militar de Malta. Abajo, un nudo saboyano azul. Sus colores son blanco con arabescos negros, azules y rojos. El lema de la contrada es \u00abPico solo para defenderme\u00bb.<\/p>\n\n\n\n<figure class=\"wp-block-image size-full\"><img loading=\"lazy\" decoding=\"async\" width=\"693\" height=\"699\" src=\"https:\/\/www.albergominerva.it\/wp-content\/uploads\/2023\/08\/istrice.jpg\" alt=\"\" class=\"wp-image-11090\" srcset=\"https:\/\/www.albergominerva.it\/wp-content\/uploads\/2023\/08\/istrice.jpg 693w, https:\/\/www.albergominerva.it\/wp-content\/uploads\/2023\/08\/istrice-297x300.jpg 297w, https:\/\/www.albergominerva.it\/wp-content\/uploads\/2023\/08\/istrice-150x150.jpg 150w\" sizes=\"auto, (max-width: 693px) 100vw, 693px\" \/><\/figure>\n\n\n\n<p>La contrada ostenta el t\u00edtulo de Soberana otorgado en 1980 por la Orden Soberana Militar de Malta, que ten\u00eda su sede en el barrio de Camollia desde el siglo XIV. Su Terzo de pertenencia es Camollia. Las compa\u00f1\u00edas militares asociadas a la contrada son La Magione, San Bartolomeo, San Vincenzo, Santo Stefano. Las contradas aliadas del erizo son Bruco, Chiocciola, Civetta y Giraffa. La contrada adversaria del erizo es Lupa. El patr\u00f3n de la contrada es San Bartolom\u00e9 Ap\u00f3stol. La fiesta titular se celebra alrededor del 24 de agosto. La corporaci\u00f3n de la contrada es la de los herreros.<\/p>\n\n\n\n<p>La Contrada Soberana del Erizo es una de las contradas m\u00e1s antiguas de Siena, con una historia larga y rica. La contrada es profundamente apreciada por sus contradaioli (miembros de la contrada), que siempre est\u00e1n dispuestos a apoyarla en sus carreras en el Palio.<\/p>\n","protected":false},"excerpt":{"rendered":"<p>La Contrada Soberana del Erizo es una de las diecisiete contradas de Siena, ubicada en el Terzo di Camollia. Su<\/p>\n","protected":false},"author":3,"featured_media":0,"parent":0,"menu_order":0,"comment_status":"closed","ping_status":"closed","template":"","meta":{"_acf_changed":false,"footnotes":""},"class_list":["post-11306","page","type-page","status-publish","hentry"],"acf":[],"yoast_head":"<!-- This site is optimized with the Yoast SEO plugin v27.4 - https:\/\/yoast.com\/product\/yoast-seo-wordpress\/ -->\n<title>Contrada Soberana del Erizo - Hotel Minerva Siena<\/title>\n<meta name=\"robots\" content=\"index, follow, max-snippet:-1, max-image-preview:large, max-video-preview:-1\" \/>\n<link rel=\"canonical\" href=\"https:\/\/www.albergominerva.it\/es\/contrada-soberana-del-erizo\/\" \/>\n<meta property=\"og:locale\" content=\"es_ES\" \/>\n<meta property=\"og:type\" content=\"article\" \/>\n<meta property=\"og:title\" content=\"Contrada Soberana del Erizo - Hotel Minerva Siena\" \/>\n<meta property=\"og:description\" content=\"La Contrada Soberana del Erizo es una de las diecisiete contradas de Siena, ubicada en el Terzo di Camollia. Su\" \/>\n<meta property=\"og:url\" content=\"https:\/\/www.albergominerva.it\/es\/contrada-soberana-del-erizo\/\" \/>\n<meta property=\"og:site_name\" content=\"Hotel Minerva Siena\" \/>\n<meta property=\"article:modified_time\" content=\"2023-08-20T08:33:28+00:00\" \/>\n<meta property=\"og:image\" content=\"https:\/\/www.albergominerva.it\/wp-content\/uploads\/2023\/08\/istrice.jpg\" \/>\n<meta name=\"twitter:card\" content=\"summary_large_image\" \/>\n<meta name=\"twitter:label1\" content=\"Tiempo de lectura\" \/>\n\t<meta name=\"twitter:data1\" content=\"2 minutos\" \/>\n<script type=\"application\/ld+json\" class=\"yoast-schema-graph\">{\"@context\":\"https:\\\/\\\/schema.org\",\"@graph\":[{\"@type\":\"WebPage\",\"@id\":\"https:\\\/\\\/www.albergominerva.it\\\/es\\\/contrada-soberana-del-erizo\\\/\",\"url\":\"https:\\\/\\\/www.albergominerva.it\\\/es\\\/contrada-soberana-del-erizo\\\/\",\"name\":\"Contrada Soberana del Erizo - Hotel Minerva Siena\",\"isPartOf\":{\"@id\":\"https:\\\/\\\/www.albergominerva.it\\\/es\\\/#website\"},\"primaryImageOfPage\":{\"@id\":\"https:\\\/\\\/www.albergominerva.it\\\/es\\\/contrada-soberana-del-erizo\\\/#primaryimage\"},\"image\":{\"@id\":\"https:\\\/\\\/www.albergominerva.it\\\/es\\\/contrada-soberana-del-erizo\\\/#primaryimage\"},\"thumbnailUrl\":\"https:\\\/\\\/www.albergominerva.it\\\/wp-content\\\/uploads\\\/2023\\\/08\\\/istrice.jpg\",\"datePublished\":\"2023-08-20T08:33:27+00:00\",\"dateModified\":\"2023-08-20T08:33:28+00:00\",\"breadcrumb\":{\"@id\":\"https:\\\/\\\/www.albergominerva.it\\\/es\\\/contrada-soberana-del-erizo\\\/#breadcrumb\"},\"inLanguage\":\"es\",\"potentialAction\":[{\"@type\":\"ReadAction\",\"target\":[\"https:\\\/\\\/www.albergominerva.it\\\/es\\\/contrada-soberana-del-erizo\\\/\"]}]},{\"@type\":\"ImageObject\",\"inLanguage\":\"es\",\"@id\":\"https:\\\/\\\/www.albergominerva.it\\\/es\\\/contrada-soberana-del-erizo\\\/#primaryimage\",\"url\":\"https:\\\/\\\/www.albergominerva.it\\\/wp-content\\\/uploads\\\/2023\\\/08\\\/istrice.jpg\",\"contentUrl\":\"https:\\\/\\\/www.albergominerva.it\\\/wp-content\\\/uploads\\\/2023\\\/08\\\/istrice.jpg\"},{\"@type\":\"BreadcrumbList\",\"@id\":\"https:\\\/\\\/www.albergominerva.it\\\/es\\\/contrada-soberana-del-erizo\\\/#breadcrumb\",\"itemListElement\":[{\"@type\":\"ListItem\",\"position\":1,\"name\":\"Home\",\"item\":\"https:\\\/\\\/www.albergominerva.it\\\/es\\\/\"},{\"@type\":\"ListItem\",\"position\":2,\"name\":\"Contrada Soberana del Erizo\"}]},{\"@type\":\"WebSite\",\"@id\":\"https:\\\/\\\/www.albergominerva.it\\\/es\\\/#website\",\"url\":\"https:\\\/\\\/www.albergominerva.it\\\/es\\\/\",\"name\":\"Hotel Minerva Siena\",\"description\":\"Hotel in Centro Storico a Siena - Toscana - Italy\",\"potentialAction\":[{\"@type\":\"SearchAction\",\"target\":{\"@type\":\"EntryPoint\",\"urlTemplate\":\"https:\\\/\\\/www.albergominerva.it\\\/es\\\/?s={search_term_string}\"},\"query-input\":{\"@type\":\"PropertyValueSpecification\",\"valueRequired\":true,\"valueName\":\"search_term_string\"}}],\"inLanguage\":\"es\"}]}<\/script>\n<!-- \/ Yoast SEO plugin. -->","yoast_head_json":{"title":"Contrada Soberana del Erizo - Hotel Minerva Siena","robots":{"index":"index","follow":"follow","max-snippet":"max-snippet:-1","max-image-preview":"max-image-preview:large","max-video-preview":"max-video-preview:-1"},"canonical":"https:\/\/www.albergominerva.it\/es\/contrada-soberana-del-erizo\/","og_locale":"es_ES","og_type":"article","og_title":"Contrada Soberana del Erizo - Hotel Minerva Siena","og_description":"La Contrada Soberana del Erizo es una de las diecisiete contradas de Siena, ubicada en el Terzo di Camollia. Su","og_url":"https:\/\/www.albergominerva.it\/es\/contrada-soberana-del-erizo\/","og_site_name":"Hotel Minerva Siena","article_modified_time":"2023-08-20T08:33:28+00:00","og_image":[{"url":"https:\/\/www.albergominerva.it\/wp-content\/uploads\/2023\/08\/istrice.jpg","type":"","width":"","height":""}],"twitter_card":"summary_large_image","twitter_misc":{"Tiempo de lectura":"2 minutos"},"schema":{"@context":"https:\/\/schema.org","@graph":[{"@type":"WebPage","@id":"https:\/\/www.albergominerva.it\/es\/contrada-soberana-del-erizo\/","url":"https:\/\/www.albergominerva.it\/es\/contrada-soberana-del-erizo\/","name":"Contrada Soberana del Erizo - Hotel Minerva Siena","isPartOf":{"@id":"https:\/\/www.albergominerva.it\/es\/#website"},"primaryImageOfPage":{"@id":"https:\/\/www.albergominerva.it\/es\/contrada-soberana-del-erizo\/#primaryimage"},"image":{"@id":"https:\/\/www.albergominerva.it\/es\/contrada-soberana-del-erizo\/#primaryimage"},"thumbnailUrl":"https:\/\/www.albergominerva.it\/wp-content\/uploads\/2023\/08\/istrice.jpg","datePublished":"2023-08-20T08:33:27+00:00","dateModified":"2023-08-20T08:33:28+00:00","breadcrumb":{"@id":"https:\/\/www.albergominerva.it\/es\/contrada-soberana-del-erizo\/#breadcrumb"},"inLanguage":"es","potentialAction":[{"@type":"ReadAction","target":["https:\/\/www.albergominerva.it\/es\/contrada-soberana-del-erizo\/"]}]},{"@type":"ImageObject","inLanguage":"es","@id":"https:\/\/www.albergominerva.it\/es\/contrada-soberana-del-erizo\/#primaryimage","url":"https:\/\/www.albergominerva.it\/wp-content\/uploads\/2023\/08\/istrice.jpg","contentUrl":"https:\/\/www.albergominerva.it\/wp-content\/uploads\/2023\/08\/istrice.jpg"},{"@type":"BreadcrumbList","@id":"https:\/\/www.albergominerva.it\/es\/contrada-soberana-del-erizo\/#breadcrumb","itemListElement":[{"@type":"ListItem","position":1,"name":"Home","item":"https:\/\/www.albergominerva.it\/es\/"},{"@type":"ListItem","position":2,"name":"Contrada Soberana del Erizo"}]},{"@type":"WebSite","@id":"https:\/\/www.albergominerva.it\/es\/#website","url":"https:\/\/www.albergominerva.it\/es\/","name":"Hotel Minerva Siena","description":"Hotel in Centro Storico a Siena - Toscana - Italy","potentialAction":[{"@type":"SearchAction","target":{"@type":"EntryPoint","urlTemplate":"https:\/\/www.albergominerva.it\/es\/?s={search_term_string}"},"query-input":{"@type":"PropertyValueSpecification","valueRequired":true,"valueName":"search_term_string"}}],"inLanguage":"es"}]}},"_links":{"self":[{"href":"https:\/\/www.albergominerva.it\/es\/wp-json\/wp\/v2\/pages\/11306","targetHints":{"allow":["GET"]}}],"collection":[{"href":"https:\/\/www.albergominerva.it\/es\/wp-json\/wp\/v2\/pages"}],"about":[{"href":"https:\/\/www.albergominerva.it\/es\/wp-json\/wp\/v2\/types\/page"}],"author":[{"embeddable":true,"href":"https:\/\/www.albergominerva.it\/es\/wp-json\/wp\/v2\/users\/3"}],"replies":[{"embeddable":true,"href":"https:\/\/www.albergominerva.it\/es\/wp-json\/wp\/v2\/comments?post=11306"}],"version-history":[{"count":1,"href":"https:\/\/www.albergominerva.it\/es\/wp-json\/wp\/v2\/pages\/11306\/revisions"}],"predecessor-version":[{"id":11307,"href":"https:\/\/www.albergominerva.it\/es\/wp-json\/wp\/v2\/pages\/11306\/revisions\/11307"}],"wp:attachment":[{"href":"https:\/\/www.albergominerva.it\/es\/wp-json\/wp\/v2\/media?parent=11306"}],"curies":[{"name":"wp","href":"https:\/\/api.w.org\/{rel}","templated":true}]}}