{"id":11318,"date":"2023-08-20T13:38:51","date_gmt":"2023-08-20T11:38:51","guid":{"rendered":"https:\/\/www.albergominerva.it\/?page_id=11318"},"modified":"2023-08-20T13:38:52","modified_gmt":"2023-08-20T11:38:52","slug":"contrada-del-unicornio","status":"publish","type":"page","link":"https:\/\/www.albergominerva.it\/es\/contrada-del-unicornio\/","title":{"rendered":"Contrada del Unicornio"},"content":{"rendered":"\n<p>La Contrada del Unicornio es una de las diecisiete contradas de Siena y se encuentra en el Terzo di San Martino. Su escudo muestra un unicornio rampante en un campo plateado con un borde azul, donde est\u00e1 grabada la divisa \u00abHumberti Regis Gratia\u00bb en dorado. Sus colores son blanco y naranja, listados en azul. La divisa de la contrada es \u00abLa fe y la curaci\u00f3n son igualmente mis armas en la frente\u00bb.<\/p>\n\n\n\n<figure class=\"wp-block-image size-full\"><img loading=\"lazy\" decoding=\"async\" width=\"693\" height=\"691\" src=\"https:\/\/www.albergominerva.it\/wp-content\/uploads\/2023\/08\/leocorno.jpg\" alt=\"\" class=\"wp-image-11110\" srcset=\"https:\/\/www.albergominerva.it\/wp-content\/uploads\/2023\/08\/leocorno.jpg 693w, https:\/\/www.albergominerva.it\/wp-content\/uploads\/2023\/08\/leocorno-300x300.jpg 300w, https:\/\/www.albergominerva.it\/wp-content\/uploads\/2023\/08\/leocorno-150x150.jpg 150w\" sizes=\"auto, (max-width: 693px) 100vw, 693px\" \/><\/figure>\n\n\n\n<p>La contrada ostenta el t\u00edtulo de Priora por haber albergado la primera reuni\u00f3n del Magistrato delle Contrade. Su Terzo de pertenencia es San Martino. Las compa\u00f1\u00edas militares asociadas a la contrada son Pantaneto, San Giorgio y Spadaforte. Las contradas aliadas del unicornio son la Pantera y la Tartuca. La contrada adversaria del unicornio es la Civetta. El santo patr\u00f3n de la contrada es San Juan Bautista. La fiesta titular se celebra alrededor del 24 de junio. La corporaci\u00f3n de la contrada es la de los orfebres.<\/p>\n\n\n\n<p>La Contrada del Unicornio es una de las m\u00e1s antiguas de Siena, con una historia larga y rica. La contrada es muy querida por sus contradaioli (miembros de la contrada), que siempre est\u00e1n dispuestos a apoyarla en sus carreras en el Palio.<\/p>\n","protected":false},"excerpt":{"rendered":"<p>La Contrada del Unicornio es una de las diecisiete contradas de Siena y se encuentra en el Terzo di San<\/p>\n","protected":false},"author":3,"featured_media":0,"parent":0,"menu_order":0,"comment_status":"closed","ping_status":"closed","template":"","meta":{"_acf_changed":false,"footnotes":""},"class_list":["post-11318","page","type-page","status-publish","hentry"],"acf":[],"yoast_head":"<!-- This site is optimized with the Yoast SEO plugin v27.4 - https:\/\/yoast.com\/product\/yoast-seo-wordpress\/ -->\n<title>Contrada del Unicornio - Hotel Minerva Siena<\/title>\n<meta name=\"robots\" content=\"index, follow, max-snippet:-1, max-image-preview:large, max-video-preview:-1\" \/>\n<link rel=\"canonical\" href=\"https:\/\/www.albergominerva.it\/es\/contrada-del-unicornio\/\" \/>\n<meta property=\"og:locale\" content=\"es_ES\" \/>\n<meta property=\"og:type\" content=\"article\" \/>\n<meta property=\"og:title\" content=\"Contrada del Unicornio - Hotel Minerva Siena\" \/>\n<meta property=\"og:description\" content=\"La Contrada del Unicornio es una de las diecisiete contradas de Siena y se encuentra en el Terzo di San\" \/>\n<meta property=\"og:url\" content=\"https:\/\/www.albergominerva.it\/es\/contrada-del-unicornio\/\" \/>\n<meta property=\"og:site_name\" content=\"Hotel Minerva Siena\" \/>\n<meta property=\"article:modified_time\" content=\"2023-08-20T11:38:52+00:00\" \/>\n<meta property=\"og:image\" content=\"https:\/\/www.albergominerva.it\/wp-content\/uploads\/2023\/08\/leocorno.jpg\" \/>\n<meta name=\"twitter:card\" content=\"summary_large_image\" \/>\n<meta name=\"twitter:label1\" content=\"Tiempo de lectura\" \/>\n\t<meta name=\"twitter:data1\" content=\"2 minutos\" \/>\n<script type=\"application\/ld+json\" class=\"yoast-schema-graph\">{\"@context\":\"https:\\\/\\\/schema.org\",\"@graph\":[{\"@type\":\"WebPage\",\"@id\":\"https:\\\/\\\/www.albergominerva.it\\\/es\\\/contrada-del-unicornio\\\/\",\"url\":\"https:\\\/\\\/www.albergominerva.it\\\/es\\\/contrada-del-unicornio\\\/\",\"name\":\"Contrada del Unicornio - Hotel Minerva Siena\",\"isPartOf\":{\"@id\":\"https:\\\/\\\/www.albergominerva.it\\\/es\\\/#website\"},\"primaryImageOfPage\":{\"@id\":\"https:\\\/\\\/www.albergominerva.it\\\/es\\\/contrada-del-unicornio\\\/#primaryimage\"},\"image\":{\"@id\":\"https:\\\/\\\/www.albergominerva.it\\\/es\\\/contrada-del-unicornio\\\/#primaryimage\"},\"thumbnailUrl\":\"https:\\\/\\\/www.albergominerva.it\\\/wp-content\\\/uploads\\\/2023\\\/08\\\/leocorno.jpg\",\"datePublished\":\"2023-08-20T11:38:51+00:00\",\"dateModified\":\"2023-08-20T11:38:52+00:00\",\"breadcrumb\":{\"@id\":\"https:\\\/\\\/www.albergominerva.it\\\/es\\\/contrada-del-unicornio\\\/#breadcrumb\"},\"inLanguage\":\"es\",\"potentialAction\":[{\"@type\":\"ReadAction\",\"target\":[\"https:\\\/\\\/www.albergominerva.it\\\/es\\\/contrada-del-unicornio\\\/\"]}]},{\"@type\":\"ImageObject\",\"inLanguage\":\"es\",\"@id\":\"https:\\\/\\\/www.albergominerva.it\\\/es\\\/contrada-del-unicornio\\\/#primaryimage\",\"url\":\"https:\\\/\\\/www.albergominerva.it\\\/wp-content\\\/uploads\\\/2023\\\/08\\\/leocorno.jpg\",\"contentUrl\":\"https:\\\/\\\/www.albergominerva.it\\\/wp-content\\\/uploads\\\/2023\\\/08\\\/leocorno.jpg\"},{\"@type\":\"BreadcrumbList\",\"@id\":\"https:\\\/\\\/www.albergominerva.it\\\/es\\\/contrada-del-unicornio\\\/#breadcrumb\",\"itemListElement\":[{\"@type\":\"ListItem\",\"position\":1,\"name\":\"Home\",\"item\":\"https:\\\/\\\/www.albergominerva.it\\\/es\\\/\"},{\"@type\":\"ListItem\",\"position\":2,\"name\":\"Contrada del Unicornio\"}]},{\"@type\":\"WebSite\",\"@id\":\"https:\\\/\\\/www.albergominerva.it\\\/es\\\/#website\",\"url\":\"https:\\\/\\\/www.albergominerva.it\\\/es\\\/\",\"name\":\"Hotel Minerva Siena\",\"description\":\"Hotel in Centro Storico a Siena - Toscana - Italy\",\"potentialAction\":[{\"@type\":\"SearchAction\",\"target\":{\"@type\":\"EntryPoint\",\"urlTemplate\":\"https:\\\/\\\/www.albergominerva.it\\\/es\\\/?s={search_term_string}\"},\"query-input\":{\"@type\":\"PropertyValueSpecification\",\"valueRequired\":true,\"valueName\":\"search_term_string\"}}],\"inLanguage\":\"es\"}]}<\/script>\n<!-- \/ Yoast SEO plugin. -->","yoast_head_json":{"title":"Contrada del Unicornio - Hotel Minerva Siena","robots":{"index":"index","follow":"follow","max-snippet":"max-snippet:-1","max-image-preview":"max-image-preview:large","max-video-preview":"max-video-preview:-1"},"canonical":"https:\/\/www.albergominerva.it\/es\/contrada-del-unicornio\/","og_locale":"es_ES","og_type":"article","og_title":"Contrada del Unicornio - Hotel Minerva Siena","og_description":"La Contrada del Unicornio es una de las diecisiete contradas de Siena y se encuentra en el Terzo di San","og_url":"https:\/\/www.albergominerva.it\/es\/contrada-del-unicornio\/","og_site_name":"Hotel Minerva Siena","article_modified_time":"2023-08-20T11:38:52+00:00","og_image":[{"url":"https:\/\/www.albergominerva.it\/wp-content\/uploads\/2023\/08\/leocorno.jpg","type":"","width":"","height":""}],"twitter_card":"summary_large_image","twitter_misc":{"Tiempo de lectura":"2 minutos"},"schema":{"@context":"https:\/\/schema.org","@graph":[{"@type":"WebPage","@id":"https:\/\/www.albergominerva.it\/es\/contrada-del-unicornio\/","url":"https:\/\/www.albergominerva.it\/es\/contrada-del-unicornio\/","name":"Contrada del Unicornio - Hotel Minerva Siena","isPartOf":{"@id":"https:\/\/www.albergominerva.it\/es\/#website"},"primaryImageOfPage":{"@id":"https:\/\/www.albergominerva.it\/es\/contrada-del-unicornio\/#primaryimage"},"image":{"@id":"https:\/\/www.albergominerva.it\/es\/contrada-del-unicornio\/#primaryimage"},"thumbnailUrl":"https:\/\/www.albergominerva.it\/wp-content\/uploads\/2023\/08\/leocorno.jpg","datePublished":"2023-08-20T11:38:51+00:00","dateModified":"2023-08-20T11:38:52+00:00","breadcrumb":{"@id":"https:\/\/www.albergominerva.it\/es\/contrada-del-unicornio\/#breadcrumb"},"inLanguage":"es","potentialAction":[{"@type":"ReadAction","target":["https:\/\/www.albergominerva.it\/es\/contrada-del-unicornio\/"]}]},{"@type":"ImageObject","inLanguage":"es","@id":"https:\/\/www.albergominerva.it\/es\/contrada-del-unicornio\/#primaryimage","url":"https:\/\/www.albergominerva.it\/wp-content\/uploads\/2023\/08\/leocorno.jpg","contentUrl":"https:\/\/www.albergominerva.it\/wp-content\/uploads\/2023\/08\/leocorno.jpg"},{"@type":"BreadcrumbList","@id":"https:\/\/www.albergominerva.it\/es\/contrada-del-unicornio\/#breadcrumb","itemListElement":[{"@type":"ListItem","position":1,"name":"Home","item":"https:\/\/www.albergominerva.it\/es\/"},{"@type":"ListItem","position":2,"name":"Contrada del Unicornio"}]},{"@type":"WebSite","@id":"https:\/\/www.albergominerva.it\/es\/#website","url":"https:\/\/www.albergominerva.it\/es\/","name":"Hotel Minerva Siena","description":"Hotel in Centro Storico a Siena - Toscana - Italy","potentialAction":[{"@type":"SearchAction","target":{"@type":"EntryPoint","urlTemplate":"https:\/\/www.albergominerva.it\/es\/?s={search_term_string}"},"query-input":{"@type":"PropertyValueSpecification","valueRequired":true,"valueName":"search_term_string"}}],"inLanguage":"es"}]}},"_links":{"self":[{"href":"https:\/\/www.albergominerva.it\/es\/wp-json\/wp\/v2\/pages\/11318","targetHints":{"allow":["GET"]}}],"collection":[{"href":"https:\/\/www.albergominerva.it\/es\/wp-json\/wp\/v2\/pages"}],"about":[{"href":"https:\/\/www.albergominerva.it\/es\/wp-json\/wp\/v2\/types\/page"}],"author":[{"embeddable":true,"href":"https:\/\/www.albergominerva.it\/es\/wp-json\/wp\/v2\/users\/3"}],"replies":[{"embeddable":true,"href":"https:\/\/www.albergominerva.it\/es\/wp-json\/wp\/v2\/comments?post=11318"}],"version-history":[{"count":1,"href":"https:\/\/www.albergominerva.it\/es\/wp-json\/wp\/v2\/pages\/11318\/revisions"}],"predecessor-version":[{"id":11319,"href":"https:\/\/www.albergominerva.it\/es\/wp-json\/wp\/v2\/pages\/11318\/revisions\/11319"}],"wp:attachment":[{"href":"https:\/\/www.albergominerva.it\/es\/wp-json\/wp\/v2\/media?parent=11318"}],"curies":[{"name":"wp","href":"https:\/\/api.w.org\/{rel}","templated":true}]}}