{"id":11334,"date":"2023-08-20T13:49:52","date_gmt":"2023-08-20T11:49:52","guid":{"rendered":"https:\/\/www.albergominerva.it\/?page_id=11334"},"modified":"2023-08-20T13:49:53","modified_gmt":"2023-08-20T11:49:53","slug":"contrada-de-la-loba","status":"publish","type":"page","link":"https:\/\/www.albergominerva.it\/es\/contrada-de-la-loba\/","title":{"rendered":"Contrada de la Loba"},"content":{"rendered":"\n<p>La Contrada de la Loba es una de las diecisiete contradas de Siena y se encuentra en el Terzo di Camollia. Su escudo de armas muestra un campo paisaj\u00edstico con una loba coronada al estilo antiguo, acompa\u00f1ada de los gemelos R\u00f3mulo y Remo, sosteniendo un peque\u00f1o estandarte en blanco y negro. El escudo est\u00e1 bordeado de plata y rojo, con cruces de color rojo y plata. Sus colores son blanco y negro listados de naranja. El lema de la contrada es \u00abEt Urbis et Senarum signum et decus\u00bb, que significa \u00abS\u00edmbolo y Honor de la Ciudad y el Senado\u00bb.<\/p>\n\n\n\n<figure class=\"wp-block-image size-full\"><img loading=\"lazy\" decoding=\"async\" width=\"697\" height=\"698\" src=\"https:\/\/www.albergominerva.it\/wp-content\/uploads\/2023\/08\/lupa.jpg\" alt=\"\" class=\"wp-image-11129\" srcset=\"https:\/\/www.albergominerva.it\/wp-content\/uploads\/2023\/08\/lupa.jpg 697w, https:\/\/www.albergominerva.it\/wp-content\/uploads\/2023\/08\/lupa-300x300.jpg 300w, https:\/\/www.albergominerva.it\/wp-content\/uploads\/2023\/08\/lupa-150x150.jpg 150w\" sizes=\"auto, (max-width: 697px) 100vw, 697px\" \/><\/figure>\n\n\n\n<p>La contrada ostenta el t\u00edtulo de Priora por haber albergado la primera reuni\u00f3n del Magistrato delle Contrade. Su Terzo asociado es Camollia. Las compa\u00f1\u00edas militares de la contrada incluyen San Donato presso la Chiesa y Sant&#8217;Andrea. La contrada rival de la Loba es la Istrice. El santo patr\u00f3n de la contrada es San Roque, el confesor. La fiesta titular se celebra el domingo siguiente al Palio del 16 de agosto. La corporaci\u00f3n tradicional asociada a la contrada es la de los panaderos.<\/p>\n\n\n\n<p>La Contrada de la Loba es una de las m\u00e1s antiguas de Siena y tiene una historia larga y rica. La contrada es muy apreciada por sus contradaioli (miembros), que siempre est\u00e1n dispuestos a apoyarla en sus carreras en el Palio.<\/p>\n","protected":false},"excerpt":{"rendered":"<p>La Contrada de la Loba es una de las diecisiete contradas de Siena y se encuentra en el Terzo di<\/p>\n","protected":false},"author":3,"featured_media":0,"parent":0,"menu_order":0,"comment_status":"closed","ping_status":"closed","template":"","meta":{"_acf_changed":false,"footnotes":""},"class_list":["post-11334","page","type-page","status-publish","hentry"],"acf":[],"yoast_head":"<!-- This site is optimized with the Yoast SEO plugin v26.4 - https:\/\/yoast.com\/wordpress\/plugins\/seo\/ -->\n<title>Contrada de la Loba - Hotel Minerva Siena<\/title>\n<meta name=\"robots\" content=\"index, follow, max-snippet:-1, max-image-preview:large, max-video-preview:-1\" \/>\n<link rel=\"canonical\" href=\"https:\/\/www.albergominerva.it\/es\/contrada-de-la-loba\/\" \/>\n<meta property=\"og:locale\" content=\"es_ES\" \/>\n<meta property=\"og:type\" content=\"article\" \/>\n<meta property=\"og:title\" content=\"Contrada de la Loba - Hotel Minerva Siena\" \/>\n<meta property=\"og:description\" content=\"La Contrada de la Loba es una de las diecisiete contradas de Siena y se encuentra en el Terzo di\" \/>\n<meta property=\"og:url\" content=\"https:\/\/www.albergominerva.it\/es\/contrada-de-la-loba\/\" \/>\n<meta property=\"og:site_name\" content=\"Hotel Minerva Siena\" \/>\n<meta property=\"article:modified_time\" content=\"2023-08-20T11:49:53+00:00\" \/>\n<meta property=\"og:image\" content=\"https:\/\/www.albergominerva.it\/wp-content\/uploads\/2023\/08\/lupa.jpg\" \/>\n<meta name=\"twitter:card\" content=\"summary_large_image\" \/>\n<meta name=\"twitter:label1\" content=\"Tiempo de lectura\" \/>\n\t<meta name=\"twitter:data1\" content=\"2 minutos\" \/>\n<script type=\"application\/ld+json\" class=\"yoast-schema-graph\">{\"@context\":\"https:\/\/schema.org\",\"@graph\":[{\"@type\":\"WebPage\",\"@id\":\"https:\/\/www.albergominerva.it\/es\/contrada-de-la-loba\/\",\"url\":\"https:\/\/www.albergominerva.it\/es\/contrada-de-la-loba\/\",\"name\":\"Contrada de la Loba - Hotel Minerva Siena\",\"isPartOf\":{\"@id\":\"https:\/\/www.albergominerva.it\/es\/#website\"},\"primaryImageOfPage\":{\"@id\":\"https:\/\/www.albergominerva.it\/es\/contrada-de-la-loba\/#primaryimage\"},\"image\":{\"@id\":\"https:\/\/www.albergominerva.it\/es\/contrada-de-la-loba\/#primaryimage\"},\"thumbnailUrl\":\"https:\/\/www.albergominerva.it\/wp-content\/uploads\/2023\/08\/lupa.jpg\",\"datePublished\":\"2023-08-20T11:49:52+00:00\",\"dateModified\":\"2023-08-20T11:49:53+00:00\",\"breadcrumb\":{\"@id\":\"https:\/\/www.albergominerva.it\/es\/contrada-de-la-loba\/#breadcrumb\"},\"inLanguage\":\"es\",\"potentialAction\":[{\"@type\":\"ReadAction\",\"target\":[\"https:\/\/www.albergominerva.it\/es\/contrada-de-la-loba\/\"]}]},{\"@type\":\"ImageObject\",\"inLanguage\":\"es\",\"@id\":\"https:\/\/www.albergominerva.it\/es\/contrada-de-la-loba\/#primaryimage\",\"url\":\"https:\/\/www.albergominerva.it\/wp-content\/uploads\/2023\/08\/lupa.jpg\",\"contentUrl\":\"https:\/\/www.albergominerva.it\/wp-content\/uploads\/2023\/08\/lupa.jpg\"},{\"@type\":\"BreadcrumbList\",\"@id\":\"https:\/\/www.albergominerva.it\/es\/contrada-de-la-loba\/#breadcrumb\",\"itemListElement\":[{\"@type\":\"ListItem\",\"position\":1,\"name\":\"Home\",\"item\":\"https:\/\/www.albergominerva.it\/es\/\"},{\"@type\":\"ListItem\",\"position\":2,\"name\":\"Contrada de la Loba\"}]},{\"@type\":\"WebSite\",\"@id\":\"https:\/\/www.albergominerva.it\/es\/#website\",\"url\":\"https:\/\/www.albergominerva.it\/es\/\",\"name\":\"Hotel Minerva Siena\",\"description\":\"Hotel in Centro Storico a Siena - Toscana - Italy\",\"potentialAction\":[{\"@type\":\"SearchAction\",\"target\":{\"@type\":\"EntryPoint\",\"urlTemplate\":\"https:\/\/www.albergominerva.it\/es\/?s={search_term_string}\"},\"query-input\":{\"@type\":\"PropertyValueSpecification\",\"valueRequired\":true,\"valueName\":\"search_term_string\"}}],\"inLanguage\":\"es\"}]}<\/script>\n<!-- \/ Yoast SEO plugin. -->","yoast_head_json":{"title":"Contrada de la Loba - Hotel Minerva Siena","robots":{"index":"index","follow":"follow","max-snippet":"max-snippet:-1","max-image-preview":"max-image-preview:large","max-video-preview":"max-video-preview:-1"},"canonical":"https:\/\/www.albergominerva.it\/es\/contrada-de-la-loba\/","og_locale":"es_ES","og_type":"article","og_title":"Contrada de la Loba - Hotel Minerva Siena","og_description":"La Contrada de la Loba es una de las diecisiete contradas de Siena y se encuentra en el Terzo di","og_url":"https:\/\/www.albergominerva.it\/es\/contrada-de-la-loba\/","og_site_name":"Hotel Minerva Siena","article_modified_time":"2023-08-20T11:49:53+00:00","og_image":[{"url":"https:\/\/www.albergominerva.it\/wp-content\/uploads\/2023\/08\/lupa.jpg","type":"","width":"","height":""}],"twitter_card":"summary_large_image","twitter_misc":{"Tiempo de lectura":"2 minutos"},"schema":{"@context":"https:\/\/schema.org","@graph":[{"@type":"WebPage","@id":"https:\/\/www.albergominerva.it\/es\/contrada-de-la-loba\/","url":"https:\/\/www.albergominerva.it\/es\/contrada-de-la-loba\/","name":"Contrada de la Loba - Hotel Minerva Siena","isPartOf":{"@id":"https:\/\/www.albergominerva.it\/es\/#website"},"primaryImageOfPage":{"@id":"https:\/\/www.albergominerva.it\/es\/contrada-de-la-loba\/#primaryimage"},"image":{"@id":"https:\/\/www.albergominerva.it\/es\/contrada-de-la-loba\/#primaryimage"},"thumbnailUrl":"https:\/\/www.albergominerva.it\/wp-content\/uploads\/2023\/08\/lupa.jpg","datePublished":"2023-08-20T11:49:52+00:00","dateModified":"2023-08-20T11:49:53+00:00","breadcrumb":{"@id":"https:\/\/www.albergominerva.it\/es\/contrada-de-la-loba\/#breadcrumb"},"inLanguage":"es","potentialAction":[{"@type":"ReadAction","target":["https:\/\/www.albergominerva.it\/es\/contrada-de-la-loba\/"]}]},{"@type":"ImageObject","inLanguage":"es","@id":"https:\/\/www.albergominerva.it\/es\/contrada-de-la-loba\/#primaryimage","url":"https:\/\/www.albergominerva.it\/wp-content\/uploads\/2023\/08\/lupa.jpg","contentUrl":"https:\/\/www.albergominerva.it\/wp-content\/uploads\/2023\/08\/lupa.jpg"},{"@type":"BreadcrumbList","@id":"https:\/\/www.albergominerva.it\/es\/contrada-de-la-loba\/#breadcrumb","itemListElement":[{"@type":"ListItem","position":1,"name":"Home","item":"https:\/\/www.albergominerva.it\/es\/"},{"@type":"ListItem","position":2,"name":"Contrada de la Loba"}]},{"@type":"WebSite","@id":"https:\/\/www.albergominerva.it\/es\/#website","url":"https:\/\/www.albergominerva.it\/es\/","name":"Hotel Minerva Siena","description":"Hotel in Centro Storico a Siena - Toscana - Italy","potentialAction":[{"@type":"SearchAction","target":{"@type":"EntryPoint","urlTemplate":"https:\/\/www.albergominerva.it\/es\/?s={search_term_string}"},"query-input":{"@type":"PropertyValueSpecification","valueRequired":true,"valueName":"search_term_string"}}],"inLanguage":"es"}]}},"_links":{"self":[{"href":"https:\/\/www.albergominerva.it\/es\/wp-json\/wp\/v2\/pages\/11334","targetHints":{"allow":["GET"]}}],"collection":[{"href":"https:\/\/www.albergominerva.it\/es\/wp-json\/wp\/v2\/pages"}],"about":[{"href":"https:\/\/www.albergominerva.it\/es\/wp-json\/wp\/v2\/types\/page"}],"author":[{"embeddable":true,"href":"https:\/\/www.albergominerva.it\/es\/wp-json\/wp\/v2\/users\/3"}],"replies":[{"embeddable":true,"href":"https:\/\/www.albergominerva.it\/es\/wp-json\/wp\/v2\/comments?post=11334"}],"version-history":[{"count":1,"href":"https:\/\/www.albergominerva.it\/es\/wp-json\/wp\/v2\/pages\/11334\/revisions"}],"predecessor-version":[{"id":11335,"href":"https:\/\/www.albergominerva.it\/es\/wp-json\/wp\/v2\/pages\/11334\/revisions\/11335"}],"wp:attachment":[{"href":"https:\/\/www.albergominerva.it\/es\/wp-json\/wp\/v2\/media?parent=11334"}],"curies":[{"name":"wp","href":"https:\/\/api.w.org\/{rel}","templated":true}]}}