{"id":11400,"date":"2023-08-20T20:42:58","date_gmt":"2023-08-20T18:42:58","guid":{"rendered":"https:\/\/www.albergominerva.it\/?page_id=11400"},"modified":"2023-08-20T20:42:59","modified_gmt":"2023-08-20T18:42:59","slug":"contrada-de-la-selva","status":"publish","type":"page","link":"https:\/\/www.albergominerva.it\/es\/contrada-de-la-selva\/","title":{"rendered":"Contrada de la Selva"},"content":{"rendered":"\n<p>La Contrada de la Selva es una de las diecisiete contradas de Siena, y se encuentra en el Terzo di Citt\u00e0. Su emblema es un rinoceronte a los pies de un roble con herramientas de caza, coronado por un sol dorado sobre un campo azul, con la letra U (Umberto I de Italia) en el centro. Sus colores son naranja y verde listados de blanco. El lema de la contrada es \u00abPrima selvalta in campo\u00bb, que significa \u00abPrimero la selva en el campo\u00bb.<\/p>\n\n\n\n<figure class=\"wp-block-image size-full\"><img loading=\"lazy\" decoding=\"async\" width=\"595\" height=\"594\" src=\"https:\/\/www.albergominerva.it\/wp-content\/uploads\/2023\/08\/selva.jpg\" alt=\"\" class=\"wp-image-11392\" srcset=\"https:\/\/www.albergominerva.it\/wp-content\/uploads\/2023\/08\/selva.jpg 595w, https:\/\/www.albergominerva.it\/wp-content\/uploads\/2023\/08\/selva-300x300.jpg 300w, https:\/\/www.albergominerva.it\/wp-content\/uploads\/2023\/08\/selva-150x150.jpg 150w\" sizes=\"auto, (max-width: 595px) 100vw, 595px\" \/><\/figure>\n\n\n\n<p>La contrada tiene el t\u00edtulo de Priora por haber albergado la primera reuni\u00f3n del Magistrato delle Contrade. El Terzo al que pertenece es Citt\u00e0. Las compa\u00f1\u00edas militares de la contrada son Porta Salaia, San Giovanni y Vallepiatta. Las contradas aliadas de la Selva son Chiocciola y Tartuca. La contrada adversaria de la Selva es la Aquila. La santa patrona de la contrada es la Asunci\u00f3n de la Virgen Mar\u00eda, celebrada el 15 de agosto. La fiesta titular se celebra el \u00faltimo domingo de agosto. La corporaci\u00f3n de la contrada es la de los tejedores.<\/p>\n\n\n\n<p>La Contrada de la Selva es una de las contradas m\u00e1s antiguas de Siena y tiene una historia larga y rica. La contrada es muy valorada por sus contradaioli, que siempre est\u00e1n listos para apoyarla en sus carreras en el Palio.<\/p>\n","protected":false},"excerpt":{"rendered":"<p>La Contrada de la Selva es una de las diecisiete contradas de Siena, y se encuentra en el Terzo di<\/p>\n","protected":false},"author":3,"featured_media":0,"parent":0,"menu_order":0,"comment_status":"closed","ping_status":"closed","template":"","meta":{"_acf_changed":false,"footnotes":""},"class_list":["post-11400","page","type-page","status-publish","hentry"],"acf":[],"yoast_head":"<!-- This site is optimized with the Yoast SEO plugin v27.4 - https:\/\/yoast.com\/product\/yoast-seo-wordpress\/ -->\n<title>Contrada de la Selva - Hotel Minerva Siena<\/title>\n<meta name=\"robots\" content=\"index, follow, max-snippet:-1, max-image-preview:large, max-video-preview:-1\" \/>\n<link rel=\"canonical\" href=\"https:\/\/www.albergominerva.it\/es\/contrada-de-la-selva\/\" \/>\n<meta property=\"og:locale\" content=\"es_ES\" \/>\n<meta property=\"og:type\" content=\"article\" \/>\n<meta property=\"og:title\" content=\"Contrada de la Selva - Hotel Minerva Siena\" \/>\n<meta property=\"og:description\" content=\"La Contrada de la Selva es una de las diecisiete contradas de Siena, y se encuentra en el Terzo di\" \/>\n<meta property=\"og:url\" content=\"https:\/\/www.albergominerva.it\/es\/contrada-de-la-selva\/\" \/>\n<meta property=\"og:site_name\" content=\"Hotel Minerva Siena\" \/>\n<meta property=\"article:modified_time\" content=\"2023-08-20T18:42:59+00:00\" \/>\n<meta property=\"og:image\" content=\"https:\/\/www.albergominerva.it\/wp-content\/uploads\/2023\/08\/selva.jpg\" \/>\n<meta name=\"twitter:card\" content=\"summary_large_image\" \/>\n<meta name=\"twitter:label1\" content=\"Tiempo de lectura\" \/>\n\t<meta name=\"twitter:data1\" content=\"2 minutos\" \/>\n<script type=\"application\/ld+json\" class=\"yoast-schema-graph\">{\"@context\":\"https:\\\/\\\/schema.org\",\"@graph\":[{\"@type\":\"WebPage\",\"@id\":\"https:\\\/\\\/www.albergominerva.it\\\/es\\\/contrada-de-la-selva\\\/\",\"url\":\"https:\\\/\\\/www.albergominerva.it\\\/es\\\/contrada-de-la-selva\\\/\",\"name\":\"Contrada de la Selva - Hotel Minerva Siena\",\"isPartOf\":{\"@id\":\"https:\\\/\\\/www.albergominerva.it\\\/es\\\/#website\"},\"primaryImageOfPage\":{\"@id\":\"https:\\\/\\\/www.albergominerva.it\\\/es\\\/contrada-de-la-selva\\\/#primaryimage\"},\"image\":{\"@id\":\"https:\\\/\\\/www.albergominerva.it\\\/es\\\/contrada-de-la-selva\\\/#primaryimage\"},\"thumbnailUrl\":\"https:\\\/\\\/www.albergominerva.it\\\/wp-content\\\/uploads\\\/2023\\\/08\\\/selva.jpg\",\"datePublished\":\"2023-08-20T18:42:58+00:00\",\"dateModified\":\"2023-08-20T18:42:59+00:00\",\"breadcrumb\":{\"@id\":\"https:\\\/\\\/www.albergominerva.it\\\/es\\\/contrada-de-la-selva\\\/#breadcrumb\"},\"inLanguage\":\"es\",\"potentialAction\":[{\"@type\":\"ReadAction\",\"target\":[\"https:\\\/\\\/www.albergominerva.it\\\/es\\\/contrada-de-la-selva\\\/\"]}]},{\"@type\":\"ImageObject\",\"inLanguage\":\"es\",\"@id\":\"https:\\\/\\\/www.albergominerva.it\\\/es\\\/contrada-de-la-selva\\\/#primaryimage\",\"url\":\"https:\\\/\\\/www.albergominerva.it\\\/wp-content\\\/uploads\\\/2023\\\/08\\\/selva.jpg\",\"contentUrl\":\"https:\\\/\\\/www.albergominerva.it\\\/wp-content\\\/uploads\\\/2023\\\/08\\\/selva.jpg\"},{\"@type\":\"BreadcrumbList\",\"@id\":\"https:\\\/\\\/www.albergominerva.it\\\/es\\\/contrada-de-la-selva\\\/#breadcrumb\",\"itemListElement\":[{\"@type\":\"ListItem\",\"position\":1,\"name\":\"Home\",\"item\":\"https:\\\/\\\/www.albergominerva.it\\\/es\\\/\"},{\"@type\":\"ListItem\",\"position\":2,\"name\":\"Contrada de la Selva\"}]},{\"@type\":\"WebSite\",\"@id\":\"https:\\\/\\\/www.albergominerva.it\\\/es\\\/#website\",\"url\":\"https:\\\/\\\/www.albergominerva.it\\\/es\\\/\",\"name\":\"Hotel Minerva Siena\",\"description\":\"Hotel in Centro Storico a Siena - Toscana - Italy\",\"potentialAction\":[{\"@type\":\"SearchAction\",\"target\":{\"@type\":\"EntryPoint\",\"urlTemplate\":\"https:\\\/\\\/www.albergominerva.it\\\/es\\\/?s={search_term_string}\"},\"query-input\":{\"@type\":\"PropertyValueSpecification\",\"valueRequired\":true,\"valueName\":\"search_term_string\"}}],\"inLanguage\":\"es\"}]}<\/script>\n<!-- \/ Yoast SEO plugin. -->","yoast_head_json":{"title":"Contrada de la Selva - Hotel Minerva Siena","robots":{"index":"index","follow":"follow","max-snippet":"max-snippet:-1","max-image-preview":"max-image-preview:large","max-video-preview":"max-video-preview:-1"},"canonical":"https:\/\/www.albergominerva.it\/es\/contrada-de-la-selva\/","og_locale":"es_ES","og_type":"article","og_title":"Contrada de la Selva - Hotel Minerva Siena","og_description":"La Contrada de la Selva es una de las diecisiete contradas de Siena, y se encuentra en el Terzo di","og_url":"https:\/\/www.albergominerva.it\/es\/contrada-de-la-selva\/","og_site_name":"Hotel Minerva Siena","article_modified_time":"2023-08-20T18:42:59+00:00","og_image":[{"url":"https:\/\/www.albergominerva.it\/wp-content\/uploads\/2023\/08\/selva.jpg","type":"","width":"","height":""}],"twitter_card":"summary_large_image","twitter_misc":{"Tiempo de lectura":"2 minutos"},"schema":{"@context":"https:\/\/schema.org","@graph":[{"@type":"WebPage","@id":"https:\/\/www.albergominerva.it\/es\/contrada-de-la-selva\/","url":"https:\/\/www.albergominerva.it\/es\/contrada-de-la-selva\/","name":"Contrada de la Selva - Hotel Minerva Siena","isPartOf":{"@id":"https:\/\/www.albergominerva.it\/es\/#website"},"primaryImageOfPage":{"@id":"https:\/\/www.albergominerva.it\/es\/contrada-de-la-selva\/#primaryimage"},"image":{"@id":"https:\/\/www.albergominerva.it\/es\/contrada-de-la-selva\/#primaryimage"},"thumbnailUrl":"https:\/\/www.albergominerva.it\/wp-content\/uploads\/2023\/08\/selva.jpg","datePublished":"2023-08-20T18:42:58+00:00","dateModified":"2023-08-20T18:42:59+00:00","breadcrumb":{"@id":"https:\/\/www.albergominerva.it\/es\/contrada-de-la-selva\/#breadcrumb"},"inLanguage":"es","potentialAction":[{"@type":"ReadAction","target":["https:\/\/www.albergominerva.it\/es\/contrada-de-la-selva\/"]}]},{"@type":"ImageObject","inLanguage":"es","@id":"https:\/\/www.albergominerva.it\/es\/contrada-de-la-selva\/#primaryimage","url":"https:\/\/www.albergominerva.it\/wp-content\/uploads\/2023\/08\/selva.jpg","contentUrl":"https:\/\/www.albergominerva.it\/wp-content\/uploads\/2023\/08\/selva.jpg"},{"@type":"BreadcrumbList","@id":"https:\/\/www.albergominerva.it\/es\/contrada-de-la-selva\/#breadcrumb","itemListElement":[{"@type":"ListItem","position":1,"name":"Home","item":"https:\/\/www.albergominerva.it\/es\/"},{"@type":"ListItem","position":2,"name":"Contrada de la Selva"}]},{"@type":"WebSite","@id":"https:\/\/www.albergominerva.it\/es\/#website","url":"https:\/\/www.albergominerva.it\/es\/","name":"Hotel Minerva Siena","description":"Hotel in Centro Storico a Siena - Toscana - Italy","potentialAction":[{"@type":"SearchAction","target":{"@type":"EntryPoint","urlTemplate":"https:\/\/www.albergominerva.it\/es\/?s={search_term_string}"},"query-input":{"@type":"PropertyValueSpecification","valueRequired":true,"valueName":"search_term_string"}}],"inLanguage":"es"}]}},"_links":{"self":[{"href":"https:\/\/www.albergominerva.it\/es\/wp-json\/wp\/v2\/pages\/11400","targetHints":{"allow":["GET"]}}],"collection":[{"href":"https:\/\/www.albergominerva.it\/es\/wp-json\/wp\/v2\/pages"}],"about":[{"href":"https:\/\/www.albergominerva.it\/es\/wp-json\/wp\/v2\/types\/page"}],"author":[{"embeddable":true,"href":"https:\/\/www.albergominerva.it\/es\/wp-json\/wp\/v2\/users\/3"}],"replies":[{"embeddable":true,"href":"https:\/\/www.albergominerva.it\/es\/wp-json\/wp\/v2\/comments?post=11400"}],"version-history":[{"count":1,"href":"https:\/\/www.albergominerva.it\/es\/wp-json\/wp\/v2\/pages\/11400\/revisions"}],"predecessor-version":[{"id":11401,"href":"https:\/\/www.albergominerva.it\/es\/wp-json\/wp\/v2\/pages\/11400\/revisions\/11401"}],"wp:attachment":[{"href":"https:\/\/www.albergominerva.it\/es\/wp-json\/wp\/v2\/media?parent=11400"}],"curies":[{"name":"wp","href":"https:\/\/api.w.org\/{rel}","templated":true}]}}