{"id":11610,"date":"2023-10-29T17:59:20","date_gmt":"2023-10-29T16:59:20","guid":{"rendered":"https:\/\/www.albergominerva.it\/?page_id=11610"},"modified":"2023-10-29T17:59:59","modified_gmt":"2023-10-29T16:59:59","slug":"el-baptisterio-de-siena-que-ver","status":"publish","type":"page","link":"https:\/\/www.albergominerva.it\/es\/el-baptisterio-de-siena-que-ver\/","title":{"rendered":"El Baptisterio de Siena: Qu\u00e9 Ver"},"content":{"rendered":"\n<p><strong>Siena, ubicada en el coraz\u00f3n de la regi\u00f3n italiana de la Toscana, es un tesoro hist\u00f3rico y cultural amado por viajeros de todo el mundo. <\/strong>Conocida por su encanto medieval, su rica herencia art\u00edstica y sus celebraciones tradicionales, Siena ofrece una experiencia aut\u00e9ntica y fascinante a cualquiera que decida explorarla. Entre sus estrechas calles empedradas, sus magn\u00edficos monumentos y su renombrada cocina toscana, la ciudad cautiva la imaginaci\u00f3n y el coraz\u00f3n de los visitantes, transport\u00e1ndolos en un viaje inolvidable en el tiempo y la cultura.<\/p>\n\n\n\n<p>En este sentido, uno de los tesoros de Siena para visitar absolutamente es el Baptisterio.<\/p>\n\n\n\n<p><strong>El Baptisterio de Siena<\/strong><\/p>\n\n\n\n<p>El Baptisterio de Siena, una joya escondida que revela su grandeza arquitect\u00f3nica y art\u00edstica, encanta a los visitantes con su historia y sus impresionantes obras de arte. Menos celebrado que el famoso Baptisterio de San Giovanni en Florencia, el Baptisterio de Siena ha desempe\u00f1ado un papel crucial como iglesia bautismal de la ciudad a lo largo de muchos siglos. Construido entre 1316 y 1325 por Camaino di Crescentino, padre de Tino di Camaino, el edificio se eleva con maestr\u00eda detr\u00e1s del Duomo de Siena, presentando una fachada g\u00f3tica que se asoma con elegancia sobre el paisaje circundante.<\/p>\n\n\n\n<figure class=\"wp-block-image size-full\"><img loading=\"lazy\" decoding=\"async\" width=\"382\" height=\"363\" src=\"https:\/\/www.albergominerva.it\/wp-content\/uploads\/2023\/10\/battistero-siena-1.png\" alt=\"\" class=\"wp-image-11583\" srcset=\"https:\/\/www.albergominerva.it\/wp-content\/uploads\/2023\/10\/battistero-siena-1.png 382w, https:\/\/www.albergominerva.it\/wp-content\/uploads\/2023\/10\/battistero-siena-1-300x285.png 300w\" sizes=\"auto, (max-width: 382px) 100vw, 382px\" \/><\/figure>\n\n\n\n<p><strong>El interior del Baptisterio se revela como una obra maestra del arte del Quattrocento sen\u00e9s, con sus tres naves coronadas por b\u00f3vedas de crucer\u00eda que fascinan a los visitantes.<\/strong> Las paredes y b\u00f3vedas est\u00e1n embellecidas con frescos de renombrados artistas como Benvenuto di Giovanni, Pietro degli Orioli y Lorenzo di Pietro, conocido como \u00abIl Vecchietta\u00bb. Sus pinturas, que adornan el Baptisterio con las historias y milagros de los santos, enriquecen a\u00fan m\u00e1s la experiencia visual y espiritual del lugar.<\/p>\n\n\n\n<p><strong>En el centro del Baptisterio se encuentra la obra m\u00e1s ilustre y cautivadora: la Fuente Bautismal. Esta obra maestra escult\u00f3rica en m\u00e1rmol representa el ep\u00edtome del arte del Quattrocento italiano<\/strong>, con su maestr\u00eda y refinamiento sin igual. Se atribuye el dise\u00f1o de la fuente a Jacopo della Quercia, mientras que los paneles de bronce dorado que la adornan llevan la firma de destacados artistas como Giovanni di Turino, Lorenzo Ghiberti y Donatello, que trabajaron en esta magn\u00edfica obra de arte entre 1417 y 1431.<\/p>\n\n\n\n<p>Los seis paneles de la Fuente Bautismal cuentan las fascinantes Historias de Juan Bautista, tomadas de los relatos evang\u00e9licos. Cada detalle cuenta un episodio significativo, guiando a los visitantes a trav\u00e9s de la epopeya de Juan Bautista y sus experiencias b\u00edblicas. Desde los primeros anuncios hasta la ascensi\u00f3n del Bautista, las representaciones de los paneles capturan con maestr\u00eda la tensi\u00f3n y la emoci\u00f3n de estos relatos sagrados.<\/p>\n\n\n\n<p><strong>El ciclo de relieves culmina con el \u00e9pico y c\u00e9lebre Banquete de Herode<\/strong>s, obra maestra en un contexto art\u00edstico ya extraordinario. La Fuente Bautismal del Baptisterio de Siena se erige como una obra maestra \u00fanica que no solo encanta a los ojos, sino que tambi\u00e9n cautiva el alma con su profunda representaci\u00f3n de la historia y la fe.<\/p>\n\n\n\n<p>En este sentido, si buscas un hotel en el centro de Siena con estacionamiento para visitar el Baptisterio, elige el hotel Minerva.<\/p>\n\n\n\n<p><a href=\"https:\/\/www.albergominerva.it\/es\/telefono-email-hotel-siena-centro\/\">Aqu\u00ed tienes todos los contactos para solicitar m\u00e1s informaci\u00f3n<\/a>.<\/p>\n","protected":false},"excerpt":{"rendered":"<p>Siena, ubicada en el coraz\u00f3n de la regi\u00f3n italiana de la Toscana, es un tesoro hist\u00f3rico y cultural amado por<\/p>\n","protected":false},"author":3,"featured_media":0,"parent":0,"menu_order":0,"comment_status":"closed","ping_status":"closed","template":"","meta":{"_acf_changed":false,"footnotes":""},"class_list":["post-11610","page","type-page","status-publish","hentry"],"acf":[],"yoast_head":"<!-- This site is optimized with the Yoast SEO plugin v27.4 - https:\/\/yoast.com\/product\/yoast-seo-wordpress\/ -->\n<title>El Baptisterio de Siena: Qu\u00e9 Ver - Hotel Minerva Siena<\/title>\n<meta name=\"robots\" content=\"index, follow, max-snippet:-1, max-image-preview:large, max-video-preview:-1\" \/>\n<link rel=\"canonical\" href=\"https:\/\/www.albergominerva.it\/es\/el-baptisterio-de-siena-que-ver\/\" \/>\n<meta property=\"og:locale\" content=\"es_ES\" \/>\n<meta property=\"og:type\" content=\"article\" \/>\n<meta property=\"og:title\" content=\"El Baptisterio de Siena: Qu\u00e9 Ver - Hotel Minerva Siena\" \/>\n<meta property=\"og:description\" content=\"Siena, ubicada en el coraz\u00f3n de la regi\u00f3n italiana de la Toscana, es un tesoro hist\u00f3rico y cultural amado por\" \/>\n<meta property=\"og:url\" content=\"https:\/\/www.albergominerva.it\/es\/el-baptisterio-de-siena-que-ver\/\" \/>\n<meta property=\"og:site_name\" content=\"Hotel Minerva Siena\" \/>\n<meta property=\"article:modified_time\" content=\"2023-10-29T16:59:59+00:00\" \/>\n<meta property=\"og:image\" content=\"https:\/\/www.albergominerva.it\/wp-content\/uploads\/2023\/10\/battistero-siena-1.png\" \/>\n<meta name=\"twitter:card\" content=\"summary_large_image\" \/>\n<meta name=\"twitter:label1\" content=\"Tiempo de lectura\" \/>\n\t<meta name=\"twitter:data1\" content=\"3 minutos\" \/>\n<script type=\"application\/ld+json\" class=\"yoast-schema-graph\">{\"@context\":\"https:\\\/\\\/schema.org\",\"@graph\":[{\"@type\":\"WebPage\",\"@id\":\"https:\\\/\\\/www.albergominerva.it\\\/es\\\/el-baptisterio-de-siena-que-ver\\\/\",\"url\":\"https:\\\/\\\/www.albergominerva.it\\\/es\\\/el-baptisterio-de-siena-que-ver\\\/\",\"name\":\"El Baptisterio de Siena: Qu\u00e9 Ver - Hotel Minerva Siena\",\"isPartOf\":{\"@id\":\"https:\\\/\\\/www.albergominerva.it\\\/es\\\/#website\"},\"primaryImageOfPage\":{\"@id\":\"https:\\\/\\\/www.albergominerva.it\\\/es\\\/el-baptisterio-de-siena-que-ver\\\/#primaryimage\"},\"image\":{\"@id\":\"https:\\\/\\\/www.albergominerva.it\\\/es\\\/el-baptisterio-de-siena-que-ver\\\/#primaryimage\"},\"thumbnailUrl\":\"https:\\\/\\\/www.albergominerva.it\\\/wp-content\\\/uploads\\\/2023\\\/10\\\/battistero-siena-1.png\",\"datePublished\":\"2023-10-29T16:59:20+00:00\",\"dateModified\":\"2023-10-29T16:59:59+00:00\",\"breadcrumb\":{\"@id\":\"https:\\\/\\\/www.albergominerva.it\\\/es\\\/el-baptisterio-de-siena-que-ver\\\/#breadcrumb\"},\"inLanguage\":\"es\",\"potentialAction\":[{\"@type\":\"ReadAction\",\"target\":[\"https:\\\/\\\/www.albergominerva.it\\\/es\\\/el-baptisterio-de-siena-que-ver\\\/\"]}]},{\"@type\":\"ImageObject\",\"inLanguage\":\"es\",\"@id\":\"https:\\\/\\\/www.albergominerva.it\\\/es\\\/el-baptisterio-de-siena-que-ver\\\/#primaryimage\",\"url\":\"https:\\\/\\\/www.albergominerva.it\\\/wp-content\\\/uploads\\\/2023\\\/10\\\/battistero-siena-1.png\",\"contentUrl\":\"https:\\\/\\\/www.albergominerva.it\\\/wp-content\\\/uploads\\\/2023\\\/10\\\/battistero-siena-1.png\"},{\"@type\":\"BreadcrumbList\",\"@id\":\"https:\\\/\\\/www.albergominerva.it\\\/es\\\/el-baptisterio-de-siena-que-ver\\\/#breadcrumb\",\"itemListElement\":[{\"@type\":\"ListItem\",\"position\":1,\"name\":\"Home\",\"item\":\"https:\\\/\\\/www.albergominerva.it\\\/es\\\/\"},{\"@type\":\"ListItem\",\"position\":2,\"name\":\"El Baptisterio de Siena: Qu\u00e9 Ver\"}]},{\"@type\":\"WebSite\",\"@id\":\"https:\\\/\\\/www.albergominerva.it\\\/es\\\/#website\",\"url\":\"https:\\\/\\\/www.albergominerva.it\\\/es\\\/\",\"name\":\"Hotel Minerva Siena\",\"description\":\"Hotel in Centro Storico a Siena - Toscana - Italy\",\"potentialAction\":[{\"@type\":\"SearchAction\",\"target\":{\"@type\":\"EntryPoint\",\"urlTemplate\":\"https:\\\/\\\/www.albergominerva.it\\\/es\\\/?s={search_term_string}\"},\"query-input\":{\"@type\":\"PropertyValueSpecification\",\"valueRequired\":true,\"valueName\":\"search_term_string\"}}],\"inLanguage\":\"es\"}]}<\/script>\n<!-- \/ Yoast SEO plugin. -->","yoast_head_json":{"title":"El Baptisterio de Siena: Qu\u00e9 Ver - Hotel Minerva Siena","robots":{"index":"index","follow":"follow","max-snippet":"max-snippet:-1","max-image-preview":"max-image-preview:large","max-video-preview":"max-video-preview:-1"},"canonical":"https:\/\/www.albergominerva.it\/es\/el-baptisterio-de-siena-que-ver\/","og_locale":"es_ES","og_type":"article","og_title":"El Baptisterio de Siena: Qu\u00e9 Ver - Hotel Minerva Siena","og_description":"Siena, ubicada en el coraz\u00f3n de la regi\u00f3n italiana de la Toscana, es un tesoro hist\u00f3rico y cultural amado por","og_url":"https:\/\/www.albergominerva.it\/es\/el-baptisterio-de-siena-que-ver\/","og_site_name":"Hotel Minerva Siena","article_modified_time":"2023-10-29T16:59:59+00:00","og_image":[{"url":"https:\/\/www.albergominerva.it\/wp-content\/uploads\/2023\/10\/battistero-siena-1.png","type":"","width":"","height":""}],"twitter_card":"summary_large_image","twitter_misc":{"Tiempo de lectura":"3 minutos"},"schema":{"@context":"https:\/\/schema.org","@graph":[{"@type":"WebPage","@id":"https:\/\/www.albergominerva.it\/es\/el-baptisterio-de-siena-que-ver\/","url":"https:\/\/www.albergominerva.it\/es\/el-baptisterio-de-siena-que-ver\/","name":"El Baptisterio de Siena: Qu\u00e9 Ver - Hotel Minerva Siena","isPartOf":{"@id":"https:\/\/www.albergominerva.it\/es\/#website"},"primaryImageOfPage":{"@id":"https:\/\/www.albergominerva.it\/es\/el-baptisterio-de-siena-que-ver\/#primaryimage"},"image":{"@id":"https:\/\/www.albergominerva.it\/es\/el-baptisterio-de-siena-que-ver\/#primaryimage"},"thumbnailUrl":"https:\/\/www.albergominerva.it\/wp-content\/uploads\/2023\/10\/battistero-siena-1.png","datePublished":"2023-10-29T16:59:20+00:00","dateModified":"2023-10-29T16:59:59+00:00","breadcrumb":{"@id":"https:\/\/www.albergominerva.it\/es\/el-baptisterio-de-siena-que-ver\/#breadcrumb"},"inLanguage":"es","potentialAction":[{"@type":"ReadAction","target":["https:\/\/www.albergominerva.it\/es\/el-baptisterio-de-siena-que-ver\/"]}]},{"@type":"ImageObject","inLanguage":"es","@id":"https:\/\/www.albergominerva.it\/es\/el-baptisterio-de-siena-que-ver\/#primaryimage","url":"https:\/\/www.albergominerva.it\/wp-content\/uploads\/2023\/10\/battistero-siena-1.png","contentUrl":"https:\/\/www.albergominerva.it\/wp-content\/uploads\/2023\/10\/battistero-siena-1.png"},{"@type":"BreadcrumbList","@id":"https:\/\/www.albergominerva.it\/es\/el-baptisterio-de-siena-que-ver\/#breadcrumb","itemListElement":[{"@type":"ListItem","position":1,"name":"Home","item":"https:\/\/www.albergominerva.it\/es\/"},{"@type":"ListItem","position":2,"name":"El Baptisterio de Siena: Qu\u00e9 Ver"}]},{"@type":"WebSite","@id":"https:\/\/www.albergominerva.it\/es\/#website","url":"https:\/\/www.albergominerva.it\/es\/","name":"Hotel Minerva Siena","description":"Hotel in Centro Storico a Siena - Toscana - Italy","potentialAction":[{"@type":"SearchAction","target":{"@type":"EntryPoint","urlTemplate":"https:\/\/www.albergominerva.it\/es\/?s={search_term_string}"},"query-input":{"@type":"PropertyValueSpecification","valueRequired":true,"valueName":"search_term_string"}}],"inLanguage":"es"}]}},"_links":{"self":[{"href":"https:\/\/www.albergominerva.it\/es\/wp-json\/wp\/v2\/pages\/11610","targetHints":{"allow":["GET"]}}],"collection":[{"href":"https:\/\/www.albergominerva.it\/es\/wp-json\/wp\/v2\/pages"}],"about":[{"href":"https:\/\/www.albergominerva.it\/es\/wp-json\/wp\/v2\/types\/page"}],"author":[{"embeddable":true,"href":"https:\/\/www.albergominerva.it\/es\/wp-json\/wp\/v2\/users\/3"}],"replies":[{"embeddable":true,"href":"https:\/\/www.albergominerva.it\/es\/wp-json\/wp\/v2\/comments?post=11610"}],"version-history":[{"count":2,"href":"https:\/\/www.albergominerva.it\/es\/wp-json\/wp\/v2\/pages\/11610\/revisions"}],"predecessor-version":[{"id":11612,"href":"https:\/\/www.albergominerva.it\/es\/wp-json\/wp\/v2\/pages\/11610\/revisions\/11612"}],"wp:attachment":[{"href":"https:\/\/www.albergominerva.it\/es\/wp-json\/wp\/v2\/media?parent=11610"}],"curies":[{"name":"wp","href":"https:\/\/api.w.org\/{rel}","templated":true}]}}