{"id":11629,"date":"2023-10-29T18:28:39","date_gmt":"2023-10-29T17:28:39","guid":{"rendered":"https:\/\/www.albergominerva.it\/?page_id=11629"},"modified":"2023-10-29T18:28:41","modified_gmt":"2023-10-29T17:28:41","slug":"el-palazzo-del-rettorato-en-siena","status":"publish","type":"page","link":"https:\/\/www.albergominerva.it\/es\/el-palazzo-del-rettorato-en-siena\/","title":{"rendered":"El Palazzo del Rettorato en Siena"},"content":{"rendered":"\n<p><strong>La Universidad de Siena, con su larga y gloriosa historia acad\u00e9mica, ha sido siempre un faro de conocimiento e innovaci\u00f3n en el panorama cultural italiano.<\/strong> Fundada en \u00e9pocas lejanas, durante un per\u00edodo en el que el conocimiento y la filosof\u00eda eran piedras angulares de la sociedad, ha resistido el paso de los siglos, manteniendo intacto su prestigio y su vocaci\u00f3n por la excelencia. Desde los primeros d\u00edas de su existencia, la Universidad de Siena ha atra\u00eddo a las mentes m\u00e1s brillantes y a los talentos m\u00e1s prometedores, contribuyendo de manera significativa al desarrollo social, cultural y cient\u00edfico de la ciudad misma, as\u00ed como de toda la naci\u00f3n italiana.<\/p>\n\n\n\n<p><strong>La instituci\u00f3n ha atravesado per\u00edodos de gran esplendor y momentos de desaf\u00edos y crisis, adapt\u00e1ndose siempre a los cambios de la sociedad<\/strong> y a las cambiantes necesidades de la investigaci\u00f3n y la educaci\u00f3n superior. Su presencia ha moldeado profundamente el tejido social de Siena, enriqueci\u00e9ndolo con la sabidur\u00eda y el conocimiento que solo un centro acad\u00e9mico de excelencia puede ofrecer. Es en este contexto de relevancia acad\u00e9mica y cultural que el Palazzo del Rettorato, el antiguo convento de San Vigilio, se eleva como el n\u00facleo mismo de la actividad acad\u00e9mica y del intelecto colectivo que anima a la Universidad de Siena.<\/p>\n\n\n\n<figure class=\"wp-block-image size-full\"><img loading=\"lazy\" decoding=\"async\" width=\"621\" height=\"329\" src=\"https:\/\/www.albergominerva.it\/wp-content\/uploads\/2023\/10\/palazzo-bianchi.png\" alt=\"\" class=\"wp-image-11504\" srcset=\"https:\/\/www.albergominerva.it\/wp-content\/uploads\/2023\/10\/palazzo-bianchi.png 621w, https:\/\/www.albergominerva.it\/wp-content\/uploads\/2023\/10\/palazzo-bianchi-300x159.png 300w\" sizes=\"auto, (max-width: 621px) 100vw, 621px\" \/><\/figure>\n\n\n\n<p><strong>El Palazzo del Rettorato de la Universidad de Siena (antiguo convento de San Vigilio), ubicado en via Banchi di Sotto<\/strong>, representa el coraz\u00f3n del glorioso y secular ateneo sien\u00e9s. Se convirti\u00f3 oficialmente en la sede de la universidad a partir de 1815, cuando, tras el fin de la era napole\u00f3nica y el restablecimiento de Fernando III de Habsburgo-Lorena en el trono del Gran Ducado de Toscana, la universidad reanud\u00f3 su actividad acad\u00e9mica regular.<\/p>\n\n\n\n<p><strong>En aquellas fechas, el edificio, que ya hab\u00eda albergado a varios \u00f3rdenes religiosos, necesitaba importantes trabajos de renovaci\u00f3n y el sen\u00e9s Agostino Fantastici<\/strong>, el principal arquitecto local de la \u00e9poca, fue el principal protagonista. Se le encomend\u00f3 a Fantastici la tarea de construir la llamada Aula Magna Hist\u00f3rica ubicada en el primer piso del palacio.<\/p>\n\n\n\n<p><strong>Otras modificaciones en el edificio se deben a finales del siglo XIX a Giuseppe Partini, quien ya hab\u00eda realizado restauraciones en el Duomo<\/strong>, en la bas\u00edlica de San Francisco y en la Piazza del Campo, y se hab\u00eda convertido en un punto de referencia para cualquiera que quisiera intervenir en edificios hist\u00f3ricos de Siena.<\/p>\n\n\n\n<p>Las \u00faltimas transformaciones significativas del palacio se remontan a la \u00e9poca fascista, cuando, por encargo del rector Gianni Petragnani, el ingeniero Guido Bonci Casuccini dise\u00f1\u00f3 cambios en los espacios ya existentes y la construcci\u00f3n de una nueva aula magna. Para la parte art\u00edstica, Bonci Casuccini recurri\u00f3 al ingenio del ecl\u00e9ctico Arturo Viligiardi, disc\u00edpulo de Giovanni Dupr\u00e8 y destacado protagonista del mundo art\u00edstico sien\u00e9s de principios del siglo XX.<\/p>\n\n\n\n<p><strong>Entre otras cosas, en el patio pseudo-renacentista de Partini se encuentran obras escult\u00f3ricas de Goro di Gregorio, Pietro Tenerani y Giuseppe Romolo Molteni.<\/strong> El monumento ubicado en el centro del patio, visible desde via Banchi di Sotto, es una obra de 1893 dedicada a los ca\u00eddos de Curtatone y Montanara, esculpida por Raffaello Romanelli.<\/p>\n\n\n\n<p>Desde este punto de vista, si deseas descubrir el Palazzo del Rettorato de Siena, comienza desde el hotel Minerva en el centro de Siena.<\/p>\n\n\n\n<p><a href=\"https:\/\/www.albergominerva.it\/es\/habitaciones\/habitacion-superior-siena-centro\/\">Descubre aqu\u00ed todas nuestras habitaciones superiores<\/a>.<\/p>\n","protected":false},"excerpt":{"rendered":"<p>La Universidad de Siena, con su larga y gloriosa historia acad\u00e9mica, ha sido siempre un faro de conocimiento e innovaci\u00f3n<\/p>\n","protected":false},"author":3,"featured_media":0,"parent":0,"menu_order":0,"comment_status":"closed","ping_status":"closed","template":"","meta":{"_acf_changed":false,"footnotes":""},"class_list":["post-11629","page","type-page","status-publish","hentry"],"acf":[],"yoast_head":"<!-- This site is optimized with the Yoast SEO plugin v27.4 - https:\/\/yoast.com\/product\/yoast-seo-wordpress\/ -->\n<title>El Palazzo del Rettorato en Siena - Hotel Minerva Siena<\/title>\n<meta name=\"robots\" content=\"index, follow, max-snippet:-1, max-image-preview:large, max-video-preview:-1\" \/>\n<link rel=\"canonical\" href=\"https:\/\/www.albergominerva.it\/es\/el-palazzo-del-rettorato-en-siena\/\" \/>\n<meta property=\"og:locale\" content=\"es_ES\" \/>\n<meta property=\"og:type\" content=\"article\" \/>\n<meta property=\"og:title\" content=\"El Palazzo del Rettorato en Siena - Hotel Minerva Siena\" \/>\n<meta property=\"og:description\" content=\"La Universidad de Siena, con su larga y gloriosa historia acad\u00e9mica, ha sido siempre un faro de conocimiento e innovaci\u00f3n\" \/>\n<meta property=\"og:url\" content=\"https:\/\/www.albergominerva.it\/es\/el-palazzo-del-rettorato-en-siena\/\" \/>\n<meta property=\"og:site_name\" content=\"Hotel Minerva Siena\" \/>\n<meta property=\"article:modified_time\" content=\"2023-10-29T17:28:41+00:00\" \/>\n<meta property=\"og:image\" content=\"https:\/\/www.albergominerva.it\/wp-content\/uploads\/2023\/10\/palazzo-bianchi.png\" \/>\n<meta name=\"twitter:card\" content=\"summary_large_image\" \/>\n<meta name=\"twitter:label1\" content=\"Tiempo de lectura\" \/>\n\t<meta name=\"twitter:data1\" content=\"4 minutos\" \/>\n<script type=\"application\/ld+json\" class=\"yoast-schema-graph\">{\"@context\":\"https:\\\/\\\/schema.org\",\"@graph\":[{\"@type\":\"WebPage\",\"@id\":\"https:\\\/\\\/www.albergominerva.it\\\/es\\\/el-palazzo-del-rettorato-en-siena\\\/\",\"url\":\"https:\\\/\\\/www.albergominerva.it\\\/es\\\/el-palazzo-del-rettorato-en-siena\\\/\",\"name\":\"El Palazzo del Rettorato en Siena - Hotel Minerva Siena\",\"isPartOf\":{\"@id\":\"https:\\\/\\\/www.albergominerva.it\\\/es\\\/#website\"},\"primaryImageOfPage\":{\"@id\":\"https:\\\/\\\/www.albergominerva.it\\\/es\\\/el-palazzo-del-rettorato-en-siena\\\/#primaryimage\"},\"image\":{\"@id\":\"https:\\\/\\\/www.albergominerva.it\\\/es\\\/el-palazzo-del-rettorato-en-siena\\\/#primaryimage\"},\"thumbnailUrl\":\"https:\\\/\\\/www.albergominerva.it\\\/wp-content\\\/uploads\\\/2023\\\/10\\\/palazzo-bianchi.png\",\"datePublished\":\"2023-10-29T17:28:39+00:00\",\"dateModified\":\"2023-10-29T17:28:41+00:00\",\"breadcrumb\":{\"@id\":\"https:\\\/\\\/www.albergominerva.it\\\/es\\\/el-palazzo-del-rettorato-en-siena\\\/#breadcrumb\"},\"inLanguage\":\"es\",\"potentialAction\":[{\"@type\":\"ReadAction\",\"target\":[\"https:\\\/\\\/www.albergominerva.it\\\/es\\\/el-palazzo-del-rettorato-en-siena\\\/\"]}]},{\"@type\":\"ImageObject\",\"inLanguage\":\"es\",\"@id\":\"https:\\\/\\\/www.albergominerva.it\\\/es\\\/el-palazzo-del-rettorato-en-siena\\\/#primaryimage\",\"url\":\"https:\\\/\\\/www.albergominerva.it\\\/wp-content\\\/uploads\\\/2023\\\/10\\\/palazzo-bianchi.png\",\"contentUrl\":\"https:\\\/\\\/www.albergominerva.it\\\/wp-content\\\/uploads\\\/2023\\\/10\\\/palazzo-bianchi.png\"},{\"@type\":\"BreadcrumbList\",\"@id\":\"https:\\\/\\\/www.albergominerva.it\\\/es\\\/el-palazzo-del-rettorato-en-siena\\\/#breadcrumb\",\"itemListElement\":[{\"@type\":\"ListItem\",\"position\":1,\"name\":\"Home\",\"item\":\"https:\\\/\\\/www.albergominerva.it\\\/es\\\/\"},{\"@type\":\"ListItem\",\"position\":2,\"name\":\"El Palazzo del Rettorato en Siena\"}]},{\"@type\":\"WebSite\",\"@id\":\"https:\\\/\\\/www.albergominerva.it\\\/es\\\/#website\",\"url\":\"https:\\\/\\\/www.albergominerva.it\\\/es\\\/\",\"name\":\"Hotel Minerva Siena\",\"description\":\"Hotel in Centro Storico a Siena - Toscana - Italy\",\"potentialAction\":[{\"@type\":\"SearchAction\",\"target\":{\"@type\":\"EntryPoint\",\"urlTemplate\":\"https:\\\/\\\/www.albergominerva.it\\\/es\\\/?s={search_term_string}\"},\"query-input\":{\"@type\":\"PropertyValueSpecification\",\"valueRequired\":true,\"valueName\":\"search_term_string\"}}],\"inLanguage\":\"es\"}]}<\/script>\n<!-- \/ Yoast SEO plugin. -->","yoast_head_json":{"title":"El Palazzo del Rettorato en Siena - Hotel Minerva Siena","robots":{"index":"index","follow":"follow","max-snippet":"max-snippet:-1","max-image-preview":"max-image-preview:large","max-video-preview":"max-video-preview:-1"},"canonical":"https:\/\/www.albergominerva.it\/es\/el-palazzo-del-rettorato-en-siena\/","og_locale":"es_ES","og_type":"article","og_title":"El Palazzo del Rettorato en Siena - Hotel Minerva Siena","og_description":"La Universidad de Siena, con su larga y gloriosa historia acad\u00e9mica, ha sido siempre un faro de conocimiento e innovaci\u00f3n","og_url":"https:\/\/www.albergominerva.it\/es\/el-palazzo-del-rettorato-en-siena\/","og_site_name":"Hotel Minerva Siena","article_modified_time":"2023-10-29T17:28:41+00:00","og_image":[{"url":"https:\/\/www.albergominerva.it\/wp-content\/uploads\/2023\/10\/palazzo-bianchi.png","type":"","width":"","height":""}],"twitter_card":"summary_large_image","twitter_misc":{"Tiempo de lectura":"4 minutos"},"schema":{"@context":"https:\/\/schema.org","@graph":[{"@type":"WebPage","@id":"https:\/\/www.albergominerva.it\/es\/el-palazzo-del-rettorato-en-siena\/","url":"https:\/\/www.albergominerva.it\/es\/el-palazzo-del-rettorato-en-siena\/","name":"El Palazzo del Rettorato en Siena - Hotel Minerva Siena","isPartOf":{"@id":"https:\/\/www.albergominerva.it\/es\/#website"},"primaryImageOfPage":{"@id":"https:\/\/www.albergominerva.it\/es\/el-palazzo-del-rettorato-en-siena\/#primaryimage"},"image":{"@id":"https:\/\/www.albergominerva.it\/es\/el-palazzo-del-rettorato-en-siena\/#primaryimage"},"thumbnailUrl":"https:\/\/www.albergominerva.it\/wp-content\/uploads\/2023\/10\/palazzo-bianchi.png","datePublished":"2023-10-29T17:28:39+00:00","dateModified":"2023-10-29T17:28:41+00:00","breadcrumb":{"@id":"https:\/\/www.albergominerva.it\/es\/el-palazzo-del-rettorato-en-siena\/#breadcrumb"},"inLanguage":"es","potentialAction":[{"@type":"ReadAction","target":["https:\/\/www.albergominerva.it\/es\/el-palazzo-del-rettorato-en-siena\/"]}]},{"@type":"ImageObject","inLanguage":"es","@id":"https:\/\/www.albergominerva.it\/es\/el-palazzo-del-rettorato-en-siena\/#primaryimage","url":"https:\/\/www.albergominerva.it\/wp-content\/uploads\/2023\/10\/palazzo-bianchi.png","contentUrl":"https:\/\/www.albergominerva.it\/wp-content\/uploads\/2023\/10\/palazzo-bianchi.png"},{"@type":"BreadcrumbList","@id":"https:\/\/www.albergominerva.it\/es\/el-palazzo-del-rettorato-en-siena\/#breadcrumb","itemListElement":[{"@type":"ListItem","position":1,"name":"Home","item":"https:\/\/www.albergominerva.it\/es\/"},{"@type":"ListItem","position":2,"name":"El Palazzo del Rettorato en Siena"}]},{"@type":"WebSite","@id":"https:\/\/www.albergominerva.it\/es\/#website","url":"https:\/\/www.albergominerva.it\/es\/","name":"Hotel Minerva Siena","description":"Hotel in Centro Storico a Siena - Toscana - Italy","potentialAction":[{"@type":"SearchAction","target":{"@type":"EntryPoint","urlTemplate":"https:\/\/www.albergominerva.it\/es\/?s={search_term_string}"},"query-input":{"@type":"PropertyValueSpecification","valueRequired":true,"valueName":"search_term_string"}}],"inLanguage":"es"}]}},"_links":{"self":[{"href":"https:\/\/www.albergominerva.it\/es\/wp-json\/wp\/v2\/pages\/11629","targetHints":{"allow":["GET"]}}],"collection":[{"href":"https:\/\/www.albergominerva.it\/es\/wp-json\/wp\/v2\/pages"}],"about":[{"href":"https:\/\/www.albergominerva.it\/es\/wp-json\/wp\/v2\/types\/page"}],"author":[{"embeddable":true,"href":"https:\/\/www.albergominerva.it\/es\/wp-json\/wp\/v2\/users\/3"}],"replies":[{"embeddable":true,"href":"https:\/\/www.albergominerva.it\/es\/wp-json\/wp\/v2\/comments?post=11629"}],"version-history":[{"count":1,"href":"https:\/\/www.albergominerva.it\/es\/wp-json\/wp\/v2\/pages\/11629\/revisions"}],"predecessor-version":[{"id":11630,"href":"https:\/\/www.albergominerva.it\/es\/wp-json\/wp\/v2\/pages\/11629\/revisions\/11630"}],"wp:attachment":[{"href":"https:\/\/www.albergominerva.it\/es\/wp-json\/wp\/v2\/media?parent=11629"}],"curies":[{"name":"wp","href":"https:\/\/api.w.org\/{rel}","templated":true}]}}