{"id":14752,"date":"2024-03-25T16:35:03","date_gmt":"2024-03-25T15:35:03","guid":{"rendered":"https:\/\/www.albergominerva.it\/?page_id=14752"},"modified":"2024-03-25T16:35:05","modified_gmt":"2024-03-25T15:35:05","slug":"ofertas-de-hoteles-en-siena-para-mayo-de-2025","status":"publish","type":"page","link":"https:\/\/www.albergominerva.it\/es\/ofertas-de-hoteles-en-siena-para-mayo-de-2025\/","title":{"rendered":"Ofertas de hoteles en Siena para mayo de 2025"},"content":{"rendered":"\n<p>Si est\u00e1s considerando pasar unas vacaciones en Siena y est\u00e1s buscando una oferta inigualable para mayo de 2025, te recomendamos encarecidamente reservar en Albergo Minerva, nuestro encantador hotel de 3 estrellas en el centro hist\u00f3rico de Siena, a solo unos minutos a pie de la Piazza del Campo y las principales atracciones de la ciudad.<\/p>\n\n\n\n<figure class=\"wp-block-gallery has-nested-images columns-default is-cropped wp-block-gallery-1 is-layout-flex wp-block-gallery-is-layout-flex\">\n<figure class=\"wp-block-image size-large\"><img loading=\"lazy\" decoding=\"async\" width=\"800\" height=\"617\" data-id=\"14517\" src=\"https:\/\/www.albergominerva.it\/wp-content\/uploads\/2024\/03\/image.png\" alt=\"\" class=\"wp-image-14517\" srcset=\"https:\/\/www.albergominerva.it\/wp-content\/uploads\/2024\/03\/image.png 800w, https:\/\/www.albergominerva.it\/wp-content\/uploads\/2024\/03\/image-300x231.png 300w, https:\/\/www.albergominerva.it\/wp-content\/uploads\/2024\/03\/image-768x592.png 768w, https:\/\/www.albergominerva.it\/wp-content\/uploads\/2024\/03\/image-700x540.png 700w\" sizes=\"auto, (max-width: 800px) 100vw, 800px\" \/><\/figure>\n\n\n\n<figure class=\"wp-block-image size-large\"><img loading=\"lazy\" decoding=\"async\" width=\"1024\" height=\"683\" data-id=\"11784\" src=\"https:\/\/www.albergominerva.it\/wp-content\/uploads\/2023\/12\/Hotel-Minerva-2023-015.jpg\" alt=\"\" class=\"wp-image-11784\" srcset=\"https:\/\/www.albergominerva.it\/wp-content\/uploads\/2023\/12\/Hotel-Minerva-2023-015.jpg 1024w, https:\/\/www.albergominerva.it\/wp-content\/uploads\/2023\/12\/Hotel-Minerva-2023-015-300x200.jpg 300w, https:\/\/www.albergominerva.it\/wp-content\/uploads\/2023\/12\/Hotel-Minerva-2023-015-768x512.jpg 768w, https:\/\/www.albergominerva.it\/wp-content\/uploads\/2023\/12\/Hotel-Minerva-2023-015-1000x667.jpg 1000w, https:\/\/www.albergominerva.it\/wp-content\/uploads\/2023\/12\/Hotel-Minerva-2023-015-700x467.jpg 700w\" sizes=\"auto, (max-width: 1024px) 100vw, 1024px\" \/><\/figure>\n\n\n\n<figure class=\"wp-block-image size-large\"><img loading=\"lazy\" decoding=\"async\" width=\"768\" height=\"512\" data-id=\"10258\" src=\"https:\/\/www.albergominerva.it\/wp-content\/uploads\/2022\/12\/hotel-minerva-6.jpg\" alt=\"\" class=\"wp-image-10258\" srcset=\"https:\/\/www.albergominerva.it\/wp-content\/uploads\/2022\/12\/hotel-minerva-6.jpg 768w, https:\/\/www.albergominerva.it\/wp-content\/uploads\/2022\/12\/hotel-minerva-6-300x200.jpg 300w, https:\/\/www.albergominerva.it\/wp-content\/uploads\/2022\/12\/hotel-minerva-6-700x467.jpg 700w\" sizes=\"auto, (max-width: 768px) 100vw, 768px\" \/><\/figure>\n\n\n\n<figure class=\"wp-block-image size-large\"><img loading=\"lazy\" decoding=\"async\" width=\"768\" height=\"512\" data-id=\"9339\" src=\"https:\/\/www.albergominerva.it\/wp-content\/uploads\/2022\/02\/camera-069-768x512-1.jpg\" alt=\"\" class=\"wp-image-9339\" srcset=\"https:\/\/www.albergominerva.it\/wp-content\/uploads\/2022\/02\/camera-069-768x512-1.jpg 768w, https:\/\/www.albergominerva.it\/wp-content\/uploads\/2022\/02\/camera-069-768x512-1-300x200.jpg 300w, https:\/\/www.albergominerva.it\/wp-content\/uploads\/2022\/02\/camera-069-768x512-1-700x467.jpg 700w\" sizes=\"auto, (max-width: 768px) 100vw, 768px\" \/><\/figure>\n\n\n\n<figure class=\"wp-block-image size-large\"><img loading=\"lazy\" decoding=\"async\" width=\"800\" height=\"533\" data-id=\"8495\" src=\"https:\/\/www.albergominerva.it\/wp-content\/uploads\/2021\/03\/Camere-Hotel-Minerva-054.jpg\" alt=\"\" class=\"wp-image-8495\" srcset=\"https:\/\/www.albergominerva.it\/wp-content\/uploads\/2021\/03\/Camere-Hotel-Minerva-054.jpg 800w, https:\/\/www.albergominerva.it\/wp-content\/uploads\/2021\/03\/Camere-Hotel-Minerva-054-300x200.jpg 300w, https:\/\/www.albergominerva.it\/wp-content\/uploads\/2021\/03\/Camere-Hotel-Minerva-054-768x512.jpg 768w, https:\/\/www.albergominerva.it\/wp-content\/uploads\/2021\/03\/Camere-Hotel-Minerva-054-700x466.jpg 700w\" sizes=\"auto, (max-width: 800px) 100vw, 800px\" \/><\/figure>\n\n\n\n<figure class=\"wp-block-image size-large\"><img loading=\"lazy\" decoding=\"async\" width=\"800\" height=\"533\" data-id=\"8488\" src=\"https:\/\/www.albergominerva.it\/wp-content\/uploads\/2021\/03\/Camere-Hotel-Minerva-041-Copia-Copia.jpg\" alt=\"\" class=\"wp-image-8488\" srcset=\"https:\/\/www.albergominerva.it\/wp-content\/uploads\/2021\/03\/Camere-Hotel-Minerva-041-Copia-Copia.jpg 800w, https:\/\/www.albergominerva.it\/wp-content\/uploads\/2021\/03\/Camere-Hotel-Minerva-041-Copia-Copia-300x200.jpg 300w, https:\/\/www.albergominerva.it\/wp-content\/uploads\/2021\/03\/Camere-Hotel-Minerva-041-Copia-Copia-768x512.jpg 768w, https:\/\/www.albergominerva.it\/wp-content\/uploads\/2021\/03\/Camere-Hotel-Minerva-041-Copia-Copia-700x466.jpg 700w\" sizes=\"auto, (max-width: 800px) 100vw, 800px\" \/><\/figure>\n\n\n\n<figure class=\"wp-block-image size-large\"><img loading=\"lazy\" decoding=\"async\" width=\"1024\" height=\"683\" data-id=\"8158\" src=\"https:\/\/www.albergominerva.it\/wp-content\/uploads\/2020\/07\/261752624.jpg\" alt=\"\" class=\"wp-image-8158\" srcset=\"https:\/\/www.albergominerva.it\/wp-content\/uploads\/2020\/07\/261752624.jpg 1024w, https:\/\/www.albergominerva.it\/wp-content\/uploads\/2020\/07\/261752624-300x200.jpg 300w, https:\/\/www.albergominerva.it\/wp-content\/uploads\/2020\/07\/261752624-768x512.jpg 768w, https:\/\/www.albergominerva.it\/wp-content\/uploads\/2020\/07\/261752624-1000x667.jpg 1000w, https:\/\/www.albergominerva.it\/wp-content\/uploads\/2020\/07\/261752624-700x467.jpg 700w\" sizes=\"auto, (max-width: 1024px) 100vw, 1024px\" \/><\/figure>\n\n\n\n<figure class=\"wp-block-image size-large\"><img loading=\"lazy\" decoding=\"async\" width=\"1000\" height=\"667\" data-id=\"7245\" src=\"https:\/\/www.albergominerva.it\/wp-content\/uploads\/2020\/02\/camera-093.jpg\" alt=\"\" class=\"wp-image-7245\" srcset=\"https:\/\/www.albergominerva.it\/wp-content\/uploads\/2020\/02\/camera-093.jpg 1000w, https:\/\/www.albergominerva.it\/wp-content\/uploads\/2020\/02\/camera-093-300x200.jpg 300w, https:\/\/www.albergominerva.it\/wp-content\/uploads\/2020\/02\/camera-093-768x512.jpg 768w, https:\/\/www.albergominerva.it\/wp-content\/uploads\/2020\/02\/camera-093-700x467.jpg 700w\" sizes=\"auto, (max-width: 1000px) 100vw, 1000px\" \/><\/figure>\n\n\n\n<figure class=\"wp-block-image size-large\"><img loading=\"lazy\" decoding=\"async\" width=\"1000\" height=\"667\" data-id=\"6953\" src=\"https:\/\/www.albergominerva.it\/wp-content\/uploads\/2020\/02\/camera-069.jpg\" alt=\"\" class=\"wp-image-6953\" srcset=\"https:\/\/www.albergominerva.it\/wp-content\/uploads\/2020\/02\/camera-069.jpg 1000w, https:\/\/www.albergominerva.it\/wp-content\/uploads\/2020\/02\/camera-069-300x200.jpg 300w, https:\/\/www.albergominerva.it\/wp-content\/uploads\/2020\/02\/camera-069-768x512.jpg 768w, https:\/\/www.albergominerva.it\/wp-content\/uploads\/2020\/02\/camera-069-700x467.jpg 700w\" sizes=\"auto, (max-width: 1000px) 100vw, 1000px\" \/><\/figure>\n\n\n\n<figure class=\"wp-block-image size-large\"><img loading=\"lazy\" decoding=\"async\" width=\"800\" height=\"600\" data-id=\"3736\" src=\"https:\/\/www.albergominerva.it\/wp-content\/uploads\/2019\/08\/gall_int_bar_2.jpg\" alt=\"\" class=\"wp-image-3736\" srcset=\"https:\/\/www.albergominerva.it\/wp-content\/uploads\/2019\/08\/gall_int_bar_2.jpg 800w, https:\/\/www.albergominerva.it\/wp-content\/uploads\/2019\/08\/gall_int_bar_2-300x225.jpg 300w, https:\/\/www.albergominerva.it\/wp-content\/uploads\/2019\/08\/gall_int_bar_2-768x576.jpg 768w, https:\/\/www.albergominerva.it\/wp-content\/uploads\/2019\/08\/gall_int_bar_2-700x525.jpg 700w\" sizes=\"auto, (max-width: 800px) 100vw, 800px\" \/><\/figure>\n\n\n\n<figure class=\"wp-block-image size-large\"><img loading=\"lazy\" decoding=\"async\" width=\"800\" height=\"600\" data-id=\"3729\" src=\"https:\/\/www.albergominerva.it\/wp-content\/uploads\/2019\/08\/gall_int_colazione_2.jpg\" alt=\"\" class=\"wp-image-3729\" srcset=\"https:\/\/www.albergominerva.it\/wp-content\/uploads\/2019\/08\/gall_int_colazione_2.jpg 800w, https:\/\/www.albergominerva.it\/wp-content\/uploads\/2019\/08\/gall_int_colazione_2-300x225.jpg 300w, https:\/\/www.albergominerva.it\/wp-content\/uploads\/2019\/08\/gall_int_colazione_2-768x576.jpg 768w, https:\/\/www.albergominerva.it\/wp-content\/uploads\/2019\/08\/gall_int_colazione_2-700x525.jpg 700w\" sizes=\"auto, (max-width: 800px) 100vw, 800px\" \/><\/figure>\n\n\n\n<figure class=\"wp-block-image size-large\"><img loading=\"lazy\" decoding=\"async\" width=\"800\" height=\"600\" data-id=\"3255\" src=\"https:\/\/www.albergominerva.it\/wp-content\/uploads\/2019\/06\/gall_int_hall.jpg\" alt=\"\" class=\"wp-image-3255\" srcset=\"https:\/\/www.albergominerva.it\/wp-content\/uploads\/2019\/06\/gall_int_hall.jpg 800w, https:\/\/www.albergominerva.it\/wp-content\/uploads\/2019\/06\/gall_int_hall-300x225.jpg 300w, https:\/\/www.albergominerva.it\/wp-content\/uploads\/2019\/06\/gall_int_hall-768x576.jpg 768w, https:\/\/www.albergominerva.it\/wp-content\/uploads\/2019\/06\/gall_int_hall-700x525.jpg 700w\" sizes=\"auto, (max-width: 800px) 100vw, 800px\" \/><\/figure>\n\n\n\n<figure class=\"wp-block-image size-large\"><img loading=\"lazy\" decoding=\"async\" width=\"800\" height=\"600\" data-id=\"3231\" src=\"https:\/\/www.albergominerva.it\/wp-content\/uploads\/2019\/06\/gall_int_arearelax.jpg\" alt=\"\" class=\"wp-image-3231\" srcset=\"https:\/\/www.albergominerva.it\/wp-content\/uploads\/2019\/06\/gall_int_arearelax.jpg 800w, https:\/\/www.albergominerva.it\/wp-content\/uploads\/2019\/06\/gall_int_arearelax-300x225.jpg 300w, https:\/\/www.albergominerva.it\/wp-content\/uploads\/2019\/06\/gall_int_arearelax-768x576.jpg 768w, https:\/\/www.albergominerva.it\/wp-content\/uploads\/2019\/06\/gall_int_arearelax-700x525.jpg 700w\" sizes=\"auto, (max-width: 800px) 100vw, 800px\" \/><\/figure>\n\n\n\n<figure class=\"wp-block-image size-large\"><img loading=\"lazy\" decoding=\"async\" width=\"800\" height=\"600\" data-id=\"3223\" src=\"https:\/\/www.albergominerva.it\/wp-content\/uploads\/2019\/06\/gall_int_parcheggio.jpg\" alt=\"\" class=\"wp-image-3223\" srcset=\"https:\/\/www.albergominerva.it\/wp-content\/uploads\/2019\/06\/gall_int_parcheggio.jpg 800w, https:\/\/www.albergominerva.it\/wp-content\/uploads\/2019\/06\/gall_int_parcheggio-300x225.jpg 300w, https:\/\/www.albergominerva.it\/wp-content\/uploads\/2019\/06\/gall_int_parcheggio-768x576.jpg 768w, https:\/\/www.albergominerva.it\/wp-content\/uploads\/2019\/06\/gall_int_parcheggio-700x525.jpg 700w\" sizes=\"auto, (max-width: 800px) 100vw, 800px\" \/><\/figure>\n<\/figure>\n\n\n\n<p>Equipado con un bar, ascensor y estacionamiento de pago, cubierto y con acceso directo al hotel, con 20 plazas disponibles, Albergo Minerva ofrece 56 habitaciones con aire acondicionado, cada una \u00fanica, con conexi\u00f3n a internet wifi y divididas en categor\u00edas de easy-economy, elegant-standard, habitaci\u00f3n superior y suite junior.<\/p>\n\n\n\n<p><a href=\"https:\/\/www.albergominerva.it\/es\/habitaciones\/habitacion-baratas-siena-centro\/\">Las habitaciones Easy<\/a>, con una cama doble o dos camas individuales bajo petici\u00f3n, est\u00e1n ubicadas en la parte interior, garantizando tranquilidad lejos del centro hist\u00f3rico y comenzando desde una superficie de 16 m\u00b2.<\/p>\n\n\n\n<p><a href=\"https:\/\/www.albergominerva.it\/es\/habitaciones\/habitacion-standard-siena-centro\/\">Las habitaciones Est\u00e1ndar Elegantes<\/a>, con decoraci\u00f3n moderna y tonos pastel en las paredes, todas ofrecen una vista al centro hist\u00f3rico de Siena y comienzan desde una superficie de 19 m\u00b2. Disponibles como individuales o dobles, pueden alojar hasta 4 personas.<\/p>\n\n\n\n<p><a href=\"https:\/\/www.albergominerva.it\/es\/habitaciones\/habitacion-superior-siena-centro\/\">Las habitaciones Superiores<\/a> ofrecen una vista a la Bas\u00edlica de San Francisco, la Bas\u00edlica de Provenzano y la Porta Ovile, comenzando desde una superficie de 19 m\u00b2.<\/p>\n\n\n\n<p><a href=\"https:\/\/www.albergominerva.it\/es\/habitaciones\/junior-suite-siena-centro\/\">Las habitaciones Dobles de la Suite<\/a> Junior ofrecen una vista al centro hist\u00f3rico de Siena, con una superficie de 19 m\u00b2 y una peque\u00f1a terraza. Todas estas habitaciones est\u00e1n equipadas con una cama doble y, bajo petici\u00f3n, dos camas separadas.<\/p>\n\n\n\n<p>Por lo tanto, tendr\u00e1s la oportunidad de elegir entre numerosas opciones, todas equipadas con wifi para tu estancia, tanto para ocio como para negocios.<\/p>\n\n\n\n<p>El Hotel Minerva alberga una galer\u00eda de arte contempor\u00e1neo en intervalos regulares que exhibe obras de pintores sieneses.<\/p>\n\n\n\n<p>Nuestro hotel es tranquilo e ideal para familias con ni\u00f1os; ofrecemos cunas, calentadores de biberones, esterilizadores y un \u00e1rea de juegos cubierta.<\/p>\n\n\n\n<p>El Minerva est\u00e1 cerca de dos parques infantiles y a unos 15 minutos del Orto de\u2019 Pecci, un hermoso jard\u00edn con animales.<\/p>\n\n\n\n<p>Albergo Minerva ofrece una ubicaci\u00f3n ideal para reuniones de negocios, con conexi\u00f3n inal\u00e1mbrica y una sala de conferencias con vista al centro hist\u00f3rico de la ciudad, que puede alojar hasta 40 personas y cuenta con una TV LED, proyector, pizarra y todo el equipo necesario.<\/p>\n\n\n\n<p>En cuanto al desayuno, ofrecemos un abundante desayuno italiano e internacional con mermeladas genuinas y de alta calidad.<\/p>\n\n\n\n<p>Albergo Minerva reserva un amplio garaje seguro para autom\u00f3viles, motocicletas y bicicletas, justo fuera de la zona de tr\u00e1fico restringido y disponible por un cargo adicional.<\/p>\n\n\n\n<p>Puedes encontrar nuestro hotel en Siena en Via Garibaldi, 72, a solo 2 minutos en coche de la estaci\u00f3n de tren y en una zona de tr\u00e1fico no restringido.<\/p>\n\n\n\n<p>Para reservar nuestro hotel en el centro de Siena con estacionamiento para mayo de 2025, haz clic en \u00abReservar\u00bb en la esquina superior derecha o llama al +39 0577.284474 o env\u00eda un correo electr\u00f3nico a <a>info@albergominerva.it<\/a>.<\/p>\n","protected":false},"excerpt":{"rendered":"<p>Si est\u00e1s considerando pasar unas vacaciones en Siena y est\u00e1s buscando una oferta inigualable para mayo de 2025, te recomendamos<\/p>\n","protected":false},"author":3,"featured_media":0,"parent":0,"menu_order":0,"comment_status":"closed","ping_status":"closed","template":"","meta":{"_acf_changed":false,"footnotes":""},"class_list":["post-14752","page","type-page","status-publish","hentry"],"acf":[],"yoast_head":"<!-- This site is optimized with the Yoast SEO plugin v26.4 - https:\/\/yoast.com\/wordpress\/plugins\/seo\/ -->\n<title>Ofertas de hoteles en Siena para mayo de 2025 - Hotel Minerva Siena<\/title>\n<meta name=\"robots\" content=\"index, follow, max-snippet:-1, max-image-preview:large, max-video-preview:-1\" \/>\n<link rel=\"canonical\" href=\"https:\/\/www.albergominerva.it\/es\/ofertas-de-hoteles-en-siena-para-mayo-de-2025\/\" \/>\n<meta property=\"og:locale\" content=\"es_ES\" \/>\n<meta property=\"og:type\" content=\"article\" \/>\n<meta property=\"og:title\" content=\"Ofertas de hoteles en Siena para mayo de 2025 - Hotel Minerva Siena\" \/>\n<meta property=\"og:description\" content=\"Si est\u00e1s considerando pasar unas vacaciones en Siena y est\u00e1s buscando una oferta inigualable para mayo de 2025, te recomendamos\" \/>\n<meta property=\"og:url\" content=\"https:\/\/www.albergominerva.it\/es\/ofertas-de-hoteles-en-siena-para-mayo-de-2025\/\" \/>\n<meta property=\"og:site_name\" content=\"Hotel Minerva Siena\" \/>\n<meta property=\"article:modified_time\" content=\"2024-03-25T15:35:05+00:00\" \/>\n<meta property=\"og:image\" content=\"https:\/\/www.albergominerva.it\/wp-content\/uploads\/2024\/03\/image.png\" \/>\n<meta name=\"twitter:card\" content=\"summary_large_image\" \/>\n<meta name=\"twitter:label1\" content=\"Tiempo de lectura\" \/>\n\t<meta name=\"twitter:data1\" content=\"6 minutos\" \/>\n<script type=\"application\/ld+json\" class=\"yoast-schema-graph\">{\"@context\":\"https:\/\/schema.org\",\"@graph\":[{\"@type\":\"WebPage\",\"@id\":\"https:\/\/www.albergominerva.it\/es\/ofertas-de-hoteles-en-siena-para-mayo-de-2025\/\",\"url\":\"https:\/\/www.albergominerva.it\/es\/ofertas-de-hoteles-en-siena-para-mayo-de-2025\/\",\"name\":\"Ofertas de hoteles en Siena para mayo de 2025 - Hotel Minerva Siena\",\"isPartOf\":{\"@id\":\"https:\/\/www.albergominerva.it\/es\/#website\"},\"primaryImageOfPage\":{\"@id\":\"https:\/\/www.albergominerva.it\/es\/ofertas-de-hoteles-en-siena-para-mayo-de-2025\/#primaryimage\"},\"image\":{\"@id\":\"https:\/\/www.albergominerva.it\/es\/ofertas-de-hoteles-en-siena-para-mayo-de-2025\/#primaryimage\"},\"thumbnailUrl\":\"https:\/\/www.albergominerva.it\/wp-content\/uploads\/2024\/03\/image.png\",\"datePublished\":\"2024-03-25T15:35:03+00:00\",\"dateModified\":\"2024-03-25T15:35:05+00:00\",\"breadcrumb\":{\"@id\":\"https:\/\/www.albergominerva.it\/es\/ofertas-de-hoteles-en-siena-para-mayo-de-2025\/#breadcrumb\"},\"inLanguage\":\"es\",\"potentialAction\":[{\"@type\":\"ReadAction\",\"target\":[\"https:\/\/www.albergominerva.it\/es\/ofertas-de-hoteles-en-siena-para-mayo-de-2025\/\"]}]},{\"@type\":\"ImageObject\",\"inLanguage\":\"es\",\"@id\":\"https:\/\/www.albergominerva.it\/es\/ofertas-de-hoteles-en-siena-para-mayo-de-2025\/#primaryimage\",\"url\":\"https:\/\/www.albergominerva.it\/wp-content\/uploads\/2024\/03\/image.png\",\"contentUrl\":\"https:\/\/www.albergominerva.it\/wp-content\/uploads\/2024\/03\/image.png\"},{\"@type\":\"BreadcrumbList\",\"@id\":\"https:\/\/www.albergominerva.it\/es\/ofertas-de-hoteles-en-siena-para-mayo-de-2025\/#breadcrumb\",\"itemListElement\":[{\"@type\":\"ListItem\",\"position\":1,\"name\":\"Home\",\"item\":\"https:\/\/www.albergominerva.it\/es\/\"},{\"@type\":\"ListItem\",\"position\":2,\"name\":\"Ofertas de hoteles en Siena para mayo de 2025\"}]},{\"@type\":\"WebSite\",\"@id\":\"https:\/\/www.albergominerva.it\/es\/#website\",\"url\":\"https:\/\/www.albergominerva.it\/es\/\",\"name\":\"Hotel Minerva Siena\",\"description\":\"Hotel in Centro Storico a Siena - Toscana - Italy\",\"potentialAction\":[{\"@type\":\"SearchAction\",\"target\":{\"@type\":\"EntryPoint\",\"urlTemplate\":\"https:\/\/www.albergominerva.it\/es\/?s={search_term_string}\"},\"query-input\":{\"@type\":\"PropertyValueSpecification\",\"valueRequired\":true,\"valueName\":\"search_term_string\"}}],\"inLanguage\":\"es\"}]}<\/script>\n<!-- \/ Yoast SEO plugin. -->","yoast_head_json":{"title":"Ofertas de hoteles en Siena para mayo de 2025 - Hotel Minerva Siena","robots":{"index":"index","follow":"follow","max-snippet":"max-snippet:-1","max-image-preview":"max-image-preview:large","max-video-preview":"max-video-preview:-1"},"canonical":"https:\/\/www.albergominerva.it\/es\/ofertas-de-hoteles-en-siena-para-mayo-de-2025\/","og_locale":"es_ES","og_type":"article","og_title":"Ofertas de hoteles en Siena para mayo de 2025 - Hotel Minerva Siena","og_description":"Si est\u00e1s considerando pasar unas vacaciones en Siena y est\u00e1s buscando una oferta inigualable para mayo de 2025, te recomendamos","og_url":"https:\/\/www.albergominerva.it\/es\/ofertas-de-hoteles-en-siena-para-mayo-de-2025\/","og_site_name":"Hotel Minerva Siena","article_modified_time":"2024-03-25T15:35:05+00:00","og_image":[{"url":"https:\/\/www.albergominerva.it\/wp-content\/uploads\/2024\/03\/image.png","type":"","width":"","height":""}],"twitter_card":"summary_large_image","twitter_misc":{"Tiempo de lectura":"6 minutos"},"schema":{"@context":"https:\/\/schema.org","@graph":[{"@type":"WebPage","@id":"https:\/\/www.albergominerva.it\/es\/ofertas-de-hoteles-en-siena-para-mayo-de-2025\/","url":"https:\/\/www.albergominerva.it\/es\/ofertas-de-hoteles-en-siena-para-mayo-de-2025\/","name":"Ofertas de hoteles en Siena para mayo de 2025 - Hotel Minerva Siena","isPartOf":{"@id":"https:\/\/www.albergominerva.it\/es\/#website"},"primaryImageOfPage":{"@id":"https:\/\/www.albergominerva.it\/es\/ofertas-de-hoteles-en-siena-para-mayo-de-2025\/#primaryimage"},"image":{"@id":"https:\/\/www.albergominerva.it\/es\/ofertas-de-hoteles-en-siena-para-mayo-de-2025\/#primaryimage"},"thumbnailUrl":"https:\/\/www.albergominerva.it\/wp-content\/uploads\/2024\/03\/image.png","datePublished":"2024-03-25T15:35:03+00:00","dateModified":"2024-03-25T15:35:05+00:00","breadcrumb":{"@id":"https:\/\/www.albergominerva.it\/es\/ofertas-de-hoteles-en-siena-para-mayo-de-2025\/#breadcrumb"},"inLanguage":"es","potentialAction":[{"@type":"ReadAction","target":["https:\/\/www.albergominerva.it\/es\/ofertas-de-hoteles-en-siena-para-mayo-de-2025\/"]}]},{"@type":"ImageObject","inLanguage":"es","@id":"https:\/\/www.albergominerva.it\/es\/ofertas-de-hoteles-en-siena-para-mayo-de-2025\/#primaryimage","url":"https:\/\/www.albergominerva.it\/wp-content\/uploads\/2024\/03\/image.png","contentUrl":"https:\/\/www.albergominerva.it\/wp-content\/uploads\/2024\/03\/image.png"},{"@type":"BreadcrumbList","@id":"https:\/\/www.albergominerva.it\/es\/ofertas-de-hoteles-en-siena-para-mayo-de-2025\/#breadcrumb","itemListElement":[{"@type":"ListItem","position":1,"name":"Home","item":"https:\/\/www.albergominerva.it\/es\/"},{"@type":"ListItem","position":2,"name":"Ofertas de hoteles en Siena para mayo de 2025"}]},{"@type":"WebSite","@id":"https:\/\/www.albergominerva.it\/es\/#website","url":"https:\/\/www.albergominerva.it\/es\/","name":"Hotel Minerva Siena","description":"Hotel in Centro Storico a Siena - Toscana - Italy","potentialAction":[{"@type":"SearchAction","target":{"@type":"EntryPoint","urlTemplate":"https:\/\/www.albergominerva.it\/es\/?s={search_term_string}"},"query-input":{"@type":"PropertyValueSpecification","valueRequired":true,"valueName":"search_term_string"}}],"inLanguage":"es"}]}},"_links":{"self":[{"href":"https:\/\/www.albergominerva.it\/es\/wp-json\/wp\/v2\/pages\/14752","targetHints":{"allow":["GET"]}}],"collection":[{"href":"https:\/\/www.albergominerva.it\/es\/wp-json\/wp\/v2\/pages"}],"about":[{"href":"https:\/\/www.albergominerva.it\/es\/wp-json\/wp\/v2\/types\/page"}],"author":[{"embeddable":true,"href":"https:\/\/www.albergominerva.it\/es\/wp-json\/wp\/v2\/users\/3"}],"replies":[{"embeddable":true,"href":"https:\/\/www.albergominerva.it\/es\/wp-json\/wp\/v2\/comments?post=14752"}],"version-history":[{"count":1,"href":"https:\/\/www.albergominerva.it\/es\/wp-json\/wp\/v2\/pages\/14752\/revisions"}],"predecessor-version":[{"id":14753,"href":"https:\/\/www.albergominerva.it\/es\/wp-json\/wp\/v2\/pages\/14752\/revisions\/14753"}],"wp:attachment":[{"href":"https:\/\/www.albergominerva.it\/es\/wp-json\/wp\/v2\/media?parent=14752"}],"curies":[{"name":"wp","href":"https:\/\/api.w.org\/{rel}","templated":true}]}}