{"id":14907,"date":"2024-05-12T11:27:30","date_gmt":"2024-05-12T09:27:30","guid":{"rendered":"https:\/\/www.albergominerva.it\/?page_id=14907"},"modified":"2024-05-12T11:27:32","modified_gmt":"2024-05-12T09:27:32","slug":"donde-estan-las-escaleras-mecanicas-en-siena-cerca-de-los-aparcamientos","status":"publish","type":"page","link":"https:\/\/www.albergominerva.it\/es\/donde-estan-las-escaleras-mecanicas-en-siena-cerca-de-los-aparcamientos\/","title":{"rendered":"\u00bfD\u00f3nde est\u00e1n las escaleras mec\u00e1nicas en Siena cerca de los aparcamientos?"},"content":{"rendered":"\n<p><strong>\u00bfD\u00f3nde est\u00e1n ubicadas las escaleras mec\u00e1nicas en Siena?<\/strong><\/p>\n\n\n\n<p>Para facilitar la visita al centro hist\u00f3rico de la ciudad, el Ayuntamiento de Siena ha introducido desde hace varios a\u00f1os un sistema de escaleras mec\u00e1nicas conectadas a una serie de aparcamientos.<\/p>\n\n\n\n<p>Estas escaleras mec\u00e1nicas, abiertas las 24 horas del d\u00eda, se encuentran en las zonas norte, este y oeste de Siena y permiten evitar las empinadas subidas que se encuentran en el camino hacia el centro de la ciudad.<\/p>\n\n\n\n<p>Este sistema bien planificado permite tanto a turistas como a residentes locales reducir los tiempos de desplazamiento y llegar a los puntos deseados de la ciudad en las mejores condiciones de seguridad.<\/p>\n\n\n\n<p>Esto es posible gracias al uso de aparcamientos disuasorios situados en puntos estrat\u00e9gicos de acceso a la ciudad y conectados al centro hist\u00f3rico por escaleras mec\u00e1nicas y minibuses.<\/p>\n\n\n\n<p>Pero ahora, veamos cu\u00e1les son las escaleras mec\u00e1nicas m\u00e1s importantes en Siena y d\u00f3nde est\u00e1n ubicadas.<\/p>\n\n\n\n<p><strong>La subida mec\u00e1nica Stazione-Antiporto-Porta Camollia<\/strong> logra conectar la estaci\u00f3n de tren de Siena con el \u00e1rea del Antiporto, cerca de Porta Camollia.<\/p>\n\n\n\n<p>Esta configuraci\u00f3n es perfecta para aquellos que llegan a Siena en tren o autob\u00fas y desean llegar al centro de la ciudad lo m\u00e1s r\u00e1pido posible.<\/p>\n\n\n\n<p>Tambi\u00e9n es una buena opci\u00f3n para aquellos que vienen en coche, ya que es posible aparcar cerca de la estaci\u00f3n.<\/p>\n\n\n\n<p>Este sistema de elevaci\u00f3n mec\u00e1nica es el m\u00e1s reciente y fue inaugurado por el municipio de Siena en 2011.<\/p>\n\n\n\n<p>Cubre una distancia de 283 metros con un desnivel de 62 metros, permitiendo una capacidad m\u00e1xima de aproximadamente 6000 personas por hora.<\/p>\n\n\n\n<p>A lo largo del camino, hay m\u00faltiples tiendas y restaurantes, y la Piazza del Campo est\u00e1 a solo 25 minutos a pie.<\/p>\n\n\n\n<p>El recorrido es en su mayor\u00eda subterr\u00e1neo o semisubterr\u00e1neo, y el municipio de Siena tambi\u00e9n ha pensado en las personas con discapacidad.<\/p>\n\n\n\n<p>De hecho, es posible llegar a la base del sistema y al Piazzale Rosselli desde el aparcamiento subterr\u00e1neo de la estaci\u00f3n utilizando c\u00f3modos ascensores.<\/p>\n\n\n\n<p>Una vez en Piazzale Rosselli, gracias a sistemas de llamada espec\u00edficos, ser\u00e1 posible beneficiarse de un servicio de taxi dedicado.<\/p>\n\n\n\n<p><strong>La subida mec\u00e1nica San Francesco \u2013 Atracadero Este.<\/strong><\/p>\n\n\n\n<p>Estas escaleras mec\u00e1nicas est\u00e1n ubicadas cerca de la iglesia de San Francesco y de la plaza hom\u00f3nima que alberga varios departamentos de la Universidad de Siena.<\/p>\n\n\n\n<p>Utilizando este sistema de elevaci\u00f3n, se puede llegar r\u00e1pidamente a la Piazza Salimbeni, la Piazza Provenzano, el curso de la ciudad y, por supuesto, la Piazza del Campo.<\/p>\n\n\n\n<p>El primer sistema de escaleras mec\u00e1nicas realizado por el municipio de Siena, la subida de San Francesco permite cruzar en pocos minutos todo el per\u00edmetro de las murallas hasta la Piazza Francesco.<\/p>\n\n\n\n<p>El recorrido, completamente subterr\u00e1neo excepto por los accesos, tiene 120 metros y pasa directamente bajo las murallas de la ciudad del siglo XV para llegar detr\u00e1s de la bas\u00edlica de San Francesco.<\/p>\n\n\n\n<p>Fue inaugurado en el a\u00f1o 2000 y se estima que transporta alrededor de un mill\u00f3n de turistas y residentes locales cada a\u00f1o.<\/p>\n\n\n\n<p><strong>Y finalmente, veamos el tercer y \u00faltimo servicio de escaleras mec\u00e1nicas: la subida de Santa Caterina \u2013 Atracadero Oeste.<\/strong><\/p>\n\n\n\n<p>Esta instalaci\u00f3n est\u00e1 justo al lado del aparcamiento de Santa Caterina y muy cerca del \u00e1rea de aparcamiento para autobuses tur\u00edsticos.<\/p>\n\n\n\n<p>Tambi\u00e9n representa una conexi\u00f3n directa con la Piazza del Campo y la Piazza Duomo.<\/p>\n\n\n\n<p>Esta escalera mec\u00e1nica fue inaugurada en 2005 y consta de doce tramos de escaleras mec\u00e1nicas con una capacidad horaria de aproximadamente 4500 personas.<\/p>\n\n\n\n<p>La entrada inferior est\u00e1 ubicada en la Via Esterna di Fontebranda, cerca de la puerta hom\u00f3nima y a pocos metros de la fuente y del aparcamiento de Santa Caterina.<\/p>\n\n\n\n<p>La salida superior, por su parte, se encuentra en la Via di Valle Piatta, a menos de 200 metros de la catedral de la ciudad.<\/p>\n\n\n\n<p>Estas escaleras mec\u00e1nicas fueron construidas con un sistema de activaci\u00f3n autom\u00e1tica por c\u00e9lulas fotoel\u00e9ctricas y todo el sistema se desarrolla bajo la via del Costone, superando un desnivel de 35 metros.<\/p>\n\n\n\n<p>La subida es completamente subterr\u00e1nea y es ideal para llegar al Duomo, al Complejo Muse\u00edstico de Santa Maria della Scala, a la Bas\u00edlica de S. Domenico, al Santuario Cateriniano y, por supuesto, al centro de la ciudad.<\/p>\n\n\n\n<p>Naturalmente, aparcar y usar las escaleras mec\u00e1nicas no es la soluci\u00f3n m\u00e1s conveniente.<\/p>\n\n\n\n<p>La soluci\u00f3n m\u00e1s c\u00f3moda es, sin duda, reservar un hotel en el Centro de Siena, como el Hotel Minerva, nuestro hotel en el centro de Siena con aparcamiento perfecto para familias y parejas que desean la m\u00e1xima comodidad.<\/p>\n\n\n\n<p>Despl\u00e1zate por el sitio y descubre todas nuestras habitaciones con vistas panor\u00e1micas al centro hist\u00f3rico de Siena y recuerda que si reservas a trav\u00e9s del sitio, siempre tendr\u00e1s el mejor precio garantizado.<\/p>\n","protected":false},"excerpt":{"rendered":"<p>\u00bfD\u00f3nde est\u00e1n ubicadas las escaleras mec\u00e1nicas en Siena? Para facilitar la visita al centro hist\u00f3rico de la ciudad, el Ayuntamiento<\/p>\n","protected":false},"author":3,"featured_media":0,"parent":0,"menu_order":0,"comment_status":"closed","ping_status":"closed","template":"","meta":{"_acf_changed":false,"footnotes":""},"class_list":["post-14907","page","type-page","status-publish","hentry"],"acf":[],"yoast_head":"<!-- This site is optimized with the Yoast SEO plugin v26.4 - https:\/\/yoast.com\/wordpress\/plugins\/seo\/ -->\n<title>\u00bfD\u00f3nde est\u00e1n las escaleras mec\u00e1nicas en Siena cerca de los aparcamientos? - Hotel Minerva Siena<\/title>\n<meta name=\"robots\" content=\"index, follow, max-snippet:-1, max-image-preview:large, max-video-preview:-1\" \/>\n<link rel=\"canonical\" href=\"https:\/\/www.albergominerva.it\/es\/donde-estan-las-escaleras-mecanicas-en-siena-cerca-de-los-aparcamientos\/\" \/>\n<meta property=\"og:locale\" content=\"es_ES\" \/>\n<meta property=\"og:type\" content=\"article\" \/>\n<meta property=\"og:title\" content=\"\u00bfD\u00f3nde est\u00e1n las escaleras mec\u00e1nicas en Siena cerca de los aparcamientos? - Hotel Minerva Siena\" \/>\n<meta property=\"og:description\" content=\"\u00bfD\u00f3nde est\u00e1n ubicadas las escaleras mec\u00e1nicas en Siena? Para facilitar la visita al centro hist\u00f3rico de la ciudad, el Ayuntamiento\" \/>\n<meta property=\"og:url\" content=\"https:\/\/www.albergominerva.it\/es\/donde-estan-las-escaleras-mecanicas-en-siena-cerca-de-los-aparcamientos\/\" \/>\n<meta property=\"og:site_name\" content=\"Hotel Minerva Siena\" \/>\n<meta property=\"article:modified_time\" content=\"2024-05-12T09:27:32+00:00\" \/>\n<meta name=\"twitter:card\" content=\"summary_large_image\" \/>\n<meta name=\"twitter:label1\" content=\"Tiempo de lectura\" \/>\n\t<meta name=\"twitter:data1\" content=\"5 minutos\" \/>\n<script type=\"application\/ld+json\" class=\"yoast-schema-graph\">{\"@context\":\"https:\/\/schema.org\",\"@graph\":[{\"@type\":\"WebPage\",\"@id\":\"https:\/\/www.albergominerva.it\/es\/donde-estan-las-escaleras-mecanicas-en-siena-cerca-de-los-aparcamientos\/\",\"url\":\"https:\/\/www.albergominerva.it\/es\/donde-estan-las-escaleras-mecanicas-en-siena-cerca-de-los-aparcamientos\/\",\"name\":\"\u00bfD\u00f3nde est\u00e1n las escaleras mec\u00e1nicas en Siena cerca de los aparcamientos? - Hotel Minerva Siena\",\"isPartOf\":{\"@id\":\"https:\/\/www.albergominerva.it\/es\/#website\"},\"datePublished\":\"2024-05-12T09:27:30+00:00\",\"dateModified\":\"2024-05-12T09:27:32+00:00\",\"breadcrumb\":{\"@id\":\"https:\/\/www.albergominerva.it\/es\/donde-estan-las-escaleras-mecanicas-en-siena-cerca-de-los-aparcamientos\/#breadcrumb\"},\"inLanguage\":\"es\",\"potentialAction\":[{\"@type\":\"ReadAction\",\"target\":[\"https:\/\/www.albergominerva.it\/es\/donde-estan-las-escaleras-mecanicas-en-siena-cerca-de-los-aparcamientos\/\"]}]},{\"@type\":\"BreadcrumbList\",\"@id\":\"https:\/\/www.albergominerva.it\/es\/donde-estan-las-escaleras-mecanicas-en-siena-cerca-de-los-aparcamientos\/#breadcrumb\",\"itemListElement\":[{\"@type\":\"ListItem\",\"position\":1,\"name\":\"Home\",\"item\":\"https:\/\/www.albergominerva.it\/es\/\"},{\"@type\":\"ListItem\",\"position\":2,\"name\":\"\u00bfD\u00f3nde est\u00e1n las escaleras mec\u00e1nicas en Siena cerca de los aparcamientos?\"}]},{\"@type\":\"WebSite\",\"@id\":\"https:\/\/www.albergominerva.it\/es\/#website\",\"url\":\"https:\/\/www.albergominerva.it\/es\/\",\"name\":\"Hotel Minerva Siena\",\"description\":\"Hotel in Centro Storico a Siena - Toscana - Italy\",\"potentialAction\":[{\"@type\":\"SearchAction\",\"target\":{\"@type\":\"EntryPoint\",\"urlTemplate\":\"https:\/\/www.albergominerva.it\/es\/?s={search_term_string}\"},\"query-input\":{\"@type\":\"PropertyValueSpecification\",\"valueRequired\":true,\"valueName\":\"search_term_string\"}}],\"inLanguage\":\"es\"}]}<\/script>\n<!-- \/ Yoast SEO plugin. -->","yoast_head_json":{"title":"\u00bfD\u00f3nde est\u00e1n las escaleras mec\u00e1nicas en Siena cerca de los aparcamientos? - Hotel Minerva Siena","robots":{"index":"index","follow":"follow","max-snippet":"max-snippet:-1","max-image-preview":"max-image-preview:large","max-video-preview":"max-video-preview:-1"},"canonical":"https:\/\/www.albergominerva.it\/es\/donde-estan-las-escaleras-mecanicas-en-siena-cerca-de-los-aparcamientos\/","og_locale":"es_ES","og_type":"article","og_title":"\u00bfD\u00f3nde est\u00e1n las escaleras mec\u00e1nicas en Siena cerca de los aparcamientos? - Hotel Minerva Siena","og_description":"\u00bfD\u00f3nde est\u00e1n ubicadas las escaleras mec\u00e1nicas en Siena? Para facilitar la visita al centro hist\u00f3rico de la ciudad, el Ayuntamiento","og_url":"https:\/\/www.albergominerva.it\/es\/donde-estan-las-escaleras-mecanicas-en-siena-cerca-de-los-aparcamientos\/","og_site_name":"Hotel Minerva Siena","article_modified_time":"2024-05-12T09:27:32+00:00","twitter_card":"summary_large_image","twitter_misc":{"Tiempo de lectura":"5 minutos"},"schema":{"@context":"https:\/\/schema.org","@graph":[{"@type":"WebPage","@id":"https:\/\/www.albergominerva.it\/es\/donde-estan-las-escaleras-mecanicas-en-siena-cerca-de-los-aparcamientos\/","url":"https:\/\/www.albergominerva.it\/es\/donde-estan-las-escaleras-mecanicas-en-siena-cerca-de-los-aparcamientos\/","name":"\u00bfD\u00f3nde est\u00e1n las escaleras mec\u00e1nicas en Siena cerca de los aparcamientos? - Hotel Minerva Siena","isPartOf":{"@id":"https:\/\/www.albergominerva.it\/es\/#website"},"datePublished":"2024-05-12T09:27:30+00:00","dateModified":"2024-05-12T09:27:32+00:00","breadcrumb":{"@id":"https:\/\/www.albergominerva.it\/es\/donde-estan-las-escaleras-mecanicas-en-siena-cerca-de-los-aparcamientos\/#breadcrumb"},"inLanguage":"es","potentialAction":[{"@type":"ReadAction","target":["https:\/\/www.albergominerva.it\/es\/donde-estan-las-escaleras-mecanicas-en-siena-cerca-de-los-aparcamientos\/"]}]},{"@type":"BreadcrumbList","@id":"https:\/\/www.albergominerva.it\/es\/donde-estan-las-escaleras-mecanicas-en-siena-cerca-de-los-aparcamientos\/#breadcrumb","itemListElement":[{"@type":"ListItem","position":1,"name":"Home","item":"https:\/\/www.albergominerva.it\/es\/"},{"@type":"ListItem","position":2,"name":"\u00bfD\u00f3nde est\u00e1n las escaleras mec\u00e1nicas en Siena cerca de los aparcamientos?"}]},{"@type":"WebSite","@id":"https:\/\/www.albergominerva.it\/es\/#website","url":"https:\/\/www.albergominerva.it\/es\/","name":"Hotel Minerva Siena","description":"Hotel in Centro Storico a Siena - Toscana - Italy","potentialAction":[{"@type":"SearchAction","target":{"@type":"EntryPoint","urlTemplate":"https:\/\/www.albergominerva.it\/es\/?s={search_term_string}"},"query-input":{"@type":"PropertyValueSpecification","valueRequired":true,"valueName":"search_term_string"}}],"inLanguage":"es"}]}},"_links":{"self":[{"href":"https:\/\/www.albergominerva.it\/es\/wp-json\/wp\/v2\/pages\/14907","targetHints":{"allow":["GET"]}}],"collection":[{"href":"https:\/\/www.albergominerva.it\/es\/wp-json\/wp\/v2\/pages"}],"about":[{"href":"https:\/\/www.albergominerva.it\/es\/wp-json\/wp\/v2\/types\/page"}],"author":[{"embeddable":true,"href":"https:\/\/www.albergominerva.it\/es\/wp-json\/wp\/v2\/users\/3"}],"replies":[{"embeddable":true,"href":"https:\/\/www.albergominerva.it\/es\/wp-json\/wp\/v2\/comments?post=14907"}],"version-history":[{"count":1,"href":"https:\/\/www.albergominerva.it\/es\/wp-json\/wp\/v2\/pages\/14907\/revisions"}],"predecessor-version":[{"id":14908,"href":"https:\/\/www.albergominerva.it\/es\/wp-json\/wp\/v2\/pages\/14907\/revisions\/14908"}],"wp:attachment":[{"href":"https:\/\/www.albergominerva.it\/es\/wp-json\/wp\/v2\/media?parent=14907"}],"curies":[{"name":"wp","href":"https:\/\/api.w.org\/{rel}","templated":true}]}}