{"id":22460,"date":"2026-02-20T16:58:40","date_gmt":"2026-02-20T15:58:40","guid":{"rendered":"https:\/\/www.albergominerva.it\/?page_id=22460"},"modified":"2026-02-20T16:58:42","modified_gmt":"2026-02-20T15:58:42","slug":"albergo-minerva-tu-hotel-ideal-en-el-corazon-de-siena","status":"publish","type":"page","link":"https:\/\/www.albergominerva.it\/es\/albergo-minerva-tu-hotel-ideal-en-el-corazon-de-siena\/","title":{"rendered":"Albergo Minerva: tu hotel ideal en el coraz\u00f3n de Siena"},"content":{"rendered":"\n<p>El <strong>Albergo Minerva<\/strong> es la elecci\u00f3n perfecta para quienes desean descubrir Siena con comodidad, ubicaci\u00f3n estrat\u00e9gica y aut\u00e9ntica hospitalidad toscana. Situado a pocos minutos a pie del centro hist\u00f3rico, el hotel ofrece habitaciones confortables, terrazas panor\u00e1micas con vistas a la campi\u00f1a toscana y aparcamiento privado, un gran valor a\u00f1adido en una ciudad medieval como Siena.<\/p>\n\n\n\n<p>Desde el hotel podr\u00e1s explorar f\u00e1cilmente los principales monumentos y museos de la ciudad.<\/p>\n\n\n<div style=\"display:flex; justify-content:center;\">\n\n\n<figure class=\"wp-block-embed is-type-video is-provider-youtube wp-block-embed-youtube wp-embed-aspect-16-9 wp-has-aspect-ratio\"><div class=\"wp-block-embed__wrapper\">\n<iframe loading=\"lazy\" title=\"Hotel Minerva   Full 4K ITA\" width=\"500\" height=\"281\" src=\"https:\/\/www.youtube.com\/embed\/AW3LygfbUKw?feature=oembed\" frameborder=\"0\" allow=\"accelerometer; autoplay; clipboard-write; encrypted-media; gyroscope; picture-in-picture; web-share\" referrerpolicy=\"strict-origin-when-cross-origin\" allowfullscreen><\/iframe>\n<\/div><\/figure>\n\n\n<\/div>\n\n\n<hr class=\"wp-block-separator has-alpha-channel-opacity\"\/>\n\n\n\n<h2 class=\"wp-block-heading\">A pocos pasos de la Piazza del Campo<\/h2>\n\n\n\n<p>El coraz\u00f3n de Siena es la emblem\u00e1tica Piazza del Campo. Si buscas recomendaciones pr\u00e1cticas, consulta <strong><a href=\"https:\/\/www.albergominerva.it\/es\/donde-alojarse-cerca-de-la-piazza-del-campo-en-siena\/\">d\u00f3nde alojarse cerca de la Piazza del Campo en Siena<\/a><\/strong> y descubre por qu\u00e9 el Albergo Minerva es una opci\u00f3n estrat\u00e9gica.<\/p>\n\n\n\n<p>En la plaza podr\u00e1s visitar el hist\u00f3rico <strong><a href=\"https:\/\/www.albergominerva.it\/es\/palazzo-pubblico-de-siena-guia-para-el-visitante\/\">Palazzo Pubblico de Siena: gu\u00eda para el visitante<\/a><\/strong>, s\u00edmbolo del poder civil de la ciudad, y conocer la fascinante historia urbana descrita en <strong><a href=\"https:\/\/www.albergominerva.it\/es\/bozza-automat\/\">bozza automat<\/a><\/strong>.<\/p>\n\n\n\n<hr class=\"wp-block-separator has-alpha-channel-opacity\"\/>\n\n\n\n<h2 class=\"wp-block-heading\">La Catedral y los grandes tesoros art\u00edsticos<\/h2>\n\n\n\n<p>Una visita imprescindible es la magn\u00edfica <strong><a href=\"https:\/\/www.albergominerva.it\/es\/catedral-de-siena-duomo-de-siena-horarios-de-apertura-entradas-y-obras-maestras\/\">Catedral de Siena (Duomo de Siena): horarios de apertura, entradas y obras maestras<\/a><\/strong>.<\/p>\n\n\n\n<p>En su interior se encuentra la espectacular <strong><a href=\"https:\/\/www.albergominerva.it\/es\/biblioteca-piccolomini-guia-al-tesoro-oculto-del-duomo-de-siena\/\">Biblioteca Piccolomini: gu\u00eda al tesoro oculto del Duomo de Siena<\/a><\/strong>, as\u00ed como el impresionante <strong><a href=\"https:\/\/www.albergominerva.it\/es\/baptisterio-de-san-giovanni-siena-mosaicos-y-frescos-extraordinarios\/\">Baptisterio de San Giovanni en Siena: mosaicos y frescos extraordinarios<\/a><\/strong>.<\/p>\n\n\n\n<hr class=\"wp-block-separator has-alpha-channel-opacity\"\/>\n\n\n\n<h2 class=\"wp-block-heading\">Espiritualidad y tradici\u00f3n<\/h2>\n\n\n\n<p>Siena est\u00e1 profundamente vinculada a la figura de <strong><a href=\"https:\/\/www.albergominerva.it\/es\/santa-catalina-de-siena-santuario-basilica-y-lugares-vinculados-a-la-santa\/\">Santa Catalina de Siena: santuario, bas\u00edlica y lugares vinculados a la santa<\/a><\/strong>.<\/p>\n\n\n\n<p>No dejes de visitar la imponente <strong><a href=\"https:\/\/www.albergominerva.it\/es\/basilica-de-san-domenico-en-siena-historia-y-obras-de-arte-que-admirar\/\">Bas\u00edlica de San Domenico en Siena: historia y obras de arte que admirar<\/a><\/strong> y profundizar en la historia local a trav\u00e9s de contenidos como <strong><a href=\"https:\/\/www.albergominerva.it\/es\/bozza-automatic\/\">bozza automatic<\/a><\/strong> y <strong><a href=\"https:\/\/www.albergominerva.it\/es\/bozza-automatic-2\/\">bozza automatic 2<\/a><\/strong>.<\/p>\n\n\n\n<hr class=\"wp-block-separator has-alpha-channel-opacity\"\/>\n\n\n\n<h2 class=\"wp-block-heading\">Arquitectura y rincones hist\u00f3ricos<\/h2>\n\n\n\n<p>Paseando por la ciudad descubrir\u00e1s lugares emblem\u00e1ticos como la elegante <strong><a href=\"https:\/\/www.albergominerva.it\/es\/loggia-della-mercanzia-historia-y-arte-renacentista-en-siena\/\">Loggia della Mercanzia: historia y arte renacentista en Siena<\/a><\/strong> y el hist\u00f3rico <strong><a href=\"https:\/\/www.albergominerva.it\/es\/palazzo-salimbeni-siena-historia-y-curiosidades-de-la-sede-del-monte-dei-paschi\/\">Palazzo Salimbeni (Siena): historia y curiosidades de la sede del Monte dei Paschi<\/a><\/strong>.<\/p>\n\n\n\n<p>Al llegar a la ciudad, atraviesa la antigua <strong><a href=\"https:\/\/www.albergominerva.it\/es\/porta-camollia-y-las-otras-puertas-historicas-de-siena\/\">Porta Camollia y las otras puertas hist\u00f3ricas de Siena<\/a><\/strong> para comenzar tu experiencia medieval desde el primer momento.<\/p>\n\n\n\n<figure class=\"wp-block-gallery has-nested-images columns-default is-cropped wp-block-gallery-1 is-layout-flex wp-block-gallery-is-layout-flex\">\n<figure class=\"wp-block-image size-large\"><img loading=\"lazy\" decoding=\"async\" width=\"759\" height=\"1024\" data-id=\"19157\" src=\"https:\/\/www.albergominerva.it\/wp-content\/uploads\/2025\/02\/20241130_113503-759x1024.jpg\" alt=\"\" class=\"wp-image-19157\" srcset=\"https:\/\/www.albergominerva.it\/wp-content\/uploads\/2025\/02\/20241130_113503-759x1024.jpg 759w, https:\/\/www.albergominerva.it\/wp-content\/uploads\/2025\/02\/20241130_113503-222x300.jpg 222w, https:\/\/www.albergominerva.it\/wp-content\/uploads\/2025\/02\/20241130_113503-768x1036.jpg 768w, https:\/\/www.albergominerva.it\/wp-content\/uploads\/2025\/02\/20241130_113503-1000x1349.jpg 1000w, https:\/\/www.albergominerva.it\/wp-content\/uploads\/2025\/02\/20241130_113503-700x944.jpg 700w, https:\/\/www.albergominerva.it\/wp-content\/uploads\/2025\/02\/20241130_113503.jpg 1024w\" sizes=\"auto, (max-width: 759px) 100vw, 759px\" \/><\/figure>\n\n\n\n<figure class=\"wp-block-image size-large\"><img loading=\"lazy\" decoding=\"async\" width=\"1024\" height=\"682\" data-id=\"15768\" src=\"https:\/\/www.albergominerva.it\/wp-content\/uploads\/2024\/08\/Camere-Hotel-Minerva-001-1024x682.jpg\" alt=\"\" class=\"wp-image-15768\" srcset=\"https:\/\/www.albergominerva.it\/wp-content\/uploads\/2024\/08\/Camere-Hotel-Minerva-001-1024x682.jpg 1024w, https:\/\/www.albergominerva.it\/wp-content\/uploads\/2024\/08\/Camere-Hotel-Minerva-001-300x200.jpg 300w, https:\/\/www.albergominerva.it\/wp-content\/uploads\/2024\/08\/Camere-Hotel-Minerva-001-768x512.jpg 768w, https:\/\/www.albergominerva.it\/wp-content\/uploads\/2024\/08\/Camere-Hotel-Minerva-001-1536x1024.jpg 1536w, https:\/\/www.albergominerva.it\/wp-content\/uploads\/2024\/08\/Camere-Hotel-Minerva-001-2048x1365.jpg 2048w, https:\/\/www.albergominerva.it\/wp-content\/uploads\/2024\/08\/Camere-Hotel-Minerva-001-1000x666.jpg 1000w, https:\/\/www.albergominerva.it\/wp-content\/uploads\/2024\/08\/Camere-Hotel-Minerva-001-700x466.jpg 700w\" sizes=\"auto, (max-width: 1024px) 100vw, 1024px\" \/><\/figure>\n\n\n\n<figure class=\"wp-block-image size-large\"><img loading=\"lazy\" decoding=\"async\" width=\"1024\" height=\"682\" data-id=\"15684\" src=\"https:\/\/www.albergominerva.it\/wp-content\/uploads\/2024\/08\/Camere-Hotel-Minerva-015-1024x682.jpg\" alt=\"\" class=\"wp-image-15684\" srcset=\"https:\/\/www.albergominerva.it\/wp-content\/uploads\/2024\/08\/Camere-Hotel-Minerva-015-1024x682.jpg 1024w, https:\/\/www.albergominerva.it\/wp-content\/uploads\/2024\/08\/Camere-Hotel-Minerva-015-300x200.jpg 300w, https:\/\/www.albergominerva.it\/wp-content\/uploads\/2024\/08\/Camere-Hotel-Minerva-015-768x512.jpg 768w, https:\/\/www.albergominerva.it\/wp-content\/uploads\/2024\/08\/Camere-Hotel-Minerva-015-1536x1024.jpg 1536w, https:\/\/www.albergominerva.it\/wp-content\/uploads\/2024\/08\/Camere-Hotel-Minerva-015-2048x1365.jpg 2048w, https:\/\/www.albergominerva.it\/wp-content\/uploads\/2024\/08\/Camere-Hotel-Minerva-015-1000x666.jpg 1000w, https:\/\/www.albergominerva.it\/wp-content\/uploads\/2024\/08\/Camere-Hotel-Minerva-015-700x466.jpg 700w\" sizes=\"auto, (max-width: 1024px) 100vw, 1024px\" \/><\/figure>\n\n\n\n<figure class=\"wp-block-image size-large\"><img loading=\"lazy\" decoding=\"async\" width=\"1024\" height=\"682\" data-id=\"15726\" src=\"https:\/\/www.albergominerva.it\/wp-content\/uploads\/2024\/08\/Camere-Hotel-Minerva-022-1024x682.jpg\" alt=\"\" class=\"wp-image-15726\" srcset=\"https:\/\/www.albergominerva.it\/wp-content\/uploads\/2024\/08\/Camere-Hotel-Minerva-022-1024x682.jpg 1024w, https:\/\/www.albergominerva.it\/wp-content\/uploads\/2024\/08\/Camere-Hotel-Minerva-022-300x200.jpg 300w, https:\/\/www.albergominerva.it\/wp-content\/uploads\/2024\/08\/Camere-Hotel-Minerva-022-768x512.jpg 768w, https:\/\/www.albergominerva.it\/wp-content\/uploads\/2024\/08\/Camere-Hotel-Minerva-022-1536x1024.jpg 1536w, https:\/\/www.albergominerva.it\/wp-content\/uploads\/2024\/08\/Camere-Hotel-Minerva-022-2048x1365.jpg 2048w, https:\/\/www.albergominerva.it\/wp-content\/uploads\/2024\/08\/Camere-Hotel-Minerva-022-1000x666.jpg 1000w, https:\/\/www.albergominerva.it\/wp-content\/uploads\/2024\/08\/Camere-Hotel-Minerva-022-700x466.jpg 700w\" sizes=\"auto, (max-width: 1024px) 100vw, 1024px\" \/><\/figure>\n\n\n\n<figure class=\"wp-block-image size-large\"><img loading=\"lazy\" decoding=\"async\" width=\"1024\" height=\"683\" data-id=\"1510\" src=\"https:\/\/www.albergominerva.it\/wp-content\/uploads\/2016\/02\/Camere-Elegant-Vista-Hotel-Siena-Centro-002-1024x683.jpg\" alt=\"Camere Elegant Vista Hotel Siena Centro\" class=\"wp-image-1510\" srcset=\"https:\/\/www.albergominerva.it\/wp-content\/uploads\/2016\/02\/Camere-Elegant-Vista-Hotel-Siena-Centro-002.jpg 1024w, https:\/\/www.albergominerva.it\/wp-content\/uploads\/2016\/02\/Camere-Elegant-Vista-Hotel-Siena-Centro-002-300x200.jpg 300w\" sizes=\"auto, (max-width: 1024px) 100vw, 1024px\" \/><\/figure>\n\n\n\n<figure class=\"wp-block-image size-large\"><img loading=\"lazy\" decoding=\"async\" width=\"1024\" height=\"683\" data-id=\"732\" src=\"https:\/\/www.albergominerva.it\/wp-content\/uploads\/2016\/03\/Camere-Elegant-Vista-Hotel-Siena-Centro-02-1024x683.jpg\" alt=\"\" class=\"wp-image-732\" srcset=\"https:\/\/www.albergominerva.it\/wp-content\/uploads\/2016\/03\/Camere-Elegant-Vista-Hotel-Siena-Centro-02.jpg 1024w, https:\/\/www.albergominerva.it\/wp-content\/uploads\/2016\/03\/Camere-Elegant-Vista-Hotel-Siena-Centro-02-300x200.jpg 300w, https:\/\/www.albergominerva.it\/wp-content\/uploads\/2016\/03\/Camere-Elegant-Vista-Hotel-Siena-Centro-02-768x512.jpg 768w\" sizes=\"auto, (max-width: 1024px) 100vw, 1024px\" \/><\/figure>\n\n\n\n<figure class=\"wp-block-image size-large\"><img loading=\"lazy\" decoding=\"async\" width=\"1024\" height=\"683\" data-id=\"656\" src=\"https:\/\/www.albergominerva.it\/wp-content\/uploads\/2016\/02\/Hotel-Vista-Siena-Centro-02-1024x683.jpg\" alt=\"Camere con Vista Hotel Siena Centro\" class=\"wp-image-656\" srcset=\"https:\/\/www.albergominerva.it\/wp-content\/uploads\/2016\/02\/Hotel-Vista-Siena-Centro-02.jpg 1024w, https:\/\/www.albergominerva.it\/wp-content\/uploads\/2016\/02\/Hotel-Vista-Siena-Centro-02-300x200.jpg 300w, https:\/\/www.albergominerva.it\/wp-content\/uploads\/2016\/02\/Hotel-Vista-Siena-Centro-02-768x512.jpg 768w\" sizes=\"auto, (max-width: 1024px) 100vw, 1024px\" \/><\/figure>\n\n\n\n<figure class=\"wp-block-image size-large\"><img loading=\"lazy\" decoding=\"async\" width=\"700\" height=\"467\" data-id=\"243\" src=\"https:\/\/www.albergominerva.it\/wp-content\/uploads\/2016\/01\/Camere.jpg\" alt=\"\" class=\"wp-image-243\" srcset=\"https:\/\/www.albergominerva.it\/wp-content\/uploads\/2016\/01\/Camere.jpg 700w, https:\/\/www.albergominerva.it\/wp-content\/uploads\/2016\/01\/Camere-300x200.jpg 300w\" sizes=\"auto, (max-width: 700px) 100vw, 700px\" \/><\/figure>\n<\/figure>\n\n\n\n<hr class=\"wp-block-separator has-alpha-channel-opacity\"\/>\n\n\n\n<h2 class=\"wp-block-heading\">Descubre Siena y sus alrededores<\/h2>\n\n\n\n<p>El Albergo Minerva tambi\u00e9n es un excelente punto de partida para itinerarios m\u00e1s amplios. Planifica tu viaje con:<\/p>\n\n\n\n<ul class=\"wp-block-list\">\n<li><strong><a href=\"https:\/\/www.albergominerva.it\/es\/siena-y-alrededores-en-4-dias-las-mejores-cosas-que-ver\/\">Siena y alrededores en 4 d\u00edas: las mejores cosas que ver<\/a><\/strong><\/li>\n\n\n\n<li><strong><a href=\"https:\/\/www.albergominerva.it\/es\/que-ver-en-siena-y-alrededores-en-3-dias\/\">Qu\u00e9 ver en Siena y alrededores en 3 d\u00edas<\/a><\/strong><\/li>\n\n\n\n<li><strong><a href=\"https:\/\/www.albergominerva.it\/es\/mejores-pueblos-antiguos-para-visitar-cerca-de-siena\/\">Mejores pueblos antiguos para visitar cerca de Siena<\/a><\/strong><\/li>\n<\/ul>\n\n\n\n<hr class=\"wp-block-separator has-alpha-channel-opacity\"\/>\n\n\n\n<h2 class=\"wp-block-heading\">\u00bfPor qu\u00e9 elegir el Albergo Minerva?<\/h2>\n\n\n\n<p>Hospedarte en el Albergo Minerva significa disfrutar de:<\/p>\n\n\n\n<ul class=\"wp-block-list\">\n<li>Ubicaci\u00f3n estrat\u00e9gica cerca del centro hist\u00f3rico<\/li>\n\n\n\n<li>Habitaciones c\u00f3modas y luminosas<\/li>\n\n\n\n<li>Aparcamiento privado<\/li>\n\n\n\n<li>Vistas panor\u00e1micas de la Toscana<\/li>\n\n\n\n<li>Atenci\u00f3n c\u00e1lida y familiar<\/li>\n<\/ul>\n\n\n\n<p>Ya sea para una escapada rom\u00e1ntica, un viaje cultural o unas vacaciones completas en la Toscana, el Albergo Minerva es el punto de partida ideal para descubrir todas las maravillas de Siena.<\/p>\n\n\n\n<p>Reserva tu estancia y vive una experiencia aut\u00e9ntica en una de las ciudades medievales m\u00e1s bellas de Italia.<\/p>\n","protected":false},"excerpt":{"rendered":"<p>El Albergo Minerva es la elecci\u00f3n perfecta para quienes desean descubrir Siena con comodidad, ubicaci\u00f3n estrat\u00e9gica y aut\u00e9ntica hospitalidad toscana.<\/p>\n","protected":false},"author":3,"featured_media":0,"parent":0,"menu_order":0,"comment_status":"closed","ping_status":"closed","template":"","meta":{"_acf_changed":false,"footnotes":""},"class_list":["post-22460","page","type-page","status-publish","hentry"],"acf":[],"yoast_head":"<!-- This site is optimized with the Yoast SEO plugin v26.4 - https:\/\/yoast.com\/wordpress\/plugins\/seo\/ -->\n<title>Albergo Minerva: tu hotel ideal en el coraz\u00f3n de Siena - Hotel Minerva Siena<\/title>\n<meta name=\"robots\" content=\"index, follow, max-snippet:-1, max-image-preview:large, max-video-preview:-1\" \/>\n<link rel=\"canonical\" href=\"https:\/\/www.albergominerva.it\/es\/albergo-minerva-tu-hotel-ideal-en-el-corazon-de-siena\/\" \/>\n<meta property=\"og:locale\" content=\"es_ES\" \/>\n<meta property=\"og:type\" content=\"article\" \/>\n<meta property=\"og:title\" content=\"Albergo Minerva: tu hotel ideal en el coraz\u00f3n de Siena - Hotel Minerva Siena\" \/>\n<meta property=\"og:description\" content=\"El Albergo Minerva es la elecci\u00f3n perfecta para quienes desean descubrir Siena con comodidad, ubicaci\u00f3n estrat\u00e9gica y aut\u00e9ntica hospitalidad toscana.\" \/>\n<meta property=\"og:url\" content=\"https:\/\/www.albergominerva.it\/es\/albergo-minerva-tu-hotel-ideal-en-el-corazon-de-siena\/\" \/>\n<meta property=\"og:site_name\" content=\"Hotel Minerva Siena\" \/>\n<meta property=\"article:modified_time\" content=\"2026-02-20T15:58:42+00:00\" \/>\n<meta property=\"og:image\" content=\"https:\/\/www.albergominerva.it\/wp-content\/uploads\/2025\/02\/20241130_113503.jpg\" \/>\n\t<meta property=\"og:image:width\" content=\"1024\" \/>\n\t<meta property=\"og:image:height\" content=\"1381\" \/>\n\t<meta property=\"og:image:type\" content=\"image\/jpeg\" \/>\n<meta name=\"twitter:card\" content=\"summary_large_image\" \/>\n<meta name=\"twitter:label1\" content=\"Tiempo de lectura\" \/>\n\t<meta name=\"twitter:data1\" content=\"5 minutos\" \/>\n<script type=\"application\/ld+json\" class=\"yoast-schema-graph\">{\"@context\":\"https:\/\/schema.org\",\"@graph\":[{\"@type\":\"WebPage\",\"@id\":\"https:\/\/www.albergominerva.it\/es\/albergo-minerva-tu-hotel-ideal-en-el-corazon-de-siena\/\",\"url\":\"https:\/\/www.albergominerva.it\/es\/albergo-minerva-tu-hotel-ideal-en-el-corazon-de-siena\/\",\"name\":\"Albergo Minerva: tu hotel ideal en el coraz\u00f3n de Siena - Hotel Minerva Siena\",\"isPartOf\":{\"@id\":\"https:\/\/www.albergominerva.it\/es\/#website\"},\"primaryImageOfPage\":{\"@id\":\"https:\/\/www.albergominerva.it\/es\/albergo-minerva-tu-hotel-ideal-en-el-corazon-de-siena\/#primaryimage\"},\"image\":{\"@id\":\"https:\/\/www.albergominerva.it\/es\/albergo-minerva-tu-hotel-ideal-en-el-corazon-de-siena\/#primaryimage\"},\"thumbnailUrl\":\"https:\/\/www.albergominerva.it\/wp-content\/uploads\/2025\/02\/20241130_113503-759x1024.jpg\",\"datePublished\":\"2026-02-20T15:58:40+00:00\",\"dateModified\":\"2026-02-20T15:58:42+00:00\",\"breadcrumb\":{\"@id\":\"https:\/\/www.albergominerva.it\/es\/albergo-minerva-tu-hotel-ideal-en-el-corazon-de-siena\/#breadcrumb\"},\"inLanguage\":\"es\",\"potentialAction\":[{\"@type\":\"ReadAction\",\"target\":[\"https:\/\/www.albergominerva.it\/es\/albergo-minerva-tu-hotel-ideal-en-el-corazon-de-siena\/\"]}]},{\"@type\":\"ImageObject\",\"inLanguage\":\"es\",\"@id\":\"https:\/\/www.albergominerva.it\/es\/albergo-minerva-tu-hotel-ideal-en-el-corazon-de-siena\/#primaryimage\",\"url\":\"https:\/\/www.albergominerva.it\/wp-content\/uploads\/2025\/02\/20241130_113503-759x1024.jpg\",\"contentUrl\":\"https:\/\/www.albergominerva.it\/wp-content\/uploads\/2025\/02\/20241130_113503-759x1024.jpg\"},{\"@type\":\"BreadcrumbList\",\"@id\":\"https:\/\/www.albergominerva.it\/es\/albergo-minerva-tu-hotel-ideal-en-el-corazon-de-siena\/#breadcrumb\",\"itemListElement\":[{\"@type\":\"ListItem\",\"position\":1,\"name\":\"Home\",\"item\":\"https:\/\/www.albergominerva.it\/es\/\"},{\"@type\":\"ListItem\",\"position\":2,\"name\":\"Albergo Minerva: tu hotel ideal en el coraz\u00f3n de Siena\"}]},{\"@type\":\"WebSite\",\"@id\":\"https:\/\/www.albergominerva.it\/es\/#website\",\"url\":\"https:\/\/www.albergominerva.it\/es\/\",\"name\":\"Hotel Minerva Siena\",\"description\":\"Hotel in Centro Storico a Siena - Toscana - Italy\",\"potentialAction\":[{\"@type\":\"SearchAction\",\"target\":{\"@type\":\"EntryPoint\",\"urlTemplate\":\"https:\/\/www.albergominerva.it\/es\/?s={search_term_string}\"},\"query-input\":{\"@type\":\"PropertyValueSpecification\",\"valueRequired\":true,\"valueName\":\"search_term_string\"}}],\"inLanguage\":\"es\"}]}<\/script>\n<!-- \/ Yoast SEO plugin. -->","yoast_head_json":{"title":"Albergo Minerva: tu hotel ideal en el coraz\u00f3n de Siena - Hotel Minerva Siena","robots":{"index":"index","follow":"follow","max-snippet":"max-snippet:-1","max-image-preview":"max-image-preview:large","max-video-preview":"max-video-preview:-1"},"canonical":"https:\/\/www.albergominerva.it\/es\/albergo-minerva-tu-hotel-ideal-en-el-corazon-de-siena\/","og_locale":"es_ES","og_type":"article","og_title":"Albergo Minerva: tu hotel ideal en el coraz\u00f3n de Siena - Hotel Minerva Siena","og_description":"El Albergo Minerva es la elecci\u00f3n perfecta para quienes desean descubrir Siena con comodidad, ubicaci\u00f3n estrat\u00e9gica y aut\u00e9ntica hospitalidad toscana.","og_url":"https:\/\/www.albergominerva.it\/es\/albergo-minerva-tu-hotel-ideal-en-el-corazon-de-siena\/","og_site_name":"Hotel Minerva Siena","article_modified_time":"2026-02-20T15:58:42+00:00","og_image":[{"width":1024,"height":1381,"url":"https:\/\/www.albergominerva.it\/wp-content\/uploads\/2025\/02\/20241130_113503.jpg","type":"image\/jpeg"}],"twitter_card":"summary_large_image","twitter_misc":{"Tiempo de lectura":"5 minutos"},"schema":{"@context":"https:\/\/schema.org","@graph":[{"@type":"WebPage","@id":"https:\/\/www.albergominerva.it\/es\/albergo-minerva-tu-hotel-ideal-en-el-corazon-de-siena\/","url":"https:\/\/www.albergominerva.it\/es\/albergo-minerva-tu-hotel-ideal-en-el-corazon-de-siena\/","name":"Albergo Minerva: tu hotel ideal en el coraz\u00f3n de Siena - Hotel Minerva Siena","isPartOf":{"@id":"https:\/\/www.albergominerva.it\/es\/#website"},"primaryImageOfPage":{"@id":"https:\/\/www.albergominerva.it\/es\/albergo-minerva-tu-hotel-ideal-en-el-corazon-de-siena\/#primaryimage"},"image":{"@id":"https:\/\/www.albergominerva.it\/es\/albergo-minerva-tu-hotel-ideal-en-el-corazon-de-siena\/#primaryimage"},"thumbnailUrl":"https:\/\/www.albergominerva.it\/wp-content\/uploads\/2025\/02\/20241130_113503-759x1024.jpg","datePublished":"2026-02-20T15:58:40+00:00","dateModified":"2026-02-20T15:58:42+00:00","breadcrumb":{"@id":"https:\/\/www.albergominerva.it\/es\/albergo-minerva-tu-hotel-ideal-en-el-corazon-de-siena\/#breadcrumb"},"inLanguage":"es","potentialAction":[{"@type":"ReadAction","target":["https:\/\/www.albergominerva.it\/es\/albergo-minerva-tu-hotel-ideal-en-el-corazon-de-siena\/"]}]},{"@type":"ImageObject","inLanguage":"es","@id":"https:\/\/www.albergominerva.it\/es\/albergo-minerva-tu-hotel-ideal-en-el-corazon-de-siena\/#primaryimage","url":"https:\/\/www.albergominerva.it\/wp-content\/uploads\/2025\/02\/20241130_113503-759x1024.jpg","contentUrl":"https:\/\/www.albergominerva.it\/wp-content\/uploads\/2025\/02\/20241130_113503-759x1024.jpg"},{"@type":"BreadcrumbList","@id":"https:\/\/www.albergominerva.it\/es\/albergo-minerva-tu-hotel-ideal-en-el-corazon-de-siena\/#breadcrumb","itemListElement":[{"@type":"ListItem","position":1,"name":"Home","item":"https:\/\/www.albergominerva.it\/es\/"},{"@type":"ListItem","position":2,"name":"Albergo Minerva: tu hotel ideal en el coraz\u00f3n de Siena"}]},{"@type":"WebSite","@id":"https:\/\/www.albergominerva.it\/es\/#website","url":"https:\/\/www.albergominerva.it\/es\/","name":"Hotel Minerva Siena","description":"Hotel in Centro Storico a Siena - Toscana - Italy","potentialAction":[{"@type":"SearchAction","target":{"@type":"EntryPoint","urlTemplate":"https:\/\/www.albergominerva.it\/es\/?s={search_term_string}"},"query-input":{"@type":"PropertyValueSpecification","valueRequired":true,"valueName":"search_term_string"}}],"inLanguage":"es"}]}},"_links":{"self":[{"href":"https:\/\/www.albergominerva.it\/es\/wp-json\/wp\/v2\/pages\/22460","targetHints":{"allow":["GET"]}}],"collection":[{"href":"https:\/\/www.albergominerva.it\/es\/wp-json\/wp\/v2\/pages"}],"about":[{"href":"https:\/\/www.albergominerva.it\/es\/wp-json\/wp\/v2\/types\/page"}],"author":[{"embeddable":true,"href":"https:\/\/www.albergominerva.it\/es\/wp-json\/wp\/v2\/users\/3"}],"replies":[{"embeddable":true,"href":"https:\/\/www.albergominerva.it\/es\/wp-json\/wp\/v2\/comments?post=22460"}],"version-history":[{"count":1,"href":"https:\/\/www.albergominerva.it\/es\/wp-json\/wp\/v2\/pages\/22460\/revisions"}],"predecessor-version":[{"id":22461,"href":"https:\/\/www.albergominerva.it\/es\/wp-json\/wp\/v2\/pages\/22460\/revisions\/22461"}],"wp:attachment":[{"href":"https:\/\/www.albergominerva.it\/es\/wp-json\/wp\/v2\/media?parent=22460"}],"curies":[{"name":"wp","href":"https:\/\/api.w.org\/{rel}","templated":true}]}}