{"id":6141,"date":"2019-09-02T17:16:02","date_gmt":"2019-09-02T15:16:02","guid":{"rendered":"https:\/\/www.albergominerva.it\/siena-and-surroundings\/"},"modified":"2025-11-13T09:38:32","modified_gmt":"2025-11-13T08:38:32","slug":"siena-and-surroundings","status":"publish","type":"page","link":"https:\/\/www.albergominerva.it\/es\/siena-and-surroundings\/","title":{"rendered":"Siena y alrededores"},"content":{"rendered":"\n<h1 class=\"wp-block-heading\"> Siena fue un importante centro medieval de poder. Incluso hoy podemos apreciar su extraordinaria belleza. <\/h1>\n\n\n\n<p>Siena es un concentrado de arte e historia, cultura y tradiciones. Su centro hist\u00f3rico se ha convertido uno de los sitios del Patrimonio Mundial de la UNESCO.<\/p>\n\n\n\n<p> En todo el mundo, Siena es famosa por el Palio, la carrera ecuestre entre las Contradas de la ciudad que tiene lugar dos veces al a\u00f1o en la Piazza del Campo. El Hotel Minerva est\u00e1 ubicado en la Contrada della Lupa. <\/p>\n\n\n\n<p>Piazza del Campo is considered the largest medieval construction ever built, and here you can admire its typical shell shape and the beautiful monuments that surround it such as the Torre del Mangia, the Palazzo Pubblico the Fonte Gaia fountain.<\/p>\n\n\n\n<p>Piazza del\nCampo es considerada la construcci\u00f3n medieval m\u00e1s grande de la historia, aqu\u00ed\npuedes admirar su forma t\u00edpica de concha y los hermosos monumentos que lo\nrodean, como La Torre del Mangia, el Palazzo Pubblico o la fuente Gaia.<\/p>\n\n\n\n<p>Cuando pases\nuna estad\u00eda en Siena en el Hotel Minerva, no olvides visitar el Duomo, la logia\nde la Mercanzia con estatuas que datan del siglo XVI, el Palazzo Salimbeni, un\nedificio renacentista del siglo XIII, la Fortaleza Medici, un imponente\nedificio de 1561 ordenado por Cosimo I de &#8216;Medici y tambi\u00e9n Palazzo Tolomei,\nsolo por nombrar algunos.<\/p>\n\n\n\n<p>En los alrededores de Siena, en cambio, encontrar\u00e1s un n\u00famero infinito de posibles destinos para tus excursiones. San Gimignano, Monteriggioni, Colle Val D&#8217;elsa, el Valle d&#8217;Orcia hasta Pisa y Florencia, donde puedes seguir itinerarios hist\u00f3rico-culturales, gastron\u00f3micos y de vinos con todas las variedades de Chianti, Brunello di Montalcino y Vernaccia de San Gimignano. <\/p>\n\n\n\n<p><strong>Ven y descubre la Toscana<\/strong><\/p>\n","protected":false},"excerpt":{"rendered":"<p>Siena fue un importante centro medieval de poder. Incluso hoy podemos apreciar su extraordinaria belleza. Siena es un concentrado de<\/p>\n","protected":false},"author":1,"featured_media":8644,"parent":0,"menu_order":0,"comment_status":"closed","ping_status":"closed","template":"","meta":{"_acf_changed":false,"footnotes":""},"class_list":["post-6141","page","type-page","status-publish","has-post-thumbnail","hentry"],"acf":[],"yoast_head":"<!-- This site is optimized with the Yoast SEO plugin v27.4 - https:\/\/yoast.com\/product\/yoast-seo-wordpress\/ -->\n<title>Siena y alrededores - Hotel Minerva Siena<\/title>\n<meta name=\"robots\" content=\"index, follow, max-snippet:-1, max-image-preview:large, max-video-preview:-1\" \/>\n<link rel=\"canonical\" href=\"https:\/\/www.albergominerva.it\/es\/siena-and-surroundings\/\" \/>\n<meta property=\"og:locale\" content=\"es_ES\" \/>\n<meta property=\"og:type\" content=\"article\" \/>\n<meta property=\"og:title\" content=\"Siena y alrededores - Hotel Minerva Siena\" \/>\n<meta property=\"og:description\" content=\"Siena fue un importante centro medieval de poder. Incluso hoy podemos apreciar su extraordinaria belleza. Siena es un concentrado de\" \/>\n<meta property=\"og:url\" content=\"https:\/\/www.albergominerva.it\/es\/siena-and-surroundings\/\" \/>\n<meta property=\"og:site_name\" content=\"Hotel Minerva Siena\" \/>\n<meta property=\"article:modified_time\" content=\"2025-11-13T08:38:32+00:00\" \/>\n<meta property=\"og:image\" content=\"https:\/\/www.albergominerva.it\/wp-content\/uploads\/2021\/04\/panorama-siena-dintorni.jpg\" \/>\n\t<meta property=\"og:image:width\" content=\"1920\" \/>\n\t<meta property=\"og:image:height\" content=\"1000\" \/>\n\t<meta property=\"og:image:type\" content=\"image\/jpeg\" \/>\n<meta name=\"twitter:card\" content=\"summary_large_image\" \/>\n<meta name=\"twitter:label1\" content=\"Tiempo de lectura\" \/>\n\t<meta name=\"twitter:data1\" content=\"1 minuto\" \/>\n<script type=\"application\/ld+json\" class=\"yoast-schema-graph\">{\"@context\":\"https:\\\/\\\/schema.org\",\"@graph\":[{\"@type\":\"WebPage\",\"@id\":\"https:\\\/\\\/www.albergominerva.it\\\/es\\\/siena-and-surroundings\\\/\",\"url\":\"https:\\\/\\\/www.albergominerva.it\\\/es\\\/siena-and-surroundings\\\/\",\"name\":\"Siena y alrededores - Hotel Minerva Siena\",\"isPartOf\":{\"@id\":\"https:\\\/\\\/www.albergominerva.it\\\/es\\\/#website\"},\"primaryImageOfPage\":{\"@id\":\"https:\\\/\\\/www.albergominerva.it\\\/es\\\/siena-and-surroundings\\\/#primaryimage\"},\"image\":{\"@id\":\"https:\\\/\\\/www.albergominerva.it\\\/es\\\/siena-and-surroundings\\\/#primaryimage\"},\"thumbnailUrl\":\"https:\\\/\\\/www.albergominerva.it\\\/wp-content\\\/uploads\\\/2021\\\/04\\\/panorama-siena-dintorni.jpg\",\"datePublished\":\"2019-09-02T15:16:02+00:00\",\"dateModified\":\"2025-11-13T08:38:32+00:00\",\"breadcrumb\":{\"@id\":\"https:\\\/\\\/www.albergominerva.it\\\/es\\\/siena-and-surroundings\\\/#breadcrumb\"},\"inLanguage\":\"es\",\"potentialAction\":[{\"@type\":\"ReadAction\",\"target\":[\"https:\\\/\\\/www.albergominerva.it\\\/es\\\/siena-and-surroundings\\\/\"]}]},{\"@type\":\"ImageObject\",\"inLanguage\":\"es\",\"@id\":\"https:\\\/\\\/www.albergominerva.it\\\/es\\\/siena-and-surroundings\\\/#primaryimage\",\"url\":\"https:\\\/\\\/www.albergominerva.it\\\/wp-content\\\/uploads\\\/2021\\\/04\\\/panorama-siena-dintorni.jpg\",\"contentUrl\":\"https:\\\/\\\/www.albergominerva.it\\\/wp-content\\\/uploads\\\/2021\\\/04\\\/panorama-siena-dintorni.jpg\",\"width\":1920,\"height\":1000},{\"@type\":\"BreadcrumbList\",\"@id\":\"https:\\\/\\\/www.albergominerva.it\\\/es\\\/siena-and-surroundings\\\/#breadcrumb\",\"itemListElement\":[{\"@type\":\"ListItem\",\"position\":1,\"name\":\"Home\",\"item\":\"https:\\\/\\\/www.albergominerva.it\\\/es\\\/\"},{\"@type\":\"ListItem\",\"position\":2,\"name\":\"Siena y alrededores\"}]},{\"@type\":\"WebSite\",\"@id\":\"https:\\\/\\\/www.albergominerva.it\\\/es\\\/#website\",\"url\":\"https:\\\/\\\/www.albergominerva.it\\\/es\\\/\",\"name\":\"Hotel Minerva Siena\",\"description\":\"Hotel in Centro Storico a Siena - Toscana - Italy\",\"potentialAction\":[{\"@type\":\"SearchAction\",\"target\":{\"@type\":\"EntryPoint\",\"urlTemplate\":\"https:\\\/\\\/www.albergominerva.it\\\/es\\\/?s={search_term_string}\"},\"query-input\":{\"@type\":\"PropertyValueSpecification\",\"valueRequired\":true,\"valueName\":\"search_term_string\"}}],\"inLanguage\":\"es\"}]}<\/script>\n<!-- \/ Yoast SEO plugin. -->","yoast_head_json":{"title":"Siena y alrededores - Hotel Minerva Siena","robots":{"index":"index","follow":"follow","max-snippet":"max-snippet:-1","max-image-preview":"max-image-preview:large","max-video-preview":"max-video-preview:-1"},"canonical":"https:\/\/www.albergominerva.it\/es\/siena-and-surroundings\/","og_locale":"es_ES","og_type":"article","og_title":"Siena y alrededores - Hotel Minerva Siena","og_description":"Siena fue un importante centro medieval de poder. Incluso hoy podemos apreciar su extraordinaria belleza. Siena es un concentrado de","og_url":"https:\/\/www.albergominerva.it\/es\/siena-and-surroundings\/","og_site_name":"Hotel Minerva Siena","article_modified_time":"2025-11-13T08:38:32+00:00","og_image":[{"width":1920,"height":1000,"url":"https:\/\/www.albergominerva.it\/wp-content\/uploads\/2021\/04\/panorama-siena-dintorni.jpg","type":"image\/jpeg"}],"twitter_card":"summary_large_image","twitter_misc":{"Tiempo de lectura":"1 minuto"},"schema":{"@context":"https:\/\/schema.org","@graph":[{"@type":"WebPage","@id":"https:\/\/www.albergominerva.it\/es\/siena-and-surroundings\/","url":"https:\/\/www.albergominerva.it\/es\/siena-and-surroundings\/","name":"Siena y alrededores - Hotel Minerva Siena","isPartOf":{"@id":"https:\/\/www.albergominerva.it\/es\/#website"},"primaryImageOfPage":{"@id":"https:\/\/www.albergominerva.it\/es\/siena-and-surroundings\/#primaryimage"},"image":{"@id":"https:\/\/www.albergominerva.it\/es\/siena-and-surroundings\/#primaryimage"},"thumbnailUrl":"https:\/\/www.albergominerva.it\/wp-content\/uploads\/2021\/04\/panorama-siena-dintorni.jpg","datePublished":"2019-09-02T15:16:02+00:00","dateModified":"2025-11-13T08:38:32+00:00","breadcrumb":{"@id":"https:\/\/www.albergominerva.it\/es\/siena-and-surroundings\/#breadcrumb"},"inLanguage":"es","potentialAction":[{"@type":"ReadAction","target":["https:\/\/www.albergominerva.it\/es\/siena-and-surroundings\/"]}]},{"@type":"ImageObject","inLanguage":"es","@id":"https:\/\/www.albergominerva.it\/es\/siena-and-surroundings\/#primaryimage","url":"https:\/\/www.albergominerva.it\/wp-content\/uploads\/2021\/04\/panorama-siena-dintorni.jpg","contentUrl":"https:\/\/www.albergominerva.it\/wp-content\/uploads\/2021\/04\/panorama-siena-dintorni.jpg","width":1920,"height":1000},{"@type":"BreadcrumbList","@id":"https:\/\/www.albergominerva.it\/es\/siena-and-surroundings\/#breadcrumb","itemListElement":[{"@type":"ListItem","position":1,"name":"Home","item":"https:\/\/www.albergominerva.it\/es\/"},{"@type":"ListItem","position":2,"name":"Siena y alrededores"}]},{"@type":"WebSite","@id":"https:\/\/www.albergominerva.it\/es\/#website","url":"https:\/\/www.albergominerva.it\/es\/","name":"Hotel Minerva Siena","description":"Hotel in Centro Storico a Siena - Toscana - Italy","potentialAction":[{"@type":"SearchAction","target":{"@type":"EntryPoint","urlTemplate":"https:\/\/www.albergominerva.it\/es\/?s={search_term_string}"},"query-input":{"@type":"PropertyValueSpecification","valueRequired":true,"valueName":"search_term_string"}}],"inLanguage":"es"}]}},"_links":{"self":[{"href":"https:\/\/www.albergominerva.it\/es\/wp-json\/wp\/v2\/pages\/6141","targetHints":{"allow":["GET"]}}],"collection":[{"href":"https:\/\/www.albergominerva.it\/es\/wp-json\/wp\/v2\/pages"}],"about":[{"href":"https:\/\/www.albergominerva.it\/es\/wp-json\/wp\/v2\/types\/page"}],"author":[{"embeddable":true,"href":"https:\/\/www.albergominerva.it\/es\/wp-json\/wp\/v2\/users\/1"}],"replies":[{"embeddable":true,"href":"https:\/\/www.albergominerva.it\/es\/wp-json\/wp\/v2\/comments?post=6141"}],"version-history":[{"count":2,"href":"https:\/\/www.albergominerva.it\/es\/wp-json\/wp\/v2\/pages\/6141\/revisions"}],"predecessor-version":[{"id":6162,"href":"https:\/\/www.albergominerva.it\/es\/wp-json\/wp\/v2\/pages\/6141\/revisions\/6162"}],"wp:featuredmedia":[{"embeddable":true,"href":"https:\/\/www.albergominerva.it\/es\/wp-json\/wp\/v2\/media\/8644"}],"wp:attachment":[{"href":"https:\/\/www.albergominerva.it\/es\/wp-json\/wp\/v2\/media?parent=6141"}],"curies":[{"name":"wp","href":"https:\/\/api.w.org\/{rel}","templated":true}]}}