{"id":6145,"date":"2019-06-20T12:07:07","date_gmt":"2019-06-20T10:07:07","guid":{"rendered":"https:\/\/www.albergominerva.it\/elegant-standard\/"},"modified":"2024-02-26T09:45:23","modified_gmt":"2024-02-26T08:45:23","slug":"habitacion-standard-siena-centro","status":"publish","type":"page","link":"https:\/\/www.albergominerva.it\/es\/habitaciones\/habitacion-standard-siena-centro\/","title":{"rendered":"Habitaci\u00f3n Elegant Standard"},"content":{"rendered":"\n<h1 class=\"wp-block-heading\">Habitaciones \u00edntimas y acogedoras, con una vista impresionante del centro hist\u00f3rico de Siena, para unas vacaciones de estilo c\u00f3modo y pr\u00e1ctico. <\/h1>\n\n\n\n<p>Superficie a partir de <strong>19 m\u00b2<\/strong>. El mobiliario moderno y los tonos pastel de las paredes las convierten en una opci\u00f3n perfecta para aquellos que deseen organizar unas vacaciones de estilo c\u00f3modo y pr\u00e1ctico en Siena. Divididas en habitaciones individuales y dobles, las habitaciones Standard pueden acomodar hasta 4 personas. Adem\u00e1s, est\u00e1n equipadas con ba\u00f1o privado con ducha, secador de pelo, caja fuerte, aire acondicionado, minibar, tel\u00e9fono y TV.<\/p>\n\n\n\n<p>Los hu\u00e9spedes\ndel Hotel Minerva tienen a su disposici\u00f3n la conexi\u00f3n a internet wi-fi,\nservicio de lavander\u00eda y garaje.<\/p>\n\n\n\n<p><strong>Tipo de habitaciones Elegant<\/strong><\/p>\n\n\n\n<p>Doble: 1 cama doble o 2 camas separadas a pedido Triple: 1 cama doble y cama individual o 3 camas separadas a pedido. <\/p>\n\n\n\n<p><strong>El hotel tiene ascensor.<\/strong><\/p>\n","protected":false},"excerpt":{"rendered":"<p>Habitaciones \u00edntimas y acogedoras, con una vista impresionante del centro hist\u00f3rico de Siena, para unas vacaciones de estilo c\u00f3modo y<\/p>\n","protected":false},"author":2,"featured_media":20980,"parent":6172,"menu_order":20,"comment_status":"closed","ping_status":"closed","template":"template-camere.php","meta":{"_acf_changed":false,"footnotes":""},"class_list":["post-6145","page","type-page","status-publish","has-post-thumbnail","hentry"],"acf":[],"yoast_head":"<!-- This site is optimized with the Yoast SEO plugin v26.4 - https:\/\/yoast.com\/wordpress\/plugins\/seo\/ -->\n<title>Habitaci\u00f3n Elegant Standard - Hotel Minerva Siena<\/title>\n<meta name=\"robots\" content=\"index, follow, max-snippet:-1, max-image-preview:large, max-video-preview:-1\" \/>\n<link rel=\"canonical\" href=\"https:\/\/www.albergominerva.it\/es\/habitaciones\/habitacion-standard-siena-centro\/\" \/>\n<meta property=\"og:locale\" content=\"es_ES\" \/>\n<meta property=\"og:type\" content=\"article\" \/>\n<meta property=\"og:title\" content=\"Habitaci\u00f3n Elegant Standard - Hotel Minerva Siena\" \/>\n<meta property=\"og:description\" content=\"Habitaciones \u00edntimas y acogedoras, con una vista impresionante del centro hist\u00f3rico de Siena, para unas vacaciones de estilo c\u00f3modo y\" \/>\n<meta property=\"og:url\" content=\"https:\/\/www.albergominerva.it\/es\/habitaciones\/habitacion-standard-siena-centro\/\" \/>\n<meta property=\"og:site_name\" content=\"Hotel Minerva Siena\" \/>\n<meta property=\"article:modified_time\" content=\"2024-02-26T08:45:23+00:00\" \/>\n<meta property=\"og:image\" content=\"https:\/\/www.albergominerva.it\/wp-content\/uploads\/2020\/07\/header-elegant-standard.jpg\" \/>\n\t<meta property=\"og:image:width\" content=\"1920\" \/>\n\t<meta property=\"og:image:height\" content=\"1000\" \/>\n\t<meta property=\"og:image:type\" content=\"image\/jpeg\" \/>\n<meta name=\"twitter:card\" content=\"summary_large_image\" \/>\n<meta name=\"twitter:label1\" content=\"Tiempo de lectura\" \/>\n\t<meta name=\"twitter:data1\" content=\"1 minuto\" \/>\n<script type=\"application\/ld+json\" class=\"yoast-schema-graph\">{\"@context\":\"https:\/\/schema.org\",\"@graph\":[{\"@type\":\"WebPage\",\"@id\":\"https:\/\/www.albergominerva.it\/es\/habitaciones\/habitacion-standard-siena-centro\/\",\"url\":\"https:\/\/www.albergominerva.it\/es\/habitaciones\/habitacion-standard-siena-centro\/\",\"name\":\"Habitaci\u00f3n Elegant Standard - Hotel Minerva Siena\",\"isPartOf\":{\"@id\":\"https:\/\/www.albergominerva.it\/es\/#website\"},\"primaryImageOfPage\":{\"@id\":\"https:\/\/www.albergominerva.it\/es\/habitaciones\/habitacion-standard-siena-centro\/#primaryimage\"},\"image\":{\"@id\":\"https:\/\/www.albergominerva.it\/es\/habitaciones\/habitacion-standard-siena-centro\/#primaryimage\"},\"thumbnailUrl\":\"https:\/\/www.albergominerva.it\/wp-content\/uploads\/2025\/11\/siena-hotel-minerva-stardard-room-01.webp\",\"datePublished\":\"2019-06-20T10:07:07+00:00\",\"dateModified\":\"2024-02-26T08:45:23+00:00\",\"breadcrumb\":{\"@id\":\"https:\/\/www.albergominerva.it\/es\/habitaciones\/habitacion-standard-siena-centro\/#breadcrumb\"},\"inLanguage\":\"es\",\"potentialAction\":[{\"@type\":\"ReadAction\",\"target\":[\"https:\/\/www.albergominerva.it\/es\/habitaciones\/habitacion-standard-siena-centro\/\"]}]},{\"@type\":\"ImageObject\",\"inLanguage\":\"es\",\"@id\":\"https:\/\/www.albergominerva.it\/es\/habitaciones\/habitacion-standard-siena-centro\/#primaryimage\",\"url\":\"https:\/\/www.albergominerva.it\/wp-content\/uploads\/2025\/11\/siena-hotel-minerva-stardard-room-01.webp\",\"contentUrl\":\"https:\/\/www.albergominerva.it\/wp-content\/uploads\/2025\/11\/siena-hotel-minerva-stardard-room-01.webp\",\"width\":1500,\"height\":1000},{\"@type\":\"BreadcrumbList\",\"@id\":\"https:\/\/www.albergominerva.it\/es\/habitaciones\/habitacion-standard-siena-centro\/#breadcrumb\",\"itemListElement\":[{\"@type\":\"ListItem\",\"position\":1,\"name\":\"Home\",\"item\":\"https:\/\/www.albergominerva.it\/es\/\"},{\"@type\":\"ListItem\",\"position\":2,\"name\":\"Habitaciones\",\"item\":\"https:\/\/www.albergominerva.it\/es\/habitaciones\/\"},{\"@type\":\"ListItem\",\"position\":3,\"name\":\"Habitaci\u00f3n Elegant Standard\"}]},{\"@type\":\"WebSite\",\"@id\":\"https:\/\/www.albergominerva.it\/es\/#website\",\"url\":\"https:\/\/www.albergominerva.it\/es\/\",\"name\":\"Hotel Minerva Siena\",\"description\":\"Hotel in Centro Storico a Siena - Toscana - Italy\",\"potentialAction\":[{\"@type\":\"SearchAction\",\"target\":{\"@type\":\"EntryPoint\",\"urlTemplate\":\"https:\/\/www.albergominerva.it\/es\/?s={search_term_string}\"},\"query-input\":{\"@type\":\"PropertyValueSpecification\",\"valueRequired\":true,\"valueName\":\"search_term_string\"}}],\"inLanguage\":\"es\"}]}<\/script>\n<!-- \/ Yoast SEO plugin. -->","yoast_head_json":{"title":"Habitaci\u00f3n Elegant Standard - Hotel Minerva Siena","robots":{"index":"index","follow":"follow","max-snippet":"max-snippet:-1","max-image-preview":"max-image-preview:large","max-video-preview":"max-video-preview:-1"},"canonical":"https:\/\/www.albergominerva.it\/es\/habitaciones\/habitacion-standard-siena-centro\/","og_locale":"es_ES","og_type":"article","og_title":"Habitaci\u00f3n Elegant Standard - Hotel Minerva Siena","og_description":"Habitaciones \u00edntimas y acogedoras, con una vista impresionante del centro hist\u00f3rico de Siena, para unas vacaciones de estilo c\u00f3modo y","og_url":"https:\/\/www.albergominerva.it\/es\/habitaciones\/habitacion-standard-siena-centro\/","og_site_name":"Hotel Minerva Siena","article_modified_time":"2024-02-26T08:45:23+00:00","og_image":[{"width":1920,"height":1000,"url":"https:\/\/www.albergominerva.it\/wp-content\/uploads\/2020\/07\/header-elegant-standard.jpg","type":"image\/jpeg"}],"twitter_card":"summary_large_image","twitter_misc":{"Tiempo de lectura":"1 minuto"},"schema":{"@context":"https:\/\/schema.org","@graph":[{"@type":"WebPage","@id":"https:\/\/www.albergominerva.it\/es\/habitaciones\/habitacion-standard-siena-centro\/","url":"https:\/\/www.albergominerva.it\/es\/habitaciones\/habitacion-standard-siena-centro\/","name":"Habitaci\u00f3n Elegant Standard - Hotel Minerva Siena","isPartOf":{"@id":"https:\/\/www.albergominerva.it\/es\/#website"},"primaryImageOfPage":{"@id":"https:\/\/www.albergominerva.it\/es\/habitaciones\/habitacion-standard-siena-centro\/#primaryimage"},"image":{"@id":"https:\/\/www.albergominerva.it\/es\/habitaciones\/habitacion-standard-siena-centro\/#primaryimage"},"thumbnailUrl":"https:\/\/www.albergominerva.it\/wp-content\/uploads\/2025\/11\/siena-hotel-minerva-stardard-room-01.webp","datePublished":"2019-06-20T10:07:07+00:00","dateModified":"2024-02-26T08:45:23+00:00","breadcrumb":{"@id":"https:\/\/www.albergominerva.it\/es\/habitaciones\/habitacion-standard-siena-centro\/#breadcrumb"},"inLanguage":"es","potentialAction":[{"@type":"ReadAction","target":["https:\/\/www.albergominerva.it\/es\/habitaciones\/habitacion-standard-siena-centro\/"]}]},{"@type":"ImageObject","inLanguage":"es","@id":"https:\/\/www.albergominerva.it\/es\/habitaciones\/habitacion-standard-siena-centro\/#primaryimage","url":"https:\/\/www.albergominerva.it\/wp-content\/uploads\/2025\/11\/siena-hotel-minerva-stardard-room-01.webp","contentUrl":"https:\/\/www.albergominerva.it\/wp-content\/uploads\/2025\/11\/siena-hotel-minerva-stardard-room-01.webp","width":1500,"height":1000},{"@type":"BreadcrumbList","@id":"https:\/\/www.albergominerva.it\/es\/habitaciones\/habitacion-standard-siena-centro\/#breadcrumb","itemListElement":[{"@type":"ListItem","position":1,"name":"Home","item":"https:\/\/www.albergominerva.it\/es\/"},{"@type":"ListItem","position":2,"name":"Habitaciones","item":"https:\/\/www.albergominerva.it\/es\/habitaciones\/"},{"@type":"ListItem","position":3,"name":"Habitaci\u00f3n Elegant Standard"}]},{"@type":"WebSite","@id":"https:\/\/www.albergominerva.it\/es\/#website","url":"https:\/\/www.albergominerva.it\/es\/","name":"Hotel Minerva Siena","description":"Hotel in Centro Storico a Siena - Toscana - Italy","potentialAction":[{"@type":"SearchAction","target":{"@type":"EntryPoint","urlTemplate":"https:\/\/www.albergominerva.it\/es\/?s={search_term_string}"},"query-input":{"@type":"PropertyValueSpecification","valueRequired":true,"valueName":"search_term_string"}}],"inLanguage":"es"}]}},"_links":{"self":[{"href":"https:\/\/www.albergominerva.it\/es\/wp-json\/wp\/v2\/pages\/6145","targetHints":{"allow":["GET"]}}],"collection":[{"href":"https:\/\/www.albergominerva.it\/es\/wp-json\/wp\/v2\/pages"}],"about":[{"href":"https:\/\/www.albergominerva.it\/es\/wp-json\/wp\/v2\/types\/page"}],"author":[{"embeddable":true,"href":"https:\/\/www.albergominerva.it\/es\/wp-json\/wp\/v2\/users\/2"}],"replies":[{"embeddable":true,"href":"https:\/\/www.albergominerva.it\/es\/wp-json\/wp\/v2\/comments?post=6145"}],"version-history":[{"count":17,"href":"https:\/\/www.albergominerva.it\/es\/wp-json\/wp\/v2\/pages\/6145\/revisions"}],"predecessor-version":[{"id":12026,"href":"https:\/\/www.albergominerva.it\/es\/wp-json\/wp\/v2\/pages\/6145\/revisions\/12026"}],"up":[{"embeddable":true,"href":"https:\/\/www.albergominerva.it\/es\/wp-json\/wp\/v2\/pages\/6172"}],"wp:featuredmedia":[{"embeddable":true,"href":"https:\/\/www.albergominerva.it\/es\/wp-json\/wp\/v2\/media\/20980"}],"wp:attachment":[{"href":"https:\/\/www.albergominerva.it\/es\/wp-json\/wp\/v2\/media?parent=6145"}],"curies":[{"name":"wp","href":"https:\/\/api.w.org\/{rel}","templated":true}]}}