{"id":7408,"date":"2020-02-14T10:40:09","date_gmt":"2020-02-14T09:40:09","guid":{"rendered":"https:\/\/www.albergominerva.it\/?page_id=7408"},"modified":"2020-02-14T10:40:12","modified_gmt":"2020-02-14T09:40:12","slug":"cuales-son-las-principales-atracciones-de-siena-descubramos-el-domo","status":"publish","type":"page","link":"https:\/\/www.albergominerva.it\/es\/cuales-son-las-principales-atracciones-de-siena-descubramos-el-domo\/","title":{"rendered":"\u00bfCu\u00e1les son las principales atracciones de Siena? Descubramos el Domo"},"content":{"rendered":"\n<p><strong>El Domo, la Catedral de Santa Maria Assunta, es sin duda una de las principales atracciones de Siena y una de las obras maestras m\u00e1s famosas de la arquitectura g\u00f3tica en el mundo.<\/strong><\/p>\n\n\n\n<figure class=\"wp-block-image\"><img decoding=\"async\" src=\"https:\/\/albergominerva.it\/minerva\/wp-content\/uploads\/2020\/02\/duomo-di-siena-300x208.png\" alt=\"\" class=\"wp-image-3091\"\/><\/figure>\n\n\n\n<p><strong>Construido entre el 1215 y el1263, tiene una forma de cruz latina con un crucero, un campanario y una c\u00fapula que fue adornada con una linterna construida por Gian Lorenzo Bernini en el siglo XVII.<\/strong><\/p>\n\n\n\n<p>Tanto por fuera como por dentro podr\u00e1s admirar el m\u00e1rmol blanco y negro \/ verde, ya que el blanco y el negro son los colores simb\u00f3licos de la ciudad que en el Duomo est\u00e1n insertados a rayas alternas a las que se agrega un m\u00e1rmol rojo en la fachada.<\/p>\n\n\n\n<p>El Domo de Siena se inici\u00f3 a costruir al final del 1200, luego interrumpido y despu\u00e9s de nuevo vuelto a construir en el 1338.<\/p>\n\n\n\n<p>El objetivo principal de esta segunda fase fue el de hacer la Catedral de Siena inmensa, con tres nuevos elementos, o sea, un pasillo central y dos laterales.<\/p>\n\n\n\n<p>El 1348 y la llegada de la peste negra interrumpieron este ambicioso proyecto que, sin embargo, se enriqueci\u00f3 con nuevos y sorprendentes trabajos internos.<\/p>\n\n\n\n<p>La fachada del Domo tiene una magia \u00fanica sin sin duda, con una infinidad de estatuas que representan fil\u00f3sofos, proyectos y ap\u00f3stoles.<\/p>\n\n\n\n<p>Todos fueron tallados por Giovanni Pisano y su taller al que se agregaron estatuas de los patriarcas en los nichos alrededor del roset\u00f3n hechos por otros autores.<\/p>\n\n\n\n<p>Casi todas las esculturas en la fachada son copias ,los originales est\u00e1n protegidos y al cubierto en la famosa Cripta de las Estatuas dentro del Museo dell&#8217;Opera del Domo.<\/p>\n\n\n\n<p>Si el exterior es \u00fanico y maravilloso, el interior influir\u00e1 con efectos extraordinarios en tus recuerdos gracias al efecto particular de las bandas de m\u00e1rmol blanco y negro presentes en las paredes y columnas y al techo abovedado con estrellas doradas sobre un fondo azul.<\/p>\n\n\n\n<p>El roset\u00f3n del coro se remonta al 1288 y fue construido seg\u00fan el dise\u00f1o de Duccio di Boninsegna.<\/p>\n\n\n\n<p>El altar mayor tambi\u00e9n es maravilloso, construido en m\u00e1rmol por Baldassarre Peruzzi en 1532.<\/p>\n\n\n\n<p>A continuaci\u00f3n encontrar\u00e1 el p\u00falpito de Nicola Pisano, construido entre el 1265 y el 1268 que es una mezcla de estilo g\u00f3tico y cl\u00e1sico y todo en m\u00e1rmol de Carrara.<\/p>\n\n\n\n<p>El p\u00falpito representa la doctrina de la Salvaci\u00f3n y el Juicio Final con cuatro columnas sostenidas por dos leones y dos leonas y la columna central que descansa sobre peque\u00f1as estatuas que celebran la filosof\u00eda y las siete artes liberales.<\/p>\n\n\n\n<p>Impresionante es el mosaico de m\u00e1rmol que adorna todo el piso del Domo al que contribuyeron m\u00e1s de cuarenta artistas, donde se representan escenas del Antiguo Testamento, las Sibilas, las alegor\u00edas y las virtudes.<\/p>\n\n\n\n<p>Impresionantes son las obras maestras como el San Pietro realizado por un muy joven Miguel \u00c1ngel y el Banquete de Herodes de Donatello, mientras que la famosa Maest\u00e0 de Duccio di Boninsegna y el vitral de Cimabue se conservan dentro del Museo dell&#8217;Opera del Domo.<\/p>\n\n\n\n<p>El Domo de Siena, entre sus maravillas, tambi\u00e9n incluye la famosa Biblioteca Piccolini con elegantes frescos de Pinturicchio que cuentan la vida del cardenal Enea Silvio Piccolini.<br>\nJusto en el centro est\u00e1 la Estatua de las Tres Gracias.<\/p>\n\n\n\n<p>El Domo es un laberinto de creatividad y misticismo religioso que cualquier persona que visite Siena debe ver absolutamente.<\/p>\n\n\n\n<p>Si a\u00fan no ha decidido d\u00f3nde alojarse, le recomendamos que pruebe el Hotel Minerva, nuestro hotel en el Centro de Siena, a poca distancia de las principales atracciones de la ciudad, como el Domo.<\/p>\n\n\n\n<p>El Hotel Minerva ofrece 56 habitaciones, la mayor\u00eda con vistas panor\u00e1micas sobre el centro de Siena, y es el \u00fanico en el panorama de Siena que ofrece a sus hu\u00e9spedes un aparcamiento cubierto con acceso directo al hotel que cuenta con 20 estacionamientos.<\/p>\n\n\n\n<p>Reserve la comodidad del Hotel Minerva.<\/p>\n\n\n\n<p><strong>Estar\u00e1 en el centro, en un \u00e1rea no ZTL y con un bar y un desayuno exquisito y genuino.<\/strong><\/p>\n","protected":false},"excerpt":{"rendered":"<p>El Domo, la Catedral de Santa Maria Assunta, es sin duda una de las principales atracciones de Siena y una<\/p>\n","protected":false},"author":3,"featured_media":0,"parent":0,"menu_order":0,"comment_status":"closed","ping_status":"closed","template":"","meta":{"_acf_changed":false,"footnotes":""},"class_list":["post-7408","page","type-page","status-publish","hentry"],"acf":[],"yoast_head":"<!-- This site is optimized with the Yoast SEO plugin v27.4 - https:\/\/yoast.com\/product\/yoast-seo-wordpress\/ -->\n<title>\u00bfCu\u00e1les son las principales atracciones de Siena? Descubramos el Domo - Hotel Minerva Siena<\/title>\n<meta name=\"robots\" content=\"index, follow, max-snippet:-1, max-image-preview:large, max-video-preview:-1\" \/>\n<link rel=\"canonical\" href=\"https:\/\/www.albergominerva.it\/es\/cuales-son-las-principales-atracciones-de-siena-descubramos-el-domo\/\" \/>\n<meta property=\"og:locale\" content=\"es_ES\" \/>\n<meta property=\"og:type\" content=\"article\" \/>\n<meta property=\"og:title\" content=\"\u00bfCu\u00e1les son las principales atracciones de Siena? Descubramos el Domo - Hotel Minerva Siena\" \/>\n<meta property=\"og:description\" content=\"El Domo, la Catedral de Santa Maria Assunta, es sin duda una de las principales atracciones de Siena y una\" \/>\n<meta property=\"og:url\" content=\"https:\/\/www.albergominerva.it\/es\/cuales-son-las-principales-atracciones-de-siena-descubramos-el-domo\/\" \/>\n<meta property=\"og:site_name\" content=\"Hotel Minerva Siena\" \/>\n<meta property=\"article:modified_time\" content=\"2020-02-14T09:40:12+00:00\" \/>\n<meta property=\"og:image\" content=\"https:\/\/albergominerva.it\/minerva\/wp-content\/uploads\/2020\/02\/duomo-di-siena-300x208.png\" \/>\n<meta name=\"twitter:card\" content=\"summary_large_image\" \/>\n<meta name=\"twitter:label1\" content=\"Tiempo de lectura\" \/>\n\t<meta name=\"twitter:data1\" content=\"3 minutos\" \/>\n<script type=\"application\/ld+json\" class=\"yoast-schema-graph\">{\"@context\":\"https:\\\/\\\/schema.org\",\"@graph\":[{\"@type\":\"WebPage\",\"@id\":\"https:\\\/\\\/www.albergominerva.it\\\/es\\\/cuales-son-las-principales-atracciones-de-siena-descubramos-el-domo\\\/\",\"url\":\"https:\\\/\\\/www.albergominerva.it\\\/es\\\/cuales-son-las-principales-atracciones-de-siena-descubramos-el-domo\\\/\",\"name\":\"\u00bfCu\u00e1les son las principales atracciones de Siena? Descubramos el Domo - Hotel Minerva Siena\",\"isPartOf\":{\"@id\":\"https:\\\/\\\/www.albergominerva.it\\\/es\\\/#website\"},\"primaryImageOfPage\":{\"@id\":\"https:\\\/\\\/www.albergominerva.it\\\/es\\\/cuales-son-las-principales-atracciones-de-siena-descubramos-el-domo\\\/#primaryimage\"},\"image\":{\"@id\":\"https:\\\/\\\/www.albergominerva.it\\\/es\\\/cuales-son-las-principales-atracciones-de-siena-descubramos-el-domo\\\/#primaryimage\"},\"thumbnailUrl\":\"https:\\\/\\\/albergominerva.it\\\/minerva\\\/wp-content\\\/uploads\\\/2020\\\/02\\\/duomo-di-siena-300x208.png\",\"datePublished\":\"2020-02-14T09:40:09+00:00\",\"dateModified\":\"2020-02-14T09:40:12+00:00\",\"breadcrumb\":{\"@id\":\"https:\\\/\\\/www.albergominerva.it\\\/es\\\/cuales-son-las-principales-atracciones-de-siena-descubramos-el-domo\\\/#breadcrumb\"},\"inLanguage\":\"es\",\"potentialAction\":[{\"@type\":\"ReadAction\",\"target\":[\"https:\\\/\\\/www.albergominerva.it\\\/es\\\/cuales-son-las-principales-atracciones-de-siena-descubramos-el-domo\\\/\"]}]},{\"@type\":\"ImageObject\",\"inLanguage\":\"es\",\"@id\":\"https:\\\/\\\/www.albergominerva.it\\\/es\\\/cuales-son-las-principales-atracciones-de-siena-descubramos-el-domo\\\/#primaryimage\",\"url\":\"https:\\\/\\\/albergominerva.it\\\/minerva\\\/wp-content\\\/uploads\\\/2020\\\/02\\\/duomo-di-siena-300x208.png\",\"contentUrl\":\"https:\\\/\\\/albergominerva.it\\\/minerva\\\/wp-content\\\/uploads\\\/2020\\\/02\\\/duomo-di-siena-300x208.png\"},{\"@type\":\"BreadcrumbList\",\"@id\":\"https:\\\/\\\/www.albergominerva.it\\\/es\\\/cuales-son-las-principales-atracciones-de-siena-descubramos-el-domo\\\/#breadcrumb\",\"itemListElement\":[{\"@type\":\"ListItem\",\"position\":1,\"name\":\"Home\",\"item\":\"https:\\\/\\\/www.albergominerva.it\\\/es\\\/\"},{\"@type\":\"ListItem\",\"position\":2,\"name\":\"\u00bfCu\u00e1les son las principales atracciones de Siena? Descubramos el Domo\"}]},{\"@type\":\"WebSite\",\"@id\":\"https:\\\/\\\/www.albergominerva.it\\\/es\\\/#website\",\"url\":\"https:\\\/\\\/www.albergominerva.it\\\/es\\\/\",\"name\":\"Hotel Minerva Siena\",\"description\":\"Hotel in Centro Storico a Siena - Toscana - Italy\",\"potentialAction\":[{\"@type\":\"SearchAction\",\"target\":{\"@type\":\"EntryPoint\",\"urlTemplate\":\"https:\\\/\\\/www.albergominerva.it\\\/es\\\/?s={search_term_string}\"},\"query-input\":{\"@type\":\"PropertyValueSpecification\",\"valueRequired\":true,\"valueName\":\"search_term_string\"}}],\"inLanguage\":\"es\"}]}<\/script>\n<!-- \/ Yoast SEO plugin. -->","yoast_head_json":{"title":"\u00bfCu\u00e1les son las principales atracciones de Siena? Descubramos el Domo - Hotel Minerva Siena","robots":{"index":"index","follow":"follow","max-snippet":"max-snippet:-1","max-image-preview":"max-image-preview:large","max-video-preview":"max-video-preview:-1"},"canonical":"https:\/\/www.albergominerva.it\/es\/cuales-son-las-principales-atracciones-de-siena-descubramos-el-domo\/","og_locale":"es_ES","og_type":"article","og_title":"\u00bfCu\u00e1les son las principales atracciones de Siena? Descubramos el Domo - Hotel Minerva Siena","og_description":"El Domo, la Catedral de Santa Maria Assunta, es sin duda una de las principales atracciones de Siena y una","og_url":"https:\/\/www.albergominerva.it\/es\/cuales-son-las-principales-atracciones-de-siena-descubramos-el-domo\/","og_site_name":"Hotel Minerva Siena","article_modified_time":"2020-02-14T09:40:12+00:00","og_image":[{"url":"https:\/\/albergominerva.it\/minerva\/wp-content\/uploads\/2020\/02\/duomo-di-siena-300x208.png","type":"","width":"","height":""}],"twitter_card":"summary_large_image","twitter_misc":{"Tiempo de lectura":"3 minutos"},"schema":{"@context":"https:\/\/schema.org","@graph":[{"@type":"WebPage","@id":"https:\/\/www.albergominerva.it\/es\/cuales-son-las-principales-atracciones-de-siena-descubramos-el-domo\/","url":"https:\/\/www.albergominerva.it\/es\/cuales-son-las-principales-atracciones-de-siena-descubramos-el-domo\/","name":"\u00bfCu\u00e1les son las principales atracciones de Siena? Descubramos el Domo - Hotel Minerva Siena","isPartOf":{"@id":"https:\/\/www.albergominerva.it\/es\/#website"},"primaryImageOfPage":{"@id":"https:\/\/www.albergominerva.it\/es\/cuales-son-las-principales-atracciones-de-siena-descubramos-el-domo\/#primaryimage"},"image":{"@id":"https:\/\/www.albergominerva.it\/es\/cuales-son-las-principales-atracciones-de-siena-descubramos-el-domo\/#primaryimage"},"thumbnailUrl":"https:\/\/albergominerva.it\/minerva\/wp-content\/uploads\/2020\/02\/duomo-di-siena-300x208.png","datePublished":"2020-02-14T09:40:09+00:00","dateModified":"2020-02-14T09:40:12+00:00","breadcrumb":{"@id":"https:\/\/www.albergominerva.it\/es\/cuales-son-las-principales-atracciones-de-siena-descubramos-el-domo\/#breadcrumb"},"inLanguage":"es","potentialAction":[{"@type":"ReadAction","target":["https:\/\/www.albergominerva.it\/es\/cuales-son-las-principales-atracciones-de-siena-descubramos-el-domo\/"]}]},{"@type":"ImageObject","inLanguage":"es","@id":"https:\/\/www.albergominerva.it\/es\/cuales-son-las-principales-atracciones-de-siena-descubramos-el-domo\/#primaryimage","url":"https:\/\/albergominerva.it\/minerva\/wp-content\/uploads\/2020\/02\/duomo-di-siena-300x208.png","contentUrl":"https:\/\/albergominerva.it\/minerva\/wp-content\/uploads\/2020\/02\/duomo-di-siena-300x208.png"},{"@type":"BreadcrumbList","@id":"https:\/\/www.albergominerva.it\/es\/cuales-son-las-principales-atracciones-de-siena-descubramos-el-domo\/#breadcrumb","itemListElement":[{"@type":"ListItem","position":1,"name":"Home","item":"https:\/\/www.albergominerva.it\/es\/"},{"@type":"ListItem","position":2,"name":"\u00bfCu\u00e1les son las principales atracciones de Siena? Descubramos el Domo"}]},{"@type":"WebSite","@id":"https:\/\/www.albergominerva.it\/es\/#website","url":"https:\/\/www.albergominerva.it\/es\/","name":"Hotel Minerva Siena","description":"Hotel in Centro Storico a Siena - Toscana - Italy","potentialAction":[{"@type":"SearchAction","target":{"@type":"EntryPoint","urlTemplate":"https:\/\/www.albergominerva.it\/es\/?s={search_term_string}"},"query-input":{"@type":"PropertyValueSpecification","valueRequired":true,"valueName":"search_term_string"}}],"inLanguage":"es"}]}},"_links":{"self":[{"href":"https:\/\/www.albergominerva.it\/es\/wp-json\/wp\/v2\/pages\/7408","targetHints":{"allow":["GET"]}}],"collection":[{"href":"https:\/\/www.albergominerva.it\/es\/wp-json\/wp\/v2\/pages"}],"about":[{"href":"https:\/\/www.albergominerva.it\/es\/wp-json\/wp\/v2\/types\/page"}],"author":[{"embeddable":true,"href":"https:\/\/www.albergominerva.it\/es\/wp-json\/wp\/v2\/users\/3"}],"replies":[{"embeddable":true,"href":"https:\/\/www.albergominerva.it\/es\/wp-json\/wp\/v2\/comments?post=7408"}],"version-history":[{"count":1,"href":"https:\/\/www.albergominerva.it\/es\/wp-json\/wp\/v2\/pages\/7408\/revisions"}],"predecessor-version":[{"id":7409,"href":"https:\/\/www.albergominerva.it\/es\/wp-json\/wp\/v2\/pages\/7408\/revisions\/7409"}],"wp:attachment":[{"href":"https:\/\/www.albergominerva.it\/es\/wp-json\/wp\/v2\/media?parent=7408"}],"curies":[{"name":"wp","href":"https:\/\/api.w.org\/{rel}","templated":true}]}}