{"id":7410,"date":"2020-02-14T10:41:22","date_gmt":"2020-02-14T09:41:22","guid":{"rendered":"https:\/\/www.albergominerva.it\/?page_id=7410"},"modified":"2020-02-14T10:41:24","modified_gmt":"2020-02-14T09:41:24","slug":"que-atracciones-ver-en-siena-la-maravillosa-basilica-de-san-francesco","status":"publish","type":"page","link":"https:\/\/www.albergominerva.it\/es\/que-atracciones-ver-en-siena-la-maravillosa-basilica-de-san-francesco\/","title":{"rendered":"\u00bfQu\u00e9 atracciones ver en Siena? La maravillosa Bas\u00edlica de San Francesco"},"content":{"rendered":"\n<p><strong>La maravillosa bas\u00edlica de San Francesco<\/strong><\/p>\n\n\n\n<figure class=\"wp-block-image\"><img decoding=\"async\" src=\"https:\/\/albergominerva.it\/minerva\/wp-content\/uploads\/2020\/02\/basilica-di-san-francesco.png\" alt=\"\" class=\"wp-image-3096\"\/><\/figure>\n\n\n\n<p>Entre los lugares sagrados admirables en Siena est\u00e1 sin duda la Bas\u00edlica de San Francesco, un esplendor m\u00edstico y arquitect\u00f3nico, que puede definirse como una colecci\u00f3n de obras de arte \u00fanicas en su g\u00e9nero, emocionante, que ve su cima en la coronaci\u00f3n de la Virgen en la que participaron dos artistas: Sassetto y Sano di Pietro.<\/p>\n\n\n\n<p>A esta se suman otras maravillas, como dos frescos de Ambrogio Lorenzetti, la Crucifixi\u00f3n de Pietro Lorenzetti y La Natividad de Cristo de Sodoma.<\/p>\n\n\n\n<p>La Iglesia de San Francesco contiene tambi\u00e9n las famosas \u00absagradas part\u00edculas\u00bb, 351 hostias consagradas que fueron robadas del tabern\u00e1culo el 14 de agosto de 1730 y luego reaparecieron despu\u00e9s de tres d\u00edas en una caja de limosnas del Santuario de Santa Mar\u00eda en Provenzano.<\/p>\n\n\n\n<p><strong>Estas hostias tienen la particularidad de permanecer intactas y frescas durante siglos y todo eso est\u00e1 certificado por ex\u00e1menes peri\u00f3dicos de su condici\u00f3n.<\/strong><\/p>\n\n\n\n<p>Dentro de la Bas\u00edlica est\u00e1 tambi\u00e9n el Oratorio de San Bernardino, dos grandes claustros y una magn\u00edfica cripta que se utiliza como biblioteca universitaria.<\/p>\n\n\n\n<p>La Bas\u00edlica de San Francesco en Siena es la Iglesia del Milagro, de la espiritualidad y alegr\u00eda y, por otro lado, ofrece un peque\u00f1o parque infantil para que los ni\u00f1os se relajen con su familia a la sombra de altos y maravillosos \u00e1rboles.<\/p>\n\n\n\n<p>Si est\u00e1 buscando un hotel familiar cerca de la Bas\u00edlica de San Francesco, le recomendamos que haga una reserva en nuestro Hotel Minerva que est\u00e1 ubicado en el centro de Siena y que cuenta con tres estrellas, estacionamiento, un bar, desayuno abundante y exquisito y sobre todo vista panor\u00e1mica de Siena en la mayor\u00eda de las habitaciones.<\/p>\n\n\n\n<p><strong>Descubre nuestro hotel navegando por el sitio web y reserva la comodidad de un hotel en el centro de Siena con estacionamiento cubierto de pago y que conduce directamente a la lobby del hotel.<\/strong><\/p>\n","protected":false},"excerpt":{"rendered":"<p>La maravillosa bas\u00edlica de San Francesco Entre los lugares sagrados admirables en Siena est\u00e1 sin duda la Bas\u00edlica de San<\/p>\n","protected":false},"author":3,"featured_media":0,"parent":0,"menu_order":0,"comment_status":"closed","ping_status":"closed","template":"","meta":{"_acf_changed":false,"footnotes":""},"class_list":["post-7410","page","type-page","status-publish","hentry"],"acf":[],"yoast_head":"<!-- This site is optimized with the Yoast SEO plugin v27.4 - https:\/\/yoast.com\/product\/yoast-seo-wordpress\/ -->\n<title>\u00bfQu\u00e9 atracciones ver en Siena? La maravillosa Bas\u00edlica de San Francesco - Hotel Minerva Siena<\/title>\n<meta name=\"robots\" content=\"index, follow, max-snippet:-1, max-image-preview:large, max-video-preview:-1\" \/>\n<link rel=\"canonical\" href=\"https:\/\/www.albergominerva.it\/es\/que-atracciones-ver-en-siena-la-maravillosa-basilica-de-san-francesco\/\" \/>\n<meta property=\"og:locale\" content=\"es_ES\" \/>\n<meta property=\"og:type\" content=\"article\" \/>\n<meta property=\"og:title\" content=\"\u00bfQu\u00e9 atracciones ver en Siena? La maravillosa Bas\u00edlica de San Francesco - Hotel Minerva Siena\" \/>\n<meta property=\"og:description\" content=\"La maravillosa bas\u00edlica de San Francesco Entre los lugares sagrados admirables en Siena est\u00e1 sin duda la Bas\u00edlica de San\" \/>\n<meta property=\"og:url\" content=\"https:\/\/www.albergominerva.it\/es\/que-atracciones-ver-en-siena-la-maravillosa-basilica-de-san-francesco\/\" \/>\n<meta property=\"og:site_name\" content=\"Hotel Minerva Siena\" \/>\n<meta property=\"article:modified_time\" content=\"2020-02-14T09:41:24+00:00\" \/>\n<meta property=\"og:image\" content=\"https:\/\/albergominerva.it\/minerva\/wp-content\/uploads\/2020\/02\/basilica-di-san-francesco.png\" \/>\n<meta name=\"twitter:card\" content=\"summary_large_image\" \/>\n<meta name=\"twitter:label1\" content=\"Tiempo de lectura\" \/>\n\t<meta name=\"twitter:data1\" content=\"2 minutos\" \/>\n<script type=\"application\/ld+json\" class=\"yoast-schema-graph\">{\"@context\":\"https:\\\/\\\/schema.org\",\"@graph\":[{\"@type\":\"WebPage\",\"@id\":\"https:\\\/\\\/www.albergominerva.it\\\/es\\\/que-atracciones-ver-en-siena-la-maravillosa-basilica-de-san-francesco\\\/\",\"url\":\"https:\\\/\\\/www.albergominerva.it\\\/es\\\/que-atracciones-ver-en-siena-la-maravillosa-basilica-de-san-francesco\\\/\",\"name\":\"\u00bfQu\u00e9 atracciones ver en Siena? La maravillosa Bas\u00edlica de San Francesco - Hotel Minerva Siena\",\"isPartOf\":{\"@id\":\"https:\\\/\\\/www.albergominerva.it\\\/es\\\/#website\"},\"primaryImageOfPage\":{\"@id\":\"https:\\\/\\\/www.albergominerva.it\\\/es\\\/que-atracciones-ver-en-siena-la-maravillosa-basilica-de-san-francesco\\\/#primaryimage\"},\"image\":{\"@id\":\"https:\\\/\\\/www.albergominerva.it\\\/es\\\/que-atracciones-ver-en-siena-la-maravillosa-basilica-de-san-francesco\\\/#primaryimage\"},\"thumbnailUrl\":\"https:\\\/\\\/albergominerva.it\\\/minerva\\\/wp-content\\\/uploads\\\/2020\\\/02\\\/basilica-di-san-francesco.png\",\"datePublished\":\"2020-02-14T09:41:22+00:00\",\"dateModified\":\"2020-02-14T09:41:24+00:00\",\"breadcrumb\":{\"@id\":\"https:\\\/\\\/www.albergominerva.it\\\/es\\\/que-atracciones-ver-en-siena-la-maravillosa-basilica-de-san-francesco\\\/#breadcrumb\"},\"inLanguage\":\"es\",\"potentialAction\":[{\"@type\":\"ReadAction\",\"target\":[\"https:\\\/\\\/www.albergominerva.it\\\/es\\\/que-atracciones-ver-en-siena-la-maravillosa-basilica-de-san-francesco\\\/\"]}]},{\"@type\":\"ImageObject\",\"inLanguage\":\"es\",\"@id\":\"https:\\\/\\\/www.albergominerva.it\\\/es\\\/que-atracciones-ver-en-siena-la-maravillosa-basilica-de-san-francesco\\\/#primaryimage\",\"url\":\"https:\\\/\\\/albergominerva.it\\\/minerva\\\/wp-content\\\/uploads\\\/2020\\\/02\\\/basilica-di-san-francesco.png\",\"contentUrl\":\"https:\\\/\\\/albergominerva.it\\\/minerva\\\/wp-content\\\/uploads\\\/2020\\\/02\\\/basilica-di-san-francesco.png\"},{\"@type\":\"BreadcrumbList\",\"@id\":\"https:\\\/\\\/www.albergominerva.it\\\/es\\\/que-atracciones-ver-en-siena-la-maravillosa-basilica-de-san-francesco\\\/#breadcrumb\",\"itemListElement\":[{\"@type\":\"ListItem\",\"position\":1,\"name\":\"Home\",\"item\":\"https:\\\/\\\/www.albergominerva.it\\\/es\\\/\"},{\"@type\":\"ListItem\",\"position\":2,\"name\":\"\u00bfQu\u00e9 atracciones ver en Siena? La maravillosa Bas\u00edlica de San Francesco\"}]},{\"@type\":\"WebSite\",\"@id\":\"https:\\\/\\\/www.albergominerva.it\\\/es\\\/#website\",\"url\":\"https:\\\/\\\/www.albergominerva.it\\\/es\\\/\",\"name\":\"Hotel Minerva Siena\",\"description\":\"Hotel in Centro Storico a Siena - Toscana - Italy\",\"potentialAction\":[{\"@type\":\"SearchAction\",\"target\":{\"@type\":\"EntryPoint\",\"urlTemplate\":\"https:\\\/\\\/www.albergominerva.it\\\/es\\\/?s={search_term_string}\"},\"query-input\":{\"@type\":\"PropertyValueSpecification\",\"valueRequired\":true,\"valueName\":\"search_term_string\"}}],\"inLanguage\":\"es\"}]}<\/script>\n<!-- \/ Yoast SEO plugin. -->","yoast_head_json":{"title":"\u00bfQu\u00e9 atracciones ver en Siena? La maravillosa Bas\u00edlica de San Francesco - Hotel Minerva Siena","robots":{"index":"index","follow":"follow","max-snippet":"max-snippet:-1","max-image-preview":"max-image-preview:large","max-video-preview":"max-video-preview:-1"},"canonical":"https:\/\/www.albergominerva.it\/es\/que-atracciones-ver-en-siena-la-maravillosa-basilica-de-san-francesco\/","og_locale":"es_ES","og_type":"article","og_title":"\u00bfQu\u00e9 atracciones ver en Siena? La maravillosa Bas\u00edlica de San Francesco - Hotel Minerva Siena","og_description":"La maravillosa bas\u00edlica de San Francesco Entre los lugares sagrados admirables en Siena est\u00e1 sin duda la Bas\u00edlica de San","og_url":"https:\/\/www.albergominerva.it\/es\/que-atracciones-ver-en-siena-la-maravillosa-basilica-de-san-francesco\/","og_site_name":"Hotel Minerva Siena","article_modified_time":"2020-02-14T09:41:24+00:00","og_image":[{"url":"https:\/\/albergominerva.it\/minerva\/wp-content\/uploads\/2020\/02\/basilica-di-san-francesco.png","type":"","width":"","height":""}],"twitter_card":"summary_large_image","twitter_misc":{"Tiempo de lectura":"2 minutos"},"schema":{"@context":"https:\/\/schema.org","@graph":[{"@type":"WebPage","@id":"https:\/\/www.albergominerva.it\/es\/que-atracciones-ver-en-siena-la-maravillosa-basilica-de-san-francesco\/","url":"https:\/\/www.albergominerva.it\/es\/que-atracciones-ver-en-siena-la-maravillosa-basilica-de-san-francesco\/","name":"\u00bfQu\u00e9 atracciones ver en Siena? La maravillosa Bas\u00edlica de San Francesco - Hotel Minerva Siena","isPartOf":{"@id":"https:\/\/www.albergominerva.it\/es\/#website"},"primaryImageOfPage":{"@id":"https:\/\/www.albergominerva.it\/es\/que-atracciones-ver-en-siena-la-maravillosa-basilica-de-san-francesco\/#primaryimage"},"image":{"@id":"https:\/\/www.albergominerva.it\/es\/que-atracciones-ver-en-siena-la-maravillosa-basilica-de-san-francesco\/#primaryimage"},"thumbnailUrl":"https:\/\/albergominerva.it\/minerva\/wp-content\/uploads\/2020\/02\/basilica-di-san-francesco.png","datePublished":"2020-02-14T09:41:22+00:00","dateModified":"2020-02-14T09:41:24+00:00","breadcrumb":{"@id":"https:\/\/www.albergominerva.it\/es\/que-atracciones-ver-en-siena-la-maravillosa-basilica-de-san-francesco\/#breadcrumb"},"inLanguage":"es","potentialAction":[{"@type":"ReadAction","target":["https:\/\/www.albergominerva.it\/es\/que-atracciones-ver-en-siena-la-maravillosa-basilica-de-san-francesco\/"]}]},{"@type":"ImageObject","inLanguage":"es","@id":"https:\/\/www.albergominerva.it\/es\/que-atracciones-ver-en-siena-la-maravillosa-basilica-de-san-francesco\/#primaryimage","url":"https:\/\/albergominerva.it\/minerva\/wp-content\/uploads\/2020\/02\/basilica-di-san-francesco.png","contentUrl":"https:\/\/albergominerva.it\/minerva\/wp-content\/uploads\/2020\/02\/basilica-di-san-francesco.png"},{"@type":"BreadcrumbList","@id":"https:\/\/www.albergominerva.it\/es\/que-atracciones-ver-en-siena-la-maravillosa-basilica-de-san-francesco\/#breadcrumb","itemListElement":[{"@type":"ListItem","position":1,"name":"Home","item":"https:\/\/www.albergominerva.it\/es\/"},{"@type":"ListItem","position":2,"name":"\u00bfQu\u00e9 atracciones ver en Siena? La maravillosa Bas\u00edlica de San Francesco"}]},{"@type":"WebSite","@id":"https:\/\/www.albergominerva.it\/es\/#website","url":"https:\/\/www.albergominerva.it\/es\/","name":"Hotel Minerva Siena","description":"Hotel in Centro Storico a Siena - Toscana - Italy","potentialAction":[{"@type":"SearchAction","target":{"@type":"EntryPoint","urlTemplate":"https:\/\/www.albergominerva.it\/es\/?s={search_term_string}"},"query-input":{"@type":"PropertyValueSpecification","valueRequired":true,"valueName":"search_term_string"}}],"inLanguage":"es"}]}},"_links":{"self":[{"href":"https:\/\/www.albergominerva.it\/es\/wp-json\/wp\/v2\/pages\/7410","targetHints":{"allow":["GET"]}}],"collection":[{"href":"https:\/\/www.albergominerva.it\/es\/wp-json\/wp\/v2\/pages"}],"about":[{"href":"https:\/\/www.albergominerva.it\/es\/wp-json\/wp\/v2\/types\/page"}],"author":[{"embeddable":true,"href":"https:\/\/www.albergominerva.it\/es\/wp-json\/wp\/v2\/users\/3"}],"replies":[{"embeddable":true,"href":"https:\/\/www.albergominerva.it\/es\/wp-json\/wp\/v2\/comments?post=7410"}],"version-history":[{"count":1,"href":"https:\/\/www.albergominerva.it\/es\/wp-json\/wp\/v2\/pages\/7410\/revisions"}],"predecessor-version":[{"id":7411,"href":"https:\/\/www.albergominerva.it\/es\/wp-json\/wp\/v2\/pages\/7410\/revisions\/7411"}],"wp:attachment":[{"href":"https:\/\/www.albergominerva.it\/es\/wp-json\/wp\/v2\/media?parent=7410"}],"curies":[{"name":"wp","href":"https:\/\/api.w.org\/{rel}","templated":true}]}}