{"id":7413,"date":"2020-02-14T10:42:25","date_gmt":"2020-02-14T09:42:25","guid":{"rendered":"https:\/\/www.albergominerva.it\/?page_id=7413"},"modified":"2020-02-14T10:42:26","modified_gmt":"2020-02-14T09:42:26","slug":"que-hacer-en-siena-en-un-dia-visita-la-basilica-de-santa-maria-dei-servi-ahora","status":"publish","type":"page","link":"https:\/\/www.albergominerva.it\/es\/que-hacer-en-siena-en-un-dia-visita-la-basilica-de-santa-maria-dei-servi-ahora\/","title":{"rendered":"\u00bfQu\u00e9 hacer en Siena en un d\u00eda? Visita la bas\u00edlica de Santa Maria dei Servi ahora"},"content":{"rendered":"\n<p><strong>La bas\u00edlica de Santa Maria dei Servi<\/strong><\/p>\n\n\n\n<figure class=\"wp-block-image\"><img decoding=\"async\" src=\"https:\/\/albergominerva.it\/minerva\/wp-content\/uploads\/2020\/02\/basilica-santa-maria-dei-servi.png\" alt=\"\" class=\"wp-image-3100\"\/><\/figure>\n\n\n\n<p>Si est\u00e1s visitando la Toscana y has decidido pararte en Siena por un solo d\u00eda, entonces no puedes evitar de admirar la maravillosa Bas\u00edlica de San Clemente en Santa Maria de los sirvientes, una iglesia costruida a mitad del 1200 pero consagrada solo el 18 Mayo de 1533.<\/p>\n\n\n\n<p>Esta bas\u00edlica, en la Contrada di Valdimontone, domina Siena y es un revoltijo original y majestuos de estilos barroco y neog\u00f3tico.<\/p>\n\n\n\n<p>De hecho, la Iglesia fue construida durante varios siglos y la \u00faltima parte fue restaurada entre finales de 1800 y principios de 1900 por Giuseppe Partini y Agenore Socini.<\/p>\n\n\n\n<p>La fachada es de belleza simple y elemental y es accesible por una escalera.<\/p>\n\n\n\n<p>Dentro encontrar\u00e1s tres pasillos, un crucero con cinco capillas y cinco tramos.<\/p>\n\n\n\n<p>La obra m\u00e1s importante dentro de la Bas\u00edlica de Santa Maria de los Sirvientes es la Virgen y el Ni\u00f1o de Coppo di Marcovaldo, quien la concluy\u00f3 en 1261.<\/p>\n\n\n\n<p>Particular es la historia de esta pintura que fue realizado por Coppo , el cual fue capturado por los ciudadanos de Siena durante la c\u00e9lebre Batalla de Montaperti.<\/p>\n\n\n\n<p>Otra pintura admirable es el Masacre de los Inocentes, realizada por Matteo di Giovanni en 1491.<\/p>\n\n\n\n<p>Particular, a lo largo del crucero, es la cruz de Niccol\u00f2 di Segna, una obra del &#8216;300 de una maravilla simb\u00f3lica.<\/p>\n\n\n\n<p>Otras obras de importancia significativa son la Incoronaci\u00f2n de la V\u00ecrgen de Bernardino Fungai, la Natividad de Taddeo di Bartolo, la V\u00ecrgen de la Misericordia de Giovanni di Paolo y la adoraci\u00f2n De los Pastores de Alessandro Casolani.<\/p>\n\n\n\n<p>En la capilla a la izquierda est\u00e1n la Inmaculada, una escultura de m\u00e1rmol del 1700 y la Anunciaci\u00f3n de Francesco Vanni  del 1588.<\/p>\n\n\n\n<p>La Iglesia de Santa Maria dei Servi es un ap\u00e9ndice muy importante en su visita de solo un d\u00eda a Siena y es accesible en 10 minutos a pie desde la Piazza del Campo.<\/p>\n\n\n\n<p>Si quiere alojarse en un hotel en el centro de Siena con la comodidad de un estacionamiento interno de pago, le recomendamos reservar al Hotel Minerva, nuestro hotel de tres estrellas en el centro hist\u00f3rico de Siena y accesible en pocos minutos tanto en coche como a pie de la estacion.<\/p>\n\n\n\n<p><strong>Quiere saber mas?<\/strong><\/p>\n\n\n\n<p>Despl\u00e1ze  por el sitio y descubra nuestras habitaciones con vista panor\u00e1mica de Siena.<\/p>\n\n\n\n<p>En el sitio siempre encontrar\u00e0 el mejor precio garantizado.<\/p>\n","protected":false},"excerpt":{"rendered":"<p>La bas\u00edlica de Santa Maria dei Servi Si est\u00e1s visitando la Toscana y has decidido pararte en Siena por un<\/p>\n","protected":false},"author":3,"featured_media":0,"parent":0,"menu_order":0,"comment_status":"closed","ping_status":"closed","template":"","meta":{"_acf_changed":false,"footnotes":""},"class_list":["post-7413","page","type-page","status-publish","hentry"],"acf":[],"yoast_head":"<!-- This site is optimized with the Yoast SEO plugin v27.4 - https:\/\/yoast.com\/product\/yoast-seo-wordpress\/ -->\n<title>\u00bfQu\u00e9 hacer en Siena en un d\u00eda? Visita la bas\u00edlica de Santa Maria dei Servi ahora - Hotel Minerva Siena<\/title>\n<meta name=\"robots\" content=\"index, follow, max-snippet:-1, max-image-preview:large, max-video-preview:-1\" \/>\n<link rel=\"canonical\" href=\"https:\/\/www.albergominerva.it\/es\/que-hacer-en-siena-en-un-dia-visita-la-basilica-de-santa-maria-dei-servi-ahora\/\" \/>\n<meta property=\"og:locale\" content=\"es_ES\" \/>\n<meta property=\"og:type\" content=\"article\" \/>\n<meta property=\"og:title\" content=\"\u00bfQu\u00e9 hacer en Siena en un d\u00eda? Visita la bas\u00edlica de Santa Maria dei Servi ahora - Hotel Minerva Siena\" \/>\n<meta property=\"og:description\" content=\"La bas\u00edlica de Santa Maria dei Servi Si est\u00e1s visitando la Toscana y has decidido pararte en Siena por un\" \/>\n<meta property=\"og:url\" content=\"https:\/\/www.albergominerva.it\/es\/que-hacer-en-siena-en-un-dia-visita-la-basilica-de-santa-maria-dei-servi-ahora\/\" \/>\n<meta property=\"og:site_name\" content=\"Hotel Minerva Siena\" \/>\n<meta property=\"article:modified_time\" content=\"2020-02-14T09:42:26+00:00\" \/>\n<meta property=\"og:image\" content=\"https:\/\/albergominerva.it\/minerva\/wp-content\/uploads\/2020\/02\/basilica-santa-maria-dei-servi.png\" \/>\n<meta name=\"twitter:card\" content=\"summary_large_image\" \/>\n<meta name=\"twitter:label1\" content=\"Tiempo de lectura\" \/>\n\t<meta name=\"twitter:data1\" content=\"2 minutos\" \/>\n<script type=\"application\/ld+json\" class=\"yoast-schema-graph\">{\"@context\":\"https:\\\/\\\/schema.org\",\"@graph\":[{\"@type\":\"WebPage\",\"@id\":\"https:\\\/\\\/www.albergominerva.it\\\/es\\\/que-hacer-en-siena-en-un-dia-visita-la-basilica-de-santa-maria-dei-servi-ahora\\\/\",\"url\":\"https:\\\/\\\/www.albergominerva.it\\\/es\\\/que-hacer-en-siena-en-un-dia-visita-la-basilica-de-santa-maria-dei-servi-ahora\\\/\",\"name\":\"\u00bfQu\u00e9 hacer en Siena en un d\u00eda? Visita la bas\u00edlica de Santa Maria dei Servi ahora - Hotel Minerva Siena\",\"isPartOf\":{\"@id\":\"https:\\\/\\\/www.albergominerva.it\\\/es\\\/#website\"},\"primaryImageOfPage\":{\"@id\":\"https:\\\/\\\/www.albergominerva.it\\\/es\\\/que-hacer-en-siena-en-un-dia-visita-la-basilica-de-santa-maria-dei-servi-ahora\\\/#primaryimage\"},\"image\":{\"@id\":\"https:\\\/\\\/www.albergominerva.it\\\/es\\\/que-hacer-en-siena-en-un-dia-visita-la-basilica-de-santa-maria-dei-servi-ahora\\\/#primaryimage\"},\"thumbnailUrl\":\"https:\\\/\\\/albergominerva.it\\\/minerva\\\/wp-content\\\/uploads\\\/2020\\\/02\\\/basilica-santa-maria-dei-servi.png\",\"datePublished\":\"2020-02-14T09:42:25+00:00\",\"dateModified\":\"2020-02-14T09:42:26+00:00\",\"breadcrumb\":{\"@id\":\"https:\\\/\\\/www.albergominerva.it\\\/es\\\/que-hacer-en-siena-en-un-dia-visita-la-basilica-de-santa-maria-dei-servi-ahora\\\/#breadcrumb\"},\"inLanguage\":\"es\",\"potentialAction\":[{\"@type\":\"ReadAction\",\"target\":[\"https:\\\/\\\/www.albergominerva.it\\\/es\\\/que-hacer-en-siena-en-un-dia-visita-la-basilica-de-santa-maria-dei-servi-ahora\\\/\"]}]},{\"@type\":\"ImageObject\",\"inLanguage\":\"es\",\"@id\":\"https:\\\/\\\/www.albergominerva.it\\\/es\\\/que-hacer-en-siena-en-un-dia-visita-la-basilica-de-santa-maria-dei-servi-ahora\\\/#primaryimage\",\"url\":\"https:\\\/\\\/albergominerva.it\\\/minerva\\\/wp-content\\\/uploads\\\/2020\\\/02\\\/basilica-santa-maria-dei-servi.png\",\"contentUrl\":\"https:\\\/\\\/albergominerva.it\\\/minerva\\\/wp-content\\\/uploads\\\/2020\\\/02\\\/basilica-santa-maria-dei-servi.png\"},{\"@type\":\"BreadcrumbList\",\"@id\":\"https:\\\/\\\/www.albergominerva.it\\\/es\\\/que-hacer-en-siena-en-un-dia-visita-la-basilica-de-santa-maria-dei-servi-ahora\\\/#breadcrumb\",\"itemListElement\":[{\"@type\":\"ListItem\",\"position\":1,\"name\":\"Home\",\"item\":\"https:\\\/\\\/www.albergominerva.it\\\/es\\\/\"},{\"@type\":\"ListItem\",\"position\":2,\"name\":\"\u00bfQu\u00e9 hacer en Siena en un d\u00eda? Visita la bas\u00edlica de Santa Maria dei Servi ahora\"}]},{\"@type\":\"WebSite\",\"@id\":\"https:\\\/\\\/www.albergominerva.it\\\/es\\\/#website\",\"url\":\"https:\\\/\\\/www.albergominerva.it\\\/es\\\/\",\"name\":\"Hotel Minerva Siena\",\"description\":\"Hotel in Centro Storico a Siena - Toscana - Italy\",\"potentialAction\":[{\"@type\":\"SearchAction\",\"target\":{\"@type\":\"EntryPoint\",\"urlTemplate\":\"https:\\\/\\\/www.albergominerva.it\\\/es\\\/?s={search_term_string}\"},\"query-input\":{\"@type\":\"PropertyValueSpecification\",\"valueRequired\":true,\"valueName\":\"search_term_string\"}}],\"inLanguage\":\"es\"}]}<\/script>\n<!-- \/ Yoast SEO plugin. -->","yoast_head_json":{"title":"\u00bfQu\u00e9 hacer en Siena en un d\u00eda? Visita la bas\u00edlica de Santa Maria dei Servi ahora - Hotel Minerva Siena","robots":{"index":"index","follow":"follow","max-snippet":"max-snippet:-1","max-image-preview":"max-image-preview:large","max-video-preview":"max-video-preview:-1"},"canonical":"https:\/\/www.albergominerva.it\/es\/que-hacer-en-siena-en-un-dia-visita-la-basilica-de-santa-maria-dei-servi-ahora\/","og_locale":"es_ES","og_type":"article","og_title":"\u00bfQu\u00e9 hacer en Siena en un d\u00eda? Visita la bas\u00edlica de Santa Maria dei Servi ahora - Hotel Minerva Siena","og_description":"La bas\u00edlica de Santa Maria dei Servi Si est\u00e1s visitando la Toscana y has decidido pararte en Siena por un","og_url":"https:\/\/www.albergominerva.it\/es\/que-hacer-en-siena-en-un-dia-visita-la-basilica-de-santa-maria-dei-servi-ahora\/","og_site_name":"Hotel Minerva Siena","article_modified_time":"2020-02-14T09:42:26+00:00","og_image":[{"url":"https:\/\/albergominerva.it\/minerva\/wp-content\/uploads\/2020\/02\/basilica-santa-maria-dei-servi.png","type":"","width":"","height":""}],"twitter_card":"summary_large_image","twitter_misc":{"Tiempo de lectura":"2 minutos"},"schema":{"@context":"https:\/\/schema.org","@graph":[{"@type":"WebPage","@id":"https:\/\/www.albergominerva.it\/es\/que-hacer-en-siena-en-un-dia-visita-la-basilica-de-santa-maria-dei-servi-ahora\/","url":"https:\/\/www.albergominerva.it\/es\/que-hacer-en-siena-en-un-dia-visita-la-basilica-de-santa-maria-dei-servi-ahora\/","name":"\u00bfQu\u00e9 hacer en Siena en un d\u00eda? Visita la bas\u00edlica de Santa Maria dei Servi ahora - Hotel Minerva Siena","isPartOf":{"@id":"https:\/\/www.albergominerva.it\/es\/#website"},"primaryImageOfPage":{"@id":"https:\/\/www.albergominerva.it\/es\/que-hacer-en-siena-en-un-dia-visita-la-basilica-de-santa-maria-dei-servi-ahora\/#primaryimage"},"image":{"@id":"https:\/\/www.albergominerva.it\/es\/que-hacer-en-siena-en-un-dia-visita-la-basilica-de-santa-maria-dei-servi-ahora\/#primaryimage"},"thumbnailUrl":"https:\/\/albergominerva.it\/minerva\/wp-content\/uploads\/2020\/02\/basilica-santa-maria-dei-servi.png","datePublished":"2020-02-14T09:42:25+00:00","dateModified":"2020-02-14T09:42:26+00:00","breadcrumb":{"@id":"https:\/\/www.albergominerva.it\/es\/que-hacer-en-siena-en-un-dia-visita-la-basilica-de-santa-maria-dei-servi-ahora\/#breadcrumb"},"inLanguage":"es","potentialAction":[{"@type":"ReadAction","target":["https:\/\/www.albergominerva.it\/es\/que-hacer-en-siena-en-un-dia-visita-la-basilica-de-santa-maria-dei-servi-ahora\/"]}]},{"@type":"ImageObject","inLanguage":"es","@id":"https:\/\/www.albergominerva.it\/es\/que-hacer-en-siena-en-un-dia-visita-la-basilica-de-santa-maria-dei-servi-ahora\/#primaryimage","url":"https:\/\/albergominerva.it\/minerva\/wp-content\/uploads\/2020\/02\/basilica-santa-maria-dei-servi.png","contentUrl":"https:\/\/albergominerva.it\/minerva\/wp-content\/uploads\/2020\/02\/basilica-santa-maria-dei-servi.png"},{"@type":"BreadcrumbList","@id":"https:\/\/www.albergominerva.it\/es\/que-hacer-en-siena-en-un-dia-visita-la-basilica-de-santa-maria-dei-servi-ahora\/#breadcrumb","itemListElement":[{"@type":"ListItem","position":1,"name":"Home","item":"https:\/\/www.albergominerva.it\/es\/"},{"@type":"ListItem","position":2,"name":"\u00bfQu\u00e9 hacer en Siena en un d\u00eda? Visita la bas\u00edlica de Santa Maria dei Servi ahora"}]},{"@type":"WebSite","@id":"https:\/\/www.albergominerva.it\/es\/#website","url":"https:\/\/www.albergominerva.it\/es\/","name":"Hotel Minerva Siena","description":"Hotel in Centro Storico a Siena - Toscana - Italy","potentialAction":[{"@type":"SearchAction","target":{"@type":"EntryPoint","urlTemplate":"https:\/\/www.albergominerva.it\/es\/?s={search_term_string}"},"query-input":{"@type":"PropertyValueSpecification","valueRequired":true,"valueName":"search_term_string"}}],"inLanguage":"es"}]}},"_links":{"self":[{"href":"https:\/\/www.albergominerva.it\/es\/wp-json\/wp\/v2\/pages\/7413","targetHints":{"allow":["GET"]}}],"collection":[{"href":"https:\/\/www.albergominerva.it\/es\/wp-json\/wp\/v2\/pages"}],"about":[{"href":"https:\/\/www.albergominerva.it\/es\/wp-json\/wp\/v2\/types\/page"}],"author":[{"embeddable":true,"href":"https:\/\/www.albergominerva.it\/es\/wp-json\/wp\/v2\/users\/3"}],"replies":[{"embeddable":true,"href":"https:\/\/www.albergominerva.it\/es\/wp-json\/wp\/v2\/comments?post=7413"}],"version-history":[{"count":1,"href":"https:\/\/www.albergominerva.it\/es\/wp-json\/wp\/v2\/pages\/7413\/revisions"}],"predecessor-version":[{"id":7414,"href":"https:\/\/www.albergominerva.it\/es\/wp-json\/wp\/v2\/pages\/7413\/revisions\/7414"}],"wp:attachment":[{"href":"https:\/\/www.albergominerva.it\/es\/wp-json\/wp\/v2\/media?parent=7413"}],"curies":[{"name":"wp","href":"https:\/\/api.w.org\/{rel}","templated":true}]}}