{"id":7419,"date":"2020-02-14T10:46:23","date_gmt":"2020-02-14T09:46:23","guid":{"rendered":"https:\/\/www.albergominerva.it\/?page_id=7419"},"modified":"2020-02-14T10:46:24","modified_gmt":"2020-02-14T09:46:24","slug":"la-torre-del-mangia-en-piazza-del-campo","status":"publish","type":"page","link":"https:\/\/www.albergominerva.it\/es\/la-torre-del-mangia-en-piazza-del-campo\/","title":{"rendered":"La Torre del Mangia en Piazza del Campo"},"content":{"rendered":"\n<p><strong>La Torre del Mangia<\/strong><\/p>\n\n\n\n<figure class=\"wp-block-image\"><img decoding=\"async\" src=\"https:\/\/albergominerva.it\/minerva\/wp-content\/uploads\/2020\/02\/piazza-del-campo-siena.jpg\" alt=\"\" class=\"wp-image-3113\"\/><\/figure>\n\n\n\n<p>La maravillosa Piazza del Campo no ser\u00eda una de las plazas m\u00e1s famosas del mundo si no integrara la fant\u00e1stica Torre del Mangia, un s\u00edmbolo de elegancia y poder y que termin\u00f3 erigirse alrededor del 1348.<\/p>\n\n\n\n<p>87 metros de altura, iniciada en 1325 por los hermanos Francesco y Muccio di Rinaldo, debe su nombre al famoso Giovanni di Balduccio.<\/p>\n\n\n\n<p>Giovanni di Balduccio fue el primer guardi\u00e1n de la Torre y tuvo un vicio que la historia, m\u00e1s tarde, convirti\u00f3 en leyenda: fue un derrochador.<\/p>\n\n\n\n<p>Todas sus ganancias se comieron literalmente en las mejores tabernas de Siena y es por eso que fue apodado \u00abMangiaguadagni\u00bb.<\/p>\n\n\n\n<p>De ah\u00ed el nombre de la Torre del Mangia, la Torre del Palacio p\u00fablico de Siena.<\/p>\n\n\n\n<p>Esta torre siempre ha llevado a cabo una funci\u00f3n c\u00edvica y religiosa durante los \u00abPali\u00bb y, tambi\u00e9n, guarda otro secreto. De hecho, se dice que las piedras en las cuatro esquinas de la torre contienen monedas de la suerte con misteriosas letras hebreas y latinas grabadas en ellas.<\/p>\n\n\n\n<p>Esta fue una pr\u00e1ctica com\u00fan la Edad Media y se realiz\u00f3 para defender simb\u00f3licamente las torres de los rayos y otros desastres.<\/p>\n\n\n\n<p>En cuanto a su campana, se instal\u00f3 en 1666, pesa 6760 kg y se llama \u00abCampanone\u00bb por los sieneses. Una obra que tiene una particularidad, el sonido extra\u00f1o y desafinado que se vuelve aceptable solo si es provocado exclusivamente por un badajo de mano.<\/p>\n\n\n\n<p>Esto ocurre solo durante el d\u00eda del Palio mientras un sistema autom\u00e1tico est\u00e1 activo por el resto de los d\u00edas.<\/p>\n\n\n\n<p>La Torre del Mangia est\u00e1 llena de leyendas e historias que los sieneses han transmitido de generaci\u00f3n en generaci\u00f3n y representa una obra monumental que mejora y embellece toda la Piazza.<br>Si desea ver esta atracci\u00f3n en Siena y todas las dem\u00e1s en el centro, debe alojarse en un hotel en el centro hist\u00f3rico.<\/p>\n\n\n\n<p>El Hotel Minerva es una de las soluciones m\u00e1s queridas para los turistas porque, adem\u00e1s de ser un hotel en Siena cerca de la Piazza del Campo, no se encuentra en un \u00e1rea ZTL y, al mismo tiempo, tiene un gran estacionamiento cubierto con 20 plazas.<\/p>\n\n\n\n<p>Reserve tambi\u00e9n usted y elija una de nuestras habitaciones con una vista panor\u00e1mica del centro hist\u00f3rico de Siena.<\/p>\n\n\n\n<p>Utilice nuestro sistema de reservas arriba o ll\u00e1menos directamente al 0577 28 44 74 y tendr\u00e1 siempre el mejor precio garantizado.<\/p>\n\n\n\n<p>\u00a1Ll\u00e1menos con un clic!<\/p>\n","protected":false},"excerpt":{"rendered":"<p>La Torre del Mangia La maravillosa Piazza del Campo no ser\u00eda una de las plazas m\u00e1s famosas del mundo si<\/p>\n","protected":false},"author":3,"featured_media":0,"parent":0,"menu_order":0,"comment_status":"closed","ping_status":"closed","template":"","meta":{"_acf_changed":false,"footnotes":""},"class_list":["post-7419","page","type-page","status-publish","hentry"],"acf":[],"yoast_head":"<!-- This site is optimized with the Yoast SEO plugin v27.4 - https:\/\/yoast.com\/product\/yoast-seo-wordpress\/ -->\n<title>La Torre del Mangia en Piazza del Campo - Hotel Minerva Siena<\/title>\n<meta name=\"robots\" content=\"index, follow, max-snippet:-1, max-image-preview:large, max-video-preview:-1\" \/>\n<link rel=\"canonical\" href=\"https:\/\/www.albergominerva.it\/es\/la-torre-del-mangia-en-piazza-del-campo\/\" \/>\n<meta property=\"og:locale\" content=\"es_ES\" \/>\n<meta property=\"og:type\" content=\"article\" \/>\n<meta property=\"og:title\" content=\"La Torre del Mangia en Piazza del Campo - Hotel Minerva Siena\" \/>\n<meta property=\"og:description\" content=\"La Torre del Mangia La maravillosa Piazza del Campo no ser\u00eda una de las plazas m\u00e1s famosas del mundo si\" \/>\n<meta property=\"og:url\" content=\"https:\/\/www.albergominerva.it\/es\/la-torre-del-mangia-en-piazza-del-campo\/\" \/>\n<meta property=\"og:site_name\" content=\"Hotel Minerva Siena\" \/>\n<meta property=\"article:modified_time\" content=\"2020-02-14T09:46:24+00:00\" \/>\n<meta property=\"og:image\" content=\"https:\/\/albergominerva.it\/minerva\/wp-content\/uploads\/2020\/02\/piazza-del-campo-siena.jpg\" \/>\n<meta name=\"twitter:card\" content=\"summary_large_image\" \/>\n<meta name=\"twitter:label1\" content=\"Tiempo de lectura\" \/>\n\t<meta name=\"twitter:data1\" content=\"2 minutos\" \/>\n<script type=\"application\/ld+json\" class=\"yoast-schema-graph\">{\"@context\":\"https:\\\/\\\/schema.org\",\"@graph\":[{\"@type\":\"WebPage\",\"@id\":\"https:\\\/\\\/www.albergominerva.it\\\/es\\\/la-torre-del-mangia-en-piazza-del-campo\\\/\",\"url\":\"https:\\\/\\\/www.albergominerva.it\\\/es\\\/la-torre-del-mangia-en-piazza-del-campo\\\/\",\"name\":\"La Torre del Mangia en Piazza del Campo - Hotel Minerva Siena\",\"isPartOf\":{\"@id\":\"https:\\\/\\\/www.albergominerva.it\\\/es\\\/#website\"},\"primaryImageOfPage\":{\"@id\":\"https:\\\/\\\/www.albergominerva.it\\\/es\\\/la-torre-del-mangia-en-piazza-del-campo\\\/#primaryimage\"},\"image\":{\"@id\":\"https:\\\/\\\/www.albergominerva.it\\\/es\\\/la-torre-del-mangia-en-piazza-del-campo\\\/#primaryimage\"},\"thumbnailUrl\":\"https:\\\/\\\/albergominerva.it\\\/minerva\\\/wp-content\\\/uploads\\\/2020\\\/02\\\/piazza-del-campo-siena.jpg\",\"datePublished\":\"2020-02-14T09:46:23+00:00\",\"dateModified\":\"2020-02-14T09:46:24+00:00\",\"breadcrumb\":{\"@id\":\"https:\\\/\\\/www.albergominerva.it\\\/es\\\/la-torre-del-mangia-en-piazza-del-campo\\\/#breadcrumb\"},\"inLanguage\":\"es\",\"potentialAction\":[{\"@type\":\"ReadAction\",\"target\":[\"https:\\\/\\\/www.albergominerva.it\\\/es\\\/la-torre-del-mangia-en-piazza-del-campo\\\/\"]}]},{\"@type\":\"ImageObject\",\"inLanguage\":\"es\",\"@id\":\"https:\\\/\\\/www.albergominerva.it\\\/es\\\/la-torre-del-mangia-en-piazza-del-campo\\\/#primaryimage\",\"url\":\"https:\\\/\\\/albergominerva.it\\\/minerva\\\/wp-content\\\/uploads\\\/2020\\\/02\\\/piazza-del-campo-siena.jpg\",\"contentUrl\":\"https:\\\/\\\/albergominerva.it\\\/minerva\\\/wp-content\\\/uploads\\\/2020\\\/02\\\/piazza-del-campo-siena.jpg\"},{\"@type\":\"BreadcrumbList\",\"@id\":\"https:\\\/\\\/www.albergominerva.it\\\/es\\\/la-torre-del-mangia-en-piazza-del-campo\\\/#breadcrumb\",\"itemListElement\":[{\"@type\":\"ListItem\",\"position\":1,\"name\":\"Home\",\"item\":\"https:\\\/\\\/www.albergominerva.it\\\/es\\\/\"},{\"@type\":\"ListItem\",\"position\":2,\"name\":\"La Torre del Mangia en Piazza del Campo\"}]},{\"@type\":\"WebSite\",\"@id\":\"https:\\\/\\\/www.albergominerva.it\\\/es\\\/#website\",\"url\":\"https:\\\/\\\/www.albergominerva.it\\\/es\\\/\",\"name\":\"Hotel Minerva Siena\",\"description\":\"Hotel in Centro Storico a Siena - Toscana - Italy\",\"potentialAction\":[{\"@type\":\"SearchAction\",\"target\":{\"@type\":\"EntryPoint\",\"urlTemplate\":\"https:\\\/\\\/www.albergominerva.it\\\/es\\\/?s={search_term_string}\"},\"query-input\":{\"@type\":\"PropertyValueSpecification\",\"valueRequired\":true,\"valueName\":\"search_term_string\"}}],\"inLanguage\":\"es\"}]}<\/script>\n<!-- \/ Yoast SEO plugin. -->","yoast_head_json":{"title":"La Torre del Mangia en Piazza del Campo - Hotel Minerva Siena","robots":{"index":"index","follow":"follow","max-snippet":"max-snippet:-1","max-image-preview":"max-image-preview:large","max-video-preview":"max-video-preview:-1"},"canonical":"https:\/\/www.albergominerva.it\/es\/la-torre-del-mangia-en-piazza-del-campo\/","og_locale":"es_ES","og_type":"article","og_title":"La Torre del Mangia en Piazza del Campo - Hotel Minerva Siena","og_description":"La Torre del Mangia La maravillosa Piazza del Campo no ser\u00eda una de las plazas m\u00e1s famosas del mundo si","og_url":"https:\/\/www.albergominerva.it\/es\/la-torre-del-mangia-en-piazza-del-campo\/","og_site_name":"Hotel Minerva Siena","article_modified_time":"2020-02-14T09:46:24+00:00","og_image":[{"url":"https:\/\/albergominerva.it\/minerva\/wp-content\/uploads\/2020\/02\/piazza-del-campo-siena.jpg","type":"","width":"","height":""}],"twitter_card":"summary_large_image","twitter_misc":{"Tiempo de lectura":"2 minutos"},"schema":{"@context":"https:\/\/schema.org","@graph":[{"@type":"WebPage","@id":"https:\/\/www.albergominerva.it\/es\/la-torre-del-mangia-en-piazza-del-campo\/","url":"https:\/\/www.albergominerva.it\/es\/la-torre-del-mangia-en-piazza-del-campo\/","name":"La Torre del Mangia en Piazza del Campo - Hotel Minerva Siena","isPartOf":{"@id":"https:\/\/www.albergominerva.it\/es\/#website"},"primaryImageOfPage":{"@id":"https:\/\/www.albergominerva.it\/es\/la-torre-del-mangia-en-piazza-del-campo\/#primaryimage"},"image":{"@id":"https:\/\/www.albergominerva.it\/es\/la-torre-del-mangia-en-piazza-del-campo\/#primaryimage"},"thumbnailUrl":"https:\/\/albergominerva.it\/minerva\/wp-content\/uploads\/2020\/02\/piazza-del-campo-siena.jpg","datePublished":"2020-02-14T09:46:23+00:00","dateModified":"2020-02-14T09:46:24+00:00","breadcrumb":{"@id":"https:\/\/www.albergominerva.it\/es\/la-torre-del-mangia-en-piazza-del-campo\/#breadcrumb"},"inLanguage":"es","potentialAction":[{"@type":"ReadAction","target":["https:\/\/www.albergominerva.it\/es\/la-torre-del-mangia-en-piazza-del-campo\/"]}]},{"@type":"ImageObject","inLanguage":"es","@id":"https:\/\/www.albergominerva.it\/es\/la-torre-del-mangia-en-piazza-del-campo\/#primaryimage","url":"https:\/\/albergominerva.it\/minerva\/wp-content\/uploads\/2020\/02\/piazza-del-campo-siena.jpg","contentUrl":"https:\/\/albergominerva.it\/minerva\/wp-content\/uploads\/2020\/02\/piazza-del-campo-siena.jpg"},{"@type":"BreadcrumbList","@id":"https:\/\/www.albergominerva.it\/es\/la-torre-del-mangia-en-piazza-del-campo\/#breadcrumb","itemListElement":[{"@type":"ListItem","position":1,"name":"Home","item":"https:\/\/www.albergominerva.it\/es\/"},{"@type":"ListItem","position":2,"name":"La Torre del Mangia en Piazza del Campo"}]},{"@type":"WebSite","@id":"https:\/\/www.albergominerva.it\/es\/#website","url":"https:\/\/www.albergominerva.it\/es\/","name":"Hotel Minerva Siena","description":"Hotel in Centro Storico a Siena - Toscana - Italy","potentialAction":[{"@type":"SearchAction","target":{"@type":"EntryPoint","urlTemplate":"https:\/\/www.albergominerva.it\/es\/?s={search_term_string}"},"query-input":{"@type":"PropertyValueSpecification","valueRequired":true,"valueName":"search_term_string"}}],"inLanguage":"es"}]}},"_links":{"self":[{"href":"https:\/\/www.albergominerva.it\/es\/wp-json\/wp\/v2\/pages\/7419","targetHints":{"allow":["GET"]}}],"collection":[{"href":"https:\/\/www.albergominerva.it\/es\/wp-json\/wp\/v2\/pages"}],"about":[{"href":"https:\/\/www.albergominerva.it\/es\/wp-json\/wp\/v2\/types\/page"}],"author":[{"embeddable":true,"href":"https:\/\/www.albergominerva.it\/es\/wp-json\/wp\/v2\/users\/3"}],"replies":[{"embeddable":true,"href":"https:\/\/www.albergominerva.it\/es\/wp-json\/wp\/v2\/comments?post=7419"}],"version-history":[{"count":2,"href":"https:\/\/www.albergominerva.it\/es\/wp-json\/wp\/v2\/pages\/7419\/revisions"}],"predecessor-version":[{"id":7804,"href":"https:\/\/www.albergominerva.it\/es\/wp-json\/wp\/v2\/pages\/7419\/revisions\/7804"}],"wp:attachment":[{"href":"https:\/\/www.albergominerva.it\/es\/wp-json\/wp\/v2\/media?parent=7419"}],"curies":[{"name":"wp","href":"https:\/\/api.w.org\/{rel}","templated":true}]}}