{"id":7425,"date":"2020-02-14T10:50:12","date_gmt":"2020-02-14T09:50:12","guid":{"rendered":"https:\/\/www.albergominerva.it\/?page_id=7425"},"modified":"2020-02-14T10:50:15","modified_gmt":"2020-02-14T09:50:15","slug":"la-galeria-nacional-de-arte-de-siena-una-coleccion-de-pinturas-verdaderamente-maravillosa","status":"publish","type":"page","link":"https:\/\/www.albergominerva.it\/es\/la-galeria-nacional-de-arte-de-siena-una-coleccion-de-pinturas-verdaderamente-maravillosa\/","title":{"rendered":"La Galer\u00eda Nacional de Arte de Siena: una colecci\u00f3n de pinturas verdaderamente maravillosa"},"content":{"rendered":"\n<p><strong>La Galer\u00eda Nacional de Arte de Siena<\/strong><\/p>\n\n\n\n<figure class=\"wp-block-image\"><img decoding=\"async\" src=\"https:\/\/albergominerva.it\/minerva\/wp-content\/uploads\/2020\/02\/pinacoteca-nazionale-siena.png\" alt=\"\" class=\"wp-image-3104\"\/><\/figure>\n\n\n\n<p>Si ha decidido visitar Siena, una parada obligatoria para usted es, sin duda, la Galer\u00eda Nacional de Arte, la m\u00e1s grande y sugestiva de las colecciones de pinturas tanto del 300 como del 400 de Siena.<\/p>\n\n\n\n<p>La Pinacoteca es un verdadero compendio de obras de Siena de gran importancia que se recopilaron a partir de finales del siglo XVIII directamente de iglesias en ruinas, conventos ahora definitivamente suprimidos, compa\u00f1\u00edas laicas y muchos otros lugares para convertirse en un verdadero patrimonio art\u00edstico que fue donado, a lo largo de los a\u00f1os, a la Galer\u00eda de la Academia.<\/p>\n\n\n\n<p>El museo actual se inaugur\u00f3 solo en 1932 y con el tiempo se ha convertido en una exposici\u00f3n tem\u00e1tica de todos los estilos principales que se han cruzado en Siena entre el tiempo y las tradiciones.<\/p>\n\n\n\n<p>En el segundo piso, por ejemplo, encontrar\u00e1 algunas de las obras maestras m\u00e1s importantes de Duccio di Boninsegna, adem\u00e1s de los hermanos Lorenzetti, Simone Martini y otros artistas de Siena del &#8216;300 y&#8217; 400 como Giovanni di Paolo y Sano di Pietro.<\/p>\n\n\n\n<p>En el primer piso encontramos a Riccio, Marco Pino, Brescianino, Sodoma y luego Francesco Vanni, Bernardino Mei y Rutilio Manetti.<\/p>\n\n\n\n<p>Al fin, en el tercer piso encontrar\u00e1 la maravillosa Colecci\u00f3n Spannocchi-Piccolomini con el magn\u00edfico San Girolamo de Albrecht Durer y la Natividad de Lorenzo Lotto.<\/p>\n\n\n\n<p>La Pinacoteca es una cita que no debe perderse cuando quiera visitar Siena dedicando todo el tiempo necesario a sus maravillas hist\u00f3ricas y espirituales.<\/p>\n\n\n\n<p>Para hacer esto,le recomendamos que aloje en un hotel en el centro de Siena con estacionamiento, como el Hotel Minerva. Una soluci\u00f3n c\u00f3moda que cuenta con tres estrellas y, que, le permitir\u00e1 descubrir todas las bellezas de Siena en pocos minutos a pie.<\/p>\n\n\n\n<p>Reserve ahora al mejor precio garantizado y descubra todas nuestras habitaciones panor\u00e1micas con vistas al centro hist\u00f3rico de Siena.<\/p>\n","protected":false},"excerpt":{"rendered":"<p>La Galer\u00eda Nacional de Arte de Siena Si ha decidido visitar Siena, una parada obligatoria para usted es, sin duda,<\/p>\n","protected":false},"author":3,"featured_media":0,"parent":0,"menu_order":0,"comment_status":"closed","ping_status":"closed","template":"","meta":{"_acf_changed":false,"footnotes":""},"class_list":["post-7425","page","type-page","status-publish","hentry"],"acf":[],"yoast_head":"<!-- This site is optimized with the Yoast SEO plugin v27.4 - https:\/\/yoast.com\/product\/yoast-seo-wordpress\/ -->\n<title>La Galer\u00eda Nacional de Arte de Siena: una colecci\u00f3n de pinturas verdaderamente maravillosa - Hotel Minerva Siena<\/title>\n<meta name=\"robots\" content=\"index, follow, max-snippet:-1, max-image-preview:large, max-video-preview:-1\" \/>\n<link rel=\"canonical\" href=\"https:\/\/www.albergominerva.it\/es\/la-galeria-nacional-de-arte-de-siena-una-coleccion-de-pinturas-verdaderamente-maravillosa\/\" \/>\n<meta property=\"og:locale\" content=\"es_ES\" \/>\n<meta property=\"og:type\" content=\"article\" \/>\n<meta property=\"og:title\" content=\"La Galer\u00eda Nacional de Arte de Siena: una colecci\u00f3n de pinturas verdaderamente maravillosa - Hotel Minerva Siena\" \/>\n<meta property=\"og:description\" content=\"La Galer\u00eda Nacional de Arte de Siena Si ha decidido visitar Siena, una parada obligatoria para usted es, sin duda,\" \/>\n<meta property=\"og:url\" content=\"https:\/\/www.albergominerva.it\/es\/la-galeria-nacional-de-arte-de-siena-una-coleccion-de-pinturas-verdaderamente-maravillosa\/\" \/>\n<meta property=\"og:site_name\" content=\"Hotel Minerva Siena\" \/>\n<meta property=\"article:modified_time\" content=\"2020-02-14T09:50:15+00:00\" \/>\n<meta property=\"og:image\" content=\"https:\/\/albergominerva.it\/minerva\/wp-content\/uploads\/2020\/02\/pinacoteca-nazionale-siena.png\" \/>\n<meta name=\"twitter:card\" content=\"summary_large_image\" \/>\n<meta name=\"twitter:label1\" content=\"Tiempo de lectura\" \/>\n\t<meta name=\"twitter:data1\" content=\"2 minutos\" \/>\n<script type=\"application\/ld+json\" class=\"yoast-schema-graph\">{\"@context\":\"https:\\\/\\\/schema.org\",\"@graph\":[{\"@type\":\"WebPage\",\"@id\":\"https:\\\/\\\/www.albergominerva.it\\\/es\\\/la-galeria-nacional-de-arte-de-siena-una-coleccion-de-pinturas-verdaderamente-maravillosa\\\/\",\"url\":\"https:\\\/\\\/www.albergominerva.it\\\/es\\\/la-galeria-nacional-de-arte-de-siena-una-coleccion-de-pinturas-verdaderamente-maravillosa\\\/\",\"name\":\"La Galer\u00eda Nacional de Arte de Siena: una colecci\u00f3n de pinturas verdaderamente maravillosa - Hotel Minerva Siena\",\"isPartOf\":{\"@id\":\"https:\\\/\\\/www.albergominerva.it\\\/es\\\/#website\"},\"primaryImageOfPage\":{\"@id\":\"https:\\\/\\\/www.albergominerva.it\\\/es\\\/la-galeria-nacional-de-arte-de-siena-una-coleccion-de-pinturas-verdaderamente-maravillosa\\\/#primaryimage\"},\"image\":{\"@id\":\"https:\\\/\\\/www.albergominerva.it\\\/es\\\/la-galeria-nacional-de-arte-de-siena-una-coleccion-de-pinturas-verdaderamente-maravillosa\\\/#primaryimage\"},\"thumbnailUrl\":\"https:\\\/\\\/albergominerva.it\\\/minerva\\\/wp-content\\\/uploads\\\/2020\\\/02\\\/pinacoteca-nazionale-siena.png\",\"datePublished\":\"2020-02-14T09:50:12+00:00\",\"dateModified\":\"2020-02-14T09:50:15+00:00\",\"breadcrumb\":{\"@id\":\"https:\\\/\\\/www.albergominerva.it\\\/es\\\/la-galeria-nacional-de-arte-de-siena-una-coleccion-de-pinturas-verdaderamente-maravillosa\\\/#breadcrumb\"},\"inLanguage\":\"es\",\"potentialAction\":[{\"@type\":\"ReadAction\",\"target\":[\"https:\\\/\\\/www.albergominerva.it\\\/es\\\/la-galeria-nacional-de-arte-de-siena-una-coleccion-de-pinturas-verdaderamente-maravillosa\\\/\"]}]},{\"@type\":\"ImageObject\",\"inLanguage\":\"es\",\"@id\":\"https:\\\/\\\/www.albergominerva.it\\\/es\\\/la-galeria-nacional-de-arte-de-siena-una-coleccion-de-pinturas-verdaderamente-maravillosa\\\/#primaryimage\",\"url\":\"https:\\\/\\\/albergominerva.it\\\/minerva\\\/wp-content\\\/uploads\\\/2020\\\/02\\\/pinacoteca-nazionale-siena.png\",\"contentUrl\":\"https:\\\/\\\/albergominerva.it\\\/minerva\\\/wp-content\\\/uploads\\\/2020\\\/02\\\/pinacoteca-nazionale-siena.png\"},{\"@type\":\"BreadcrumbList\",\"@id\":\"https:\\\/\\\/www.albergominerva.it\\\/es\\\/la-galeria-nacional-de-arte-de-siena-una-coleccion-de-pinturas-verdaderamente-maravillosa\\\/#breadcrumb\",\"itemListElement\":[{\"@type\":\"ListItem\",\"position\":1,\"name\":\"Home\",\"item\":\"https:\\\/\\\/www.albergominerva.it\\\/es\\\/\"},{\"@type\":\"ListItem\",\"position\":2,\"name\":\"La Galer\u00eda Nacional de Arte de Siena: una colecci\u00f3n de pinturas verdaderamente maravillosa\"}]},{\"@type\":\"WebSite\",\"@id\":\"https:\\\/\\\/www.albergominerva.it\\\/es\\\/#website\",\"url\":\"https:\\\/\\\/www.albergominerva.it\\\/es\\\/\",\"name\":\"Hotel Minerva Siena\",\"description\":\"Hotel in Centro Storico a Siena - Toscana - Italy\",\"potentialAction\":[{\"@type\":\"SearchAction\",\"target\":{\"@type\":\"EntryPoint\",\"urlTemplate\":\"https:\\\/\\\/www.albergominerva.it\\\/es\\\/?s={search_term_string}\"},\"query-input\":{\"@type\":\"PropertyValueSpecification\",\"valueRequired\":true,\"valueName\":\"search_term_string\"}}],\"inLanguage\":\"es\"}]}<\/script>\n<!-- \/ Yoast SEO plugin. -->","yoast_head_json":{"title":"La Galer\u00eda Nacional de Arte de Siena: una colecci\u00f3n de pinturas verdaderamente maravillosa - Hotel Minerva Siena","robots":{"index":"index","follow":"follow","max-snippet":"max-snippet:-1","max-image-preview":"max-image-preview:large","max-video-preview":"max-video-preview:-1"},"canonical":"https:\/\/www.albergominerva.it\/es\/la-galeria-nacional-de-arte-de-siena-una-coleccion-de-pinturas-verdaderamente-maravillosa\/","og_locale":"es_ES","og_type":"article","og_title":"La Galer\u00eda Nacional de Arte de Siena: una colecci\u00f3n de pinturas verdaderamente maravillosa - Hotel Minerva Siena","og_description":"La Galer\u00eda Nacional de Arte de Siena Si ha decidido visitar Siena, una parada obligatoria para usted es, sin duda,","og_url":"https:\/\/www.albergominerva.it\/es\/la-galeria-nacional-de-arte-de-siena-una-coleccion-de-pinturas-verdaderamente-maravillosa\/","og_site_name":"Hotel Minerva Siena","article_modified_time":"2020-02-14T09:50:15+00:00","og_image":[{"url":"https:\/\/albergominerva.it\/minerva\/wp-content\/uploads\/2020\/02\/pinacoteca-nazionale-siena.png","type":"","width":"","height":""}],"twitter_card":"summary_large_image","twitter_misc":{"Tiempo de lectura":"2 minutos"},"schema":{"@context":"https:\/\/schema.org","@graph":[{"@type":"WebPage","@id":"https:\/\/www.albergominerva.it\/es\/la-galeria-nacional-de-arte-de-siena-una-coleccion-de-pinturas-verdaderamente-maravillosa\/","url":"https:\/\/www.albergominerva.it\/es\/la-galeria-nacional-de-arte-de-siena-una-coleccion-de-pinturas-verdaderamente-maravillosa\/","name":"La Galer\u00eda Nacional de Arte de Siena: una colecci\u00f3n de pinturas verdaderamente maravillosa - Hotel Minerva Siena","isPartOf":{"@id":"https:\/\/www.albergominerva.it\/es\/#website"},"primaryImageOfPage":{"@id":"https:\/\/www.albergominerva.it\/es\/la-galeria-nacional-de-arte-de-siena-una-coleccion-de-pinturas-verdaderamente-maravillosa\/#primaryimage"},"image":{"@id":"https:\/\/www.albergominerva.it\/es\/la-galeria-nacional-de-arte-de-siena-una-coleccion-de-pinturas-verdaderamente-maravillosa\/#primaryimage"},"thumbnailUrl":"https:\/\/albergominerva.it\/minerva\/wp-content\/uploads\/2020\/02\/pinacoteca-nazionale-siena.png","datePublished":"2020-02-14T09:50:12+00:00","dateModified":"2020-02-14T09:50:15+00:00","breadcrumb":{"@id":"https:\/\/www.albergominerva.it\/es\/la-galeria-nacional-de-arte-de-siena-una-coleccion-de-pinturas-verdaderamente-maravillosa\/#breadcrumb"},"inLanguage":"es","potentialAction":[{"@type":"ReadAction","target":["https:\/\/www.albergominerva.it\/es\/la-galeria-nacional-de-arte-de-siena-una-coleccion-de-pinturas-verdaderamente-maravillosa\/"]}]},{"@type":"ImageObject","inLanguage":"es","@id":"https:\/\/www.albergominerva.it\/es\/la-galeria-nacional-de-arte-de-siena-una-coleccion-de-pinturas-verdaderamente-maravillosa\/#primaryimage","url":"https:\/\/albergominerva.it\/minerva\/wp-content\/uploads\/2020\/02\/pinacoteca-nazionale-siena.png","contentUrl":"https:\/\/albergominerva.it\/minerva\/wp-content\/uploads\/2020\/02\/pinacoteca-nazionale-siena.png"},{"@type":"BreadcrumbList","@id":"https:\/\/www.albergominerva.it\/es\/la-galeria-nacional-de-arte-de-siena-una-coleccion-de-pinturas-verdaderamente-maravillosa\/#breadcrumb","itemListElement":[{"@type":"ListItem","position":1,"name":"Home","item":"https:\/\/www.albergominerva.it\/es\/"},{"@type":"ListItem","position":2,"name":"La Galer\u00eda Nacional de Arte de Siena: una colecci\u00f3n de pinturas verdaderamente maravillosa"}]},{"@type":"WebSite","@id":"https:\/\/www.albergominerva.it\/es\/#website","url":"https:\/\/www.albergominerva.it\/es\/","name":"Hotel Minerva Siena","description":"Hotel in Centro Storico a Siena - Toscana - Italy","potentialAction":[{"@type":"SearchAction","target":{"@type":"EntryPoint","urlTemplate":"https:\/\/www.albergominerva.it\/es\/?s={search_term_string}"},"query-input":{"@type":"PropertyValueSpecification","valueRequired":true,"valueName":"search_term_string"}}],"inLanguage":"es"}]}},"_links":{"self":[{"href":"https:\/\/www.albergominerva.it\/es\/wp-json\/wp\/v2\/pages\/7425","targetHints":{"allow":["GET"]}}],"collection":[{"href":"https:\/\/www.albergominerva.it\/es\/wp-json\/wp\/v2\/pages"}],"about":[{"href":"https:\/\/www.albergominerva.it\/es\/wp-json\/wp\/v2\/types\/page"}],"author":[{"embeddable":true,"href":"https:\/\/www.albergominerva.it\/es\/wp-json\/wp\/v2\/users\/3"}],"replies":[{"embeddable":true,"href":"https:\/\/www.albergominerva.it\/es\/wp-json\/wp\/v2\/comments?post=7425"}],"version-history":[{"count":1,"href":"https:\/\/www.albergominerva.it\/es\/wp-json\/wp\/v2\/pages\/7425\/revisions"}],"predecessor-version":[{"id":7426,"href":"https:\/\/www.albergominerva.it\/es\/wp-json\/wp\/v2\/pages\/7425\/revisions\/7426"}],"wp:attachment":[{"href":"https:\/\/www.albergominerva.it\/es\/wp-json\/wp\/v2\/media?parent=7425"}],"curies":[{"name":"wp","href":"https:\/\/api.w.org\/{rel}","templated":true}]}}