{"id":7427,"date":"2020-02-14T10:51:29","date_gmt":"2020-02-14T09:51:29","guid":{"rendered":"https:\/\/www.albergominerva.it\/?page_id=7427"},"modified":"2020-02-14T10:51:31","modified_gmt":"2020-02-14T09:51:31","slug":"que-ver-en-siena-di-magico-el-santuario-de-santa-caterina","status":"publish","type":"page","link":"https:\/\/www.albergominerva.it\/es\/que-ver-en-siena-di-magico-el-santuario-de-santa-caterina\/","title":{"rendered":"Qu\u00e9 ver en Siena di Magico: el Santuario de Santa Caterina"},"content":{"rendered":"\n<p><strong>El santuario de Santa Caterina<\/strong><\/p>\n\n\n\n<p>Esposa de Dios, te\u00f3loga, m\u00edstica, fil\u00f3sofa, una mujer de incre\u00edble inteligencia y profunda fe, tan grande de hacerla contagiosa, Caterina Benincasa es patrona de Italia y Europa y, sobre todo, guardiana de la magia intensamente febril que anima a toda la ciudad de Siena y que, exactamente en su lugar de nacimiento, erigi\u00f3 uno de los santuarios m\u00e1s fascinantes de Europa en 1464.<br>Esta casa santuario alberga varias habitaciones, cada una con su encanto m\u00edstico y misterioso.<\/p>\n\n\n\n<figure class=\"wp-block-image\"><img decoding=\"async\" src=\"https:\/\/albergominerva.it\/minerva\/wp-content\/uploads\/2020\/02\/santa-caterina-247x300.png\" alt=\"\" class=\"wp-image-3088\"\/><\/figure>\n\n\n\n<p>La Iglesia del Crucifijo, construida entre 1614 y 1623, que alberga el famoso Crucifijo del estigmas que Caterina recibi\u00f3 en 1375, un evento milagroso que contribuy\u00f3 a su leyenda tan real como maravillosa.<\/p>\n\n\n\n<p>En esta parte encontrar\u00e1s muchas pinturas del siglo XVIII, como el Regreso del Papa a Roma de Franchini, Santa Caterina que urge al Papa a regresar a Italia de Alessandro Calvi y la Elemosina de Santa Caterina de Libero Guerrini y por ultimo Santa Caterina Asaltada por los Soldados de Perpignani.<\/p>\n\n\n\n<p>Es inimaginable la fant\u00e1stica b\u00f3veda con frescos de Giuseppe Nicola Nasini y otros artistas entre 1701 y el 1703 con obras como La glorificaci\u00f3n de Santa Caterina, La estigmatizaci\u00f3n, El ascenso al cielo y La Asunci\u00f3n al Cielo.<\/p>\n\n\n\n<p>Otra parte \u00fanica del Santuario es el Oratorio de la Cocina, que todav\u00eda contiene los restos de brasas ardientes donde cay\u00f3 Caterina pero en \u00e9xtasis permaneci\u00f3 milagrosamente ilesa.<br>El oratorio tiene un piso de may\u00f3lica y un artesonado con rosetas doradas.<\/p>\n\n\n\n<p><strong>Particularmente bellas son tambi\u00e9n las paredes laterales y traseras con un collages de artistas que celebrar\u00f2n la vida de Santa Caterina con obras como:<\/strong><br>&#8211; Beato Giovanni Colombini de Alessandro Casolani<br>&#8211; Santa Caterina libera una obsesi\u00f3n de Pietro Sorri<br>&#8211; Santa Caterina recibe la comuni\u00f3n de manera milagrosa por Cristoforo Roncalli, conocido como Pomarancio<br>&#8211; Santa Caterina reza por dos condenados a muerte de Lattanzio Bonastri<br>&#8211; Beato Ambrogio Sansedoni de Gaetano Marinelli<\/p>\n\n\n\n<p>Por ultimo est\u00e1 el as\u00ed llamado Portico dei Comuni, que es tambi\u00e9n la area m\u00e1s nueva, construido en 1941, dos a\u00f1os despu\u00e9s de la proclamaci\u00f3n de Santa Caterina como Patrona de Italia por P\u00edo XXII.<\/p>\n\n\n\n<p>El Portico dei Comuni se llama as\u00ed en honor a todos los municipios italianos que contribuyeron cada uno con un ladrillo a su construcci\u00f3n.<\/p>\n\n\n\n<p><strong>El Santuario de Santa Caterina se encuentra en la calle Costa di Sant\u2019Antonio 6 al cual es posible llegar r\u00e1pidamente a pie desde el Hotel Minerva.<\/strong><\/p>\n\n\n\n<p>Nuestro hotel de tres estrellas en el centro de Siena es el \u00fanico hotel en la ciudad con un estacionamiento cubierto de pago con 20 aparcamientos disponibles en un \u00e1rea no ZTL.+<\/p>\n\n\n\n<p>Desde el Hotel Minerva podr\u00e0s descubrir todas las atracciones principales de Siena empezando por el magn\u00edfico Santuario de Santa Caterina.<\/p>\n\n\n\n<p>\u00a1Vis\u00edtenos y reserv\u00e9 directamente desde nuestro sitio web al precio m\u00e1s bajo!<\/p>\n\n\n\n<p>Tenemos muchas habitaciones con vistas panor\u00e1micas sobre el centro de Siena.<\/p>\n","protected":false},"excerpt":{"rendered":"<p>El santuario de Santa Caterina Esposa de Dios, te\u00f3loga, m\u00edstica, fil\u00f3sofa, una mujer de incre\u00edble inteligencia y profunda fe, tan<\/p>\n","protected":false},"author":3,"featured_media":0,"parent":0,"menu_order":0,"comment_status":"closed","ping_status":"closed","template":"","meta":{"_acf_changed":false,"footnotes":""},"class_list":["post-7427","page","type-page","status-publish","hentry"],"acf":[],"yoast_head":"<!-- This site is optimized with the Yoast SEO plugin v27.4 - https:\/\/yoast.com\/product\/yoast-seo-wordpress\/ -->\n<title>Qu\u00e9 ver en Siena di Magico: el Santuario de Santa Caterina - Hotel Minerva Siena<\/title>\n<meta name=\"robots\" content=\"index, follow, max-snippet:-1, max-image-preview:large, max-video-preview:-1\" \/>\n<link rel=\"canonical\" href=\"https:\/\/www.albergominerva.it\/es\/que-ver-en-siena-di-magico-el-santuario-de-santa-caterina\/\" \/>\n<meta property=\"og:locale\" content=\"es_ES\" \/>\n<meta property=\"og:type\" content=\"article\" \/>\n<meta property=\"og:title\" content=\"Qu\u00e9 ver en Siena di Magico: el Santuario de Santa Caterina - Hotel Minerva Siena\" \/>\n<meta property=\"og:description\" content=\"El santuario de Santa Caterina Esposa de Dios, te\u00f3loga, m\u00edstica, fil\u00f3sofa, una mujer de incre\u00edble inteligencia y profunda fe, tan\" \/>\n<meta property=\"og:url\" content=\"https:\/\/www.albergominerva.it\/es\/que-ver-en-siena-di-magico-el-santuario-de-santa-caterina\/\" \/>\n<meta property=\"og:site_name\" content=\"Hotel Minerva Siena\" \/>\n<meta property=\"article:modified_time\" content=\"2020-02-14T09:51:31+00:00\" \/>\n<meta property=\"og:image\" content=\"https:\/\/albergominerva.it\/minerva\/wp-content\/uploads\/2020\/02\/santa-caterina-247x300.png\" \/>\n<meta name=\"twitter:card\" content=\"summary_large_image\" \/>\n<meta name=\"twitter:label1\" content=\"Tiempo de lectura\" \/>\n\t<meta name=\"twitter:data1\" content=\"2 minutos\" \/>\n<script type=\"application\/ld+json\" class=\"yoast-schema-graph\">{\"@context\":\"https:\\\/\\\/schema.org\",\"@graph\":[{\"@type\":\"WebPage\",\"@id\":\"https:\\\/\\\/www.albergominerva.it\\\/es\\\/que-ver-en-siena-di-magico-el-santuario-de-santa-caterina\\\/\",\"url\":\"https:\\\/\\\/www.albergominerva.it\\\/es\\\/que-ver-en-siena-di-magico-el-santuario-de-santa-caterina\\\/\",\"name\":\"Qu\u00e9 ver en Siena di Magico: el Santuario de Santa Caterina - Hotel Minerva Siena\",\"isPartOf\":{\"@id\":\"https:\\\/\\\/www.albergominerva.it\\\/es\\\/#website\"},\"primaryImageOfPage\":{\"@id\":\"https:\\\/\\\/www.albergominerva.it\\\/es\\\/que-ver-en-siena-di-magico-el-santuario-de-santa-caterina\\\/#primaryimage\"},\"image\":{\"@id\":\"https:\\\/\\\/www.albergominerva.it\\\/es\\\/que-ver-en-siena-di-magico-el-santuario-de-santa-caterina\\\/#primaryimage\"},\"thumbnailUrl\":\"https:\\\/\\\/albergominerva.it\\\/minerva\\\/wp-content\\\/uploads\\\/2020\\\/02\\\/santa-caterina-247x300.png\",\"datePublished\":\"2020-02-14T09:51:29+00:00\",\"dateModified\":\"2020-02-14T09:51:31+00:00\",\"breadcrumb\":{\"@id\":\"https:\\\/\\\/www.albergominerva.it\\\/es\\\/que-ver-en-siena-di-magico-el-santuario-de-santa-caterina\\\/#breadcrumb\"},\"inLanguage\":\"es\",\"potentialAction\":[{\"@type\":\"ReadAction\",\"target\":[\"https:\\\/\\\/www.albergominerva.it\\\/es\\\/que-ver-en-siena-di-magico-el-santuario-de-santa-caterina\\\/\"]}]},{\"@type\":\"ImageObject\",\"inLanguage\":\"es\",\"@id\":\"https:\\\/\\\/www.albergominerva.it\\\/es\\\/que-ver-en-siena-di-magico-el-santuario-de-santa-caterina\\\/#primaryimage\",\"url\":\"https:\\\/\\\/albergominerva.it\\\/minerva\\\/wp-content\\\/uploads\\\/2020\\\/02\\\/santa-caterina-247x300.png\",\"contentUrl\":\"https:\\\/\\\/albergominerva.it\\\/minerva\\\/wp-content\\\/uploads\\\/2020\\\/02\\\/santa-caterina-247x300.png\"},{\"@type\":\"BreadcrumbList\",\"@id\":\"https:\\\/\\\/www.albergominerva.it\\\/es\\\/que-ver-en-siena-di-magico-el-santuario-de-santa-caterina\\\/#breadcrumb\",\"itemListElement\":[{\"@type\":\"ListItem\",\"position\":1,\"name\":\"Home\",\"item\":\"https:\\\/\\\/www.albergominerva.it\\\/es\\\/\"},{\"@type\":\"ListItem\",\"position\":2,\"name\":\"Qu\u00e9 ver en Siena di Magico: el Santuario de Santa Caterina\"}]},{\"@type\":\"WebSite\",\"@id\":\"https:\\\/\\\/www.albergominerva.it\\\/es\\\/#website\",\"url\":\"https:\\\/\\\/www.albergominerva.it\\\/es\\\/\",\"name\":\"Hotel Minerva Siena\",\"description\":\"Hotel in Centro Storico a Siena - Toscana - Italy\",\"potentialAction\":[{\"@type\":\"SearchAction\",\"target\":{\"@type\":\"EntryPoint\",\"urlTemplate\":\"https:\\\/\\\/www.albergominerva.it\\\/es\\\/?s={search_term_string}\"},\"query-input\":{\"@type\":\"PropertyValueSpecification\",\"valueRequired\":true,\"valueName\":\"search_term_string\"}}],\"inLanguage\":\"es\"}]}<\/script>\n<!-- \/ Yoast SEO plugin. -->","yoast_head_json":{"title":"Qu\u00e9 ver en Siena di Magico: el Santuario de Santa Caterina - Hotel Minerva Siena","robots":{"index":"index","follow":"follow","max-snippet":"max-snippet:-1","max-image-preview":"max-image-preview:large","max-video-preview":"max-video-preview:-1"},"canonical":"https:\/\/www.albergominerva.it\/es\/que-ver-en-siena-di-magico-el-santuario-de-santa-caterina\/","og_locale":"es_ES","og_type":"article","og_title":"Qu\u00e9 ver en Siena di Magico: el Santuario de Santa Caterina - Hotel Minerva Siena","og_description":"El santuario de Santa Caterina Esposa de Dios, te\u00f3loga, m\u00edstica, fil\u00f3sofa, una mujer de incre\u00edble inteligencia y profunda fe, tan","og_url":"https:\/\/www.albergominerva.it\/es\/que-ver-en-siena-di-magico-el-santuario-de-santa-caterina\/","og_site_name":"Hotel Minerva Siena","article_modified_time":"2020-02-14T09:51:31+00:00","og_image":[{"url":"https:\/\/albergominerva.it\/minerva\/wp-content\/uploads\/2020\/02\/santa-caterina-247x300.png","type":"","width":"","height":""}],"twitter_card":"summary_large_image","twitter_misc":{"Tiempo de lectura":"2 minutos"},"schema":{"@context":"https:\/\/schema.org","@graph":[{"@type":"WebPage","@id":"https:\/\/www.albergominerva.it\/es\/que-ver-en-siena-di-magico-el-santuario-de-santa-caterina\/","url":"https:\/\/www.albergominerva.it\/es\/que-ver-en-siena-di-magico-el-santuario-de-santa-caterina\/","name":"Qu\u00e9 ver en Siena di Magico: el Santuario de Santa Caterina - Hotel Minerva Siena","isPartOf":{"@id":"https:\/\/www.albergominerva.it\/es\/#website"},"primaryImageOfPage":{"@id":"https:\/\/www.albergominerva.it\/es\/que-ver-en-siena-di-magico-el-santuario-de-santa-caterina\/#primaryimage"},"image":{"@id":"https:\/\/www.albergominerva.it\/es\/que-ver-en-siena-di-magico-el-santuario-de-santa-caterina\/#primaryimage"},"thumbnailUrl":"https:\/\/albergominerva.it\/minerva\/wp-content\/uploads\/2020\/02\/santa-caterina-247x300.png","datePublished":"2020-02-14T09:51:29+00:00","dateModified":"2020-02-14T09:51:31+00:00","breadcrumb":{"@id":"https:\/\/www.albergominerva.it\/es\/que-ver-en-siena-di-magico-el-santuario-de-santa-caterina\/#breadcrumb"},"inLanguage":"es","potentialAction":[{"@type":"ReadAction","target":["https:\/\/www.albergominerva.it\/es\/que-ver-en-siena-di-magico-el-santuario-de-santa-caterina\/"]}]},{"@type":"ImageObject","inLanguage":"es","@id":"https:\/\/www.albergominerva.it\/es\/que-ver-en-siena-di-magico-el-santuario-de-santa-caterina\/#primaryimage","url":"https:\/\/albergominerva.it\/minerva\/wp-content\/uploads\/2020\/02\/santa-caterina-247x300.png","contentUrl":"https:\/\/albergominerva.it\/minerva\/wp-content\/uploads\/2020\/02\/santa-caterina-247x300.png"},{"@type":"BreadcrumbList","@id":"https:\/\/www.albergominerva.it\/es\/que-ver-en-siena-di-magico-el-santuario-de-santa-caterina\/#breadcrumb","itemListElement":[{"@type":"ListItem","position":1,"name":"Home","item":"https:\/\/www.albergominerva.it\/es\/"},{"@type":"ListItem","position":2,"name":"Qu\u00e9 ver en Siena di Magico: el Santuario de Santa Caterina"}]},{"@type":"WebSite","@id":"https:\/\/www.albergominerva.it\/es\/#website","url":"https:\/\/www.albergominerva.it\/es\/","name":"Hotel Minerva Siena","description":"Hotel in Centro Storico a Siena - Toscana - Italy","potentialAction":[{"@type":"SearchAction","target":{"@type":"EntryPoint","urlTemplate":"https:\/\/www.albergominerva.it\/es\/?s={search_term_string}"},"query-input":{"@type":"PropertyValueSpecification","valueRequired":true,"valueName":"search_term_string"}}],"inLanguage":"es"}]}},"_links":{"self":[{"href":"https:\/\/www.albergominerva.it\/es\/wp-json\/wp\/v2\/pages\/7427","targetHints":{"allow":["GET"]}}],"collection":[{"href":"https:\/\/www.albergominerva.it\/es\/wp-json\/wp\/v2\/pages"}],"about":[{"href":"https:\/\/www.albergominerva.it\/es\/wp-json\/wp\/v2\/types\/page"}],"author":[{"embeddable":true,"href":"https:\/\/www.albergominerva.it\/es\/wp-json\/wp\/v2\/users\/3"}],"replies":[{"embeddable":true,"href":"https:\/\/www.albergominerva.it\/es\/wp-json\/wp\/v2\/comments?post=7427"}],"version-history":[{"count":1,"href":"https:\/\/www.albergominerva.it\/es\/wp-json\/wp\/v2\/pages\/7427\/revisions"}],"predecessor-version":[{"id":7428,"href":"https:\/\/www.albergominerva.it\/es\/wp-json\/wp\/v2\/pages\/7427\/revisions\/7428"}],"wp:attachment":[{"href":"https:\/\/www.albergominerva.it\/es\/wp-json\/wp\/v2\/media?parent=7427"}],"curies":[{"name":"wp","href":"https:\/\/api.w.org\/{rel}","templated":true}]}}