{"id":7453,"date":"2020-02-14T11:25:56","date_gmt":"2020-02-14T10:25:56","guid":{"rendered":"https:\/\/www.albergominerva.it\/?page_id=7453"},"modified":"2020-02-14T11:25:58","modified_gmt":"2020-02-14T10:25:58","slug":"que-ver-cerca-de-la-piazza-del-campo-en-siena-el-palacio-chigi-saracini","status":"publish","type":"page","link":"https:\/\/www.albergominerva.it\/es\/que-ver-cerca-de-la-piazza-del-campo-en-siena-el-palacio-chigi-saracini\/","title":{"rendered":"Que ver cerca de la Piazza del Campo en Siena: El palacio Chigi Saracini"},"content":{"rendered":"\n<p> <\/p>\n\n\n\n<p><strong> El palacio Chigi Saracini<\/strong><\/p>\n\n\n\n<p> La poderosa y sugestiva magia de Siena no se expresa exclusivamente en la magn\u00edfica Piazza del Campo.<\/p>\n\n\n\n<p><\/p>\n\n\n\n<figure class=\"wp-block-image size-large\"><img loading=\"lazy\" decoding=\"async\" width=\"451\" height=\"708\" src=\"https:\/\/www.albergominerva.it\/wp-content\/uploads\/2020\/02\/Palazzo-Chigi-Saracini.png\" alt=\"\" class=\"wp-image-7454\" srcset=\"https:\/\/www.albergominerva.it\/wp-content\/uploads\/2020\/02\/Palazzo-Chigi-Saracini.png 451w, https:\/\/www.albergominerva.it\/wp-content\/uploads\/2020\/02\/Palazzo-Chigi-Saracini-191x300.png 191w\" sizes=\"auto, (max-width: 451px) 100vw, 451px\" \/><\/figure>\n\n\n\n<p>\nCerca de\nla plaza y en el centro hist\u00f3rico hay edificios \u00fanicos y\nmaravillosos que cada turista y viajero debe descubrir si quiere\nsaborear al m\u00e1ximo la tradici\u00f3n de la ciudad.<\/p>\n\n\n\n<p>\nEntre\nestos palacios, quiz\u00e1s el m\u00e1s hermoso para visitar es el palacio\nChigi Saracini, ubicado en la calle di Citt\u00e0.<\/p>\n\n\n\n<p>\nEste\npalacio data de su versi\u00f3n m\u00e1s peque\u00f1a y m\u00e1s antigua al siglo\nXII.<\/p>\n\n\n\n<p>\nSe\nllamaba Palazzo Marescotti porque era propiedad de la familia\nGhibellina de los Marescotti.<\/p>\n\n\n\n<p>\nCon el\ntiempo, el Palacio se expandi\u00f3 para incluir el Consejo de\nReguladores de la Rep\u00fablica.<\/p>\n\n\n\n<p>\nSolo en\nel siglo XVI, la familia m\u00e1s poderosa de Siena, los Piccolomini lo\ncompraron d\u00e1ndole una apariencia mayormente renacentista.<\/p>\n\n\n\n<p>\nEl\nPalacio pas\u00f3 de mano en mano hasta Guido Chigi Saracini y luego en\n1932 se convirti\u00f3 en la sede de la Accademia Musical Chigiana, que\nse convirti\u00f3, a su vez, en Fundaci\u00f3n en 1958 y queactualmente\nalberga la Escuela de Alta Perfecci\u00f3n Musical.<\/p>\n\n\n\n<p>\nLa\ngaler\u00eda interna conserva obras de artistas de Siena desde el 200\nhasta el 900, entre las que se destaca la Virgen del Maestro di\nTressa, una Virgen y dos \u00e1ngeles de Matteo di Giovanni, una Piedad\ndel Riccio y la mistica boda de Santa Caterina da Siena de Beccafumi.<\/p>\n\n\n\n<p>\nLuego\nhay maravillosas esculturas y may\u00f3licas. Entre las esculturas se\nencuentra la discordia de Francesco di Giorgio, mientras que, entre\nla may\u00f3lica, los platos del artista sien\u00e9s Ferdinando Maria\nCampani.<\/p>\n\n\n\n<p>\nEl\npalacio Chigi Saracini es f\u00e1cilmente accesible a pie desde cualquier\nhotel en el centro de Siena.<\/p>\n\n\n\n<p>\nLe\nrecomendamos reservar nuestro hotel, el Hotel Minerva, un hotel de 3\nestrellas en el centro de Siena con estacionamiento cubierto de pago.<\/p>\n\n\n\n<p>\nAdem\u00e1s\nde la comodidad del aparcamiento interno con acceso directo a la sala\ny al hecho de que no es, como muchos otros, en el \u00e1rea de ZTL. El\nHotel Minerva ofrece muchas habitaciones con una maravillosa vista\npanor\u00e1mica del centro hist\u00f3rico de Siena y es tambi\u00e9n f\u00e1cilmente\naccesible desde las estaciones de tren y autobuses.<\/p>\n\n\n\n<p>\nReserve\ndirectamente desde este sitio y siempre le garantizamos la mejor\ngarant\u00eda de precio.<\/p>\n","protected":false},"excerpt":{"rendered":"<p>El palacio Chigi Saracini La poderosa y sugestiva magia de Siena no se expresa exclusivamente en la magn\u00edfica Piazza del<\/p>\n","protected":false},"author":3,"featured_media":0,"parent":0,"menu_order":0,"comment_status":"closed","ping_status":"closed","template":"","meta":{"_acf_changed":false,"footnotes":""},"class_list":["post-7453","page","type-page","status-publish","hentry"],"acf":[],"yoast_head":"<!-- This site is optimized with the Yoast SEO plugin v27.4 - https:\/\/yoast.com\/product\/yoast-seo-wordpress\/ -->\n<title>Que ver cerca de la Piazza del Campo en Siena: El palacio Chigi Saracini - Hotel Minerva Siena<\/title>\n<meta name=\"robots\" content=\"index, follow, max-snippet:-1, max-image-preview:large, max-video-preview:-1\" \/>\n<link rel=\"canonical\" href=\"https:\/\/www.albergominerva.it\/es\/que-ver-cerca-de-la-piazza-del-campo-en-siena-el-palacio-chigi-saracini\/\" \/>\n<meta property=\"og:locale\" content=\"es_ES\" \/>\n<meta property=\"og:type\" content=\"article\" \/>\n<meta property=\"og:title\" content=\"Que ver cerca de la Piazza del Campo en Siena: El palacio Chigi Saracini - Hotel Minerva Siena\" \/>\n<meta property=\"og:description\" content=\"El palacio Chigi Saracini La poderosa y sugestiva magia de Siena no se expresa exclusivamente en la magn\u00edfica Piazza del\" \/>\n<meta property=\"og:url\" content=\"https:\/\/www.albergominerva.it\/es\/que-ver-cerca-de-la-piazza-del-campo-en-siena-el-palacio-chigi-saracini\/\" \/>\n<meta property=\"og:site_name\" content=\"Hotel Minerva Siena\" \/>\n<meta property=\"article:modified_time\" content=\"2020-02-14T10:25:58+00:00\" \/>\n<meta property=\"og:image\" content=\"https:\/\/www.albergominerva.it\/wp-content\/uploads\/2020\/02\/Palazzo-Chigi-Saracini.png\" \/>\n<meta name=\"twitter:card\" content=\"summary_large_image\" \/>\n<meta name=\"twitter:label1\" content=\"Tiempo de lectura\" \/>\n\t<meta name=\"twitter:data1\" content=\"2 minutos\" \/>\n<script type=\"application\/ld+json\" class=\"yoast-schema-graph\">{\"@context\":\"https:\\\/\\\/schema.org\",\"@graph\":[{\"@type\":\"WebPage\",\"@id\":\"https:\\\/\\\/www.albergominerva.it\\\/es\\\/que-ver-cerca-de-la-piazza-del-campo-en-siena-el-palacio-chigi-saracini\\\/\",\"url\":\"https:\\\/\\\/www.albergominerva.it\\\/es\\\/que-ver-cerca-de-la-piazza-del-campo-en-siena-el-palacio-chigi-saracini\\\/\",\"name\":\"Que ver cerca de la Piazza del Campo en Siena: El palacio Chigi Saracini - Hotel Minerva Siena\",\"isPartOf\":{\"@id\":\"https:\\\/\\\/www.albergominerva.it\\\/es\\\/#website\"},\"primaryImageOfPage\":{\"@id\":\"https:\\\/\\\/www.albergominerva.it\\\/es\\\/que-ver-cerca-de-la-piazza-del-campo-en-siena-el-palacio-chigi-saracini\\\/#primaryimage\"},\"image\":{\"@id\":\"https:\\\/\\\/www.albergominerva.it\\\/es\\\/que-ver-cerca-de-la-piazza-del-campo-en-siena-el-palacio-chigi-saracini\\\/#primaryimage\"},\"thumbnailUrl\":\"https:\\\/\\\/www.albergominerva.it\\\/wp-content\\\/uploads\\\/2020\\\/02\\\/Palazzo-Chigi-Saracini.png\",\"datePublished\":\"2020-02-14T10:25:56+00:00\",\"dateModified\":\"2020-02-14T10:25:58+00:00\",\"breadcrumb\":{\"@id\":\"https:\\\/\\\/www.albergominerva.it\\\/es\\\/que-ver-cerca-de-la-piazza-del-campo-en-siena-el-palacio-chigi-saracini\\\/#breadcrumb\"},\"inLanguage\":\"es\",\"potentialAction\":[{\"@type\":\"ReadAction\",\"target\":[\"https:\\\/\\\/www.albergominerva.it\\\/es\\\/que-ver-cerca-de-la-piazza-del-campo-en-siena-el-palacio-chigi-saracini\\\/\"]}]},{\"@type\":\"ImageObject\",\"inLanguage\":\"es\",\"@id\":\"https:\\\/\\\/www.albergominerva.it\\\/es\\\/que-ver-cerca-de-la-piazza-del-campo-en-siena-el-palacio-chigi-saracini\\\/#primaryimage\",\"url\":\"https:\\\/\\\/www.albergominerva.it\\\/wp-content\\\/uploads\\\/2020\\\/02\\\/Palazzo-Chigi-Saracini.png\",\"contentUrl\":\"https:\\\/\\\/www.albergominerva.it\\\/wp-content\\\/uploads\\\/2020\\\/02\\\/Palazzo-Chigi-Saracini.png\"},{\"@type\":\"BreadcrumbList\",\"@id\":\"https:\\\/\\\/www.albergominerva.it\\\/es\\\/que-ver-cerca-de-la-piazza-del-campo-en-siena-el-palacio-chigi-saracini\\\/#breadcrumb\",\"itemListElement\":[{\"@type\":\"ListItem\",\"position\":1,\"name\":\"Home\",\"item\":\"https:\\\/\\\/www.albergominerva.it\\\/es\\\/\"},{\"@type\":\"ListItem\",\"position\":2,\"name\":\"Que ver cerca de la Piazza del Campo en Siena: El palacio Chigi Saracini\"}]},{\"@type\":\"WebSite\",\"@id\":\"https:\\\/\\\/www.albergominerva.it\\\/es\\\/#website\",\"url\":\"https:\\\/\\\/www.albergominerva.it\\\/es\\\/\",\"name\":\"Hotel Minerva Siena\",\"description\":\"Hotel in Centro Storico a Siena - Toscana - Italy\",\"potentialAction\":[{\"@type\":\"SearchAction\",\"target\":{\"@type\":\"EntryPoint\",\"urlTemplate\":\"https:\\\/\\\/www.albergominerva.it\\\/es\\\/?s={search_term_string}\"},\"query-input\":{\"@type\":\"PropertyValueSpecification\",\"valueRequired\":true,\"valueName\":\"search_term_string\"}}],\"inLanguage\":\"es\"}]}<\/script>\n<!-- \/ Yoast SEO plugin. -->","yoast_head_json":{"title":"Que ver cerca de la Piazza del Campo en Siena: El palacio Chigi Saracini - Hotel Minerva Siena","robots":{"index":"index","follow":"follow","max-snippet":"max-snippet:-1","max-image-preview":"max-image-preview:large","max-video-preview":"max-video-preview:-1"},"canonical":"https:\/\/www.albergominerva.it\/es\/que-ver-cerca-de-la-piazza-del-campo-en-siena-el-palacio-chigi-saracini\/","og_locale":"es_ES","og_type":"article","og_title":"Que ver cerca de la Piazza del Campo en Siena: El palacio Chigi Saracini - Hotel Minerva Siena","og_description":"El palacio Chigi Saracini La poderosa y sugestiva magia de Siena no se expresa exclusivamente en la magn\u00edfica Piazza del","og_url":"https:\/\/www.albergominerva.it\/es\/que-ver-cerca-de-la-piazza-del-campo-en-siena-el-palacio-chigi-saracini\/","og_site_name":"Hotel Minerva Siena","article_modified_time":"2020-02-14T10:25:58+00:00","og_image":[{"url":"https:\/\/www.albergominerva.it\/wp-content\/uploads\/2020\/02\/Palazzo-Chigi-Saracini.png","type":"","width":"","height":""}],"twitter_card":"summary_large_image","twitter_misc":{"Tiempo de lectura":"2 minutos"},"schema":{"@context":"https:\/\/schema.org","@graph":[{"@type":"WebPage","@id":"https:\/\/www.albergominerva.it\/es\/que-ver-cerca-de-la-piazza-del-campo-en-siena-el-palacio-chigi-saracini\/","url":"https:\/\/www.albergominerva.it\/es\/que-ver-cerca-de-la-piazza-del-campo-en-siena-el-palacio-chigi-saracini\/","name":"Que ver cerca de la Piazza del Campo en Siena: El palacio Chigi Saracini - Hotel Minerva Siena","isPartOf":{"@id":"https:\/\/www.albergominerva.it\/es\/#website"},"primaryImageOfPage":{"@id":"https:\/\/www.albergominerva.it\/es\/que-ver-cerca-de-la-piazza-del-campo-en-siena-el-palacio-chigi-saracini\/#primaryimage"},"image":{"@id":"https:\/\/www.albergominerva.it\/es\/que-ver-cerca-de-la-piazza-del-campo-en-siena-el-palacio-chigi-saracini\/#primaryimage"},"thumbnailUrl":"https:\/\/www.albergominerva.it\/wp-content\/uploads\/2020\/02\/Palazzo-Chigi-Saracini.png","datePublished":"2020-02-14T10:25:56+00:00","dateModified":"2020-02-14T10:25:58+00:00","breadcrumb":{"@id":"https:\/\/www.albergominerva.it\/es\/que-ver-cerca-de-la-piazza-del-campo-en-siena-el-palacio-chigi-saracini\/#breadcrumb"},"inLanguage":"es","potentialAction":[{"@type":"ReadAction","target":["https:\/\/www.albergominerva.it\/es\/que-ver-cerca-de-la-piazza-del-campo-en-siena-el-palacio-chigi-saracini\/"]}]},{"@type":"ImageObject","inLanguage":"es","@id":"https:\/\/www.albergominerva.it\/es\/que-ver-cerca-de-la-piazza-del-campo-en-siena-el-palacio-chigi-saracini\/#primaryimage","url":"https:\/\/www.albergominerva.it\/wp-content\/uploads\/2020\/02\/Palazzo-Chigi-Saracini.png","contentUrl":"https:\/\/www.albergominerva.it\/wp-content\/uploads\/2020\/02\/Palazzo-Chigi-Saracini.png"},{"@type":"BreadcrumbList","@id":"https:\/\/www.albergominerva.it\/es\/que-ver-cerca-de-la-piazza-del-campo-en-siena-el-palacio-chigi-saracini\/#breadcrumb","itemListElement":[{"@type":"ListItem","position":1,"name":"Home","item":"https:\/\/www.albergominerva.it\/es\/"},{"@type":"ListItem","position":2,"name":"Que ver cerca de la Piazza del Campo en Siena: El palacio Chigi Saracini"}]},{"@type":"WebSite","@id":"https:\/\/www.albergominerva.it\/es\/#website","url":"https:\/\/www.albergominerva.it\/es\/","name":"Hotel Minerva Siena","description":"Hotel in Centro Storico a Siena - Toscana - Italy","potentialAction":[{"@type":"SearchAction","target":{"@type":"EntryPoint","urlTemplate":"https:\/\/www.albergominerva.it\/es\/?s={search_term_string}"},"query-input":{"@type":"PropertyValueSpecification","valueRequired":true,"valueName":"search_term_string"}}],"inLanguage":"es"}]}},"_links":{"self":[{"href":"https:\/\/www.albergominerva.it\/es\/wp-json\/wp\/v2\/pages\/7453","targetHints":{"allow":["GET"]}}],"collection":[{"href":"https:\/\/www.albergominerva.it\/es\/wp-json\/wp\/v2\/pages"}],"about":[{"href":"https:\/\/www.albergominerva.it\/es\/wp-json\/wp\/v2\/types\/page"}],"author":[{"embeddable":true,"href":"https:\/\/www.albergominerva.it\/es\/wp-json\/wp\/v2\/users\/3"}],"replies":[{"embeddable":true,"href":"https:\/\/www.albergominerva.it\/es\/wp-json\/wp\/v2\/comments?post=7453"}],"version-history":[{"count":2,"href":"https:\/\/www.albergominerva.it\/es\/wp-json\/wp\/v2\/pages\/7453\/revisions"}],"predecessor-version":[{"id":7817,"href":"https:\/\/www.albergominerva.it\/es\/wp-json\/wp\/v2\/pages\/7453\/revisions\/7817"}],"wp:attachment":[{"href":"https:\/\/www.albergominerva.it\/es\/wp-json\/wp\/v2\/media?parent=7453"}],"curies":[{"name":"wp","href":"https:\/\/api.w.org\/{rel}","templated":true}]}}