{"id":7473,"date":"2020-02-14T11:40:52","date_gmt":"2020-02-14T10:40:52","guid":{"rendered":"https:\/\/www.albergominerva.it\/?page_id=7473"},"modified":"2020-02-14T11:40:54","modified_gmt":"2020-02-14T10:40:54","slug":"el-museo-de-historia-natural-de-la-academia-dei-fisiocritici","status":"publish","type":"page","link":"https:\/\/www.albergominerva.it\/es\/el-museo-de-historia-natural-de-la-academia-dei-fisiocritici\/","title":{"rendered":"El Museo de Historia Natural de la Academia Dei Fisiocritici"},"content":{"rendered":"\n<p> <\/p>\n\n\n\n<p><strong> El Museo de Historia Natural de la Academia Dei Fisiocritici<\/strong><\/p>\n\n\n\n<figure class=\"wp-block-image size-large\"><img loading=\"lazy\" decoding=\"async\" width=\"453\" height=\"449\" src=\"https:\/\/www.albergominerva.it\/wp-content\/uploads\/2020\/02\/accademia-dei-fisiocritici.png\" alt=\"\" class=\"wp-image-7474\" srcset=\"https:\/\/www.albergominerva.it\/wp-content\/uploads\/2020\/02\/accademia-dei-fisiocritici.png 453w, https:\/\/www.albergominerva.it\/wp-content\/uploads\/2020\/02\/accademia-dei-fisiocritici-150x150.png 150w, https:\/\/www.albergominerva.it\/wp-content\/uploads\/2020\/02\/accademia-dei-fisiocritici-300x297.png 300w\" sizes=\"auto, (max-width: 453px) 100vw, 453px\" \/><\/figure>\n\n\n\n<p>\nSiena no\nsolo fue capaz de atraer a los mejores artistas italianos, sino que,\nal mismo tiempo, se encontraba entre las ciudades m\u00e1s avanzadas del\nmundo desde un punto de vista arquitect\u00f3nico y cient\u00edfico.<\/p>\n\n\n\n<p>\nY es\nprecisamente aqu\u00ed donde se fund\u00f3 la Accademia de los\n\u00abFisiocritici\u00bb, fundada en 1691 por el profesor de medicina\ny bot\u00e1nica de la Academia de Siena, Pirro Maria Gabrielli.<\/p>\n\n\n\n<p>\nLos\nfisiocr\u00edticos eran los jueces de la naturaleza, cient\u00edficos del\ncalibre de Lagrange, Volta, Pasteur y Linneo, todos miembros de la\nAcademia que ten\u00edan el objetivo de estudiar, conservar y compartir\ntodos los descubrimientos de sus asociados y, en general, de la\nciencia de la \u00e9poca.<\/p>\n\n\n\n<p>\nPor\nesta raz\u00f3n, se crearon colecciones de valor extraordinario que,\ntodav\u00eda, est\u00e1n presentes hoy en el museo ubicado en Siena en\nPiazzetta Silvio Gigli 2. El museo, que se puede recorrer en\naproximadamente una hora, presenta la magn\u00edfica colecci\u00f3n de Paolo\nMascagni con numerosas preparaciones anat\u00f3micas realizadas a trav\u00e9s\nde la t\u00e9cnica de introducir mercurio met\u00e1lico en los vasos\nlinf\u00e1ticos.<\/p>\n\n\n\n<p>\nA esto\nse agregan modelos de terracota y una magn\u00edfica colecci\u00f3n zool\u00f3gica\ncon numerosos mam\u00edferos marinos que se recolectaron a partir de\n1970.<\/p>\n\n\n\n<p>\nAdem\u00e1s\nde las preparaciones anat\u00f3micas, los modelos de terracota y las\nmuestras marinas, hay tambi\u00e9n manuscritos que narran la historia y\nla actividad de la Academia.<\/p>\n\n\n\n<p><\/p>\n\n\n\n<p><\/p>\n\n\n\n<p> <\/p>\n\n\n\n<p><\/p>\n","protected":false},"excerpt":{"rendered":"<p>El Museo de Historia Natural de la Academia Dei Fisiocritici Siena no solo fue capaz de atraer a los mejores<\/p>\n","protected":false},"author":3,"featured_media":0,"parent":0,"menu_order":0,"comment_status":"closed","ping_status":"closed","template":"","meta":{"_acf_changed":false,"footnotes":""},"class_list":["post-7473","page","type-page","status-publish","hentry"],"acf":[],"yoast_head":"<!-- This site is optimized with the Yoast SEO plugin v26.4 - https:\/\/yoast.com\/wordpress\/plugins\/seo\/ -->\n<title>El Museo de Historia Natural de la Academia Dei Fisiocritici - Hotel Minerva Siena<\/title>\n<meta name=\"robots\" content=\"index, follow, max-snippet:-1, max-image-preview:large, max-video-preview:-1\" \/>\n<link rel=\"canonical\" href=\"https:\/\/www.albergominerva.it\/es\/el-museo-de-historia-natural-de-la-academia-dei-fisiocritici\/\" \/>\n<meta property=\"og:locale\" content=\"es_ES\" \/>\n<meta property=\"og:type\" content=\"article\" \/>\n<meta property=\"og:title\" content=\"El Museo de Historia Natural de la Academia Dei Fisiocritici - Hotel Minerva Siena\" \/>\n<meta property=\"og:description\" content=\"El Museo de Historia Natural de la Academia Dei Fisiocritici Siena no solo fue capaz de atraer a los mejores\" \/>\n<meta property=\"og:url\" content=\"https:\/\/www.albergominerva.it\/es\/el-museo-de-historia-natural-de-la-academia-dei-fisiocritici\/\" \/>\n<meta property=\"og:site_name\" content=\"Hotel Minerva Siena\" \/>\n<meta property=\"article:modified_time\" content=\"2020-02-14T10:40:54+00:00\" \/>\n<meta property=\"og:image\" content=\"https:\/\/www.albergominerva.it\/wp-content\/uploads\/2020\/02\/accademia-dei-fisiocritici.png\" \/>\n<meta name=\"twitter:card\" content=\"summary_large_image\" \/>\n<meta name=\"twitter:label1\" content=\"Tiempo de lectura\" \/>\n\t<meta name=\"twitter:data1\" content=\"1 minuto\" \/>\n<script type=\"application\/ld+json\" class=\"yoast-schema-graph\">{\"@context\":\"https:\/\/schema.org\",\"@graph\":[{\"@type\":\"WebPage\",\"@id\":\"https:\/\/www.albergominerva.it\/es\/el-museo-de-historia-natural-de-la-academia-dei-fisiocritici\/\",\"url\":\"https:\/\/www.albergominerva.it\/es\/el-museo-de-historia-natural-de-la-academia-dei-fisiocritici\/\",\"name\":\"El Museo de Historia Natural de la Academia Dei Fisiocritici - Hotel Minerva Siena\",\"isPartOf\":{\"@id\":\"https:\/\/www.albergominerva.it\/es\/#website\"},\"primaryImageOfPage\":{\"@id\":\"https:\/\/www.albergominerva.it\/es\/el-museo-de-historia-natural-de-la-academia-dei-fisiocritici\/#primaryimage\"},\"image\":{\"@id\":\"https:\/\/www.albergominerva.it\/es\/el-museo-de-historia-natural-de-la-academia-dei-fisiocritici\/#primaryimage\"},\"thumbnailUrl\":\"https:\/\/www.albergominerva.it\/wp-content\/uploads\/2020\/02\/accademia-dei-fisiocritici.png\",\"datePublished\":\"2020-02-14T10:40:52+00:00\",\"dateModified\":\"2020-02-14T10:40:54+00:00\",\"breadcrumb\":{\"@id\":\"https:\/\/www.albergominerva.it\/es\/el-museo-de-historia-natural-de-la-academia-dei-fisiocritici\/#breadcrumb\"},\"inLanguage\":\"es\",\"potentialAction\":[{\"@type\":\"ReadAction\",\"target\":[\"https:\/\/www.albergominerva.it\/es\/el-museo-de-historia-natural-de-la-academia-dei-fisiocritici\/\"]}]},{\"@type\":\"ImageObject\",\"inLanguage\":\"es\",\"@id\":\"https:\/\/www.albergominerva.it\/es\/el-museo-de-historia-natural-de-la-academia-dei-fisiocritici\/#primaryimage\",\"url\":\"https:\/\/www.albergominerva.it\/wp-content\/uploads\/2020\/02\/accademia-dei-fisiocritici.png\",\"contentUrl\":\"https:\/\/www.albergominerva.it\/wp-content\/uploads\/2020\/02\/accademia-dei-fisiocritici.png\"},{\"@type\":\"BreadcrumbList\",\"@id\":\"https:\/\/www.albergominerva.it\/es\/el-museo-de-historia-natural-de-la-academia-dei-fisiocritici\/#breadcrumb\",\"itemListElement\":[{\"@type\":\"ListItem\",\"position\":1,\"name\":\"Home\",\"item\":\"https:\/\/www.albergominerva.it\/es\/\"},{\"@type\":\"ListItem\",\"position\":2,\"name\":\"El Museo de Historia Natural de la Academia Dei Fisiocritici\"}]},{\"@type\":\"WebSite\",\"@id\":\"https:\/\/www.albergominerva.it\/es\/#website\",\"url\":\"https:\/\/www.albergominerva.it\/es\/\",\"name\":\"Hotel Minerva Siena\",\"description\":\"Hotel in Centro Storico a Siena - Toscana - Italy\",\"potentialAction\":[{\"@type\":\"SearchAction\",\"target\":{\"@type\":\"EntryPoint\",\"urlTemplate\":\"https:\/\/www.albergominerva.it\/es\/?s={search_term_string}\"},\"query-input\":{\"@type\":\"PropertyValueSpecification\",\"valueRequired\":true,\"valueName\":\"search_term_string\"}}],\"inLanguage\":\"es\"}]}<\/script>\n<!-- \/ Yoast SEO plugin. -->","yoast_head_json":{"title":"El Museo de Historia Natural de la Academia Dei Fisiocritici - Hotel Minerva Siena","robots":{"index":"index","follow":"follow","max-snippet":"max-snippet:-1","max-image-preview":"max-image-preview:large","max-video-preview":"max-video-preview:-1"},"canonical":"https:\/\/www.albergominerva.it\/es\/el-museo-de-historia-natural-de-la-academia-dei-fisiocritici\/","og_locale":"es_ES","og_type":"article","og_title":"El Museo de Historia Natural de la Academia Dei Fisiocritici - Hotel Minerva Siena","og_description":"El Museo de Historia Natural de la Academia Dei Fisiocritici Siena no solo fue capaz de atraer a los mejores","og_url":"https:\/\/www.albergominerva.it\/es\/el-museo-de-historia-natural-de-la-academia-dei-fisiocritici\/","og_site_name":"Hotel Minerva Siena","article_modified_time":"2020-02-14T10:40:54+00:00","og_image":[{"url":"https:\/\/www.albergominerva.it\/wp-content\/uploads\/2020\/02\/accademia-dei-fisiocritici.png","type":"","width":"","height":""}],"twitter_card":"summary_large_image","twitter_misc":{"Tiempo de lectura":"1 minuto"},"schema":{"@context":"https:\/\/schema.org","@graph":[{"@type":"WebPage","@id":"https:\/\/www.albergominerva.it\/es\/el-museo-de-historia-natural-de-la-academia-dei-fisiocritici\/","url":"https:\/\/www.albergominerva.it\/es\/el-museo-de-historia-natural-de-la-academia-dei-fisiocritici\/","name":"El Museo de Historia Natural de la Academia Dei Fisiocritici - Hotel Minerva Siena","isPartOf":{"@id":"https:\/\/www.albergominerva.it\/es\/#website"},"primaryImageOfPage":{"@id":"https:\/\/www.albergominerva.it\/es\/el-museo-de-historia-natural-de-la-academia-dei-fisiocritici\/#primaryimage"},"image":{"@id":"https:\/\/www.albergominerva.it\/es\/el-museo-de-historia-natural-de-la-academia-dei-fisiocritici\/#primaryimage"},"thumbnailUrl":"https:\/\/www.albergominerva.it\/wp-content\/uploads\/2020\/02\/accademia-dei-fisiocritici.png","datePublished":"2020-02-14T10:40:52+00:00","dateModified":"2020-02-14T10:40:54+00:00","breadcrumb":{"@id":"https:\/\/www.albergominerva.it\/es\/el-museo-de-historia-natural-de-la-academia-dei-fisiocritici\/#breadcrumb"},"inLanguage":"es","potentialAction":[{"@type":"ReadAction","target":["https:\/\/www.albergominerva.it\/es\/el-museo-de-historia-natural-de-la-academia-dei-fisiocritici\/"]}]},{"@type":"ImageObject","inLanguage":"es","@id":"https:\/\/www.albergominerva.it\/es\/el-museo-de-historia-natural-de-la-academia-dei-fisiocritici\/#primaryimage","url":"https:\/\/www.albergominerva.it\/wp-content\/uploads\/2020\/02\/accademia-dei-fisiocritici.png","contentUrl":"https:\/\/www.albergominerva.it\/wp-content\/uploads\/2020\/02\/accademia-dei-fisiocritici.png"},{"@type":"BreadcrumbList","@id":"https:\/\/www.albergominerva.it\/es\/el-museo-de-historia-natural-de-la-academia-dei-fisiocritici\/#breadcrumb","itemListElement":[{"@type":"ListItem","position":1,"name":"Home","item":"https:\/\/www.albergominerva.it\/es\/"},{"@type":"ListItem","position":2,"name":"El Museo de Historia Natural de la Academia Dei Fisiocritici"}]},{"@type":"WebSite","@id":"https:\/\/www.albergominerva.it\/es\/#website","url":"https:\/\/www.albergominerva.it\/es\/","name":"Hotel Minerva Siena","description":"Hotel in Centro Storico a Siena - Toscana - Italy","potentialAction":[{"@type":"SearchAction","target":{"@type":"EntryPoint","urlTemplate":"https:\/\/www.albergominerva.it\/es\/?s={search_term_string}"},"query-input":{"@type":"PropertyValueSpecification","valueRequired":true,"valueName":"search_term_string"}}],"inLanguage":"es"}]}},"_links":{"self":[{"href":"https:\/\/www.albergominerva.it\/es\/wp-json\/wp\/v2\/pages\/7473","targetHints":{"allow":["GET"]}}],"collection":[{"href":"https:\/\/www.albergominerva.it\/es\/wp-json\/wp\/v2\/pages"}],"about":[{"href":"https:\/\/www.albergominerva.it\/es\/wp-json\/wp\/v2\/types\/page"}],"author":[{"embeddable":true,"href":"https:\/\/www.albergominerva.it\/es\/wp-json\/wp\/v2\/users\/3"}],"replies":[{"embeddable":true,"href":"https:\/\/www.albergominerva.it\/es\/wp-json\/wp\/v2\/comments?post=7473"}],"version-history":[{"count":1,"href":"https:\/\/www.albergominerva.it\/es\/wp-json\/wp\/v2\/pages\/7473\/revisions"}],"predecessor-version":[{"id":7481,"href":"https:\/\/www.albergominerva.it\/es\/wp-json\/wp\/v2\/pages\/7473\/revisions\/7481"}],"wp:attachment":[{"href":"https:\/\/www.albergominerva.it\/es\/wp-json\/wp\/v2\/media?parent=7473"}],"curies":[{"name":"wp","href":"https:\/\/api.w.org\/{rel}","templated":true}]}}