{"id":7483,"date":"2020-02-14T11:43:49","date_gmt":"2020-02-14T10:43:49","guid":{"rendered":"https:\/\/www.albergominerva.it\/?page_id=7483"},"modified":"2020-02-14T11:43:50","modified_gmt":"2020-02-14T10:43:50","slug":"el-jardin-botanico-de-siena","status":"publish","type":"page","link":"https:\/\/www.albergominerva.it\/es\/el-jardin-botanico-de-siena\/","title":{"rendered":"El jard\u00edn bot\u00e1nico de Siena"},"content":{"rendered":"\n<p><strong>El jard\u00edn bot\u00e1nico de Siena<\/strong><\/p>\n\n\n\n<figure class=\"wp-block-image size-large\"><img loading=\"lazy\" decoding=\"async\" width=\"553\" height=\"191\" src=\"https:\/\/www.albergominerva.it\/wp-content\/uploads\/2020\/02\/orto-botanico-siena.png\" alt=\"\" class=\"wp-image-7484\" srcset=\"https:\/\/www.albergominerva.it\/wp-content\/uploads\/2020\/02\/orto-botanico-siena.png 553w, https:\/\/www.albergominerva.it\/wp-content\/uploads\/2020\/02\/orto-botanico-siena-300x104.png 300w\" sizes=\"auto, (max-width: 553px) 100vw, 553px\" \/><\/figure>\n\n\n\n<p>Entre las atracciones m\u00e1s sugestivas y particulares de Siena se encuentra el Jard\u00edn Bot\u00e1nico en la calle Pier Andrea Mattioli 4, dos hect\u00e1reas y medio de plantas herederas directas de lo que una vez fue el \u00abOrto dei Semplici\u00bb, un jard\u00edn del siglo XVII anexo al Hospital de Santa Maria della Scala y que fue utilizado para cultivar plantas curativas y farmacol\u00f3gicas.<\/p>\n\n\n\n<p>\nEn\ncambio, el jard\u00edn actual consiste en un gran complejo en el que se\ndestaca la llamada Escuela, formada por dos terrazas artificiales\nllenas de plantas medicinales.<\/p>\n\n\n\n<p>\nDesde la\nescuela hay acceso al parque que cuenta con todas las plantas\nprincipales del centro y sur de la Toscana con callejones planos y\ninclinados, escaleras y bancos.<\/p>\n\n\n\n<p>\nDesde\nlos caminos se accede a un invernadero de plantas tropicales que se\nremonta a finales del siglo XIX y luego se llega al llamado Podere,\nun maravilloso espacio con vi\u00f1as, olivos, un jard\u00edn de rocas y un\nhozas.<\/p>\n\n\n\n<p>\nHay\ntambi\u00e9n un estanque lleno de hidr\u00f3fitos y uno ,con dos peque\u00f1os\ntanques para conservar y producir plantas acu\u00e1ticas toscanas en\nriesgo de extinci\u00f3n, como el magn\u00edfico y maravilloso nen\u00fafar\nblanco.<\/p>\n\n\n\n<p>\nEl\nJard\u00edn Bot\u00e1nico, junto al Museo de la Accademia dei Fisiocritici,\nes un ejemplo de la capacidad de la ciudad de Siena de financiar\nobras y estudios de alto valor cient\u00edfico y cultural en el pasado.<\/p>\n","protected":false},"excerpt":{"rendered":"<p>El jard\u00edn bot\u00e1nico de Siena Entre las atracciones m\u00e1s sugestivas y particulares de Siena se encuentra el Jard\u00edn Bot\u00e1nico en<\/p>\n","protected":false},"author":3,"featured_media":0,"parent":0,"menu_order":0,"comment_status":"closed","ping_status":"closed","template":"","meta":{"_acf_changed":false,"footnotes":""},"class_list":["post-7483","page","type-page","status-publish","hentry"],"acf":[],"yoast_head":"<!-- This site is optimized with the Yoast SEO plugin v27.4 - https:\/\/yoast.com\/product\/yoast-seo-wordpress\/ -->\n<title>El jard\u00edn bot\u00e1nico de Siena - Hotel Minerva Siena<\/title>\n<meta name=\"robots\" content=\"index, follow, max-snippet:-1, max-image-preview:large, max-video-preview:-1\" \/>\n<link rel=\"canonical\" href=\"https:\/\/www.albergominerva.it\/es\/el-jardin-botanico-de-siena\/\" \/>\n<meta property=\"og:locale\" content=\"es_ES\" \/>\n<meta property=\"og:type\" content=\"article\" \/>\n<meta property=\"og:title\" content=\"El jard\u00edn bot\u00e1nico de Siena - Hotel Minerva Siena\" \/>\n<meta property=\"og:description\" content=\"El jard\u00edn bot\u00e1nico de Siena Entre las atracciones m\u00e1s sugestivas y particulares de Siena se encuentra el Jard\u00edn Bot\u00e1nico en\" \/>\n<meta property=\"og:url\" content=\"https:\/\/www.albergominerva.it\/es\/el-jardin-botanico-de-siena\/\" \/>\n<meta property=\"og:site_name\" content=\"Hotel Minerva Siena\" \/>\n<meta property=\"article:modified_time\" content=\"2020-02-14T10:43:50+00:00\" \/>\n<meta property=\"og:image\" content=\"https:\/\/www.albergominerva.it\/wp-content\/uploads\/2020\/02\/orto-botanico-siena.png\" \/>\n<meta name=\"twitter:card\" content=\"summary_large_image\" \/>\n<meta name=\"twitter:label1\" content=\"Tiempo de lectura\" \/>\n\t<meta name=\"twitter:data1\" content=\"1 minuto\" \/>\n<script type=\"application\/ld+json\" class=\"yoast-schema-graph\">{\"@context\":\"https:\\\/\\\/schema.org\",\"@graph\":[{\"@type\":\"WebPage\",\"@id\":\"https:\\\/\\\/www.albergominerva.it\\\/es\\\/el-jardin-botanico-de-siena\\\/\",\"url\":\"https:\\\/\\\/www.albergominerva.it\\\/es\\\/el-jardin-botanico-de-siena\\\/\",\"name\":\"El jard\u00edn bot\u00e1nico de Siena - Hotel Minerva Siena\",\"isPartOf\":{\"@id\":\"https:\\\/\\\/www.albergominerva.it\\\/es\\\/#website\"},\"primaryImageOfPage\":{\"@id\":\"https:\\\/\\\/www.albergominerva.it\\\/es\\\/el-jardin-botanico-de-siena\\\/#primaryimage\"},\"image\":{\"@id\":\"https:\\\/\\\/www.albergominerva.it\\\/es\\\/el-jardin-botanico-de-siena\\\/#primaryimage\"},\"thumbnailUrl\":\"https:\\\/\\\/www.albergominerva.it\\\/wp-content\\\/uploads\\\/2020\\\/02\\\/orto-botanico-siena.png\",\"datePublished\":\"2020-02-14T10:43:49+00:00\",\"dateModified\":\"2020-02-14T10:43:50+00:00\",\"breadcrumb\":{\"@id\":\"https:\\\/\\\/www.albergominerva.it\\\/es\\\/el-jardin-botanico-de-siena\\\/#breadcrumb\"},\"inLanguage\":\"es\",\"potentialAction\":[{\"@type\":\"ReadAction\",\"target\":[\"https:\\\/\\\/www.albergominerva.it\\\/es\\\/el-jardin-botanico-de-siena\\\/\"]}]},{\"@type\":\"ImageObject\",\"inLanguage\":\"es\",\"@id\":\"https:\\\/\\\/www.albergominerva.it\\\/es\\\/el-jardin-botanico-de-siena\\\/#primaryimage\",\"url\":\"https:\\\/\\\/www.albergominerva.it\\\/wp-content\\\/uploads\\\/2020\\\/02\\\/orto-botanico-siena.png\",\"contentUrl\":\"https:\\\/\\\/www.albergominerva.it\\\/wp-content\\\/uploads\\\/2020\\\/02\\\/orto-botanico-siena.png\"},{\"@type\":\"BreadcrumbList\",\"@id\":\"https:\\\/\\\/www.albergominerva.it\\\/es\\\/el-jardin-botanico-de-siena\\\/#breadcrumb\",\"itemListElement\":[{\"@type\":\"ListItem\",\"position\":1,\"name\":\"Home\",\"item\":\"https:\\\/\\\/www.albergominerva.it\\\/es\\\/\"},{\"@type\":\"ListItem\",\"position\":2,\"name\":\"El jard\u00edn bot\u00e1nico de Siena\"}]},{\"@type\":\"WebSite\",\"@id\":\"https:\\\/\\\/www.albergominerva.it\\\/es\\\/#website\",\"url\":\"https:\\\/\\\/www.albergominerva.it\\\/es\\\/\",\"name\":\"Hotel Minerva Siena\",\"description\":\"Hotel in Centro Storico a Siena - Toscana - Italy\",\"potentialAction\":[{\"@type\":\"SearchAction\",\"target\":{\"@type\":\"EntryPoint\",\"urlTemplate\":\"https:\\\/\\\/www.albergominerva.it\\\/es\\\/?s={search_term_string}\"},\"query-input\":{\"@type\":\"PropertyValueSpecification\",\"valueRequired\":true,\"valueName\":\"search_term_string\"}}],\"inLanguage\":\"es\"}]}<\/script>\n<!-- \/ Yoast SEO plugin. -->","yoast_head_json":{"title":"El jard\u00edn bot\u00e1nico de Siena - Hotel Minerva Siena","robots":{"index":"index","follow":"follow","max-snippet":"max-snippet:-1","max-image-preview":"max-image-preview:large","max-video-preview":"max-video-preview:-1"},"canonical":"https:\/\/www.albergominerva.it\/es\/el-jardin-botanico-de-siena\/","og_locale":"es_ES","og_type":"article","og_title":"El jard\u00edn bot\u00e1nico de Siena - Hotel Minerva Siena","og_description":"El jard\u00edn bot\u00e1nico de Siena Entre las atracciones m\u00e1s sugestivas y particulares de Siena se encuentra el Jard\u00edn Bot\u00e1nico en","og_url":"https:\/\/www.albergominerva.it\/es\/el-jardin-botanico-de-siena\/","og_site_name":"Hotel Minerva Siena","article_modified_time":"2020-02-14T10:43:50+00:00","og_image":[{"url":"https:\/\/www.albergominerva.it\/wp-content\/uploads\/2020\/02\/orto-botanico-siena.png","type":"","width":"","height":""}],"twitter_card":"summary_large_image","twitter_misc":{"Tiempo de lectura":"1 minuto"},"schema":{"@context":"https:\/\/schema.org","@graph":[{"@type":"WebPage","@id":"https:\/\/www.albergominerva.it\/es\/el-jardin-botanico-de-siena\/","url":"https:\/\/www.albergominerva.it\/es\/el-jardin-botanico-de-siena\/","name":"El jard\u00edn bot\u00e1nico de Siena - Hotel Minerva Siena","isPartOf":{"@id":"https:\/\/www.albergominerva.it\/es\/#website"},"primaryImageOfPage":{"@id":"https:\/\/www.albergominerva.it\/es\/el-jardin-botanico-de-siena\/#primaryimage"},"image":{"@id":"https:\/\/www.albergominerva.it\/es\/el-jardin-botanico-de-siena\/#primaryimage"},"thumbnailUrl":"https:\/\/www.albergominerva.it\/wp-content\/uploads\/2020\/02\/orto-botanico-siena.png","datePublished":"2020-02-14T10:43:49+00:00","dateModified":"2020-02-14T10:43:50+00:00","breadcrumb":{"@id":"https:\/\/www.albergominerva.it\/es\/el-jardin-botanico-de-siena\/#breadcrumb"},"inLanguage":"es","potentialAction":[{"@type":"ReadAction","target":["https:\/\/www.albergominerva.it\/es\/el-jardin-botanico-de-siena\/"]}]},{"@type":"ImageObject","inLanguage":"es","@id":"https:\/\/www.albergominerva.it\/es\/el-jardin-botanico-de-siena\/#primaryimage","url":"https:\/\/www.albergominerva.it\/wp-content\/uploads\/2020\/02\/orto-botanico-siena.png","contentUrl":"https:\/\/www.albergominerva.it\/wp-content\/uploads\/2020\/02\/orto-botanico-siena.png"},{"@type":"BreadcrumbList","@id":"https:\/\/www.albergominerva.it\/es\/el-jardin-botanico-de-siena\/#breadcrumb","itemListElement":[{"@type":"ListItem","position":1,"name":"Home","item":"https:\/\/www.albergominerva.it\/es\/"},{"@type":"ListItem","position":2,"name":"El jard\u00edn bot\u00e1nico de Siena"}]},{"@type":"WebSite","@id":"https:\/\/www.albergominerva.it\/es\/#website","url":"https:\/\/www.albergominerva.it\/es\/","name":"Hotel Minerva Siena","description":"Hotel in Centro Storico a Siena - Toscana - Italy","potentialAction":[{"@type":"SearchAction","target":{"@type":"EntryPoint","urlTemplate":"https:\/\/www.albergominerva.it\/es\/?s={search_term_string}"},"query-input":{"@type":"PropertyValueSpecification","valueRequired":true,"valueName":"search_term_string"}}],"inLanguage":"es"}]}},"_links":{"self":[{"href":"https:\/\/www.albergominerva.it\/es\/wp-json\/wp\/v2\/pages\/7483","targetHints":{"allow":["GET"]}}],"collection":[{"href":"https:\/\/www.albergominerva.it\/es\/wp-json\/wp\/v2\/pages"}],"about":[{"href":"https:\/\/www.albergominerva.it\/es\/wp-json\/wp\/v2\/types\/page"}],"author":[{"embeddable":true,"href":"https:\/\/www.albergominerva.it\/es\/wp-json\/wp\/v2\/users\/3"}],"replies":[{"embeddable":true,"href":"https:\/\/www.albergominerva.it\/es\/wp-json\/wp\/v2\/comments?post=7483"}],"version-history":[{"count":2,"href":"https:\/\/www.albergominerva.it\/es\/wp-json\/wp\/v2\/pages\/7483\/revisions"}],"predecessor-version":[{"id":7830,"href":"https:\/\/www.albergominerva.it\/es\/wp-json\/wp\/v2\/pages\/7483\/revisions\/7830"}],"wp:attachment":[{"href":"https:\/\/www.albergominerva.it\/es\/wp-json\/wp\/v2\/media?parent=7483"}],"curies":[{"name":"wp","href":"https:\/\/api.w.org\/{rel}","templated":true}]}}