{"id":7524,"date":"2020-02-14T12:08:07","date_gmt":"2020-02-14T11:08:07","guid":{"rendered":"https:\/\/www.albergominerva.it\/?page_id=7524"},"modified":"2020-02-14T12:08:08","modified_gmt":"2020-02-14T11:08:08","slug":"la-libreria-piccolomini-dentro-del-domo-de-siena","status":"publish","type":"page","link":"https:\/\/www.albergominerva.it\/es\/la-libreria-piccolomini-dentro-del-domo-de-siena\/","title":{"rendered":"La librer\u00eda Piccolomini dentro del Domo de Siena"},"content":{"rendered":"\n<p><\/p>\n\n\n\n<p><strong> La librer\u00eda Piccolomini<\/strong><\/p>\n\n\n\n<p>La Catedral de Siena, el Domo, es una de las obras de arte m\u00e1s bellas del mundo, una belleza que se expande y multiplica exponencialmente tan pronto como ingresamos a uno de los entornos m\u00e1s evocadores y emocionantes de la Iglesia: la librer\u00eda Piccolomini.<\/p>\n\n\n\n<figure class=\"wp-block-image size-large\"><img loading=\"lazy\" decoding=\"async\" width=\"566\" height=\"641\" src=\"https:\/\/www.albergominerva.it\/wp-content\/uploads\/2020\/02\/libreria-piccolomini.png\" alt=\"\" class=\"wp-image-7525\" srcset=\"https:\/\/www.albergominerva.it\/wp-content\/uploads\/2020\/02\/libreria-piccolomini.png 566w, https:\/\/www.albergominerva.it\/wp-content\/uploads\/2020\/02\/libreria-piccolomini-265x300.png 265w\" sizes=\"auto, (max-width: 566px) 100vw, 566px\" \/><\/figure>\n\n\n\n<p>\nAdem\u00e1s\nde conservar magn\u00edficos manuscritos escritos a mano, la librer\u00eda\nalberga\nuna colecci\u00f3n de frescos de Pinturicchio y algunos de sus alumnos,\ncomo Raffaello Sanzio muy joven e inmenso.<\/p>\n\n\n\n<p>\nLos\nfrescos que denotan un dominio absoluto de la perspectiva y de los\ndetalles son una profunda manifestaci\u00f3n de alegr\u00eda para los ojos y\nel alma con paredes que representan la vida del Papa P\u00edo 2 \u00b0 en 10\nescenas principales.<\/p>\n\n\n\n<p>\nAbarca\ndesde su nombramiento como embajador de los tribunales europeos hasta\nque present\u00f3 Eleonora a Federico 3 \u00b0 y recibi\u00f3, por primero, el\ncargo de Cardenal y, luego, el de Papa.<\/p>\n\n\n\n<p>\nEl\ntecho es la parte m\u00e1s convincente y sugerente con frescos en colores\noro, azul y rojo con intervalos de numerosas medias lunas, s\u00edmbolo\nde la familia Piccolomini, cuyo representante m\u00e1s brillante fue Enea\nSilvio Piccolomini, el conciliador entre el emperador Frederick 3\u00b0 y\nel estado de la Iglesia.<\/p>\n\n\n\n<p>\nLa\nlibrer\u00eda en s\u00ed fue dise\u00f1ada por un Piccolini, el sobrino que a su\nvez se convirti\u00f3 en Papa con el nombre de Papa Pio 3\u00b0.<\/p>\n\n\n\n<p>\nPor\n\u00faltimo, en la librer\u00eda, puedes admirar una copia de las Tres\nGracias de la Antigua Roma, una manifestaci\u00f3n de perfecci\u00f3n e\nideales que animan a toda la Catedral.<\/p>\n\n\n\n<p>\nA la\nCatedral de Siena y su librer\u00eda Piccolomini se puede llegar a pie\ndesde todos los hoteles en el centro, entre los cuales destaca el\nHotel Minerva, nuestro hotel de 3 estrellas con estacionamiento\ninterno de pago, un hotel en el centro de Siena en un \u00e1rea no ZTL y\na pocos minutos andando de la estaci\u00f3n de trenes y autobuses.<\/p>\n\n\n\n<p>\nEl\nMinerva es la opci\u00f3n ideal si desea comodidad y, adem\u00e1s, magn\u00edficas\nhabitaciones con vistas panor\u00e1micas del centro de Siena, una emoci\u00f3n\n\u00fanica que traer\u00e1 de vuelta a casa junto con la magia infinita de\nesta ciudad toscana.<\/p>\n","protected":false},"excerpt":{"rendered":"<p>La librer\u00eda Piccolomini La Catedral de Siena, el Domo, es una de las obras de arte m\u00e1s bellas del mundo,<\/p>\n","protected":false},"author":3,"featured_media":0,"parent":0,"menu_order":0,"comment_status":"closed","ping_status":"closed","template":"","meta":{"_acf_changed":false,"footnotes":""},"class_list":["post-7524","page","type-page","status-publish","hentry"],"acf":[],"yoast_head":"<!-- This site is optimized with the Yoast SEO plugin v26.4 - https:\/\/yoast.com\/wordpress\/plugins\/seo\/ -->\n<title>La librer\u00eda Piccolomini dentro del Domo de Siena - Hotel Minerva Siena<\/title>\n<meta name=\"robots\" content=\"index, follow, max-snippet:-1, max-image-preview:large, max-video-preview:-1\" \/>\n<link rel=\"canonical\" href=\"https:\/\/www.albergominerva.it\/es\/la-libreria-piccolomini-dentro-del-domo-de-siena\/\" \/>\n<meta property=\"og:locale\" content=\"es_ES\" \/>\n<meta property=\"og:type\" content=\"article\" \/>\n<meta property=\"og:title\" content=\"La librer\u00eda Piccolomini dentro del Domo de Siena - Hotel Minerva Siena\" \/>\n<meta property=\"og:description\" content=\"La librer\u00eda Piccolomini La Catedral de Siena, el Domo, es una de las obras de arte m\u00e1s bellas del mundo,\" \/>\n<meta property=\"og:url\" content=\"https:\/\/www.albergominerva.it\/es\/la-libreria-piccolomini-dentro-del-domo-de-siena\/\" \/>\n<meta property=\"og:site_name\" content=\"Hotel Minerva Siena\" \/>\n<meta property=\"article:modified_time\" content=\"2020-02-14T11:08:08+00:00\" \/>\n<meta property=\"og:image\" content=\"https:\/\/www.albergominerva.it\/wp-content\/uploads\/2020\/02\/libreria-piccolomini.png\" \/>\n<meta name=\"twitter:card\" content=\"summary_large_image\" \/>\n<meta name=\"twitter:label1\" content=\"Tiempo de lectura\" \/>\n\t<meta name=\"twitter:data1\" content=\"2 minutos\" \/>\n<script type=\"application\/ld+json\" class=\"yoast-schema-graph\">{\"@context\":\"https:\/\/schema.org\",\"@graph\":[{\"@type\":\"WebPage\",\"@id\":\"https:\/\/www.albergominerva.it\/es\/la-libreria-piccolomini-dentro-del-domo-de-siena\/\",\"url\":\"https:\/\/www.albergominerva.it\/es\/la-libreria-piccolomini-dentro-del-domo-de-siena\/\",\"name\":\"La librer\u00eda Piccolomini dentro del Domo de Siena - Hotel Minerva Siena\",\"isPartOf\":{\"@id\":\"https:\/\/www.albergominerva.it\/es\/#website\"},\"primaryImageOfPage\":{\"@id\":\"https:\/\/www.albergominerva.it\/es\/la-libreria-piccolomini-dentro-del-domo-de-siena\/#primaryimage\"},\"image\":{\"@id\":\"https:\/\/www.albergominerva.it\/es\/la-libreria-piccolomini-dentro-del-domo-de-siena\/#primaryimage\"},\"thumbnailUrl\":\"https:\/\/www.albergominerva.it\/wp-content\/uploads\/2020\/02\/libreria-piccolomini.png\",\"datePublished\":\"2020-02-14T11:08:07+00:00\",\"dateModified\":\"2020-02-14T11:08:08+00:00\",\"breadcrumb\":{\"@id\":\"https:\/\/www.albergominerva.it\/es\/la-libreria-piccolomini-dentro-del-domo-de-siena\/#breadcrumb\"},\"inLanguage\":\"es\",\"potentialAction\":[{\"@type\":\"ReadAction\",\"target\":[\"https:\/\/www.albergominerva.it\/es\/la-libreria-piccolomini-dentro-del-domo-de-siena\/\"]}]},{\"@type\":\"ImageObject\",\"inLanguage\":\"es\",\"@id\":\"https:\/\/www.albergominerva.it\/es\/la-libreria-piccolomini-dentro-del-domo-de-siena\/#primaryimage\",\"url\":\"https:\/\/www.albergominerva.it\/wp-content\/uploads\/2020\/02\/libreria-piccolomini.png\",\"contentUrl\":\"https:\/\/www.albergominerva.it\/wp-content\/uploads\/2020\/02\/libreria-piccolomini.png\"},{\"@type\":\"BreadcrumbList\",\"@id\":\"https:\/\/www.albergominerva.it\/es\/la-libreria-piccolomini-dentro-del-domo-de-siena\/#breadcrumb\",\"itemListElement\":[{\"@type\":\"ListItem\",\"position\":1,\"name\":\"Home\",\"item\":\"https:\/\/www.albergominerva.it\/es\/\"},{\"@type\":\"ListItem\",\"position\":2,\"name\":\"La librer\u00eda Piccolomini dentro del Domo de Siena\"}]},{\"@type\":\"WebSite\",\"@id\":\"https:\/\/www.albergominerva.it\/es\/#website\",\"url\":\"https:\/\/www.albergominerva.it\/es\/\",\"name\":\"Hotel Minerva Siena\",\"description\":\"Hotel in Centro Storico a Siena - Toscana - Italy\",\"potentialAction\":[{\"@type\":\"SearchAction\",\"target\":{\"@type\":\"EntryPoint\",\"urlTemplate\":\"https:\/\/www.albergominerva.it\/es\/?s={search_term_string}\"},\"query-input\":{\"@type\":\"PropertyValueSpecification\",\"valueRequired\":true,\"valueName\":\"search_term_string\"}}],\"inLanguage\":\"es\"}]}<\/script>\n<!-- \/ Yoast SEO plugin. -->","yoast_head_json":{"title":"La librer\u00eda Piccolomini dentro del Domo de Siena - Hotel Minerva Siena","robots":{"index":"index","follow":"follow","max-snippet":"max-snippet:-1","max-image-preview":"max-image-preview:large","max-video-preview":"max-video-preview:-1"},"canonical":"https:\/\/www.albergominerva.it\/es\/la-libreria-piccolomini-dentro-del-domo-de-siena\/","og_locale":"es_ES","og_type":"article","og_title":"La librer\u00eda Piccolomini dentro del Domo de Siena - Hotel Minerva Siena","og_description":"La librer\u00eda Piccolomini La Catedral de Siena, el Domo, es una de las obras de arte m\u00e1s bellas del mundo,","og_url":"https:\/\/www.albergominerva.it\/es\/la-libreria-piccolomini-dentro-del-domo-de-siena\/","og_site_name":"Hotel Minerva Siena","article_modified_time":"2020-02-14T11:08:08+00:00","og_image":[{"url":"https:\/\/www.albergominerva.it\/wp-content\/uploads\/2020\/02\/libreria-piccolomini.png","type":"","width":"","height":""}],"twitter_card":"summary_large_image","twitter_misc":{"Tiempo de lectura":"2 minutos"},"schema":{"@context":"https:\/\/schema.org","@graph":[{"@type":"WebPage","@id":"https:\/\/www.albergominerva.it\/es\/la-libreria-piccolomini-dentro-del-domo-de-siena\/","url":"https:\/\/www.albergominerva.it\/es\/la-libreria-piccolomini-dentro-del-domo-de-siena\/","name":"La librer\u00eda Piccolomini dentro del Domo de Siena - Hotel Minerva Siena","isPartOf":{"@id":"https:\/\/www.albergominerva.it\/es\/#website"},"primaryImageOfPage":{"@id":"https:\/\/www.albergominerva.it\/es\/la-libreria-piccolomini-dentro-del-domo-de-siena\/#primaryimage"},"image":{"@id":"https:\/\/www.albergominerva.it\/es\/la-libreria-piccolomini-dentro-del-domo-de-siena\/#primaryimage"},"thumbnailUrl":"https:\/\/www.albergominerva.it\/wp-content\/uploads\/2020\/02\/libreria-piccolomini.png","datePublished":"2020-02-14T11:08:07+00:00","dateModified":"2020-02-14T11:08:08+00:00","breadcrumb":{"@id":"https:\/\/www.albergominerva.it\/es\/la-libreria-piccolomini-dentro-del-domo-de-siena\/#breadcrumb"},"inLanguage":"es","potentialAction":[{"@type":"ReadAction","target":["https:\/\/www.albergominerva.it\/es\/la-libreria-piccolomini-dentro-del-domo-de-siena\/"]}]},{"@type":"ImageObject","inLanguage":"es","@id":"https:\/\/www.albergominerva.it\/es\/la-libreria-piccolomini-dentro-del-domo-de-siena\/#primaryimage","url":"https:\/\/www.albergominerva.it\/wp-content\/uploads\/2020\/02\/libreria-piccolomini.png","contentUrl":"https:\/\/www.albergominerva.it\/wp-content\/uploads\/2020\/02\/libreria-piccolomini.png"},{"@type":"BreadcrumbList","@id":"https:\/\/www.albergominerva.it\/es\/la-libreria-piccolomini-dentro-del-domo-de-siena\/#breadcrumb","itemListElement":[{"@type":"ListItem","position":1,"name":"Home","item":"https:\/\/www.albergominerva.it\/es\/"},{"@type":"ListItem","position":2,"name":"La librer\u00eda Piccolomini dentro del Domo de Siena"}]},{"@type":"WebSite","@id":"https:\/\/www.albergominerva.it\/es\/#website","url":"https:\/\/www.albergominerva.it\/es\/","name":"Hotel Minerva Siena","description":"Hotel in Centro Storico a Siena - Toscana - Italy","potentialAction":[{"@type":"SearchAction","target":{"@type":"EntryPoint","urlTemplate":"https:\/\/www.albergominerva.it\/es\/?s={search_term_string}"},"query-input":{"@type":"PropertyValueSpecification","valueRequired":true,"valueName":"search_term_string"}}],"inLanguage":"es"}]}},"_links":{"self":[{"href":"https:\/\/www.albergominerva.it\/es\/wp-json\/wp\/v2\/pages\/7524","targetHints":{"allow":["GET"]}}],"collection":[{"href":"https:\/\/www.albergominerva.it\/es\/wp-json\/wp\/v2\/pages"}],"about":[{"href":"https:\/\/www.albergominerva.it\/es\/wp-json\/wp\/v2\/types\/page"}],"author":[{"embeddable":true,"href":"https:\/\/www.albergominerva.it\/es\/wp-json\/wp\/v2\/users\/3"}],"replies":[{"embeddable":true,"href":"https:\/\/www.albergominerva.it\/es\/wp-json\/wp\/v2\/comments?post=7524"}],"version-history":[{"count":2,"href":"https:\/\/www.albergominerva.it\/es\/wp-json\/wp\/v2\/pages\/7524\/revisions"}],"predecessor-version":[{"id":7843,"href":"https:\/\/www.albergominerva.it\/es\/wp-json\/wp\/v2\/pages\/7524\/revisions\/7843"}],"wp:attachment":[{"href":"https:\/\/www.albergominerva.it\/es\/wp-json\/wp\/v2\/media?parent=7524"}],"curies":[{"name":"wp","href":"https:\/\/api.w.org\/{rel}","templated":true}]}}