{"id":7534,"date":"2020-02-14T12:10:14","date_gmt":"2020-02-14T11:10:14","guid":{"rendered":"https:\/\/www.albergominerva.it\/?page_id=7534"},"modified":"2020-02-14T12:11:26","modified_gmt":"2020-02-14T11:11:26","slug":"el-palacio-spannocchi-en-el-centro-de-siena","status":"publish","type":"page","link":"https:\/\/www.albergominerva.it\/es\/el-palacio-spannocchi-en-el-centro-de-siena\/","title":{"rendered":"El palacio Spannocchi en el centro de Siena"},"content":{"rendered":"\n<p><\/p>\n\n\n\n<p><strong>El palacio de Spannocchi<\/strong><\/p>\n\n\n\n<p> Entre los edificios hist\u00f3ricos de Siena que han podido expresar el tama\u00f1o y el inmenso poder econ\u00f3mico-financiero de la ciudad, est\u00e1 sin duda el palacio Spannocchi, en Piazza Salimbeni, junto a los Palacios Santucci y Salimbeni.<\/p>\n\n\n\n<figure class=\"wp-block-image size-large\"><img loading=\"lazy\" decoding=\"async\" width=\"1024\" height=\"554\" src=\"https:\/\/www.albergominerva.it\/wp-content\/uploads\/2020\/02\/palazzo-spannocchi-siena-1024x554.png\" alt=\"\" class=\"wp-image-7536\" srcset=\"https:\/\/www.albergominerva.it\/wp-content\/uploads\/2020\/02\/palazzo-spannocchi-siena-1024x554.png 1024w, https:\/\/www.albergominerva.it\/wp-content\/uploads\/2020\/02\/palazzo-spannocchi-siena-300x162.png 300w, https:\/\/www.albergominerva.it\/wp-content\/uploads\/2020\/02\/palazzo-spannocchi-siena-768x416.png 768w, https:\/\/www.albergominerva.it\/wp-content\/uploads\/2020\/02\/palazzo-spannocchi-siena-1000x541.png 1000w, https:\/\/www.albergominerva.it\/wp-content\/uploads\/2020\/02\/palazzo-spannocchi-siena-700x379.png 700w, https:\/\/www.albergominerva.it\/wp-content\/uploads\/2020\/02\/palazzo-spannocchi-siena.png 1029w\" sizes=\"auto, (max-width: 1024px) 100vw, 1024px\" \/><\/figure>\n\n\n\n<p>\nEl\npalacio Spannocchi, que se encuentra justo en el centro de Siena y\ncerca de la Piazza del Campo, data de 1473 y fue comisionado por uno\nde los comerciantes m\u00e1s representativos de la ciudad, Ambrogio\nSpannocchi, quien, gracias a su inteligencia pol\u00edtico-comercial,\nincluso se convirti\u00f3 en tesorero del Papa P\u00edo 2 \u00b0.<\/p>\n\n\n\n<p>\nAmbrogio\nSpannocchi era de origen humilde, pero con su determinaci\u00f3n y\ncapacidad innata para comerciar fue capaz de crear una riqueza\nhumilde pero ambiciosa de la cual el palacio es la m\u00e1xima expresi\u00f3n.<\/p>\n\n\n\n<p>\nEl\npalacio Spannocchi fue construido por el arquitecto Giuliano da\nMaiano, quien decidi\u00f3 embellecer el estilo cl\u00e1sico del palacio con\nlas cabezas talladas de los antiguos emperadores romanos.<\/p>\n\n\n\n<p>\nActualmente,\neste palacio alberga el Monte dei Paschi y tambi\u00e9n tiene un peque\u00f1o\npatio con capiteles y logias transformadas en el sal\u00f3n de las\nventanillas del banco.<\/p>\n\n\n\n<p>\nSi desea\nadmirar este y otros edificios hist\u00f3ricos en Siena, siempre debe\npermanecer en el centro y entre las variantes que se encuentran en el\ncentro de Siena se destaca sin lugar a dudas el Hotel Minerva,\nnuestro hotel de tres estrellas en el centro de Siena con garaje\ncubierto y en un \u00e1rea no ZTL .<\/p>\n\n\n\n<p>\nEl Hotel\nMinerva le permite visitar en pocos minutos todas las atracciones\nprincipales del centro hist\u00f3rico de Siena, adem\u00e1s de ofrecer una\nserie de magn\u00edficas habitaciones con vistas panor\u00e1micas al centro\nde la ciudad.<\/p>\n\n\n\n<p>\nDespl\u00e1cese\npor el sitio y descubra por qu\u00e9 el Hotel Minerva es uno de los\nhoteles m\u00e1s queridos en Siena por turistas de todo el mundo y\nrecuerde que al reservar directamente desde el sitio web siempre\ntendr\u00e1 garantizado el mejor precio.<\/p>\n","protected":false},"excerpt":{"rendered":"<p>El palacio de Spannocchi Entre los edificios hist\u00f3ricos de Siena que han podido expresar el tama\u00f1o y el inmenso poder<\/p>\n","protected":false},"author":3,"featured_media":0,"parent":0,"menu_order":0,"comment_status":"closed","ping_status":"closed","template":"","meta":{"_acf_changed":false,"footnotes":""},"class_list":["post-7534","page","type-page","status-publish","hentry"],"acf":[],"yoast_head":"<!-- This site is optimized with the Yoast SEO plugin v27.4 - https:\/\/yoast.com\/product\/yoast-seo-wordpress\/ -->\n<title>El palacio Spannocchi en el centro de Siena - Hotel Minerva Siena<\/title>\n<meta name=\"robots\" content=\"index, follow, max-snippet:-1, max-image-preview:large, max-video-preview:-1\" \/>\n<link rel=\"canonical\" href=\"https:\/\/www.albergominerva.it\/es\/el-palacio-spannocchi-en-el-centro-de-siena\/\" \/>\n<meta property=\"og:locale\" content=\"es_ES\" \/>\n<meta property=\"og:type\" content=\"article\" \/>\n<meta property=\"og:title\" content=\"El palacio Spannocchi en el centro de Siena - Hotel Minerva Siena\" \/>\n<meta property=\"og:description\" content=\"El palacio de Spannocchi Entre los edificios hist\u00f3ricos de Siena que han podido expresar el tama\u00f1o y el inmenso poder\" \/>\n<meta property=\"og:url\" content=\"https:\/\/www.albergominerva.it\/es\/el-palacio-spannocchi-en-el-centro-de-siena\/\" \/>\n<meta property=\"og:site_name\" content=\"Hotel Minerva Siena\" \/>\n<meta property=\"article:modified_time\" content=\"2020-02-14T11:11:26+00:00\" \/>\n<meta property=\"og:image\" content=\"https:\/\/www.albergominerva.it\/wp-content\/uploads\/2020\/02\/palazzo-spannocchi-siena-1024x554.png\" \/>\n<meta name=\"twitter:card\" content=\"summary_large_image\" \/>\n<meta name=\"twitter:label1\" content=\"Tiempo de lectura\" \/>\n\t<meta name=\"twitter:data1\" content=\"2 minutos\" \/>\n<script type=\"application\/ld+json\" class=\"yoast-schema-graph\">{\"@context\":\"https:\\\/\\\/schema.org\",\"@graph\":[{\"@type\":\"WebPage\",\"@id\":\"https:\\\/\\\/www.albergominerva.it\\\/es\\\/el-palacio-spannocchi-en-el-centro-de-siena\\\/\",\"url\":\"https:\\\/\\\/www.albergominerva.it\\\/es\\\/el-palacio-spannocchi-en-el-centro-de-siena\\\/\",\"name\":\"El palacio Spannocchi en el centro de Siena - Hotel Minerva Siena\",\"isPartOf\":{\"@id\":\"https:\\\/\\\/www.albergominerva.it\\\/es\\\/#website\"},\"primaryImageOfPage\":{\"@id\":\"https:\\\/\\\/www.albergominerva.it\\\/es\\\/el-palacio-spannocchi-en-el-centro-de-siena\\\/#primaryimage\"},\"image\":{\"@id\":\"https:\\\/\\\/www.albergominerva.it\\\/es\\\/el-palacio-spannocchi-en-el-centro-de-siena\\\/#primaryimage\"},\"thumbnailUrl\":\"https:\\\/\\\/www.albergominerva.it\\\/wp-content\\\/uploads\\\/2020\\\/02\\\/palazzo-spannocchi-siena-1024x554.png\",\"datePublished\":\"2020-02-14T11:10:14+00:00\",\"dateModified\":\"2020-02-14T11:11:26+00:00\",\"breadcrumb\":{\"@id\":\"https:\\\/\\\/www.albergominerva.it\\\/es\\\/el-palacio-spannocchi-en-el-centro-de-siena\\\/#breadcrumb\"},\"inLanguage\":\"es\",\"potentialAction\":[{\"@type\":\"ReadAction\",\"target\":[\"https:\\\/\\\/www.albergominerva.it\\\/es\\\/el-palacio-spannocchi-en-el-centro-de-siena\\\/\"]}]},{\"@type\":\"ImageObject\",\"inLanguage\":\"es\",\"@id\":\"https:\\\/\\\/www.albergominerva.it\\\/es\\\/el-palacio-spannocchi-en-el-centro-de-siena\\\/#primaryimage\",\"url\":\"https:\\\/\\\/www.albergominerva.it\\\/wp-content\\\/uploads\\\/2020\\\/02\\\/palazzo-spannocchi-siena-1024x554.png\",\"contentUrl\":\"https:\\\/\\\/www.albergominerva.it\\\/wp-content\\\/uploads\\\/2020\\\/02\\\/palazzo-spannocchi-siena-1024x554.png\"},{\"@type\":\"BreadcrumbList\",\"@id\":\"https:\\\/\\\/www.albergominerva.it\\\/es\\\/el-palacio-spannocchi-en-el-centro-de-siena\\\/#breadcrumb\",\"itemListElement\":[{\"@type\":\"ListItem\",\"position\":1,\"name\":\"Home\",\"item\":\"https:\\\/\\\/www.albergominerva.it\\\/es\\\/\"},{\"@type\":\"ListItem\",\"position\":2,\"name\":\"El palacio Spannocchi en el centro de Siena\"}]},{\"@type\":\"WebSite\",\"@id\":\"https:\\\/\\\/www.albergominerva.it\\\/es\\\/#website\",\"url\":\"https:\\\/\\\/www.albergominerva.it\\\/es\\\/\",\"name\":\"Hotel Minerva Siena\",\"description\":\"Hotel in Centro Storico a Siena - Toscana - Italy\",\"potentialAction\":[{\"@type\":\"SearchAction\",\"target\":{\"@type\":\"EntryPoint\",\"urlTemplate\":\"https:\\\/\\\/www.albergominerva.it\\\/es\\\/?s={search_term_string}\"},\"query-input\":{\"@type\":\"PropertyValueSpecification\",\"valueRequired\":true,\"valueName\":\"search_term_string\"}}],\"inLanguage\":\"es\"}]}<\/script>\n<!-- \/ Yoast SEO plugin. -->","yoast_head_json":{"title":"El palacio Spannocchi en el centro de Siena - Hotel Minerva Siena","robots":{"index":"index","follow":"follow","max-snippet":"max-snippet:-1","max-image-preview":"max-image-preview:large","max-video-preview":"max-video-preview:-1"},"canonical":"https:\/\/www.albergominerva.it\/es\/el-palacio-spannocchi-en-el-centro-de-siena\/","og_locale":"es_ES","og_type":"article","og_title":"El palacio Spannocchi en el centro de Siena - Hotel Minerva Siena","og_description":"El palacio de Spannocchi Entre los edificios hist\u00f3ricos de Siena que han podido expresar el tama\u00f1o y el inmenso poder","og_url":"https:\/\/www.albergominerva.it\/es\/el-palacio-spannocchi-en-el-centro-de-siena\/","og_site_name":"Hotel Minerva Siena","article_modified_time":"2020-02-14T11:11:26+00:00","og_image":[{"url":"https:\/\/www.albergominerva.it\/wp-content\/uploads\/2020\/02\/palazzo-spannocchi-siena-1024x554.png","type":"","width":"","height":""}],"twitter_card":"summary_large_image","twitter_misc":{"Tiempo de lectura":"2 minutos"},"schema":{"@context":"https:\/\/schema.org","@graph":[{"@type":"WebPage","@id":"https:\/\/www.albergominerva.it\/es\/el-palacio-spannocchi-en-el-centro-de-siena\/","url":"https:\/\/www.albergominerva.it\/es\/el-palacio-spannocchi-en-el-centro-de-siena\/","name":"El palacio Spannocchi en el centro de Siena - Hotel Minerva Siena","isPartOf":{"@id":"https:\/\/www.albergominerva.it\/es\/#website"},"primaryImageOfPage":{"@id":"https:\/\/www.albergominerva.it\/es\/el-palacio-spannocchi-en-el-centro-de-siena\/#primaryimage"},"image":{"@id":"https:\/\/www.albergominerva.it\/es\/el-palacio-spannocchi-en-el-centro-de-siena\/#primaryimage"},"thumbnailUrl":"https:\/\/www.albergominerva.it\/wp-content\/uploads\/2020\/02\/palazzo-spannocchi-siena-1024x554.png","datePublished":"2020-02-14T11:10:14+00:00","dateModified":"2020-02-14T11:11:26+00:00","breadcrumb":{"@id":"https:\/\/www.albergominerva.it\/es\/el-palacio-spannocchi-en-el-centro-de-siena\/#breadcrumb"},"inLanguage":"es","potentialAction":[{"@type":"ReadAction","target":["https:\/\/www.albergominerva.it\/es\/el-palacio-spannocchi-en-el-centro-de-siena\/"]}]},{"@type":"ImageObject","inLanguage":"es","@id":"https:\/\/www.albergominerva.it\/es\/el-palacio-spannocchi-en-el-centro-de-siena\/#primaryimage","url":"https:\/\/www.albergominerva.it\/wp-content\/uploads\/2020\/02\/palazzo-spannocchi-siena-1024x554.png","contentUrl":"https:\/\/www.albergominerva.it\/wp-content\/uploads\/2020\/02\/palazzo-spannocchi-siena-1024x554.png"},{"@type":"BreadcrumbList","@id":"https:\/\/www.albergominerva.it\/es\/el-palacio-spannocchi-en-el-centro-de-siena\/#breadcrumb","itemListElement":[{"@type":"ListItem","position":1,"name":"Home","item":"https:\/\/www.albergominerva.it\/es\/"},{"@type":"ListItem","position":2,"name":"El palacio Spannocchi en el centro de Siena"}]},{"@type":"WebSite","@id":"https:\/\/www.albergominerva.it\/es\/#website","url":"https:\/\/www.albergominerva.it\/es\/","name":"Hotel Minerva Siena","description":"Hotel in Centro Storico a Siena - Toscana - Italy","potentialAction":[{"@type":"SearchAction","target":{"@type":"EntryPoint","urlTemplate":"https:\/\/www.albergominerva.it\/es\/?s={search_term_string}"},"query-input":{"@type":"PropertyValueSpecification","valueRequired":true,"valueName":"search_term_string"}}],"inLanguage":"es"}]}},"_links":{"self":[{"href":"https:\/\/www.albergominerva.it\/es\/wp-json\/wp\/v2\/pages\/7534","targetHints":{"allow":["GET"]}}],"collection":[{"href":"https:\/\/www.albergominerva.it\/es\/wp-json\/wp\/v2\/pages"}],"about":[{"href":"https:\/\/www.albergominerva.it\/es\/wp-json\/wp\/v2\/types\/page"}],"author":[{"embeddable":true,"href":"https:\/\/www.albergominerva.it\/es\/wp-json\/wp\/v2\/users\/3"}],"replies":[{"embeddable":true,"href":"https:\/\/www.albergominerva.it\/es\/wp-json\/wp\/v2\/comments?post=7534"}],"version-history":[{"count":2,"href":"https:\/\/www.albergominerva.it\/es\/wp-json\/wp\/v2\/pages\/7534\/revisions"}],"predecessor-version":[{"id":7543,"href":"https:\/\/www.albergominerva.it\/es\/wp-json\/wp\/v2\/pages\/7534\/revisions\/7543"}],"wp:attachment":[{"href":"https:\/\/www.albergominerva.it\/es\/wp-json\/wp\/v2\/media?parent=7534"}],"curies":[{"name":"wp","href":"https:\/\/api.w.org\/{rel}","templated":true}]}}