{"id":7544,"date":"2020-02-14T12:13:33","date_gmt":"2020-02-14T11:13:33","guid":{"rendered":"https:\/\/www.albergominerva.it\/?page_id=7544"},"modified":"2020-02-14T12:13:35","modified_gmt":"2020-02-14T11:13:35","slug":"palacios-historicos-de-siena-en-la-piazza-del-campo-el-palacio-sansedoni","status":"publish","type":"page","link":"https:\/\/www.albergominerva.it\/es\/palacios-historicos-de-siena-en-la-piazza-del-campo-el-palacio-sansedoni\/","title":{"rendered":"Palacios hist\u00f3ricos de Siena en la Piazza del Campo: el Palacio Sansedoni"},"content":{"rendered":"\n<p><\/p>\n\n\n\n<p><strong>El palacio Sansedoni<\/strong><\/p>\n\n\n\n<p> Uno de los edificios hist\u00f3ricos en Siena que m\u00e1s representa el matrimonio entre el arte sublime y el poder econ\u00f3mico en Siena es, sin duda, el Palacio Sansedoni en la Piazza del Campo, el Palacio que, junto con el Palacio P\u00fablico, es el m\u00e1s noble y representativo de la ciudad.<\/p>\n\n\n\n<figure class=\"wp-block-image size-large\"><img loading=\"lazy\" decoding=\"async\" width=\"1017\" height=\"765\" src=\"https:\/\/www.albergominerva.it\/wp-content\/uploads\/2020\/02\/palazzo-sansedoni-siena.png\" alt=\"\" class=\"wp-image-7545\" srcset=\"https:\/\/www.albergominerva.it\/wp-content\/uploads\/2020\/02\/palazzo-sansedoni-siena.png 1017w, https:\/\/www.albergominerva.it\/wp-content\/uploads\/2020\/02\/palazzo-sansedoni-siena-300x226.png 300w, https:\/\/www.albergominerva.it\/wp-content\/uploads\/2020\/02\/palazzo-sansedoni-siena-768x578.png 768w, https:\/\/www.albergominerva.it\/wp-content\/uploads\/2020\/02\/palazzo-sansedoni-siena-1000x752.png 1000w, https:\/\/www.albergominerva.it\/wp-content\/uploads\/2020\/02\/palazzo-sansedoni-siena-700x527.png 700w\" sizes=\"auto, (max-width: 1017px) 100vw, 1017px\" \/><\/figure>\n\n\n\n<p><\/p>\n\n\n\n<p>\nSu forma\ncurvil\u00ednea que abraza y da la bienvenida a la Piazza, su fachada\ng\u00f3tica falsa, sus tr\u00edforas y la Torre son un ejemplo casi\ninalcanzable de belleza arquitect\u00f3nica, todo construido entre 1760 y\n1767 combinando cinco edificios anteriores.<\/p>\n\n\n\n<p>\nPalacio\nSansedoni, ahora sede de la Fundaci\u00f3n Monte dei Paschi de Siena, fue\ncomisionado por la familia Sansedoni, una de las familias m\u00e1s\nantiguas de Siena del siglo XIII y en su interior tiene una magn\u00edfica\ncapilla barroca dedicada al Beato Ambrogio Sansedoni, un orador\nextraordinario que se distingui\u00f3 tanto en Italia como en Francia y\nAlemania.<\/p>\n\n\n\n<p>\nEsta\ncapilla no est\u00e1 abierta al p\u00fablico, excepto con ocasi\u00f3n de eventos\nparticulares patrocinados por la Fundaci\u00f3n o inauguraciones de\nnaturaleza extraordinaria.<\/p>\n\n\n\n<p>\nDentro\ndel palacio tambi\u00e9n hay numerosos frescos de Melani y Ferretti, as\u00ed\ncomo esculturas de Mazzuoli y los bronces de Soldani y Foggini.<\/p>\n\n\n\n<p>\nPalacio\nSoldani se encuentra en Piazza del Campo y es una de las magn\u00edficas\natracciones que puede admirar en el centro de Siena y, si desea\nreservar un hotel en el centro de Siena con estacionamiento de pago,\nle recomendamo el Hotel Minerva.<\/p>\n\n\n\n<p>\nEl Hotel\nMinerva es un hotel de tres estrellas en Siena con un garaje privado\ninterno de 20 plazas con acceso directo a la lobby.<\/p>\n\n\n\n<p>\nEl Hotel\nMinerva ofrece tambi\u00e9n magn\u00edficas habitaciones con vistas\npanor\u00e1micas de Siena, un espect\u00e1culo que puede admirar directamente\ndesde su habitaci\u00f3n.<\/p>\n\n\n\n<p>\n\u00bfDesea\nreservar al precio m\u00e1s bajo garantizado?<\/p>\n\n\n\n<p>\nHaga\nclic arriba o llame a nuestros operadores al 0577 28 44 74.<\/p>\n","protected":false},"excerpt":{"rendered":"<p>El palacio Sansedoni Uno de los edificios hist\u00f3ricos en Siena que m\u00e1s representa el matrimonio entre el arte sublime y<\/p>\n","protected":false},"author":3,"featured_media":0,"parent":0,"menu_order":0,"comment_status":"closed","ping_status":"closed","template":"","meta":{"_acf_changed":false,"footnotes":""},"class_list":["post-7544","page","type-page","status-publish","hentry"],"acf":[],"yoast_head":"<!-- This site is optimized with the Yoast SEO plugin v27.4 - https:\/\/yoast.com\/product\/yoast-seo-wordpress\/ -->\n<title>Palacios hist\u00f3ricos de Siena en la Piazza del Campo: el Palacio Sansedoni - Hotel Minerva Siena<\/title>\n<meta name=\"robots\" content=\"index, follow, max-snippet:-1, max-image-preview:large, max-video-preview:-1\" \/>\n<link rel=\"canonical\" href=\"https:\/\/www.albergominerva.it\/es\/palacios-historicos-de-siena-en-la-piazza-del-campo-el-palacio-sansedoni\/\" \/>\n<meta property=\"og:locale\" content=\"es_ES\" \/>\n<meta property=\"og:type\" content=\"article\" \/>\n<meta property=\"og:title\" content=\"Palacios hist\u00f3ricos de Siena en la Piazza del Campo: el Palacio Sansedoni - Hotel Minerva Siena\" \/>\n<meta property=\"og:description\" content=\"El palacio Sansedoni Uno de los edificios hist\u00f3ricos en Siena que m\u00e1s representa el matrimonio entre el arte sublime y\" \/>\n<meta property=\"og:url\" content=\"https:\/\/www.albergominerva.it\/es\/palacios-historicos-de-siena-en-la-piazza-del-campo-el-palacio-sansedoni\/\" \/>\n<meta property=\"og:site_name\" content=\"Hotel Minerva Siena\" \/>\n<meta property=\"article:modified_time\" content=\"2020-02-14T11:13:35+00:00\" \/>\n<meta property=\"og:image\" content=\"https:\/\/www.albergominerva.it\/wp-content\/uploads\/2020\/02\/palazzo-sansedoni-siena.png\" \/>\n<meta name=\"twitter:card\" content=\"summary_large_image\" \/>\n<meta name=\"twitter:label1\" content=\"Tiempo de lectura\" \/>\n\t<meta name=\"twitter:data1\" content=\"2 minutos\" \/>\n<script type=\"application\/ld+json\" class=\"yoast-schema-graph\">{\"@context\":\"https:\\\/\\\/schema.org\",\"@graph\":[{\"@type\":\"WebPage\",\"@id\":\"https:\\\/\\\/www.albergominerva.it\\\/es\\\/palacios-historicos-de-siena-en-la-piazza-del-campo-el-palacio-sansedoni\\\/\",\"url\":\"https:\\\/\\\/www.albergominerva.it\\\/es\\\/palacios-historicos-de-siena-en-la-piazza-del-campo-el-palacio-sansedoni\\\/\",\"name\":\"Palacios hist\u00f3ricos de Siena en la Piazza del Campo: el Palacio Sansedoni - Hotel Minerva Siena\",\"isPartOf\":{\"@id\":\"https:\\\/\\\/www.albergominerva.it\\\/es\\\/#website\"},\"primaryImageOfPage\":{\"@id\":\"https:\\\/\\\/www.albergominerva.it\\\/es\\\/palacios-historicos-de-siena-en-la-piazza-del-campo-el-palacio-sansedoni\\\/#primaryimage\"},\"image\":{\"@id\":\"https:\\\/\\\/www.albergominerva.it\\\/es\\\/palacios-historicos-de-siena-en-la-piazza-del-campo-el-palacio-sansedoni\\\/#primaryimage\"},\"thumbnailUrl\":\"https:\\\/\\\/www.albergominerva.it\\\/wp-content\\\/uploads\\\/2020\\\/02\\\/palazzo-sansedoni-siena.png\",\"datePublished\":\"2020-02-14T11:13:33+00:00\",\"dateModified\":\"2020-02-14T11:13:35+00:00\",\"breadcrumb\":{\"@id\":\"https:\\\/\\\/www.albergominerva.it\\\/es\\\/palacios-historicos-de-siena-en-la-piazza-del-campo-el-palacio-sansedoni\\\/#breadcrumb\"},\"inLanguage\":\"es\",\"potentialAction\":[{\"@type\":\"ReadAction\",\"target\":[\"https:\\\/\\\/www.albergominerva.it\\\/es\\\/palacios-historicos-de-siena-en-la-piazza-del-campo-el-palacio-sansedoni\\\/\"]}]},{\"@type\":\"ImageObject\",\"inLanguage\":\"es\",\"@id\":\"https:\\\/\\\/www.albergominerva.it\\\/es\\\/palacios-historicos-de-siena-en-la-piazza-del-campo-el-palacio-sansedoni\\\/#primaryimage\",\"url\":\"https:\\\/\\\/www.albergominerva.it\\\/wp-content\\\/uploads\\\/2020\\\/02\\\/palazzo-sansedoni-siena.png\",\"contentUrl\":\"https:\\\/\\\/www.albergominerva.it\\\/wp-content\\\/uploads\\\/2020\\\/02\\\/palazzo-sansedoni-siena.png\"},{\"@type\":\"BreadcrumbList\",\"@id\":\"https:\\\/\\\/www.albergominerva.it\\\/es\\\/palacios-historicos-de-siena-en-la-piazza-del-campo-el-palacio-sansedoni\\\/#breadcrumb\",\"itemListElement\":[{\"@type\":\"ListItem\",\"position\":1,\"name\":\"Home\",\"item\":\"https:\\\/\\\/www.albergominerva.it\\\/es\\\/\"},{\"@type\":\"ListItem\",\"position\":2,\"name\":\"Palacios hist\u00f3ricos de Siena en la Piazza del Campo: el Palacio Sansedoni\"}]},{\"@type\":\"WebSite\",\"@id\":\"https:\\\/\\\/www.albergominerva.it\\\/es\\\/#website\",\"url\":\"https:\\\/\\\/www.albergominerva.it\\\/es\\\/\",\"name\":\"Hotel Minerva Siena\",\"description\":\"Hotel in Centro Storico a Siena - Toscana - Italy\",\"potentialAction\":[{\"@type\":\"SearchAction\",\"target\":{\"@type\":\"EntryPoint\",\"urlTemplate\":\"https:\\\/\\\/www.albergominerva.it\\\/es\\\/?s={search_term_string}\"},\"query-input\":{\"@type\":\"PropertyValueSpecification\",\"valueRequired\":true,\"valueName\":\"search_term_string\"}}],\"inLanguage\":\"es\"}]}<\/script>\n<!-- \/ Yoast SEO plugin. -->","yoast_head_json":{"title":"Palacios hist\u00f3ricos de Siena en la Piazza del Campo: el Palacio Sansedoni - Hotel Minerva Siena","robots":{"index":"index","follow":"follow","max-snippet":"max-snippet:-1","max-image-preview":"max-image-preview:large","max-video-preview":"max-video-preview:-1"},"canonical":"https:\/\/www.albergominerva.it\/es\/palacios-historicos-de-siena-en-la-piazza-del-campo-el-palacio-sansedoni\/","og_locale":"es_ES","og_type":"article","og_title":"Palacios hist\u00f3ricos de Siena en la Piazza del Campo: el Palacio Sansedoni - Hotel Minerva Siena","og_description":"El palacio Sansedoni Uno de los edificios hist\u00f3ricos en Siena que m\u00e1s representa el matrimonio entre el arte sublime y","og_url":"https:\/\/www.albergominerva.it\/es\/palacios-historicos-de-siena-en-la-piazza-del-campo-el-palacio-sansedoni\/","og_site_name":"Hotel Minerva Siena","article_modified_time":"2020-02-14T11:13:35+00:00","og_image":[{"url":"https:\/\/www.albergominerva.it\/wp-content\/uploads\/2020\/02\/palazzo-sansedoni-siena.png","type":"","width":"","height":""}],"twitter_card":"summary_large_image","twitter_misc":{"Tiempo de lectura":"2 minutos"},"schema":{"@context":"https:\/\/schema.org","@graph":[{"@type":"WebPage","@id":"https:\/\/www.albergominerva.it\/es\/palacios-historicos-de-siena-en-la-piazza-del-campo-el-palacio-sansedoni\/","url":"https:\/\/www.albergominerva.it\/es\/palacios-historicos-de-siena-en-la-piazza-del-campo-el-palacio-sansedoni\/","name":"Palacios hist\u00f3ricos de Siena en la Piazza del Campo: el Palacio Sansedoni - Hotel Minerva Siena","isPartOf":{"@id":"https:\/\/www.albergominerva.it\/es\/#website"},"primaryImageOfPage":{"@id":"https:\/\/www.albergominerva.it\/es\/palacios-historicos-de-siena-en-la-piazza-del-campo-el-palacio-sansedoni\/#primaryimage"},"image":{"@id":"https:\/\/www.albergominerva.it\/es\/palacios-historicos-de-siena-en-la-piazza-del-campo-el-palacio-sansedoni\/#primaryimage"},"thumbnailUrl":"https:\/\/www.albergominerva.it\/wp-content\/uploads\/2020\/02\/palazzo-sansedoni-siena.png","datePublished":"2020-02-14T11:13:33+00:00","dateModified":"2020-02-14T11:13:35+00:00","breadcrumb":{"@id":"https:\/\/www.albergominerva.it\/es\/palacios-historicos-de-siena-en-la-piazza-del-campo-el-palacio-sansedoni\/#breadcrumb"},"inLanguage":"es","potentialAction":[{"@type":"ReadAction","target":["https:\/\/www.albergominerva.it\/es\/palacios-historicos-de-siena-en-la-piazza-del-campo-el-palacio-sansedoni\/"]}]},{"@type":"ImageObject","inLanguage":"es","@id":"https:\/\/www.albergominerva.it\/es\/palacios-historicos-de-siena-en-la-piazza-del-campo-el-palacio-sansedoni\/#primaryimage","url":"https:\/\/www.albergominerva.it\/wp-content\/uploads\/2020\/02\/palazzo-sansedoni-siena.png","contentUrl":"https:\/\/www.albergominerva.it\/wp-content\/uploads\/2020\/02\/palazzo-sansedoni-siena.png"},{"@type":"BreadcrumbList","@id":"https:\/\/www.albergominerva.it\/es\/palacios-historicos-de-siena-en-la-piazza-del-campo-el-palacio-sansedoni\/#breadcrumb","itemListElement":[{"@type":"ListItem","position":1,"name":"Home","item":"https:\/\/www.albergominerva.it\/es\/"},{"@type":"ListItem","position":2,"name":"Palacios hist\u00f3ricos de Siena en la Piazza del Campo: el Palacio Sansedoni"}]},{"@type":"WebSite","@id":"https:\/\/www.albergominerva.it\/es\/#website","url":"https:\/\/www.albergominerva.it\/es\/","name":"Hotel Minerva Siena","description":"Hotel in Centro Storico a Siena - Toscana - Italy","potentialAction":[{"@type":"SearchAction","target":{"@type":"EntryPoint","urlTemplate":"https:\/\/www.albergominerva.it\/es\/?s={search_term_string}"},"query-input":{"@type":"PropertyValueSpecification","valueRequired":true,"valueName":"search_term_string"}}],"inLanguage":"es"}]}},"_links":{"self":[{"href":"https:\/\/www.albergominerva.it\/es\/wp-json\/wp\/v2\/pages\/7544","targetHints":{"allow":["GET"]}}],"collection":[{"href":"https:\/\/www.albergominerva.it\/es\/wp-json\/wp\/v2\/pages"}],"about":[{"href":"https:\/\/www.albergominerva.it\/es\/wp-json\/wp\/v2\/types\/page"}],"author":[{"embeddable":true,"href":"https:\/\/www.albergominerva.it\/es\/wp-json\/wp\/v2\/users\/3"}],"replies":[{"embeddable":true,"href":"https:\/\/www.albergominerva.it\/es\/wp-json\/wp\/v2\/comments?post=7544"}],"version-history":[{"count":1,"href":"https:\/\/www.albergominerva.it\/es\/wp-json\/wp\/v2\/pages\/7544\/revisions"}],"predecessor-version":[{"id":7552,"href":"https:\/\/www.albergominerva.it\/es\/wp-json\/wp\/v2\/pages\/7544\/revisions\/7552"}],"wp:attachment":[{"href":"https:\/\/www.albergominerva.it\/es\/wp-json\/wp\/v2\/media?parent=7544"}],"curies":[{"name":"wp","href":"https:\/\/api.w.org\/{rel}","templated":true}]}}