{"id":7554,"date":"2020-02-14T12:16:21","date_gmt":"2020-02-14T11:16:21","guid":{"rendered":"https:\/\/www.albergominerva.it\/?page_id=7554"},"modified":"2020-02-14T12:16:23","modified_gmt":"2020-02-14T11:16:23","slug":"que-ver-en-siena-cerca-de-la-piazza-del-campo-la-loggia-della-mercanzia","status":"publish","type":"page","link":"https:\/\/www.albergominerva.it\/es\/que-ver-en-siena-cerca-de-la-piazza-del-campo-la-loggia-della-mercanzia\/","title":{"rendered":"Qu\u00e9 ver en Siena cerca de la Piazza del Campo: la Loggia della Mercanzia"},"content":{"rendered":"\n<p><\/p>\n\n\n\n<p><strong> La Loggia Della Mercanzia<\/strong><\/p>\n\n\n\n<p> Justo detr\u00e1s de la Piazza del Campo y un destino obligatorio para los amantes del arte que solo Siena puede expresar realmente en profundidad, est\u00e1 la Loggia della Mercanzia, una obra que recorre los estilos g\u00f3tico y renacentista y que se encuentra en la Croce del Travaglio.<\/p>\n\n\n\n<figure class=\"wp-block-image size-large\"><img loading=\"lazy\" decoding=\"async\" width=\"590\" height=\"448\" src=\"https:\/\/www.albergominerva.it\/wp-content\/uploads\/2020\/02\/loggia-delle-mercanzie.png\" alt=\"\" class=\"wp-image-7555\" srcset=\"https:\/\/www.albergominerva.it\/wp-content\/uploads\/2020\/02\/loggia-delle-mercanzie.png 590w, https:\/\/www.albergominerva.it\/wp-content\/uploads\/2020\/02\/loggia-delle-mercanzie-300x228.png 300w\" sizes=\"auto, (max-width: 590px) 100vw, 590px\" \/><\/figure>\n\n\n\n<p>\nLa\nLoggia della Mercanzia es una obra maravillosa creada por Pietro del\nMinella y Sano di Matteo entre 1417 y 1428 y exhibe una gran logia\nabierta y tres arcos sobre pilares con capiteles fant\u00e1sticos.<\/p>\n\n\n\n<p>\nLa\nLogia, dentro de los tabern\u00e1culos, muestra las estatuas de los\nSantos hechas por Vecchietta (San Paolo y San Pietro) y por Antonio\nFederighi (San Ansano, San Savino y San Vittore).<\/p>\n\n\n\n<p>\nTambi\u00e9n\nhay dos bancos de m\u00e1rmol con dos representaciones: hombres romanos\nilustres de Federighi y virtudes cardinales de Urbano da Cortona.<\/p>\n\n\n\n<p>\nLa\nLoggia della Mercanzia es el s\u00edmbolo art\u00edstico m\u00e1s imponente del\npoder mercantil de la ciudad desde la Edad Media y es una de las\natracciones del centro de Siena que permanecer\u00e1 en su coraz\u00f3n.<\/p>\n\n\n\n<p>\nPor\nsupuesto, para visitarlos con la m\u00e1xima comodidad, debe siempre\nalojarse en un hotel cerca de la Piazza del Campo.<\/p>\n\n\n\n<p>\nEl Hotel\nMinerva es un hotel de tres estrellas en el centro, cerca de la\nPiazza del Campo, al que se puede llegar en pocos minutos a pie y que\nofrece 20 plazas de aparcamiento cubiertas frente de un pago.<\/p>\n\n\n\n<p>\nEl\nMinerva tambi\u00e9n es famoso por sus habitaciones con una maravillosa\nvista panor\u00e1mica del centro de Siena.<\/p>\n\n\n\n<p>\n\u00bfQuieres\nreservarlos para tus vacaciones en Siena?<\/p>\n\n\n\n<p>\nHaga\nclic en Reserva en la parte superior y siempre tendr\u00e1 el mejor\nprecio garantizado.<\/p>\n","protected":false},"excerpt":{"rendered":"<p>La Loggia Della Mercanzia Justo detr\u00e1s de la Piazza del Campo y un destino obligatorio para los amantes del arte<\/p>\n","protected":false},"author":3,"featured_media":0,"parent":0,"menu_order":0,"comment_status":"closed","ping_status":"closed","template":"","meta":{"_acf_changed":false,"footnotes":""},"class_list":["post-7554","page","type-page","status-publish","hentry"],"acf":[],"yoast_head":"<!-- This site is optimized with the Yoast SEO plugin v27.4 - https:\/\/yoast.com\/product\/yoast-seo-wordpress\/ -->\n<title>Qu\u00e9 ver en Siena cerca de la Piazza del Campo: la Loggia della Mercanzia - Hotel Minerva Siena<\/title>\n<meta name=\"robots\" content=\"index, follow, max-snippet:-1, max-image-preview:large, max-video-preview:-1\" \/>\n<link rel=\"canonical\" href=\"https:\/\/www.albergominerva.it\/es\/que-ver-en-siena-cerca-de-la-piazza-del-campo-la-loggia-della-mercanzia\/\" \/>\n<meta property=\"og:locale\" content=\"es_ES\" \/>\n<meta property=\"og:type\" content=\"article\" \/>\n<meta property=\"og:title\" content=\"Qu\u00e9 ver en Siena cerca de la Piazza del Campo: la Loggia della Mercanzia - Hotel Minerva Siena\" \/>\n<meta property=\"og:description\" content=\"La Loggia Della Mercanzia Justo detr\u00e1s de la Piazza del Campo y un destino obligatorio para los amantes del arte\" \/>\n<meta property=\"og:url\" content=\"https:\/\/www.albergominerva.it\/es\/que-ver-en-siena-cerca-de-la-piazza-del-campo-la-loggia-della-mercanzia\/\" \/>\n<meta property=\"og:site_name\" content=\"Hotel Minerva Siena\" \/>\n<meta property=\"article:modified_time\" content=\"2020-02-14T11:16:23+00:00\" \/>\n<meta property=\"og:image\" content=\"https:\/\/www.albergominerva.it\/wp-content\/uploads\/2020\/02\/loggia-delle-mercanzie.png\" \/>\n<meta name=\"twitter:card\" content=\"summary_large_image\" \/>\n<meta name=\"twitter:label1\" content=\"Tiempo de lectura\" \/>\n\t<meta name=\"twitter:data1\" content=\"1 minuto\" \/>\n<script type=\"application\/ld+json\" class=\"yoast-schema-graph\">{\"@context\":\"https:\\\/\\\/schema.org\",\"@graph\":[{\"@type\":\"WebPage\",\"@id\":\"https:\\\/\\\/www.albergominerva.it\\\/es\\\/que-ver-en-siena-cerca-de-la-piazza-del-campo-la-loggia-della-mercanzia\\\/\",\"url\":\"https:\\\/\\\/www.albergominerva.it\\\/es\\\/que-ver-en-siena-cerca-de-la-piazza-del-campo-la-loggia-della-mercanzia\\\/\",\"name\":\"Qu\u00e9 ver en Siena cerca de la Piazza del Campo: la Loggia della Mercanzia - Hotel Minerva Siena\",\"isPartOf\":{\"@id\":\"https:\\\/\\\/www.albergominerva.it\\\/es\\\/#website\"},\"primaryImageOfPage\":{\"@id\":\"https:\\\/\\\/www.albergominerva.it\\\/es\\\/que-ver-en-siena-cerca-de-la-piazza-del-campo-la-loggia-della-mercanzia\\\/#primaryimage\"},\"image\":{\"@id\":\"https:\\\/\\\/www.albergominerva.it\\\/es\\\/que-ver-en-siena-cerca-de-la-piazza-del-campo-la-loggia-della-mercanzia\\\/#primaryimage\"},\"thumbnailUrl\":\"https:\\\/\\\/www.albergominerva.it\\\/wp-content\\\/uploads\\\/2020\\\/02\\\/loggia-delle-mercanzie.png\",\"datePublished\":\"2020-02-14T11:16:21+00:00\",\"dateModified\":\"2020-02-14T11:16:23+00:00\",\"breadcrumb\":{\"@id\":\"https:\\\/\\\/www.albergominerva.it\\\/es\\\/que-ver-en-siena-cerca-de-la-piazza-del-campo-la-loggia-della-mercanzia\\\/#breadcrumb\"},\"inLanguage\":\"es\",\"potentialAction\":[{\"@type\":\"ReadAction\",\"target\":[\"https:\\\/\\\/www.albergominerva.it\\\/es\\\/que-ver-en-siena-cerca-de-la-piazza-del-campo-la-loggia-della-mercanzia\\\/\"]}]},{\"@type\":\"ImageObject\",\"inLanguage\":\"es\",\"@id\":\"https:\\\/\\\/www.albergominerva.it\\\/es\\\/que-ver-en-siena-cerca-de-la-piazza-del-campo-la-loggia-della-mercanzia\\\/#primaryimage\",\"url\":\"https:\\\/\\\/www.albergominerva.it\\\/wp-content\\\/uploads\\\/2020\\\/02\\\/loggia-delle-mercanzie.png\",\"contentUrl\":\"https:\\\/\\\/www.albergominerva.it\\\/wp-content\\\/uploads\\\/2020\\\/02\\\/loggia-delle-mercanzie.png\"},{\"@type\":\"BreadcrumbList\",\"@id\":\"https:\\\/\\\/www.albergominerva.it\\\/es\\\/que-ver-en-siena-cerca-de-la-piazza-del-campo-la-loggia-della-mercanzia\\\/#breadcrumb\",\"itemListElement\":[{\"@type\":\"ListItem\",\"position\":1,\"name\":\"Home\",\"item\":\"https:\\\/\\\/www.albergominerva.it\\\/es\\\/\"},{\"@type\":\"ListItem\",\"position\":2,\"name\":\"Qu\u00e9 ver en Siena cerca de la Piazza del Campo: la Loggia della Mercanzia\"}]},{\"@type\":\"WebSite\",\"@id\":\"https:\\\/\\\/www.albergominerva.it\\\/es\\\/#website\",\"url\":\"https:\\\/\\\/www.albergominerva.it\\\/es\\\/\",\"name\":\"Hotel Minerva Siena\",\"description\":\"Hotel in Centro Storico a Siena - Toscana - Italy\",\"potentialAction\":[{\"@type\":\"SearchAction\",\"target\":{\"@type\":\"EntryPoint\",\"urlTemplate\":\"https:\\\/\\\/www.albergominerva.it\\\/es\\\/?s={search_term_string}\"},\"query-input\":{\"@type\":\"PropertyValueSpecification\",\"valueRequired\":true,\"valueName\":\"search_term_string\"}}],\"inLanguage\":\"es\"}]}<\/script>\n<!-- \/ Yoast SEO plugin. -->","yoast_head_json":{"title":"Qu\u00e9 ver en Siena cerca de la Piazza del Campo: la Loggia della Mercanzia - Hotel Minerva Siena","robots":{"index":"index","follow":"follow","max-snippet":"max-snippet:-1","max-image-preview":"max-image-preview:large","max-video-preview":"max-video-preview:-1"},"canonical":"https:\/\/www.albergominerva.it\/es\/que-ver-en-siena-cerca-de-la-piazza-del-campo-la-loggia-della-mercanzia\/","og_locale":"es_ES","og_type":"article","og_title":"Qu\u00e9 ver en Siena cerca de la Piazza del Campo: la Loggia della Mercanzia - Hotel Minerva Siena","og_description":"La Loggia Della Mercanzia Justo detr\u00e1s de la Piazza del Campo y un destino obligatorio para los amantes del arte","og_url":"https:\/\/www.albergominerva.it\/es\/que-ver-en-siena-cerca-de-la-piazza-del-campo-la-loggia-della-mercanzia\/","og_site_name":"Hotel Minerva Siena","article_modified_time":"2020-02-14T11:16:23+00:00","og_image":[{"url":"https:\/\/www.albergominerva.it\/wp-content\/uploads\/2020\/02\/loggia-delle-mercanzie.png","type":"","width":"","height":""}],"twitter_card":"summary_large_image","twitter_misc":{"Tiempo de lectura":"1 minuto"},"schema":{"@context":"https:\/\/schema.org","@graph":[{"@type":"WebPage","@id":"https:\/\/www.albergominerva.it\/es\/que-ver-en-siena-cerca-de-la-piazza-del-campo-la-loggia-della-mercanzia\/","url":"https:\/\/www.albergominerva.it\/es\/que-ver-en-siena-cerca-de-la-piazza-del-campo-la-loggia-della-mercanzia\/","name":"Qu\u00e9 ver en Siena cerca de la Piazza del Campo: la Loggia della Mercanzia - Hotel Minerva Siena","isPartOf":{"@id":"https:\/\/www.albergominerva.it\/es\/#website"},"primaryImageOfPage":{"@id":"https:\/\/www.albergominerva.it\/es\/que-ver-en-siena-cerca-de-la-piazza-del-campo-la-loggia-della-mercanzia\/#primaryimage"},"image":{"@id":"https:\/\/www.albergominerva.it\/es\/que-ver-en-siena-cerca-de-la-piazza-del-campo-la-loggia-della-mercanzia\/#primaryimage"},"thumbnailUrl":"https:\/\/www.albergominerva.it\/wp-content\/uploads\/2020\/02\/loggia-delle-mercanzie.png","datePublished":"2020-02-14T11:16:21+00:00","dateModified":"2020-02-14T11:16:23+00:00","breadcrumb":{"@id":"https:\/\/www.albergominerva.it\/es\/que-ver-en-siena-cerca-de-la-piazza-del-campo-la-loggia-della-mercanzia\/#breadcrumb"},"inLanguage":"es","potentialAction":[{"@type":"ReadAction","target":["https:\/\/www.albergominerva.it\/es\/que-ver-en-siena-cerca-de-la-piazza-del-campo-la-loggia-della-mercanzia\/"]}]},{"@type":"ImageObject","inLanguage":"es","@id":"https:\/\/www.albergominerva.it\/es\/que-ver-en-siena-cerca-de-la-piazza-del-campo-la-loggia-della-mercanzia\/#primaryimage","url":"https:\/\/www.albergominerva.it\/wp-content\/uploads\/2020\/02\/loggia-delle-mercanzie.png","contentUrl":"https:\/\/www.albergominerva.it\/wp-content\/uploads\/2020\/02\/loggia-delle-mercanzie.png"},{"@type":"BreadcrumbList","@id":"https:\/\/www.albergominerva.it\/es\/que-ver-en-siena-cerca-de-la-piazza-del-campo-la-loggia-della-mercanzia\/#breadcrumb","itemListElement":[{"@type":"ListItem","position":1,"name":"Home","item":"https:\/\/www.albergominerva.it\/es\/"},{"@type":"ListItem","position":2,"name":"Qu\u00e9 ver en Siena cerca de la Piazza del Campo: la Loggia della Mercanzia"}]},{"@type":"WebSite","@id":"https:\/\/www.albergominerva.it\/es\/#website","url":"https:\/\/www.albergominerva.it\/es\/","name":"Hotel Minerva Siena","description":"Hotel in Centro Storico a Siena - Toscana - Italy","potentialAction":[{"@type":"SearchAction","target":{"@type":"EntryPoint","urlTemplate":"https:\/\/www.albergominerva.it\/es\/?s={search_term_string}"},"query-input":{"@type":"PropertyValueSpecification","valueRequired":true,"valueName":"search_term_string"}}],"inLanguage":"es"}]}},"_links":{"self":[{"href":"https:\/\/www.albergominerva.it\/es\/wp-json\/wp\/v2\/pages\/7554","targetHints":{"allow":["GET"]}}],"collection":[{"href":"https:\/\/www.albergominerva.it\/es\/wp-json\/wp\/v2\/pages"}],"about":[{"href":"https:\/\/www.albergominerva.it\/es\/wp-json\/wp\/v2\/types\/page"}],"author":[{"embeddable":true,"href":"https:\/\/www.albergominerva.it\/es\/wp-json\/wp\/v2\/users\/3"}],"replies":[{"embeddable":true,"href":"https:\/\/www.albergominerva.it\/es\/wp-json\/wp\/v2\/comments?post=7554"}],"version-history":[{"count":2,"href":"https:\/\/www.albergominerva.it\/es\/wp-json\/wp\/v2\/pages\/7554\/revisions"}],"predecessor-version":[{"id":7851,"href":"https:\/\/www.albergominerva.it\/es\/wp-json\/wp\/v2\/pages\/7554\/revisions\/7851"}],"wp:attachment":[{"href":"https:\/\/www.albergominerva.it\/es\/wp-json\/wp\/v2\/media?parent=7554"}],"curies":[{"name":"wp","href":"https:\/\/api.w.org\/{rel}","templated":true}]}}