{"id":7583,"date":"2020-02-14T12:29:18","date_gmt":"2020-02-14T11:29:18","guid":{"rendered":"https:\/\/www.albergominerva.it\/?page_id=7583"},"modified":"2020-02-14T12:29:19","modified_gmt":"2020-02-14T11:29:19","slug":"monumentos-para-visitar-en-siena-la-maravillosa-fontebranda","status":"publish","type":"page","link":"https:\/\/www.albergominerva.it\/es\/monumentos-para-visitar-en-siena-la-maravillosa-fontebranda\/","title":{"rendered":"Monumentos para visitar en Siena: la maravillosa Fontebranda"},"content":{"rendered":"\n<p><\/p>\n\n\n\n<p> <strong>Fontebranda<\/strong><\/p>\n\n\n\n<p> La m\u00e1s grande y, al mismo tiempo, la m\u00e1s importante de las fuentes de Siena, una estructura imponente con un maravilloso estilo g\u00f3tico.<\/p>\n\n\n\n<figure class=\"wp-block-image size-large\"><img loading=\"lazy\" decoding=\"async\" width=\"890\" height=\"533\" src=\"https:\/\/www.albergominerva.it\/wp-content\/uploads\/2020\/02\/museo-fontebranda-siena.png\" alt=\"\" class=\"wp-image-7585\" srcset=\"https:\/\/www.albergominerva.it\/wp-content\/uploads\/2020\/02\/museo-fontebranda-siena.png 890w, https:\/\/www.albergominerva.it\/wp-content\/uploads\/2020\/02\/museo-fontebranda-siena-300x180.png 300w, https:\/\/www.albergominerva.it\/wp-content\/uploads\/2020\/02\/museo-fontebranda-siena-768x460.png 768w, https:\/\/www.albergominerva.it\/wp-content\/uploads\/2020\/02\/museo-fontebranda-siena-700x419.png 700w\" sizes=\"auto, (max-width: 890px) 100vw, 890px\" \/><\/figure>\n\n\n\n<p>\nSe trata\nde Fontebranda, una fuente medieval construida en Siena a partir del\nsiglo XIII y que incluye tres arcos ojivales en estilo g\u00f3tico\ncompleto en los que destacan merlones de maravillosa mano de obra, un\nfrente con cuatro chorros de leones y en el centro la Balzana, el\nfamoso escudo de la ciudad de Siena.<\/p>\n\n\n\n<p>\nFontebranda,\ncomo todas las fuentes medievales tradicionales, se compone de tres\ntanques, uno para beber agua, otro para regar animales y otro que\nserv\u00eda como fregadero.<\/p>\n\n\n\n<p>\nFontebranda\nfue una parte integral de un fino sistema hidr\u00e1ulico que se puede\nver en el Museo del Agua y que, a trav\u00e9s de un acueducto subterr\u00e1neo\ny numerosos canales, logr\u00f3 alimentar curtidur\u00edas, lavander\u00edas y,\npor supuesto, molinos.<\/p>\n\n\n\n<p>\nFontebranda\nse encuentra en el territorio de la Noble Contrada del Ganso y era\ntan famosa y conocida en la antig\u00fcedad que el mismo Dante Alighieri\nla mencion\u00f3 en la Divina Comedia y m\u00e1s precisamente en los versos\n76-78 del 30 \u00b0 Canto dell&#8217;Inferno.<\/p>\n\n\n\n<p>\nAl igual\nque todos los principales monumentos de Siena, se puede llegar m\u00e1s\nr\u00e1pidamente si decide alojarse en un hotel en el centro.<\/p>\n\n\n\n<p>\nEl Hotel\nMinerva es un hotel de tres estrellas en el centro de Siena con\nestacionamiento cubierto de pago con veinte plazas disponibles.<\/p>\n\n\n\n<p>\n\u00bfQuiere\nsaber m\u00e1s y descubrir nuestras habitaciones con vistas panor\u00e1micas?<\/p>\n\n\n\n<p>\nDespl\u00e1cese\npor las p\u00e1ginas del sitio y luego reserve directamente desde nuestro\nsistema de reservas online.<\/p>\n\n\n\n<p>\nSiempre\nes adecuado para usted, aun en l\u00ednea como por tel\u00e9fono al 0577 28\n44 74, porque siempre le garantizamos el precio m\u00e1s bajo.<\/p>\n","protected":false},"excerpt":{"rendered":"<p>Fontebranda La m\u00e1s grande y, al mismo tiempo, la m\u00e1s importante de las fuentes de Siena, una estructura imponente con<\/p>\n","protected":false},"author":3,"featured_media":0,"parent":0,"menu_order":0,"comment_status":"closed","ping_status":"closed","template":"","meta":{"_acf_changed":false,"footnotes":""},"class_list":["post-7583","page","type-page","status-publish","hentry"],"acf":[],"yoast_head":"<!-- This site is optimized with the Yoast SEO plugin v26.4 - https:\/\/yoast.com\/wordpress\/plugins\/seo\/ -->\n<title>Monumentos para visitar en Siena: la maravillosa Fontebranda - Hotel Minerva Siena<\/title>\n<meta name=\"robots\" content=\"index, follow, max-snippet:-1, max-image-preview:large, max-video-preview:-1\" \/>\n<link rel=\"canonical\" href=\"https:\/\/www.albergominerva.it\/es\/monumentos-para-visitar-en-siena-la-maravillosa-fontebranda\/\" \/>\n<meta property=\"og:locale\" content=\"es_ES\" \/>\n<meta property=\"og:type\" content=\"article\" \/>\n<meta property=\"og:title\" content=\"Monumentos para visitar en Siena: la maravillosa Fontebranda - Hotel Minerva Siena\" \/>\n<meta property=\"og:description\" content=\"Fontebranda La m\u00e1s grande y, al mismo tiempo, la m\u00e1s importante de las fuentes de Siena, una estructura imponente con\" \/>\n<meta property=\"og:url\" content=\"https:\/\/www.albergominerva.it\/es\/monumentos-para-visitar-en-siena-la-maravillosa-fontebranda\/\" \/>\n<meta property=\"og:site_name\" content=\"Hotel Minerva Siena\" \/>\n<meta property=\"article:modified_time\" content=\"2020-02-14T11:29:19+00:00\" \/>\n<meta property=\"og:image\" content=\"https:\/\/www.albergominerva.it\/wp-content\/uploads\/2020\/02\/museo-fontebranda-siena.png\" \/>\n<meta name=\"twitter:card\" content=\"summary_large_image\" \/>\n<meta name=\"twitter:label1\" content=\"Tiempo de lectura\" \/>\n\t<meta name=\"twitter:data1\" content=\"1 minuto\" \/>\n<script type=\"application\/ld+json\" class=\"yoast-schema-graph\">{\"@context\":\"https:\/\/schema.org\",\"@graph\":[{\"@type\":\"WebPage\",\"@id\":\"https:\/\/www.albergominerva.it\/es\/monumentos-para-visitar-en-siena-la-maravillosa-fontebranda\/\",\"url\":\"https:\/\/www.albergominerva.it\/es\/monumentos-para-visitar-en-siena-la-maravillosa-fontebranda\/\",\"name\":\"Monumentos para visitar en Siena: la maravillosa Fontebranda - Hotel Minerva Siena\",\"isPartOf\":{\"@id\":\"https:\/\/www.albergominerva.it\/es\/#website\"},\"primaryImageOfPage\":{\"@id\":\"https:\/\/www.albergominerva.it\/es\/monumentos-para-visitar-en-siena-la-maravillosa-fontebranda\/#primaryimage\"},\"image\":{\"@id\":\"https:\/\/www.albergominerva.it\/es\/monumentos-para-visitar-en-siena-la-maravillosa-fontebranda\/#primaryimage\"},\"thumbnailUrl\":\"https:\/\/www.albergominerva.it\/wp-content\/uploads\/2020\/02\/museo-fontebranda-siena.png\",\"datePublished\":\"2020-02-14T11:29:18+00:00\",\"dateModified\":\"2020-02-14T11:29:19+00:00\",\"breadcrumb\":{\"@id\":\"https:\/\/www.albergominerva.it\/es\/monumentos-para-visitar-en-siena-la-maravillosa-fontebranda\/#breadcrumb\"},\"inLanguage\":\"es\",\"potentialAction\":[{\"@type\":\"ReadAction\",\"target\":[\"https:\/\/www.albergominerva.it\/es\/monumentos-para-visitar-en-siena-la-maravillosa-fontebranda\/\"]}]},{\"@type\":\"ImageObject\",\"inLanguage\":\"es\",\"@id\":\"https:\/\/www.albergominerva.it\/es\/monumentos-para-visitar-en-siena-la-maravillosa-fontebranda\/#primaryimage\",\"url\":\"https:\/\/www.albergominerva.it\/wp-content\/uploads\/2020\/02\/museo-fontebranda-siena.png\",\"contentUrl\":\"https:\/\/www.albergominerva.it\/wp-content\/uploads\/2020\/02\/museo-fontebranda-siena.png\"},{\"@type\":\"BreadcrumbList\",\"@id\":\"https:\/\/www.albergominerva.it\/es\/monumentos-para-visitar-en-siena-la-maravillosa-fontebranda\/#breadcrumb\",\"itemListElement\":[{\"@type\":\"ListItem\",\"position\":1,\"name\":\"Home\",\"item\":\"https:\/\/www.albergominerva.it\/es\/\"},{\"@type\":\"ListItem\",\"position\":2,\"name\":\"Monumentos para visitar en Siena: la maravillosa Fontebranda\"}]},{\"@type\":\"WebSite\",\"@id\":\"https:\/\/www.albergominerva.it\/es\/#website\",\"url\":\"https:\/\/www.albergominerva.it\/es\/\",\"name\":\"Hotel Minerva Siena\",\"description\":\"Hotel in Centro Storico a Siena - Toscana - Italy\",\"potentialAction\":[{\"@type\":\"SearchAction\",\"target\":{\"@type\":\"EntryPoint\",\"urlTemplate\":\"https:\/\/www.albergominerva.it\/es\/?s={search_term_string}\"},\"query-input\":{\"@type\":\"PropertyValueSpecification\",\"valueRequired\":true,\"valueName\":\"search_term_string\"}}],\"inLanguage\":\"es\"}]}<\/script>\n<!-- \/ Yoast SEO plugin. -->","yoast_head_json":{"title":"Monumentos para visitar en Siena: la maravillosa Fontebranda - Hotel Minerva Siena","robots":{"index":"index","follow":"follow","max-snippet":"max-snippet:-1","max-image-preview":"max-image-preview:large","max-video-preview":"max-video-preview:-1"},"canonical":"https:\/\/www.albergominerva.it\/es\/monumentos-para-visitar-en-siena-la-maravillosa-fontebranda\/","og_locale":"es_ES","og_type":"article","og_title":"Monumentos para visitar en Siena: la maravillosa Fontebranda - Hotel Minerva Siena","og_description":"Fontebranda La m\u00e1s grande y, al mismo tiempo, la m\u00e1s importante de las fuentes de Siena, una estructura imponente con","og_url":"https:\/\/www.albergominerva.it\/es\/monumentos-para-visitar-en-siena-la-maravillosa-fontebranda\/","og_site_name":"Hotel Minerva Siena","article_modified_time":"2020-02-14T11:29:19+00:00","og_image":[{"url":"https:\/\/www.albergominerva.it\/wp-content\/uploads\/2020\/02\/museo-fontebranda-siena.png","type":"","width":"","height":""}],"twitter_card":"summary_large_image","twitter_misc":{"Tiempo de lectura":"1 minuto"},"schema":{"@context":"https:\/\/schema.org","@graph":[{"@type":"WebPage","@id":"https:\/\/www.albergominerva.it\/es\/monumentos-para-visitar-en-siena-la-maravillosa-fontebranda\/","url":"https:\/\/www.albergominerva.it\/es\/monumentos-para-visitar-en-siena-la-maravillosa-fontebranda\/","name":"Monumentos para visitar en Siena: la maravillosa Fontebranda - Hotel Minerva Siena","isPartOf":{"@id":"https:\/\/www.albergominerva.it\/es\/#website"},"primaryImageOfPage":{"@id":"https:\/\/www.albergominerva.it\/es\/monumentos-para-visitar-en-siena-la-maravillosa-fontebranda\/#primaryimage"},"image":{"@id":"https:\/\/www.albergominerva.it\/es\/monumentos-para-visitar-en-siena-la-maravillosa-fontebranda\/#primaryimage"},"thumbnailUrl":"https:\/\/www.albergominerva.it\/wp-content\/uploads\/2020\/02\/museo-fontebranda-siena.png","datePublished":"2020-02-14T11:29:18+00:00","dateModified":"2020-02-14T11:29:19+00:00","breadcrumb":{"@id":"https:\/\/www.albergominerva.it\/es\/monumentos-para-visitar-en-siena-la-maravillosa-fontebranda\/#breadcrumb"},"inLanguage":"es","potentialAction":[{"@type":"ReadAction","target":["https:\/\/www.albergominerva.it\/es\/monumentos-para-visitar-en-siena-la-maravillosa-fontebranda\/"]}]},{"@type":"ImageObject","inLanguage":"es","@id":"https:\/\/www.albergominerva.it\/es\/monumentos-para-visitar-en-siena-la-maravillosa-fontebranda\/#primaryimage","url":"https:\/\/www.albergominerva.it\/wp-content\/uploads\/2020\/02\/museo-fontebranda-siena.png","contentUrl":"https:\/\/www.albergominerva.it\/wp-content\/uploads\/2020\/02\/museo-fontebranda-siena.png"},{"@type":"BreadcrumbList","@id":"https:\/\/www.albergominerva.it\/es\/monumentos-para-visitar-en-siena-la-maravillosa-fontebranda\/#breadcrumb","itemListElement":[{"@type":"ListItem","position":1,"name":"Home","item":"https:\/\/www.albergominerva.it\/es\/"},{"@type":"ListItem","position":2,"name":"Monumentos para visitar en Siena: la maravillosa Fontebranda"}]},{"@type":"WebSite","@id":"https:\/\/www.albergominerva.it\/es\/#website","url":"https:\/\/www.albergominerva.it\/es\/","name":"Hotel Minerva Siena","description":"Hotel in Centro Storico a Siena - Toscana - Italy","potentialAction":[{"@type":"SearchAction","target":{"@type":"EntryPoint","urlTemplate":"https:\/\/www.albergominerva.it\/es\/?s={search_term_string}"},"query-input":{"@type":"PropertyValueSpecification","valueRequired":true,"valueName":"search_term_string"}}],"inLanguage":"es"}]}},"_links":{"self":[{"href":"https:\/\/www.albergominerva.it\/es\/wp-json\/wp\/v2\/pages\/7583","targetHints":{"allow":["GET"]}}],"collection":[{"href":"https:\/\/www.albergominerva.it\/es\/wp-json\/wp\/v2\/pages"}],"about":[{"href":"https:\/\/www.albergominerva.it\/es\/wp-json\/wp\/v2\/types\/page"}],"author":[{"embeddable":true,"href":"https:\/\/www.albergominerva.it\/es\/wp-json\/wp\/v2\/users\/3"}],"replies":[{"embeddable":true,"href":"https:\/\/www.albergominerva.it\/es\/wp-json\/wp\/v2\/comments?post=7583"}],"version-history":[{"count":2,"href":"https:\/\/www.albergominerva.it\/es\/wp-json\/wp\/v2\/pages\/7583\/revisions"}],"predecessor-version":[{"id":7860,"href":"https:\/\/www.albergominerva.it\/es\/wp-json\/wp\/v2\/pages\/7583\/revisions\/7860"}],"wp:attachment":[{"href":"https:\/\/www.albergominerva.it\/es\/wp-json\/wp\/v2\/media?parent=7583"}],"curies":[{"name":"wp","href":"https:\/\/api.w.org\/{rel}","templated":true}]}}