{"id":7602,"date":"2020-02-14T12:34:17","date_gmt":"2020-02-14T11:34:17","guid":{"rendered":"https:\/\/www.albergominerva.it\/?page_id=7602"},"modified":"2020-02-14T12:34:20","modified_gmt":"2020-02-14T11:34:20","slug":"los-mejores-museos-de-siena-para-visitar-el-museo-civico-en-la-piazza-del-campo","status":"publish","type":"page","link":"https:\/\/www.albergominerva.it\/es\/los-mejores-museos-de-siena-para-visitar-el-museo-civico-en-la-piazza-del-campo\/","title":{"rendered":"Los mejores museos de Siena para visitar: el Museo C\u00edvico en la Piazza del Campo"},"content":{"rendered":"\n<p> <\/p>\n\n\n\n<p><strong>El Museo C\u00edvico de Siena<\/strong><\/p>\n\n\n\n<p>Entre los mejores museos de Siena para visitar, no podemos dejar de mencionar el magn\u00edfico Museo C\u00edvico dentro del Palacio Pubblico en la Piazza del Campo.<\/p>\n\n\n\n<p> El Museo C\u00edvico es uno de los principales atractivos de Siena y representa un verdadero viaje a trav\u00e9s de la historia y las tradiciones de la ciudad.<\/p>\n\n\n\n<figure class=\"wp-block-image size-large\"><img loading=\"lazy\" decoding=\"async\" width=\"260\" height=\"286\" src=\"https:\/\/www.albergominerva.it\/wp-content\/uploads\/2020\/02\/museo-civico-piazza-del-campo.jpg\" alt=\"\" class=\"wp-image-7603\"\/><\/figure>\n\n\n\n<p>\nEn su\ninterior encontrar\u00e1 obras maestras invaluables realizadas durante\nvarios siglos.<\/p>\n\n\n\n<p>\nEntre\nlas obras principales y dentro de la Sala del Mappamondo, se pueden\nadmirar dos obras de belleza infinita de\nSimone\nMartini: Guidoriccio da Fogliano en el Asedio de Monetassi y la\nMajestad, ambas en 1315.<\/p>\n\n\n\n<p>\nLa\nMajestad representa magn\u00edficamente a una Virgen y un Ni\u00f1o que est\u00e1\nprotegida y rodeada por los \u00c1ngeles y los Santos los cuales ayudan a\ntoda la ciudad.<\/p>\n\n\n\n<p>\nLuego\nest\u00e1 la Sala dei Nove dentro de la cual encontrar\u00e1s el famoso ciclo\nde Ambrogio Lorenzetti con los efectos del gobierno bueno y malo.<\/p>\n\n\n\n<p>\nDespues\nest\u00e1 la Sala di Balia que Spinello Aretino decor\u00f3 con las Historias\nde Alessandro 3\u00b0 que tambi\u00e9n luch\u00f3 contra Federico Barbarroja.<\/p>\n\n\n\n<p>\nA estos\nse agrega el Ciclo de Hombres Famosos con una galer\u00eda de todos los\nque han sido los personajes m\u00e1s famosos de la Antigua Roma.<\/p>\n\n\n\n<p>\nCaminando\nm\u00e1s lejos podr\u00e1 admirar la Sala del Consistorio que alberga el\nCiclo de Virtudes P\u00fablicas de Domenico Beccafumi.<\/p>\n\n\n\n<p>\nEl museo\nluego conduce a una inmensa terraza panor\u00e1mica desde la cual admirar\nel magn\u00edfico Orto de \u2019Pecci.<\/p>\n\n\n\n<p>\nSi desea\nvisitar este museo en Siena, siempre debe alojar en un hotel en el\ncentro.<\/p>\n\n\n\n<p>\nEl\nMinerva es un hotel en el centro hist\u00f3rico de Siena con\nestacionamiento cubierto, un maravilloso hotel de 3 estrellas con\nhabitaciones con vistas panor\u00e1micas de la ciudad.<\/p>\n\n\n\n<p>\nDespl\u00e1cese\nen el sitio y descubra porque el Minerva es uno de los hoteles en el\ncentro de Siena preferido por los turistas.<\/p>\n\n\n\n<p>Luego reserve directamente desde el sitio y siempre se asegurar\u00e1 del mejor precio garantizado.<\/p>\n","protected":false},"excerpt":{"rendered":"<p>El Museo C\u00edvico de Siena Entre los mejores museos de Siena para visitar, no podemos dejar de mencionar el magn\u00edfico<\/p>\n","protected":false},"author":3,"featured_media":0,"parent":0,"menu_order":0,"comment_status":"closed","ping_status":"closed","template":"","meta":{"_acf_changed":false,"footnotes":""},"class_list":["post-7602","page","type-page","status-publish","hentry"],"acf":[],"yoast_head":"<!-- This site is optimized with the Yoast SEO plugin v26.4 - https:\/\/yoast.com\/wordpress\/plugins\/seo\/ -->\n<title>Los mejores museos de Siena para visitar: el Museo C\u00edvico en la Piazza del Campo - Hotel Minerva Siena<\/title>\n<meta name=\"robots\" content=\"index, follow, max-snippet:-1, max-image-preview:large, max-video-preview:-1\" \/>\n<link rel=\"canonical\" href=\"https:\/\/www.albergominerva.it\/es\/los-mejores-museos-de-siena-para-visitar-el-museo-civico-en-la-piazza-del-campo\/\" \/>\n<meta property=\"og:locale\" content=\"es_ES\" \/>\n<meta property=\"og:type\" content=\"article\" \/>\n<meta property=\"og:title\" content=\"Los mejores museos de Siena para visitar: el Museo C\u00edvico en la Piazza del Campo - Hotel Minerva Siena\" \/>\n<meta property=\"og:description\" content=\"El Museo C\u00edvico de Siena Entre los mejores museos de Siena para visitar, no podemos dejar de mencionar el magn\u00edfico\" \/>\n<meta property=\"og:url\" content=\"https:\/\/www.albergominerva.it\/es\/los-mejores-museos-de-siena-para-visitar-el-museo-civico-en-la-piazza-del-campo\/\" \/>\n<meta property=\"og:site_name\" content=\"Hotel Minerva Siena\" \/>\n<meta property=\"article:modified_time\" content=\"2020-02-14T11:34:20+00:00\" \/>\n<meta property=\"og:image\" content=\"https:\/\/www.albergominerva.it\/wp-content\/uploads\/2020\/02\/museo-civico-piazza-del-campo.jpg\" \/>\n<meta name=\"twitter:card\" content=\"summary_large_image\" \/>\n<meta name=\"twitter:label1\" content=\"Tiempo de lectura\" \/>\n\t<meta name=\"twitter:data1\" content=\"2 minutos\" \/>\n<script type=\"application\/ld+json\" class=\"yoast-schema-graph\">{\"@context\":\"https:\/\/schema.org\",\"@graph\":[{\"@type\":\"WebPage\",\"@id\":\"https:\/\/www.albergominerva.it\/es\/los-mejores-museos-de-siena-para-visitar-el-museo-civico-en-la-piazza-del-campo\/\",\"url\":\"https:\/\/www.albergominerva.it\/es\/los-mejores-museos-de-siena-para-visitar-el-museo-civico-en-la-piazza-del-campo\/\",\"name\":\"Los mejores museos de Siena para visitar: el Museo C\u00edvico en la Piazza del Campo - Hotel Minerva Siena\",\"isPartOf\":{\"@id\":\"https:\/\/www.albergominerva.it\/es\/#website\"},\"primaryImageOfPage\":{\"@id\":\"https:\/\/www.albergominerva.it\/es\/los-mejores-museos-de-siena-para-visitar-el-museo-civico-en-la-piazza-del-campo\/#primaryimage\"},\"image\":{\"@id\":\"https:\/\/www.albergominerva.it\/es\/los-mejores-museos-de-siena-para-visitar-el-museo-civico-en-la-piazza-del-campo\/#primaryimage\"},\"thumbnailUrl\":\"https:\/\/www.albergominerva.it\/wp-content\/uploads\/2020\/02\/museo-civico-piazza-del-campo.jpg\",\"datePublished\":\"2020-02-14T11:34:17+00:00\",\"dateModified\":\"2020-02-14T11:34:20+00:00\",\"breadcrumb\":{\"@id\":\"https:\/\/www.albergominerva.it\/es\/los-mejores-museos-de-siena-para-visitar-el-museo-civico-en-la-piazza-del-campo\/#breadcrumb\"},\"inLanguage\":\"es\",\"potentialAction\":[{\"@type\":\"ReadAction\",\"target\":[\"https:\/\/www.albergominerva.it\/es\/los-mejores-museos-de-siena-para-visitar-el-museo-civico-en-la-piazza-del-campo\/\"]}]},{\"@type\":\"ImageObject\",\"inLanguage\":\"es\",\"@id\":\"https:\/\/www.albergominerva.it\/es\/los-mejores-museos-de-siena-para-visitar-el-museo-civico-en-la-piazza-del-campo\/#primaryimage\",\"url\":\"https:\/\/www.albergominerva.it\/wp-content\/uploads\/2020\/02\/museo-civico-piazza-del-campo.jpg\",\"contentUrl\":\"https:\/\/www.albergominerva.it\/wp-content\/uploads\/2020\/02\/museo-civico-piazza-del-campo.jpg\"},{\"@type\":\"BreadcrumbList\",\"@id\":\"https:\/\/www.albergominerva.it\/es\/los-mejores-museos-de-siena-para-visitar-el-museo-civico-en-la-piazza-del-campo\/#breadcrumb\",\"itemListElement\":[{\"@type\":\"ListItem\",\"position\":1,\"name\":\"Home\",\"item\":\"https:\/\/www.albergominerva.it\/es\/\"},{\"@type\":\"ListItem\",\"position\":2,\"name\":\"Los mejores museos de Siena para visitar: el Museo C\u00edvico en la Piazza del Campo\"}]},{\"@type\":\"WebSite\",\"@id\":\"https:\/\/www.albergominerva.it\/es\/#website\",\"url\":\"https:\/\/www.albergominerva.it\/es\/\",\"name\":\"Hotel Minerva Siena\",\"description\":\"Hotel in Centro Storico a Siena - Toscana - Italy\",\"potentialAction\":[{\"@type\":\"SearchAction\",\"target\":{\"@type\":\"EntryPoint\",\"urlTemplate\":\"https:\/\/www.albergominerva.it\/es\/?s={search_term_string}\"},\"query-input\":{\"@type\":\"PropertyValueSpecification\",\"valueRequired\":true,\"valueName\":\"search_term_string\"}}],\"inLanguage\":\"es\"}]}<\/script>\n<!-- \/ Yoast SEO plugin. -->","yoast_head_json":{"title":"Los mejores museos de Siena para visitar: el Museo C\u00edvico en la Piazza del Campo - Hotel Minerva Siena","robots":{"index":"index","follow":"follow","max-snippet":"max-snippet:-1","max-image-preview":"max-image-preview:large","max-video-preview":"max-video-preview:-1"},"canonical":"https:\/\/www.albergominerva.it\/es\/los-mejores-museos-de-siena-para-visitar-el-museo-civico-en-la-piazza-del-campo\/","og_locale":"es_ES","og_type":"article","og_title":"Los mejores museos de Siena para visitar: el Museo C\u00edvico en la Piazza del Campo - Hotel Minerva Siena","og_description":"El Museo C\u00edvico de Siena Entre los mejores museos de Siena para visitar, no podemos dejar de mencionar el magn\u00edfico","og_url":"https:\/\/www.albergominerva.it\/es\/los-mejores-museos-de-siena-para-visitar-el-museo-civico-en-la-piazza-del-campo\/","og_site_name":"Hotel Minerva Siena","article_modified_time":"2020-02-14T11:34:20+00:00","og_image":[{"url":"https:\/\/www.albergominerva.it\/wp-content\/uploads\/2020\/02\/museo-civico-piazza-del-campo.jpg","type":"","width":"","height":""}],"twitter_card":"summary_large_image","twitter_misc":{"Tiempo de lectura":"2 minutos"},"schema":{"@context":"https:\/\/schema.org","@graph":[{"@type":"WebPage","@id":"https:\/\/www.albergominerva.it\/es\/los-mejores-museos-de-siena-para-visitar-el-museo-civico-en-la-piazza-del-campo\/","url":"https:\/\/www.albergominerva.it\/es\/los-mejores-museos-de-siena-para-visitar-el-museo-civico-en-la-piazza-del-campo\/","name":"Los mejores museos de Siena para visitar: el Museo C\u00edvico en la Piazza del Campo - Hotel Minerva Siena","isPartOf":{"@id":"https:\/\/www.albergominerva.it\/es\/#website"},"primaryImageOfPage":{"@id":"https:\/\/www.albergominerva.it\/es\/los-mejores-museos-de-siena-para-visitar-el-museo-civico-en-la-piazza-del-campo\/#primaryimage"},"image":{"@id":"https:\/\/www.albergominerva.it\/es\/los-mejores-museos-de-siena-para-visitar-el-museo-civico-en-la-piazza-del-campo\/#primaryimage"},"thumbnailUrl":"https:\/\/www.albergominerva.it\/wp-content\/uploads\/2020\/02\/museo-civico-piazza-del-campo.jpg","datePublished":"2020-02-14T11:34:17+00:00","dateModified":"2020-02-14T11:34:20+00:00","breadcrumb":{"@id":"https:\/\/www.albergominerva.it\/es\/los-mejores-museos-de-siena-para-visitar-el-museo-civico-en-la-piazza-del-campo\/#breadcrumb"},"inLanguage":"es","potentialAction":[{"@type":"ReadAction","target":["https:\/\/www.albergominerva.it\/es\/los-mejores-museos-de-siena-para-visitar-el-museo-civico-en-la-piazza-del-campo\/"]}]},{"@type":"ImageObject","inLanguage":"es","@id":"https:\/\/www.albergominerva.it\/es\/los-mejores-museos-de-siena-para-visitar-el-museo-civico-en-la-piazza-del-campo\/#primaryimage","url":"https:\/\/www.albergominerva.it\/wp-content\/uploads\/2020\/02\/museo-civico-piazza-del-campo.jpg","contentUrl":"https:\/\/www.albergominerva.it\/wp-content\/uploads\/2020\/02\/museo-civico-piazza-del-campo.jpg"},{"@type":"BreadcrumbList","@id":"https:\/\/www.albergominerva.it\/es\/los-mejores-museos-de-siena-para-visitar-el-museo-civico-en-la-piazza-del-campo\/#breadcrumb","itemListElement":[{"@type":"ListItem","position":1,"name":"Home","item":"https:\/\/www.albergominerva.it\/es\/"},{"@type":"ListItem","position":2,"name":"Los mejores museos de Siena para visitar: el Museo C\u00edvico en la Piazza del Campo"}]},{"@type":"WebSite","@id":"https:\/\/www.albergominerva.it\/es\/#website","url":"https:\/\/www.albergominerva.it\/es\/","name":"Hotel Minerva Siena","description":"Hotel in Centro Storico a Siena - Toscana - Italy","potentialAction":[{"@type":"SearchAction","target":{"@type":"EntryPoint","urlTemplate":"https:\/\/www.albergominerva.it\/es\/?s={search_term_string}"},"query-input":{"@type":"PropertyValueSpecification","valueRequired":true,"valueName":"search_term_string"}}],"inLanguage":"es"}]}},"_links":{"self":[{"href":"https:\/\/www.albergominerva.it\/es\/wp-json\/wp\/v2\/pages\/7602","targetHints":{"allow":["GET"]}}],"collection":[{"href":"https:\/\/www.albergominerva.it\/es\/wp-json\/wp\/v2\/pages"}],"about":[{"href":"https:\/\/www.albergominerva.it\/es\/wp-json\/wp\/v2\/types\/page"}],"author":[{"embeddable":true,"href":"https:\/\/www.albergominerva.it\/es\/wp-json\/wp\/v2\/users\/3"}],"replies":[{"embeddable":true,"href":"https:\/\/www.albergominerva.it\/es\/wp-json\/wp\/v2\/comments?post=7602"}],"version-history":[{"count":2,"href":"https:\/\/www.albergominerva.it\/es\/wp-json\/wp\/v2\/pages\/7602\/revisions"}],"predecessor-version":[{"id":7878,"href":"https:\/\/www.albergominerva.it\/es\/wp-json\/wp\/v2\/pages\/7602\/revisions\/7878"}],"wp:attachment":[{"href":"https:\/\/www.albergominerva.it\/es\/wp-json\/wp\/v2\/media?parent=7602"}],"curies":[{"name":"wp","href":"https:\/\/api.w.org\/{rel}","templated":true}]}}