{"id":7611,"date":"2020-02-14T12:36:23","date_gmt":"2020-02-14T11:36:23","guid":{"rendered":"https:\/\/www.albergominerva.it\/?page_id=7611"},"modified":"2020-02-14T12:36:25","modified_gmt":"2020-02-14T11:36:25","slug":"la-diversion-del-orto-de-pecci-en-siena-para-las-familias","status":"publish","type":"page","link":"https:\/\/www.albergominerva.it\/es\/la-diversion-del-orto-de-pecci-en-siena-para-las-familias\/","title":{"rendered":"La diversi\u00f3n del Orto de \u2019Pecci en Siena para las familias"},"content":{"rendered":"\n<p><\/p>\n\n\n\n<p><strong>El Orto de \u2019Pecci en Siena<\/strong><\/p>\n\n\n\n<p> Si ha decidido venir a Siena con los ni\u00f1os, le recomendamos que haga una parada, por supuesto, en el Orto de \u2019Pecci, justo debajo de la Piazza del Mercato y en la Valle di Porta Giustizia.<\/p>\n\n\n\n<figure class=\"wp-block-image size-large\"><img loading=\"lazy\" decoding=\"async\" width=\"588\" height=\"188\" src=\"https:\/\/www.albergominerva.it\/wp-content\/uploads\/2020\/02\/orto-de-pecci-siena.png\" alt=\"\" class=\"wp-image-7612\" srcset=\"https:\/\/www.albergominerva.it\/wp-content\/uploads\/2020\/02\/orto-de-pecci-siena.png 588w, https:\/\/www.albergominerva.it\/wp-content\/uploads\/2020\/02\/orto-de-pecci-siena-300x96.png 300w\" sizes=\"auto, (max-width: 588px) 100vw, 588px\" \/><\/figure>\n\n\n\n<p>\nEl Orto\nde \u2019Pecci, cerca de la Piazza del Campo, contiene una fant\u00e1stica\ngranja educativa con animales y un huerto medieval.<\/p>\n\n\n\n<p>\nEn el\npasado, este valle era el destino de paso para los condenados a\nmuerte encarcelados bajo el Palacio P\u00fablico.<\/p>\n\n\n\n<p>\nAhora,\nen cambio, es un magn\u00edfico lugar de encuentro para familias con\nni\u00f1os que podr\u00e1n ver animales y descubrir plantas arom\u00e1ticas,\ncolorantes, plantas oficiosas y para uso alimentario.<\/p>\n\n\n\n<p>\nSi ha\ndecidido visitar Siena con su familia, le recomendamos tambi\u00e9n que\nse aloje en el Minerva, nuestro hotel en el centro de Siena para\nfamilias con ni\u00f1os.<\/p>\n\n\n\n<p>\nEl\nMinerva tiene un estacionamiento cubierto con 20 espacios de pago y\namplias suites con vistas panor\u00e1micas para toda la familia.<\/p>\n\n\n\n<p>\nReserve\nutilizando directamente el sistema de reservas que encuentra en el\nsitio y siempre tendr\u00e1 el mejor precio garantizado.<\/p>\n","protected":false},"excerpt":{"rendered":"<p>El Orto de \u2019Pecci en Siena Si ha decidido venir a Siena con los ni\u00f1os, le recomendamos que haga una<\/p>\n","protected":false},"author":3,"featured_media":0,"parent":0,"menu_order":0,"comment_status":"closed","ping_status":"closed","template":"","meta":{"_acf_changed":false,"footnotes":""},"class_list":["post-7611","page","type-page","status-publish","hentry"],"acf":[],"yoast_head":"<!-- This site is optimized with the Yoast SEO plugin v27.4 - https:\/\/yoast.com\/product\/yoast-seo-wordpress\/ -->\n<title>La diversi\u00f3n del Orto de \u2019Pecci en Siena para las familias - Hotel Minerva Siena<\/title>\n<meta name=\"robots\" content=\"index, follow, max-snippet:-1, max-image-preview:large, max-video-preview:-1\" \/>\n<link rel=\"canonical\" href=\"https:\/\/www.albergominerva.it\/es\/la-diversion-del-orto-de-pecci-en-siena-para-las-familias\/\" \/>\n<meta property=\"og:locale\" content=\"es_ES\" \/>\n<meta property=\"og:type\" content=\"article\" \/>\n<meta property=\"og:title\" content=\"La diversi\u00f3n del Orto de \u2019Pecci en Siena para las familias - Hotel Minerva Siena\" \/>\n<meta property=\"og:description\" content=\"El Orto de \u2019Pecci en Siena Si ha decidido venir a Siena con los ni\u00f1os, le recomendamos que haga una\" \/>\n<meta property=\"og:url\" content=\"https:\/\/www.albergominerva.it\/es\/la-diversion-del-orto-de-pecci-en-siena-para-las-familias\/\" \/>\n<meta property=\"og:site_name\" content=\"Hotel Minerva Siena\" \/>\n<meta property=\"article:modified_time\" content=\"2020-02-14T11:36:25+00:00\" \/>\n<meta property=\"og:image\" content=\"https:\/\/www.albergominerva.it\/wp-content\/uploads\/2020\/02\/orto-de-pecci-siena.png\" \/>\n<meta name=\"twitter:card\" content=\"summary_large_image\" \/>\n<meta name=\"twitter:label1\" content=\"Tiempo de lectura\" \/>\n\t<meta name=\"twitter:data1\" content=\"1 minuto\" \/>\n<script type=\"application\/ld+json\" class=\"yoast-schema-graph\">{\"@context\":\"https:\\\/\\\/schema.org\",\"@graph\":[{\"@type\":\"WebPage\",\"@id\":\"https:\\\/\\\/www.albergominerva.it\\\/es\\\/la-diversion-del-orto-de-pecci-en-siena-para-las-familias\\\/\",\"url\":\"https:\\\/\\\/www.albergominerva.it\\\/es\\\/la-diversion-del-orto-de-pecci-en-siena-para-las-familias\\\/\",\"name\":\"La diversi\u00f3n del Orto de \u2019Pecci en Siena para las familias - Hotel Minerva Siena\",\"isPartOf\":{\"@id\":\"https:\\\/\\\/www.albergominerva.it\\\/es\\\/#website\"},\"primaryImageOfPage\":{\"@id\":\"https:\\\/\\\/www.albergominerva.it\\\/es\\\/la-diversion-del-orto-de-pecci-en-siena-para-las-familias\\\/#primaryimage\"},\"image\":{\"@id\":\"https:\\\/\\\/www.albergominerva.it\\\/es\\\/la-diversion-del-orto-de-pecci-en-siena-para-las-familias\\\/#primaryimage\"},\"thumbnailUrl\":\"https:\\\/\\\/www.albergominerva.it\\\/wp-content\\\/uploads\\\/2020\\\/02\\\/orto-de-pecci-siena.png\",\"datePublished\":\"2020-02-14T11:36:23+00:00\",\"dateModified\":\"2020-02-14T11:36:25+00:00\",\"breadcrumb\":{\"@id\":\"https:\\\/\\\/www.albergominerva.it\\\/es\\\/la-diversion-del-orto-de-pecci-en-siena-para-las-familias\\\/#breadcrumb\"},\"inLanguage\":\"es\",\"potentialAction\":[{\"@type\":\"ReadAction\",\"target\":[\"https:\\\/\\\/www.albergominerva.it\\\/es\\\/la-diversion-del-orto-de-pecci-en-siena-para-las-familias\\\/\"]}]},{\"@type\":\"ImageObject\",\"inLanguage\":\"es\",\"@id\":\"https:\\\/\\\/www.albergominerva.it\\\/es\\\/la-diversion-del-orto-de-pecci-en-siena-para-las-familias\\\/#primaryimage\",\"url\":\"https:\\\/\\\/www.albergominerva.it\\\/wp-content\\\/uploads\\\/2020\\\/02\\\/orto-de-pecci-siena.png\",\"contentUrl\":\"https:\\\/\\\/www.albergominerva.it\\\/wp-content\\\/uploads\\\/2020\\\/02\\\/orto-de-pecci-siena.png\"},{\"@type\":\"BreadcrumbList\",\"@id\":\"https:\\\/\\\/www.albergominerva.it\\\/es\\\/la-diversion-del-orto-de-pecci-en-siena-para-las-familias\\\/#breadcrumb\",\"itemListElement\":[{\"@type\":\"ListItem\",\"position\":1,\"name\":\"Home\",\"item\":\"https:\\\/\\\/www.albergominerva.it\\\/es\\\/\"},{\"@type\":\"ListItem\",\"position\":2,\"name\":\"La diversi\u00f3n del Orto de \u2019Pecci en Siena para las familias\"}]},{\"@type\":\"WebSite\",\"@id\":\"https:\\\/\\\/www.albergominerva.it\\\/es\\\/#website\",\"url\":\"https:\\\/\\\/www.albergominerva.it\\\/es\\\/\",\"name\":\"Hotel Minerva Siena\",\"description\":\"Hotel in Centro Storico a Siena - Toscana - Italy\",\"potentialAction\":[{\"@type\":\"SearchAction\",\"target\":{\"@type\":\"EntryPoint\",\"urlTemplate\":\"https:\\\/\\\/www.albergominerva.it\\\/es\\\/?s={search_term_string}\"},\"query-input\":{\"@type\":\"PropertyValueSpecification\",\"valueRequired\":true,\"valueName\":\"search_term_string\"}}],\"inLanguage\":\"es\"}]}<\/script>\n<!-- \/ Yoast SEO plugin. -->","yoast_head_json":{"title":"La diversi\u00f3n del Orto de \u2019Pecci en Siena para las familias - Hotel Minerva Siena","robots":{"index":"index","follow":"follow","max-snippet":"max-snippet:-1","max-image-preview":"max-image-preview:large","max-video-preview":"max-video-preview:-1"},"canonical":"https:\/\/www.albergominerva.it\/es\/la-diversion-del-orto-de-pecci-en-siena-para-las-familias\/","og_locale":"es_ES","og_type":"article","og_title":"La diversi\u00f3n del Orto de \u2019Pecci en Siena para las familias - Hotel Minerva Siena","og_description":"El Orto de \u2019Pecci en Siena Si ha decidido venir a Siena con los ni\u00f1os, le recomendamos que haga una","og_url":"https:\/\/www.albergominerva.it\/es\/la-diversion-del-orto-de-pecci-en-siena-para-las-familias\/","og_site_name":"Hotel Minerva Siena","article_modified_time":"2020-02-14T11:36:25+00:00","og_image":[{"url":"https:\/\/www.albergominerva.it\/wp-content\/uploads\/2020\/02\/orto-de-pecci-siena.png","type":"","width":"","height":""}],"twitter_card":"summary_large_image","twitter_misc":{"Tiempo de lectura":"1 minuto"},"schema":{"@context":"https:\/\/schema.org","@graph":[{"@type":"WebPage","@id":"https:\/\/www.albergominerva.it\/es\/la-diversion-del-orto-de-pecci-en-siena-para-las-familias\/","url":"https:\/\/www.albergominerva.it\/es\/la-diversion-del-orto-de-pecci-en-siena-para-las-familias\/","name":"La diversi\u00f3n del Orto de \u2019Pecci en Siena para las familias - Hotel Minerva Siena","isPartOf":{"@id":"https:\/\/www.albergominerva.it\/es\/#website"},"primaryImageOfPage":{"@id":"https:\/\/www.albergominerva.it\/es\/la-diversion-del-orto-de-pecci-en-siena-para-las-familias\/#primaryimage"},"image":{"@id":"https:\/\/www.albergominerva.it\/es\/la-diversion-del-orto-de-pecci-en-siena-para-las-familias\/#primaryimage"},"thumbnailUrl":"https:\/\/www.albergominerva.it\/wp-content\/uploads\/2020\/02\/orto-de-pecci-siena.png","datePublished":"2020-02-14T11:36:23+00:00","dateModified":"2020-02-14T11:36:25+00:00","breadcrumb":{"@id":"https:\/\/www.albergominerva.it\/es\/la-diversion-del-orto-de-pecci-en-siena-para-las-familias\/#breadcrumb"},"inLanguage":"es","potentialAction":[{"@type":"ReadAction","target":["https:\/\/www.albergominerva.it\/es\/la-diversion-del-orto-de-pecci-en-siena-para-las-familias\/"]}]},{"@type":"ImageObject","inLanguage":"es","@id":"https:\/\/www.albergominerva.it\/es\/la-diversion-del-orto-de-pecci-en-siena-para-las-familias\/#primaryimage","url":"https:\/\/www.albergominerva.it\/wp-content\/uploads\/2020\/02\/orto-de-pecci-siena.png","contentUrl":"https:\/\/www.albergominerva.it\/wp-content\/uploads\/2020\/02\/orto-de-pecci-siena.png"},{"@type":"BreadcrumbList","@id":"https:\/\/www.albergominerva.it\/es\/la-diversion-del-orto-de-pecci-en-siena-para-las-familias\/#breadcrumb","itemListElement":[{"@type":"ListItem","position":1,"name":"Home","item":"https:\/\/www.albergominerva.it\/es\/"},{"@type":"ListItem","position":2,"name":"La diversi\u00f3n del Orto de \u2019Pecci en Siena para las familias"}]},{"@type":"WebSite","@id":"https:\/\/www.albergominerva.it\/es\/#website","url":"https:\/\/www.albergominerva.it\/es\/","name":"Hotel Minerva Siena","description":"Hotel in Centro Storico a Siena - Toscana - Italy","potentialAction":[{"@type":"SearchAction","target":{"@type":"EntryPoint","urlTemplate":"https:\/\/www.albergominerva.it\/es\/?s={search_term_string}"},"query-input":{"@type":"PropertyValueSpecification","valueRequired":true,"valueName":"search_term_string"}}],"inLanguage":"es"}]}},"_links":{"self":[{"href":"https:\/\/www.albergominerva.it\/es\/wp-json\/wp\/v2\/pages\/7611","targetHints":{"allow":["GET"]}}],"collection":[{"href":"https:\/\/www.albergominerva.it\/es\/wp-json\/wp\/v2\/pages"}],"about":[{"href":"https:\/\/www.albergominerva.it\/es\/wp-json\/wp\/v2\/types\/page"}],"author":[{"embeddable":true,"href":"https:\/\/www.albergominerva.it\/es\/wp-json\/wp\/v2\/users\/3"}],"replies":[{"embeddable":true,"href":"https:\/\/www.albergominerva.it\/es\/wp-json\/wp\/v2\/comments?post=7611"}],"version-history":[{"count":1,"href":"https:\/\/www.albergominerva.it\/es\/wp-json\/wp\/v2\/pages\/7611\/revisions"}],"predecessor-version":[{"id":7619,"href":"https:\/\/www.albergominerva.it\/es\/wp-json\/wp\/v2\/pages\/7611\/revisions\/7619"}],"wp:attachment":[{"href":"https:\/\/www.albergominerva.it\/es\/wp-json\/wp\/v2\/media?parent=7611"}],"curies":[{"name":"wp","href":"https:\/\/api.w.org\/{rel}","templated":true}]}}