{"id":7667,"date":"2020-02-14T12:52:04","date_gmt":"2020-02-14T11:52:04","guid":{"rendered":"https:\/\/www.albergominerva.it\/?page_id=7667"},"modified":"2020-02-19T00:54:19","modified_gmt":"2020-02-18T23:54:19","slug":"porta-ovile-en-siena","status":"publish","type":"page","link":"https:\/\/www.albergominerva.it\/es\/porta-ovile-en-siena\/","title":{"rendered":"Porta Ovile en Siena"},"content":{"rendered":"\n<p> <\/p>\n\n\n\n<p><strong>Porta Ovile<\/strong><\/p>\n\n\n\n<p> Porta Ovile en Siena es una de las puertas de la ciudad y tiene una pared almenada, en cuya pared interior podemos ver un fresco de Sano di Pietro: la Virgen y el Ni\u00f1o.<\/p>\n\n\n\n<figure class=\"wp-block-image size-large\"><img loading=\"lazy\" decoding=\"async\" width=\"393\" height=\"458\" src=\"https:\/\/www.albergominerva.it\/wp-content\/uploads\/2020\/02\/porta-ovile.png\" alt=\"\" class=\"wp-image-7668\" srcset=\"https:\/\/www.albergominerva.it\/wp-content\/uploads\/2020\/02\/porta-ovile.png 393w, https:\/\/www.albergominerva.it\/wp-content\/uploads\/2020\/02\/porta-ovile-257x300.png 257w\" sizes=\"auto, (max-width: 393px) 100vw, 393px\" \/><\/figure>\n\n\n\n<p>\nPorta\nOvile se encuentra entre la calle di Vallerozzi y calle Simone\nMartini y se menciona por primera vez en 1220, a\u00f1o en que el\nMunicipio compr\u00f3 40 fanegas de tierra para hacer las Carboneras en\nPorta Ovile (cita de Macchi).<\/p>\n\n\n\n<p>\nEn 1250\nla puerta aparece en los libros de la Biccherna, tambi\u00e9n llamada\n\u00abPorta del Gregge\u00bb, y, al a\u00f1o siguiente, en 1251 se se\nreforz\u00f3 de acuerdo con los dictados del Consejo de la Campana a la\nespera de un posible ataque de Florencia.<\/p>\n\n\n\n<p>\nLa\npuerta fue amurallada junto con Fontebranda el 1 noviembre de 1554\npara ser utilizada de la mejor manera por los soldados durante el\nasedio de Siena y que fue bombardeada al a\u00f1o siguiente.<\/p>\n\n\n\n<p>\nEn 1798,\nsufri\u00f3 graves da\u00f1os por el terremoto as\u00ed como todo el distrito de\nOvile.<\/p>\n\n\n\n<p>\nPorta\nOvile es f\u00e1cilmente accesible desde el centro de Siena, as\u00ed como\ntodas las atracciones principales de la ciudad. Si desea admirar\nmonumentos, edificios hist\u00f3ricos y todos los museos del centro\nhist\u00f3rico, debe reservar nuestro hotel en el centro de Siena con\nestacionamiento: el Hotel Minerva.<\/p>\n\n\n\n<p>\nAdem\u00e1s\nde ser un hotel de tres estrellas en el centro de Siena con un garaje\nde pago, el Hotel Minerva ofrece numerosas habitaciones con vistas\npanor\u00e1micas.<\/p>\n\n\n\n<p>\nDesc\u00fabralos\ndesplaz\u00e1ndose por el sitio y luego reserve.<\/p>\n\n\n\n<p>\nSi\nreserva directamente desde nuestro sitio, tendr\u00e1 siempre el mejor\nprecio garantizado.<\/p>\n","protected":false},"excerpt":{"rendered":"<p>Porta Ovile Porta Ovile en Siena es una de las puertas de la ciudad y tiene una pared almenada, en<\/p>\n","protected":false},"author":3,"featured_media":0,"parent":0,"menu_order":0,"comment_status":"closed","ping_status":"closed","template":"","meta":{"_acf_changed":false,"footnotes":""},"class_list":["post-7667","page","type-page","status-publish","hentry"],"acf":[],"yoast_head":"<!-- This site is optimized with the Yoast SEO plugin v27.4 - https:\/\/yoast.com\/product\/yoast-seo-wordpress\/ -->\n<title>Porta Ovile en Siena - Hotel Minerva Siena<\/title>\n<meta name=\"robots\" content=\"index, follow, max-snippet:-1, max-image-preview:large, max-video-preview:-1\" \/>\n<link rel=\"canonical\" href=\"https:\/\/www.albergominerva.it\/es\/porta-ovile-en-siena\/\" \/>\n<meta property=\"og:locale\" content=\"es_ES\" \/>\n<meta property=\"og:type\" content=\"article\" \/>\n<meta property=\"og:title\" content=\"Porta Ovile en Siena - Hotel Minerva Siena\" \/>\n<meta property=\"og:description\" content=\"Porta Ovile Porta Ovile en Siena es una de las puertas de la ciudad y tiene una pared almenada, en\" \/>\n<meta property=\"og:url\" content=\"https:\/\/www.albergominerva.it\/es\/porta-ovile-en-siena\/\" \/>\n<meta property=\"og:site_name\" content=\"Hotel Minerva Siena\" \/>\n<meta property=\"article:modified_time\" content=\"2020-02-18T23:54:19+00:00\" \/>\n<meta property=\"og:image\" content=\"https:\/\/www.albergominerva.it\/wp-content\/uploads\/2020\/02\/porta-ovile.png\" \/>\n<meta name=\"twitter:card\" content=\"summary_large_image\" \/>\n<meta name=\"twitter:label1\" content=\"Tiempo de lectura\" \/>\n\t<meta name=\"twitter:data1\" content=\"1 minuto\" \/>\n<script type=\"application\/ld+json\" class=\"yoast-schema-graph\">{\"@context\":\"https:\\\/\\\/schema.org\",\"@graph\":[{\"@type\":\"WebPage\",\"@id\":\"https:\\\/\\\/www.albergominerva.it\\\/es\\\/porta-ovile-en-siena\\\/\",\"url\":\"https:\\\/\\\/www.albergominerva.it\\\/es\\\/porta-ovile-en-siena\\\/\",\"name\":\"Porta Ovile en Siena - Hotel Minerva Siena\",\"isPartOf\":{\"@id\":\"https:\\\/\\\/www.albergominerva.it\\\/es\\\/#website\"},\"primaryImageOfPage\":{\"@id\":\"https:\\\/\\\/www.albergominerva.it\\\/es\\\/porta-ovile-en-siena\\\/#primaryimage\"},\"image\":{\"@id\":\"https:\\\/\\\/www.albergominerva.it\\\/es\\\/porta-ovile-en-siena\\\/#primaryimage\"},\"thumbnailUrl\":\"https:\\\/\\\/www.albergominerva.it\\\/wp-content\\\/uploads\\\/2020\\\/02\\\/porta-ovile.png\",\"datePublished\":\"2020-02-14T11:52:04+00:00\",\"dateModified\":\"2020-02-18T23:54:19+00:00\",\"breadcrumb\":{\"@id\":\"https:\\\/\\\/www.albergominerva.it\\\/es\\\/porta-ovile-en-siena\\\/#breadcrumb\"},\"inLanguage\":\"es\",\"potentialAction\":[{\"@type\":\"ReadAction\",\"target\":[\"https:\\\/\\\/www.albergominerva.it\\\/es\\\/porta-ovile-en-siena\\\/\"]}]},{\"@type\":\"ImageObject\",\"inLanguage\":\"es\",\"@id\":\"https:\\\/\\\/www.albergominerva.it\\\/es\\\/porta-ovile-en-siena\\\/#primaryimage\",\"url\":\"https:\\\/\\\/www.albergominerva.it\\\/wp-content\\\/uploads\\\/2020\\\/02\\\/porta-ovile.png\",\"contentUrl\":\"https:\\\/\\\/www.albergominerva.it\\\/wp-content\\\/uploads\\\/2020\\\/02\\\/porta-ovile.png\"},{\"@type\":\"BreadcrumbList\",\"@id\":\"https:\\\/\\\/www.albergominerva.it\\\/es\\\/porta-ovile-en-siena\\\/#breadcrumb\",\"itemListElement\":[{\"@type\":\"ListItem\",\"position\":1,\"name\":\"Home\",\"item\":\"https:\\\/\\\/www.albergominerva.it\\\/es\\\/\"},{\"@type\":\"ListItem\",\"position\":2,\"name\":\"Porta Ovile en Siena\"}]},{\"@type\":\"WebSite\",\"@id\":\"https:\\\/\\\/www.albergominerva.it\\\/es\\\/#website\",\"url\":\"https:\\\/\\\/www.albergominerva.it\\\/es\\\/\",\"name\":\"Hotel Minerva Siena\",\"description\":\"Hotel in Centro Storico a Siena - Toscana - Italy\",\"potentialAction\":[{\"@type\":\"SearchAction\",\"target\":{\"@type\":\"EntryPoint\",\"urlTemplate\":\"https:\\\/\\\/www.albergominerva.it\\\/es\\\/?s={search_term_string}\"},\"query-input\":{\"@type\":\"PropertyValueSpecification\",\"valueRequired\":true,\"valueName\":\"search_term_string\"}}],\"inLanguage\":\"es\"}]}<\/script>\n<!-- \/ Yoast SEO plugin. -->","yoast_head_json":{"title":"Porta Ovile en Siena - Hotel Minerva Siena","robots":{"index":"index","follow":"follow","max-snippet":"max-snippet:-1","max-image-preview":"max-image-preview:large","max-video-preview":"max-video-preview:-1"},"canonical":"https:\/\/www.albergominerva.it\/es\/porta-ovile-en-siena\/","og_locale":"es_ES","og_type":"article","og_title":"Porta Ovile en Siena - Hotel Minerva Siena","og_description":"Porta Ovile Porta Ovile en Siena es una de las puertas de la ciudad y tiene una pared almenada, en","og_url":"https:\/\/www.albergominerva.it\/es\/porta-ovile-en-siena\/","og_site_name":"Hotel Minerva Siena","article_modified_time":"2020-02-18T23:54:19+00:00","og_image":[{"url":"https:\/\/www.albergominerva.it\/wp-content\/uploads\/2020\/02\/porta-ovile.png","type":"","width":"","height":""}],"twitter_card":"summary_large_image","twitter_misc":{"Tiempo de lectura":"1 minuto"},"schema":{"@context":"https:\/\/schema.org","@graph":[{"@type":"WebPage","@id":"https:\/\/www.albergominerva.it\/es\/porta-ovile-en-siena\/","url":"https:\/\/www.albergominerva.it\/es\/porta-ovile-en-siena\/","name":"Porta Ovile en Siena - Hotel Minerva Siena","isPartOf":{"@id":"https:\/\/www.albergominerva.it\/es\/#website"},"primaryImageOfPage":{"@id":"https:\/\/www.albergominerva.it\/es\/porta-ovile-en-siena\/#primaryimage"},"image":{"@id":"https:\/\/www.albergominerva.it\/es\/porta-ovile-en-siena\/#primaryimage"},"thumbnailUrl":"https:\/\/www.albergominerva.it\/wp-content\/uploads\/2020\/02\/porta-ovile.png","datePublished":"2020-02-14T11:52:04+00:00","dateModified":"2020-02-18T23:54:19+00:00","breadcrumb":{"@id":"https:\/\/www.albergominerva.it\/es\/porta-ovile-en-siena\/#breadcrumb"},"inLanguage":"es","potentialAction":[{"@type":"ReadAction","target":["https:\/\/www.albergominerva.it\/es\/porta-ovile-en-siena\/"]}]},{"@type":"ImageObject","inLanguage":"es","@id":"https:\/\/www.albergominerva.it\/es\/porta-ovile-en-siena\/#primaryimage","url":"https:\/\/www.albergominerva.it\/wp-content\/uploads\/2020\/02\/porta-ovile.png","contentUrl":"https:\/\/www.albergominerva.it\/wp-content\/uploads\/2020\/02\/porta-ovile.png"},{"@type":"BreadcrumbList","@id":"https:\/\/www.albergominerva.it\/es\/porta-ovile-en-siena\/#breadcrumb","itemListElement":[{"@type":"ListItem","position":1,"name":"Home","item":"https:\/\/www.albergominerva.it\/es\/"},{"@type":"ListItem","position":2,"name":"Porta Ovile en Siena"}]},{"@type":"WebSite","@id":"https:\/\/www.albergominerva.it\/es\/#website","url":"https:\/\/www.albergominerva.it\/es\/","name":"Hotel Minerva Siena","description":"Hotel in Centro Storico a Siena - Toscana - Italy","potentialAction":[{"@type":"SearchAction","target":{"@type":"EntryPoint","urlTemplate":"https:\/\/www.albergominerva.it\/es\/?s={search_term_string}"},"query-input":{"@type":"PropertyValueSpecification","valueRequired":true,"valueName":"search_term_string"}}],"inLanguage":"es"}]}},"_links":{"self":[{"href":"https:\/\/www.albergominerva.it\/es\/wp-json\/wp\/v2\/pages\/7667","targetHints":{"allow":["GET"]}}],"collection":[{"href":"https:\/\/www.albergominerva.it\/es\/wp-json\/wp\/v2\/pages"}],"about":[{"href":"https:\/\/www.albergominerva.it\/es\/wp-json\/wp\/v2\/types\/page"}],"author":[{"embeddable":true,"href":"https:\/\/www.albergominerva.it\/es\/wp-json\/wp\/v2\/users\/3"}],"replies":[{"embeddable":true,"href":"https:\/\/www.albergominerva.it\/es\/wp-json\/wp\/v2\/comments?post=7667"}],"version-history":[{"count":3,"href":"https:\/\/www.albergominerva.it\/es\/wp-json\/wp\/v2\/pages\/7667\/revisions"}],"predecessor-version":[{"id":7979,"href":"https:\/\/www.albergominerva.it\/es\/wp-json\/wp\/v2\/pages\/7667\/revisions\/7979"}],"wp:attachment":[{"href":"https:\/\/www.albergominerva.it\/es\/wp-json\/wp\/v2\/media?parent=7667"}],"curies":[{"name":"wp","href":"https:\/\/api.w.org\/{rel}","templated":true}]}}