{"id":7692,"date":"2020-02-16T10:08:10","date_gmt":"2020-02-16T09:08:10","guid":{"rendered":"https:\/\/www.albergominerva.it\/?page_id=7692"},"modified":"2020-02-19T01:03:44","modified_gmt":"2020-02-19T00:03:44","slug":"hotel-en-la-ciudad-de-siena-en-las-zonas-limitrofes-de-la-basilica-de-san-francesco","status":"publish","type":"page","link":"https:\/\/www.albergominerva.it\/es\/hotel-en-la-ciudad-de-siena-en-las-zonas-limitrofes-de-la-basilica-de-san-francesco\/","title":{"rendered":"Hotel en la ciudad de Siena en las zonas lim\u00edtrofes de la Basilica De San Francesco"},"content":{"rendered":"\n<p><\/p>\n\n\n\n<p><strong>\u00bfQuieres reservar en un hotel en el \u00e1rea central de Siena que sea en el entorno de la Basilica De San Francesco?<\/strong><\/p>\n\n\n\n<figure><iframe loading=\"lazy\" src=\"https:\/\/www.google.com\/maps\/embed?pb=!1m28!1m12!1m3!1d2902.555919224982!2d11.329861465330282!3d43.32355487913395!2m3!1f0!2f0!3f0!3m2!1i1024!2i768!4f13.1!4m13!3e2!4m5!1s0x132a2cc7df55564d%3A0xbb55bddd311ac99b!2sHOTEL+MINERVA%2C+Via+Giuseppe+Garibaldi%2C+Siena%2C+Province+of+Siena!3m2!1d43.324607!2d11.331828!4m5!1s0x132a2cc715151a8b%3A0x186c7c0f9812cb46!2sBasilica+di+San+Francesco%2C+Piazza+San+Francesco%2C+Siena%2C+Province+of+Siena!3m2!1d43.3222789!2d11.334600199999999!5e0!3m2!1sen!2sit!4v1524740710238\" width=\"600\" height=\"450\" allowfullscreen=\"allowfullscreen\"><\/iframe><\/figure>\n\n\n\n<p>Entonces, le sugerimos echar un vistazo en el Hotel Minerva, un maravilloso hotel de 3 estrellas que te permite encontrarte directamente en el centro hist\u00f3rico de Siena, alcanzable en pocos minutos desde la Basilica De San Francesco.<\/p>\n\n\n\n<p>Equipado con un bar y estacionamiento cubierto con 20 plazas utilizables frente de una reserva de pago, que da acceso directo al hotel. <\/p>\n\n\n\n<p>El Hotel Minerva incluye 56 habitaciones las cuales tienen aire acondicionado, las cuales poseen elementos diferentes en su interior, con presencia de conexi\u00f3n a Internet y que se dividen en Econ\u00f3mica-Easy , Elegante-Est\u00e1ndar, Junior-Suite y Junior-Suite Doble.<\/p>\n\n\n\n<p>Las habitaciones Easy se visualizan en la secci\u00f3n interna y tienen una superficie a partir de 16 m\u00b2.<\/p>\n\n\n\n<p>Las habitaciones Elegantes ofrecen una visual panor\u00e1mica del centro hist\u00f3rico de Siena y no son inferiores a 19 m\u00b2.<\/p>\n\n\n\n<p>Las Junior Suites cuentan con un panorama de las bas\u00edlicas de San Francesco y Provenzano y se extienden por una superficie de m\u00ednimo 22 m\u00b2.<\/p>\n\n\n\n<p>Las suites Junior Dobles tienen vistas al centro hist\u00f3rico de Siena y son grandes como m\u00ednimo 19 m\u00b2 y est\u00e1n disponibles terrazas bajo petici\u00f3n.<\/p>\n\n\n\n<p>En consecuencia, podr\u00e1 elegir entre varias soluciones para su estancia por diversi\u00f3n o por trabajo, a trav\u00e9s de muchas habitaciones que cuentan con una vista panor\u00e1mica de Siena.<\/p>\n\n\n\n<p>El Hotel Minerva luego, presenta internamente, a intervalos regulares una verdadera galer\u00eda de arte moderno que presenta obras de pintores de Siena.<\/p>\n\n\n\n<p>Nuestro hotel cerca de la Basilica De San Francesco es silencioso y es adecuado para familias con ni\u00f1os; Incluido tenemos disponibles cunas, as\u00ed como calentadores de botellas, esterilizadores y una sala de juegos interna.<\/p>\n\n\n\n<p>El Minerva no es demasiado lejos de dos parques infantiles y el Orto de \u2019Pecci, un magn\u00edfico jard\u00edn con muchos y varios animales de granja.<\/p>\n\n\n\n<p>El hotel Minerva, no demasiado lejos de la Basilica De San Francesco, tambi\u00e9n es un lugar que se puede disfrutar para reuniones de negocios porque  tiene una conexi\u00f3n wi-fi y una sala de reuniones con vistas al centro hist\u00f3rico de Siena, que tiene una capacidad de 40 personas y d\u00f3nde , si solicitado, se puede disfrutar de TV LED, proyector, retroproyector y todo el equipamiento m\u00e1s importante.<\/p>\n\n\n\n<p>Tomando en consideraci\u00f3n el desayuno, el Hotel Minerva ofrece un exquisito desayuno italiano e internacional con mermeladas genuinas y seleccionadas.<\/p>\n\n\n\n<p>El hotel se encuentra en la zona central de Siena, en calle Garibaldi, 72 no demasiado lejos, solo 2 minutos en coche de la estaci\u00f3n de tren y y tampoco en una zona ZTL.<\/p>\n\n\n\n<p>Para hacer una reserva en este hotel en la zona de Siena, cerca de la Basilica De San Francesco, haga clic en Reservar en la esquina superior derecha o reserve directamente al n\u00famero de tel\u00e9fono 0577.284474 o nos contacte un correo electr\u00f3nico a info@albergominerva.it.<\/p>\n\n\n\n<p>De esta manera, llamando a este n\u00famero o haciendo todo a trav\u00e9s del sitio, estar\u00e1 en condiciones de asegurarse el precio m\u00e0s bajo, ya que siempre le aseguramos el mejor precio garantizado.<\/p>\n\n\n\n<p><strong>Servicios prestados a los visitantes:<\/strong><\/p>\n\n\n\n<ul class=\"wp-block-list\"><li>garaje con videovigilancia de pago <\/li><li>solicitud informativa y gu\u00eda<\/li><li>ayuda para la organizaci\u00f3n de itinerarios.<\/li><\/ul>\n","protected":false},"excerpt":{"rendered":"<p>\u00bfQuieres reservar en un hotel en el \u00e1rea central de Siena que sea en el entorno de la Basilica De<\/p>\n","protected":false},"author":3,"featured_media":0,"parent":0,"menu_order":0,"comment_status":"closed","ping_status":"closed","template":"","meta":{"_acf_changed":false,"footnotes":""},"class_list":["post-7692","page","type-page","status-publish","hentry"],"acf":[],"yoast_head":"<!-- This site is optimized with the Yoast SEO plugin v27.4 - https:\/\/yoast.com\/product\/yoast-seo-wordpress\/ -->\n<title>Hotel en la ciudad de Siena en las zonas lim\u00edtrofes de la Basilica De San Francesco - Hotel Minerva Siena<\/title>\n<meta name=\"robots\" content=\"index, follow, max-snippet:-1, max-image-preview:large, max-video-preview:-1\" \/>\n<link rel=\"canonical\" href=\"https:\/\/www.albergominerva.it\/es\/hotel-en-la-ciudad-de-siena-en-las-zonas-limitrofes-de-la-basilica-de-san-francesco\/\" \/>\n<meta property=\"og:locale\" content=\"es_ES\" \/>\n<meta property=\"og:type\" content=\"article\" \/>\n<meta property=\"og:title\" content=\"Hotel en la ciudad de Siena en las zonas lim\u00edtrofes de la Basilica De San Francesco - Hotel Minerva Siena\" \/>\n<meta property=\"og:description\" content=\"\u00bfQuieres reservar en un hotel en el \u00e1rea central de Siena que sea en el entorno de la Basilica De\" \/>\n<meta property=\"og:url\" content=\"https:\/\/www.albergominerva.it\/es\/hotel-en-la-ciudad-de-siena-en-las-zonas-limitrofes-de-la-basilica-de-san-francesco\/\" \/>\n<meta property=\"og:site_name\" content=\"Hotel Minerva Siena\" \/>\n<meta property=\"article:modified_time\" content=\"2020-02-19T00:03:44+00:00\" \/>\n<meta name=\"twitter:card\" content=\"summary_large_image\" \/>\n<meta name=\"twitter:label1\" content=\"Tiempo de lectura\" \/>\n\t<meta name=\"twitter:data1\" content=\"3 minutos\" \/>\n<script type=\"application\/ld+json\" class=\"yoast-schema-graph\">{\"@context\":\"https:\\\/\\\/schema.org\",\"@graph\":[{\"@type\":\"WebPage\",\"@id\":\"https:\\\/\\\/www.albergominerva.it\\\/es\\\/hotel-en-la-ciudad-de-siena-en-las-zonas-limitrofes-de-la-basilica-de-san-francesco\\\/\",\"url\":\"https:\\\/\\\/www.albergominerva.it\\\/es\\\/hotel-en-la-ciudad-de-siena-en-las-zonas-limitrofes-de-la-basilica-de-san-francesco\\\/\",\"name\":\"Hotel en la ciudad de Siena en las zonas lim\u00edtrofes de la Basilica De San Francesco - Hotel Minerva Siena\",\"isPartOf\":{\"@id\":\"https:\\\/\\\/www.albergominerva.it\\\/es\\\/#website\"},\"datePublished\":\"2020-02-16T09:08:10+00:00\",\"dateModified\":\"2020-02-19T00:03:44+00:00\",\"breadcrumb\":{\"@id\":\"https:\\\/\\\/www.albergominerva.it\\\/es\\\/hotel-en-la-ciudad-de-siena-en-las-zonas-limitrofes-de-la-basilica-de-san-francesco\\\/#breadcrumb\"},\"inLanguage\":\"es\",\"potentialAction\":[{\"@type\":\"ReadAction\",\"target\":[\"https:\\\/\\\/www.albergominerva.it\\\/es\\\/hotel-en-la-ciudad-de-siena-en-las-zonas-limitrofes-de-la-basilica-de-san-francesco\\\/\"]}]},{\"@type\":\"BreadcrumbList\",\"@id\":\"https:\\\/\\\/www.albergominerva.it\\\/es\\\/hotel-en-la-ciudad-de-siena-en-las-zonas-limitrofes-de-la-basilica-de-san-francesco\\\/#breadcrumb\",\"itemListElement\":[{\"@type\":\"ListItem\",\"position\":1,\"name\":\"Home\",\"item\":\"https:\\\/\\\/www.albergominerva.it\\\/es\\\/\"},{\"@type\":\"ListItem\",\"position\":2,\"name\":\"Hotel en la ciudad de Siena en las zonas lim\u00edtrofes de la Basilica De San Francesco\"}]},{\"@type\":\"WebSite\",\"@id\":\"https:\\\/\\\/www.albergominerva.it\\\/es\\\/#website\",\"url\":\"https:\\\/\\\/www.albergominerva.it\\\/es\\\/\",\"name\":\"Hotel Minerva Siena\",\"description\":\"Hotel in Centro Storico a Siena - Toscana - Italy\",\"potentialAction\":[{\"@type\":\"SearchAction\",\"target\":{\"@type\":\"EntryPoint\",\"urlTemplate\":\"https:\\\/\\\/www.albergominerva.it\\\/es\\\/?s={search_term_string}\"},\"query-input\":{\"@type\":\"PropertyValueSpecification\",\"valueRequired\":true,\"valueName\":\"search_term_string\"}}],\"inLanguage\":\"es\"}]}<\/script>\n<!-- \/ Yoast SEO plugin. -->","yoast_head_json":{"title":"Hotel en la ciudad de Siena en las zonas lim\u00edtrofes de la Basilica De San Francesco - Hotel Minerva Siena","robots":{"index":"index","follow":"follow","max-snippet":"max-snippet:-1","max-image-preview":"max-image-preview:large","max-video-preview":"max-video-preview:-1"},"canonical":"https:\/\/www.albergominerva.it\/es\/hotel-en-la-ciudad-de-siena-en-las-zonas-limitrofes-de-la-basilica-de-san-francesco\/","og_locale":"es_ES","og_type":"article","og_title":"Hotel en la ciudad de Siena en las zonas lim\u00edtrofes de la Basilica De San Francesco - Hotel Minerva Siena","og_description":"\u00bfQuieres reservar en un hotel en el \u00e1rea central de Siena que sea en el entorno de la Basilica De","og_url":"https:\/\/www.albergominerva.it\/es\/hotel-en-la-ciudad-de-siena-en-las-zonas-limitrofes-de-la-basilica-de-san-francesco\/","og_site_name":"Hotel Minerva Siena","article_modified_time":"2020-02-19T00:03:44+00:00","twitter_card":"summary_large_image","twitter_misc":{"Tiempo de lectura":"3 minutos"},"schema":{"@context":"https:\/\/schema.org","@graph":[{"@type":"WebPage","@id":"https:\/\/www.albergominerva.it\/es\/hotel-en-la-ciudad-de-siena-en-las-zonas-limitrofes-de-la-basilica-de-san-francesco\/","url":"https:\/\/www.albergominerva.it\/es\/hotel-en-la-ciudad-de-siena-en-las-zonas-limitrofes-de-la-basilica-de-san-francesco\/","name":"Hotel en la ciudad de Siena en las zonas lim\u00edtrofes de la Basilica De San Francesco - Hotel Minerva Siena","isPartOf":{"@id":"https:\/\/www.albergominerva.it\/es\/#website"},"datePublished":"2020-02-16T09:08:10+00:00","dateModified":"2020-02-19T00:03:44+00:00","breadcrumb":{"@id":"https:\/\/www.albergominerva.it\/es\/hotel-en-la-ciudad-de-siena-en-las-zonas-limitrofes-de-la-basilica-de-san-francesco\/#breadcrumb"},"inLanguage":"es","potentialAction":[{"@type":"ReadAction","target":["https:\/\/www.albergominerva.it\/es\/hotel-en-la-ciudad-de-siena-en-las-zonas-limitrofes-de-la-basilica-de-san-francesco\/"]}]},{"@type":"BreadcrumbList","@id":"https:\/\/www.albergominerva.it\/es\/hotel-en-la-ciudad-de-siena-en-las-zonas-limitrofes-de-la-basilica-de-san-francesco\/#breadcrumb","itemListElement":[{"@type":"ListItem","position":1,"name":"Home","item":"https:\/\/www.albergominerva.it\/es\/"},{"@type":"ListItem","position":2,"name":"Hotel en la ciudad de Siena en las zonas lim\u00edtrofes de la Basilica De San Francesco"}]},{"@type":"WebSite","@id":"https:\/\/www.albergominerva.it\/es\/#website","url":"https:\/\/www.albergominerva.it\/es\/","name":"Hotel Minerva Siena","description":"Hotel in Centro Storico a Siena - Toscana - Italy","potentialAction":[{"@type":"SearchAction","target":{"@type":"EntryPoint","urlTemplate":"https:\/\/www.albergominerva.it\/es\/?s={search_term_string}"},"query-input":{"@type":"PropertyValueSpecification","valueRequired":true,"valueName":"search_term_string"}}],"inLanguage":"es"}]}},"_links":{"self":[{"href":"https:\/\/www.albergominerva.it\/es\/wp-json\/wp\/v2\/pages\/7692","targetHints":{"allow":["GET"]}}],"collection":[{"href":"https:\/\/www.albergominerva.it\/es\/wp-json\/wp\/v2\/pages"}],"about":[{"href":"https:\/\/www.albergominerva.it\/es\/wp-json\/wp\/v2\/types\/page"}],"author":[{"embeddable":true,"href":"https:\/\/www.albergominerva.it\/es\/wp-json\/wp\/v2\/users\/3"}],"replies":[{"embeddable":true,"href":"https:\/\/www.albergominerva.it\/es\/wp-json\/wp\/v2\/comments?post=7692"}],"version-history":[{"count":2,"href":"https:\/\/www.albergominerva.it\/es\/wp-json\/wp\/v2\/pages\/7692\/revisions"}],"predecessor-version":[{"id":7983,"href":"https:\/\/www.albergominerva.it\/es\/wp-json\/wp\/v2\/pages\/7692\/revisions\/7983"}],"wp:attachment":[{"href":"https:\/\/www.albergominerva.it\/es\/wp-json\/wp\/v2\/media?parent=7692"}],"curies":[{"name":"wp","href":"https:\/\/api.w.org\/{rel}","templated":true}]}}