{"id":7705,"date":"2020-02-16T10:32:55","date_gmt":"2020-02-16T09:32:55","guid":{"rendered":"https:\/\/www.albergominerva.it\/?page_id=7705"},"modified":"2020-02-19T00:28:53","modified_gmt":"2020-02-18T23:28:53","slug":"hotel-en-siena-en-las-proximidades-de-palacio-tolomei","status":"publish","type":"page","link":"https:\/\/www.albergominerva.it\/es\/hotel-en-siena-en-las-proximidades-de-palacio-tolomei\/","title":{"rendered":"Hotel en Siena en las proximidades del Palacio Tolomei"},"content":{"rendered":"\n<p><\/p>\n\n\n\n<p><strong>\u00bfNecesitas un alojamiento en un hotel en el \u00e1rea central de Siena pr\u00f3ximo al Palacio Tolomei?<\/strong><\/p>\n\n\n\n<figure><iframe loading=\"lazy\" src=\"https:\/\/www.google.com\/maps\/embed?pb=!1m28!1m12!1m3!1d2902.6121152278856!2d11.327766715330236!3d43.32237867913401!2m3!1f0!2f0!3f0!3m2!1i1024!2i768!4f13.1!4m13!3e2!4m5!1s0x132a2cc7df55564d%3A0xbb55bddd311ac99b!2sHOTEL+MINERVA%2C+Via+Giuseppe+Garibaldi%2C+Siena%2C+Province+of+Siena!3m2!1d43.324607!2d11.331828!4m5!1s0x132a2cb9db69cb35%3A0x4eade42fd6add6ea!2sPalazzo+Tolomei%2C+Siena%2C+Province+of+Siena!3m2!1d43.319935799999996!2d11.3311844!5e0!3m2!1sen!2sit!4v1524750152988\" width=\"600\" height=\"450\" allowfullscreen=\"allowfullscreen\"><\/iframe><\/figure>\n\n\n\n<p>Por esta raz\u00f3n, le recomendamos que haga una reserva en el Hotel Minerva, una experiencia \u00fanica dentro de un hotel de 3 estrellas el cual tiene su ubicaci\u00f3n en el centro hist\u00f3rico de Siena, cerca del Palacio Tolomei.<\/p>\n\n\n\n<p>Con un bar y estacionamiento cubierto con 20 plazas a su disposici\u00f3n a trav\u00e9s de una contribuci\u00f3n, con acceso directo al hotel. <\/p>\n\n\n\n<p>El Hotel Minerva incluye 56 habitaciones las cuales tienen aire acondicionado, todas diferentes, con presencia de conexi\u00f3n a Internet y que ofrece 4 tipos de estancia, o sea Econ\u00f3mica-Easy , Elegante-Est\u00e1ndar, Junior-Suite y Junior-Suite Doble.<\/p>\n\n\n\n<p>Las habitaciones Easy tienen su establecimiento en la parte interior y se presentan con una superficie a partir de 16 m\u00b2.<\/p>\n\n\n\n<p>Las habitaciones Elegantes cuentan con una visual del centro hist\u00f3rico de Siena y se calculan con un \u00e1rea que no es inferior a 19 m\u00b2.<\/p>\n\n\n\n<p>Las Junior-Suites tienen vistas a las bas\u00edlicas de San Francesco y Provenzano y se extienden por una superficie de m\u00ednimo 22 m\u00b2.<\/p>\n\n\n\n<p>Las Suites-Junior-Dobles resaltan gracias a la vision panor\u00e1mica del centro hist\u00f3rico de Siena y se extienden a partir de 19 m\u00b2 y con terrazas a su disposici\u00f3n a trav\u00e9s de una solicitud.<\/p>\n\n\n\n<p>Aqu\u00ed podr\u00e1 beneficiar de varias soluciones para su estancia por diversi\u00f3n o por trabajo, muchas de las cuales con una vista panor\u00e1mica de Siena.<\/p>\n\n\n\n<p>El Hotel Minerva luego, presenta adem\u00e1s, a intervalos regulares una verdadera galer\u00eda de arte moderno que cuentan colleciones de obras de pintores de Siena.<\/p>\n\n\n\n<p><strong>Nuestro hotel, no demasiado lejos del Palacio Tolomei, es silencioso y es un alojamiento adecuado para familias con ni\u00f1os. Incluido puede disfrutar de cunas, as\u00ed como calentadores de botellas, esterilizadores y una sala de juegos interna.<\/strong><\/p>\n\n\n\n<p>El Minerva est\u00e1 cerca tambi\u00e9n de dos parques infantiles y el Orto de \u2019Pecci, un magn\u00edfico jard\u00edn el cual permite ver animales de granja.<\/p>\n\n\n\n<p>El hotel Minerva, que no est\u00e1 lejos del Palacio Tolomei, tambi\u00e9n es un lugar \u00fanico para reuniones de negocios que satisfechan la solicitud de una conexi\u00f3n wi-fi y una sala de reuniones con vistas al centro hist\u00f3rico de Siena, que puede acoger hasta 40 personas y d\u00f3nde hay TV LED, proyector, retroproyector y todo el equipamiento m\u00e1s importante.<\/p>\n\n\n\n<p>Si damos un vistazo al desayuno, el Hotel Minerva pone a disposici\u00f3n un exquisito desayuno italiano e internacional con mermeladas genuinas y seleccionadas.<\/p>\n\n\n\n<p>El hotel se encuentra en la zona central de Siena, en calle Garibaldi, 72 a solo 2 minutos en coche de la estaci\u00f3n de tren y no se encuentra en una zona ZTL.<\/p>\n\n\n\n<p>Para hacer una reserva en este hotel que se encuentra en Siena, cerca del Palacio Tolomei, haga clic en Reservar en la esquina superior derecha o reserve directamente al n\u00famero de tel\u00e9fono 0577.284474 o reserve a trav\u00e9s de un correo electr\u00f3nico a info@albergominerva.it.<\/p>\n\n\n\n<p>De esta manera, llamando a este n\u00famero o haciendo una reserva directamente en el sitio, estar\u00e1 en condiciones de obtener importantes ahorros, ya que siempre le aseguramos el mejor precio garantizado.<\/p>\n\n\n\n<p><strong>Servicios prestados a los visitantes:<\/strong><\/p>\n\n\n\n<ul class=\"wp-block-list\"><li>garaje con videovigilancia de pago <\/li><li>servicio de informaci\u00f3n y gu\u00eda<\/li><li>propuestas de itinerarios.<\/li><\/ul>\n","protected":false},"excerpt":{"rendered":"<p>\u00bfNecesitas un alojamiento en un hotel en el \u00e1rea central de Siena pr\u00f3ximo al Palacio Tolomei? Por esta raz\u00f3n, le<\/p>\n","protected":false},"author":3,"featured_media":0,"parent":0,"menu_order":0,"comment_status":"closed","ping_status":"closed","template":"","meta":{"_acf_changed":false,"footnotes":""},"class_list":["post-7705","page","type-page","status-publish","hentry"],"acf":[],"yoast_head":"<!-- This site is optimized with the Yoast SEO plugin v26.4 - https:\/\/yoast.com\/wordpress\/plugins\/seo\/ -->\n<title>Hotel en Siena en las proximidades del Palacio Tolomei - Hotel Minerva Siena<\/title>\n<meta name=\"robots\" content=\"index, follow, max-snippet:-1, max-image-preview:large, max-video-preview:-1\" \/>\n<link rel=\"canonical\" href=\"https:\/\/www.albergominerva.it\/es\/hotel-en-siena-en-las-proximidades-de-palacio-tolomei\/\" \/>\n<meta property=\"og:locale\" content=\"es_ES\" \/>\n<meta property=\"og:type\" content=\"article\" \/>\n<meta property=\"og:title\" content=\"Hotel en Siena en las proximidades del Palacio Tolomei - Hotel Minerva Siena\" \/>\n<meta property=\"og:description\" content=\"\u00bfNecesitas un alojamiento en un hotel en el \u00e1rea central de Siena pr\u00f3ximo al Palacio Tolomei? Por esta raz\u00f3n, le\" \/>\n<meta property=\"og:url\" content=\"https:\/\/www.albergominerva.it\/es\/hotel-en-siena-en-las-proximidades-de-palacio-tolomei\/\" \/>\n<meta property=\"og:site_name\" content=\"Hotel Minerva Siena\" \/>\n<meta property=\"article:modified_time\" content=\"2020-02-18T23:28:53+00:00\" \/>\n<meta name=\"twitter:card\" content=\"summary_large_image\" \/>\n<meta name=\"twitter:label1\" content=\"Tiempo de lectura\" \/>\n\t<meta name=\"twitter:data1\" content=\"3 minutos\" \/>\n<script type=\"application\/ld+json\" class=\"yoast-schema-graph\">{\"@context\":\"https:\/\/schema.org\",\"@graph\":[{\"@type\":\"WebPage\",\"@id\":\"https:\/\/www.albergominerva.it\/es\/hotel-en-siena-en-las-proximidades-de-palacio-tolomei\/\",\"url\":\"https:\/\/www.albergominerva.it\/es\/hotel-en-siena-en-las-proximidades-de-palacio-tolomei\/\",\"name\":\"Hotel en Siena en las proximidades del Palacio Tolomei - Hotel Minerva Siena\",\"isPartOf\":{\"@id\":\"https:\/\/www.albergominerva.it\/es\/#website\"},\"datePublished\":\"2020-02-16T09:32:55+00:00\",\"dateModified\":\"2020-02-18T23:28:53+00:00\",\"breadcrumb\":{\"@id\":\"https:\/\/www.albergominerva.it\/es\/hotel-en-siena-en-las-proximidades-de-palacio-tolomei\/#breadcrumb\"},\"inLanguage\":\"es\",\"potentialAction\":[{\"@type\":\"ReadAction\",\"target\":[\"https:\/\/www.albergominerva.it\/es\/hotel-en-siena-en-las-proximidades-de-palacio-tolomei\/\"]}]},{\"@type\":\"BreadcrumbList\",\"@id\":\"https:\/\/www.albergominerva.it\/es\/hotel-en-siena-en-las-proximidades-de-palacio-tolomei\/#breadcrumb\",\"itemListElement\":[{\"@type\":\"ListItem\",\"position\":1,\"name\":\"Home\",\"item\":\"https:\/\/www.albergominerva.it\/es\/\"},{\"@type\":\"ListItem\",\"position\":2,\"name\":\"Hotel en Siena en las proximidades del Palacio Tolomei\"}]},{\"@type\":\"WebSite\",\"@id\":\"https:\/\/www.albergominerva.it\/es\/#website\",\"url\":\"https:\/\/www.albergominerva.it\/es\/\",\"name\":\"Hotel Minerva Siena\",\"description\":\"Hotel in Centro Storico a Siena - Toscana - Italy\",\"potentialAction\":[{\"@type\":\"SearchAction\",\"target\":{\"@type\":\"EntryPoint\",\"urlTemplate\":\"https:\/\/www.albergominerva.it\/es\/?s={search_term_string}\"},\"query-input\":{\"@type\":\"PropertyValueSpecification\",\"valueRequired\":true,\"valueName\":\"search_term_string\"}}],\"inLanguage\":\"es\"}]}<\/script>\n<!-- \/ Yoast SEO plugin. -->","yoast_head_json":{"title":"Hotel en Siena en las proximidades del Palacio Tolomei - Hotel Minerva Siena","robots":{"index":"index","follow":"follow","max-snippet":"max-snippet:-1","max-image-preview":"max-image-preview:large","max-video-preview":"max-video-preview:-1"},"canonical":"https:\/\/www.albergominerva.it\/es\/hotel-en-siena-en-las-proximidades-de-palacio-tolomei\/","og_locale":"es_ES","og_type":"article","og_title":"Hotel en Siena en las proximidades del Palacio Tolomei - Hotel Minerva Siena","og_description":"\u00bfNecesitas un alojamiento en un hotel en el \u00e1rea central de Siena pr\u00f3ximo al Palacio Tolomei? Por esta raz\u00f3n, le","og_url":"https:\/\/www.albergominerva.it\/es\/hotel-en-siena-en-las-proximidades-de-palacio-tolomei\/","og_site_name":"Hotel Minerva Siena","article_modified_time":"2020-02-18T23:28:53+00:00","twitter_card":"summary_large_image","twitter_misc":{"Tiempo de lectura":"3 minutos"},"schema":{"@context":"https:\/\/schema.org","@graph":[{"@type":"WebPage","@id":"https:\/\/www.albergominerva.it\/es\/hotel-en-siena-en-las-proximidades-de-palacio-tolomei\/","url":"https:\/\/www.albergominerva.it\/es\/hotel-en-siena-en-las-proximidades-de-palacio-tolomei\/","name":"Hotel en Siena en las proximidades del Palacio Tolomei - Hotel Minerva Siena","isPartOf":{"@id":"https:\/\/www.albergominerva.it\/es\/#website"},"datePublished":"2020-02-16T09:32:55+00:00","dateModified":"2020-02-18T23:28:53+00:00","breadcrumb":{"@id":"https:\/\/www.albergominerva.it\/es\/hotel-en-siena-en-las-proximidades-de-palacio-tolomei\/#breadcrumb"},"inLanguage":"es","potentialAction":[{"@type":"ReadAction","target":["https:\/\/www.albergominerva.it\/es\/hotel-en-siena-en-las-proximidades-de-palacio-tolomei\/"]}]},{"@type":"BreadcrumbList","@id":"https:\/\/www.albergominerva.it\/es\/hotel-en-siena-en-las-proximidades-de-palacio-tolomei\/#breadcrumb","itemListElement":[{"@type":"ListItem","position":1,"name":"Home","item":"https:\/\/www.albergominerva.it\/es\/"},{"@type":"ListItem","position":2,"name":"Hotel en Siena en las proximidades del Palacio Tolomei"}]},{"@type":"WebSite","@id":"https:\/\/www.albergominerva.it\/es\/#website","url":"https:\/\/www.albergominerva.it\/es\/","name":"Hotel Minerva Siena","description":"Hotel in Centro Storico a Siena - Toscana - Italy","potentialAction":[{"@type":"SearchAction","target":{"@type":"EntryPoint","urlTemplate":"https:\/\/www.albergominerva.it\/es\/?s={search_term_string}"},"query-input":{"@type":"PropertyValueSpecification","valueRequired":true,"valueName":"search_term_string"}}],"inLanguage":"es"}]}},"_links":{"self":[{"href":"https:\/\/www.albergominerva.it\/es\/wp-json\/wp\/v2\/pages\/7705","targetHints":{"allow":["GET"]}}],"collection":[{"href":"https:\/\/www.albergominerva.it\/es\/wp-json\/wp\/v2\/pages"}],"about":[{"href":"https:\/\/www.albergominerva.it\/es\/wp-json\/wp\/v2\/types\/page"}],"author":[{"embeddable":true,"href":"https:\/\/www.albergominerva.it\/es\/wp-json\/wp\/v2\/users\/3"}],"replies":[{"embeddable":true,"href":"https:\/\/www.albergominerva.it\/es\/wp-json\/wp\/v2\/comments?post=7705"}],"version-history":[{"count":4,"href":"https:\/\/www.albergominerva.it\/es\/wp-json\/wp\/v2\/pages\/7705\/revisions"}],"predecessor-version":[{"id":7969,"href":"https:\/\/www.albergominerva.it\/es\/wp-json\/wp\/v2\/pages\/7705\/revisions\/7969"}],"wp:attachment":[{"href":"https:\/\/www.albergominerva.it\/es\/wp-json\/wp\/v2\/media?parent=7705"}],"curies":[{"name":"wp","href":"https:\/\/api.w.org\/{rel}","templated":true}]}}