{"id":7714,"date":"2020-02-16T10:43:13","date_gmt":"2020-02-16T09:43:13","guid":{"rendered":"https:\/\/www.albergominerva.it\/?page_id=7714"},"modified":"2020-02-17T15:44:35","modified_gmt":"2020-02-17T14:44:35","slug":"hotel-que-se-encuentran-en-siena-cerca-de-estacion-de-flixbus","status":"publish","type":"page","link":"https:\/\/www.albergominerva.it\/es\/hotel-que-se-encuentran-en-siena-cerca-de-estacion-de-flixbus\/","title":{"rendered":"Hotel que se encuentran en Siena cerca de la Estacion De Flixbus"},"content":{"rendered":"\n<p><\/p>\n\n\n\n<p><strong>\u00bfQuieres reservar en un hotel en la ciudad de Siena en una zona cerca a la Estacion de Flixbus?<\/strong><\/p>\n\n\n\n<figure><iframe loading=\"lazy\" src=\"https:\/\/www.google.com\/maps\/embed?pb=!1m28!1m12!1m3!1d5804.682129331863!2d11.322669576435006!3d43.32805161653506!2m3!1f0!2f0!3f0!3m2!1i1024!2i768!4f13.1!4m13!3e2!4m5!1s0x132a2cc7df55564d%3A0xbb55bddd311ac99b!2sHOTEL+MINERVA%2C+Via+Giuseppe+Garibaldi%2C+Siena%2C+Province+of+Siena!3m2!1d43.324607!2d11.331828!4m5!1s0x132a2cc2fc088611%3A0x5897f871c8ba23d8!2sPiazzale+Carlo+Rosselli%2C+12%2C+Siena%2C+Province+of+Siena!3m2!1d43.3314964!2d11.32291!5e0!3m2!1sen!2sit!4v1524751878679\" width=\"600\" height=\"450\" allowfullscreen=\"allowfullscreen\"><\/iframe><\/figure>\n\n\n\n<p>Entonces, le sugerimos asegurarse una habitaci\u00f3n en el Hotel Minerva, un maravilloso hotel de 3 estrellas en el centro hist\u00f3rico de Siena, no demasiado lejos de la Estacion De Flixbus.<\/p>\n\n\n\n<p>El Minerva cuenta con un bar y estacionamiento cubierto con 20 plazas a su disposici\u00f3n con una contribuci\u00f3n, a trav\u00e9s del cual entras directamente al hotel. <\/p>\n\n\n\n<p>El Hotel Minerva cuenta con 56 habitaciones equipadas con aire acondicionado, distintas la una de la otra, con la posibilidad de navegar en Internet gratuitamente y que cuenta con diferentes paquetes de habitaciones Econ\u00f3mica-Easy , Elegante-Est\u00e1ndar, Junior-Suite y Junior-Suite Doble.<\/p>\n\n\n\n<p>Las habitaciones Easy se encuentran en la parte interna y se expanden dentro de una superficie a partir de 16 m\u00b2.<\/p>\n\n\n\n<p>Las habitaciones Elegantes ofrecen un panorama del centro hist\u00f3rico de Siena y se calculan con un \u00e1rea que no es inferior a 19 m\u00b2.<\/p>\n\n\n\n<p>Las Junior Suites cuentan con un panorama de las bas\u00edlicas de San Francesco y Provenzano y son grandes como minimo 22 m\u00b2.<\/p>\n\n\n\n<p>Las Suites-Junior Dobles permiten ver el centro hist\u00f3rico de Siena y son grandes como m\u00ednimo 19 m\u00b2 y con terrazas a su disposici\u00f3n a trav\u00e9s de una solicitud.<\/p>\n\n\n\n<p>En consecuencia, podr\u00e1 elegir entre varias soluciones para su estancia por diversi\u00f3n o por trabajo, muchas de las cuales con una vista panor\u00e1mica de Siena.<\/p>\n\n\n\n<p>El Hotel Minerva, luego, tiene adicionalmente en el interior, peri\u00f3dicamente, una verdadera galer\u00eda de arte moderno que presenta obras de pintores de Siena.<\/p>\n\n\n\n<p>Nuestro hotel cerca de LA Estacion de Flixbus, es silencioso y un alojamiento adecuado para familias con ni\u00f1os. Puedes obtener, si necesita cunas, as\u00ed como calentadores de botellas, esterilizadores y una sala de juegos interna.<\/p>\n\n\n\n<p>El Minerva no es demasiado lejos de dos parques infantiles y el Orto de \u2019Pecci, un magn\u00edfico jard\u00edn con animales de granja.<\/p>\n\n\n\n<p>El hotel Minerva, que no est\u00e1 lejos de la Estacion de Flixbus, tambi\u00e9n es un lugar que se puede disfrutar para reuniones de negocios porque  tiene una conexi\u00f3n wi-fi y una sala de reuniones con vistas al centro hist\u00f3rico de Siena, que puede acoger hasta 40 personas y d\u00f3nde , si solicitado, se puede disfrutar de TV LED, proyector, retroproyector y todo el equipamiento m\u00e1s importante.<\/p>\n\n\n\n<p><strong>Desde el punto de vista del desayuno, el Hotel Minerva cuenta con un exquisito desayuno italiano e internacional con mermeladas genuinas y seleccionadas.<\/strong><\/p>\n\n\n\n<p>El hotel est\u00e1 ubicado en Siena, en calle Garibaldi, 72 y se puede llegar en solo 2 minutos en coche de la estaci\u00f3n de tren y tampoco en una zona ZTL.<\/p>\n\n\n\n<p>Para hacer una reserva en este hotel, que se encuentra en Siena, en la zona de la Estacion de Flixbus, haga clic en Reservar en la esquina superior derecha o reserve directamente al n\u00famero de tel\u00e9fono 0577.284474 o reserve a trav\u00e9s de un correo electr\u00f3nico a info@albergominerva.it.<\/p>\n\n\n\n<p>Llamando a este n\u00famero o reservando desde el sitio, estar\u00e1 en condiciones de asegurarse el precio m\u00e0s bajo, ya que siempre le aseguramos el mejor precio garantizado.<\/p>\n\n\n\n<p><strong>Servicios destinados a los hu\u00e9spedes:<\/strong><\/p>\n\n\n\n<ul class=\"wp-block-list\"><li>garaje con videovigilancia de pago <\/li><li>servicio de informaci\u00f3n y gu\u00eda<\/li><li>asistencia para los itinerarios.<\/li><\/ul>\n","protected":false},"excerpt":{"rendered":"<p>\u00bfQuieres reservar en un hotel en la ciudad de Siena en una zona cerca a la Estacion de Flixbus? Entonces,<\/p>\n","protected":false},"author":3,"featured_media":0,"parent":0,"menu_order":0,"comment_status":"closed","ping_status":"closed","template":"","meta":{"_acf_changed":false,"footnotes":""},"class_list":["post-7714","page","type-page","status-publish","hentry"],"acf":[],"yoast_head":"<!-- This site is optimized with the Yoast SEO plugin v26.4 - https:\/\/yoast.com\/wordpress\/plugins\/seo\/ -->\n<title>Hotel que se encuentran en Siena cerca de la Estacion De Flixbus - Hotel Minerva Siena<\/title>\n<meta name=\"robots\" content=\"index, follow, max-snippet:-1, max-image-preview:large, max-video-preview:-1\" \/>\n<link rel=\"canonical\" href=\"https:\/\/www.albergominerva.it\/es\/hotel-que-se-encuentran-en-siena-cerca-de-estacion-de-flixbus\/\" \/>\n<meta property=\"og:locale\" content=\"es_ES\" \/>\n<meta property=\"og:type\" content=\"article\" \/>\n<meta property=\"og:title\" content=\"Hotel que se encuentran en Siena cerca de la Estacion De Flixbus - Hotel Minerva Siena\" \/>\n<meta property=\"og:description\" content=\"\u00bfQuieres reservar en un hotel en la ciudad de Siena en una zona cerca a la Estacion de Flixbus? Entonces,\" \/>\n<meta property=\"og:url\" content=\"https:\/\/www.albergominerva.it\/es\/hotel-que-se-encuentran-en-siena-cerca-de-estacion-de-flixbus\/\" \/>\n<meta property=\"og:site_name\" content=\"Hotel Minerva Siena\" \/>\n<meta property=\"article:modified_time\" content=\"2020-02-17T14:44:35+00:00\" \/>\n<meta name=\"twitter:card\" content=\"summary_large_image\" \/>\n<meta name=\"twitter:label1\" content=\"Tiempo de lectura\" \/>\n\t<meta name=\"twitter:data1\" content=\"3 minutos\" \/>\n<script type=\"application\/ld+json\" class=\"yoast-schema-graph\">{\"@context\":\"https:\/\/schema.org\",\"@graph\":[{\"@type\":\"WebPage\",\"@id\":\"https:\/\/www.albergominerva.it\/es\/hotel-que-se-encuentran-en-siena-cerca-de-estacion-de-flixbus\/\",\"url\":\"https:\/\/www.albergominerva.it\/es\/hotel-que-se-encuentran-en-siena-cerca-de-estacion-de-flixbus\/\",\"name\":\"Hotel que se encuentran en Siena cerca de la Estacion De Flixbus - Hotel Minerva Siena\",\"isPartOf\":{\"@id\":\"https:\/\/www.albergominerva.it\/es\/#website\"},\"datePublished\":\"2020-02-16T09:43:13+00:00\",\"dateModified\":\"2020-02-17T14:44:35+00:00\",\"breadcrumb\":{\"@id\":\"https:\/\/www.albergominerva.it\/es\/hotel-que-se-encuentran-en-siena-cerca-de-estacion-de-flixbus\/#breadcrumb\"},\"inLanguage\":\"es\",\"potentialAction\":[{\"@type\":\"ReadAction\",\"target\":[\"https:\/\/www.albergominerva.it\/es\/hotel-que-se-encuentran-en-siena-cerca-de-estacion-de-flixbus\/\"]}]},{\"@type\":\"BreadcrumbList\",\"@id\":\"https:\/\/www.albergominerva.it\/es\/hotel-que-se-encuentran-en-siena-cerca-de-estacion-de-flixbus\/#breadcrumb\",\"itemListElement\":[{\"@type\":\"ListItem\",\"position\":1,\"name\":\"Home\",\"item\":\"https:\/\/www.albergominerva.it\/es\/\"},{\"@type\":\"ListItem\",\"position\":2,\"name\":\"Hotel que se encuentran en Siena cerca de la Estacion De Flixbus\"}]},{\"@type\":\"WebSite\",\"@id\":\"https:\/\/www.albergominerva.it\/es\/#website\",\"url\":\"https:\/\/www.albergominerva.it\/es\/\",\"name\":\"Hotel Minerva Siena\",\"description\":\"Hotel in Centro Storico a Siena - Toscana - Italy\",\"potentialAction\":[{\"@type\":\"SearchAction\",\"target\":{\"@type\":\"EntryPoint\",\"urlTemplate\":\"https:\/\/www.albergominerva.it\/es\/?s={search_term_string}\"},\"query-input\":{\"@type\":\"PropertyValueSpecification\",\"valueRequired\":true,\"valueName\":\"search_term_string\"}}],\"inLanguage\":\"es\"}]}<\/script>\n<!-- \/ Yoast SEO plugin. -->","yoast_head_json":{"title":"Hotel que se encuentran en Siena cerca de la Estacion De Flixbus - Hotel Minerva Siena","robots":{"index":"index","follow":"follow","max-snippet":"max-snippet:-1","max-image-preview":"max-image-preview:large","max-video-preview":"max-video-preview:-1"},"canonical":"https:\/\/www.albergominerva.it\/es\/hotel-que-se-encuentran-en-siena-cerca-de-estacion-de-flixbus\/","og_locale":"es_ES","og_type":"article","og_title":"Hotel que se encuentran en Siena cerca de la Estacion De Flixbus - Hotel Minerva Siena","og_description":"\u00bfQuieres reservar en un hotel en la ciudad de Siena en una zona cerca a la Estacion de Flixbus? Entonces,","og_url":"https:\/\/www.albergominerva.it\/es\/hotel-que-se-encuentran-en-siena-cerca-de-estacion-de-flixbus\/","og_site_name":"Hotel Minerva Siena","article_modified_time":"2020-02-17T14:44:35+00:00","twitter_card":"summary_large_image","twitter_misc":{"Tiempo de lectura":"3 minutos"},"schema":{"@context":"https:\/\/schema.org","@graph":[{"@type":"WebPage","@id":"https:\/\/www.albergominerva.it\/es\/hotel-que-se-encuentran-en-siena-cerca-de-estacion-de-flixbus\/","url":"https:\/\/www.albergominerva.it\/es\/hotel-que-se-encuentran-en-siena-cerca-de-estacion-de-flixbus\/","name":"Hotel que se encuentran en Siena cerca de la Estacion De Flixbus - Hotel Minerva Siena","isPartOf":{"@id":"https:\/\/www.albergominerva.it\/es\/#website"},"datePublished":"2020-02-16T09:43:13+00:00","dateModified":"2020-02-17T14:44:35+00:00","breadcrumb":{"@id":"https:\/\/www.albergominerva.it\/es\/hotel-que-se-encuentran-en-siena-cerca-de-estacion-de-flixbus\/#breadcrumb"},"inLanguage":"es","potentialAction":[{"@type":"ReadAction","target":["https:\/\/www.albergominerva.it\/es\/hotel-que-se-encuentran-en-siena-cerca-de-estacion-de-flixbus\/"]}]},{"@type":"BreadcrumbList","@id":"https:\/\/www.albergominerva.it\/es\/hotel-que-se-encuentran-en-siena-cerca-de-estacion-de-flixbus\/#breadcrumb","itemListElement":[{"@type":"ListItem","position":1,"name":"Home","item":"https:\/\/www.albergominerva.it\/es\/"},{"@type":"ListItem","position":2,"name":"Hotel que se encuentran en Siena cerca de la Estacion De Flixbus"}]},{"@type":"WebSite","@id":"https:\/\/www.albergominerva.it\/es\/#website","url":"https:\/\/www.albergominerva.it\/es\/","name":"Hotel Minerva Siena","description":"Hotel in Centro Storico a Siena - Toscana - Italy","potentialAction":[{"@type":"SearchAction","target":{"@type":"EntryPoint","urlTemplate":"https:\/\/www.albergominerva.it\/es\/?s={search_term_string}"},"query-input":{"@type":"PropertyValueSpecification","valueRequired":true,"valueName":"search_term_string"}}],"inLanguage":"es"}]}},"_links":{"self":[{"href":"https:\/\/www.albergominerva.it\/es\/wp-json\/wp\/v2\/pages\/7714","targetHints":{"allow":["GET"]}}],"collection":[{"href":"https:\/\/www.albergominerva.it\/es\/wp-json\/wp\/v2\/pages"}],"about":[{"href":"https:\/\/www.albergominerva.it\/es\/wp-json\/wp\/v2\/types\/page"}],"author":[{"embeddable":true,"href":"https:\/\/www.albergominerva.it\/es\/wp-json\/wp\/v2\/users\/3"}],"replies":[{"embeddable":true,"href":"https:\/\/www.albergominerva.it\/es\/wp-json\/wp\/v2\/comments?post=7714"}],"version-history":[{"count":2,"href":"https:\/\/www.albergominerva.it\/es\/wp-json\/wp\/v2\/pages\/7714\/revisions"}],"predecessor-version":[{"id":7778,"href":"https:\/\/www.albergominerva.it\/es\/wp-json\/wp\/v2\/pages\/7714\/revisions\/7778"}],"wp:attachment":[{"href":"https:\/\/www.albergominerva.it\/es\/wp-json\/wp\/v2\/media?parent=7714"}],"curies":[{"name":"wp","href":"https:\/\/api.w.org\/{rel}","templated":true}]}}