{"id":7724,"date":"2020-02-16T10:55:09","date_gmt":"2020-02-16T09:55:09","guid":{"rendered":"https:\/\/www.albergominerva.it\/?page_id=7724"},"modified":"2020-02-17T14:53:41","modified_gmt":"2020-02-17T13:53:41","slug":"hotel-que-tienen-su-ubicacion-en-siena-en-las-zonas-limitrofes-de-iglesia-de-santa-maria-en-provenzano","status":"publish","type":"page","link":"https:\/\/www.albergominerva.it\/es\/hotel-que-tienen-su-ubicacion-en-siena-en-las-zonas-limitrofes-de-iglesia-de-santa-maria-en-provenzano\/","title":{"rendered":"Hotel que posee su ubicaci\u00f3n en Siena, en las zonas lim\u00edtrofes de la Iglesia De Santa Maria En Provenzano"},"content":{"rendered":"\n<p><\/p>\n\n\n\n<p><strong>\u00bfBuscas a un hotel a los alrededores de Siena y pr\u00f3ximo a la Iglesia de Santa Maria en Provenzano?<\/strong><\/p>\n\n\n\n<figure><iframe loading=\"lazy\" src=\"https:\/\/www.google.com\/maps\/embed?pb=!1m28!1m12!1m3!1d2902.608966716965!2d11.328398665330244!3d43.322444579134014!2m3!1f0!2f0!3f0!3m2!1i1024!2i768!4f13.1!4m13!3e2!4m5!1s0x132a2cc7df55564d%3A0xbb55bddd311ac99b!2sHOTEL+MINERVA%2C+Via+Giuseppe+Garibaldi%2C+Siena%2C+Province+of+Siena!3m2!1d43.324607!2d11.331828!4m5!1s0x132a2cb79ba6eb39%3A0xb0d1d9d957a7b355!2sInsigne+Collegiata+di+Santa+Maria+in+Provenzano%2C+Piazza+Provenzano%2C+Siena%2C+Province+of+Siena!3m2!1d43.320763899999996!2d11.3325137!5e0!3m2!1sen!2sit!4v1524754419572\" width=\"600\" height=\"450\" allowfullscreen=\"allowfullscreen\"><\/iframe><\/figure>\n\n\n\n<p>Por esta raz\u00f3n, le recomendamos que haga una reserva en el Hotel Minerva, un espl\u00e9ndido hotel de 3 estrellas que se encuentra en el centro hist\u00f3rico de Siena, a pocos pasos de la Iglesia de Santa Maria en Provenzano.<\/p>\n\n\n\n<p>Equipado con un bar, estacionamiento cubierto con 20 plazas disponibles, pagando una suma designada, a trav\u00e9s del cual entras directamente al hotel. <\/p>\n\n\n\n<p>El Hotel Minerva posee un total de 56 habitaciones las cuales tienen aire acondicionado, distintas la una de la otra, con presencia de conexi\u00f3n a Internet y que ofrece 4 tipos de estancia, o sea, Econ\u00f3mica-Easy , Elegante-Est\u00e1ndar, Junior-Suite y Junior-Suite Doble.<\/p>\n\n\n\n<p>Las habitaciones  Econ\u00f3mica-Easy se encuentran en la parte interna y cuentan algo como una superficie a partir de 16 m\u00b2.<\/p>\n\n\n\n<p>Las habitaciones elegantes-Est\u00e1ndar ofrecen un panorama del centro hist\u00f3rico de Siena y cuentan una superficie a partir de 19 m\u00b2.<\/p>\n\n\n\n<p>Las Junior-Suites te permiten ver las bas\u00edlicas de San Francesco y Provenzano y son grandes como minimo 22 m\u00b2.<\/p>\n\n\n\n<p>Las Suites-Junior-Dobles miran hacia el centro hist\u00f3rico de Siena y son grandes como m\u00ednimo 19 m\u00b2 y donde existe la posibilidad de tener una terraza si solicitada previamente.<\/p>\n\n\n\n<p>En este momento, podr\u00e1 decidir entre varias soluciones para su estancia por diversi\u00f3n o por trabajo, muchas de las cuales con una vista panor\u00e1mica de Siena.<\/p>\n\n\n\n<p>El Hotel Minerva, luego, ofrece a su interior, peri\u00f3dicamente, una verdadera galer\u00eda de arte moderno la cual cuenta con obras de pintores de Siena.<\/p>\n\n\n\n<p>Nuestro hotel, en la proximidad de la Iglesia de Santa Maria en Provenzano, es silencioso y adecuado para familias con ni\u00f1os. Incluido proporcionamos cunas, as\u00ed como calentadores de botellas, esterilizadores y una sala de juegos interna.<\/p>\n\n\n\n<p><strong>El Minerva no es demasiado lejos de dos parques infantiles y el Orto de \u2019Pecci, un magn\u00edfico jard\u00edn con muchos y varios animales de granja.<\/strong><\/p>\n\n\n\n<p>El hotel Minerva, alcanzable r\u00e1pidamente de la Iglesia De Santa Maria en Provenzano, es tambi\u00e9n un lugar \u00fanico para reuniones de negocios, las cuales pueden disfrutar de una conexi\u00f3n wi-fi, una sala de reuniones con vistas al centro hist\u00f3rico de Siena, que puede acoger hasta 40 personas y d\u00f3nde se puede poner a disposicion TV LED, proyector, retroproyector y todo el equipamiento m\u00e1s importante.<\/p>\n\n\n\n<p>Si damos un vistazo al desayuno, el Hotel Minerva tiene a disposici\u00f3n un exquisito desayuno italiano e internacional con mermeladas genuinas y seleccionadas.<\/p>\n\n\n\n<p>El hotel tiene su ubicaci\u00f3n en Siena, en calle Garibaldi, 72 no demasiado lejos, solo 2 minutos en coche de la estaci\u00f3n de tren y no se encuentra en una zona ZTL.<\/p>\n\n\n\n<p>Para reservar en este hotel, en la zona de Siena, a poca distancia de Iglesia de Santa Maria en Provenzano, haga clic en Reservar en la esquina superior derecha o reserve directamente al n\u00famero de tel\u00e9fono 0577.284474 o escriba un correo electr\u00f3nico a info@albergominerva.it.<\/p>\n\n\n\n<p>Contactando a este n\u00famero o reservando desde el sitio, tendr\u00e1 la oportunidad de recivir ahorros significativos, ya que siempre le aseguramos el mejor precio garantizado.<\/p>\n\n\n\n<p><strong>Servicios:<\/strong><\/p>\n\n\n\n<ul class=\"wp-block-list\"><li>garaje con videovigilancia disponible frente de una contribuci\u00f3n <\/li><li>servicio de informaci\u00f3n y gu\u00eda<\/li><li>asistencia para los itinerarios.<\/li><\/ul>\n","protected":false},"excerpt":{"rendered":"<p>\u00bfBuscas a un hotel a los alrededores de Siena y pr\u00f3ximo a la Iglesia de Santa Maria en Provenzano? Por<\/p>\n","protected":false},"author":3,"featured_media":0,"parent":0,"menu_order":0,"comment_status":"closed","ping_status":"closed","template":"","meta":{"_acf_changed":false,"footnotes":""},"class_list":["post-7724","page","type-page","status-publish","hentry"],"acf":[],"yoast_head":"<!-- This site is optimized with the Yoast SEO plugin v27.4 - https:\/\/yoast.com\/product\/yoast-seo-wordpress\/ -->\n<title>Hotel que posee su ubicaci\u00f3n en Siena, en las zonas lim\u00edtrofes de la Iglesia De Santa Maria En Provenzano - Hotel Minerva Siena<\/title>\n<meta name=\"robots\" content=\"index, follow, max-snippet:-1, max-image-preview:large, max-video-preview:-1\" \/>\n<link rel=\"canonical\" href=\"https:\/\/www.albergominerva.it\/es\/hotel-que-tienen-su-ubicacion-en-siena-en-las-zonas-limitrofes-de-iglesia-de-santa-maria-en-provenzano\/\" \/>\n<meta property=\"og:locale\" content=\"es_ES\" \/>\n<meta property=\"og:type\" content=\"article\" \/>\n<meta property=\"og:title\" content=\"Hotel que posee su ubicaci\u00f3n en Siena, en las zonas lim\u00edtrofes de la Iglesia De Santa Maria En Provenzano - Hotel Minerva Siena\" \/>\n<meta property=\"og:description\" content=\"\u00bfBuscas a un hotel a los alrededores de Siena y pr\u00f3ximo a la Iglesia de Santa Maria en Provenzano? Por\" \/>\n<meta property=\"og:url\" content=\"https:\/\/www.albergominerva.it\/es\/hotel-que-tienen-su-ubicacion-en-siena-en-las-zonas-limitrofes-de-iglesia-de-santa-maria-en-provenzano\/\" \/>\n<meta property=\"og:site_name\" content=\"Hotel Minerva Siena\" \/>\n<meta property=\"article:modified_time\" content=\"2020-02-17T13:53:41+00:00\" \/>\n<meta name=\"twitter:card\" content=\"summary_large_image\" \/>\n<meta name=\"twitter:label1\" content=\"Tiempo de lectura\" \/>\n\t<meta name=\"twitter:data1\" content=\"3 minutos\" \/>\n<script type=\"application\/ld+json\" class=\"yoast-schema-graph\">{\"@context\":\"https:\\\/\\\/schema.org\",\"@graph\":[{\"@type\":\"WebPage\",\"@id\":\"https:\\\/\\\/www.albergominerva.it\\\/es\\\/hotel-que-tienen-su-ubicacion-en-siena-en-las-zonas-limitrofes-de-iglesia-de-santa-maria-en-provenzano\\\/\",\"url\":\"https:\\\/\\\/www.albergominerva.it\\\/es\\\/hotel-que-tienen-su-ubicacion-en-siena-en-las-zonas-limitrofes-de-iglesia-de-santa-maria-en-provenzano\\\/\",\"name\":\"Hotel que posee su ubicaci\u00f3n en Siena, en las zonas lim\u00edtrofes de la Iglesia De Santa Maria En Provenzano - Hotel Minerva Siena\",\"isPartOf\":{\"@id\":\"https:\\\/\\\/www.albergominerva.it\\\/es\\\/#website\"},\"datePublished\":\"2020-02-16T09:55:09+00:00\",\"dateModified\":\"2020-02-17T13:53:41+00:00\",\"breadcrumb\":{\"@id\":\"https:\\\/\\\/www.albergominerva.it\\\/es\\\/hotel-que-tienen-su-ubicacion-en-siena-en-las-zonas-limitrofes-de-iglesia-de-santa-maria-en-provenzano\\\/#breadcrumb\"},\"inLanguage\":\"es\",\"potentialAction\":[{\"@type\":\"ReadAction\",\"target\":[\"https:\\\/\\\/www.albergominerva.it\\\/es\\\/hotel-que-tienen-su-ubicacion-en-siena-en-las-zonas-limitrofes-de-iglesia-de-santa-maria-en-provenzano\\\/\"]}]},{\"@type\":\"BreadcrumbList\",\"@id\":\"https:\\\/\\\/www.albergominerva.it\\\/es\\\/hotel-que-tienen-su-ubicacion-en-siena-en-las-zonas-limitrofes-de-iglesia-de-santa-maria-en-provenzano\\\/#breadcrumb\",\"itemListElement\":[{\"@type\":\"ListItem\",\"position\":1,\"name\":\"Home\",\"item\":\"https:\\\/\\\/www.albergominerva.it\\\/es\\\/\"},{\"@type\":\"ListItem\",\"position\":2,\"name\":\"Hotel que posee su ubicaci\u00f3n en Siena, en las zonas lim\u00edtrofes de la Iglesia De Santa Maria En Provenzano\"}]},{\"@type\":\"WebSite\",\"@id\":\"https:\\\/\\\/www.albergominerva.it\\\/es\\\/#website\",\"url\":\"https:\\\/\\\/www.albergominerva.it\\\/es\\\/\",\"name\":\"Hotel Minerva Siena\",\"description\":\"Hotel in Centro Storico a Siena - Toscana - Italy\",\"potentialAction\":[{\"@type\":\"SearchAction\",\"target\":{\"@type\":\"EntryPoint\",\"urlTemplate\":\"https:\\\/\\\/www.albergominerva.it\\\/es\\\/?s={search_term_string}\"},\"query-input\":{\"@type\":\"PropertyValueSpecification\",\"valueRequired\":true,\"valueName\":\"search_term_string\"}}],\"inLanguage\":\"es\"}]}<\/script>\n<!-- \/ Yoast SEO plugin. -->","yoast_head_json":{"title":"Hotel que posee su ubicaci\u00f3n en Siena, en las zonas lim\u00edtrofes de la Iglesia De Santa Maria En Provenzano - Hotel Minerva Siena","robots":{"index":"index","follow":"follow","max-snippet":"max-snippet:-1","max-image-preview":"max-image-preview:large","max-video-preview":"max-video-preview:-1"},"canonical":"https:\/\/www.albergominerva.it\/es\/hotel-que-tienen-su-ubicacion-en-siena-en-las-zonas-limitrofes-de-iglesia-de-santa-maria-en-provenzano\/","og_locale":"es_ES","og_type":"article","og_title":"Hotel que posee su ubicaci\u00f3n en Siena, en las zonas lim\u00edtrofes de la Iglesia De Santa Maria En Provenzano - Hotel Minerva Siena","og_description":"\u00bfBuscas a un hotel a los alrededores de Siena y pr\u00f3ximo a la Iglesia de Santa Maria en Provenzano? Por","og_url":"https:\/\/www.albergominerva.it\/es\/hotel-que-tienen-su-ubicacion-en-siena-en-las-zonas-limitrofes-de-iglesia-de-santa-maria-en-provenzano\/","og_site_name":"Hotel Minerva Siena","article_modified_time":"2020-02-17T13:53:41+00:00","twitter_card":"summary_large_image","twitter_misc":{"Tiempo de lectura":"3 minutos"},"schema":{"@context":"https:\/\/schema.org","@graph":[{"@type":"WebPage","@id":"https:\/\/www.albergominerva.it\/es\/hotel-que-tienen-su-ubicacion-en-siena-en-las-zonas-limitrofes-de-iglesia-de-santa-maria-en-provenzano\/","url":"https:\/\/www.albergominerva.it\/es\/hotel-que-tienen-su-ubicacion-en-siena-en-las-zonas-limitrofes-de-iglesia-de-santa-maria-en-provenzano\/","name":"Hotel que posee su ubicaci\u00f3n en Siena, en las zonas lim\u00edtrofes de la Iglesia De Santa Maria En Provenzano - Hotel Minerva Siena","isPartOf":{"@id":"https:\/\/www.albergominerva.it\/es\/#website"},"datePublished":"2020-02-16T09:55:09+00:00","dateModified":"2020-02-17T13:53:41+00:00","breadcrumb":{"@id":"https:\/\/www.albergominerva.it\/es\/hotel-que-tienen-su-ubicacion-en-siena-en-las-zonas-limitrofes-de-iglesia-de-santa-maria-en-provenzano\/#breadcrumb"},"inLanguage":"es","potentialAction":[{"@type":"ReadAction","target":["https:\/\/www.albergominerva.it\/es\/hotel-que-tienen-su-ubicacion-en-siena-en-las-zonas-limitrofes-de-iglesia-de-santa-maria-en-provenzano\/"]}]},{"@type":"BreadcrumbList","@id":"https:\/\/www.albergominerva.it\/es\/hotel-que-tienen-su-ubicacion-en-siena-en-las-zonas-limitrofes-de-iglesia-de-santa-maria-en-provenzano\/#breadcrumb","itemListElement":[{"@type":"ListItem","position":1,"name":"Home","item":"https:\/\/www.albergominerva.it\/es\/"},{"@type":"ListItem","position":2,"name":"Hotel que posee su ubicaci\u00f3n en Siena, en las zonas lim\u00edtrofes de la Iglesia De Santa Maria En Provenzano"}]},{"@type":"WebSite","@id":"https:\/\/www.albergominerva.it\/es\/#website","url":"https:\/\/www.albergominerva.it\/es\/","name":"Hotel Minerva Siena","description":"Hotel in Centro Storico a Siena - Toscana - Italy","potentialAction":[{"@type":"SearchAction","target":{"@type":"EntryPoint","urlTemplate":"https:\/\/www.albergominerva.it\/es\/?s={search_term_string}"},"query-input":{"@type":"PropertyValueSpecification","valueRequired":true,"valueName":"search_term_string"}}],"inLanguage":"es"}]}},"_links":{"self":[{"href":"https:\/\/www.albergominerva.it\/es\/wp-json\/wp\/v2\/pages\/7724","targetHints":{"allow":["GET"]}}],"collection":[{"href":"https:\/\/www.albergominerva.it\/es\/wp-json\/wp\/v2\/pages"}],"about":[{"href":"https:\/\/www.albergominerva.it\/es\/wp-json\/wp\/v2\/types\/page"}],"author":[{"embeddable":true,"href":"https:\/\/www.albergominerva.it\/es\/wp-json\/wp\/v2\/users\/3"}],"replies":[{"embeddable":true,"href":"https:\/\/www.albergominerva.it\/es\/wp-json\/wp\/v2\/comments?post=7724"}],"version-history":[{"count":3,"href":"https:\/\/www.albergominerva.it\/es\/wp-json\/wp\/v2\/pages\/7724\/revisions"}],"predecessor-version":[{"id":7772,"href":"https:\/\/www.albergominerva.it\/es\/wp-json\/wp\/v2\/pages\/7724\/revisions\/7772"}],"wp:attachment":[{"href":"https:\/\/www.albergominerva.it\/es\/wp-json\/wp\/v2\/media?parent=7724"}],"curies":[{"name":"wp","href":"https:\/\/api.w.org\/{rel}","templated":true}]}}