{"id":7737,"date":"2020-02-16T11:07:53","date_gmt":"2020-02-16T10:07:53","guid":{"rendered":"https:\/\/www.albergominerva.it\/?page_id=7737"},"modified":"2020-02-17T12:46:27","modified_gmt":"2020-02-17T11:46:27","slug":"hotel-que-se-encuentran-en-siena-cerca-de-basilica-de-santa-maria-dei-servi","status":"publish","type":"page","link":"https:\/\/www.albergominerva.it\/es\/hotel-que-se-encuentran-en-siena-cerca-de-basilica-de-santa-maria-dei-servi\/","title":{"rendered":"Hotel que se encuentran en Siena cerca de la Basilica De Santa Maria Dei Servi"},"content":{"rendered":"\n<p><\/p>\n\n\n\n<p><strong>\u00bfNecesitas un alojamiento en un hotel en la ciudad de Siena que no sea distante de la Basilica De Santa Maria Dei Servi?<\/strong><\/p>\n\n\n\n<figure><iframe loading=\"lazy\" src=\"https:\/\/www.google.com\/maps\/embed?pb=!1m28!1m12!1m3!1d5805.45105787843!2d11.328790676433838!3d43.32000481653635!2m3!1f0!2f0!3f0!3m2!1i1024!2i768!4f13.1!4m13!3e2!4m5!1s0x132a2cb3ce86691d%3A0x39793bfb1f56bfba!2sBasilica+di+San+Clemente+in+Santa+Maria+dei+Servi%2C+Piazza+Manzoni%2C+Siena%2C+Province+of+Siena!3m2!1d43.3151882!2d11.3382533!4m5!1s0x132a2cc7df55564d%3A0xbb55bddd311ac99b!2sHOTEL+MINERVA%2C+Via+Giuseppe+Garibaldi%2C+Siena%2C+Province+of+Siena!3m2!1d43.324607!2d11.331828!5e0!3m2!1sen!2sit!4v1524757709261\" width=\"600\" height=\"450\" allowfullscreen=\"allowfullscreen\"><\/iframe><\/figure>\n\n\n\n<p>Tomando en consideraci\u00f3n esto, le recomendamos que haga una reserva en el Hotel Minerva, un maravilloso hotel de 3 estrellas que permite encontrarte directamente en el centro hist\u00f3rico de Siena, cerca de la Basilica De Santa Maria Dei Servi.<\/p>\n\n\n\n<p>Con un bar y estacionamiento cubierto con 20 plazas utilizables frente de una reserva de pago y con acceso directo al hotel. <\/p>\n\n\n\n<p>El Hotel Minerva posee un total de 56 habitaciones con aire acondicionado, distintas la una de la otra, con presencia de conexi\u00f3n a Internet y que presenta diferentes tipolog\u00edas de alojamientos, como la Econ\u00f3mica-Easy , Elegante-Est\u00e1ndar, Junior-Suite y Junior-Suite Doble.<\/p>\n\n\n\n<p>Las habitaciones  Econ\u00f3mica-Easy est\u00e1n ubicadas internamente y cuentan algo como una superficie a partir de 16 m\u00b2.<\/p>\n\n\n\n<p>Las habitaciones Elegante- Est\u00e1ndar ofrecen una visual panor\u00e1mica del centro hist\u00f3rico de Siena y se calculan con un \u00e1rea que no es inferior a 19 m\u00b2.<\/p>\n\n\n\n<p>Las Junior-Suite tienen vista a las bas\u00edlicas de San Francesco y Provenzano y cuentan una \u00e1rea a partir de 22 m\u00b2.<\/p>\n\n\n\n<p>Las Suites Junior Dobles resaltan gracias a la vision panor\u00e1mica del centro hist\u00f3rico de Siena y aparecen en una superficie no inferior a 19 m\u00b2. Existe la posibilidad de tener tambi\u00e9n una terraza si solicitada previamente.<\/p>\n\n\n\n<p>En consecuencia, podr\u00e1 elegir entre varias soluciones para su estancia, por diversi\u00f3n o por trabajo, muchas de las cuales con una vista panor\u00e1mica de Siena.<\/p>\n\n\n\n<p>El Hotel Minerva luego, ofrece a su interior, a intervalos regulares, una verdadera galer\u00eda de arte moderno con exposiciones de obras de pintores de Siena.<\/p>\n\n\n\n<p>N<strong>uestro hotel en la proximidad de la Basilica De Santa Maria Dei Servi es silencioso y excelente para familias con ni\u00f1os. Incluido, si necesita, tenemos cunas, as\u00ed como calentadores de botellas, esterilizadores y una sala de juegos interna.<\/strong><\/p>\n\n\n\n<p>El Minerva permite alcanzar en pocos minutos las zonas de dos parques infantiles y el Orto de \u2019Pecci, un magn\u00edfico jard\u00edn que cuenta con animales de granja.<\/p>\n\n\n\n<p>El hotel Minerva, a poca distancia de la Basilica De Santa Maria Dei Servi,  es tambi\u00e9n  un lugar adecuado para reuniones de negocios que satisfechan la solicitud de una conexi\u00f3n wi-fi y una sala de reuniones con vistas al centro hist\u00f3rico de Siena, que puede acomodar hasta 40 personas y d\u00f3nde hay TV LED, proyector, retroproyector y todo el equipamiento m\u00e1s importante.<\/p>\n\n\n\n<p>Desde el punto de vista del desayuno, el Hotel Minerva pone a disposici\u00f3n un exquisito desayuno italiano e internacional con mermeladas genuinas y seleccionadas.<\/p>\n\n\n\n<p><strong>El hotel tiene su ubicaci\u00f3n en Siena, en calle Garibaldi 72, a solo 2 minutos en coche de la estaci\u00f3n de tren y no se encuentra en una zona ZTL.<\/strong><\/p>\n\n\n\n<p>Para reservar en este hotel en Siena, no demasiado lejos de la Basilica De Santa Maria Dei Servi, haga clic en Reservar en la esquina superior derecha, reserve directamente al n\u00famero de tel\u00e9fono 0577.284474 o escriba un correo electr\u00f3nico a info@albergominerva.it.<\/p>\n\n\n\n<p>Contactando a este n\u00famero o reservando desde el sitio, se asegurar\u00e0 de el precio m\u00e0s bajo, ya que siempre tendr\u00e0 el mejor precio garantizado desde aqu\u00ec.<\/p>\n\n\n\n<p><strong>Servicios prestados a los visitantes:<\/strong><\/p>\n\n\n\n<ul class=\"wp-block-list\"><li>garaje con videovigilancia disponible a trav\u00e9s de un pago <\/li><li>servicio de informaci\u00f3n y gu\u00eda<\/li><li>apoyo en la delineaci\u00f3n de itinerarios.<\/li><\/ul>\n","protected":false},"excerpt":{"rendered":"<p>\u00bfNecesitas un alojamiento en un hotel en la ciudad de Siena que no sea distante de la Basilica De Santa<\/p>\n","protected":false},"author":3,"featured_media":0,"parent":0,"menu_order":0,"comment_status":"closed","ping_status":"closed","template":"","meta":{"_acf_changed":false,"footnotes":""},"class_list":["post-7737","page","type-page","status-publish","hentry"],"acf":[],"yoast_head":"<!-- This site is optimized with the Yoast SEO plugin v27.4 - https:\/\/yoast.com\/product\/yoast-seo-wordpress\/ -->\n<title>Hotel que se encuentran en Siena cerca de la Basilica De Santa Maria Dei Servi - Hotel Minerva Siena<\/title>\n<meta name=\"robots\" content=\"index, follow, max-snippet:-1, max-image-preview:large, max-video-preview:-1\" \/>\n<link rel=\"canonical\" href=\"https:\/\/www.albergominerva.it\/es\/hotel-que-se-encuentran-en-siena-cerca-de-basilica-de-santa-maria-dei-servi\/\" \/>\n<meta property=\"og:locale\" content=\"es_ES\" \/>\n<meta property=\"og:type\" content=\"article\" \/>\n<meta property=\"og:title\" content=\"Hotel que se encuentran en Siena cerca de la Basilica De Santa Maria Dei Servi - Hotel Minerva Siena\" \/>\n<meta property=\"og:description\" content=\"\u00bfNecesitas un alojamiento en un hotel en la ciudad de Siena que no sea distante de la Basilica De Santa\" \/>\n<meta property=\"og:url\" content=\"https:\/\/www.albergominerva.it\/es\/hotel-que-se-encuentran-en-siena-cerca-de-basilica-de-santa-maria-dei-servi\/\" \/>\n<meta property=\"og:site_name\" content=\"Hotel Minerva Siena\" \/>\n<meta property=\"article:modified_time\" content=\"2020-02-17T11:46:27+00:00\" \/>\n<meta name=\"twitter:card\" content=\"summary_large_image\" \/>\n<meta name=\"twitter:label1\" content=\"Tiempo de lectura\" \/>\n\t<meta name=\"twitter:data1\" content=\"3 minutos\" \/>\n<script type=\"application\/ld+json\" class=\"yoast-schema-graph\">{\"@context\":\"https:\\\/\\\/schema.org\",\"@graph\":[{\"@type\":\"WebPage\",\"@id\":\"https:\\\/\\\/www.albergominerva.it\\\/es\\\/hotel-que-se-encuentran-en-siena-cerca-de-basilica-de-santa-maria-dei-servi\\\/\",\"url\":\"https:\\\/\\\/www.albergominerva.it\\\/es\\\/hotel-que-se-encuentran-en-siena-cerca-de-basilica-de-santa-maria-dei-servi\\\/\",\"name\":\"Hotel que se encuentran en Siena cerca de la Basilica De Santa Maria Dei Servi - Hotel Minerva Siena\",\"isPartOf\":{\"@id\":\"https:\\\/\\\/www.albergominerva.it\\\/es\\\/#website\"},\"datePublished\":\"2020-02-16T10:07:53+00:00\",\"dateModified\":\"2020-02-17T11:46:27+00:00\",\"breadcrumb\":{\"@id\":\"https:\\\/\\\/www.albergominerva.it\\\/es\\\/hotel-que-se-encuentran-en-siena-cerca-de-basilica-de-santa-maria-dei-servi\\\/#breadcrumb\"},\"inLanguage\":\"es\",\"potentialAction\":[{\"@type\":\"ReadAction\",\"target\":[\"https:\\\/\\\/www.albergominerva.it\\\/es\\\/hotel-que-se-encuentran-en-siena-cerca-de-basilica-de-santa-maria-dei-servi\\\/\"]}]},{\"@type\":\"BreadcrumbList\",\"@id\":\"https:\\\/\\\/www.albergominerva.it\\\/es\\\/hotel-que-se-encuentran-en-siena-cerca-de-basilica-de-santa-maria-dei-servi\\\/#breadcrumb\",\"itemListElement\":[{\"@type\":\"ListItem\",\"position\":1,\"name\":\"Home\",\"item\":\"https:\\\/\\\/www.albergominerva.it\\\/es\\\/\"},{\"@type\":\"ListItem\",\"position\":2,\"name\":\"Hotel que se encuentran en Siena cerca de la Basilica De Santa Maria Dei Servi\"}]},{\"@type\":\"WebSite\",\"@id\":\"https:\\\/\\\/www.albergominerva.it\\\/es\\\/#website\",\"url\":\"https:\\\/\\\/www.albergominerva.it\\\/es\\\/\",\"name\":\"Hotel Minerva Siena\",\"description\":\"Hotel in Centro Storico a Siena - Toscana - Italy\",\"potentialAction\":[{\"@type\":\"SearchAction\",\"target\":{\"@type\":\"EntryPoint\",\"urlTemplate\":\"https:\\\/\\\/www.albergominerva.it\\\/es\\\/?s={search_term_string}\"},\"query-input\":{\"@type\":\"PropertyValueSpecification\",\"valueRequired\":true,\"valueName\":\"search_term_string\"}}],\"inLanguage\":\"es\"}]}<\/script>\n<!-- \/ Yoast SEO plugin. -->","yoast_head_json":{"title":"Hotel que se encuentran en Siena cerca de la Basilica De Santa Maria Dei Servi - Hotel Minerva Siena","robots":{"index":"index","follow":"follow","max-snippet":"max-snippet:-1","max-image-preview":"max-image-preview:large","max-video-preview":"max-video-preview:-1"},"canonical":"https:\/\/www.albergominerva.it\/es\/hotel-que-se-encuentran-en-siena-cerca-de-basilica-de-santa-maria-dei-servi\/","og_locale":"es_ES","og_type":"article","og_title":"Hotel que se encuentran en Siena cerca de la Basilica De Santa Maria Dei Servi - Hotel Minerva Siena","og_description":"\u00bfNecesitas un alojamiento en un hotel en la ciudad de Siena que no sea distante de la Basilica De Santa","og_url":"https:\/\/www.albergominerva.it\/es\/hotel-que-se-encuentran-en-siena-cerca-de-basilica-de-santa-maria-dei-servi\/","og_site_name":"Hotel Minerva Siena","article_modified_time":"2020-02-17T11:46:27+00:00","twitter_card":"summary_large_image","twitter_misc":{"Tiempo de lectura":"3 minutos"},"schema":{"@context":"https:\/\/schema.org","@graph":[{"@type":"WebPage","@id":"https:\/\/www.albergominerva.it\/es\/hotel-que-se-encuentran-en-siena-cerca-de-basilica-de-santa-maria-dei-servi\/","url":"https:\/\/www.albergominerva.it\/es\/hotel-que-se-encuentran-en-siena-cerca-de-basilica-de-santa-maria-dei-servi\/","name":"Hotel que se encuentran en Siena cerca de la Basilica De Santa Maria Dei Servi - Hotel Minerva Siena","isPartOf":{"@id":"https:\/\/www.albergominerva.it\/es\/#website"},"datePublished":"2020-02-16T10:07:53+00:00","dateModified":"2020-02-17T11:46:27+00:00","breadcrumb":{"@id":"https:\/\/www.albergominerva.it\/es\/hotel-que-se-encuentran-en-siena-cerca-de-basilica-de-santa-maria-dei-servi\/#breadcrumb"},"inLanguage":"es","potentialAction":[{"@type":"ReadAction","target":["https:\/\/www.albergominerva.it\/es\/hotel-que-se-encuentran-en-siena-cerca-de-basilica-de-santa-maria-dei-servi\/"]}]},{"@type":"BreadcrumbList","@id":"https:\/\/www.albergominerva.it\/es\/hotel-que-se-encuentran-en-siena-cerca-de-basilica-de-santa-maria-dei-servi\/#breadcrumb","itemListElement":[{"@type":"ListItem","position":1,"name":"Home","item":"https:\/\/www.albergominerva.it\/es\/"},{"@type":"ListItem","position":2,"name":"Hotel que se encuentran en Siena cerca de la Basilica De Santa Maria Dei Servi"}]},{"@type":"WebSite","@id":"https:\/\/www.albergominerva.it\/es\/#website","url":"https:\/\/www.albergominerva.it\/es\/","name":"Hotel Minerva Siena","description":"Hotel in Centro Storico a Siena - Toscana - Italy","potentialAction":[{"@type":"SearchAction","target":{"@type":"EntryPoint","urlTemplate":"https:\/\/www.albergominerva.it\/es\/?s={search_term_string}"},"query-input":{"@type":"PropertyValueSpecification","valueRequired":true,"valueName":"search_term_string"}}],"inLanguage":"es"}]}},"_links":{"self":[{"href":"https:\/\/www.albergominerva.it\/es\/wp-json\/wp\/v2\/pages\/7737","targetHints":{"allow":["GET"]}}],"collection":[{"href":"https:\/\/www.albergominerva.it\/es\/wp-json\/wp\/v2\/pages"}],"about":[{"href":"https:\/\/www.albergominerva.it\/es\/wp-json\/wp\/v2\/types\/page"}],"author":[{"embeddable":true,"href":"https:\/\/www.albergominerva.it\/es\/wp-json\/wp\/v2\/users\/3"}],"replies":[{"embeddable":true,"href":"https:\/\/www.albergominerva.it\/es\/wp-json\/wp\/v2\/comments?post=7737"}],"version-history":[{"count":2,"href":"https:\/\/www.albergominerva.it\/es\/wp-json\/wp\/v2\/pages\/7737\/revisions"}],"predecessor-version":[{"id":7766,"href":"https:\/\/www.albergominerva.it\/es\/wp-json\/wp\/v2\/pages\/7737\/revisions\/7766"}],"wp:attachment":[{"href":"https:\/\/www.albergominerva.it\/es\/wp-json\/wp\/v2\/media?parent=7737"}],"curies":[{"name":"wp","href":"https:\/\/api.w.org\/{rel}","templated":true}]}}