{"id":7739,"date":"2020-02-16T11:12:09","date_gmt":"2020-02-16T10:12:09","guid":{"rendered":"https:\/\/www.albergominerva.it\/?page_id=7739"},"modified":"2020-02-19T02:25:01","modified_gmt":"2020-02-19T01:25:01","slug":"hotel-que-tienen-su-ubicacion-en-siena-con-parking","status":"publish","type":"page","link":"https:\/\/www.albergominerva.it\/es\/hotel-que-tienen-su-ubicacion-en-siena-con-parking\/","title":{"rendered":"Hotel con ubicaci\u00f3n en Siena y Estacionamento Guardado y Cubierto"},"content":{"rendered":"\n<p><\/p>\n\n\n\n<p><strong>\u00bfQuieres reservar en un hotel en los alrededores de Siena con Estacionamento?<\/strong><\/p>\n\n\n\n<p>Por esta raz\u00f3n, le recomendamos que haga una reserva en el Hotel Minerva, un espl\u00e9ndido hotel de 3 estrellas el cual tiene su ubicaci\u00f3n en el centro hist\u00f3rico de Siena con Estacionamento.<\/p>\n\n\n\n<p>Nuestra estructura cuenta con un bar y estacionamiento cubierto con 20 plazas a su disposici\u00f3n a trav\u00e9s de una contribuci\u00f3n, desde el que se accede directamente al hotel. <\/p>\n\n\n\n<p>El Hotel Minerva incluye 56 habitaciones con aire acondicionado, todas diferentes, con presencia de conexi\u00f3n a Internet y que ofrece 4 tipos de estancia, o sea econ\u00f3mica-easy , elegante-est\u00e1ndar, junior-suite y junior-suite doble.<\/p>\n\n\n\n<p>Las habitaciones Easy se encuentran en la parte interna y se presentan con una superficie a partir de 16 m\u00b2.<\/p>\n\n\n\n<p>Las habitaciones elegantes tienen vistas al centro hist\u00f3rico de Siena y se calculan con un \u00e1rea que no es inferior a 19 m\u00b2.<\/p>\n\n\n\n<p>Las Suites Junior miran hacia las bas\u00edlicas de San Francesco y Provenzano y se extienden por una superficie de m\u00ednimo 22 m\u00b2.<\/p>\n\n\n\n<p>Las Suites Junior Dobles tienen vista al centro hist\u00f3rico de Siena y se extienden a partir de 19 m\u00b2 , con terrazas a su disposici\u00f3n a trav\u00e9s de su solicitud.<\/p>\n\n\n\n<p>Aqu\u00ed puede beneficiar de varias soluciones para su estancia, por diversi\u00f3n o por trabajo, con presencia de varios alojamientos con una vista panor\u00e1mica de Siena.<\/p>\n\n\n\n<p>El Hotel Minerva, luego, presenta al interior peri\u00f3dicamente una verdadera galer\u00eda de arte moderno que cuentan con colleciones de obras de pintores de Siena.<\/p>\n\n\n\n<p>Nuestro hotel con Estacionamiento es silencioso y es un alojamiento adecuado para familias con ni\u00f1os. Incluido, si necesita, tenemos cunas as\u00ed como calentadores de botellas, esterilizadores y una sala de juegos interna.<\/p>\n\n\n\n<p><strong>El Minerva se encuentra en proximidad de dos parques infantiles y el Orto de \u2019Pecci, un magn\u00edfico jard\u00edn el cual permite ver animales de granja.<\/strong><\/p>\n\n\n\n<p>El hotel Minerva con Estacionamiento, es tambi\u00e9n un lugar que se puede disfrutar para reuniones de negocios que satisfechan la solicitud de una conexi\u00f3n wi-fi y una sala de reuniones con vistas al centro hist\u00f3rico de Siena, que tiene una capacidad de 40 personas y d\u00f3nde se puede poner a disposicion TV LED, proyector, retroproyector y todo el equipamiento m\u00e1s importante.<\/p>\n\n\n\n<p>Tomando en consideraci\u00f3n el desayuno, el Hotel Minerva ofrece un exquisito desayuno italiano e internacional con mermeladas genuinas y seleccionadas.<\/p>\n\n\n\n<p>El hotel se encuentra en la zona central de Siena, en calle Garibaldi, 72 no demasiado lejos, solo 2 minutos en coche, de la estaci\u00f3n de tren y y tampoco en una zona ZTL.<\/p>\n\n\n\n<p>Para hacer una reserva en este hotel en Siena con Estacionamiento, haga clic en Reservar en la esquina superior derecha o reserve directamente al n\u00famero de tel\u00e9fono 0577.284474 o env\u00ede un correo electr\u00f3nico a info@albergominerva.it.<\/p>\n\n\n\n<p>Contactando a este n\u00famero o reservando desde el sitio, se asegurar\u00e0 de obtener las habitaciones al precio m\u00e0s bajo, ya que siempre le garantizamos el mejor precio.<\/p>\n\n\n\n<p><strong>Servicios:<\/strong><\/p>\n\n\n\n<ul class=\"wp-block-list\"><li>garaje con videovigilancia de pago <\/li><li>asistencia informativa y gu\u00eda<\/li><li>apoyo en la delineaci\u00f3n de itinerarios.<\/li><\/ul>\n","protected":false},"excerpt":{"rendered":"<p>\u00bfQuieres reservar en un hotel en los alrededores de Siena con Estacionamento? Por esta raz\u00f3n, le recomendamos que haga una<\/p>\n","protected":false},"author":3,"featured_media":0,"parent":0,"menu_order":0,"comment_status":"closed","ping_status":"closed","template":"","meta":{"_acf_changed":false,"footnotes":""},"class_list":["post-7739","page","type-page","status-publish","hentry"],"acf":[],"yoast_head":"<!-- This site is optimized with the Yoast SEO plugin v27.4 - https:\/\/yoast.com\/product\/yoast-seo-wordpress\/ -->\n<title>Hotel con ubicaci\u00f3n en Siena y Estacionamento Guardado y Cubierto - Hotel Minerva Siena<\/title>\n<meta name=\"robots\" content=\"index, follow, max-snippet:-1, max-image-preview:large, max-video-preview:-1\" \/>\n<link rel=\"canonical\" href=\"https:\/\/www.albergominerva.it\/es\/hotel-que-tienen-su-ubicacion-en-siena-con-parking\/\" \/>\n<meta property=\"og:locale\" content=\"es_ES\" \/>\n<meta property=\"og:type\" content=\"article\" \/>\n<meta property=\"og:title\" content=\"Hotel con ubicaci\u00f3n en Siena y Estacionamento Guardado y Cubierto - Hotel Minerva Siena\" \/>\n<meta property=\"og:description\" content=\"\u00bfQuieres reservar en un hotel en los alrededores de Siena con Estacionamento? Por esta raz\u00f3n, le recomendamos que haga una\" \/>\n<meta property=\"og:url\" content=\"https:\/\/www.albergominerva.it\/es\/hotel-que-tienen-su-ubicacion-en-siena-con-parking\/\" \/>\n<meta property=\"og:site_name\" content=\"Hotel Minerva Siena\" \/>\n<meta property=\"article:modified_time\" content=\"2020-02-19T01:25:01+00:00\" \/>\n<meta name=\"twitter:card\" content=\"summary_large_image\" \/>\n<meta name=\"twitter:label1\" content=\"Tiempo de lectura\" \/>\n\t<meta name=\"twitter:data1\" content=\"3 minutos\" \/>\n<script type=\"application\/ld+json\" class=\"yoast-schema-graph\">{\"@context\":\"https:\\\/\\\/schema.org\",\"@graph\":[{\"@type\":\"WebPage\",\"@id\":\"https:\\\/\\\/www.albergominerva.it\\\/es\\\/hotel-que-tienen-su-ubicacion-en-siena-con-parking\\\/\",\"url\":\"https:\\\/\\\/www.albergominerva.it\\\/es\\\/hotel-que-tienen-su-ubicacion-en-siena-con-parking\\\/\",\"name\":\"Hotel con ubicaci\u00f3n en Siena y Estacionamento Guardado y Cubierto - Hotel Minerva Siena\",\"isPartOf\":{\"@id\":\"https:\\\/\\\/www.albergominerva.it\\\/es\\\/#website\"},\"datePublished\":\"2020-02-16T10:12:09+00:00\",\"dateModified\":\"2020-02-19T01:25:01+00:00\",\"breadcrumb\":{\"@id\":\"https:\\\/\\\/www.albergominerva.it\\\/es\\\/hotel-que-tienen-su-ubicacion-en-siena-con-parking\\\/#breadcrumb\"},\"inLanguage\":\"es\",\"potentialAction\":[{\"@type\":\"ReadAction\",\"target\":[\"https:\\\/\\\/www.albergominerva.it\\\/es\\\/hotel-que-tienen-su-ubicacion-en-siena-con-parking\\\/\"]}]},{\"@type\":\"BreadcrumbList\",\"@id\":\"https:\\\/\\\/www.albergominerva.it\\\/es\\\/hotel-que-tienen-su-ubicacion-en-siena-con-parking\\\/#breadcrumb\",\"itemListElement\":[{\"@type\":\"ListItem\",\"position\":1,\"name\":\"Home\",\"item\":\"https:\\\/\\\/www.albergominerva.it\\\/es\\\/\"},{\"@type\":\"ListItem\",\"position\":2,\"name\":\"Hotel con ubicaci\u00f3n en Siena y Estacionamento Guardado y Cubierto\"}]},{\"@type\":\"WebSite\",\"@id\":\"https:\\\/\\\/www.albergominerva.it\\\/es\\\/#website\",\"url\":\"https:\\\/\\\/www.albergominerva.it\\\/es\\\/\",\"name\":\"Hotel Minerva Siena\",\"description\":\"Hotel in Centro Storico a Siena - Toscana - Italy\",\"potentialAction\":[{\"@type\":\"SearchAction\",\"target\":{\"@type\":\"EntryPoint\",\"urlTemplate\":\"https:\\\/\\\/www.albergominerva.it\\\/es\\\/?s={search_term_string}\"},\"query-input\":{\"@type\":\"PropertyValueSpecification\",\"valueRequired\":true,\"valueName\":\"search_term_string\"}}],\"inLanguage\":\"es\"}]}<\/script>\n<!-- \/ Yoast SEO plugin. -->","yoast_head_json":{"title":"Hotel con ubicaci\u00f3n en Siena y Estacionamento Guardado y Cubierto - Hotel Minerva Siena","robots":{"index":"index","follow":"follow","max-snippet":"max-snippet:-1","max-image-preview":"max-image-preview:large","max-video-preview":"max-video-preview:-1"},"canonical":"https:\/\/www.albergominerva.it\/es\/hotel-que-tienen-su-ubicacion-en-siena-con-parking\/","og_locale":"es_ES","og_type":"article","og_title":"Hotel con ubicaci\u00f3n en Siena y Estacionamento Guardado y Cubierto - Hotel Minerva Siena","og_description":"\u00bfQuieres reservar en un hotel en los alrededores de Siena con Estacionamento? Por esta raz\u00f3n, le recomendamos que haga una","og_url":"https:\/\/www.albergominerva.it\/es\/hotel-que-tienen-su-ubicacion-en-siena-con-parking\/","og_site_name":"Hotel Minerva Siena","article_modified_time":"2020-02-19T01:25:01+00:00","twitter_card":"summary_large_image","twitter_misc":{"Tiempo de lectura":"3 minutos"},"schema":{"@context":"https:\/\/schema.org","@graph":[{"@type":"WebPage","@id":"https:\/\/www.albergominerva.it\/es\/hotel-que-tienen-su-ubicacion-en-siena-con-parking\/","url":"https:\/\/www.albergominerva.it\/es\/hotel-que-tienen-su-ubicacion-en-siena-con-parking\/","name":"Hotel con ubicaci\u00f3n en Siena y Estacionamento Guardado y Cubierto - Hotel Minerva Siena","isPartOf":{"@id":"https:\/\/www.albergominerva.it\/es\/#website"},"datePublished":"2020-02-16T10:12:09+00:00","dateModified":"2020-02-19T01:25:01+00:00","breadcrumb":{"@id":"https:\/\/www.albergominerva.it\/es\/hotel-que-tienen-su-ubicacion-en-siena-con-parking\/#breadcrumb"},"inLanguage":"es","potentialAction":[{"@type":"ReadAction","target":["https:\/\/www.albergominerva.it\/es\/hotel-que-tienen-su-ubicacion-en-siena-con-parking\/"]}]},{"@type":"BreadcrumbList","@id":"https:\/\/www.albergominerva.it\/es\/hotel-que-tienen-su-ubicacion-en-siena-con-parking\/#breadcrumb","itemListElement":[{"@type":"ListItem","position":1,"name":"Home","item":"https:\/\/www.albergominerva.it\/es\/"},{"@type":"ListItem","position":2,"name":"Hotel con ubicaci\u00f3n en Siena y Estacionamento Guardado y Cubierto"}]},{"@type":"WebSite","@id":"https:\/\/www.albergominerva.it\/es\/#website","url":"https:\/\/www.albergominerva.it\/es\/","name":"Hotel Minerva Siena","description":"Hotel in Centro Storico a Siena - Toscana - Italy","potentialAction":[{"@type":"SearchAction","target":{"@type":"EntryPoint","urlTemplate":"https:\/\/www.albergominerva.it\/es\/?s={search_term_string}"},"query-input":{"@type":"PropertyValueSpecification","valueRequired":true,"valueName":"search_term_string"}}],"inLanguage":"es"}]}},"_links":{"self":[{"href":"https:\/\/www.albergominerva.it\/es\/wp-json\/wp\/v2\/pages\/7739","targetHints":{"allow":["GET"]}}],"collection":[{"href":"https:\/\/www.albergominerva.it\/es\/wp-json\/wp\/v2\/pages"}],"about":[{"href":"https:\/\/www.albergominerva.it\/es\/wp-json\/wp\/v2\/types\/page"}],"author":[{"embeddable":true,"href":"https:\/\/www.albergominerva.it\/es\/wp-json\/wp\/v2\/users\/3"}],"replies":[{"embeddable":true,"href":"https:\/\/www.albergominerva.it\/es\/wp-json\/wp\/v2\/comments?post=7739"}],"version-history":[{"count":3,"href":"https:\/\/www.albergominerva.it\/es\/wp-json\/wp\/v2\/pages\/7739\/revisions"}],"predecessor-version":[{"id":8036,"href":"https:\/\/www.albergominerva.it\/es\/wp-json\/wp\/v2\/pages\/7739\/revisions\/8036"}],"wp:attachment":[{"href":"https:\/\/www.albergominerva.it\/es\/wp-json\/wp\/v2\/media?parent=7739"}],"curies":[{"name":"wp","href":"https:\/\/api.w.org\/{rel}","templated":true}]}}