{"id":9138,"date":"2021-09-02T11:46:46","date_gmt":"2021-09-02T09:46:46","guid":{"rendered":"https:\/\/www.albergominerva.it\/?page_id=9138"},"modified":"2025-11-13T08:53:36","modified_gmt":"2025-11-13T07:53:36","slug":"7-rutas-en-7-dias","status":"publish","type":"page","link":"https:\/\/www.albergominerva.it\/es\/7-rutas-en-7-dias\/","title":{"rendered":"7 rutas en 7 d\u00edas"},"content":{"rendered":"\n<h1 class=\"wp-block-heading\">Descubriendo el territorio de Siena<\/h1>\n\n\n\n<p>7 senderos para caminar que tocan varias \u00e1reas de la provincia, Chianti, Crete Senesi y Val d&#8217;Orcia, aptos para todos, para familias con ni\u00f1os, pero tambi\u00e9n para excursionistas experimentados.<\/p>\n\n\n\n<p>7 itinerarios pensados para descubrir los bellos paisajes de nuestro territorio.<\/p>\n\n\n\n<p>Descubra las rutas:<\/p>\n\n\n\n<div class=\"wp-block-columns is-layout-flex wp-container-core-columns-is-layout-9d6595d7 wp-block-columns-is-layout-flex\">\n<div class=\"wp-block-column is-layout-flow wp-block-column-is-layout-flow\">\n<figure class=\"wp-block-image size-large\"><a href=\"https:\/\/www.albergominerva.it\/wp-content\/uploads\/2021\/09\/Biancane-di-Leonina.pdf\" target=\"_blank\" rel=\"noopener\"><img loading=\"lazy\" decoding=\"async\" width=\"414\" height=\"336\" src=\"https:\/\/www.albergominerva.it\/wp-content\/uploads\/2021\/09\/biancane.jpg\" alt=\"\" class=\"wp-image-9081\" srcset=\"https:\/\/www.albergominerva.it\/wp-content\/uploads\/2021\/09\/biancane.jpg 414w, https:\/\/www.albergominerva.it\/wp-content\/uploads\/2021\/09\/biancane-300x243.jpg 300w\" sizes=\"auto, (max-width: 414px) 100vw, 414px\" \/><\/a><\/figure>\n\n\n\n<h4 class=\"has-text-align-center wp-block-heading\"> <a href=\"https:\/\/www.albergominerva.it\/wp-content\/uploads\/2021\/09\/Biancane-di-Leonina.pdf\" target=\"_blank\" rel=\"noreferrer noopener\">Biancane di Leonina<\/a> <\/h4>\n<\/div>\n\n\n\n<div class=\"wp-block-column is-layout-flow wp-block-column-is-layout-flow\">\n<figure class=\"wp-block-image size-large\"><a href=\"https:\/\/www.albergominerva.it\/wp-content\/uploads\/2021\/09\/Chianti-S.-Gusme.pdf\" target=\"_blank\" rel=\"noopener\"><img loading=\"lazy\" decoding=\"async\" width=\"414\" height=\"336\" src=\"https:\/\/www.albergominerva.it\/wp-content\/uploads\/2021\/09\/gusme.jpg\" alt=\"\" class=\"wp-image-9088\" srcset=\"https:\/\/www.albergominerva.it\/wp-content\/uploads\/2021\/09\/gusme.jpg 414w, https:\/\/www.albergominerva.it\/wp-content\/uploads\/2021\/09\/gusme-300x243.jpg 300w\" sizes=\"auto, (max-width: 414px) 100vw, 414px\" \/><\/a><\/figure>\n\n\n\n<h4 class=\"has-text-align-center wp-block-heading\"> <a href=\"https:\/\/www.albergominerva.it\/wp-content\/uploads\/2021\/09\/Chianti-S.-Gusme.pdf\" target=\"_blank\" rel=\"noreferrer noopener\">Chianti S. Gusm\u00e8<\/a> <\/h4>\n<\/div>\n\n\n\n<div class=\"wp-block-column is-layout-flow wp-block-column-is-layout-flow\">\n<figure class=\"wp-block-image size-large\"><a href=\"https:\/\/www.albergominerva.it\/wp-content\/uploads\/2021\/09\/I-cipressi-della-Val-dOrcia.pdf\" target=\"_blank\" rel=\"noopener\"><img loading=\"lazy\" decoding=\"async\" width=\"414\" height=\"336\" src=\"https:\/\/www.albergominerva.it\/wp-content\/uploads\/2021\/09\/orcia.jpg\" alt=\"\" class=\"wp-image-9095\" srcset=\"https:\/\/www.albergominerva.it\/wp-content\/uploads\/2021\/09\/orcia.jpg 414w, https:\/\/www.albergominerva.it\/wp-content\/uploads\/2021\/09\/orcia-300x243.jpg 300w\" sizes=\"auto, (max-width: 414px) 100vw, 414px\" \/><\/a><\/figure>\n\n\n\n<h4 class=\"has-text-align-center wp-block-heading\"> <a href=\"https:\/\/www.albergominerva.it\/wp-content\/uploads\/2021\/09\/I-cipressi-della-Val-dOrcia.pdf\" target=\"_blank\" rel=\"noreferrer noopener\">Cipressi della Val d&#8217;Orcia<\/a> <\/h4>\n<\/div>\n\n\n\n<div class=\"wp-block-column is-layout-flow wp-block-column-is-layout-flow\">\n<figure class=\"wp-block-image size-large\"><a href=\"https:\/\/www.albergominerva.it\/wp-content\/uploads\/2021\/09\/Certosa-di-Pontignano.pdf\" target=\"_blank\" rel=\"noopener\"><img loading=\"lazy\" decoding=\"async\" width=\"414\" height=\"336\" src=\"https:\/\/www.albergominerva.it\/wp-content\/uploads\/2021\/09\/certosa.jpg\" alt=\"\" class=\"wp-image-9102\" srcset=\"https:\/\/www.albergominerva.it\/wp-content\/uploads\/2021\/09\/certosa.jpg 414w, https:\/\/www.albergominerva.it\/wp-content\/uploads\/2021\/09\/certosa-300x243.jpg 300w\" sizes=\"auto, (max-width: 414px) 100vw, 414px\" \/><\/a><\/figure>\n\n\n\n<h4 class=\"has-text-align-center wp-block-heading\"> <a href=\"https:\/\/www.albergominerva.it\/wp-content\/uploads\/2021\/09\/Certosa-di-Pontignano.pdf\" target=\"_blank\" rel=\"noreferrer noopener\">Certosa di Pontignano<\/a> <\/h4>\n<\/div>\n<\/div>\n\n\n\n<div class=\"wp-block-columns is-layout-flex wp-container-core-columns-is-layout-9d6595d7 wp-block-columns-is-layout-flex\">\n<div class=\"wp-block-column is-layout-flow wp-block-column-is-layout-flow\">\n<figure class=\"wp-block-image size-large\"><a href=\"https:\/\/www.albergominerva.it\/wp-content\/uploads\/2021\/09\/Crete-di-Asciano.pdf\" target=\"_blank\" rel=\"noopener\"><img loading=\"lazy\" decoding=\"async\" width=\"414\" height=\"336\" src=\"https:\/\/www.albergominerva.it\/wp-content\/uploads\/2021\/09\/asciano.jpg\" alt=\"\" class=\"wp-image-9109\" srcset=\"https:\/\/www.albergominerva.it\/wp-content\/uploads\/2021\/09\/asciano.jpg 414w, https:\/\/www.albergominerva.it\/wp-content\/uploads\/2021\/09\/asciano-300x243.jpg 300w\" sizes=\"auto, (max-width: 414px) 100vw, 414px\" \/><\/a><\/figure>\n\n\n\n<h4 class=\"has-text-align-center wp-block-heading\"><a href=\"https:\/\/www.albergominerva.it\/wp-content\/uploads\/2021\/09\/Crete-di-Asciano.pdf\" target=\"_blank\" rel=\"noreferrer noopener\">Crete di Asciano<\/a><\/h4>\n<\/div>\n\n\n\n<div class=\"wp-block-column is-layout-flow wp-block-column-is-layout-flow\">\n<figure class=\"wp-block-image size-large\"><a href=\"https:\/\/www.albergominerva.it\/wp-content\/uploads\/2021\/09\/Le-terme-di-Bagnovignoni.pdf\" target=\"_blank\" rel=\"noopener\"><img loading=\"lazy\" decoding=\"async\" width=\"414\" height=\"336\" src=\"https:\/\/www.albergominerva.it\/wp-content\/uploads\/2021\/09\/terme.jpg\" alt=\"\" class=\"wp-image-9116\" srcset=\"https:\/\/www.albergominerva.it\/wp-content\/uploads\/2021\/09\/terme.jpg 414w, https:\/\/www.albergominerva.it\/wp-content\/uploads\/2021\/09\/terme-300x243.jpg 300w\" sizes=\"auto, (max-width: 414px) 100vw, 414px\" \/><\/a><\/figure>\n\n\n\n<h4 class=\"has-text-align-center wp-block-heading\"><a href=\"https:\/\/www.albergominerva.it\/wp-content\/uploads\/2021\/09\/Le-terme-di-Bagnovignoni.pdf\" target=\"_blank\" rel=\"noreferrer noopener\">Terme di Bagnovignoni<\/a> <\/h4>\n<\/div>\n\n\n\n<div class=\"wp-block-column is-layout-flow wp-block-column-is-layout-flow\">\n<figure class=\"wp-block-image size-large\"><a href=\"https:\/\/www.albergominerva.it\/wp-content\/uploads\/2021\/09\/Pienza-sulla-via-del-gladiatore.pdf\" target=\"_blank\" rel=\"noopener\"><img loading=\"lazy\" decoding=\"async\" width=\"414\" height=\"336\" src=\"https:\/\/www.albergominerva.it\/wp-content\/uploads\/2021\/09\/pienza.jpg\" alt=\"\" class=\"wp-image-9123\" srcset=\"https:\/\/www.albergominerva.it\/wp-content\/uploads\/2021\/09\/pienza.jpg 414w, https:\/\/www.albergominerva.it\/wp-content\/uploads\/2021\/09\/pienza-300x243.jpg 300w\" sizes=\"auto, (max-width: 414px) 100vw, 414px\" \/><\/a><\/figure>\n\n\n\n<h4 class=\"has-text-align-center wp-block-heading\"><a href=\"https:\/\/www.albergominerva.it\/wp-content\/uploads\/2021\/09\/Pienza-sulla-via-del-gladiatore.pdf\" target=\"_blank\" rel=\"noreferrer noopener\">Pienza sulla via del Gladiatore<\/a> <\/h4>\n<\/div>\n\n\n\n<div class=\"wp-block-column is-layout-flow wp-block-column-is-layout-flow\"><\/div>\n<\/div>\n\n\n\n<div class=\"cta-right\" style=\"float:left\">\n<a href=\"https:\/\/www.albergominerva.it\/es\/telefono-email-hotel-siena-centro\/\" class=\"cta booking\">Informaci\u00f3n requerida<\/a><\/div>\n","protected":false},"excerpt":{"rendered":"<p>Descubriendo el territorio de Siena 7 senderos para caminar que tocan varias \u00e1reas de la provincia, Chianti, Crete Senesi y<\/p>\n","protected":false},"author":1,"featured_media":8644,"parent":0,"menu_order":0,"comment_status":"closed","ping_status":"closed","template":"","meta":{"_acf_changed":false,"footnotes":""},"class_list":["post-9138","page","type-page","status-publish","has-post-thumbnail","hentry"],"acf":[],"yoast_head":"<!-- This site is optimized with the Yoast SEO plugin v27.4 - https:\/\/yoast.com\/product\/yoast-seo-wordpress\/ -->\n<title>7 rutas en 7 d\u00edas - Hotel Minerva Siena<\/title>\n<meta name=\"robots\" content=\"index, follow, max-snippet:-1, max-image-preview:large, max-video-preview:-1\" \/>\n<link rel=\"canonical\" href=\"https:\/\/www.albergominerva.it\/es\/7-rutas-en-7-dias\/\" \/>\n<meta property=\"og:locale\" content=\"es_ES\" \/>\n<meta property=\"og:type\" content=\"article\" \/>\n<meta property=\"og:title\" content=\"7 rutas en 7 d\u00edas - Hotel Minerva Siena\" \/>\n<meta property=\"og:description\" content=\"Descubriendo el territorio de Siena 7 senderos para caminar que tocan varias \u00e1reas de la provincia, Chianti, Crete Senesi y\" \/>\n<meta property=\"og:url\" content=\"https:\/\/www.albergominerva.it\/es\/7-rutas-en-7-dias\/\" \/>\n<meta property=\"og:site_name\" content=\"Hotel Minerva Siena\" \/>\n<meta property=\"article:modified_time\" content=\"2025-11-13T07:53:36+00:00\" \/>\n<meta property=\"og:image\" content=\"https:\/\/www.albergominerva.it\/wp-content\/uploads\/2021\/04\/panorama-siena-dintorni.jpg\" \/>\n\t<meta property=\"og:image:width\" content=\"1920\" \/>\n\t<meta property=\"og:image:height\" content=\"1000\" \/>\n\t<meta property=\"og:image:type\" content=\"image\/jpeg\" \/>\n<meta name=\"twitter:card\" content=\"summary_large_image\" \/>\n<meta name=\"twitter:label1\" content=\"Tiempo de lectura\" \/>\n\t<meta name=\"twitter:data1\" content=\"2 minutos\" \/>\n<script type=\"application\/ld+json\" class=\"yoast-schema-graph\">{\"@context\":\"https:\\\/\\\/schema.org\",\"@graph\":[{\"@type\":\"WebPage\",\"@id\":\"https:\\\/\\\/www.albergominerva.it\\\/es\\\/7-rutas-en-7-dias\\\/\",\"url\":\"https:\\\/\\\/www.albergominerva.it\\\/es\\\/7-rutas-en-7-dias\\\/\",\"name\":\"7 rutas en 7 d\u00edas - Hotel Minerva Siena\",\"isPartOf\":{\"@id\":\"https:\\\/\\\/www.albergominerva.it\\\/es\\\/#website\"},\"primaryImageOfPage\":{\"@id\":\"https:\\\/\\\/www.albergominerva.it\\\/es\\\/7-rutas-en-7-dias\\\/#primaryimage\"},\"image\":{\"@id\":\"https:\\\/\\\/www.albergominerva.it\\\/es\\\/7-rutas-en-7-dias\\\/#primaryimage\"},\"thumbnailUrl\":\"https:\\\/\\\/www.albergominerva.it\\\/wp-content\\\/uploads\\\/2021\\\/04\\\/panorama-siena-dintorni.jpg\",\"datePublished\":\"2021-09-02T09:46:46+00:00\",\"dateModified\":\"2025-11-13T07:53:36+00:00\",\"breadcrumb\":{\"@id\":\"https:\\\/\\\/www.albergominerva.it\\\/es\\\/7-rutas-en-7-dias\\\/#breadcrumb\"},\"inLanguage\":\"es\",\"potentialAction\":[{\"@type\":\"ReadAction\",\"target\":[\"https:\\\/\\\/www.albergominerva.it\\\/es\\\/7-rutas-en-7-dias\\\/\"]}]},{\"@type\":\"ImageObject\",\"inLanguage\":\"es\",\"@id\":\"https:\\\/\\\/www.albergominerva.it\\\/es\\\/7-rutas-en-7-dias\\\/#primaryimage\",\"url\":\"https:\\\/\\\/www.albergominerva.it\\\/wp-content\\\/uploads\\\/2021\\\/04\\\/panorama-siena-dintorni.jpg\",\"contentUrl\":\"https:\\\/\\\/www.albergominerva.it\\\/wp-content\\\/uploads\\\/2021\\\/04\\\/panorama-siena-dintorni.jpg\",\"width\":1920,\"height\":1000},{\"@type\":\"BreadcrumbList\",\"@id\":\"https:\\\/\\\/www.albergominerva.it\\\/es\\\/7-rutas-en-7-dias\\\/#breadcrumb\",\"itemListElement\":[{\"@type\":\"ListItem\",\"position\":1,\"name\":\"Home\",\"item\":\"https:\\\/\\\/www.albergominerva.it\\\/es\\\/\"},{\"@type\":\"ListItem\",\"position\":2,\"name\":\"7 rutas en 7 d\u00edas\"}]},{\"@type\":\"WebSite\",\"@id\":\"https:\\\/\\\/www.albergominerva.it\\\/es\\\/#website\",\"url\":\"https:\\\/\\\/www.albergominerva.it\\\/es\\\/\",\"name\":\"Hotel Minerva Siena\",\"description\":\"Hotel in Centro Storico a Siena - Toscana - Italy\",\"potentialAction\":[{\"@type\":\"SearchAction\",\"target\":{\"@type\":\"EntryPoint\",\"urlTemplate\":\"https:\\\/\\\/www.albergominerva.it\\\/es\\\/?s={search_term_string}\"},\"query-input\":{\"@type\":\"PropertyValueSpecification\",\"valueRequired\":true,\"valueName\":\"search_term_string\"}}],\"inLanguage\":\"es\"}]}<\/script>\n<!-- \/ Yoast SEO plugin. -->","yoast_head_json":{"title":"7 rutas en 7 d\u00edas - Hotel Minerva Siena","robots":{"index":"index","follow":"follow","max-snippet":"max-snippet:-1","max-image-preview":"max-image-preview:large","max-video-preview":"max-video-preview:-1"},"canonical":"https:\/\/www.albergominerva.it\/es\/7-rutas-en-7-dias\/","og_locale":"es_ES","og_type":"article","og_title":"7 rutas en 7 d\u00edas - Hotel Minerva Siena","og_description":"Descubriendo el territorio de Siena 7 senderos para caminar que tocan varias \u00e1reas de la provincia, Chianti, Crete Senesi y","og_url":"https:\/\/www.albergominerva.it\/es\/7-rutas-en-7-dias\/","og_site_name":"Hotel Minerva Siena","article_modified_time":"2025-11-13T07:53:36+00:00","og_image":[{"width":1920,"height":1000,"url":"https:\/\/www.albergominerva.it\/wp-content\/uploads\/2021\/04\/panorama-siena-dintorni.jpg","type":"image\/jpeg"}],"twitter_card":"summary_large_image","twitter_misc":{"Tiempo de lectura":"2 minutos"},"schema":{"@context":"https:\/\/schema.org","@graph":[{"@type":"WebPage","@id":"https:\/\/www.albergominerva.it\/es\/7-rutas-en-7-dias\/","url":"https:\/\/www.albergominerva.it\/es\/7-rutas-en-7-dias\/","name":"7 rutas en 7 d\u00edas - Hotel Minerva Siena","isPartOf":{"@id":"https:\/\/www.albergominerva.it\/es\/#website"},"primaryImageOfPage":{"@id":"https:\/\/www.albergominerva.it\/es\/7-rutas-en-7-dias\/#primaryimage"},"image":{"@id":"https:\/\/www.albergominerva.it\/es\/7-rutas-en-7-dias\/#primaryimage"},"thumbnailUrl":"https:\/\/www.albergominerva.it\/wp-content\/uploads\/2021\/04\/panorama-siena-dintorni.jpg","datePublished":"2021-09-02T09:46:46+00:00","dateModified":"2025-11-13T07:53:36+00:00","breadcrumb":{"@id":"https:\/\/www.albergominerva.it\/es\/7-rutas-en-7-dias\/#breadcrumb"},"inLanguage":"es","potentialAction":[{"@type":"ReadAction","target":["https:\/\/www.albergominerva.it\/es\/7-rutas-en-7-dias\/"]}]},{"@type":"ImageObject","inLanguage":"es","@id":"https:\/\/www.albergominerva.it\/es\/7-rutas-en-7-dias\/#primaryimage","url":"https:\/\/www.albergominerva.it\/wp-content\/uploads\/2021\/04\/panorama-siena-dintorni.jpg","contentUrl":"https:\/\/www.albergominerva.it\/wp-content\/uploads\/2021\/04\/panorama-siena-dintorni.jpg","width":1920,"height":1000},{"@type":"BreadcrumbList","@id":"https:\/\/www.albergominerva.it\/es\/7-rutas-en-7-dias\/#breadcrumb","itemListElement":[{"@type":"ListItem","position":1,"name":"Home","item":"https:\/\/www.albergominerva.it\/es\/"},{"@type":"ListItem","position":2,"name":"7 rutas en 7 d\u00edas"}]},{"@type":"WebSite","@id":"https:\/\/www.albergominerva.it\/es\/#website","url":"https:\/\/www.albergominerva.it\/es\/","name":"Hotel Minerva Siena","description":"Hotel in Centro Storico a Siena - Toscana - Italy","potentialAction":[{"@type":"SearchAction","target":{"@type":"EntryPoint","urlTemplate":"https:\/\/www.albergominerva.it\/es\/?s={search_term_string}"},"query-input":{"@type":"PropertyValueSpecification","valueRequired":true,"valueName":"search_term_string"}}],"inLanguage":"es"}]}},"_links":{"self":[{"href":"https:\/\/www.albergominerva.it\/es\/wp-json\/wp\/v2\/pages\/9138","targetHints":{"allow":["GET"]}}],"collection":[{"href":"https:\/\/www.albergominerva.it\/es\/wp-json\/wp\/v2\/pages"}],"about":[{"href":"https:\/\/www.albergominerva.it\/es\/wp-json\/wp\/v2\/types\/page"}],"author":[{"embeddable":true,"href":"https:\/\/www.albergominerva.it\/es\/wp-json\/wp\/v2\/users\/1"}],"replies":[{"embeddable":true,"href":"https:\/\/www.albergominerva.it\/es\/wp-json\/wp\/v2\/comments?post=9138"}],"version-history":[{"count":1,"href":"https:\/\/www.albergominerva.it\/es\/wp-json\/wp\/v2\/pages\/9138\/revisions"}],"predecessor-version":[{"id":9155,"href":"https:\/\/www.albergominerva.it\/es\/wp-json\/wp\/v2\/pages\/9138\/revisions\/9155"}],"wp:featuredmedia":[{"embeddable":true,"href":"https:\/\/www.albergominerva.it\/es\/wp-json\/wp\/v2\/media\/8644"}],"wp:attachment":[{"href":"https:\/\/www.albergominerva.it\/es\/wp-json\/wp\/v2\/media?parent=9138"}],"curies":[{"name":"wp","href":"https:\/\/api.w.org\/{rel}","templated":true}]}}