{"id":11261,"date":"2023-08-20T10:07:19","date_gmt":"2023-08-20T08:07:19","guid":{"rendered":"https:\/\/www.albergominerva.it\/?page_id=11261"},"modified":"2023-08-20T10:07:20","modified_gmt":"2023-08-20T08:07:20","slug":"contrada-priora-della-civetta","status":"publish","type":"page","link":"https:\/\/www.albergominerva.it\/fr\/contrada-priora-della-civetta\/","title":{"rendered":"Contrada Priora della Civetta"},"content":{"rendered":"\n<p>La Contrada Priora della Civetta est l&rsquo;une des dix-sept contrades de Sienne, situ\u00e9e dans le Terzo di San Martino. Son blason est un \u00e9cu divis\u00e9 en noir et rouge, pr\u00e9sentant un hibou couronn\u00e9 perch\u00e9 sur une branche, avec deux \u00e9cussons azur portant les lettres U et M, initiales d&rsquo;Umberto I de Savoie et de Margherita di Savoia. Ses couleurs sont le noir et le rouge, ray\u00e9s de blanc. Le devise de la contrada est \u00ab\u00a0Je vois dans la nuit\u00a0\u00bb.<\/p>\n\n\n\n<figure class=\"wp-block-image size-full\"><img loading=\"lazy\" decoding=\"async\" width=\"701\" height=\"710\" src=\"https:\/\/www.albergominerva.it\/wp-content\/uploads\/2023\/08\/civetta.jpg\" alt=\"\" class=\"wp-image-11029\" srcset=\"https:\/\/www.albergominerva.it\/wp-content\/uploads\/2023\/08\/civetta.jpg 701w, https:\/\/www.albergominerva.it\/wp-content\/uploads\/2023\/08\/civetta-296x300.jpg 296w\" sizes=\"auto, (max-width: 701px) 100vw, 701px\" \/><\/figure>\n\n\n\n<p>La contrada d\u00e9tient le titre de \u00ab\u00a0Priora\u00a0\u00bb pour avoir accueilli la premi\u00e8re r\u00e9union du Magistrato delle Contrade. Son Terzo d&rsquo;appartenance est San Martino. Les compagnies militaires associ\u00e9es \u00e0 la contrada sont San Cristoforo, San Pietro in Banchi et San Vigilio. Les contrades alli\u00e9es de la Civetta sont Aquila, Giraffa, Istrice et Pantera. La contrada rivale de la Civetta est Leocorno. Le saint patron de la contrada est Saint Antoine de Padoue, et la c\u00e9l\u00e9bration titulaire a lieu le dimanche autour du 13 juin. La corporation de la contrada est celle des cordonniers.<\/p>\n\n\n\n<p>La Contrada Priora della Civetta est l&rsquo;une des plus anciennes contrades de Sienne, avec une histoire longue et riche. La contrada est profond\u00e9ment ch\u00e8re \u00e0 ses contradaioli (membres de la contrada), qui sont toujours pr\u00eats \u00e0 la soutenir dans ses courses au Palio.<\/p>\n","protected":false},"excerpt":{"rendered":"<p>La Contrada Priora della Civetta est l&rsquo;une des dix-sept contrades de Sienne, situ\u00e9e dans le Terzo di San Martino. Son<\/p>\n","protected":false},"author":3,"featured_media":0,"parent":0,"menu_order":0,"comment_status":"closed","ping_status":"closed","template":"","meta":{"_acf_changed":false,"footnotes":""},"class_list":["post-11261","page","type-page","status-publish","hentry"],"acf":[],"yoast_head":"<!-- This site is optimized with the Yoast SEO plugin v26.4 - https:\/\/yoast.com\/wordpress\/plugins\/seo\/ -->\n<title>Contrada Priora della Civetta - Hotel Minerva Siena<\/title>\n<meta name=\"robots\" content=\"index, follow, max-snippet:-1, max-image-preview:large, max-video-preview:-1\" \/>\n<link rel=\"canonical\" href=\"https:\/\/www.albergominerva.it\/fr\/contrada-priora-della-civetta\/\" \/>\n<meta property=\"og:locale\" content=\"fr_FR\" \/>\n<meta property=\"og:type\" content=\"article\" \/>\n<meta property=\"og:title\" content=\"Contrada Priora della Civetta - Hotel Minerva Siena\" \/>\n<meta property=\"og:description\" content=\"La Contrada Priora della Civetta est l&rsquo;une des dix-sept contrades de Sienne, situ\u00e9e dans le Terzo di San Martino. Son\" \/>\n<meta property=\"og:url\" content=\"https:\/\/www.albergominerva.it\/fr\/contrada-priora-della-civetta\/\" \/>\n<meta property=\"og:site_name\" content=\"Hotel Minerva Siena\" \/>\n<meta property=\"article:modified_time\" content=\"2023-08-20T08:07:20+00:00\" \/>\n<meta property=\"og:image\" content=\"https:\/\/www.albergominerva.it\/wp-content\/uploads\/2023\/08\/civetta.jpg\" \/>\n<meta name=\"twitter:card\" content=\"summary_large_image\" \/>\n<meta name=\"twitter:label1\" content=\"Dur\u00e9e de lecture estim\u00e9e\" \/>\n\t<meta name=\"twitter:data1\" content=\"2 minutes\" \/>\n<script type=\"application\/ld+json\" class=\"yoast-schema-graph\">{\"@context\":\"https:\/\/schema.org\",\"@graph\":[{\"@type\":\"WebPage\",\"@id\":\"https:\/\/www.albergominerva.it\/fr\/contrada-priora-della-civetta\/\",\"url\":\"https:\/\/www.albergominerva.it\/fr\/contrada-priora-della-civetta\/\",\"name\":\"Contrada Priora della Civetta - Hotel Minerva Siena\",\"isPartOf\":{\"@id\":\"https:\/\/www.albergominerva.it\/fr\/#website\"},\"primaryImageOfPage\":{\"@id\":\"https:\/\/www.albergominerva.it\/fr\/contrada-priora-della-civetta\/#primaryimage\"},\"image\":{\"@id\":\"https:\/\/www.albergominerva.it\/fr\/contrada-priora-della-civetta\/#primaryimage\"},\"thumbnailUrl\":\"https:\/\/www.albergominerva.it\/wp-content\/uploads\/2023\/08\/civetta.jpg\",\"datePublished\":\"2023-08-20T08:07:19+00:00\",\"dateModified\":\"2023-08-20T08:07:20+00:00\",\"breadcrumb\":{\"@id\":\"https:\/\/www.albergominerva.it\/fr\/contrada-priora-della-civetta\/#breadcrumb\"},\"inLanguage\":\"fr-FR\",\"potentialAction\":[{\"@type\":\"ReadAction\",\"target\":[\"https:\/\/www.albergominerva.it\/fr\/contrada-priora-della-civetta\/\"]}]},{\"@type\":\"ImageObject\",\"inLanguage\":\"fr-FR\",\"@id\":\"https:\/\/www.albergominerva.it\/fr\/contrada-priora-della-civetta\/#primaryimage\",\"url\":\"https:\/\/www.albergominerva.it\/wp-content\/uploads\/2023\/08\/civetta.jpg\",\"contentUrl\":\"https:\/\/www.albergominerva.it\/wp-content\/uploads\/2023\/08\/civetta.jpg\"},{\"@type\":\"BreadcrumbList\",\"@id\":\"https:\/\/www.albergominerva.it\/fr\/contrada-priora-della-civetta\/#breadcrumb\",\"itemListElement\":[{\"@type\":\"ListItem\",\"position\":1,\"name\":\"Home\",\"item\":\"https:\/\/www.albergominerva.it\/fr\/\"},{\"@type\":\"ListItem\",\"position\":2,\"name\":\"Contrada Priora della Civetta\"}]},{\"@type\":\"WebSite\",\"@id\":\"https:\/\/www.albergominerva.it\/fr\/#website\",\"url\":\"https:\/\/www.albergominerva.it\/fr\/\",\"name\":\"Hotel Minerva Siena\",\"description\":\"Hotel in Centro Storico a Siena - Toscana - Italy\",\"potentialAction\":[{\"@type\":\"SearchAction\",\"target\":{\"@type\":\"EntryPoint\",\"urlTemplate\":\"https:\/\/www.albergominerva.it\/fr\/?s={search_term_string}\"},\"query-input\":{\"@type\":\"PropertyValueSpecification\",\"valueRequired\":true,\"valueName\":\"search_term_string\"}}],\"inLanguage\":\"fr-FR\"}]}<\/script>\n<!-- \/ Yoast SEO plugin. -->","yoast_head_json":{"title":"Contrada Priora della Civetta - Hotel Minerva Siena","robots":{"index":"index","follow":"follow","max-snippet":"max-snippet:-1","max-image-preview":"max-image-preview:large","max-video-preview":"max-video-preview:-1"},"canonical":"https:\/\/www.albergominerva.it\/fr\/contrada-priora-della-civetta\/","og_locale":"fr_FR","og_type":"article","og_title":"Contrada Priora della Civetta - Hotel Minerva Siena","og_description":"La Contrada Priora della Civetta est l&rsquo;une des dix-sept contrades de Sienne, situ\u00e9e dans le Terzo di San Martino. Son","og_url":"https:\/\/www.albergominerva.it\/fr\/contrada-priora-della-civetta\/","og_site_name":"Hotel Minerva Siena","article_modified_time":"2023-08-20T08:07:20+00:00","og_image":[{"url":"https:\/\/www.albergominerva.it\/wp-content\/uploads\/2023\/08\/civetta.jpg","type":"","width":"","height":""}],"twitter_card":"summary_large_image","twitter_misc":{"Dur\u00e9e de lecture estim\u00e9e":"2 minutes"},"schema":{"@context":"https:\/\/schema.org","@graph":[{"@type":"WebPage","@id":"https:\/\/www.albergominerva.it\/fr\/contrada-priora-della-civetta\/","url":"https:\/\/www.albergominerva.it\/fr\/contrada-priora-della-civetta\/","name":"Contrada Priora della Civetta - Hotel Minerva Siena","isPartOf":{"@id":"https:\/\/www.albergominerva.it\/fr\/#website"},"primaryImageOfPage":{"@id":"https:\/\/www.albergominerva.it\/fr\/contrada-priora-della-civetta\/#primaryimage"},"image":{"@id":"https:\/\/www.albergominerva.it\/fr\/contrada-priora-della-civetta\/#primaryimage"},"thumbnailUrl":"https:\/\/www.albergominerva.it\/wp-content\/uploads\/2023\/08\/civetta.jpg","datePublished":"2023-08-20T08:07:19+00:00","dateModified":"2023-08-20T08:07:20+00:00","breadcrumb":{"@id":"https:\/\/www.albergominerva.it\/fr\/contrada-priora-della-civetta\/#breadcrumb"},"inLanguage":"fr-FR","potentialAction":[{"@type":"ReadAction","target":["https:\/\/www.albergominerva.it\/fr\/contrada-priora-della-civetta\/"]}]},{"@type":"ImageObject","inLanguage":"fr-FR","@id":"https:\/\/www.albergominerva.it\/fr\/contrada-priora-della-civetta\/#primaryimage","url":"https:\/\/www.albergominerva.it\/wp-content\/uploads\/2023\/08\/civetta.jpg","contentUrl":"https:\/\/www.albergominerva.it\/wp-content\/uploads\/2023\/08\/civetta.jpg"},{"@type":"BreadcrumbList","@id":"https:\/\/www.albergominerva.it\/fr\/contrada-priora-della-civetta\/#breadcrumb","itemListElement":[{"@type":"ListItem","position":1,"name":"Home","item":"https:\/\/www.albergominerva.it\/fr\/"},{"@type":"ListItem","position":2,"name":"Contrada Priora della Civetta"}]},{"@type":"WebSite","@id":"https:\/\/www.albergominerva.it\/fr\/#website","url":"https:\/\/www.albergominerva.it\/fr\/","name":"Hotel Minerva Siena","description":"Hotel in Centro Storico a Siena - Toscana - Italy","potentialAction":[{"@type":"SearchAction","target":{"@type":"EntryPoint","urlTemplate":"https:\/\/www.albergominerva.it\/fr\/?s={search_term_string}"},"query-input":{"@type":"PropertyValueSpecification","valueRequired":true,"valueName":"search_term_string"}}],"inLanguage":"fr-FR"}]}},"_links":{"self":[{"href":"https:\/\/www.albergominerva.it\/fr\/wp-json\/wp\/v2\/pages\/11261","targetHints":{"allow":["GET"]}}],"collection":[{"href":"https:\/\/www.albergominerva.it\/fr\/wp-json\/wp\/v2\/pages"}],"about":[{"href":"https:\/\/www.albergominerva.it\/fr\/wp-json\/wp\/v2\/types\/page"}],"author":[{"embeddable":true,"href":"https:\/\/www.albergominerva.it\/fr\/wp-json\/wp\/v2\/users\/3"}],"replies":[{"embeddable":true,"href":"https:\/\/www.albergominerva.it\/fr\/wp-json\/wp\/v2\/comments?post=11261"}],"version-history":[{"count":1,"href":"https:\/\/www.albergominerva.it\/fr\/wp-json\/wp\/v2\/pages\/11261\/revisions"}],"predecessor-version":[{"id":11262,"href":"https:\/\/www.albergominerva.it\/fr\/wp-json\/wp\/v2\/pages\/11261\/revisions\/11262"}],"wp:attachment":[{"href":"https:\/\/www.albergominerva.it\/fr\/wp-json\/wp\/v2\/media?parent=11261"}],"curies":[{"name":"wp","href":"https:\/\/api.w.org\/{rel}","templated":true}]}}