{"id":11312,"date":"2023-08-20T13:35:27","date_gmt":"2023-08-20T11:35:27","guid":{"rendered":"https:\/\/www.albergominerva.it\/?page_id=11312"},"modified":"2023-08-20T13:35:28","modified_gmt":"2023-08-20T11:35:28","slug":"contrada-de-la-licorne","status":"publish","type":"page","link":"https:\/\/www.albergominerva.it\/fr\/contrada-de-la-licorne\/","title":{"rendered":"Contrada de la Licorne"},"content":{"rendered":"\n<p>La Contrada de la Licorne est l&rsquo;une des dix-sept contrades de Sienne, situ\u00e9e dans le Terzo di San Martino. Son blason est une licorne rampant sur un \u00e9cu d&rsquo;argent avec une bordure bleue o\u00f9 est inscrit en lettres d&rsquo;or la devise \u00ab\u00a0Humberti Regis Gratia\u00a0\u00bb. Ses couleurs sont le blanc et l&rsquo;orange, ray\u00e9s de bleu. La devise de la contrada est \u00ab\u00a0La foi et la gu\u00e9rison \u00e9galement ma arme sur le front\u00a0\u00bb.<\/p>\n\n\n\n<figure class=\"wp-block-image size-full\"><img loading=\"lazy\" decoding=\"async\" width=\"693\" height=\"691\" src=\"https:\/\/www.albergominerva.it\/wp-content\/uploads\/2023\/08\/leocorno.jpg\" alt=\"\" class=\"wp-image-11106\" srcset=\"https:\/\/www.albergominerva.it\/wp-content\/uploads\/2023\/08\/leocorno.jpg 693w, https:\/\/www.albergominerva.it\/wp-content\/uploads\/2023\/08\/leocorno-300x300.jpg 300w, https:\/\/www.albergominerva.it\/wp-content\/uploads\/2023\/08\/leocorno-150x150.jpg 150w\" sizes=\"auto, (max-width: 693px) 100vw, 693px\" \/><\/figure>\n\n\n\n<p>La contrada d\u00e9tient le titre de Priora pour avoir accueilli la premi\u00e8re r\u00e9union du Magistrato delle Contrade. Son Terzo d&rsquo;appartenance est San Martino. Les compagnies militaires associ\u00e9es \u00e0 la contrada sont Pantaneto, San Giorgio et Spadaforte. Les contrades alli\u00e9es de la licorne sont la Pantera et la Tartuca. La contrada adversaire de la licorne est la Civetta. Le saint patron de la contrada est saint Jean-Baptiste. La f\u00eate titulaire est c\u00e9l\u00e9br\u00e9e autour du 24 juin. La corporation de la contrada est celle des orf\u00e8vres.<\/p>\n\n\n\n<p>La Contrada de la Licorne est l&rsquo;une des plus anciennes contrades de Sienne, avec une histoire longue et riche. La contrada est profond\u00e9ment ch\u00e8re \u00e0 ses contradaioli (membres de la contrada), qui sont toujours pr\u00eats \u00e0 la soutenir dans ses courses au Palio.<\/p>\n","protected":false},"excerpt":{"rendered":"<p>La Contrada de la Licorne est l&rsquo;une des dix-sept contrades de Sienne, situ\u00e9e dans le Terzo di San Martino. Son<\/p>\n","protected":false},"author":3,"featured_media":0,"parent":0,"menu_order":0,"comment_status":"closed","ping_status":"closed","template":"","meta":{"_acf_changed":false,"footnotes":""},"class_list":["post-11312","page","type-page","status-publish","hentry"],"acf":[],"yoast_head":"<!-- This site is optimized with the Yoast SEO plugin v26.4 - https:\/\/yoast.com\/wordpress\/plugins\/seo\/ -->\n<title>Contrada de la Licorne - Hotel Minerva Siena<\/title>\n<meta name=\"robots\" content=\"index, follow, max-snippet:-1, max-image-preview:large, max-video-preview:-1\" \/>\n<link rel=\"canonical\" href=\"https:\/\/www.albergominerva.it\/fr\/contrada-de-la-licorne\/\" \/>\n<meta property=\"og:locale\" content=\"fr_FR\" \/>\n<meta property=\"og:type\" content=\"article\" \/>\n<meta property=\"og:title\" content=\"Contrada de la Licorne - Hotel Minerva Siena\" \/>\n<meta property=\"og:description\" content=\"La Contrada de la Licorne est l&rsquo;une des dix-sept contrades de Sienne, situ\u00e9e dans le Terzo di San Martino. Son\" \/>\n<meta property=\"og:url\" content=\"https:\/\/www.albergominerva.it\/fr\/contrada-de-la-licorne\/\" \/>\n<meta property=\"og:site_name\" content=\"Hotel Minerva Siena\" \/>\n<meta property=\"article:modified_time\" content=\"2023-08-20T11:35:28+00:00\" \/>\n<meta property=\"og:image\" content=\"https:\/\/www.albergominerva.it\/wp-content\/uploads\/2023\/08\/leocorno.jpg\" \/>\n<meta name=\"twitter:card\" content=\"summary_large_image\" \/>\n<meta name=\"twitter:label1\" content=\"Dur\u00e9e de lecture estim\u00e9e\" \/>\n\t<meta name=\"twitter:data1\" content=\"2 minutes\" \/>\n<script type=\"application\/ld+json\" class=\"yoast-schema-graph\">{\"@context\":\"https:\/\/schema.org\",\"@graph\":[{\"@type\":\"WebPage\",\"@id\":\"https:\/\/www.albergominerva.it\/fr\/contrada-de-la-licorne\/\",\"url\":\"https:\/\/www.albergominerva.it\/fr\/contrada-de-la-licorne\/\",\"name\":\"Contrada de la Licorne - Hotel Minerva Siena\",\"isPartOf\":{\"@id\":\"https:\/\/www.albergominerva.it\/fr\/#website\"},\"primaryImageOfPage\":{\"@id\":\"https:\/\/www.albergominerva.it\/fr\/contrada-de-la-licorne\/#primaryimage\"},\"image\":{\"@id\":\"https:\/\/www.albergominerva.it\/fr\/contrada-de-la-licorne\/#primaryimage\"},\"thumbnailUrl\":\"https:\/\/www.albergominerva.it\/wp-content\/uploads\/2023\/08\/leocorno.jpg\",\"datePublished\":\"2023-08-20T11:35:27+00:00\",\"dateModified\":\"2023-08-20T11:35:28+00:00\",\"breadcrumb\":{\"@id\":\"https:\/\/www.albergominerva.it\/fr\/contrada-de-la-licorne\/#breadcrumb\"},\"inLanguage\":\"fr-FR\",\"potentialAction\":[{\"@type\":\"ReadAction\",\"target\":[\"https:\/\/www.albergominerva.it\/fr\/contrada-de-la-licorne\/\"]}]},{\"@type\":\"ImageObject\",\"inLanguage\":\"fr-FR\",\"@id\":\"https:\/\/www.albergominerva.it\/fr\/contrada-de-la-licorne\/#primaryimage\",\"url\":\"https:\/\/www.albergominerva.it\/wp-content\/uploads\/2023\/08\/leocorno.jpg\",\"contentUrl\":\"https:\/\/www.albergominerva.it\/wp-content\/uploads\/2023\/08\/leocorno.jpg\"},{\"@type\":\"BreadcrumbList\",\"@id\":\"https:\/\/www.albergominerva.it\/fr\/contrada-de-la-licorne\/#breadcrumb\",\"itemListElement\":[{\"@type\":\"ListItem\",\"position\":1,\"name\":\"Home\",\"item\":\"https:\/\/www.albergominerva.it\/fr\/\"},{\"@type\":\"ListItem\",\"position\":2,\"name\":\"Contrada de la Licorne\"}]},{\"@type\":\"WebSite\",\"@id\":\"https:\/\/www.albergominerva.it\/fr\/#website\",\"url\":\"https:\/\/www.albergominerva.it\/fr\/\",\"name\":\"Hotel Minerva Siena\",\"description\":\"Hotel in Centro Storico a Siena - Toscana - Italy\",\"potentialAction\":[{\"@type\":\"SearchAction\",\"target\":{\"@type\":\"EntryPoint\",\"urlTemplate\":\"https:\/\/www.albergominerva.it\/fr\/?s={search_term_string}\"},\"query-input\":{\"@type\":\"PropertyValueSpecification\",\"valueRequired\":true,\"valueName\":\"search_term_string\"}}],\"inLanguage\":\"fr-FR\"}]}<\/script>\n<!-- \/ Yoast SEO plugin. -->","yoast_head_json":{"title":"Contrada de la Licorne - Hotel Minerva Siena","robots":{"index":"index","follow":"follow","max-snippet":"max-snippet:-1","max-image-preview":"max-image-preview:large","max-video-preview":"max-video-preview:-1"},"canonical":"https:\/\/www.albergominerva.it\/fr\/contrada-de-la-licorne\/","og_locale":"fr_FR","og_type":"article","og_title":"Contrada de la Licorne - Hotel Minerva Siena","og_description":"La Contrada de la Licorne est l&rsquo;une des dix-sept contrades de Sienne, situ\u00e9e dans le Terzo di San Martino. Son","og_url":"https:\/\/www.albergominerva.it\/fr\/contrada-de-la-licorne\/","og_site_name":"Hotel Minerva Siena","article_modified_time":"2023-08-20T11:35:28+00:00","og_image":[{"url":"https:\/\/www.albergominerva.it\/wp-content\/uploads\/2023\/08\/leocorno.jpg","type":"","width":"","height":""}],"twitter_card":"summary_large_image","twitter_misc":{"Dur\u00e9e de lecture estim\u00e9e":"2 minutes"},"schema":{"@context":"https:\/\/schema.org","@graph":[{"@type":"WebPage","@id":"https:\/\/www.albergominerva.it\/fr\/contrada-de-la-licorne\/","url":"https:\/\/www.albergominerva.it\/fr\/contrada-de-la-licorne\/","name":"Contrada de la Licorne - Hotel Minerva Siena","isPartOf":{"@id":"https:\/\/www.albergominerva.it\/fr\/#website"},"primaryImageOfPage":{"@id":"https:\/\/www.albergominerva.it\/fr\/contrada-de-la-licorne\/#primaryimage"},"image":{"@id":"https:\/\/www.albergominerva.it\/fr\/contrada-de-la-licorne\/#primaryimage"},"thumbnailUrl":"https:\/\/www.albergominerva.it\/wp-content\/uploads\/2023\/08\/leocorno.jpg","datePublished":"2023-08-20T11:35:27+00:00","dateModified":"2023-08-20T11:35:28+00:00","breadcrumb":{"@id":"https:\/\/www.albergominerva.it\/fr\/contrada-de-la-licorne\/#breadcrumb"},"inLanguage":"fr-FR","potentialAction":[{"@type":"ReadAction","target":["https:\/\/www.albergominerva.it\/fr\/contrada-de-la-licorne\/"]}]},{"@type":"ImageObject","inLanguage":"fr-FR","@id":"https:\/\/www.albergominerva.it\/fr\/contrada-de-la-licorne\/#primaryimage","url":"https:\/\/www.albergominerva.it\/wp-content\/uploads\/2023\/08\/leocorno.jpg","contentUrl":"https:\/\/www.albergominerva.it\/wp-content\/uploads\/2023\/08\/leocorno.jpg"},{"@type":"BreadcrumbList","@id":"https:\/\/www.albergominerva.it\/fr\/contrada-de-la-licorne\/#breadcrumb","itemListElement":[{"@type":"ListItem","position":1,"name":"Home","item":"https:\/\/www.albergominerva.it\/fr\/"},{"@type":"ListItem","position":2,"name":"Contrada de la Licorne"}]},{"@type":"WebSite","@id":"https:\/\/www.albergominerva.it\/fr\/#website","url":"https:\/\/www.albergominerva.it\/fr\/","name":"Hotel Minerva Siena","description":"Hotel in Centro Storico a Siena - Toscana - Italy","potentialAction":[{"@type":"SearchAction","target":{"@type":"EntryPoint","urlTemplate":"https:\/\/www.albergominerva.it\/fr\/?s={search_term_string}"},"query-input":{"@type":"PropertyValueSpecification","valueRequired":true,"valueName":"search_term_string"}}],"inLanguage":"fr-FR"}]}},"_links":{"self":[{"href":"https:\/\/www.albergominerva.it\/fr\/wp-json\/wp\/v2\/pages\/11312","targetHints":{"allow":["GET"]}}],"collection":[{"href":"https:\/\/www.albergominerva.it\/fr\/wp-json\/wp\/v2\/pages"}],"about":[{"href":"https:\/\/www.albergominerva.it\/fr\/wp-json\/wp\/v2\/types\/page"}],"author":[{"embeddable":true,"href":"https:\/\/www.albergominerva.it\/fr\/wp-json\/wp\/v2\/users\/3"}],"replies":[{"embeddable":true,"href":"https:\/\/www.albergominerva.it\/fr\/wp-json\/wp\/v2\/comments?post=11312"}],"version-history":[{"count":1,"href":"https:\/\/www.albergominerva.it\/fr\/wp-json\/wp\/v2\/pages\/11312\/revisions"}],"predecessor-version":[{"id":11313,"href":"https:\/\/www.albergominerva.it\/fr\/wp-json\/wp\/v2\/pages\/11312\/revisions\/11313"}],"wp:attachment":[{"href":"https:\/\/www.albergominerva.it\/fr\/wp-json\/wp\/v2\/media?parent=11312"}],"curies":[{"name":"wp","href":"https:\/\/api.w.org\/{rel}","templated":true}]}}