{"id":11657,"date":"2023-10-30T10:49:07","date_gmt":"2023-10-30T09:49:07","guid":{"rendered":"https:\/\/www.albergominerva.it\/?page_id=11657"},"modified":"2023-10-30T10:49:09","modified_gmt":"2023-10-30T09:49:09","slug":"la-pala-borghesi-dans-la-basilique-san-domenico-a-sienne","status":"publish","type":"page","link":"https:\/\/www.albergominerva.it\/fr\/la-pala-borghesi-dans-la-basilique-san-domenico-a-sienne\/","title":{"rendered":"La Pala Borghesi dans la Basilique San Domenico \u00e0 Sienne"},"content":{"rendered":"\n<p><strong>Sienne, c\u00e9l\u00e8bre pour son riche patrimoine artistique et culturel<\/strong>, continue de ravir les visiteurs avec ses \u0153uvres d&rsquo;art fascinantes et ses architectures historiques. Parmi les nombreuses gemmes artistiques de la ville, la Basilique San Domenico se distingue comme l&rsquo;un des t\u00e9moignages les plus captivants de l&rsquo;art gothique cistercien. En plus de repr\u00e9senter un lieu d&rsquo;importance religieuse significative, la basilique abrite une collection d&rsquo;\u0153uvres d&rsquo;art extraordinaires qui enchantent les amateurs d&rsquo;art et les touristes curieux d&rsquo;histoire.<\/p>\n\n\n\n<figure class=\"wp-block-image size-full\"><img loading=\"lazy\" decoding=\"async\" width=\"352\" height=\"468\" src=\"https:\/\/www.albergominerva.it\/wp-content\/uploads\/2023\/10\/pala-borghesi-1.png\" alt=\"\" class=\"wp-image-11589\" srcset=\"https:\/\/www.albergominerva.it\/wp-content\/uploads\/2023\/10\/pala-borghesi-1.png 352w, https:\/\/www.albergominerva.it\/wp-content\/uploads\/2023\/10\/pala-borghesi-1-226x300.png 226w\" sizes=\"auto, (max-width: 352px) 100vw, 352px\" \/><\/figure>\n\n\n\n<p><strong>Parmi les \u0153uvres qui enrichissent la basilique, la moins connue mais d&rsquo;une importance artistique notable est une Sainte Conversation<\/strong>, peinte par Benvenuto di Giovanni. Situ\u00e9e dans le transept gauche de l&rsquo;\u00e9glise, \u00e0 l&rsquo;int\u00e9rieur d&rsquo;une chapelle qui appartenait autrefois \u00e0 la famille Borghesi, cette magnifique \u0153uvre raconte une histoire d&rsquo;une profondeur et d&rsquo;une beaut\u00e9 remarquables.<\/p>\n\n\n\n<p><strong>Benvenuto di Giovanni, un peintre siennois de grand talent, est n\u00e9 en 1436<\/strong> et a pass\u00e9 ses ann\u00e9es de formation aupr\u00e8s du c\u00e9l\u00e8bre Vecchietta, apprenant les d\u00e9tails complexes de l&rsquo;art et d\u00e9veloppant un style distinctif et raffin\u00e9. Ses \u0153uvres, dont l&rsquo;Adoration des Mages maintenant \u00e0 Washington et le retable de San Fortunato \u00e0 Vescovado di Murlo, t\u00e9moignent de sa ma\u00eetrise technique et de son go\u00fbt artistique, mettant en \u00e9vidence les influences ferraraises et padouanes du XVe si\u00e8cle.<\/p>\n\n\n\n<p><strong>Command\u00e9e par la famille Borghesi pour la chapelle familiale \u00e0 l&rsquo;int\u00e9rieur de la basilique, la Sainte Conversation de Benvenuto di Giovanni date de la fin des ann\u00e9es 1470<\/strong>, repr\u00e9sentant un point culminant de sa carri\u00e8re artistique. L&rsquo;\u0153uvre repr\u00e9sente la Vierge en majest\u00e9 avec l&rsquo;Enfant et divers saints, entour\u00e9e d&rsquo;un lunette montrant le Sauveur en Piti\u00e9, soutenu par des anges \u00e9mus.<\/p>\n\n\n\n<p>L&rsquo;attention port\u00e9e aux d\u00e9tails anatomiques et le rendu enchanteur des v\u00eatements conf\u00e8rent \u00e0 l&rsquo;\u0153uvre une \u00e9l\u00e9gance rappelant les styles nordiques et flamands de l&rsquo;\u00e9poque. La somptuosit\u00e9 des v\u00eatements et l&rsquo;ex\u00e9cution impeccable des visages, associ\u00e9es \u00e0 des d\u00e9tails complexes et \u00e0 une ex\u00e9cution raffin\u00e9e, mettent en \u00e9vidence l&rsquo;habilet\u00e9 de Benvenuto di Giovanni \u00e0 int\u00e9grer des influences diverses, cr\u00e9ant ainsi une \u0153uvre qui se distingue comme un joyau pr\u00e9cieux dans le paysage artistique siennois de la Renaissance.<\/p>\n\n\n\n<p><strong>Cette Sainte Conversation reste un pr\u00e9cieux t\u00e9moin de la ma\u00eetrise et de la profondeur de l&rsquo;art siennois du XVe si\u00e8cle<\/strong>, soulignant l&rsquo;importance d&rsquo;approfondir la compr\u00e9hension des diverses nuances et influences artistiques qui ont contribu\u00e9 \u00e0 fa\u00e7onner le paysage artistique de la ville.<\/p>\n\n\n\n<p>\u00c0 cet \u00e9gard, si vous recherchez un h\u00f4tel au centre de Sienne avec parking, pour visiter la Basilique San Domenico, choisissez l&rsquo;h\u00f4tel Minerva.<\/p>\n\n\n\n<p><a href=\"https:\/\/www.albergominerva.it\/fr\/offres-speciales-hotel-sienne-centre\/\">Voici toutes nos offres<\/a>.<\/p>\n","protected":false},"excerpt":{"rendered":"<p>Sienne, c\u00e9l\u00e8bre pour son riche patrimoine artistique et culturel, continue de ravir les visiteurs avec ses \u0153uvres d&rsquo;art fascinantes et<\/p>\n","protected":false},"author":3,"featured_media":0,"parent":0,"menu_order":0,"comment_status":"closed","ping_status":"closed","template":"","meta":{"_acf_changed":false,"footnotes":""},"class_list":["post-11657","page","type-page","status-publish","hentry"],"acf":[],"yoast_head":"<!-- This site is optimized with the Yoast SEO plugin v26.4 - https:\/\/yoast.com\/wordpress\/plugins\/seo\/ -->\n<title>La Pala Borghesi dans la Basilique San Domenico \u00e0 Sienne - Hotel Minerva Siena<\/title>\n<meta name=\"robots\" content=\"index, follow, max-snippet:-1, max-image-preview:large, max-video-preview:-1\" \/>\n<link rel=\"canonical\" href=\"https:\/\/www.albergominerva.it\/fr\/la-pala-borghesi-dans-la-basilique-san-domenico-a-sienne\/\" \/>\n<meta property=\"og:locale\" content=\"fr_FR\" \/>\n<meta property=\"og:type\" content=\"article\" \/>\n<meta property=\"og:title\" content=\"La Pala Borghesi dans la Basilique San Domenico \u00e0 Sienne - Hotel Minerva Siena\" \/>\n<meta property=\"og:description\" content=\"Sienne, c\u00e9l\u00e8bre pour son riche patrimoine artistique et culturel, continue de ravir les visiteurs avec ses \u0153uvres d&rsquo;art fascinantes et\" \/>\n<meta property=\"og:url\" content=\"https:\/\/www.albergominerva.it\/fr\/la-pala-borghesi-dans-la-basilique-san-domenico-a-sienne\/\" \/>\n<meta property=\"og:site_name\" content=\"Hotel Minerva Siena\" \/>\n<meta property=\"article:modified_time\" content=\"2023-10-30T09:49:09+00:00\" \/>\n<meta property=\"og:image\" content=\"https:\/\/www.albergominerva.it\/wp-content\/uploads\/2023\/10\/pala-borghesi-1.png\" \/>\n<meta name=\"twitter:card\" content=\"summary_large_image\" \/>\n<meta name=\"twitter:label1\" content=\"Dur\u00e9e de lecture estim\u00e9e\" \/>\n\t<meta name=\"twitter:data1\" content=\"3 minutes\" \/>\n<script type=\"application\/ld+json\" class=\"yoast-schema-graph\">{\"@context\":\"https:\/\/schema.org\",\"@graph\":[{\"@type\":\"WebPage\",\"@id\":\"https:\/\/www.albergominerva.it\/fr\/la-pala-borghesi-dans-la-basilique-san-domenico-a-sienne\/\",\"url\":\"https:\/\/www.albergominerva.it\/fr\/la-pala-borghesi-dans-la-basilique-san-domenico-a-sienne\/\",\"name\":\"La Pala Borghesi dans la Basilique San Domenico \u00e0 Sienne - Hotel Minerva Siena\",\"isPartOf\":{\"@id\":\"https:\/\/www.albergominerva.it\/fr\/#website\"},\"primaryImageOfPage\":{\"@id\":\"https:\/\/www.albergominerva.it\/fr\/la-pala-borghesi-dans-la-basilique-san-domenico-a-sienne\/#primaryimage\"},\"image\":{\"@id\":\"https:\/\/www.albergominerva.it\/fr\/la-pala-borghesi-dans-la-basilique-san-domenico-a-sienne\/#primaryimage\"},\"thumbnailUrl\":\"https:\/\/www.albergominerva.it\/wp-content\/uploads\/2023\/10\/pala-borghesi-1.png\",\"datePublished\":\"2023-10-30T09:49:07+00:00\",\"dateModified\":\"2023-10-30T09:49:09+00:00\",\"breadcrumb\":{\"@id\":\"https:\/\/www.albergominerva.it\/fr\/la-pala-borghesi-dans-la-basilique-san-domenico-a-sienne\/#breadcrumb\"},\"inLanguage\":\"fr-FR\",\"potentialAction\":[{\"@type\":\"ReadAction\",\"target\":[\"https:\/\/www.albergominerva.it\/fr\/la-pala-borghesi-dans-la-basilique-san-domenico-a-sienne\/\"]}]},{\"@type\":\"ImageObject\",\"inLanguage\":\"fr-FR\",\"@id\":\"https:\/\/www.albergominerva.it\/fr\/la-pala-borghesi-dans-la-basilique-san-domenico-a-sienne\/#primaryimage\",\"url\":\"https:\/\/www.albergominerva.it\/wp-content\/uploads\/2023\/10\/pala-borghesi-1.png\",\"contentUrl\":\"https:\/\/www.albergominerva.it\/wp-content\/uploads\/2023\/10\/pala-borghesi-1.png\"},{\"@type\":\"BreadcrumbList\",\"@id\":\"https:\/\/www.albergominerva.it\/fr\/la-pala-borghesi-dans-la-basilique-san-domenico-a-sienne\/#breadcrumb\",\"itemListElement\":[{\"@type\":\"ListItem\",\"position\":1,\"name\":\"Home\",\"item\":\"https:\/\/www.albergominerva.it\/fr\/\"},{\"@type\":\"ListItem\",\"position\":2,\"name\":\"La Pala Borghesi dans la Basilique San Domenico \u00e0 Sienne\"}]},{\"@type\":\"WebSite\",\"@id\":\"https:\/\/www.albergominerva.it\/fr\/#website\",\"url\":\"https:\/\/www.albergominerva.it\/fr\/\",\"name\":\"Hotel Minerva Siena\",\"description\":\"Hotel in Centro Storico a Siena - Toscana - Italy\",\"potentialAction\":[{\"@type\":\"SearchAction\",\"target\":{\"@type\":\"EntryPoint\",\"urlTemplate\":\"https:\/\/www.albergominerva.it\/fr\/?s={search_term_string}\"},\"query-input\":{\"@type\":\"PropertyValueSpecification\",\"valueRequired\":true,\"valueName\":\"search_term_string\"}}],\"inLanguage\":\"fr-FR\"}]}<\/script>\n<!-- \/ Yoast SEO plugin. -->","yoast_head_json":{"title":"La Pala Borghesi dans la Basilique San Domenico \u00e0 Sienne - Hotel Minerva Siena","robots":{"index":"index","follow":"follow","max-snippet":"max-snippet:-1","max-image-preview":"max-image-preview:large","max-video-preview":"max-video-preview:-1"},"canonical":"https:\/\/www.albergominerva.it\/fr\/la-pala-borghesi-dans-la-basilique-san-domenico-a-sienne\/","og_locale":"fr_FR","og_type":"article","og_title":"La Pala Borghesi dans la Basilique San Domenico \u00e0 Sienne - Hotel Minerva Siena","og_description":"Sienne, c\u00e9l\u00e8bre pour son riche patrimoine artistique et culturel, continue de ravir les visiteurs avec ses \u0153uvres d&rsquo;art fascinantes et","og_url":"https:\/\/www.albergominerva.it\/fr\/la-pala-borghesi-dans-la-basilique-san-domenico-a-sienne\/","og_site_name":"Hotel Minerva Siena","article_modified_time":"2023-10-30T09:49:09+00:00","og_image":[{"url":"https:\/\/www.albergominerva.it\/wp-content\/uploads\/2023\/10\/pala-borghesi-1.png","type":"","width":"","height":""}],"twitter_card":"summary_large_image","twitter_misc":{"Dur\u00e9e de lecture estim\u00e9e":"3 minutes"},"schema":{"@context":"https:\/\/schema.org","@graph":[{"@type":"WebPage","@id":"https:\/\/www.albergominerva.it\/fr\/la-pala-borghesi-dans-la-basilique-san-domenico-a-sienne\/","url":"https:\/\/www.albergominerva.it\/fr\/la-pala-borghesi-dans-la-basilique-san-domenico-a-sienne\/","name":"La Pala Borghesi dans la Basilique San Domenico \u00e0 Sienne - Hotel Minerva Siena","isPartOf":{"@id":"https:\/\/www.albergominerva.it\/fr\/#website"},"primaryImageOfPage":{"@id":"https:\/\/www.albergominerva.it\/fr\/la-pala-borghesi-dans-la-basilique-san-domenico-a-sienne\/#primaryimage"},"image":{"@id":"https:\/\/www.albergominerva.it\/fr\/la-pala-borghesi-dans-la-basilique-san-domenico-a-sienne\/#primaryimage"},"thumbnailUrl":"https:\/\/www.albergominerva.it\/wp-content\/uploads\/2023\/10\/pala-borghesi-1.png","datePublished":"2023-10-30T09:49:07+00:00","dateModified":"2023-10-30T09:49:09+00:00","breadcrumb":{"@id":"https:\/\/www.albergominerva.it\/fr\/la-pala-borghesi-dans-la-basilique-san-domenico-a-sienne\/#breadcrumb"},"inLanguage":"fr-FR","potentialAction":[{"@type":"ReadAction","target":["https:\/\/www.albergominerva.it\/fr\/la-pala-borghesi-dans-la-basilique-san-domenico-a-sienne\/"]}]},{"@type":"ImageObject","inLanguage":"fr-FR","@id":"https:\/\/www.albergominerva.it\/fr\/la-pala-borghesi-dans-la-basilique-san-domenico-a-sienne\/#primaryimage","url":"https:\/\/www.albergominerva.it\/wp-content\/uploads\/2023\/10\/pala-borghesi-1.png","contentUrl":"https:\/\/www.albergominerva.it\/wp-content\/uploads\/2023\/10\/pala-borghesi-1.png"},{"@type":"BreadcrumbList","@id":"https:\/\/www.albergominerva.it\/fr\/la-pala-borghesi-dans-la-basilique-san-domenico-a-sienne\/#breadcrumb","itemListElement":[{"@type":"ListItem","position":1,"name":"Home","item":"https:\/\/www.albergominerva.it\/fr\/"},{"@type":"ListItem","position":2,"name":"La Pala Borghesi dans la Basilique San Domenico \u00e0 Sienne"}]},{"@type":"WebSite","@id":"https:\/\/www.albergominerva.it\/fr\/#website","url":"https:\/\/www.albergominerva.it\/fr\/","name":"Hotel Minerva Siena","description":"Hotel in Centro Storico a Siena - Toscana - Italy","potentialAction":[{"@type":"SearchAction","target":{"@type":"EntryPoint","urlTemplate":"https:\/\/www.albergominerva.it\/fr\/?s={search_term_string}"},"query-input":{"@type":"PropertyValueSpecification","valueRequired":true,"valueName":"search_term_string"}}],"inLanguage":"fr-FR"}]}},"_links":{"self":[{"href":"https:\/\/www.albergominerva.it\/fr\/wp-json\/wp\/v2\/pages\/11657","targetHints":{"allow":["GET"]}}],"collection":[{"href":"https:\/\/www.albergominerva.it\/fr\/wp-json\/wp\/v2\/pages"}],"about":[{"href":"https:\/\/www.albergominerva.it\/fr\/wp-json\/wp\/v2\/types\/page"}],"author":[{"embeddable":true,"href":"https:\/\/www.albergominerva.it\/fr\/wp-json\/wp\/v2\/users\/3"}],"replies":[{"embeddable":true,"href":"https:\/\/www.albergominerva.it\/fr\/wp-json\/wp\/v2\/comments?post=11657"}],"version-history":[{"count":1,"href":"https:\/\/www.albergominerva.it\/fr\/wp-json\/wp\/v2\/pages\/11657\/revisions"}],"predecessor-version":[{"id":11658,"href":"https:\/\/www.albergominerva.it\/fr\/wp-json\/wp\/v2\/pages\/11657\/revisions\/11658"}],"wp:attachment":[{"href":"https:\/\/www.albergominerva.it\/fr\/wp-json\/wp\/v2\/media?parent=11657"}],"curies":[{"name":"wp","href":"https:\/\/api.w.org\/{rel}","templated":true}]}}