{"id":11671,"date":"2023-10-30T11:09:36","date_gmt":"2023-10-30T10:09:36","guid":{"rendered":"https:\/\/www.albergominerva.it\/?page_id=11671"},"modified":"2023-10-30T11:09:38","modified_gmt":"2023-10-30T10:09:38","slug":"le-palazzo-del-rettorato-a-sienne","status":"publish","type":"page","link":"https:\/\/www.albergominerva.it\/fr\/le-palazzo-del-rettorato-a-sienne\/","title":{"rendered":"Le Palazzo del Rettorato \u00e0 Sienne"},"content":{"rendered":"\n<p><strong>L&rsquo;Universit\u00e9 de Sienne, avec son histoire acad\u00e9mique longue et glorieuse, a toujours \u00e9t\u00e9 un phare de connaissance et d&rsquo;innovation dans le paysage culturel italien. <\/strong>Fond\u00e9e \u00e0 une \u00e9poque lointaine, o\u00f9 le savoir et la philosophie \u00e9taient des pierres angulaires de la soci\u00e9t\u00e9, elle a r\u00e9sist\u00e9 au passage des si\u00e8cles, maintenant intact son prestige et sa vocation \u00e0 l&rsquo;excellence. D\u00e8s les premiers jours de son existence, l&rsquo;Universit\u00e9 de Sienne a attir\u00e9 les esprits les plus brillants et les talents les plus prometteurs, contribuant de mani\u00e8re significative au d\u00e9veloppement social, culturel et scientifique de la ville elle-m\u00eame, ainsi que de l&rsquo;ensemble de la nation italienne.<\/p>\n\n\n\n<p><strong>L&rsquo;institution a travers\u00e9 des p\u00e9riodes de grand \u00e9clat et des moments de d\u00e9fis et de crises, s&rsquo;adaptant toujours aux changements de la soci\u00e9t\u00e9 et aux besoins changeants de la recherche et de l&rsquo;enseignement sup\u00e9rieur. <\/strong>Sa pr\u00e9sence a profond\u00e9ment fa\u00e7onn\u00e9 le tissu social de Sienne, l&rsquo;enrichissant de la sagesse et de la connaissance que seul un centre acad\u00e9mique d&rsquo;excellence peut offrir. C&rsquo;est donc dans ce contexte de pertinence acad\u00e9mique et culturelle que le Palazzo del Rettorato, ancien couvent de San Vigilio, se dresse comme le c\u0153ur m\u00eame de l&rsquo;activit\u00e9 acad\u00e9mique et de l&rsquo;intellect collectif qui anime l&rsquo;Universit\u00e9 de Sienne.<\/p>\n\n\n\n<p><strong>Le Palazzo del Rettorato de l&rsquo;Universit\u00e9 de Sienne (ancien couvent de San Vigilio), situ\u00e9 via Banchi di Sotto<\/strong>, repr\u00e9sente le c\u0153ur de l&rsquo;illustre et s\u00e9culaire universit\u00e9 siennoise. Il est devenu officiellement le si\u00e8ge de l&rsquo;universit\u00e9 \u00e0 partir de 1815 lorsque, apr\u00e8s l&rsquo;\u00e8re napol\u00e9onienne et le r\u00e9tablissement de Ferdinand III d&rsquo;Asburgo-Lorena sur le tr\u00f4ne du Grand-duch\u00e9 de Toscane, l&rsquo;universit\u00e9 a repris ses activit\u00e9s acad\u00e9miques r\u00e9guli\u00e8res.<\/p>\n\n\n\n<figure class=\"wp-block-image size-full\"><img loading=\"lazy\" decoding=\"async\" width=\"572\" height=\"298\" src=\"https:\/\/www.albergominerva.it\/wp-content\/uploads\/2023\/10\/rettorato.png\" alt=\"\" class=\"wp-image-11491\" srcset=\"https:\/\/www.albergominerva.it\/wp-content\/uploads\/2023\/10\/rettorato.png 572w, https:\/\/www.albergominerva.it\/wp-content\/uploads\/2023\/10\/rettorato-300x156.png 300w\" sizes=\"auto, (max-width: 572px) 100vw, 572px\" \/><\/figure>\n\n\n\n<p>\u00c0 cette \u00e9poque, le b\u00e2timent, d\u00e9j\u00e0 si\u00e8ge de divers ordres religieux, n\u00e9cessitait d&rsquo;importants travaux de r\u00e9novation et le Siennois Agostino Fantastici, principal architecte local de l&rsquo;\u00e9poque, en fut le premier protagoniste. C&rsquo;est pr\u00e9cis\u00e9ment \u00e0 Fantastici qu&rsquo;a \u00e9t\u00e9 confi\u00e9e la construction de la soi-disant Aula Magna Storica situ\u00e9e au premier \u00e9tage du palais.<\/p>\n\n\n\n<p><strong>D&rsquo;autres modifications du b\u00e2timent ont \u00e9t\u00e9 apport\u00e9es \u00e0 la fin du XIXe si\u00e8cle par Giuseppe Partini, d\u00e9j\u00e0 auteur de restaurations au Duomo<\/strong>, \u00e0 la basilique de San Francesco et sur la Piazza del Campo, devenu une r\u00e9f\u00e9rence pour quiconque voulait intervenir sur les b\u00e2timents historiques de Sienne.<\/p>\n\n\n\n<p>Les derni\u00e8res transformations significatives du palais remontent \u00e0 l&rsquo;\u00e9poque fasciste lorsque, sur ordre du recteur Gianni Petragnani, l&rsquo;ing\u00e9nieur Guido Bonci Casuccini a con\u00e7u des modifications des espaces existants et la construction d&rsquo;une nouvelle Aula Magna. Pour la partie artistique, Bonci Casuccini s&rsquo;est tourn\u00e9 vers l&rsquo;imagination de l&rsquo;\u00e9clectique Arturo Viligiardi, d\u00e9j\u00e0 \u00e9l\u00e8ve de Giovanni Dupr\u00e8, protagoniste du monde artistique siennois du d\u00e9but du XXe si\u00e8cle.<\/p>\n\n\n\n<p><strong>Entre autres choses, dans la cour pseudo-renaissance de Partini, on trouve des \u0153uvres sculpturales de Goro di Gregorio<\/strong>, Pietro Tenerani et Giuseppe Romolo Molteni. Le monument au centre de la cour, visible depuis la via Banchi di Sotto, est une \u0153uvre de 1893 d\u00e9di\u00e9e aux morts de Curtatone et Montanara, sculpt\u00e9e par Raffaello Romanelli.<\/p>\n\n\n\n<p>Dans cette perspective, si vous souhaitez partir \u00e0 la d\u00e9couverte du Palazzo del Rettorato de Sienne, partez de l&rsquo;Albergo Minerva au centre de Sienne.<\/p>\n\n\n\n<p><a href=\"https:\/\/www.albergominerva.it\/fr\/chambres\/sienne-chambre-superieure\/\">D\u00e9couvrez ici toutes nos chambres sup\u00e9rieures<\/a>.<\/p>\n","protected":false},"excerpt":{"rendered":"<p>L&rsquo;Universit\u00e9 de Sienne, avec son histoire acad\u00e9mique longue et glorieuse, a toujours \u00e9t\u00e9 un phare de connaissance et d&rsquo;innovation dans<\/p>\n","protected":false},"author":3,"featured_media":0,"parent":0,"menu_order":0,"comment_status":"closed","ping_status":"closed","template":"","meta":{"_acf_changed":false,"footnotes":""},"class_list":["post-11671","page","type-page","status-publish","hentry"],"acf":[],"yoast_head":"<!-- This site is optimized with the Yoast SEO plugin v26.4 - https:\/\/yoast.com\/wordpress\/plugins\/seo\/ -->\n<title>Le Palazzo del Rettorato \u00e0 Sienne - Hotel Minerva Siena<\/title>\n<meta name=\"robots\" content=\"index, follow, max-snippet:-1, max-image-preview:large, max-video-preview:-1\" \/>\n<link rel=\"canonical\" href=\"https:\/\/www.albergominerva.it\/fr\/le-palazzo-del-rettorato-a-sienne\/\" \/>\n<meta property=\"og:locale\" content=\"fr_FR\" \/>\n<meta property=\"og:type\" content=\"article\" \/>\n<meta property=\"og:title\" content=\"Le Palazzo del Rettorato \u00e0 Sienne - Hotel Minerva Siena\" \/>\n<meta property=\"og:description\" content=\"L&rsquo;Universit\u00e9 de Sienne, avec son histoire acad\u00e9mique longue et glorieuse, a toujours \u00e9t\u00e9 un phare de connaissance et d&rsquo;innovation dans\" \/>\n<meta property=\"og:url\" content=\"https:\/\/www.albergominerva.it\/fr\/le-palazzo-del-rettorato-a-sienne\/\" \/>\n<meta property=\"og:site_name\" content=\"Hotel Minerva Siena\" \/>\n<meta property=\"article:modified_time\" content=\"2023-10-30T10:09:38+00:00\" \/>\n<meta property=\"og:image\" content=\"https:\/\/www.albergominerva.it\/wp-content\/uploads\/2023\/10\/rettorato.png\" \/>\n<meta name=\"twitter:card\" content=\"summary_large_image\" \/>\n<meta name=\"twitter:label1\" content=\"Dur\u00e9e de lecture estim\u00e9e\" \/>\n\t<meta name=\"twitter:data1\" content=\"3 minutes\" \/>\n<script type=\"application\/ld+json\" class=\"yoast-schema-graph\">{\"@context\":\"https:\/\/schema.org\",\"@graph\":[{\"@type\":\"WebPage\",\"@id\":\"https:\/\/www.albergominerva.it\/fr\/le-palazzo-del-rettorato-a-sienne\/\",\"url\":\"https:\/\/www.albergominerva.it\/fr\/le-palazzo-del-rettorato-a-sienne\/\",\"name\":\"Le Palazzo del Rettorato \u00e0 Sienne - Hotel Minerva Siena\",\"isPartOf\":{\"@id\":\"https:\/\/www.albergominerva.it\/fr\/#website\"},\"primaryImageOfPage\":{\"@id\":\"https:\/\/www.albergominerva.it\/fr\/le-palazzo-del-rettorato-a-sienne\/#primaryimage\"},\"image\":{\"@id\":\"https:\/\/www.albergominerva.it\/fr\/le-palazzo-del-rettorato-a-sienne\/#primaryimage\"},\"thumbnailUrl\":\"https:\/\/www.albergominerva.it\/wp-content\/uploads\/2023\/10\/rettorato.png\",\"datePublished\":\"2023-10-30T10:09:36+00:00\",\"dateModified\":\"2023-10-30T10:09:38+00:00\",\"breadcrumb\":{\"@id\":\"https:\/\/www.albergominerva.it\/fr\/le-palazzo-del-rettorato-a-sienne\/#breadcrumb\"},\"inLanguage\":\"fr-FR\",\"potentialAction\":[{\"@type\":\"ReadAction\",\"target\":[\"https:\/\/www.albergominerva.it\/fr\/le-palazzo-del-rettorato-a-sienne\/\"]}]},{\"@type\":\"ImageObject\",\"inLanguage\":\"fr-FR\",\"@id\":\"https:\/\/www.albergominerva.it\/fr\/le-palazzo-del-rettorato-a-sienne\/#primaryimage\",\"url\":\"https:\/\/www.albergominerva.it\/wp-content\/uploads\/2023\/10\/rettorato.png\",\"contentUrl\":\"https:\/\/www.albergominerva.it\/wp-content\/uploads\/2023\/10\/rettorato.png\"},{\"@type\":\"BreadcrumbList\",\"@id\":\"https:\/\/www.albergominerva.it\/fr\/le-palazzo-del-rettorato-a-sienne\/#breadcrumb\",\"itemListElement\":[{\"@type\":\"ListItem\",\"position\":1,\"name\":\"Home\",\"item\":\"https:\/\/www.albergominerva.it\/fr\/\"},{\"@type\":\"ListItem\",\"position\":2,\"name\":\"Le Palazzo del Rettorato \u00e0 Sienne\"}]},{\"@type\":\"WebSite\",\"@id\":\"https:\/\/www.albergominerva.it\/fr\/#website\",\"url\":\"https:\/\/www.albergominerva.it\/fr\/\",\"name\":\"Hotel Minerva Siena\",\"description\":\"Hotel in Centro Storico a Siena - Toscana - Italy\",\"potentialAction\":[{\"@type\":\"SearchAction\",\"target\":{\"@type\":\"EntryPoint\",\"urlTemplate\":\"https:\/\/www.albergominerva.it\/fr\/?s={search_term_string}\"},\"query-input\":{\"@type\":\"PropertyValueSpecification\",\"valueRequired\":true,\"valueName\":\"search_term_string\"}}],\"inLanguage\":\"fr-FR\"}]}<\/script>\n<!-- \/ Yoast SEO plugin. -->","yoast_head_json":{"title":"Le Palazzo del Rettorato \u00e0 Sienne - Hotel Minerva Siena","robots":{"index":"index","follow":"follow","max-snippet":"max-snippet:-1","max-image-preview":"max-image-preview:large","max-video-preview":"max-video-preview:-1"},"canonical":"https:\/\/www.albergominerva.it\/fr\/le-palazzo-del-rettorato-a-sienne\/","og_locale":"fr_FR","og_type":"article","og_title":"Le Palazzo del Rettorato \u00e0 Sienne - Hotel Minerva Siena","og_description":"L&rsquo;Universit\u00e9 de Sienne, avec son histoire acad\u00e9mique longue et glorieuse, a toujours \u00e9t\u00e9 un phare de connaissance et d&rsquo;innovation dans","og_url":"https:\/\/www.albergominerva.it\/fr\/le-palazzo-del-rettorato-a-sienne\/","og_site_name":"Hotel Minerva Siena","article_modified_time":"2023-10-30T10:09:38+00:00","og_image":[{"url":"https:\/\/www.albergominerva.it\/wp-content\/uploads\/2023\/10\/rettorato.png","type":"","width":"","height":""}],"twitter_card":"summary_large_image","twitter_misc":{"Dur\u00e9e de lecture estim\u00e9e":"3 minutes"},"schema":{"@context":"https:\/\/schema.org","@graph":[{"@type":"WebPage","@id":"https:\/\/www.albergominerva.it\/fr\/le-palazzo-del-rettorato-a-sienne\/","url":"https:\/\/www.albergominerva.it\/fr\/le-palazzo-del-rettorato-a-sienne\/","name":"Le Palazzo del Rettorato \u00e0 Sienne - Hotel Minerva Siena","isPartOf":{"@id":"https:\/\/www.albergominerva.it\/fr\/#website"},"primaryImageOfPage":{"@id":"https:\/\/www.albergominerva.it\/fr\/le-palazzo-del-rettorato-a-sienne\/#primaryimage"},"image":{"@id":"https:\/\/www.albergominerva.it\/fr\/le-palazzo-del-rettorato-a-sienne\/#primaryimage"},"thumbnailUrl":"https:\/\/www.albergominerva.it\/wp-content\/uploads\/2023\/10\/rettorato.png","datePublished":"2023-10-30T10:09:36+00:00","dateModified":"2023-10-30T10:09:38+00:00","breadcrumb":{"@id":"https:\/\/www.albergominerva.it\/fr\/le-palazzo-del-rettorato-a-sienne\/#breadcrumb"},"inLanguage":"fr-FR","potentialAction":[{"@type":"ReadAction","target":["https:\/\/www.albergominerva.it\/fr\/le-palazzo-del-rettorato-a-sienne\/"]}]},{"@type":"ImageObject","inLanguage":"fr-FR","@id":"https:\/\/www.albergominerva.it\/fr\/le-palazzo-del-rettorato-a-sienne\/#primaryimage","url":"https:\/\/www.albergominerva.it\/wp-content\/uploads\/2023\/10\/rettorato.png","contentUrl":"https:\/\/www.albergominerva.it\/wp-content\/uploads\/2023\/10\/rettorato.png"},{"@type":"BreadcrumbList","@id":"https:\/\/www.albergominerva.it\/fr\/le-palazzo-del-rettorato-a-sienne\/#breadcrumb","itemListElement":[{"@type":"ListItem","position":1,"name":"Home","item":"https:\/\/www.albergominerva.it\/fr\/"},{"@type":"ListItem","position":2,"name":"Le Palazzo del Rettorato \u00e0 Sienne"}]},{"@type":"WebSite","@id":"https:\/\/www.albergominerva.it\/fr\/#website","url":"https:\/\/www.albergominerva.it\/fr\/","name":"Hotel Minerva Siena","description":"Hotel in Centro Storico a Siena - Toscana - Italy","potentialAction":[{"@type":"SearchAction","target":{"@type":"EntryPoint","urlTemplate":"https:\/\/www.albergominerva.it\/fr\/?s={search_term_string}"},"query-input":{"@type":"PropertyValueSpecification","valueRequired":true,"valueName":"search_term_string"}}],"inLanguage":"fr-FR"}]}},"_links":{"self":[{"href":"https:\/\/www.albergominerva.it\/fr\/wp-json\/wp\/v2\/pages\/11671","targetHints":{"allow":["GET"]}}],"collection":[{"href":"https:\/\/www.albergominerva.it\/fr\/wp-json\/wp\/v2\/pages"}],"about":[{"href":"https:\/\/www.albergominerva.it\/fr\/wp-json\/wp\/v2\/types\/page"}],"author":[{"embeddable":true,"href":"https:\/\/www.albergominerva.it\/fr\/wp-json\/wp\/v2\/users\/3"}],"replies":[{"embeddable":true,"href":"https:\/\/www.albergominerva.it\/fr\/wp-json\/wp\/v2\/comments?post=11671"}],"version-history":[{"count":1,"href":"https:\/\/www.albergominerva.it\/fr\/wp-json\/wp\/v2\/pages\/11671\/revisions"}],"predecessor-version":[{"id":11672,"href":"https:\/\/www.albergominerva.it\/fr\/wp-json\/wp\/v2\/pages\/11671\/revisions\/11672"}],"wp:attachment":[{"href":"https:\/\/www.albergominerva.it\/fr\/wp-json\/wp\/v2\/media?parent=11671"}],"curies":[{"name":"wp","href":"https:\/\/api.w.org\/{rel}","templated":true}]}}