{"id":12110,"date":"2024-02-26T17:23:24","date_gmt":"2024-02-26T16:23:24","guid":{"rendered":"https:\/\/www.albergominerva.it\/?page_id=12110"},"modified":"2024-02-26T17:23:25","modified_gmt":"2024-02-26T16:23:25","slug":"qui-etait-sainte-catherine-de-sienne","status":"publish","type":"page","link":"https:\/\/www.albergominerva.it\/fr\/qui-etait-sainte-catherine-de-sienne\/","title":{"rendered":"Qui \u00e9tait Sainte Catherine de Sienne"},"content":{"rendered":"\n<p><strong>Sainte Catherine de Sienne, n\u00e9e en 1347 \u00e0 Sienne et d\u00e9c\u00e9d\u00e9e en 1380 \u00e0 Rome, \u00e9tait la vingt-quatri\u00e8me enfant de Jacopo Benincasa, un teinturier, et de Lapa Piagenti. <\/strong><\/p>\n\n\n\n<p>D\u00e8s son plus jeune \u00e2ge, elle fr\u00e9quentait la basilique de San Domenico, situ\u00e9e pr\u00e8s de sa maison familiale.<\/p>\n\n\n\n<figure class=\"wp-block-image size-large\"><img loading=\"lazy\" decoding=\"async\" width=\"1024\" height=\"1024\" src=\"https:\/\/www.albergominerva.it\/wp-content\/uploads\/2024\/02\/santa-caterina-1024x1024.png\" alt=\"\" class=\"wp-image-12111\" srcset=\"https:\/\/www.albergominerva.it\/wp-content\/uploads\/2024\/02\/santa-caterina.png 1024w, https:\/\/www.albergominerva.it\/wp-content\/uploads\/2024\/02\/santa-caterina-300x300.png 300w, https:\/\/www.albergominerva.it\/wp-content\/uploads\/2024\/02\/santa-caterina-150x150.png 150w, https:\/\/www.albergominerva.it\/wp-content\/uploads\/2024\/02\/santa-caterina-768x768.png 768w, https:\/\/www.albergominerva.it\/wp-content\/uploads\/2024\/02\/santa-caterina-1000x1000.png 1000w, https:\/\/www.albergominerva.it\/wp-content\/uploads\/2024\/02\/santa-caterina-700x700.png 700w\" sizes=\"auto, (max-width: 1024px) 100vw, 1024px\" \/><\/figure>\n\n\n\n<p>Catherine a d\u00e9montr\u00e9 tr\u00e8s t\u00f4t des signes de gr\u00e2ce divine, se consacrant \u00e0 une vie de p\u00e9nitence et d&rsquo;asc\u00e9tisme rigoureux. \u00c0 six ans, elle eut sa premi\u00e8re vision, et \u00e0 douze ans, elle fit v\u0153u de virginit\u00e9, r\u00e9sistant aux plans de mariage de ses parents en se coupant les cheveux et en se voilant.<\/p>\n\n\n\n<p><strong>\u00c0 seize ans, apr\u00e8s une vision de Saint Dominique, Catherine prit le voile du Tiers-Ordre Dominicain des Mantellate, un groupe de la\u00efques d\u00e9di\u00e9es aux \u0153uvres de charit\u00e9. <\/strong>Elle mena une vie active dans le monde, se consacrant \u00e0 la paix et au salut des hommes. Guid\u00e9e par le dominicain Tommaso della Fonte, elle travailla inlassablement pour atteindre la perfection spirituelle, s&rsquo;engageant dans des \u0153uvres caritatives et assistentielles \u00e0 l&rsquo;h\u00f4pital de Santa Maria della Scala et au lebbrosario de San Lazzaro.<\/p>\n\n\n\n<p><strong>Catherine \u00e9tait dot\u00e9e de talents exceptionnels et intervenait aupr\u00e8s des autorit\u00e9s religieuses et civiles pour promouvoir la justice et la charit\u00e9.<\/strong> Elle a \u00e9t\u00e9 t\u00e9moin de nombreux miracles dans son travail aupr\u00e8s des pauvres, des prisonniers et des malades. \u00c0 vingt ans, elle commen\u00e7a \u00e0 refuser la nourriture et dormait peu, se consacrant enti\u00e8rement \u00e0 sa mission.<\/p>\n\n\n\n<p>Elle forma une \u00ab\u00a0famille spirituelle\u00a0\u00bb de disciples, connus plus tard sous le nom de \u00ab\u00a0Caterinati\u00a0\u00bb, et commen\u00e7a \u00e0 \u00e9crire des lettres de r\u00e9confort et de conseil. Ses lettres aux \u00e9rudits, aux chefs militaires, aux rois et aux responsables politiques italiens ont eu un impact consid\u00e9rable.<\/p>\n\n\n\n<p><strong>Catherine a jou\u00e9 un r\u00f4le d&rsquo;interm\u00e9diaire de paix, notamment entre le Pape et la ville de Florence. <\/strong>Elle a convaincu le pape Gr\u00e9goire XI de retourner \u00e0 Rome et a travaill\u00e9 pour r\u00e9unifier l&rsquo;\u00c9glise pendant le Grand Schisme d&rsquo;Occident.<\/p>\n\n\n\n<p><strong>Dans les derni\u00e8res ann\u00e9es de sa vie, elle a \u00e9t\u00e9 appel\u00e9e \u00e0 Rome par le pape Urbano VI et a continu\u00e9 son travail pour la paix et l&rsquo;unit\u00e9 de l&rsquo;\u00c9glise.<\/strong> Elle est d\u00e9c\u00e9d\u00e9e en 1380 \u00e0 Rome, apr\u00e8s avoir offert sa vie pour l&rsquo;\u00c9glise.<\/p>\n\n\n\n<p><strong>Canonis\u00e9e en 1461 par le pape Pie II, elle a \u00e9t\u00e9 d\u00e9clar\u00e9e co-patronne de Rome, sainte patronne d&rsquo;Italie, protectrice des infirmi\u00e8res et Docteur de l&rsquo;\u00c9glise.<\/strong> En 2001, Jean-Paul II l&rsquo;a d\u00e9clar\u00e9e Sainte Patronne d&rsquo;Europe.<\/p>\n\n\n\n<p><strong>Le corps de Sainte Catherine repose dans la basilique de Santa Maria sopra Minerva \u00e0 Rome<\/strong>, et sa t\u00eate est conserv\u00e9e dans la basilique de San Domenico \u00e0 Sienne. Ses reliques sont v\u00e9n\u00e9r\u00e9es dans le monde entier.<\/p>\n\n\n\n<p>Pour les voyageurs d\u00e9sirant plonger dans l&rsquo;histoire fascinante de cette cit\u00e9, l&rsquo;Albergo Minerva, \u00e9tabli au sein du centre historique de Sienne, repr\u00e9sente une option d&rsquo;h\u00e9bergement excellente. Cet h\u00f4tel de trois \u00e9toiles, conjuguant aisance et praticit\u00e9, est l&rsquo;endroit id\u00e9al pour d\u00e9buter l&rsquo;exploration des charmantes ruelles m\u00e9di\u00e9vales, la visite des somptueux palais gothiques et la d\u00e9couverte des tr\u00e9sors artistiques de Sienne, t\u00e9moins de son riche pass\u00e9.<\/p>\n\n\n\n<p><a href=\"https:\/\/www.simplebooking.it\/ibe\/hotelbooking\/search?hid=4349&amp;lang=fr&amp;_ga=2.48105377.702036519.1561553296-2037279104.1547715263\">Pour proc\u00e9der \u00e0 la r\u00e9servation d&rsquo;une chambre \u00e0 l&rsquo;Albergo Minerva, veuillez cliquer sur ce lien<\/a>.<\/p>\n","protected":false},"excerpt":{"rendered":"<p>Sainte Catherine de Sienne, n\u00e9e en 1347 \u00e0 Sienne et d\u00e9c\u00e9d\u00e9e en 1380 \u00e0 Rome, \u00e9tait la vingt-quatri\u00e8me enfant de<\/p>\n","protected":false},"author":3,"featured_media":0,"parent":0,"menu_order":0,"comment_status":"closed","ping_status":"closed","template":"","meta":{"_acf_changed":false,"footnotes":""},"class_list":["post-12110","page","type-page","status-publish","hentry"],"acf":[],"yoast_head":"<!-- This site is optimized with the Yoast SEO plugin v27.4 - https:\/\/yoast.com\/product\/yoast-seo-wordpress\/ -->\n<title>Qui \u00e9tait Sainte Catherine de Sienne - Hotel Minerva Siena<\/title>\n<meta name=\"robots\" content=\"index, follow, max-snippet:-1, max-image-preview:large, max-video-preview:-1\" \/>\n<link rel=\"canonical\" href=\"https:\/\/www.albergominerva.it\/fr\/qui-etait-sainte-catherine-de-sienne\/\" \/>\n<meta property=\"og:locale\" content=\"fr_FR\" \/>\n<meta property=\"og:type\" content=\"article\" \/>\n<meta property=\"og:title\" content=\"Qui \u00e9tait Sainte Catherine de Sienne - Hotel Minerva Siena\" \/>\n<meta property=\"og:description\" content=\"Sainte Catherine de Sienne, n\u00e9e en 1347 \u00e0 Sienne et d\u00e9c\u00e9d\u00e9e en 1380 \u00e0 Rome, \u00e9tait la vingt-quatri\u00e8me enfant de\" \/>\n<meta property=\"og:url\" content=\"https:\/\/www.albergominerva.it\/fr\/qui-etait-sainte-catherine-de-sienne\/\" \/>\n<meta property=\"og:site_name\" content=\"Hotel Minerva Siena\" \/>\n<meta property=\"article:modified_time\" content=\"2024-02-26T16:23:25+00:00\" \/>\n<meta property=\"og:image\" content=\"https:\/\/www.albergominerva.it\/wp-content\/uploads\/2024\/02\/santa-caterina-1024x1024.png\" \/>\n<meta name=\"twitter:card\" content=\"summary_large_image\" \/>\n<meta name=\"twitter:label1\" content=\"Dur\u00e9e de lecture estim\u00e9e\" \/>\n\t<meta name=\"twitter:data1\" content=\"3 minutes\" \/>\n<script type=\"application\/ld+json\" class=\"yoast-schema-graph\">{\"@context\":\"https:\\\/\\\/schema.org\",\"@graph\":[{\"@type\":\"WebPage\",\"@id\":\"https:\\\/\\\/www.albergominerva.it\\\/fr\\\/qui-etait-sainte-catherine-de-sienne\\\/\",\"url\":\"https:\\\/\\\/www.albergominerva.it\\\/fr\\\/qui-etait-sainte-catherine-de-sienne\\\/\",\"name\":\"Qui \u00e9tait Sainte Catherine de Sienne - Hotel Minerva Siena\",\"isPartOf\":{\"@id\":\"https:\\\/\\\/www.albergominerva.it\\\/fr\\\/#website\"},\"primaryImageOfPage\":{\"@id\":\"https:\\\/\\\/www.albergominerva.it\\\/fr\\\/qui-etait-sainte-catherine-de-sienne\\\/#primaryimage\"},\"image\":{\"@id\":\"https:\\\/\\\/www.albergominerva.it\\\/fr\\\/qui-etait-sainte-catherine-de-sienne\\\/#primaryimage\"},\"thumbnailUrl\":\"https:\\\/\\\/www.albergominerva.it\\\/wp-content\\\/uploads\\\/2024\\\/02\\\/santa-caterina-1024x1024.png\",\"datePublished\":\"2024-02-26T16:23:24+00:00\",\"dateModified\":\"2024-02-26T16:23:25+00:00\",\"breadcrumb\":{\"@id\":\"https:\\\/\\\/www.albergominerva.it\\\/fr\\\/qui-etait-sainte-catherine-de-sienne\\\/#breadcrumb\"},\"inLanguage\":\"fr-FR\",\"potentialAction\":[{\"@type\":\"ReadAction\",\"target\":[\"https:\\\/\\\/www.albergominerva.it\\\/fr\\\/qui-etait-sainte-catherine-de-sienne\\\/\"]}]},{\"@type\":\"ImageObject\",\"inLanguage\":\"fr-FR\",\"@id\":\"https:\\\/\\\/www.albergominerva.it\\\/fr\\\/qui-etait-sainte-catherine-de-sienne\\\/#primaryimage\",\"url\":\"https:\\\/\\\/www.albergominerva.it\\\/wp-content\\\/uploads\\\/2024\\\/02\\\/santa-caterina-1024x1024.png\",\"contentUrl\":\"https:\\\/\\\/www.albergominerva.it\\\/wp-content\\\/uploads\\\/2024\\\/02\\\/santa-caterina-1024x1024.png\"},{\"@type\":\"BreadcrumbList\",\"@id\":\"https:\\\/\\\/www.albergominerva.it\\\/fr\\\/qui-etait-sainte-catherine-de-sienne\\\/#breadcrumb\",\"itemListElement\":[{\"@type\":\"ListItem\",\"position\":1,\"name\":\"Home\",\"item\":\"https:\\\/\\\/www.albergominerva.it\\\/fr\\\/\"},{\"@type\":\"ListItem\",\"position\":2,\"name\":\"Qui \u00e9tait Sainte Catherine de Sienne\"}]},{\"@type\":\"WebSite\",\"@id\":\"https:\\\/\\\/www.albergominerva.it\\\/fr\\\/#website\",\"url\":\"https:\\\/\\\/www.albergominerva.it\\\/fr\\\/\",\"name\":\"Hotel Minerva Siena\",\"description\":\"Hotel in Centro Storico a Siena - Toscana - Italy\",\"potentialAction\":[{\"@type\":\"SearchAction\",\"target\":{\"@type\":\"EntryPoint\",\"urlTemplate\":\"https:\\\/\\\/www.albergominerva.it\\\/fr\\\/?s={search_term_string}\"},\"query-input\":{\"@type\":\"PropertyValueSpecification\",\"valueRequired\":true,\"valueName\":\"search_term_string\"}}],\"inLanguage\":\"fr-FR\"}]}<\/script>\n<!-- \/ Yoast SEO plugin. -->","yoast_head_json":{"title":"Qui \u00e9tait Sainte Catherine de Sienne - Hotel Minerva Siena","robots":{"index":"index","follow":"follow","max-snippet":"max-snippet:-1","max-image-preview":"max-image-preview:large","max-video-preview":"max-video-preview:-1"},"canonical":"https:\/\/www.albergominerva.it\/fr\/qui-etait-sainte-catherine-de-sienne\/","og_locale":"fr_FR","og_type":"article","og_title":"Qui \u00e9tait Sainte Catherine de Sienne - Hotel Minerva Siena","og_description":"Sainte Catherine de Sienne, n\u00e9e en 1347 \u00e0 Sienne et d\u00e9c\u00e9d\u00e9e en 1380 \u00e0 Rome, \u00e9tait la vingt-quatri\u00e8me enfant de","og_url":"https:\/\/www.albergominerva.it\/fr\/qui-etait-sainte-catherine-de-sienne\/","og_site_name":"Hotel Minerva Siena","article_modified_time":"2024-02-26T16:23:25+00:00","og_image":[{"url":"https:\/\/www.albergominerva.it\/wp-content\/uploads\/2024\/02\/santa-caterina-1024x1024.png","type":"","width":"","height":""}],"twitter_card":"summary_large_image","twitter_misc":{"Dur\u00e9e de lecture estim\u00e9e":"3 minutes"},"schema":{"@context":"https:\/\/schema.org","@graph":[{"@type":"WebPage","@id":"https:\/\/www.albergominerva.it\/fr\/qui-etait-sainte-catherine-de-sienne\/","url":"https:\/\/www.albergominerva.it\/fr\/qui-etait-sainte-catherine-de-sienne\/","name":"Qui \u00e9tait Sainte Catherine de Sienne - Hotel Minerva Siena","isPartOf":{"@id":"https:\/\/www.albergominerva.it\/fr\/#website"},"primaryImageOfPage":{"@id":"https:\/\/www.albergominerva.it\/fr\/qui-etait-sainte-catherine-de-sienne\/#primaryimage"},"image":{"@id":"https:\/\/www.albergominerva.it\/fr\/qui-etait-sainte-catherine-de-sienne\/#primaryimage"},"thumbnailUrl":"https:\/\/www.albergominerva.it\/wp-content\/uploads\/2024\/02\/santa-caterina-1024x1024.png","datePublished":"2024-02-26T16:23:24+00:00","dateModified":"2024-02-26T16:23:25+00:00","breadcrumb":{"@id":"https:\/\/www.albergominerva.it\/fr\/qui-etait-sainte-catherine-de-sienne\/#breadcrumb"},"inLanguage":"fr-FR","potentialAction":[{"@type":"ReadAction","target":["https:\/\/www.albergominerva.it\/fr\/qui-etait-sainte-catherine-de-sienne\/"]}]},{"@type":"ImageObject","inLanguage":"fr-FR","@id":"https:\/\/www.albergominerva.it\/fr\/qui-etait-sainte-catherine-de-sienne\/#primaryimage","url":"https:\/\/www.albergominerva.it\/wp-content\/uploads\/2024\/02\/santa-caterina-1024x1024.png","contentUrl":"https:\/\/www.albergominerva.it\/wp-content\/uploads\/2024\/02\/santa-caterina-1024x1024.png"},{"@type":"BreadcrumbList","@id":"https:\/\/www.albergominerva.it\/fr\/qui-etait-sainte-catherine-de-sienne\/#breadcrumb","itemListElement":[{"@type":"ListItem","position":1,"name":"Home","item":"https:\/\/www.albergominerva.it\/fr\/"},{"@type":"ListItem","position":2,"name":"Qui \u00e9tait Sainte Catherine de Sienne"}]},{"@type":"WebSite","@id":"https:\/\/www.albergominerva.it\/fr\/#website","url":"https:\/\/www.albergominerva.it\/fr\/","name":"Hotel Minerva Siena","description":"Hotel in Centro Storico a Siena - Toscana - Italy","potentialAction":[{"@type":"SearchAction","target":{"@type":"EntryPoint","urlTemplate":"https:\/\/www.albergominerva.it\/fr\/?s={search_term_string}"},"query-input":{"@type":"PropertyValueSpecification","valueRequired":true,"valueName":"search_term_string"}}],"inLanguage":"fr-FR"}]}},"_links":{"self":[{"href":"https:\/\/www.albergominerva.it\/fr\/wp-json\/wp\/v2\/pages\/12110","targetHints":{"allow":["GET"]}}],"collection":[{"href":"https:\/\/www.albergominerva.it\/fr\/wp-json\/wp\/v2\/pages"}],"about":[{"href":"https:\/\/www.albergominerva.it\/fr\/wp-json\/wp\/v2\/types\/page"}],"author":[{"embeddable":true,"href":"https:\/\/www.albergominerva.it\/fr\/wp-json\/wp\/v2\/users\/3"}],"replies":[{"embeddable":true,"href":"https:\/\/www.albergominerva.it\/fr\/wp-json\/wp\/v2\/comments?post=12110"}],"version-history":[{"count":1,"href":"https:\/\/www.albergominerva.it\/fr\/wp-json\/wp\/v2\/pages\/12110\/revisions"}],"predecessor-version":[{"id":12118,"href":"https:\/\/www.albergominerva.it\/fr\/wp-json\/wp\/v2\/pages\/12110\/revisions\/12118"}],"wp:attachment":[{"href":"https:\/\/www.albergominerva.it\/fr\/wp-json\/wp\/v2\/media?parent=12110"}],"curies":[{"name":"wp","href":"https:\/\/api.w.org\/{rel}","templated":true}]}}