{"id":12134,"date":"2024-02-26T18:58:03","date_gmt":"2024-02-26T17:58:03","guid":{"rendered":"https:\/\/www.albergominerva.it\/?page_id=12134"},"modified":"2024-02-26T18:58:04","modified_gmt":"2024-02-26T17:58:04","slug":"a-decouvrir-a-chianciano-terme","status":"publish","type":"page","link":"https:\/\/www.albergominerva.it\/fr\/a-decouvrir-a-chianciano-terme\/","title":{"rendered":"\u00c0 D\u00e9couvrir \u00e0 Chianciano Terme"},"content":{"rendered":"\n<p><strong>Chianciano Terme, l&rsquo;une des stations thermales les plus c\u00e9l\u00e8bres d&rsquo;Europe, se situe entre la Val d&rsquo;Orcia et la Valdichiana, offrant un emplacement id\u00e9al pour profiter des plus c\u00e9l\u00e8bres beaut\u00e9s de la Toscane. <\/strong>La ville s\u00e9duit les visiteurs tant par son ancien noyau communal que par sa ville thermale, riche en eaux min\u00e9rales aux vertus curatives.<\/p>\n\n\n\n<figure class=\"wp-block-image size-large\"><img loading=\"lazy\" decoding=\"async\" width=\"1024\" height=\"1024\" src=\"https:\/\/www.albergominerva.it\/wp-content\/uploads\/2024\/02\/chianciano-terme-1024x1024.png\" alt=\"\" class=\"wp-image-12137\" srcset=\"https:\/\/www.albergominerva.it\/wp-content\/uploads\/2024\/02\/chianciano-terme.png 1024w, https:\/\/www.albergominerva.it\/wp-content\/uploads\/2024\/02\/chianciano-terme-300x300.png 300w, https:\/\/www.albergominerva.it\/wp-content\/uploads\/2024\/02\/chianciano-terme-150x150.png 150w, https:\/\/www.albergominerva.it\/wp-content\/uploads\/2024\/02\/chianciano-terme-768x768.png 768w, https:\/\/www.albergominerva.it\/wp-content\/uploads\/2024\/02\/chianciano-terme-1000x1000.png 1000w, https:\/\/www.albergominerva.it\/wp-content\/uploads\/2024\/02\/chianciano-terme-700x700.png 700w\" sizes=\"auto, (max-width: 1024px) 100vw, 1024px\" \/><\/figure>\n\n\n\n<p><strong>Dans l&rsquo;ancienne Chianciano, prot\u00e9g\u00e9e par de solides murs, il est recommand\u00e9 de visiter l&rsquo;imposant Ch\u00e2teau des Comtes Manenti, surnomm\u00e9 le Monast\u00e8re, ainsi que la magnifique Tour de l&rsquo;Horloge. <\/strong>Parmi les attractions du centre historique, le Mus\u00e9e de la Coll\u00e9giale se distingue avec son crucifix du XIVe si\u00e8cle de l&rsquo;\u00e9cole de Duccio di Buoninsegna et une peinture repr\u00e9sentant Saint Jean-Baptiste tenant l&rsquo;ancienne Chianciano, symbolis\u00e9e par ses murs et ses tours. Le Mus\u00e9e Civique Arch\u00e9ologique des Eaux, o\u00f9 l&rsquo;on peut admirer des vestiges arch\u00e9ologiques trouv\u00e9s dans la r\u00e9gion, est \u00e9galement int\u00e9ressant.<\/p>\n\n\n\n<p><strong>Les amateurs de cin\u00e9ma seront ravis de savoir que Federico Fellini, un c\u00e9l\u00e8bre r\u00e9alisateur, \u00e9tait un habitu\u00e9 de Chianciano<\/strong> et a choisi cette localit\u00e9 pour certaines sc\u00e8nes de son chef-d&rsquo;\u0153uvre, \u00ab\u00a08 \u00bd\u00a0\u00bb. En son honneur, le Prix Chianciano\/Fellini est d\u00e9cern\u00e9 chaque ann\u00e9e \u00e0 des personnalit\u00e9s du monde de la culture, de l&rsquo;art et du spectacle.<\/p>\n\n\n\n<p><strong>Une visite \u00e0 Chianciano Terme n&rsquo;est pas compl\u00e8te sans un moment de d\u00e9tente aux Thermes de Chianciano<\/strong>, un lieu id\u00e9al pour des vacances en famille. Les grands Parcs Thermaux de Fucoli et Acqua Santa abritent quatre types d&rsquo;eaux b\u00e9n\u00e9fiques pour le soin du corps et le bien-\u00eatre : Acqua Santa, Acqua Fucoli, Acqua Sillene et Acqua Santissima, toutes riches en bicarbonate, sulfate et calcium. Ces eaux conf\u00e8rent \u00e0 Chianciano le statut de v\u00e9ritable \u00ab\u00a0ville de la sant\u00e9\u00a0\u00bb.<\/p>\n\n\n\n<p><strong>Si vous souhaitez explorer les merveilles de Chianciano Terme, vous pouvez d\u00e9buter votre s\u00e9jour \u00e0 l&rsquo;Albergo Minerva<\/strong>, un h\u00f4tel 3 \u00e9toiles situ\u00e9 dans le centre de Sienne, qui dispose d&rsquo;un parking.<\/p>\n\n\n\n<p><a href=\"https:\/\/www.simplebooking.it\/ibe\/hotelbooking\/search?hid=4349&amp;lang=fr&amp;_ga=2.48105377.702036519.1561553296-2037279104.1547715263\">Pour r\u00e9server une chambre \u00e0 l&rsquo;h\u00f4tel Minerva, rendez-vous ici<\/a>.<\/p>\n","protected":false},"excerpt":{"rendered":"<p>Chianciano Terme, l&rsquo;une des stations thermales les plus c\u00e9l\u00e8bres d&rsquo;Europe, se situe entre la Val d&rsquo;Orcia et la Valdichiana, offrant<\/p>\n","protected":false},"author":3,"featured_media":0,"parent":0,"menu_order":0,"comment_status":"closed","ping_status":"closed","template":"","meta":{"_acf_changed":false,"footnotes":""},"class_list":["post-12134","page","type-page","status-publish","hentry"],"acf":[],"yoast_head":"<!-- This site is optimized with the Yoast SEO plugin v27.4 - https:\/\/yoast.com\/product\/yoast-seo-wordpress\/ -->\n<title>\u00c0 D\u00e9couvrir \u00e0 Chianciano Terme - Hotel Minerva Siena<\/title>\n<meta name=\"robots\" content=\"index, follow, max-snippet:-1, max-image-preview:large, max-video-preview:-1\" \/>\n<link rel=\"canonical\" href=\"https:\/\/www.albergominerva.it\/fr\/a-decouvrir-a-chianciano-terme\/\" \/>\n<meta property=\"og:locale\" content=\"fr_FR\" \/>\n<meta property=\"og:type\" content=\"article\" \/>\n<meta property=\"og:title\" content=\"\u00c0 D\u00e9couvrir \u00e0 Chianciano Terme - Hotel Minerva Siena\" \/>\n<meta property=\"og:description\" content=\"Chianciano Terme, l&rsquo;une des stations thermales les plus c\u00e9l\u00e8bres d&rsquo;Europe, se situe entre la Val d&rsquo;Orcia et la Valdichiana, offrant\" \/>\n<meta property=\"og:url\" content=\"https:\/\/www.albergominerva.it\/fr\/a-decouvrir-a-chianciano-terme\/\" \/>\n<meta property=\"og:site_name\" content=\"Hotel Minerva Siena\" \/>\n<meta property=\"article:modified_time\" content=\"2024-02-26T17:58:04+00:00\" \/>\n<meta property=\"og:image\" content=\"https:\/\/www.albergominerva.it\/wp-content\/uploads\/2024\/02\/chianciano-terme-1024x1024.png\" \/>\n<meta name=\"twitter:card\" content=\"summary_large_image\" \/>\n<meta name=\"twitter:label1\" content=\"Dur\u00e9e de lecture estim\u00e9e\" \/>\n\t<meta name=\"twitter:data1\" content=\"2 minutes\" \/>\n<script type=\"application\/ld+json\" class=\"yoast-schema-graph\">{\"@context\":\"https:\\\/\\\/schema.org\",\"@graph\":[{\"@type\":\"WebPage\",\"@id\":\"https:\\\/\\\/www.albergominerva.it\\\/fr\\\/a-decouvrir-a-chianciano-terme\\\/\",\"url\":\"https:\\\/\\\/www.albergominerva.it\\\/fr\\\/a-decouvrir-a-chianciano-terme\\\/\",\"name\":\"\u00c0 D\u00e9couvrir \u00e0 Chianciano Terme - Hotel Minerva Siena\",\"isPartOf\":{\"@id\":\"https:\\\/\\\/www.albergominerva.it\\\/fr\\\/#website\"},\"primaryImageOfPage\":{\"@id\":\"https:\\\/\\\/www.albergominerva.it\\\/fr\\\/a-decouvrir-a-chianciano-terme\\\/#primaryimage\"},\"image\":{\"@id\":\"https:\\\/\\\/www.albergominerva.it\\\/fr\\\/a-decouvrir-a-chianciano-terme\\\/#primaryimage\"},\"thumbnailUrl\":\"https:\\\/\\\/www.albergominerva.it\\\/wp-content\\\/uploads\\\/2024\\\/02\\\/chianciano-terme-1024x1024.png\",\"datePublished\":\"2024-02-26T17:58:03+00:00\",\"dateModified\":\"2024-02-26T17:58:04+00:00\",\"breadcrumb\":{\"@id\":\"https:\\\/\\\/www.albergominerva.it\\\/fr\\\/a-decouvrir-a-chianciano-terme\\\/#breadcrumb\"},\"inLanguage\":\"fr-FR\",\"potentialAction\":[{\"@type\":\"ReadAction\",\"target\":[\"https:\\\/\\\/www.albergominerva.it\\\/fr\\\/a-decouvrir-a-chianciano-terme\\\/\"]}]},{\"@type\":\"ImageObject\",\"inLanguage\":\"fr-FR\",\"@id\":\"https:\\\/\\\/www.albergominerva.it\\\/fr\\\/a-decouvrir-a-chianciano-terme\\\/#primaryimage\",\"url\":\"https:\\\/\\\/www.albergominerva.it\\\/wp-content\\\/uploads\\\/2024\\\/02\\\/chianciano-terme-1024x1024.png\",\"contentUrl\":\"https:\\\/\\\/www.albergominerva.it\\\/wp-content\\\/uploads\\\/2024\\\/02\\\/chianciano-terme-1024x1024.png\"},{\"@type\":\"BreadcrumbList\",\"@id\":\"https:\\\/\\\/www.albergominerva.it\\\/fr\\\/a-decouvrir-a-chianciano-terme\\\/#breadcrumb\",\"itemListElement\":[{\"@type\":\"ListItem\",\"position\":1,\"name\":\"Home\",\"item\":\"https:\\\/\\\/www.albergominerva.it\\\/fr\\\/\"},{\"@type\":\"ListItem\",\"position\":2,\"name\":\"\u00c0 D\u00e9couvrir \u00e0 Chianciano Terme\"}]},{\"@type\":\"WebSite\",\"@id\":\"https:\\\/\\\/www.albergominerva.it\\\/fr\\\/#website\",\"url\":\"https:\\\/\\\/www.albergominerva.it\\\/fr\\\/\",\"name\":\"Hotel Minerva Siena\",\"description\":\"Hotel in Centro Storico a Siena - Toscana - Italy\",\"potentialAction\":[{\"@type\":\"SearchAction\",\"target\":{\"@type\":\"EntryPoint\",\"urlTemplate\":\"https:\\\/\\\/www.albergominerva.it\\\/fr\\\/?s={search_term_string}\"},\"query-input\":{\"@type\":\"PropertyValueSpecification\",\"valueRequired\":true,\"valueName\":\"search_term_string\"}}],\"inLanguage\":\"fr-FR\"}]}<\/script>\n<!-- \/ Yoast SEO plugin. -->","yoast_head_json":{"title":"\u00c0 D\u00e9couvrir \u00e0 Chianciano Terme - Hotel Minerva Siena","robots":{"index":"index","follow":"follow","max-snippet":"max-snippet:-1","max-image-preview":"max-image-preview:large","max-video-preview":"max-video-preview:-1"},"canonical":"https:\/\/www.albergominerva.it\/fr\/a-decouvrir-a-chianciano-terme\/","og_locale":"fr_FR","og_type":"article","og_title":"\u00c0 D\u00e9couvrir \u00e0 Chianciano Terme - Hotel Minerva Siena","og_description":"Chianciano Terme, l&rsquo;une des stations thermales les plus c\u00e9l\u00e8bres d&rsquo;Europe, se situe entre la Val d&rsquo;Orcia et la Valdichiana, offrant","og_url":"https:\/\/www.albergominerva.it\/fr\/a-decouvrir-a-chianciano-terme\/","og_site_name":"Hotel Minerva Siena","article_modified_time":"2024-02-26T17:58:04+00:00","og_image":[{"url":"https:\/\/www.albergominerva.it\/wp-content\/uploads\/2024\/02\/chianciano-terme-1024x1024.png","type":"","width":"","height":""}],"twitter_card":"summary_large_image","twitter_misc":{"Dur\u00e9e de lecture estim\u00e9e":"2 minutes"},"schema":{"@context":"https:\/\/schema.org","@graph":[{"@type":"WebPage","@id":"https:\/\/www.albergominerva.it\/fr\/a-decouvrir-a-chianciano-terme\/","url":"https:\/\/www.albergominerva.it\/fr\/a-decouvrir-a-chianciano-terme\/","name":"\u00c0 D\u00e9couvrir \u00e0 Chianciano Terme - Hotel Minerva Siena","isPartOf":{"@id":"https:\/\/www.albergominerva.it\/fr\/#website"},"primaryImageOfPage":{"@id":"https:\/\/www.albergominerva.it\/fr\/a-decouvrir-a-chianciano-terme\/#primaryimage"},"image":{"@id":"https:\/\/www.albergominerva.it\/fr\/a-decouvrir-a-chianciano-terme\/#primaryimage"},"thumbnailUrl":"https:\/\/www.albergominerva.it\/wp-content\/uploads\/2024\/02\/chianciano-terme-1024x1024.png","datePublished":"2024-02-26T17:58:03+00:00","dateModified":"2024-02-26T17:58:04+00:00","breadcrumb":{"@id":"https:\/\/www.albergominerva.it\/fr\/a-decouvrir-a-chianciano-terme\/#breadcrumb"},"inLanguage":"fr-FR","potentialAction":[{"@type":"ReadAction","target":["https:\/\/www.albergominerva.it\/fr\/a-decouvrir-a-chianciano-terme\/"]}]},{"@type":"ImageObject","inLanguage":"fr-FR","@id":"https:\/\/www.albergominerva.it\/fr\/a-decouvrir-a-chianciano-terme\/#primaryimage","url":"https:\/\/www.albergominerva.it\/wp-content\/uploads\/2024\/02\/chianciano-terme-1024x1024.png","contentUrl":"https:\/\/www.albergominerva.it\/wp-content\/uploads\/2024\/02\/chianciano-terme-1024x1024.png"},{"@type":"BreadcrumbList","@id":"https:\/\/www.albergominerva.it\/fr\/a-decouvrir-a-chianciano-terme\/#breadcrumb","itemListElement":[{"@type":"ListItem","position":1,"name":"Home","item":"https:\/\/www.albergominerva.it\/fr\/"},{"@type":"ListItem","position":2,"name":"\u00c0 D\u00e9couvrir \u00e0 Chianciano Terme"}]},{"@type":"WebSite","@id":"https:\/\/www.albergominerva.it\/fr\/#website","url":"https:\/\/www.albergominerva.it\/fr\/","name":"Hotel Minerva Siena","description":"Hotel in Centro Storico a Siena - Toscana - Italy","potentialAction":[{"@type":"SearchAction","target":{"@type":"EntryPoint","urlTemplate":"https:\/\/www.albergominerva.it\/fr\/?s={search_term_string}"},"query-input":{"@type":"PropertyValueSpecification","valueRequired":true,"valueName":"search_term_string"}}],"inLanguage":"fr-FR"}]}},"_links":{"self":[{"href":"https:\/\/www.albergominerva.it\/fr\/wp-json\/wp\/v2\/pages\/12134","targetHints":{"allow":["GET"]}}],"collection":[{"href":"https:\/\/www.albergominerva.it\/fr\/wp-json\/wp\/v2\/pages"}],"about":[{"href":"https:\/\/www.albergominerva.it\/fr\/wp-json\/wp\/v2\/types\/page"}],"author":[{"embeddable":true,"href":"https:\/\/www.albergominerva.it\/fr\/wp-json\/wp\/v2\/users\/3"}],"replies":[{"embeddable":true,"href":"https:\/\/www.albergominerva.it\/fr\/wp-json\/wp\/v2\/comments?post=12134"}],"version-history":[{"count":1,"href":"https:\/\/www.albergominerva.it\/fr\/wp-json\/wp\/v2\/pages\/12134\/revisions"}],"predecessor-version":[{"id":12144,"href":"https:\/\/www.albergominerva.it\/fr\/wp-json\/wp\/v2\/pages\/12134\/revisions\/12144"}],"wp:attachment":[{"href":"https:\/\/www.albergominerva.it\/fr\/wp-json\/wp\/v2\/media?parent=12134"}],"curies":[{"name":"wp","href":"https:\/\/api.w.org\/{rel}","templated":true}]}}