{"id":12135,"date":"2024-02-26T18:51:10","date_gmt":"2024-02-26T17:51:10","guid":{"rendered":"https:\/\/www.albergominerva.it\/?page_id=12135"},"modified":"2024-02-26T18:51:12","modified_gmt":"2024-02-26T17:51:12","slug":"pourquoi-visiter-bagno-vignoni","status":"publish","type":"page","link":"https:\/\/www.albergominerva.it\/fr\/pourquoi-visiter-bagno-vignoni\/","title":{"rendered":"Pourquoi Visiter Bagno Vignoni"},"content":{"rendered":"\n<p><strong>Bagno Vignoni, situ\u00e9 au c\u0153ur des collines douces de la Val d&rsquo;Orcia en Toscane, est c\u00e9l\u00e8bre pour sa grande vasque m\u00e9di\u00e9vale au centre de la Piazza delle Sorgenti. <\/strong>Ce village, inscrit au patrimoine mondial de l&rsquo;UNESCO, est un v\u00e9ritable joyau de l&rsquo;architecture Renaissance.<\/p>\n\n\n\n<figure class=\"wp-block-image size-full\"><img loading=\"lazy\" decoding=\"async\" width=\"640\" height=\"426\" src=\"https:\/\/www.albergominerva.it\/wp-content\/uploads\/2022\/06\/Bagno-Vignoni.jpg\" alt=\"\" class=\"wp-image-9653\" srcset=\"https:\/\/www.albergominerva.it\/wp-content\/uploads\/2022\/06\/Bagno-Vignoni.jpg 640w, https:\/\/www.albergominerva.it\/wp-content\/uploads\/2022\/06\/Bagno-Vignoni-300x200.jpg 300w\" sizes=\"auto, (max-width: 640px) 100vw, 640px\" \/><\/figure>\n\n\n\n<p>La vasque, aliment\u00e9e par une source thermale, cr\u00e9e une atmosph\u00e8re f\u00e9erique, entour\u00e9e d&rsquo;\u00e9difices Renaissance et du charmant loggiato de Santa Caterina da Siena. Les eaux thermales de Bagno Vignoni, appr\u00e9ci\u00e9es depuis l&rsquo;\u00e9poque \u00e9trusque et romaine, ont jou\u00e9 un r\u00f4le crucial dans l&rsquo;histoire et la nature du village.<\/p>\n\n\n\n<p><strong>Le prestige de Bagno Vignoni remonte \u00e0 l&rsquo;\u00e9poque m\u00e9di\u00e9vale, sous la gouvernance de l&rsquo;\u00c9tat siennois. Les eaux thermales \u00e9taient d\u00e9j\u00e0 reconnues pour leurs propri\u00e9t\u00e9s curative<\/strong>s et baln\u00e9oth\u00e9rapeutiques depuis 1170. Des personnalit\u00e9s illustres, telles que la sainte patronne d&rsquo;Italie, Caterina Benincasa, et le pape Pio II, ont fr\u00e9quent\u00e9 ces bains pour leurs vertus th\u00e9rapeutiques.<\/p>\n\n\n\n<p><strong>Le Palazzo Piccolomini, construit par l&rsquo;architecte Rossellino sur la place, t\u00e9moigne de l&rsquo;importance historique de Bagno Vignoni.<\/strong> Lorenzo de&rsquo; Medici et Michel de Montaigne, parmi d&rsquo;autres, ont \u00e9galement profit\u00e9 des bienfaits des eaux thermales du village.<\/p>\n\n\n\n<p>Aujourd&rsquo;hui, la grande vasque en travertin, mesurant 49 m\u00e8tres de longueur et 29 m\u00e8tres de largeur, est aliment\u00e9e par plusieurs sources, dont la plus importante jaillit \u00e0 une temp\u00e9rature d&rsquo;environ 52 degr\u00e9s. Les eaux bicarbonat\u00e9es, alcalino-terreuses et hyperthermiques sont toujours utilis\u00e9es pour des traitements de bien-\u00eatre et pour soigner les pathologies arthrorhumatismales par la baln\u00e9oth\u00e9rapie et la fangoth\u00e9rapie.<\/p>\n\n\n\n<p><strong>Bagno Vignoni, avec son cadre enchanteur et ses eaux thermales historiques, offre une exp\u00e9rience unique de d\u00e9tente et de bien-\u00eatre, tout en plongeant les visiteurs dans un pass\u00e9 riche et fascinant.<\/strong><\/p>\n\n\n\n<p>Si vous souhaitez d\u00e9couvrir les beaut\u00e9s de Bagno Vignoni, vous pouvez commencer votre voyage depuis l&rsquo;Albergo Minerva, un h\u00f4tel 3 \u00e9toiles situ\u00e9 dans le centre de Sienne, qui dispose d&rsquo;un parking.<\/p>\n\n\n\n<p><a href=\"https:\/\/www.simplebooking.it\/ibe\/hotelbooking\/search?hid=4349&amp;lang=fr&amp;_ga=2.48105377.702036519.1561553296-2037279104.1547715263\">Pour r\u00e9server une chambre \u00e0 l&rsquo;h\u00f4tel Minerva, rendez-vous ici<\/a>.<\/p>\n","protected":false},"excerpt":{"rendered":"<p>Bagno Vignoni, situ\u00e9 au c\u0153ur des collines douces de la Val d&rsquo;Orcia en Toscane, est c\u00e9l\u00e8bre pour sa grande vasque<\/p>\n","protected":false},"author":3,"featured_media":0,"parent":0,"menu_order":0,"comment_status":"closed","ping_status":"closed","template":"","meta":{"_acf_changed":false,"footnotes":""},"class_list":["post-12135","page","type-page","status-publish","hentry"],"acf":[],"yoast_head":"<!-- This site is optimized with the Yoast SEO plugin v27.4 - https:\/\/yoast.com\/product\/yoast-seo-wordpress\/ -->\n<title>Pourquoi Visiter Bagno Vignoni - Hotel Minerva Siena<\/title>\n<meta name=\"robots\" content=\"index, follow, max-snippet:-1, max-image-preview:large, max-video-preview:-1\" \/>\n<link rel=\"canonical\" href=\"https:\/\/www.albergominerva.it\/fr\/pourquoi-visiter-bagno-vignoni\/\" \/>\n<meta property=\"og:locale\" content=\"fr_FR\" \/>\n<meta property=\"og:type\" content=\"article\" \/>\n<meta property=\"og:title\" content=\"Pourquoi Visiter Bagno Vignoni - Hotel Minerva Siena\" \/>\n<meta property=\"og:description\" content=\"Bagno Vignoni, situ\u00e9 au c\u0153ur des collines douces de la Val d&rsquo;Orcia en Toscane, est c\u00e9l\u00e8bre pour sa grande vasque\" \/>\n<meta property=\"og:url\" content=\"https:\/\/www.albergominerva.it\/fr\/pourquoi-visiter-bagno-vignoni\/\" \/>\n<meta property=\"og:site_name\" content=\"Hotel Minerva Siena\" \/>\n<meta property=\"article:modified_time\" content=\"2024-02-26T17:51:12+00:00\" \/>\n<meta property=\"og:image\" content=\"https:\/\/www.albergominerva.it\/wp-content\/uploads\/2022\/06\/Bagno-Vignoni.jpg\" \/>\n<meta name=\"twitter:card\" content=\"summary_large_image\" \/>\n<meta name=\"twitter:label1\" content=\"Dur\u00e9e de lecture estim\u00e9e\" \/>\n\t<meta name=\"twitter:data1\" content=\"2 minutes\" \/>\n<script type=\"application\/ld+json\" class=\"yoast-schema-graph\">{\"@context\":\"https:\\\/\\\/schema.org\",\"@graph\":[{\"@type\":\"WebPage\",\"@id\":\"https:\\\/\\\/www.albergominerva.it\\\/fr\\\/pourquoi-visiter-bagno-vignoni\\\/\",\"url\":\"https:\\\/\\\/www.albergominerva.it\\\/fr\\\/pourquoi-visiter-bagno-vignoni\\\/\",\"name\":\"Pourquoi Visiter Bagno Vignoni - Hotel Minerva Siena\",\"isPartOf\":{\"@id\":\"https:\\\/\\\/www.albergominerva.it\\\/fr\\\/#website\"},\"primaryImageOfPage\":{\"@id\":\"https:\\\/\\\/www.albergominerva.it\\\/fr\\\/pourquoi-visiter-bagno-vignoni\\\/#primaryimage\"},\"image\":{\"@id\":\"https:\\\/\\\/www.albergominerva.it\\\/fr\\\/pourquoi-visiter-bagno-vignoni\\\/#primaryimage\"},\"thumbnailUrl\":\"https:\\\/\\\/www.albergominerva.it\\\/wp-content\\\/uploads\\\/2022\\\/06\\\/Bagno-Vignoni.jpg\",\"datePublished\":\"2024-02-26T17:51:10+00:00\",\"dateModified\":\"2024-02-26T17:51:12+00:00\",\"breadcrumb\":{\"@id\":\"https:\\\/\\\/www.albergominerva.it\\\/fr\\\/pourquoi-visiter-bagno-vignoni\\\/#breadcrumb\"},\"inLanguage\":\"fr-FR\",\"potentialAction\":[{\"@type\":\"ReadAction\",\"target\":[\"https:\\\/\\\/www.albergominerva.it\\\/fr\\\/pourquoi-visiter-bagno-vignoni\\\/\"]}]},{\"@type\":\"ImageObject\",\"inLanguage\":\"fr-FR\",\"@id\":\"https:\\\/\\\/www.albergominerva.it\\\/fr\\\/pourquoi-visiter-bagno-vignoni\\\/#primaryimage\",\"url\":\"https:\\\/\\\/www.albergominerva.it\\\/wp-content\\\/uploads\\\/2022\\\/06\\\/Bagno-Vignoni.jpg\",\"contentUrl\":\"https:\\\/\\\/www.albergominerva.it\\\/wp-content\\\/uploads\\\/2022\\\/06\\\/Bagno-Vignoni.jpg\"},{\"@type\":\"BreadcrumbList\",\"@id\":\"https:\\\/\\\/www.albergominerva.it\\\/fr\\\/pourquoi-visiter-bagno-vignoni\\\/#breadcrumb\",\"itemListElement\":[{\"@type\":\"ListItem\",\"position\":1,\"name\":\"Home\",\"item\":\"https:\\\/\\\/www.albergominerva.it\\\/fr\\\/\"},{\"@type\":\"ListItem\",\"position\":2,\"name\":\"Pourquoi Visiter Bagno Vignoni\"}]},{\"@type\":\"WebSite\",\"@id\":\"https:\\\/\\\/www.albergominerva.it\\\/fr\\\/#website\",\"url\":\"https:\\\/\\\/www.albergominerva.it\\\/fr\\\/\",\"name\":\"Hotel Minerva Siena\",\"description\":\"Hotel in Centro Storico a Siena - Toscana - Italy\",\"potentialAction\":[{\"@type\":\"SearchAction\",\"target\":{\"@type\":\"EntryPoint\",\"urlTemplate\":\"https:\\\/\\\/www.albergominerva.it\\\/fr\\\/?s={search_term_string}\"},\"query-input\":{\"@type\":\"PropertyValueSpecification\",\"valueRequired\":true,\"valueName\":\"search_term_string\"}}],\"inLanguage\":\"fr-FR\"}]}<\/script>\n<!-- \/ Yoast SEO plugin. -->","yoast_head_json":{"title":"Pourquoi Visiter Bagno Vignoni - Hotel Minerva Siena","robots":{"index":"index","follow":"follow","max-snippet":"max-snippet:-1","max-image-preview":"max-image-preview:large","max-video-preview":"max-video-preview:-1"},"canonical":"https:\/\/www.albergominerva.it\/fr\/pourquoi-visiter-bagno-vignoni\/","og_locale":"fr_FR","og_type":"article","og_title":"Pourquoi Visiter Bagno Vignoni - Hotel Minerva Siena","og_description":"Bagno Vignoni, situ\u00e9 au c\u0153ur des collines douces de la Val d&rsquo;Orcia en Toscane, est c\u00e9l\u00e8bre pour sa grande vasque","og_url":"https:\/\/www.albergominerva.it\/fr\/pourquoi-visiter-bagno-vignoni\/","og_site_name":"Hotel Minerva Siena","article_modified_time":"2024-02-26T17:51:12+00:00","og_image":[{"url":"https:\/\/www.albergominerva.it\/wp-content\/uploads\/2022\/06\/Bagno-Vignoni.jpg","type":"","width":"","height":""}],"twitter_card":"summary_large_image","twitter_misc":{"Dur\u00e9e de lecture estim\u00e9e":"2 minutes"},"schema":{"@context":"https:\/\/schema.org","@graph":[{"@type":"WebPage","@id":"https:\/\/www.albergominerva.it\/fr\/pourquoi-visiter-bagno-vignoni\/","url":"https:\/\/www.albergominerva.it\/fr\/pourquoi-visiter-bagno-vignoni\/","name":"Pourquoi Visiter Bagno Vignoni - Hotel Minerva Siena","isPartOf":{"@id":"https:\/\/www.albergominerva.it\/fr\/#website"},"primaryImageOfPage":{"@id":"https:\/\/www.albergominerva.it\/fr\/pourquoi-visiter-bagno-vignoni\/#primaryimage"},"image":{"@id":"https:\/\/www.albergominerva.it\/fr\/pourquoi-visiter-bagno-vignoni\/#primaryimage"},"thumbnailUrl":"https:\/\/www.albergominerva.it\/wp-content\/uploads\/2022\/06\/Bagno-Vignoni.jpg","datePublished":"2024-02-26T17:51:10+00:00","dateModified":"2024-02-26T17:51:12+00:00","breadcrumb":{"@id":"https:\/\/www.albergominerva.it\/fr\/pourquoi-visiter-bagno-vignoni\/#breadcrumb"},"inLanguage":"fr-FR","potentialAction":[{"@type":"ReadAction","target":["https:\/\/www.albergominerva.it\/fr\/pourquoi-visiter-bagno-vignoni\/"]}]},{"@type":"ImageObject","inLanguage":"fr-FR","@id":"https:\/\/www.albergominerva.it\/fr\/pourquoi-visiter-bagno-vignoni\/#primaryimage","url":"https:\/\/www.albergominerva.it\/wp-content\/uploads\/2022\/06\/Bagno-Vignoni.jpg","contentUrl":"https:\/\/www.albergominerva.it\/wp-content\/uploads\/2022\/06\/Bagno-Vignoni.jpg"},{"@type":"BreadcrumbList","@id":"https:\/\/www.albergominerva.it\/fr\/pourquoi-visiter-bagno-vignoni\/#breadcrumb","itemListElement":[{"@type":"ListItem","position":1,"name":"Home","item":"https:\/\/www.albergominerva.it\/fr\/"},{"@type":"ListItem","position":2,"name":"Pourquoi Visiter Bagno Vignoni"}]},{"@type":"WebSite","@id":"https:\/\/www.albergominerva.it\/fr\/#website","url":"https:\/\/www.albergominerva.it\/fr\/","name":"Hotel Minerva Siena","description":"Hotel in Centro Storico a Siena - Toscana - Italy","potentialAction":[{"@type":"SearchAction","target":{"@type":"EntryPoint","urlTemplate":"https:\/\/www.albergominerva.it\/fr\/?s={search_term_string}"},"query-input":{"@type":"PropertyValueSpecification","valueRequired":true,"valueName":"search_term_string"}}],"inLanguage":"fr-FR"}]}},"_links":{"self":[{"href":"https:\/\/www.albergominerva.it\/fr\/wp-json\/wp\/v2\/pages\/12135","targetHints":{"allow":["GET"]}}],"collection":[{"href":"https:\/\/www.albergominerva.it\/fr\/wp-json\/wp\/v2\/pages"}],"about":[{"href":"https:\/\/www.albergominerva.it\/fr\/wp-json\/wp\/v2\/types\/page"}],"author":[{"embeddable":true,"href":"https:\/\/www.albergominerva.it\/fr\/wp-json\/wp\/v2\/users\/3"}],"replies":[{"embeddable":true,"href":"https:\/\/www.albergominerva.it\/fr\/wp-json\/wp\/v2\/comments?post=12135"}],"version-history":[{"count":1,"href":"https:\/\/www.albergominerva.it\/fr\/wp-json\/wp\/v2\/pages\/12135\/revisions"}],"predecessor-version":[{"id":12136,"href":"https:\/\/www.albergominerva.it\/fr\/wp-json\/wp\/v2\/pages\/12135\/revisions\/12136"}],"wp:attachment":[{"href":"https:\/\/www.albergominerva.it\/fr\/wp-json\/wp\/v2\/media?parent=12135"}],"curies":[{"name":"wp","href":"https:\/\/api.w.org\/{rel}","templated":true}]}}