{"id":12145,"date":"2024-02-26T19:03:02","date_gmt":"2024-02-26T18:03:02","guid":{"rendered":"https:\/\/www.albergominerva.it\/?page_id=12145"},"modified":"2024-02-26T19:03:03","modified_gmt":"2024-02-26T18:03:03","slug":"a-decouvrir-a-rapolano-terme","status":"publish","type":"page","link":"https:\/\/www.albergominerva.it\/fr\/a-decouvrir-a-rapolano-terme\/","title":{"rendered":"\u00c0 D\u00e9couvrir \u00e0 Rapolano Terme"},"content":{"rendered":"\n<p><strong>Rapolano Terme, un charmant petit village toscan situ\u00e9 entre la Val di Chiana et la Vall\u00e9e de l&rsquo;Ombrone, est nich\u00e9 dans le paysage unique des Crete Senesi. <\/strong><\/p>\n\n\n\n<p>La ville est c\u00e9l\u00e8bre pour son centre thermal, reconnu et appr\u00e9ci\u00e9 depuis le XIIIe si\u00e8cle, et ses rues et places en travertin qui captivent les touristes du monde entier.<\/p>\n\n\n\n<figure class=\"wp-block-image size-full\"><img loading=\"lazy\" decoding=\"async\" width=\"700\" height=\"400\" src=\"https:\/\/www.albergominerva.it\/wp-content\/uploads\/2017\/02\/Hotel-Siena-Terme-Rapolano.jpg\" alt=\"\" class=\"wp-image-4902\" srcset=\"https:\/\/www.albergominerva.it\/wp-content\/uploads\/2017\/02\/Hotel-Siena-Terme-Rapolano.jpg 700w, https:\/\/www.albergominerva.it\/wp-content\/uploads\/2017\/02\/Hotel-Siena-Terme-Rapolano-300x171.jpg 300w\" sizes=\"auto, (max-width: 700px) 100vw, 700px\" \/><\/figure>\n\n\n\n<p><strong>\u00c0 seulement 25 kilom\u00e8tres de Sienne, Rapolano Terme est une destination id\u00e9ale pour des excursions tout au long de l&rsquo;ann\u00e9e<\/strong>, en particulier pendant l&rsquo;\u00e9t\u00e9. En septembre, la ville accueille des foires, des expositions et des march\u00e9s typiques.<\/p>\n\n\n\n<p>Les sources thermales de Rapolano Terme, fr\u00e9quent\u00e9es d\u00e8s l&rsquo;\u00e9poque romaine, ont \u00e9t\u00e9 choisies par Giuseppe Garibaldi en 1867 pour soigner ses blessures. Les \u00e9tablissements de San Giovanni et de l&rsquo;Antica Querciolaia, situ\u00e9s \u00e0 quelques kilom\u00e8tres du centre, offrent des eaux \u00e0 39 degr\u00e9s utilis\u00e9es pour traiter les maladies respiratoires et cutan\u00e9es.<\/p>\n\n\n\n<p><strong>Parmi les sites \u00e0 visiter, les restes des murs m\u00e9di\u00e9vaux pr\u00e8s de la Porta dei Tintori offrent un aper\u00e7u de l&rsquo;\u00e9poque o\u00f9 Sienne gouvernait la r\u00e9gion.<\/strong> Au c\u0153ur du village, on trouve des maisons-tours et une petite \u00e9glise romane.<\/p>\n\n\n\n<p><strong>La chiesa trecentesca di San Bartolomeo, situ\u00e9e dans la partie la plus ancienne de la ville, est unique en son genre avec sa fa\u00e7ade cach\u00e9e entre deux b\u00e2timents. <\/strong>\u00c0 l&rsquo;int\u00e9rieur, on peut admirer des fresques du XIVe si\u00e8cle et une peinture de Vincenzo Rustici.<\/p>\n\n\n\n<p>Le Parco dell&rsquo;Acqua, pr\u00e8s des Terme dell&rsquo;Antica Querciolaia, est un chef-d&rsquo;\u0153uvre en plein air avec des sculptures en travertin r\u00e9alis\u00e9es par des artistes italiens et internationaux. La porta dell&rsquo;acqua, cr\u00e9\u00e9e par Pietro Cascella, sert d&rsquo;entr\u00e9e monumentale au parc.<\/p>\n\n\n\n<p><strong>Le Museo dell&rsquo;Antica Grancia e dell&rsquo;Olio raconte l&rsquo;histoire des granges, d&rsquo;anciennes fermes fortifi\u00e9es, et propose une d\u00e9gustation d&rsquo;huile d&rsquo;olive.<\/strong><\/p>\n\n\n\n<p>\u00c0 proximit\u00e9 de Rapolano Terme, Sienne, avec son Palio et son atmosph\u00e8re m\u00e9di\u00e9vale unique, est une \u00e9tape incontournable pour ceux qui souhaitent d\u00e9couvrir la splendeur des collines du Chianti.<\/p>\n\n\n\n<p>Si vous souhaitez explorer les beaut\u00e9s de Rapolano Terme, vous pouvez commencer votre aventure \u00e0 l&rsquo;Albergo Minerva, un h\u00f4tel 3 \u00e9toiles situ\u00e9 dans le centre de Sienne, qui dispose d&rsquo;un parking.<\/p>\n\n\n\n<p><a href=\"https:\/\/www.simplebooking.it\/ibe\/hotelbooking\/search?hid=4349&amp;lang=fr&amp;_ga=2.48105377.702036519.1561553296-2037279104.1547715263\">Pour r\u00e9server une chambre \u00e0 l&rsquo;h\u00f4tel Minerva, rendez-vous ici<\/a>.<\/p>\n","protected":false},"excerpt":{"rendered":"<p>Rapolano Terme, un charmant petit village toscan situ\u00e9 entre la Val di Chiana et la Vall\u00e9e de l&rsquo;Ombrone, est nich\u00e9<\/p>\n","protected":false},"author":3,"featured_media":0,"parent":0,"menu_order":0,"comment_status":"closed","ping_status":"closed","template":"","meta":{"_acf_changed":false,"footnotes":""},"class_list":["post-12145","page","type-page","status-publish","hentry"],"acf":[],"yoast_head":"<!-- This site is optimized with the Yoast SEO plugin v27.4 - https:\/\/yoast.com\/product\/yoast-seo-wordpress\/ -->\n<title>\u00c0 D\u00e9couvrir \u00e0 Rapolano Terme - Hotel Minerva Siena<\/title>\n<meta name=\"robots\" content=\"index, follow, max-snippet:-1, max-image-preview:large, max-video-preview:-1\" \/>\n<link rel=\"canonical\" href=\"https:\/\/www.albergominerva.it\/fr\/a-decouvrir-a-rapolano-terme\/\" \/>\n<meta property=\"og:locale\" content=\"fr_FR\" \/>\n<meta property=\"og:type\" content=\"article\" \/>\n<meta property=\"og:title\" content=\"\u00c0 D\u00e9couvrir \u00e0 Rapolano Terme - Hotel Minerva Siena\" \/>\n<meta property=\"og:description\" content=\"Rapolano Terme, un charmant petit village toscan situ\u00e9 entre la Val di Chiana et la Vall\u00e9e de l&rsquo;Ombrone, est nich\u00e9\" \/>\n<meta property=\"og:url\" content=\"https:\/\/www.albergominerva.it\/fr\/a-decouvrir-a-rapolano-terme\/\" \/>\n<meta property=\"og:site_name\" content=\"Hotel Minerva Siena\" \/>\n<meta property=\"article:modified_time\" content=\"2024-02-26T18:03:03+00:00\" \/>\n<meta property=\"og:image\" content=\"https:\/\/www.albergominerva.it\/wp-content\/uploads\/2017\/02\/Hotel-Siena-Terme-Rapolano.jpg\" \/>\n<meta name=\"twitter:card\" content=\"summary_large_image\" \/>\n<meta name=\"twitter:label1\" content=\"Dur\u00e9e de lecture estim\u00e9e\" \/>\n\t<meta name=\"twitter:data1\" content=\"3 minutes\" \/>\n<script type=\"application\/ld+json\" class=\"yoast-schema-graph\">{\"@context\":\"https:\\\/\\\/schema.org\",\"@graph\":[{\"@type\":\"WebPage\",\"@id\":\"https:\\\/\\\/www.albergominerva.it\\\/fr\\\/a-decouvrir-a-rapolano-terme\\\/\",\"url\":\"https:\\\/\\\/www.albergominerva.it\\\/fr\\\/a-decouvrir-a-rapolano-terme\\\/\",\"name\":\"\u00c0 D\u00e9couvrir \u00e0 Rapolano Terme - Hotel Minerva Siena\",\"isPartOf\":{\"@id\":\"https:\\\/\\\/www.albergominerva.it\\\/fr\\\/#website\"},\"primaryImageOfPage\":{\"@id\":\"https:\\\/\\\/www.albergominerva.it\\\/fr\\\/a-decouvrir-a-rapolano-terme\\\/#primaryimage\"},\"image\":{\"@id\":\"https:\\\/\\\/www.albergominerva.it\\\/fr\\\/a-decouvrir-a-rapolano-terme\\\/#primaryimage\"},\"thumbnailUrl\":\"https:\\\/\\\/www.albergominerva.it\\\/wp-content\\\/uploads\\\/2017\\\/02\\\/Hotel-Siena-Terme-Rapolano.jpg\",\"datePublished\":\"2024-02-26T18:03:02+00:00\",\"dateModified\":\"2024-02-26T18:03:03+00:00\",\"breadcrumb\":{\"@id\":\"https:\\\/\\\/www.albergominerva.it\\\/fr\\\/a-decouvrir-a-rapolano-terme\\\/#breadcrumb\"},\"inLanguage\":\"fr-FR\",\"potentialAction\":[{\"@type\":\"ReadAction\",\"target\":[\"https:\\\/\\\/www.albergominerva.it\\\/fr\\\/a-decouvrir-a-rapolano-terme\\\/\"]}]},{\"@type\":\"ImageObject\",\"inLanguage\":\"fr-FR\",\"@id\":\"https:\\\/\\\/www.albergominerva.it\\\/fr\\\/a-decouvrir-a-rapolano-terme\\\/#primaryimage\",\"url\":\"https:\\\/\\\/www.albergominerva.it\\\/wp-content\\\/uploads\\\/2017\\\/02\\\/Hotel-Siena-Terme-Rapolano.jpg\",\"contentUrl\":\"https:\\\/\\\/www.albergominerva.it\\\/wp-content\\\/uploads\\\/2017\\\/02\\\/Hotel-Siena-Terme-Rapolano.jpg\"},{\"@type\":\"BreadcrumbList\",\"@id\":\"https:\\\/\\\/www.albergominerva.it\\\/fr\\\/a-decouvrir-a-rapolano-terme\\\/#breadcrumb\",\"itemListElement\":[{\"@type\":\"ListItem\",\"position\":1,\"name\":\"Home\",\"item\":\"https:\\\/\\\/www.albergominerva.it\\\/fr\\\/\"},{\"@type\":\"ListItem\",\"position\":2,\"name\":\"\u00c0 D\u00e9couvrir \u00e0 Rapolano Terme\"}]},{\"@type\":\"WebSite\",\"@id\":\"https:\\\/\\\/www.albergominerva.it\\\/fr\\\/#website\",\"url\":\"https:\\\/\\\/www.albergominerva.it\\\/fr\\\/\",\"name\":\"Hotel Minerva Siena\",\"description\":\"Hotel in Centro Storico a Siena - Toscana - Italy\",\"potentialAction\":[{\"@type\":\"SearchAction\",\"target\":{\"@type\":\"EntryPoint\",\"urlTemplate\":\"https:\\\/\\\/www.albergominerva.it\\\/fr\\\/?s={search_term_string}\"},\"query-input\":{\"@type\":\"PropertyValueSpecification\",\"valueRequired\":true,\"valueName\":\"search_term_string\"}}],\"inLanguage\":\"fr-FR\"}]}<\/script>\n<!-- \/ Yoast SEO plugin. -->","yoast_head_json":{"title":"\u00c0 D\u00e9couvrir \u00e0 Rapolano Terme - Hotel Minerva Siena","robots":{"index":"index","follow":"follow","max-snippet":"max-snippet:-1","max-image-preview":"max-image-preview:large","max-video-preview":"max-video-preview:-1"},"canonical":"https:\/\/www.albergominerva.it\/fr\/a-decouvrir-a-rapolano-terme\/","og_locale":"fr_FR","og_type":"article","og_title":"\u00c0 D\u00e9couvrir \u00e0 Rapolano Terme - Hotel Minerva Siena","og_description":"Rapolano Terme, un charmant petit village toscan situ\u00e9 entre la Val di Chiana et la Vall\u00e9e de l&rsquo;Ombrone, est nich\u00e9","og_url":"https:\/\/www.albergominerva.it\/fr\/a-decouvrir-a-rapolano-terme\/","og_site_name":"Hotel Minerva Siena","article_modified_time":"2024-02-26T18:03:03+00:00","og_image":[{"url":"https:\/\/www.albergominerva.it\/wp-content\/uploads\/2017\/02\/Hotel-Siena-Terme-Rapolano.jpg","type":"","width":"","height":""}],"twitter_card":"summary_large_image","twitter_misc":{"Dur\u00e9e de lecture estim\u00e9e":"3 minutes"},"schema":{"@context":"https:\/\/schema.org","@graph":[{"@type":"WebPage","@id":"https:\/\/www.albergominerva.it\/fr\/a-decouvrir-a-rapolano-terme\/","url":"https:\/\/www.albergominerva.it\/fr\/a-decouvrir-a-rapolano-terme\/","name":"\u00c0 D\u00e9couvrir \u00e0 Rapolano Terme - Hotel Minerva Siena","isPartOf":{"@id":"https:\/\/www.albergominerva.it\/fr\/#website"},"primaryImageOfPage":{"@id":"https:\/\/www.albergominerva.it\/fr\/a-decouvrir-a-rapolano-terme\/#primaryimage"},"image":{"@id":"https:\/\/www.albergominerva.it\/fr\/a-decouvrir-a-rapolano-terme\/#primaryimage"},"thumbnailUrl":"https:\/\/www.albergominerva.it\/wp-content\/uploads\/2017\/02\/Hotel-Siena-Terme-Rapolano.jpg","datePublished":"2024-02-26T18:03:02+00:00","dateModified":"2024-02-26T18:03:03+00:00","breadcrumb":{"@id":"https:\/\/www.albergominerva.it\/fr\/a-decouvrir-a-rapolano-terme\/#breadcrumb"},"inLanguage":"fr-FR","potentialAction":[{"@type":"ReadAction","target":["https:\/\/www.albergominerva.it\/fr\/a-decouvrir-a-rapolano-terme\/"]}]},{"@type":"ImageObject","inLanguage":"fr-FR","@id":"https:\/\/www.albergominerva.it\/fr\/a-decouvrir-a-rapolano-terme\/#primaryimage","url":"https:\/\/www.albergominerva.it\/wp-content\/uploads\/2017\/02\/Hotel-Siena-Terme-Rapolano.jpg","contentUrl":"https:\/\/www.albergominerva.it\/wp-content\/uploads\/2017\/02\/Hotel-Siena-Terme-Rapolano.jpg"},{"@type":"BreadcrumbList","@id":"https:\/\/www.albergominerva.it\/fr\/a-decouvrir-a-rapolano-terme\/#breadcrumb","itemListElement":[{"@type":"ListItem","position":1,"name":"Home","item":"https:\/\/www.albergominerva.it\/fr\/"},{"@type":"ListItem","position":2,"name":"\u00c0 D\u00e9couvrir \u00e0 Rapolano Terme"}]},{"@type":"WebSite","@id":"https:\/\/www.albergominerva.it\/fr\/#website","url":"https:\/\/www.albergominerva.it\/fr\/","name":"Hotel Minerva Siena","description":"Hotel in Centro Storico a Siena - Toscana - Italy","potentialAction":[{"@type":"SearchAction","target":{"@type":"EntryPoint","urlTemplate":"https:\/\/www.albergominerva.it\/fr\/?s={search_term_string}"},"query-input":{"@type":"PropertyValueSpecification","valueRequired":true,"valueName":"search_term_string"}}],"inLanguage":"fr-FR"}]}},"_links":{"self":[{"href":"https:\/\/www.albergominerva.it\/fr\/wp-json\/wp\/v2\/pages\/12145","targetHints":{"allow":["GET"]}}],"collection":[{"href":"https:\/\/www.albergominerva.it\/fr\/wp-json\/wp\/v2\/pages"}],"about":[{"href":"https:\/\/www.albergominerva.it\/fr\/wp-json\/wp\/v2\/types\/page"}],"author":[{"embeddable":true,"href":"https:\/\/www.albergominerva.it\/fr\/wp-json\/wp\/v2\/users\/3"}],"replies":[{"embeddable":true,"href":"https:\/\/www.albergominerva.it\/fr\/wp-json\/wp\/v2\/comments?post=12145"}],"version-history":[{"count":1,"href":"https:\/\/www.albergominerva.it\/fr\/wp-json\/wp\/v2\/pages\/12145\/revisions"}],"predecessor-version":[{"id":12146,"href":"https:\/\/www.albergominerva.it\/fr\/wp-json\/wp\/v2\/pages\/12145\/revisions\/12146"}],"wp:attachment":[{"href":"https:\/\/www.albergominerva.it\/fr\/wp-json\/wp\/v2\/media?parent=12145"}],"curies":[{"name":"wp","href":"https:\/\/api.w.org\/{rel}","templated":true}]}}